{"id":9818,"date":"2024-01-25T15:14:00","date_gmt":"2024-01-25T18:14:00","guid":{"rendered":"https:\/\/ponteseditores.com.br\/loja3\/?post_type=product&#038;p=9818"},"modified":"2024-01-25T15:14:01","modified_gmt":"2024-01-25T18:14:01","slug":"resistencia-e-emancipacao-em-americanah-de-chimamanda-ngozi-adichie-uma-escrita-negra-feminista-e-decolonial","status":"publish","type":"product","link":"https:\/\/ponteseditores.com.br\/loja3\/pontes-editores-home-2__trashed\/lancamento\/resistencia-e-emancipacao-em-americanah-de-chimamanda-ngozi-adichie-uma-escrita-negra-feminista-e-decolonial\/","title":{"rendered":"Resist\u00eancia e emancipa\u00e7\u00e3o em Americanah, de Chimamanda Ngozi Adichie: uma escrita negra, feminista e decolonial"},"content":{"rendered":"<p>Nesta obra primorosamente constru\u00edda, mergulhamos nas complexidades do romance <em>Americanah<\/em> (2014) de Chimamanda Ngozi Adichie. Com maestria, Dayse Muniz nos guia por uma an\u00e1lise \u00e0 luz das teorias p\u00f3s-coloniais, afrodiasp\u00f3ricas e feministas, proporcionando uma leitura n\u00e3o apenas profunda, mas, igualmente, instigante. Em seu percurso, a autora destaca a relev\u00e2ncia das representa\u00e7\u00f5es negras, femininas e diasp\u00f3ricas presentes na obra de Adichie, desvendando, assim, a complexa sintaxe de resist\u00eancia que permeia a po\u00e9tica da autora nigeriana. Muniz n\u00e3o apenas incursiona nas tem\u00e1ticas de ra\u00e7a, g\u00eanero, identidade e tr\u00e2nsitos, mas explora as interse\u00e7\u00f5es cruciais entre elas.<\/p>\n<p>A partir de suas pesquisas, a autora nos conduz por um territ\u00f3rio liter\u00e1rio distante dos eixos da colonialidade, habilmente entrela\u00e7ando o pensamento p\u00f3s-colonial \u00e0 tradi\u00e7\u00e3o liter\u00e1ria, para, ent\u00e3o, imergir nas propostas feministas plurais, alinhadas \u00e0 perspectiva narrativa negra e decolonial, desnudando, com perspic\u00e1cia singular, as camadas profundas de significado entranhadas nas p\u00e1ginas de <em>Americanah<\/em>. Assim, o percurso de Muniz nos transporta para os espa\u00e7os de enuncia\u00e7\u00e3o constru\u00eddos no romance, nos quais se destacam as evid\u00eancias de resist\u00eancia p\u00f3s-colonial e emancipa\u00e7\u00e3o feminista. Este livro \u00e9 um convite \u00e0 contempla\u00e7\u00e3o profunda e reflexiva, oferecendo uma perspectiva deslocada da l\u00f3gica colonial e ocidentoc\u00eantrica.<\/p>\n<p>A voz cr\u00edtica e esclarecedota de Dayse Muniz eleva esta obra a um patamar indispens\u00e1vel para estudiosos, amantes da literatura e todos aqueles que buscam uma compreens\u00e3o mais profunda das quest\u00f5es que permeiam a obra de Adichie e, por extens\u00e3o, a sociedade contempor\u00e2nea.<\/p>\n<p>&nbsp;<\/p>\n<p>Profa. Me. Tatianne Gomes de Sousa<\/p>\n","protected":false},"excerpt":{"rendered":"<p>Nesta obra primorosamente constru\u00edda, mergulhamos nas complexidades do romance Americanah (2014) de Chimamanda Ngozi Adichie. Com maestria, Dayse Muniz nos guia por uma an\u00e1lise \u00e0 luz das teorias p\u00f3s-coloniais, afrodiasp\u00f3ricas e feministas, proporcionando uma leitura n\u00e3o apenas profunda, mas, igualmente, instigante. Em seu percurso, a autora destaca a relev\u00e2ncia das representa\u00e7\u00f5es negras, femininas e diasp\u00f3ricas [&hellip;]<\/p>\n","protected":false},"featured_media":9819,"comment_status":"open","ping_status":"closed","template":"","meta":{"_joinchat":[]},"product_brand":[],"product_cat":[167,287],"product_tag":[],"class_list":{"0":"post-9818","1":"product","2":"type-product","3":"status-publish","4":"has-post-thumbnail","6":"product_cat-lancamento","7":"product_cat-literatura","9":"first","10":"instock","11":"shipping-taxable","12":"purchasable","13":"product-type-simple"},"yoast_head":"<!-- This site is optimized with the Yoast SEO plugin v27.4 - https:\/\/yoast.com\/product\/yoast-seo-wordpress\/ -->\n<title>Resist\u00eancia e emancipa\u00e7\u00e3o em Americanah, de Chimamanda Ngozi Adichie: uma escrita negra, feminista e decolonial - Pontes Editores<\/title>\n<meta name=\"robots\" content=\"index, follow, max-snippet:-1, max-image-preview:large, max-video-preview:-1\" \/>\n<link rel=\"canonical\" href=\"https:\/\/ponteseditores.com.br\/loja3\/pontes-editores-home-2__trashed\/lancamento\/resistencia-e-emancipacao-em-americanah-de-chimamanda-ngozi-adichie-uma-escrita-negra-feminista-e-decolonial\/\" \/>\n<meta property=\"og:locale\" content=\"pt_BR\" \/>\n<meta property=\"og:type\" content=\"article\" \/>\n<meta property=\"og:title\" content=\"Resist\u00eancia e emancipa\u00e7\u00e3o em Americanah, de Chimamanda Ngozi Adichie: uma escrita negra, feminista e decolonial - Pontes Editores\" \/>\n<meta property=\"og:description\" content=\"Nesta obra primorosamente constru\u00edda, mergulhamos nas complexidades do romance Americanah (2014) de Chimamanda Ngozi Adichie. Com maestria, Dayse Muniz nos guia por uma an\u00e1lise \u00e0 luz das teorias p\u00f3s-coloniais, afrodiasp\u00f3ricas e feministas, proporcionando uma leitura n\u00e3o apenas profunda, mas, igualmente, instigante. Em seu percurso, a autora destaca a relev\u00e2ncia das representa\u00e7\u00f5es negras, femininas e diasp\u00f3ricas [&hellip;]\" \/>\n<meta property=\"og:url\" content=\"https:\/\/ponteseditores.com.br\/loja3\/pontes-editores-home-2__trashed\/lancamento\/resistencia-e-emancipacao-em-americanah-de-chimamanda-ngozi-adichie-uma-escrita-negra-feminista-e-decolonial\/\" \/>\n<meta property=\"og:site_name\" content=\"Pontes Editores\" \/>\n<meta property=\"article:modified_time\" content=\"2024-01-25T18:14:01+00:00\" \/>\n<meta property=\"og:image\" content=\"https:\/\/ponteseditores.com.br\/loja3\/wp-content\/uploads\/2024\/01\/Capa_Resistencia_Emancipacao.jpg\" \/>\n\t<meta property=\"og:image:width\" content=\"1728\" \/>\n\t<meta property=\"og:image:height\" content=\"2443\" \/>\n\t<meta property=\"og:image:type\" content=\"image\/jpeg\" \/>\n<meta name=\"twitter:card\" content=\"summary_large_image\" \/>\n<meta name=\"twitter:label1\" content=\"Est. tempo de leitura\" \/>\n\t<meta name=\"twitter:data1\" content=\"2 minutos\" \/>\n<script type=\"application\/ld+json\" class=\"yoast-schema-graph\">{\"@context\":\"https:\\\/\\\/schema.org\",\"@graph\":[{\"@type\":\"WebPage\",\"@id\":\"https:\\\/\\\/ponteseditores.com.br\\\/loja3\\\/pontes-editores-home-2__trashed\\\/lancamento\\\/resistencia-e-emancipacao-em-americanah-de-chimamanda-ngozi-adichie-uma-escrita-negra-feminista-e-decolonial\\\/\",\"url\":\"https:\\\/\\\/ponteseditores.com.br\\\/loja3\\\/pontes-editores-home-2__trashed\\\/lancamento\\\/resistencia-e-emancipacao-em-americanah-de-chimamanda-ngozi-adichie-uma-escrita-negra-feminista-e-decolonial\\\/\",\"name\":\"Resist\u00eancia e emancipa\u00e7\u00e3o em Americanah, de Chimamanda Ngozi Adichie: uma escrita negra, feminista e decolonial - Pontes Editores\",\"isPartOf\":{\"@id\":\"https:\\\/\\\/ponteseditores.com.br\\\/loja3\\\/#website\"},\"primaryImageOfPage\":{\"@id\":\"https:\\\/\\\/ponteseditores.com.br\\\/loja3\\\/pontes-editores-home-2__trashed\\\/lancamento\\\/resistencia-e-emancipacao-em-americanah-de-chimamanda-ngozi-adichie-uma-escrita-negra-feminista-e-decolonial\\\/#primaryimage\"},\"image\":{\"@id\":\"https:\\\/\\\/ponteseditores.com.br\\\/loja3\\\/pontes-editores-home-2__trashed\\\/lancamento\\\/resistencia-e-emancipacao-em-americanah-de-chimamanda-ngozi-adichie-uma-escrita-negra-feminista-e-decolonial\\\/#primaryimage\"},\"thumbnailUrl\":\"https:\\\/\\\/ponteseditores.com.br\\\/loja3\\\/wp-content\\\/uploads\\\/2024\\\/01\\\/Capa_Resistencia_Emancipacao.jpg\",\"datePublished\":\"2024-01-25T18:14:00+00:00\",\"dateModified\":\"2024-01-25T18:14:01+00:00\",\"breadcrumb\":{\"@id\":\"https:\\\/\\\/ponteseditores.com.br\\\/loja3\\\/pontes-editores-home-2__trashed\\\/lancamento\\\/resistencia-e-emancipacao-em-americanah-de-chimamanda-ngozi-adichie-uma-escrita-negra-feminista-e-decolonial\\\/#breadcrumb\"},\"inLanguage\":\"pt-BR\",\"potentialAction\":[{\"@type\":\"ReadAction\",\"target\":[\"https:\\\/\\\/ponteseditores.com.br\\\/loja3\\\/pontes-editores-home-2__trashed\\\/lancamento\\\/resistencia-e-emancipacao-em-americanah-de-chimamanda-ngozi-adichie-uma-escrita-negra-feminista-e-decolonial\\\/\"]}]},{\"@type\":\"ImageObject\",\"inLanguage\":\"pt-BR\",\"@id\":\"https:\\\/\\\/ponteseditores.com.br\\\/loja3\\\/pontes-editores-home-2__trashed\\\/lancamento\\\/resistencia-e-emancipacao-em-americanah-de-chimamanda-ngozi-adichie-uma-escrita-negra-feminista-e-decolonial\\\/#primaryimage\",\"url\":\"https:\\\/\\\/ponteseditores.com.br\\\/loja3\\\/wp-content\\\/uploads\\\/2024\\\/01\\\/Capa_Resistencia_Emancipacao.jpg\",\"contentUrl\":\"https:\\\/\\\/ponteseditores.com.br\\\/loja3\\\/wp-content\\\/uploads\\\/2024\\\/01\\\/Capa_Resistencia_Emancipacao.jpg\",\"width\":1728,\"height\":2443},{\"@type\":\"BreadcrumbList\",\"@id\":\"https:\\\/\\\/ponteseditores.com.br\\\/loja3\\\/pontes-editores-home-2__trashed\\\/lancamento\\\/resistencia-e-emancipacao-em-americanah-de-chimamanda-ngozi-adichie-uma-escrita-negra-feminista-e-decolonial\\\/#breadcrumb\",\"itemListElement\":[{\"@type\":\"ListItem\",\"position\":1,\"name\":\"Home\",\"item\":\"https:\\\/\\\/ponteseditores.com.br\\\/loja3\\\/\"},{\"@type\":\"ListItem\",\"position\":2,\"name\":\"loja\",\"item\":\"https:\\\/\\\/ponteseditores.com.br\\\/loja3\\\/loja\\\/\"},{\"@type\":\"ListItem\",\"position\":3,\"name\":\"Resist\u00eancia e emancipa\u00e7\u00e3o em Americanah, de Chimamanda Ngozi Adichie: uma escrita negra, feminista e decolonial\"}]},{\"@type\":\"WebSite\",\"@id\":\"https:\\\/\\\/ponteseditores.com.br\\\/loja3\\\/#website\",\"url\":\"https:\\\/\\\/ponteseditores.com.br\\\/loja3\\\/\",\"name\":\"Pontes Editores\",\"description\":\"Pontes Editores\",\"publisher\":{\"@id\":\"https:\\\/\\\/ponteseditores.com.br\\\/loja3\\\/#organization\"},\"potentialAction\":[{\"@type\":\"SearchAction\",\"target\":{\"@type\":\"EntryPoint\",\"urlTemplate\":\"https:\\\/\\\/ponteseditores.com.br\\\/loja3\\\/?s={search_term_string}\"},\"query-input\":{\"@type\":\"PropertyValueSpecification\",\"valueRequired\":true,\"valueName\":\"search_term_string\"}}],\"inLanguage\":\"pt-BR\"},{\"@type\":\"Organization\",\"@id\":\"https:\\\/\\\/ponteseditores.com.br\\\/loja3\\\/#organization\",\"name\":\"Pontes Editores\",\"url\":\"https:\\\/\\\/ponteseditores.com.br\\\/loja3\\\/\",\"logo\":{\"@type\":\"ImageObject\",\"inLanguage\":\"pt-BR\",\"@id\":\"https:\\\/\\\/ponteseditores.com.br\\\/loja3\\\/#\\\/schema\\\/logo\\\/image\\\/\",\"url\":\"https:\\\/\\\/ponteseditores.com.br\\\/loja3\\\/wp-content\\\/uploads\\\/2023\\\/12\\\/logo-pontes-editores-v2.png\",\"contentUrl\":\"https:\\\/\\\/ponteseditores.com.br\\\/loja3\\\/wp-content\\\/uploads\\\/2023\\\/12\\\/logo-pontes-editores-v2.png\",\"width\":258,\"height\":100,\"caption\":\"Pontes Editores\"},\"image\":{\"@id\":\"https:\\\/\\\/ponteseditores.com.br\\\/loja3\\\/#\\\/schema\\\/logo\\\/image\\\/\"}}]}<\/script>\n<!-- \/ Yoast SEO plugin. -->","yoast_head_json":{"title":"Resist\u00eancia e emancipa\u00e7\u00e3o em Americanah, de Chimamanda Ngozi Adichie: uma escrita negra, feminista e decolonial - Pontes Editores","robots":{"index":"index","follow":"follow","max-snippet":"max-snippet:-1","max-image-preview":"max-image-preview:large","max-video-preview":"max-video-preview:-1"},"canonical":"https:\/\/ponteseditores.com.br\/loja3\/pontes-editores-home-2__trashed\/lancamento\/resistencia-e-emancipacao-em-americanah-de-chimamanda-ngozi-adichie-uma-escrita-negra-feminista-e-decolonial\/","og_locale":"pt_BR","og_type":"article","og_title":"Resist\u00eancia e emancipa\u00e7\u00e3o em Americanah, de Chimamanda Ngozi Adichie: uma escrita negra, feminista e decolonial - Pontes Editores","og_description":"Nesta obra primorosamente constru\u00edda, mergulhamos nas complexidades do romance Americanah (2014) de Chimamanda Ngozi Adichie. Com maestria, Dayse Muniz nos guia por uma an\u00e1lise \u00e0 luz das teorias p\u00f3s-coloniais, afrodiasp\u00f3ricas e feministas, proporcionando uma leitura n\u00e3o apenas profunda, mas, igualmente, instigante. Em seu percurso, a autora destaca a relev\u00e2ncia das representa\u00e7\u00f5es negras, femininas e diasp\u00f3ricas [&hellip;]","og_url":"https:\/\/ponteseditores.com.br\/loja3\/pontes-editores-home-2__trashed\/lancamento\/resistencia-e-emancipacao-em-americanah-de-chimamanda-ngozi-adichie-uma-escrita-negra-feminista-e-decolonial\/","og_site_name":"Pontes Editores","article_modified_time":"2024-01-25T18:14:01+00:00","og_image":[{"width":1728,"height":2443,"url":"https:\/\/ponteseditores.com.br\/loja3\/wp-content\/uploads\/2024\/01\/Capa_Resistencia_Emancipacao.jpg","type":"image\/jpeg"}],"twitter_card":"summary_large_image","twitter_misc":{"Est. tempo de leitura":"2 minutos"},"schema":{"@context":"https:\/\/schema.org","@graph":[{"@type":"WebPage","@id":"https:\/\/ponteseditores.com.br\/loja3\/pontes-editores-home-2__trashed\/lancamento\/resistencia-e-emancipacao-em-americanah-de-chimamanda-ngozi-adichie-uma-escrita-negra-feminista-e-decolonial\/","url":"https:\/\/ponteseditores.com.br\/loja3\/pontes-editores-home-2__trashed\/lancamento\/resistencia-e-emancipacao-em-americanah-de-chimamanda-ngozi-adichie-uma-escrita-negra-feminista-e-decolonial\/","name":"Resist\u00eancia e emancipa\u00e7\u00e3o em Americanah, de Chimamanda Ngozi Adichie: uma escrita negra, feminista e decolonial - Pontes Editores","isPartOf":{"@id":"https:\/\/ponteseditores.com.br\/loja3\/#website"},"primaryImageOfPage":{"@id":"https:\/\/ponteseditores.com.br\/loja3\/pontes-editores-home-2__trashed\/lancamento\/resistencia-e-emancipacao-em-americanah-de-chimamanda-ngozi-adichie-uma-escrita-negra-feminista-e-decolonial\/#primaryimage"},"image":{"@id":"https:\/\/ponteseditores.com.br\/loja3\/pontes-editores-home-2__trashed\/lancamento\/resistencia-e-emancipacao-em-americanah-de-chimamanda-ngozi-adichie-uma-escrita-negra-feminista-e-decolonial\/#primaryimage"},"thumbnailUrl":"https:\/\/ponteseditores.com.br\/loja3\/wp-content\/uploads\/2024\/01\/Capa_Resistencia_Emancipacao.jpg","datePublished":"2024-01-25T18:14:00+00:00","dateModified":"2024-01-25T18:14:01+00:00","breadcrumb":{"@id":"https:\/\/ponteseditores.com.br\/loja3\/pontes-editores-home-2__trashed\/lancamento\/resistencia-e-emancipacao-em-americanah-de-chimamanda-ngozi-adichie-uma-escrita-negra-feminista-e-decolonial\/#breadcrumb"},"inLanguage":"pt-BR","potentialAction":[{"@type":"ReadAction","target":["https:\/\/ponteseditores.com.br\/loja3\/pontes-editores-home-2__trashed\/lancamento\/resistencia-e-emancipacao-em-americanah-de-chimamanda-ngozi-adichie-uma-escrita-negra-feminista-e-decolonial\/"]}]},{"@type":"ImageObject","inLanguage":"pt-BR","@id":"https:\/\/ponteseditores.com.br\/loja3\/pontes-editores-home-2__trashed\/lancamento\/resistencia-e-emancipacao-em-americanah-de-chimamanda-ngozi-adichie-uma-escrita-negra-feminista-e-decolonial\/#primaryimage","url":"https:\/\/ponteseditores.com.br\/loja3\/wp-content\/uploads\/2024\/01\/Capa_Resistencia_Emancipacao.jpg","contentUrl":"https:\/\/ponteseditores.com.br\/loja3\/wp-content\/uploads\/2024\/01\/Capa_Resistencia_Emancipacao.jpg","width":1728,"height":2443},{"@type":"BreadcrumbList","@id":"https:\/\/ponteseditores.com.br\/loja3\/pontes-editores-home-2__trashed\/lancamento\/resistencia-e-emancipacao-em-americanah-de-chimamanda-ngozi-adichie-uma-escrita-negra-feminista-e-decolonial\/#breadcrumb","itemListElement":[{"@type":"ListItem","position":1,"name":"Home","item":"https:\/\/ponteseditores.com.br\/loja3\/"},{"@type":"ListItem","position":2,"name":"loja","item":"https:\/\/ponteseditores.com.br\/loja3\/loja\/"},{"@type":"ListItem","position":3,"name":"Resist\u00eancia e emancipa\u00e7\u00e3o em Americanah, de Chimamanda Ngozi Adichie: uma escrita negra, feminista e decolonial"}]},{"@type":"WebSite","@id":"https:\/\/ponteseditores.com.br\/loja3\/#website","url":"https:\/\/ponteseditores.com.br\/loja3\/","name":"Pontes Editores","description":"Pontes Editores","publisher":{"@id":"https:\/\/ponteseditores.com.br\/loja3\/#organization"},"potentialAction":[{"@type":"SearchAction","target":{"@type":"EntryPoint","urlTemplate":"https:\/\/ponteseditores.com.br\/loja3\/?s={search_term_string}"},"query-input":{"@type":"PropertyValueSpecification","valueRequired":true,"valueName":"search_term_string"}}],"inLanguage":"pt-BR"},{"@type":"Organization","@id":"https:\/\/ponteseditores.com.br\/loja3\/#organization","name":"Pontes Editores","url":"https:\/\/ponteseditores.com.br\/loja3\/","logo":{"@type":"ImageObject","inLanguage":"pt-BR","@id":"https:\/\/ponteseditores.com.br\/loja3\/#\/schema\/logo\/image\/","url":"https:\/\/ponteseditores.com.br\/loja3\/wp-content\/uploads\/2023\/12\/logo-pontes-editores-v2.png","contentUrl":"https:\/\/ponteseditores.com.br\/loja3\/wp-content\/uploads\/2023\/12\/logo-pontes-editores-v2.png","width":258,"height":100,"caption":"Pontes Editores"},"image":{"@id":"https:\/\/ponteseditores.com.br\/loja3\/#\/schema\/logo\/image\/"}}]}},"_links":{"self":[{"href":"https:\/\/ponteseditores.com.br\/loja3\/wp-json\/wp\/v2\/product\/9818","targetHints":{"allow":["GET"]}}],"collection":[{"href":"https:\/\/ponteseditores.com.br\/loja3\/wp-json\/wp\/v2\/product"}],"about":[{"href":"https:\/\/ponteseditores.com.br\/loja3\/wp-json\/wp\/v2\/types\/product"}],"replies":[{"embeddable":true,"href":"https:\/\/ponteseditores.com.br\/loja3\/wp-json\/wp\/v2\/comments?post=9818"}],"version-history":[{"count":0,"href":"https:\/\/ponteseditores.com.br\/loja3\/wp-json\/wp\/v2\/product\/9818\/revisions"}],"wp:featuredmedia":[{"embeddable":true,"href":"https:\/\/ponteseditores.com.br\/loja3\/wp-json\/wp\/v2\/media\/9819"}],"wp:attachment":[{"href":"https:\/\/ponteseditores.com.br\/loja3\/wp-json\/wp\/v2\/media?parent=9818"}],"wp:term":[{"taxonomy":"product_brand","embeddable":true,"href":"https:\/\/ponteseditores.com.br\/loja3\/wp-json\/wp\/v2\/product_brand?post=9818"},{"taxonomy":"product_cat","embeddable":true,"href":"https:\/\/ponteseditores.com.br\/loja3\/wp-json\/wp\/v2\/product_cat?post=9818"},{"taxonomy":"product_tag","embeddable":true,"href":"https:\/\/ponteseditores.com.br\/loja3\/wp-json\/wp\/v2\/product_tag?post=9818"}],"curies":[{"name":"wp","href":"https:\/\/api.w.org\/{rel}","templated":true}]}}