{"id":9762,"date":"2024-01-23T15:23:52","date_gmt":"2024-01-23T18:23:52","guid":{"rendered":"https:\/\/ponteseditores.com.br\/loja3\/?post_type=product&#038;p=9762"},"modified":"2025-07-21T10:51:21","modified_gmt":"2025-07-21T13:51:21","slug":"contos-de-uma-autoridade-sanitaria-historias-veridicas-sobre-a-atuacao-de-uma-fiscal-de-alimentos-na-cidade-de-sao-paulo","status":"publish","type":"product","link":"https:\/\/ponteseditores.com.br\/loja3\/pontes-editores-home-2__trashed\/educacao\/contos-de-uma-autoridade-sanitaria-historias-veridicas-sobre-a-atuacao-de-uma-fiscal-de-alimentos-na-cidade-de-sao-paulo\/","title":{"rendered":"Contos de uma autoridade sanit\u00e1ria: hist\u00f3rias ver\u00eddicas sobre a atua\u00e7\u00e3o de uma fiscal de alimentos na cidade de S\u00e3o Paulo"},"content":{"rendered":"<p>O livro \u201cContos de uma Autoridade Sanit\u00e1ria\u201d \u00e9 a concep\u00e7\u00e3o na forma escrita da carreira profissional da Dra. Andrea Barbosa Boanova, que foi fiscal de alimentos do munic\u00edpio de S\u00e3o Paulo por 32 anos, como funcion\u00e1ria da Secretaria Municipal da Sa\u00fade.<\/p>\n<p>Desde 2017 ela vem colecionando hist\u00f3rias divertidas que contam como \u00e9 o dia a dia de uma fiscal de alimentos, nesse grande universo do comercio de alimentos de uma megal\u00f3poles.<\/p>\n<p>\u201cFaca na cueca\u201d e \u201cBanho na caldeira\u201d s\u00e3o alguns dos t\u00edtulos dos contos, que relatam casos ver\u00eddicos que ocorreram em estabelecimentos varejistas de alimentos.<\/p>\n<p>Ao longo desses anos, ela aprendeu como administrar as necessidades dos comerciantes com as exig\u00eancias da lei, sempre priorizando o di\u00e1logo e a educa\u00e7\u00e3o.<\/p>\n<p>Ela deixa transparecer em seus contos seu lado humano, sem abdicar de sua responsabilidade enquanto agente p\u00fablico.<\/p>\n<p>Ela acredita que seja importante a divulga\u00e7\u00e3o do trabalho da vigil\u00e2ncia sanit\u00e1ria e dos principais problemas que acontecem nos com\u00e9rcios de alimentos, para que o leitor conhe\u00e7a quais s\u00e3o as dificuldades de uma fiscal que zela pela sa\u00fade p\u00fablica, cobrando o cumprimento da legisla\u00e7\u00e3o, sem nunca perder a empatia pelos cidad\u00e3os.<\/p>\n<p>Divirta-se com as hist\u00f3rias reais da Dra. Boanova! Boa leitura<\/p>\n","protected":false},"excerpt":{"rendered":"<p>O livro \u201cContos de uma Autoridade Sanit\u00e1ria\u201d \u00e9 a concep\u00e7\u00e3o na forma escrita da carreira profissional da Dra. Andrea Barbosa Boanova, que foi fiscal de alimentos do munic\u00edpio de S\u00e3o Paulo por 32 anos, como funcion\u00e1ria da Secretaria Municipal da Sa\u00fade. Desde 2017 ela vem colecionando hist\u00f3rias divertidas que contam como \u00e9 o dia a [&hellip;]<\/p>\n","protected":false},"featured_media":9763,"comment_status":"open","ping_status":"closed","template":"","meta":{"_joinchat":[]},"product_brand":[],"product_cat":[324,97,167],"product_tag":[],"class_list":{"0":"post-9762","1":"product","2":"type-product","3":"status-publish","4":"has-post-thumbnail","6":"product_cat-acao-social","7":"product_cat-educacao","8":"product_cat-lancamento","10":"first","11":"outofstock","12":"shipping-taxable","13":"purchasable","14":"product-type-simple"},"yoast_head":"<!-- This site is optimized with the Yoast SEO plugin v27.4 - https:\/\/yoast.com\/product\/yoast-seo-wordpress\/ -->\n<title>Contos de uma autoridade sanit\u00e1ria: hist\u00f3rias ver\u00eddicas sobre a atua\u00e7\u00e3o de uma fiscal de alimentos na cidade de S\u00e3o Paulo - Pontes Editores<\/title>\n<meta name=\"robots\" content=\"index, follow, max-snippet:-1, max-image-preview:large, max-video-preview:-1\" \/>\n<link rel=\"canonical\" href=\"https:\/\/ponteseditores.com.br\/loja3\/pontes-editores-home-2__trashed\/educacao\/contos-de-uma-autoridade-sanitaria-historias-veridicas-sobre-a-atuacao-de-uma-fiscal-de-alimentos-na-cidade-de-sao-paulo\/\" \/>\n<meta property=\"og:locale\" content=\"pt_BR\" \/>\n<meta property=\"og:type\" content=\"article\" \/>\n<meta property=\"og:title\" content=\"Contos de uma autoridade sanit\u00e1ria: hist\u00f3rias ver\u00eddicas sobre a atua\u00e7\u00e3o de uma fiscal de alimentos na cidade de S\u00e3o Paulo - Pontes Editores\" \/>\n<meta property=\"og:description\" content=\"O livro \u201cContos de uma Autoridade Sanit\u00e1ria\u201d \u00e9 a concep\u00e7\u00e3o na forma escrita da carreira profissional da Dra. Andrea Barbosa Boanova, que foi fiscal de alimentos do munic\u00edpio de S\u00e3o Paulo por 32 anos, como funcion\u00e1ria da Secretaria Municipal da Sa\u00fade. Desde 2017 ela vem colecionando hist\u00f3rias divertidas que contam como \u00e9 o dia a [&hellip;]\" \/>\n<meta property=\"og:url\" content=\"https:\/\/ponteseditores.com.br\/loja3\/pontes-editores-home-2__trashed\/educacao\/contos-de-uma-autoridade-sanitaria-historias-veridicas-sobre-a-atuacao-de-uma-fiscal-de-alimentos-na-cidade-de-sao-paulo\/\" \/>\n<meta property=\"og:site_name\" content=\"Pontes Editores\" \/>\n<meta property=\"article:modified_time\" content=\"2025-07-21T13:51:21+00:00\" \/>\n<meta property=\"og:image\" content=\"https:\/\/ponteseditores.com.br\/loja3\/wp-content\/uploads\/2024\/01\/Capa_Contos_Autoridade.jpg\" \/>\n\t<meta property=\"og:image:width\" content=\"1728\" \/>\n\t<meta property=\"og:image:height\" content=\"2443\" \/>\n\t<meta property=\"og:image:type\" content=\"image\/jpeg\" \/>\n<meta name=\"twitter:card\" content=\"summary_large_image\" \/>\n<meta name=\"twitter:label1\" content=\"Est. tempo de leitura\" \/>\n\t<meta name=\"twitter:data1\" content=\"2 minutos\" \/>\n<script type=\"application\/ld+json\" class=\"yoast-schema-graph\">{\"@context\":\"https:\\\/\\\/schema.org\",\"@graph\":[{\"@type\":\"WebPage\",\"@id\":\"https:\\\/\\\/ponteseditores.com.br\\\/loja3\\\/pontes-editores-home-2__trashed\\\/educacao\\\/contos-de-uma-autoridade-sanitaria-historias-veridicas-sobre-a-atuacao-de-uma-fiscal-de-alimentos-na-cidade-de-sao-paulo\\\/\",\"url\":\"https:\\\/\\\/ponteseditores.com.br\\\/loja3\\\/pontes-editores-home-2__trashed\\\/educacao\\\/contos-de-uma-autoridade-sanitaria-historias-veridicas-sobre-a-atuacao-de-uma-fiscal-de-alimentos-na-cidade-de-sao-paulo\\\/\",\"name\":\"Contos de uma autoridade sanit\u00e1ria: hist\u00f3rias ver\u00eddicas sobre a atua\u00e7\u00e3o de uma fiscal de alimentos na cidade de S\u00e3o Paulo - Pontes Editores\",\"isPartOf\":{\"@id\":\"https:\\\/\\\/ponteseditores.com.br\\\/loja3\\\/#website\"},\"primaryImageOfPage\":{\"@id\":\"https:\\\/\\\/ponteseditores.com.br\\\/loja3\\\/pontes-editores-home-2__trashed\\\/educacao\\\/contos-de-uma-autoridade-sanitaria-historias-veridicas-sobre-a-atuacao-de-uma-fiscal-de-alimentos-na-cidade-de-sao-paulo\\\/#primaryimage\"},\"image\":{\"@id\":\"https:\\\/\\\/ponteseditores.com.br\\\/loja3\\\/pontes-editores-home-2__trashed\\\/educacao\\\/contos-de-uma-autoridade-sanitaria-historias-veridicas-sobre-a-atuacao-de-uma-fiscal-de-alimentos-na-cidade-de-sao-paulo\\\/#primaryimage\"},\"thumbnailUrl\":\"https:\\\/\\\/ponteseditores.com.br\\\/loja3\\\/wp-content\\\/uploads\\\/2024\\\/01\\\/Capa_Contos_Autoridade.jpg\",\"datePublished\":\"2024-01-23T18:23:52+00:00\",\"dateModified\":\"2025-07-21T13:51:21+00:00\",\"breadcrumb\":{\"@id\":\"https:\\\/\\\/ponteseditores.com.br\\\/loja3\\\/pontes-editores-home-2__trashed\\\/educacao\\\/contos-de-uma-autoridade-sanitaria-historias-veridicas-sobre-a-atuacao-de-uma-fiscal-de-alimentos-na-cidade-de-sao-paulo\\\/#breadcrumb\"},\"inLanguage\":\"pt-BR\",\"potentialAction\":[{\"@type\":\"ReadAction\",\"target\":[\"https:\\\/\\\/ponteseditores.com.br\\\/loja3\\\/pontes-editores-home-2__trashed\\\/educacao\\\/contos-de-uma-autoridade-sanitaria-historias-veridicas-sobre-a-atuacao-de-uma-fiscal-de-alimentos-na-cidade-de-sao-paulo\\\/\"]}]},{\"@type\":\"ImageObject\",\"inLanguage\":\"pt-BR\",\"@id\":\"https:\\\/\\\/ponteseditores.com.br\\\/loja3\\\/pontes-editores-home-2__trashed\\\/educacao\\\/contos-de-uma-autoridade-sanitaria-historias-veridicas-sobre-a-atuacao-de-uma-fiscal-de-alimentos-na-cidade-de-sao-paulo\\\/#primaryimage\",\"url\":\"https:\\\/\\\/ponteseditores.com.br\\\/loja3\\\/wp-content\\\/uploads\\\/2024\\\/01\\\/Capa_Contos_Autoridade.jpg\",\"contentUrl\":\"https:\\\/\\\/ponteseditores.com.br\\\/loja3\\\/wp-content\\\/uploads\\\/2024\\\/01\\\/Capa_Contos_Autoridade.jpg\",\"width\":1728,\"height\":2443},{\"@type\":\"BreadcrumbList\",\"@id\":\"https:\\\/\\\/ponteseditores.com.br\\\/loja3\\\/pontes-editores-home-2__trashed\\\/educacao\\\/contos-de-uma-autoridade-sanitaria-historias-veridicas-sobre-a-atuacao-de-uma-fiscal-de-alimentos-na-cidade-de-sao-paulo\\\/#breadcrumb\",\"itemListElement\":[{\"@type\":\"ListItem\",\"position\":1,\"name\":\"Home\",\"item\":\"https:\\\/\\\/ponteseditores.com.br\\\/loja3\\\/\"},{\"@type\":\"ListItem\",\"position\":2,\"name\":\"loja\",\"item\":\"https:\\\/\\\/ponteseditores.com.br\\\/loja3\\\/loja\\\/\"},{\"@type\":\"ListItem\",\"position\":3,\"name\":\"Contos de uma autoridade sanit\u00e1ria: hist\u00f3rias ver\u00eddicas sobre a atua\u00e7\u00e3o de uma fiscal de alimentos na cidade de S\u00e3o Paulo\"}]},{\"@type\":\"WebSite\",\"@id\":\"https:\\\/\\\/ponteseditores.com.br\\\/loja3\\\/#website\",\"url\":\"https:\\\/\\\/ponteseditores.com.br\\\/loja3\\\/\",\"name\":\"Pontes Editores\",\"description\":\"Pontes Editores\",\"publisher\":{\"@id\":\"https:\\\/\\\/ponteseditores.com.br\\\/loja3\\\/#organization\"},\"potentialAction\":[{\"@type\":\"SearchAction\",\"target\":{\"@type\":\"EntryPoint\",\"urlTemplate\":\"https:\\\/\\\/ponteseditores.com.br\\\/loja3\\\/?s={search_term_string}\"},\"query-input\":{\"@type\":\"PropertyValueSpecification\",\"valueRequired\":true,\"valueName\":\"search_term_string\"}}],\"inLanguage\":\"pt-BR\"},{\"@type\":\"Organization\",\"@id\":\"https:\\\/\\\/ponteseditores.com.br\\\/loja3\\\/#organization\",\"name\":\"Pontes Editores\",\"url\":\"https:\\\/\\\/ponteseditores.com.br\\\/loja3\\\/\",\"logo\":{\"@type\":\"ImageObject\",\"inLanguage\":\"pt-BR\",\"@id\":\"https:\\\/\\\/ponteseditores.com.br\\\/loja3\\\/#\\\/schema\\\/logo\\\/image\\\/\",\"url\":\"https:\\\/\\\/ponteseditores.com.br\\\/loja3\\\/wp-content\\\/uploads\\\/2023\\\/12\\\/logo-pontes-editores-v2.png\",\"contentUrl\":\"https:\\\/\\\/ponteseditores.com.br\\\/loja3\\\/wp-content\\\/uploads\\\/2023\\\/12\\\/logo-pontes-editores-v2.png\",\"width\":258,\"height\":100,\"caption\":\"Pontes Editores\"},\"image\":{\"@id\":\"https:\\\/\\\/ponteseditores.com.br\\\/loja3\\\/#\\\/schema\\\/logo\\\/image\\\/\"}}]}<\/script>\n<!-- \/ Yoast SEO plugin. -->","yoast_head_json":{"title":"Contos de uma autoridade sanit\u00e1ria: hist\u00f3rias ver\u00eddicas sobre a atua\u00e7\u00e3o de uma fiscal de alimentos na cidade de S\u00e3o Paulo - Pontes Editores","robots":{"index":"index","follow":"follow","max-snippet":"max-snippet:-1","max-image-preview":"max-image-preview:large","max-video-preview":"max-video-preview:-1"},"canonical":"https:\/\/ponteseditores.com.br\/loja3\/pontes-editores-home-2__trashed\/educacao\/contos-de-uma-autoridade-sanitaria-historias-veridicas-sobre-a-atuacao-de-uma-fiscal-de-alimentos-na-cidade-de-sao-paulo\/","og_locale":"pt_BR","og_type":"article","og_title":"Contos de uma autoridade sanit\u00e1ria: hist\u00f3rias ver\u00eddicas sobre a atua\u00e7\u00e3o de uma fiscal de alimentos na cidade de S\u00e3o Paulo - Pontes Editores","og_description":"O livro \u201cContos de uma Autoridade Sanit\u00e1ria\u201d \u00e9 a concep\u00e7\u00e3o na forma escrita da carreira profissional da Dra. Andrea Barbosa Boanova, que foi fiscal de alimentos do munic\u00edpio de S\u00e3o Paulo por 32 anos, como funcion\u00e1ria da Secretaria Municipal da Sa\u00fade. Desde 2017 ela vem colecionando hist\u00f3rias divertidas que contam como \u00e9 o dia a [&hellip;]","og_url":"https:\/\/ponteseditores.com.br\/loja3\/pontes-editores-home-2__trashed\/educacao\/contos-de-uma-autoridade-sanitaria-historias-veridicas-sobre-a-atuacao-de-uma-fiscal-de-alimentos-na-cidade-de-sao-paulo\/","og_site_name":"Pontes Editores","article_modified_time":"2025-07-21T13:51:21+00:00","og_image":[{"width":1728,"height":2443,"url":"https:\/\/ponteseditores.com.br\/loja3\/wp-content\/uploads\/2024\/01\/Capa_Contos_Autoridade.jpg","type":"image\/jpeg"}],"twitter_card":"summary_large_image","twitter_misc":{"Est. tempo de leitura":"2 minutos"},"schema":{"@context":"https:\/\/schema.org","@graph":[{"@type":"WebPage","@id":"https:\/\/ponteseditores.com.br\/loja3\/pontes-editores-home-2__trashed\/educacao\/contos-de-uma-autoridade-sanitaria-historias-veridicas-sobre-a-atuacao-de-uma-fiscal-de-alimentos-na-cidade-de-sao-paulo\/","url":"https:\/\/ponteseditores.com.br\/loja3\/pontes-editores-home-2__trashed\/educacao\/contos-de-uma-autoridade-sanitaria-historias-veridicas-sobre-a-atuacao-de-uma-fiscal-de-alimentos-na-cidade-de-sao-paulo\/","name":"Contos de uma autoridade sanit\u00e1ria: hist\u00f3rias ver\u00eddicas sobre a atua\u00e7\u00e3o de uma fiscal de alimentos na cidade de S\u00e3o Paulo - Pontes Editores","isPartOf":{"@id":"https:\/\/ponteseditores.com.br\/loja3\/#website"},"primaryImageOfPage":{"@id":"https:\/\/ponteseditores.com.br\/loja3\/pontes-editores-home-2__trashed\/educacao\/contos-de-uma-autoridade-sanitaria-historias-veridicas-sobre-a-atuacao-de-uma-fiscal-de-alimentos-na-cidade-de-sao-paulo\/#primaryimage"},"image":{"@id":"https:\/\/ponteseditores.com.br\/loja3\/pontes-editores-home-2__trashed\/educacao\/contos-de-uma-autoridade-sanitaria-historias-veridicas-sobre-a-atuacao-de-uma-fiscal-de-alimentos-na-cidade-de-sao-paulo\/#primaryimage"},"thumbnailUrl":"https:\/\/ponteseditores.com.br\/loja3\/wp-content\/uploads\/2024\/01\/Capa_Contos_Autoridade.jpg","datePublished":"2024-01-23T18:23:52+00:00","dateModified":"2025-07-21T13:51:21+00:00","breadcrumb":{"@id":"https:\/\/ponteseditores.com.br\/loja3\/pontes-editores-home-2__trashed\/educacao\/contos-de-uma-autoridade-sanitaria-historias-veridicas-sobre-a-atuacao-de-uma-fiscal-de-alimentos-na-cidade-de-sao-paulo\/#breadcrumb"},"inLanguage":"pt-BR","potentialAction":[{"@type":"ReadAction","target":["https:\/\/ponteseditores.com.br\/loja3\/pontes-editores-home-2__trashed\/educacao\/contos-de-uma-autoridade-sanitaria-historias-veridicas-sobre-a-atuacao-de-uma-fiscal-de-alimentos-na-cidade-de-sao-paulo\/"]}]},{"@type":"ImageObject","inLanguage":"pt-BR","@id":"https:\/\/ponteseditores.com.br\/loja3\/pontes-editores-home-2__trashed\/educacao\/contos-de-uma-autoridade-sanitaria-historias-veridicas-sobre-a-atuacao-de-uma-fiscal-de-alimentos-na-cidade-de-sao-paulo\/#primaryimage","url":"https:\/\/ponteseditores.com.br\/loja3\/wp-content\/uploads\/2024\/01\/Capa_Contos_Autoridade.jpg","contentUrl":"https:\/\/ponteseditores.com.br\/loja3\/wp-content\/uploads\/2024\/01\/Capa_Contos_Autoridade.jpg","width":1728,"height":2443},{"@type":"BreadcrumbList","@id":"https:\/\/ponteseditores.com.br\/loja3\/pontes-editores-home-2__trashed\/educacao\/contos-de-uma-autoridade-sanitaria-historias-veridicas-sobre-a-atuacao-de-uma-fiscal-de-alimentos-na-cidade-de-sao-paulo\/#breadcrumb","itemListElement":[{"@type":"ListItem","position":1,"name":"Home","item":"https:\/\/ponteseditores.com.br\/loja3\/"},{"@type":"ListItem","position":2,"name":"loja","item":"https:\/\/ponteseditores.com.br\/loja3\/loja\/"},{"@type":"ListItem","position":3,"name":"Contos de uma autoridade sanit\u00e1ria: hist\u00f3rias ver\u00eddicas sobre a atua\u00e7\u00e3o de uma fiscal de alimentos na cidade de S\u00e3o Paulo"}]},{"@type":"WebSite","@id":"https:\/\/ponteseditores.com.br\/loja3\/#website","url":"https:\/\/ponteseditores.com.br\/loja3\/","name":"Pontes Editores","description":"Pontes Editores","publisher":{"@id":"https:\/\/ponteseditores.com.br\/loja3\/#organization"},"potentialAction":[{"@type":"SearchAction","target":{"@type":"EntryPoint","urlTemplate":"https:\/\/ponteseditores.com.br\/loja3\/?s={search_term_string}"},"query-input":{"@type":"PropertyValueSpecification","valueRequired":true,"valueName":"search_term_string"}}],"inLanguage":"pt-BR"},{"@type":"Organization","@id":"https:\/\/ponteseditores.com.br\/loja3\/#organization","name":"Pontes Editores","url":"https:\/\/ponteseditores.com.br\/loja3\/","logo":{"@type":"ImageObject","inLanguage":"pt-BR","@id":"https:\/\/ponteseditores.com.br\/loja3\/#\/schema\/logo\/image\/","url":"https:\/\/ponteseditores.com.br\/loja3\/wp-content\/uploads\/2023\/12\/logo-pontes-editores-v2.png","contentUrl":"https:\/\/ponteseditores.com.br\/loja3\/wp-content\/uploads\/2023\/12\/logo-pontes-editores-v2.png","width":258,"height":100,"caption":"Pontes Editores"},"image":{"@id":"https:\/\/ponteseditores.com.br\/loja3\/#\/schema\/logo\/image\/"}}]}},"_links":{"self":[{"href":"https:\/\/ponteseditores.com.br\/loja3\/wp-json\/wp\/v2\/product\/9762","targetHints":{"allow":["GET"]}}],"collection":[{"href":"https:\/\/ponteseditores.com.br\/loja3\/wp-json\/wp\/v2\/product"}],"about":[{"href":"https:\/\/ponteseditores.com.br\/loja3\/wp-json\/wp\/v2\/types\/product"}],"replies":[{"embeddable":true,"href":"https:\/\/ponteseditores.com.br\/loja3\/wp-json\/wp\/v2\/comments?post=9762"}],"version-history":[{"count":2,"href":"https:\/\/ponteseditores.com.br\/loja3\/wp-json\/wp\/v2\/product\/9762\/revisions"}],"predecessor-version":[{"id":27821,"href":"https:\/\/ponteseditores.com.br\/loja3\/wp-json\/wp\/v2\/product\/9762\/revisions\/27821"}],"wp:featuredmedia":[{"embeddable":true,"href":"https:\/\/ponteseditores.com.br\/loja3\/wp-json\/wp\/v2\/media\/9763"}],"wp:attachment":[{"href":"https:\/\/ponteseditores.com.br\/loja3\/wp-json\/wp\/v2\/media?parent=9762"}],"wp:term":[{"taxonomy":"product_brand","embeddable":true,"href":"https:\/\/ponteseditores.com.br\/loja3\/wp-json\/wp\/v2\/product_brand?post=9762"},{"taxonomy":"product_cat","embeddable":true,"href":"https:\/\/ponteseditores.com.br\/loja3\/wp-json\/wp\/v2\/product_cat?post=9762"},{"taxonomy":"product_tag","embeddable":true,"href":"https:\/\/ponteseditores.com.br\/loja3\/wp-json\/wp\/v2\/product_tag?post=9762"}],"curies":[{"name":"wp","href":"https:\/\/api.w.org\/{rel}","templated":true}]}}