{"id":9597,"date":"2024-01-12T14:01:34","date_gmt":"2024-01-12T17:01:34","guid":{"rendered":"https:\/\/ponteseditores.com.br\/loja3\/?post_type=product&#038;p=9597"},"modified":"2024-01-12T14:01:35","modified_gmt":"2024-01-12T17:01:35","slug":"formando-formadores-paraa-escola-basica-do-seculo-xxi-volume-iii","status":"publish","type":"product","link":"https:\/\/ponteseditores.com.br\/loja3\/pontes-editores-home-2__trashed\/educacao\/formando-formadores-paraa-escola-basica-do-seculo-xxi-volume-iii\/","title":{"rendered":"Formando Formadores paraa Escola B\u00e1sica do S\u00e9culo XXI &#8211; Volume III"},"content":{"rendered":"<table style=\"height: 349px;\" width=\"1301\">\n<tbody>\n<tr>\n<td width=\"594\">A proposta desta terceira Colet\u00e2nea emana da excelente repercuss\u00e3o que as duas publica\u00e7\u00f5es anteriores Formando formadores para a escola b\u00e1sica do s\u00e9culo XXI: relatos de pesquisa e Formando formadores para a escola b\u00e1sica do s\u00e9culo XXI: relatos de pesquisa II, ambas editadas pela Pontes Editores, conquistaram n\u00e3o s\u00f3 junto aos p\u00f3s-graduandos do Programa de Estudos P\u00f3s-Graduados em Educa\u00e7\u00e3o: Forma\u00e7\u00e3o de Formadores \u2013 Mestrado Profissional (Formep), da Pontif\u00edcia Universidade Cat\u00f3lica de S\u00e3o Paulo (PUC-SP), mas tamb\u00e9m junto a outros segmentos acad\u00eamicos, justamente em fun\u00e7\u00e3o de os relatos consolidarem a pesquisa sustentando a ressignifica\u00e7\u00e3o das pr\u00e1ticas desenvolvidas na escola b\u00e1sica.<\/p>\n<p>Com a divulga\u00e7\u00e3o das pesquisas desenvolvidas em diferentes frentes da escola b\u00e1sica, constitu\u00eddas de estrat\u00e9gias formativas, grupos colaborativos, sempre cuidando do desafio de atender \u00e0s expectativas de profissionais que buscam nosso curso para aprimoramento de suas pr\u00e1ticas como formadores, reitera-se a inclina\u00e7\u00e3o deste mestrado profissional<\/td>\n<\/tr>\n<\/tbody>\n<\/table>\n","protected":false},"excerpt":{"rendered":"<p>A proposta desta terceira Colet\u00e2nea emana da excelente repercuss\u00e3o que as duas publica\u00e7\u00f5es anteriores Formando formadores para a escola b\u00e1sica do s\u00e9culo XXI: relatos de pesquisa e Formando formadores para a escola b\u00e1sica do s\u00e9culo XXI: relatos de pesquisa II, ambas editadas pela Pontes Editores, conquistaram n\u00e3o s\u00f3 junto aos p\u00f3s-graduandos do Programa de Estudos [&hellip;]<\/p>\n","protected":false},"featured_media":9598,"comment_status":"open","ping_status":"closed","template":"","meta":{"_joinchat":[]},"product_brand":[],"product_cat":[97,108],"product_tag":[],"class_list":{"0":"post-9597","1":"product","2":"type-product","3":"status-publish","4":"has-post-thumbnail","6":"product_cat-educacao","7":"product_cat-formacao-de-professores","9":"first","10":"instock","11":"shipping-taxable","12":"purchasable","13":"product-type-simple"},"yoast_head":"<!-- This site is optimized with the Yoast SEO plugin v27.4 - https:\/\/yoast.com\/product\/yoast-seo-wordpress\/ -->\n<title>Formando Formadores paraa Escola B\u00e1sica do S\u00e9culo XXI - Volume III - Pontes Editores<\/title>\n<meta name=\"robots\" content=\"index, follow, max-snippet:-1, max-image-preview:large, max-video-preview:-1\" \/>\n<link rel=\"canonical\" href=\"https:\/\/ponteseditores.com.br\/loja3\/pontes-editores-home-2__trashed\/educacao\/formando-formadores-paraa-escola-basica-do-seculo-xxi-volume-iii\/\" \/>\n<meta property=\"og:locale\" content=\"pt_BR\" \/>\n<meta property=\"og:type\" content=\"article\" \/>\n<meta property=\"og:title\" content=\"Formando Formadores paraa Escola B\u00e1sica do S\u00e9culo XXI - Volume III - Pontes Editores\" \/>\n<meta property=\"og:description\" content=\"A proposta desta terceira Colet\u00e2nea emana da excelente repercuss\u00e3o que as duas publica\u00e7\u00f5es anteriores Formando formadores para a escola b\u00e1sica do s\u00e9culo XXI: relatos de pesquisa e Formando formadores para a escola b\u00e1sica do s\u00e9culo XXI: relatos de pesquisa II, ambas editadas pela Pontes Editores, conquistaram n\u00e3o s\u00f3 junto aos p\u00f3s-graduandos do Programa de Estudos [&hellip;]\" \/>\n<meta property=\"og:url\" content=\"https:\/\/ponteseditores.com.br\/loja3\/pontes-editores-home-2__trashed\/educacao\/formando-formadores-paraa-escola-basica-do-seculo-xxi-volume-iii\/\" \/>\n<meta property=\"og:site_name\" content=\"Pontes Editores\" \/>\n<meta property=\"article:modified_time\" content=\"2024-01-12T17:01:35+00:00\" \/>\n<meta property=\"og:image\" content=\"https:\/\/ponteseditores.com.br\/loja3\/wp-content\/uploads\/2024\/01\/formando-formadores-para-a-escola-basica-III.-capa.jpg\" \/>\n\t<meta property=\"og:image:width\" content=\"518\" \/>\n\t<meta property=\"og:image:height\" content=\"768\" \/>\n\t<meta property=\"og:image:type\" content=\"image\/jpeg\" \/>\n<meta name=\"twitter:card\" content=\"summary_large_image\" \/>\n<meta name=\"twitter:label1\" content=\"Est. tempo de leitura\" \/>\n\t<meta name=\"twitter:data1\" content=\"1 minuto\" \/>\n<script type=\"application\/ld+json\" class=\"yoast-schema-graph\">{\"@context\":\"https:\\\/\\\/schema.org\",\"@graph\":[{\"@type\":\"WebPage\",\"@id\":\"https:\\\/\\\/ponteseditores.com.br\\\/loja3\\\/pontes-editores-home-2__trashed\\\/educacao\\\/formando-formadores-paraa-escola-basica-do-seculo-xxi-volume-iii\\\/\",\"url\":\"https:\\\/\\\/ponteseditores.com.br\\\/loja3\\\/pontes-editores-home-2__trashed\\\/educacao\\\/formando-formadores-paraa-escola-basica-do-seculo-xxi-volume-iii\\\/\",\"name\":\"Formando Formadores paraa Escola B\u00e1sica do S\u00e9culo XXI - Volume III - Pontes Editores\",\"isPartOf\":{\"@id\":\"https:\\\/\\\/ponteseditores.com.br\\\/loja3\\\/#website\"},\"primaryImageOfPage\":{\"@id\":\"https:\\\/\\\/ponteseditores.com.br\\\/loja3\\\/pontes-editores-home-2__trashed\\\/educacao\\\/formando-formadores-paraa-escola-basica-do-seculo-xxi-volume-iii\\\/#primaryimage\"},\"image\":{\"@id\":\"https:\\\/\\\/ponteseditores.com.br\\\/loja3\\\/pontes-editores-home-2__trashed\\\/educacao\\\/formando-formadores-paraa-escola-basica-do-seculo-xxi-volume-iii\\\/#primaryimage\"},\"thumbnailUrl\":\"https:\\\/\\\/ponteseditores.com.br\\\/loja3\\\/wp-content\\\/uploads\\\/2024\\\/01\\\/formando-formadores-para-a-escola-basica-III.-capa.jpg\",\"datePublished\":\"2024-01-12T17:01:34+00:00\",\"dateModified\":\"2024-01-12T17:01:35+00:00\",\"breadcrumb\":{\"@id\":\"https:\\\/\\\/ponteseditores.com.br\\\/loja3\\\/pontes-editores-home-2__trashed\\\/educacao\\\/formando-formadores-paraa-escola-basica-do-seculo-xxi-volume-iii\\\/#breadcrumb\"},\"inLanguage\":\"pt-BR\",\"potentialAction\":[{\"@type\":\"ReadAction\",\"target\":[\"https:\\\/\\\/ponteseditores.com.br\\\/loja3\\\/pontes-editores-home-2__trashed\\\/educacao\\\/formando-formadores-paraa-escola-basica-do-seculo-xxi-volume-iii\\\/\"]}]},{\"@type\":\"ImageObject\",\"inLanguage\":\"pt-BR\",\"@id\":\"https:\\\/\\\/ponteseditores.com.br\\\/loja3\\\/pontes-editores-home-2__trashed\\\/educacao\\\/formando-formadores-paraa-escola-basica-do-seculo-xxi-volume-iii\\\/#primaryimage\",\"url\":\"https:\\\/\\\/ponteseditores.com.br\\\/loja3\\\/wp-content\\\/uploads\\\/2024\\\/01\\\/formando-formadores-para-a-escola-basica-III.-capa.jpg\",\"contentUrl\":\"https:\\\/\\\/ponteseditores.com.br\\\/loja3\\\/wp-content\\\/uploads\\\/2024\\\/01\\\/formando-formadores-para-a-escola-basica-III.-capa.jpg\",\"width\":518,\"height\":768},{\"@type\":\"BreadcrumbList\",\"@id\":\"https:\\\/\\\/ponteseditores.com.br\\\/loja3\\\/pontes-editores-home-2__trashed\\\/educacao\\\/formando-formadores-paraa-escola-basica-do-seculo-xxi-volume-iii\\\/#breadcrumb\",\"itemListElement\":[{\"@type\":\"ListItem\",\"position\":1,\"name\":\"Home\",\"item\":\"https:\\\/\\\/ponteseditores.com.br\\\/loja3\\\/\"},{\"@type\":\"ListItem\",\"position\":2,\"name\":\"loja\",\"item\":\"https:\\\/\\\/ponteseditores.com.br\\\/loja3\\\/loja\\\/\"},{\"@type\":\"ListItem\",\"position\":3,\"name\":\"Formando Formadores paraa Escola B\u00e1sica do S\u00e9culo XXI &#8211; Volume III\"}]},{\"@type\":\"WebSite\",\"@id\":\"https:\\\/\\\/ponteseditores.com.br\\\/loja3\\\/#website\",\"url\":\"https:\\\/\\\/ponteseditores.com.br\\\/loja3\\\/\",\"name\":\"Pontes Editores\",\"description\":\"Pontes Editores\",\"publisher\":{\"@id\":\"https:\\\/\\\/ponteseditores.com.br\\\/loja3\\\/#organization\"},\"potentialAction\":[{\"@type\":\"SearchAction\",\"target\":{\"@type\":\"EntryPoint\",\"urlTemplate\":\"https:\\\/\\\/ponteseditores.com.br\\\/loja3\\\/?s={search_term_string}\"},\"query-input\":{\"@type\":\"PropertyValueSpecification\",\"valueRequired\":true,\"valueName\":\"search_term_string\"}}],\"inLanguage\":\"pt-BR\"},{\"@type\":\"Organization\",\"@id\":\"https:\\\/\\\/ponteseditores.com.br\\\/loja3\\\/#organization\",\"name\":\"Pontes Editores\",\"url\":\"https:\\\/\\\/ponteseditores.com.br\\\/loja3\\\/\",\"logo\":{\"@type\":\"ImageObject\",\"inLanguage\":\"pt-BR\",\"@id\":\"https:\\\/\\\/ponteseditores.com.br\\\/loja3\\\/#\\\/schema\\\/logo\\\/image\\\/\",\"url\":\"https:\\\/\\\/ponteseditores.com.br\\\/loja3\\\/wp-content\\\/uploads\\\/2023\\\/12\\\/logo-pontes-editores-v2.png\",\"contentUrl\":\"https:\\\/\\\/ponteseditores.com.br\\\/loja3\\\/wp-content\\\/uploads\\\/2023\\\/12\\\/logo-pontes-editores-v2.png\",\"width\":258,\"height\":100,\"caption\":\"Pontes Editores\"},\"image\":{\"@id\":\"https:\\\/\\\/ponteseditores.com.br\\\/loja3\\\/#\\\/schema\\\/logo\\\/image\\\/\"}}]}<\/script>\n<!-- \/ Yoast SEO plugin. -->","yoast_head_json":{"title":"Formando Formadores paraa Escola B\u00e1sica do S\u00e9culo XXI - Volume III - Pontes Editores","robots":{"index":"index","follow":"follow","max-snippet":"max-snippet:-1","max-image-preview":"max-image-preview:large","max-video-preview":"max-video-preview:-1"},"canonical":"https:\/\/ponteseditores.com.br\/loja3\/pontes-editores-home-2__trashed\/educacao\/formando-formadores-paraa-escola-basica-do-seculo-xxi-volume-iii\/","og_locale":"pt_BR","og_type":"article","og_title":"Formando Formadores paraa Escola B\u00e1sica do S\u00e9culo XXI - Volume III - Pontes Editores","og_description":"A proposta desta terceira Colet\u00e2nea emana da excelente repercuss\u00e3o que as duas publica\u00e7\u00f5es anteriores Formando formadores para a escola b\u00e1sica do s\u00e9culo XXI: relatos de pesquisa e Formando formadores para a escola b\u00e1sica do s\u00e9culo XXI: relatos de pesquisa II, ambas editadas pela Pontes Editores, conquistaram n\u00e3o s\u00f3 junto aos p\u00f3s-graduandos do Programa de Estudos [&hellip;]","og_url":"https:\/\/ponteseditores.com.br\/loja3\/pontes-editores-home-2__trashed\/educacao\/formando-formadores-paraa-escola-basica-do-seculo-xxi-volume-iii\/","og_site_name":"Pontes Editores","article_modified_time":"2024-01-12T17:01:35+00:00","og_image":[{"width":518,"height":768,"url":"https:\/\/ponteseditores.com.br\/loja3\/wp-content\/uploads\/2024\/01\/formando-formadores-para-a-escola-basica-III.-capa.jpg","type":"image\/jpeg"}],"twitter_card":"summary_large_image","twitter_misc":{"Est. tempo de leitura":"1 minuto"},"schema":{"@context":"https:\/\/schema.org","@graph":[{"@type":"WebPage","@id":"https:\/\/ponteseditores.com.br\/loja3\/pontes-editores-home-2__trashed\/educacao\/formando-formadores-paraa-escola-basica-do-seculo-xxi-volume-iii\/","url":"https:\/\/ponteseditores.com.br\/loja3\/pontes-editores-home-2__trashed\/educacao\/formando-formadores-paraa-escola-basica-do-seculo-xxi-volume-iii\/","name":"Formando Formadores paraa Escola B\u00e1sica do S\u00e9culo XXI - Volume III - Pontes Editores","isPartOf":{"@id":"https:\/\/ponteseditores.com.br\/loja3\/#website"},"primaryImageOfPage":{"@id":"https:\/\/ponteseditores.com.br\/loja3\/pontes-editores-home-2__trashed\/educacao\/formando-formadores-paraa-escola-basica-do-seculo-xxi-volume-iii\/#primaryimage"},"image":{"@id":"https:\/\/ponteseditores.com.br\/loja3\/pontes-editores-home-2__trashed\/educacao\/formando-formadores-paraa-escola-basica-do-seculo-xxi-volume-iii\/#primaryimage"},"thumbnailUrl":"https:\/\/ponteseditores.com.br\/loja3\/wp-content\/uploads\/2024\/01\/formando-formadores-para-a-escola-basica-III.-capa.jpg","datePublished":"2024-01-12T17:01:34+00:00","dateModified":"2024-01-12T17:01:35+00:00","breadcrumb":{"@id":"https:\/\/ponteseditores.com.br\/loja3\/pontes-editores-home-2__trashed\/educacao\/formando-formadores-paraa-escola-basica-do-seculo-xxi-volume-iii\/#breadcrumb"},"inLanguage":"pt-BR","potentialAction":[{"@type":"ReadAction","target":["https:\/\/ponteseditores.com.br\/loja3\/pontes-editores-home-2__trashed\/educacao\/formando-formadores-paraa-escola-basica-do-seculo-xxi-volume-iii\/"]}]},{"@type":"ImageObject","inLanguage":"pt-BR","@id":"https:\/\/ponteseditores.com.br\/loja3\/pontes-editores-home-2__trashed\/educacao\/formando-formadores-paraa-escola-basica-do-seculo-xxi-volume-iii\/#primaryimage","url":"https:\/\/ponteseditores.com.br\/loja3\/wp-content\/uploads\/2024\/01\/formando-formadores-para-a-escola-basica-III.-capa.jpg","contentUrl":"https:\/\/ponteseditores.com.br\/loja3\/wp-content\/uploads\/2024\/01\/formando-formadores-para-a-escola-basica-III.-capa.jpg","width":518,"height":768},{"@type":"BreadcrumbList","@id":"https:\/\/ponteseditores.com.br\/loja3\/pontes-editores-home-2__trashed\/educacao\/formando-formadores-paraa-escola-basica-do-seculo-xxi-volume-iii\/#breadcrumb","itemListElement":[{"@type":"ListItem","position":1,"name":"Home","item":"https:\/\/ponteseditores.com.br\/loja3\/"},{"@type":"ListItem","position":2,"name":"loja","item":"https:\/\/ponteseditores.com.br\/loja3\/loja\/"},{"@type":"ListItem","position":3,"name":"Formando Formadores paraa Escola B\u00e1sica do S\u00e9culo XXI &#8211; Volume III"}]},{"@type":"WebSite","@id":"https:\/\/ponteseditores.com.br\/loja3\/#website","url":"https:\/\/ponteseditores.com.br\/loja3\/","name":"Pontes Editores","description":"Pontes Editores","publisher":{"@id":"https:\/\/ponteseditores.com.br\/loja3\/#organization"},"potentialAction":[{"@type":"SearchAction","target":{"@type":"EntryPoint","urlTemplate":"https:\/\/ponteseditores.com.br\/loja3\/?s={search_term_string}"},"query-input":{"@type":"PropertyValueSpecification","valueRequired":true,"valueName":"search_term_string"}}],"inLanguage":"pt-BR"},{"@type":"Organization","@id":"https:\/\/ponteseditores.com.br\/loja3\/#organization","name":"Pontes Editores","url":"https:\/\/ponteseditores.com.br\/loja3\/","logo":{"@type":"ImageObject","inLanguage":"pt-BR","@id":"https:\/\/ponteseditores.com.br\/loja3\/#\/schema\/logo\/image\/","url":"https:\/\/ponteseditores.com.br\/loja3\/wp-content\/uploads\/2023\/12\/logo-pontes-editores-v2.png","contentUrl":"https:\/\/ponteseditores.com.br\/loja3\/wp-content\/uploads\/2023\/12\/logo-pontes-editores-v2.png","width":258,"height":100,"caption":"Pontes Editores"},"image":{"@id":"https:\/\/ponteseditores.com.br\/loja3\/#\/schema\/logo\/image\/"}}]}},"_links":{"self":[{"href":"https:\/\/ponteseditores.com.br\/loja3\/wp-json\/wp\/v2\/product\/9597","targetHints":{"allow":["GET"]}}],"collection":[{"href":"https:\/\/ponteseditores.com.br\/loja3\/wp-json\/wp\/v2\/product"}],"about":[{"href":"https:\/\/ponteseditores.com.br\/loja3\/wp-json\/wp\/v2\/types\/product"}],"replies":[{"embeddable":true,"href":"https:\/\/ponteseditores.com.br\/loja3\/wp-json\/wp\/v2\/comments?post=9597"}],"version-history":[{"count":0,"href":"https:\/\/ponteseditores.com.br\/loja3\/wp-json\/wp\/v2\/product\/9597\/revisions"}],"wp:featuredmedia":[{"embeddable":true,"href":"https:\/\/ponteseditores.com.br\/loja3\/wp-json\/wp\/v2\/media\/9598"}],"wp:attachment":[{"href":"https:\/\/ponteseditores.com.br\/loja3\/wp-json\/wp\/v2\/media?parent=9597"}],"wp:term":[{"taxonomy":"product_brand","embeddable":true,"href":"https:\/\/ponteseditores.com.br\/loja3\/wp-json\/wp\/v2\/product_brand?post=9597"},{"taxonomy":"product_cat","embeddable":true,"href":"https:\/\/ponteseditores.com.br\/loja3\/wp-json\/wp\/v2\/product_cat?post=9597"},{"taxonomy":"product_tag","embeddable":true,"href":"https:\/\/ponteseditores.com.br\/loja3\/wp-json\/wp\/v2\/product_tag?post=9597"}],"curies":[{"name":"wp","href":"https:\/\/api.w.org\/{rel}","templated":true}]}}