{"id":9448,"date":"2024-01-08T16:06:15","date_gmt":"2024-01-08T19:06:15","guid":{"rendered":"https:\/\/ponteseditores.com.br\/loja3\/?post_type=product&#038;p=9448"},"modified":"2024-02-06T16:16:52","modified_gmt":"2024-02-06T19:16:52","slug":"aquisicao-do-portugues-brasileiro-como-lingua-de-heranca-em-contato-com-o-italiano-aspectos-cognitivos-e-socioculturais","status":"publish","type":"product","link":"https:\/\/ponteseditores.com.br\/loja3\/pontes-editores-home-2__trashed\/linguagem\/aquisicao-do-portugues-brasileiro-como-lingua-de-heranca-em-contato-com-o-italiano-aspectos-cognitivos-e-socioculturais\/","title":{"rendered":"Aquisi\u00e7\u00e3o do portugu\u00eas brasileiro como l\u00edngua de heran\u00e7a em contato com o italiano: aspectos cognitivos e socioculturais"},"content":{"rendered":"<p>O portugu\u00eas como l\u00edngua de heran\u00e7a \u00e9 objeto de estudo h\u00e1 mais de vinte anos na Europa e, desde a \u00faltima d\u00e9cada, tamb\u00e9m na It\u00e1lia. Em uma primeira fase, v\u00e1rios pa\u00edses europeus foram envolvidos neste fen\u00f4meno emergente como pa\u00edses de acolhimento da emigra\u00e7\u00e3o lusitana \u2013 que ocorreu massivamente, em particular nos anos 60, e que nunca mais cessou; consequentemente, tamb\u00e9m os primeiros estudos cient\u00edficos centraram-se no portugu\u00eas europeu como l\u00edngua de heran\u00e7a.<\/p>\n<p>Em anos mais recentes, \u00e0 luz dos novos fluxos migrat\u00f3rios, o portugu\u00eas brasileiro tem merecido igual aten\u00e7\u00e3o por parte da comunidade cient\u00edfica europeia e dos mediadores e profissionais da l\u00edngua. A obra insere-se num campo de investiga\u00e7\u00e3o relevante para os estudos lingu\u00edsticos luso-brasileiros na It\u00e1lia, juntamente com publica\u00e7\u00f5es de outros pesquisadores.<\/p>\n<p>Al\u00e9m da perspectiva etno-antropol\u00f3gica da investiga\u00e7\u00e3o em l\u00edngua de heran\u00e7a, o estudo refor\u00e7a as bases de uma abordagem funcionalista para este campo de estudo.<\/p>\n","protected":false},"excerpt":{"rendered":"<p>O portugu\u00eas como l\u00edngua de heran\u00e7a \u00e9 objeto de estudo h\u00e1 mais de vinte anos na Europa e, desde a \u00faltima d\u00e9cada, tamb\u00e9m na It\u00e1lia. Em uma primeira fase, v\u00e1rios pa\u00edses europeus foram envolvidos neste fen\u00f4meno emergente como pa\u00edses de acolhimento da emigra\u00e7\u00e3o lusitana \u2013 que ocorreu massivamente, em particular nos anos 60, e que [&hellip;]<\/p>\n","protected":false},"featured_media":9452,"comment_status":"open","ping_status":"closed","template":"","meta":{"_joinchat":[]},"product_brand":[],"product_cat":[167,53,290],"product_tag":[],"class_list":{"0":"post-9448","1":"product","2":"type-product","3":"status-publish","4":"has-post-thumbnail","6":"product_cat-lancamento","7":"product_cat-linguagem","8":"product_cat-linguagem-e-linguas","10":"first","11":"instock","12":"shipping-taxable","13":"purchasable","14":"product-type-simple"},"yoast_head":"<!-- This site is optimized with the Yoast SEO plugin v27.4 - https:\/\/yoast.com\/product\/yoast-seo-wordpress\/ -->\n<title>Aquisi\u00e7\u00e3o do portugu\u00eas brasileiro como l\u00edngua de heran\u00e7a em contato com o italiano: aspectos cognitivos e socioculturais - Pontes Editores<\/title>\n<meta name=\"robots\" content=\"index, follow, max-snippet:-1, max-image-preview:large, max-video-preview:-1\" \/>\n<link rel=\"canonical\" href=\"https:\/\/ponteseditores.com.br\/loja3\/pontes-editores-home-2__trashed\/linguagem\/aquisicao-do-portugues-brasileiro-como-lingua-de-heranca-em-contato-com-o-italiano-aspectos-cognitivos-e-socioculturais\/\" \/>\n<meta property=\"og:locale\" content=\"pt_BR\" \/>\n<meta property=\"og:type\" content=\"article\" \/>\n<meta property=\"og:title\" content=\"Aquisi\u00e7\u00e3o do portugu\u00eas brasileiro como l\u00edngua de heran\u00e7a em contato com o italiano: aspectos cognitivos e socioculturais - Pontes Editores\" \/>\n<meta property=\"og:description\" content=\"O portugu\u00eas como l\u00edngua de heran\u00e7a \u00e9 objeto de estudo h\u00e1 mais de vinte anos na Europa e, desde a \u00faltima d\u00e9cada, tamb\u00e9m na It\u00e1lia. Em uma primeira fase, v\u00e1rios pa\u00edses europeus foram envolvidos neste fen\u00f4meno emergente como pa\u00edses de acolhimento da emigra\u00e7\u00e3o lusitana \u2013 que ocorreu massivamente, em particular nos anos 60, e que [&hellip;]\" \/>\n<meta property=\"og:url\" content=\"https:\/\/ponteseditores.com.br\/loja3\/pontes-editores-home-2__trashed\/linguagem\/aquisicao-do-portugues-brasileiro-como-lingua-de-heranca-em-contato-com-o-italiano-aspectos-cognitivos-e-socioculturais\/\" \/>\n<meta property=\"og:site_name\" content=\"Pontes Editores\" \/>\n<meta property=\"article:modified_time\" content=\"2024-02-06T19:16:52+00:00\" \/>\n<meta property=\"og:image\" content=\"https:\/\/ponteseditores.com.br\/loja3\/wp-content\/uploads\/2024\/01\/Capa_Aquisicao_Portugues.jpg\" \/>\n\t<meta property=\"og:image:width\" content=\"1728\" \/>\n\t<meta property=\"og:image:height\" content=\"2443\" \/>\n\t<meta property=\"og:image:type\" content=\"image\/jpeg\" \/>\n<meta name=\"twitter:card\" content=\"summary_large_image\" \/>\n<meta name=\"twitter:label1\" content=\"Est. tempo de leitura\" \/>\n\t<meta name=\"twitter:data1\" content=\"2 minutos\" \/>\n<script type=\"application\/ld+json\" class=\"yoast-schema-graph\">{\"@context\":\"https:\\\/\\\/schema.org\",\"@graph\":[{\"@type\":\"WebPage\",\"@id\":\"https:\\\/\\\/ponteseditores.com.br\\\/loja3\\\/pontes-editores-home-2__trashed\\\/linguagem\\\/aquisicao-do-portugues-brasileiro-como-lingua-de-heranca-em-contato-com-o-italiano-aspectos-cognitivos-e-socioculturais\\\/\",\"url\":\"https:\\\/\\\/ponteseditores.com.br\\\/loja3\\\/pontes-editores-home-2__trashed\\\/linguagem\\\/aquisicao-do-portugues-brasileiro-como-lingua-de-heranca-em-contato-com-o-italiano-aspectos-cognitivos-e-socioculturais\\\/\",\"name\":\"Aquisi\u00e7\u00e3o do portugu\u00eas brasileiro como l\u00edngua de heran\u00e7a em contato com o italiano: aspectos cognitivos e socioculturais - Pontes Editores\",\"isPartOf\":{\"@id\":\"https:\\\/\\\/ponteseditores.com.br\\\/loja3\\\/#website\"},\"primaryImageOfPage\":{\"@id\":\"https:\\\/\\\/ponteseditores.com.br\\\/loja3\\\/pontes-editores-home-2__trashed\\\/linguagem\\\/aquisicao-do-portugues-brasileiro-como-lingua-de-heranca-em-contato-com-o-italiano-aspectos-cognitivos-e-socioculturais\\\/#primaryimage\"},\"image\":{\"@id\":\"https:\\\/\\\/ponteseditores.com.br\\\/loja3\\\/pontes-editores-home-2__trashed\\\/linguagem\\\/aquisicao-do-portugues-brasileiro-como-lingua-de-heranca-em-contato-com-o-italiano-aspectos-cognitivos-e-socioculturais\\\/#primaryimage\"},\"thumbnailUrl\":\"https:\\\/\\\/ponteseditores.com.br\\\/loja3\\\/wp-content\\\/uploads\\\/2024\\\/01\\\/Capa_Aquisicao_Portugues.jpg\",\"datePublished\":\"2024-01-08T19:06:15+00:00\",\"dateModified\":\"2024-02-06T19:16:52+00:00\",\"breadcrumb\":{\"@id\":\"https:\\\/\\\/ponteseditores.com.br\\\/loja3\\\/pontes-editores-home-2__trashed\\\/linguagem\\\/aquisicao-do-portugues-brasileiro-como-lingua-de-heranca-em-contato-com-o-italiano-aspectos-cognitivos-e-socioculturais\\\/#breadcrumb\"},\"inLanguage\":\"pt-BR\",\"potentialAction\":[{\"@type\":\"ReadAction\",\"target\":[\"https:\\\/\\\/ponteseditores.com.br\\\/loja3\\\/pontes-editores-home-2__trashed\\\/linguagem\\\/aquisicao-do-portugues-brasileiro-como-lingua-de-heranca-em-contato-com-o-italiano-aspectos-cognitivos-e-socioculturais\\\/\"]}]},{\"@type\":\"ImageObject\",\"inLanguage\":\"pt-BR\",\"@id\":\"https:\\\/\\\/ponteseditores.com.br\\\/loja3\\\/pontes-editores-home-2__trashed\\\/linguagem\\\/aquisicao-do-portugues-brasileiro-como-lingua-de-heranca-em-contato-com-o-italiano-aspectos-cognitivos-e-socioculturais\\\/#primaryimage\",\"url\":\"https:\\\/\\\/ponteseditores.com.br\\\/loja3\\\/wp-content\\\/uploads\\\/2024\\\/01\\\/Capa_Aquisicao_Portugues.jpg\",\"contentUrl\":\"https:\\\/\\\/ponteseditores.com.br\\\/loja3\\\/wp-content\\\/uploads\\\/2024\\\/01\\\/Capa_Aquisicao_Portugues.jpg\",\"width\":1728,\"height\":2443},{\"@type\":\"BreadcrumbList\",\"@id\":\"https:\\\/\\\/ponteseditores.com.br\\\/loja3\\\/pontes-editores-home-2__trashed\\\/linguagem\\\/aquisicao-do-portugues-brasileiro-como-lingua-de-heranca-em-contato-com-o-italiano-aspectos-cognitivos-e-socioculturais\\\/#breadcrumb\",\"itemListElement\":[{\"@type\":\"ListItem\",\"position\":1,\"name\":\"Home\",\"item\":\"https:\\\/\\\/ponteseditores.com.br\\\/loja3\\\/\"},{\"@type\":\"ListItem\",\"position\":2,\"name\":\"loja\",\"item\":\"https:\\\/\\\/ponteseditores.com.br\\\/loja3\\\/loja\\\/\"},{\"@type\":\"ListItem\",\"position\":3,\"name\":\"Aquisi\u00e7\u00e3o do portugu\u00eas brasileiro como l\u00edngua de heran\u00e7a em contato com o italiano: aspectos cognitivos e socioculturais\"}]},{\"@type\":\"WebSite\",\"@id\":\"https:\\\/\\\/ponteseditores.com.br\\\/loja3\\\/#website\",\"url\":\"https:\\\/\\\/ponteseditores.com.br\\\/loja3\\\/\",\"name\":\"Pontes Editores\",\"description\":\"Pontes Editores\",\"publisher\":{\"@id\":\"https:\\\/\\\/ponteseditores.com.br\\\/loja3\\\/#organization\"},\"potentialAction\":[{\"@type\":\"SearchAction\",\"target\":{\"@type\":\"EntryPoint\",\"urlTemplate\":\"https:\\\/\\\/ponteseditores.com.br\\\/loja3\\\/?s={search_term_string}\"},\"query-input\":{\"@type\":\"PropertyValueSpecification\",\"valueRequired\":true,\"valueName\":\"search_term_string\"}}],\"inLanguage\":\"pt-BR\"},{\"@type\":\"Organization\",\"@id\":\"https:\\\/\\\/ponteseditores.com.br\\\/loja3\\\/#organization\",\"name\":\"Pontes Editores\",\"url\":\"https:\\\/\\\/ponteseditores.com.br\\\/loja3\\\/\",\"logo\":{\"@type\":\"ImageObject\",\"inLanguage\":\"pt-BR\",\"@id\":\"https:\\\/\\\/ponteseditores.com.br\\\/loja3\\\/#\\\/schema\\\/logo\\\/image\\\/\",\"url\":\"https:\\\/\\\/ponteseditores.com.br\\\/loja3\\\/wp-content\\\/uploads\\\/2023\\\/12\\\/logo-pontes-editores-v2.png\",\"contentUrl\":\"https:\\\/\\\/ponteseditores.com.br\\\/loja3\\\/wp-content\\\/uploads\\\/2023\\\/12\\\/logo-pontes-editores-v2.png\",\"width\":258,\"height\":100,\"caption\":\"Pontes Editores\"},\"image\":{\"@id\":\"https:\\\/\\\/ponteseditores.com.br\\\/loja3\\\/#\\\/schema\\\/logo\\\/image\\\/\"}}]}<\/script>\n<!-- \/ Yoast SEO plugin. -->","yoast_head_json":{"title":"Aquisi\u00e7\u00e3o do portugu\u00eas brasileiro como l\u00edngua de heran\u00e7a em contato com o italiano: aspectos cognitivos e socioculturais - Pontes Editores","robots":{"index":"index","follow":"follow","max-snippet":"max-snippet:-1","max-image-preview":"max-image-preview:large","max-video-preview":"max-video-preview:-1"},"canonical":"https:\/\/ponteseditores.com.br\/loja3\/pontes-editores-home-2__trashed\/linguagem\/aquisicao-do-portugues-brasileiro-como-lingua-de-heranca-em-contato-com-o-italiano-aspectos-cognitivos-e-socioculturais\/","og_locale":"pt_BR","og_type":"article","og_title":"Aquisi\u00e7\u00e3o do portugu\u00eas brasileiro como l\u00edngua de heran\u00e7a em contato com o italiano: aspectos cognitivos e socioculturais - Pontes Editores","og_description":"O portugu\u00eas como l\u00edngua de heran\u00e7a \u00e9 objeto de estudo h\u00e1 mais de vinte anos na Europa e, desde a \u00faltima d\u00e9cada, tamb\u00e9m na It\u00e1lia. Em uma primeira fase, v\u00e1rios pa\u00edses europeus foram envolvidos neste fen\u00f4meno emergente como pa\u00edses de acolhimento da emigra\u00e7\u00e3o lusitana \u2013 que ocorreu massivamente, em particular nos anos 60, e que [&hellip;]","og_url":"https:\/\/ponteseditores.com.br\/loja3\/pontes-editores-home-2__trashed\/linguagem\/aquisicao-do-portugues-brasileiro-como-lingua-de-heranca-em-contato-com-o-italiano-aspectos-cognitivos-e-socioculturais\/","og_site_name":"Pontes Editores","article_modified_time":"2024-02-06T19:16:52+00:00","og_image":[{"width":1728,"height":2443,"url":"https:\/\/ponteseditores.com.br\/loja3\/wp-content\/uploads\/2024\/01\/Capa_Aquisicao_Portugues.jpg","type":"image\/jpeg"}],"twitter_card":"summary_large_image","twitter_misc":{"Est. tempo de leitura":"2 minutos"},"schema":{"@context":"https:\/\/schema.org","@graph":[{"@type":"WebPage","@id":"https:\/\/ponteseditores.com.br\/loja3\/pontes-editores-home-2__trashed\/linguagem\/aquisicao-do-portugues-brasileiro-como-lingua-de-heranca-em-contato-com-o-italiano-aspectos-cognitivos-e-socioculturais\/","url":"https:\/\/ponteseditores.com.br\/loja3\/pontes-editores-home-2__trashed\/linguagem\/aquisicao-do-portugues-brasileiro-como-lingua-de-heranca-em-contato-com-o-italiano-aspectos-cognitivos-e-socioculturais\/","name":"Aquisi\u00e7\u00e3o do portugu\u00eas brasileiro como l\u00edngua de heran\u00e7a em contato com o italiano: aspectos cognitivos e socioculturais - Pontes Editores","isPartOf":{"@id":"https:\/\/ponteseditores.com.br\/loja3\/#website"},"primaryImageOfPage":{"@id":"https:\/\/ponteseditores.com.br\/loja3\/pontes-editores-home-2__trashed\/linguagem\/aquisicao-do-portugues-brasileiro-como-lingua-de-heranca-em-contato-com-o-italiano-aspectos-cognitivos-e-socioculturais\/#primaryimage"},"image":{"@id":"https:\/\/ponteseditores.com.br\/loja3\/pontes-editores-home-2__trashed\/linguagem\/aquisicao-do-portugues-brasileiro-como-lingua-de-heranca-em-contato-com-o-italiano-aspectos-cognitivos-e-socioculturais\/#primaryimage"},"thumbnailUrl":"https:\/\/ponteseditores.com.br\/loja3\/wp-content\/uploads\/2024\/01\/Capa_Aquisicao_Portugues.jpg","datePublished":"2024-01-08T19:06:15+00:00","dateModified":"2024-02-06T19:16:52+00:00","breadcrumb":{"@id":"https:\/\/ponteseditores.com.br\/loja3\/pontes-editores-home-2__trashed\/linguagem\/aquisicao-do-portugues-brasileiro-como-lingua-de-heranca-em-contato-com-o-italiano-aspectos-cognitivos-e-socioculturais\/#breadcrumb"},"inLanguage":"pt-BR","potentialAction":[{"@type":"ReadAction","target":["https:\/\/ponteseditores.com.br\/loja3\/pontes-editores-home-2__trashed\/linguagem\/aquisicao-do-portugues-brasileiro-como-lingua-de-heranca-em-contato-com-o-italiano-aspectos-cognitivos-e-socioculturais\/"]}]},{"@type":"ImageObject","inLanguage":"pt-BR","@id":"https:\/\/ponteseditores.com.br\/loja3\/pontes-editores-home-2__trashed\/linguagem\/aquisicao-do-portugues-brasileiro-como-lingua-de-heranca-em-contato-com-o-italiano-aspectos-cognitivos-e-socioculturais\/#primaryimage","url":"https:\/\/ponteseditores.com.br\/loja3\/wp-content\/uploads\/2024\/01\/Capa_Aquisicao_Portugues.jpg","contentUrl":"https:\/\/ponteseditores.com.br\/loja3\/wp-content\/uploads\/2024\/01\/Capa_Aquisicao_Portugues.jpg","width":1728,"height":2443},{"@type":"BreadcrumbList","@id":"https:\/\/ponteseditores.com.br\/loja3\/pontes-editores-home-2__trashed\/linguagem\/aquisicao-do-portugues-brasileiro-como-lingua-de-heranca-em-contato-com-o-italiano-aspectos-cognitivos-e-socioculturais\/#breadcrumb","itemListElement":[{"@type":"ListItem","position":1,"name":"Home","item":"https:\/\/ponteseditores.com.br\/loja3\/"},{"@type":"ListItem","position":2,"name":"loja","item":"https:\/\/ponteseditores.com.br\/loja3\/loja\/"},{"@type":"ListItem","position":3,"name":"Aquisi\u00e7\u00e3o do portugu\u00eas brasileiro como l\u00edngua de heran\u00e7a em contato com o italiano: aspectos cognitivos e socioculturais"}]},{"@type":"WebSite","@id":"https:\/\/ponteseditores.com.br\/loja3\/#website","url":"https:\/\/ponteseditores.com.br\/loja3\/","name":"Pontes Editores","description":"Pontes Editores","publisher":{"@id":"https:\/\/ponteseditores.com.br\/loja3\/#organization"},"potentialAction":[{"@type":"SearchAction","target":{"@type":"EntryPoint","urlTemplate":"https:\/\/ponteseditores.com.br\/loja3\/?s={search_term_string}"},"query-input":{"@type":"PropertyValueSpecification","valueRequired":true,"valueName":"search_term_string"}}],"inLanguage":"pt-BR"},{"@type":"Organization","@id":"https:\/\/ponteseditores.com.br\/loja3\/#organization","name":"Pontes Editores","url":"https:\/\/ponteseditores.com.br\/loja3\/","logo":{"@type":"ImageObject","inLanguage":"pt-BR","@id":"https:\/\/ponteseditores.com.br\/loja3\/#\/schema\/logo\/image\/","url":"https:\/\/ponteseditores.com.br\/loja3\/wp-content\/uploads\/2023\/12\/logo-pontes-editores-v2.png","contentUrl":"https:\/\/ponteseditores.com.br\/loja3\/wp-content\/uploads\/2023\/12\/logo-pontes-editores-v2.png","width":258,"height":100,"caption":"Pontes Editores"},"image":{"@id":"https:\/\/ponteseditores.com.br\/loja3\/#\/schema\/logo\/image\/"}}]}},"_links":{"self":[{"href":"https:\/\/ponteseditores.com.br\/loja3\/wp-json\/wp\/v2\/product\/9448","targetHints":{"allow":["GET"]}}],"collection":[{"href":"https:\/\/ponteseditores.com.br\/loja3\/wp-json\/wp\/v2\/product"}],"about":[{"href":"https:\/\/ponteseditores.com.br\/loja3\/wp-json\/wp\/v2\/types\/product"}],"replies":[{"embeddable":true,"href":"https:\/\/ponteseditores.com.br\/loja3\/wp-json\/wp\/v2\/comments?post=9448"}],"version-history":[{"count":0,"href":"https:\/\/ponteseditores.com.br\/loja3\/wp-json\/wp\/v2\/product\/9448\/revisions"}],"wp:featuredmedia":[{"embeddable":true,"href":"https:\/\/ponteseditores.com.br\/loja3\/wp-json\/wp\/v2\/media\/9452"}],"wp:attachment":[{"href":"https:\/\/ponteseditores.com.br\/loja3\/wp-json\/wp\/v2\/media?parent=9448"}],"wp:term":[{"taxonomy":"product_brand","embeddable":true,"href":"https:\/\/ponteseditores.com.br\/loja3\/wp-json\/wp\/v2\/product_brand?post=9448"},{"taxonomy":"product_cat","embeddable":true,"href":"https:\/\/ponteseditores.com.br\/loja3\/wp-json\/wp\/v2\/product_cat?post=9448"},{"taxonomy":"product_tag","embeddable":true,"href":"https:\/\/ponteseditores.com.br\/loja3\/wp-json\/wp\/v2\/product_tag?post=9448"}],"curies":[{"name":"wp","href":"https:\/\/api.w.org\/{rel}","templated":true}]}}