{"id":8979,"date":"2023-12-20T16:39:18","date_gmt":"2023-12-20T19:39:18","guid":{"rendered":"https:\/\/ponteseditores.com.br\/loja3\/?post_type=product&#038;p=8979"},"modified":"2024-10-08T11:29:11","modified_gmt":"2024-10-08T14:29:11","slug":"dialogos-interdisciplinares-estudos-sobre-lingua-literatura-e-ensino","status":"publish","type":"product","link":"https:\/\/ponteseditores.com.br\/loja3\/pontes-editores-home-2__trashed\/linguistica\/dialogos-interdisciplinares-estudos-sobre-lingua-literatura-e-ensino\/","title":{"rendered":"Di\u00e1logos Interdisciplinares: estudos sobre l\u00edngua, literatura e ensino"},"content":{"rendered":"<ol>\n<li>Educa\u00e7\u00e3o. 2. Lingu\u00edstica. 3. Literatura<\/li>\n<\/ol>\n<p>Este livro \u00e9 resultado do \u201cI Semin\u00e1rio Interdisciplinar: L\u00edngua Literatura e Ensino\u201d, realizado entre os dias 05 e 09 de outubro de 2020, evento que surgiu como uma iniciativa de um grupo de professores da gradua\u00e7\u00e3o e p\u00f3s-gradua\u00e7\u00e3o do Departamento Acad\u00eamico de Letras da Universidade Tecnol\u00f3gica Federal do Paran\u00e1 (UTFPR), do Campus de Pato Branco.<\/p>\n<p>Em meio \u00e0 pandemia de COVID-19, que nos impediu de estarmos \u201cfisicamente\u201d com os alunos em nossas salas de aula da universidade, as plataformas digitais e as intera\u00e7\u00f5es online potencializaram iniciativas e intera\u00e7\u00f5es que antes repercutiam apenas em \u00e2mbito local e nos possibilitaram o encontro e o interc\u00e2mbio de conhecimentos diversos que compartilhamos nesta obra.<\/p>\n","protected":false},"excerpt":{"rendered":"<p>Educa\u00e7\u00e3o. 2. Lingu\u00edstica. 3. Literatura Este livro \u00e9 resultado do \u201cI Semin\u00e1rio Interdisciplinar: L\u00edngua Literatura e Ensino\u201d, realizado entre os dias 05 e 09 de outubro de 2020, evento que surgiu como uma iniciativa de um grupo de professores da gradua\u00e7\u00e3o e p\u00f3s-gradua\u00e7\u00e3o do Departamento Acad\u00eamico de Letras da Universidade Tecnol\u00f3gica Federal do Paran\u00e1 (UTFPR), [&hellip;]<\/p>\n","protected":false},"featured_media":7208,"comment_status":"open","ping_status":"closed","template":"","meta":{"_joinchat":[]},"product_brand":[],"product_cat":[165,31],"product_tag":[],"class_list":{"0":"post-8979","1":"product","2":"type-product","3":"status-publish","4":"has-post-thumbnail","6":"product_cat-ebook","7":"product_cat-linguistica","8":"product_shipping_class-download","10":"first","11":"instock","12":"downloadable","13":"virtual","14":"purchasable","15":"product-type-simple"},"yoast_head":"<!-- This site is optimized with the Yoast SEO plugin v27.4 - https:\/\/yoast.com\/product\/yoast-seo-wordpress\/ -->\n<title>Di\u00e1logos Interdisciplinares: estudos sobre l\u00edngua, literatura e ensino - Pontes Editores<\/title>\n<meta name=\"robots\" content=\"index, follow, max-snippet:-1, max-image-preview:large, max-video-preview:-1\" \/>\n<link rel=\"canonical\" href=\"https:\/\/ponteseditores.com.br\/loja3\/pontes-editores-home-2__trashed\/linguistica\/dialogos-interdisciplinares-estudos-sobre-lingua-literatura-e-ensino\/\" \/>\n<meta property=\"og:locale\" content=\"pt_BR\" \/>\n<meta property=\"og:type\" content=\"article\" \/>\n<meta property=\"og:title\" content=\"Di\u00e1logos Interdisciplinares: estudos sobre l\u00edngua, literatura e ensino - Pontes Editores\" \/>\n<meta property=\"og:description\" content=\"Educa\u00e7\u00e3o. 2. Lingu\u00edstica. 3. Literatura Este livro \u00e9 resultado do \u201cI Semin\u00e1rio Interdisciplinar: L\u00edngua Literatura e Ensino\u201d, realizado entre os dias 05 e 09 de outubro de 2020, evento que surgiu como uma iniciativa de um grupo de professores da gradua\u00e7\u00e3o e p\u00f3s-gradua\u00e7\u00e3o do Departamento Acad\u00eamico de Letras da Universidade Tecnol\u00f3gica Federal do Paran\u00e1 (UTFPR), [&hellip;]\" \/>\n<meta property=\"og:url\" content=\"https:\/\/ponteseditores.com.br\/loja3\/pontes-editores-home-2__trashed\/linguistica\/dialogos-interdisciplinares-estudos-sobre-lingua-literatura-e-ensino\/\" \/>\n<meta property=\"og:site_name\" content=\"Pontes Editores\" \/>\n<meta property=\"article:modified_time\" content=\"2024-10-08T14:29:11+00:00\" \/>\n<meta property=\"og:image\" content=\"https:\/\/ponteseditores.com.br\/loja3\/wp-content\/uploads\/2023\/12\/Capa_Dialogos_Interdisciplinares.jpg\" \/>\n\t<meta property=\"og:image:width\" content=\"1728\" \/>\n\t<meta property=\"og:image:height\" content=\"2443\" \/>\n\t<meta property=\"og:image:type\" content=\"image\/jpeg\" \/>\n<meta name=\"twitter:card\" content=\"summary_large_image\" \/>\n<meta name=\"twitter:label1\" content=\"Est. tempo de leitura\" \/>\n\t<meta name=\"twitter:data1\" content=\"1 minuto\" \/>\n<script type=\"application\/ld+json\" class=\"yoast-schema-graph\">{\"@context\":\"https:\\\/\\\/schema.org\",\"@graph\":[{\"@type\":\"WebPage\",\"@id\":\"https:\\\/\\\/ponteseditores.com.br\\\/loja3\\\/pontes-editores-home-2__trashed\\\/linguistica\\\/dialogos-interdisciplinares-estudos-sobre-lingua-literatura-e-ensino\\\/\",\"url\":\"https:\\\/\\\/ponteseditores.com.br\\\/loja3\\\/pontes-editores-home-2__trashed\\\/linguistica\\\/dialogos-interdisciplinares-estudos-sobre-lingua-literatura-e-ensino\\\/\",\"name\":\"Di\u00e1logos Interdisciplinares: estudos sobre l\u00edngua, literatura e ensino - Pontes Editores\",\"isPartOf\":{\"@id\":\"https:\\\/\\\/ponteseditores.com.br\\\/loja3\\\/#website\"},\"primaryImageOfPage\":{\"@id\":\"https:\\\/\\\/ponteseditores.com.br\\\/loja3\\\/pontes-editores-home-2__trashed\\\/linguistica\\\/dialogos-interdisciplinares-estudos-sobre-lingua-literatura-e-ensino\\\/#primaryimage\"},\"image\":{\"@id\":\"https:\\\/\\\/ponteseditores.com.br\\\/loja3\\\/pontes-editores-home-2__trashed\\\/linguistica\\\/dialogos-interdisciplinares-estudos-sobre-lingua-literatura-e-ensino\\\/#primaryimage\"},\"thumbnailUrl\":\"https:\\\/\\\/ponteseditores.com.br\\\/loja3\\\/wp-content\\\/uploads\\\/2023\\\/12\\\/Capa_Dialogos_Interdisciplinares.jpg\",\"datePublished\":\"2023-12-20T19:39:18+00:00\",\"dateModified\":\"2024-10-08T14:29:11+00:00\",\"breadcrumb\":{\"@id\":\"https:\\\/\\\/ponteseditores.com.br\\\/loja3\\\/pontes-editores-home-2__trashed\\\/linguistica\\\/dialogos-interdisciplinares-estudos-sobre-lingua-literatura-e-ensino\\\/#breadcrumb\"},\"inLanguage\":\"pt-BR\",\"potentialAction\":[{\"@type\":\"ReadAction\",\"target\":[\"https:\\\/\\\/ponteseditores.com.br\\\/loja3\\\/pontes-editores-home-2__trashed\\\/linguistica\\\/dialogos-interdisciplinares-estudos-sobre-lingua-literatura-e-ensino\\\/\"]}]},{\"@type\":\"ImageObject\",\"inLanguage\":\"pt-BR\",\"@id\":\"https:\\\/\\\/ponteseditores.com.br\\\/loja3\\\/pontes-editores-home-2__trashed\\\/linguistica\\\/dialogos-interdisciplinares-estudos-sobre-lingua-literatura-e-ensino\\\/#primaryimage\",\"url\":\"https:\\\/\\\/ponteseditores.com.br\\\/loja3\\\/wp-content\\\/uploads\\\/2023\\\/12\\\/Capa_Dialogos_Interdisciplinares.jpg\",\"contentUrl\":\"https:\\\/\\\/ponteseditores.com.br\\\/loja3\\\/wp-content\\\/uploads\\\/2023\\\/12\\\/Capa_Dialogos_Interdisciplinares.jpg\",\"width\":1728,\"height\":2443},{\"@type\":\"BreadcrumbList\",\"@id\":\"https:\\\/\\\/ponteseditores.com.br\\\/loja3\\\/pontes-editores-home-2__trashed\\\/linguistica\\\/dialogos-interdisciplinares-estudos-sobre-lingua-literatura-e-ensino\\\/#breadcrumb\",\"itemListElement\":[{\"@type\":\"ListItem\",\"position\":1,\"name\":\"Home\",\"item\":\"https:\\\/\\\/ponteseditores.com.br\\\/loja3\\\/\"},{\"@type\":\"ListItem\",\"position\":2,\"name\":\"loja\",\"item\":\"https:\\\/\\\/ponteseditores.com.br\\\/loja3\\\/loja\\\/\"},{\"@type\":\"ListItem\",\"position\":3,\"name\":\"Di\u00e1logos Interdisciplinares: estudos sobre l\u00edngua, literatura e ensino\"}]},{\"@type\":\"WebSite\",\"@id\":\"https:\\\/\\\/ponteseditores.com.br\\\/loja3\\\/#website\",\"url\":\"https:\\\/\\\/ponteseditores.com.br\\\/loja3\\\/\",\"name\":\"Pontes Editores\",\"description\":\"Pontes Editores\",\"publisher\":{\"@id\":\"https:\\\/\\\/ponteseditores.com.br\\\/loja3\\\/#organization\"},\"potentialAction\":[{\"@type\":\"SearchAction\",\"target\":{\"@type\":\"EntryPoint\",\"urlTemplate\":\"https:\\\/\\\/ponteseditores.com.br\\\/loja3\\\/?s={search_term_string}\"},\"query-input\":{\"@type\":\"PropertyValueSpecification\",\"valueRequired\":true,\"valueName\":\"search_term_string\"}}],\"inLanguage\":\"pt-BR\"},{\"@type\":\"Organization\",\"@id\":\"https:\\\/\\\/ponteseditores.com.br\\\/loja3\\\/#organization\",\"name\":\"Pontes Editores\",\"url\":\"https:\\\/\\\/ponteseditores.com.br\\\/loja3\\\/\",\"logo\":{\"@type\":\"ImageObject\",\"inLanguage\":\"pt-BR\",\"@id\":\"https:\\\/\\\/ponteseditores.com.br\\\/loja3\\\/#\\\/schema\\\/logo\\\/image\\\/\",\"url\":\"https:\\\/\\\/ponteseditores.com.br\\\/loja3\\\/wp-content\\\/uploads\\\/2023\\\/12\\\/logo-pontes-editores-v2.png\",\"contentUrl\":\"https:\\\/\\\/ponteseditores.com.br\\\/loja3\\\/wp-content\\\/uploads\\\/2023\\\/12\\\/logo-pontes-editores-v2.png\",\"width\":258,\"height\":100,\"caption\":\"Pontes Editores\"},\"image\":{\"@id\":\"https:\\\/\\\/ponteseditores.com.br\\\/loja3\\\/#\\\/schema\\\/logo\\\/image\\\/\"}}]}<\/script>\n<!-- \/ Yoast SEO plugin. -->","yoast_head_json":{"title":"Di\u00e1logos Interdisciplinares: estudos sobre l\u00edngua, literatura e ensino - Pontes Editores","robots":{"index":"index","follow":"follow","max-snippet":"max-snippet:-1","max-image-preview":"max-image-preview:large","max-video-preview":"max-video-preview:-1"},"canonical":"https:\/\/ponteseditores.com.br\/loja3\/pontes-editores-home-2__trashed\/linguistica\/dialogos-interdisciplinares-estudos-sobre-lingua-literatura-e-ensino\/","og_locale":"pt_BR","og_type":"article","og_title":"Di\u00e1logos Interdisciplinares: estudos sobre l\u00edngua, literatura e ensino - Pontes Editores","og_description":"Educa\u00e7\u00e3o. 2. Lingu\u00edstica. 3. Literatura Este livro \u00e9 resultado do \u201cI Semin\u00e1rio Interdisciplinar: L\u00edngua Literatura e Ensino\u201d, realizado entre os dias 05 e 09 de outubro de 2020, evento que surgiu como uma iniciativa de um grupo de professores da gradua\u00e7\u00e3o e p\u00f3s-gradua\u00e7\u00e3o do Departamento Acad\u00eamico de Letras da Universidade Tecnol\u00f3gica Federal do Paran\u00e1 (UTFPR), [&hellip;]","og_url":"https:\/\/ponteseditores.com.br\/loja3\/pontes-editores-home-2__trashed\/linguistica\/dialogos-interdisciplinares-estudos-sobre-lingua-literatura-e-ensino\/","og_site_name":"Pontes Editores","article_modified_time":"2024-10-08T14:29:11+00:00","og_image":[{"width":1728,"height":2443,"url":"https:\/\/ponteseditores.com.br\/loja3\/wp-content\/uploads\/2023\/12\/Capa_Dialogos_Interdisciplinares.jpg","type":"image\/jpeg"}],"twitter_card":"summary_large_image","twitter_misc":{"Est. tempo de leitura":"1 minuto"},"schema":{"@context":"https:\/\/schema.org","@graph":[{"@type":"WebPage","@id":"https:\/\/ponteseditores.com.br\/loja3\/pontes-editores-home-2__trashed\/linguistica\/dialogos-interdisciplinares-estudos-sobre-lingua-literatura-e-ensino\/","url":"https:\/\/ponteseditores.com.br\/loja3\/pontes-editores-home-2__trashed\/linguistica\/dialogos-interdisciplinares-estudos-sobre-lingua-literatura-e-ensino\/","name":"Di\u00e1logos Interdisciplinares: estudos sobre l\u00edngua, literatura e ensino - Pontes Editores","isPartOf":{"@id":"https:\/\/ponteseditores.com.br\/loja3\/#website"},"primaryImageOfPage":{"@id":"https:\/\/ponteseditores.com.br\/loja3\/pontes-editores-home-2__trashed\/linguistica\/dialogos-interdisciplinares-estudos-sobre-lingua-literatura-e-ensino\/#primaryimage"},"image":{"@id":"https:\/\/ponteseditores.com.br\/loja3\/pontes-editores-home-2__trashed\/linguistica\/dialogos-interdisciplinares-estudos-sobre-lingua-literatura-e-ensino\/#primaryimage"},"thumbnailUrl":"https:\/\/ponteseditores.com.br\/loja3\/wp-content\/uploads\/2023\/12\/Capa_Dialogos_Interdisciplinares.jpg","datePublished":"2023-12-20T19:39:18+00:00","dateModified":"2024-10-08T14:29:11+00:00","breadcrumb":{"@id":"https:\/\/ponteseditores.com.br\/loja3\/pontes-editores-home-2__trashed\/linguistica\/dialogos-interdisciplinares-estudos-sobre-lingua-literatura-e-ensino\/#breadcrumb"},"inLanguage":"pt-BR","potentialAction":[{"@type":"ReadAction","target":["https:\/\/ponteseditores.com.br\/loja3\/pontes-editores-home-2__trashed\/linguistica\/dialogos-interdisciplinares-estudos-sobre-lingua-literatura-e-ensino\/"]}]},{"@type":"ImageObject","inLanguage":"pt-BR","@id":"https:\/\/ponteseditores.com.br\/loja3\/pontes-editores-home-2__trashed\/linguistica\/dialogos-interdisciplinares-estudos-sobre-lingua-literatura-e-ensino\/#primaryimage","url":"https:\/\/ponteseditores.com.br\/loja3\/wp-content\/uploads\/2023\/12\/Capa_Dialogos_Interdisciplinares.jpg","contentUrl":"https:\/\/ponteseditores.com.br\/loja3\/wp-content\/uploads\/2023\/12\/Capa_Dialogos_Interdisciplinares.jpg","width":1728,"height":2443},{"@type":"BreadcrumbList","@id":"https:\/\/ponteseditores.com.br\/loja3\/pontes-editores-home-2__trashed\/linguistica\/dialogos-interdisciplinares-estudos-sobre-lingua-literatura-e-ensino\/#breadcrumb","itemListElement":[{"@type":"ListItem","position":1,"name":"Home","item":"https:\/\/ponteseditores.com.br\/loja3\/"},{"@type":"ListItem","position":2,"name":"loja","item":"https:\/\/ponteseditores.com.br\/loja3\/loja\/"},{"@type":"ListItem","position":3,"name":"Di\u00e1logos Interdisciplinares: estudos sobre l\u00edngua, literatura e ensino"}]},{"@type":"WebSite","@id":"https:\/\/ponteseditores.com.br\/loja3\/#website","url":"https:\/\/ponteseditores.com.br\/loja3\/","name":"Pontes Editores","description":"Pontes Editores","publisher":{"@id":"https:\/\/ponteseditores.com.br\/loja3\/#organization"},"potentialAction":[{"@type":"SearchAction","target":{"@type":"EntryPoint","urlTemplate":"https:\/\/ponteseditores.com.br\/loja3\/?s={search_term_string}"},"query-input":{"@type":"PropertyValueSpecification","valueRequired":true,"valueName":"search_term_string"}}],"inLanguage":"pt-BR"},{"@type":"Organization","@id":"https:\/\/ponteseditores.com.br\/loja3\/#organization","name":"Pontes Editores","url":"https:\/\/ponteseditores.com.br\/loja3\/","logo":{"@type":"ImageObject","inLanguage":"pt-BR","@id":"https:\/\/ponteseditores.com.br\/loja3\/#\/schema\/logo\/image\/","url":"https:\/\/ponteseditores.com.br\/loja3\/wp-content\/uploads\/2023\/12\/logo-pontes-editores-v2.png","contentUrl":"https:\/\/ponteseditores.com.br\/loja3\/wp-content\/uploads\/2023\/12\/logo-pontes-editores-v2.png","width":258,"height":100,"caption":"Pontes Editores"},"image":{"@id":"https:\/\/ponteseditores.com.br\/loja3\/#\/schema\/logo\/image\/"}}]}},"_links":{"self":[{"href":"https:\/\/ponteseditores.com.br\/loja3\/wp-json\/wp\/v2\/product\/8979","targetHints":{"allow":["GET"]}}],"collection":[{"href":"https:\/\/ponteseditores.com.br\/loja3\/wp-json\/wp\/v2\/product"}],"about":[{"href":"https:\/\/ponteseditores.com.br\/loja3\/wp-json\/wp\/v2\/types\/product"}],"replies":[{"embeddable":true,"href":"https:\/\/ponteseditores.com.br\/loja3\/wp-json\/wp\/v2\/comments?post=8979"}],"version-history":[{"count":1,"href":"https:\/\/ponteseditores.com.br\/loja3\/wp-json\/wp\/v2\/product\/8979\/revisions"}],"predecessor-version":[{"id":8980,"href":"https:\/\/ponteseditores.com.br\/loja3\/wp-json\/wp\/v2\/product\/8979\/revisions\/8980"}],"wp:featuredmedia":[{"embeddable":true,"href":"https:\/\/ponteseditores.com.br\/loja3\/wp-json\/wp\/v2\/media\/7208"}],"wp:attachment":[{"href":"https:\/\/ponteseditores.com.br\/loja3\/wp-json\/wp\/v2\/media?parent=8979"}],"wp:term":[{"taxonomy":"product_brand","embeddable":true,"href":"https:\/\/ponteseditores.com.br\/loja3\/wp-json\/wp\/v2\/product_brand?post=8979"},{"taxonomy":"product_cat","embeddable":true,"href":"https:\/\/ponteseditores.com.br\/loja3\/wp-json\/wp\/v2\/product_cat?post=8979"},{"taxonomy":"product_tag","embeddable":true,"href":"https:\/\/ponteseditores.com.br\/loja3\/wp-json\/wp\/v2\/product_tag?post=8979"}],"curies":[{"name":"wp","href":"https:\/\/api.w.org\/{rel}","templated":true}]}}