{"id":8787,"date":"2023-12-19T12:31:37","date_gmt":"2023-12-19T15:31:37","guid":{"rendered":"https:\/\/ponteseditores.com.br\/loja3\/?post_type=product&#038;p=8787"},"modified":"2024-10-08T11:29:11","modified_gmt":"2024-10-08T14:29:11","slug":"joao-do-rios-selected-tales-into-the-night-and-other-stories-contos-selecionados-de-joao-do-rio-dentro-da-noite-e-outras-historias","status":"publish","type":"product","link":"https:\/\/ponteseditores.com.br\/loja3\/pontes-editores-home-2__trashed\/ebook\/joao-do-rios-selected-tales-into-the-night-and-other-stories-contos-selecionados-de-joao-do-rio-dentro-da-noite-e-outras-historias\/","title":{"rendered":"Jo\u00e3o do Rio\u2019s Selected Tales: Into The Night And Other Stories &#8211; contos selecionados de Jo\u00e3o do Rio: dentro da noite e outras hist\u00f3rias"},"content":{"rendered":"<p>A obra ora trazida a lume, resultado de um trabalho esmerado de tradu\u00e7\u00e3o por parte da pesquisadora e tradutora Prof\u00aa Dr\u00aa Mirian Ruffin enteia os leitores em l\u00edngua inglesa com a vers\u00e3o transcriadora de treze contos de Jo\u00e3o do Rio. O exerc\u00edcio de leitura ao qual se lan\u00e7a a presente tradu\u00e7\u00e3o perfaz a trajet\u00f3ria de apaixonada cumplicidade ao texto fonte \u00e0 qual se refere Umberto Eco (2007, p. 426) \u201c[&#8230;] \u00e9 o empenho em identificar aquilo que, para n\u00f3s, \u00e9 o sentido profundo do texto e \u00e9 a capacidade de negociar a cada instante a solu\u00e7\u00e3o que nos parece mais justa.\u201d Eis a grata tarefa que este volume realiza. Trata-se, em suma, de colocar em di\u00e1logo diferentes temporalidades, espa\u00e7os e culturas, uma aventura lingu\u00edstica e liter\u00e1ria a que se havia lan\u00e7ado o pr\u00f3prio Jo\u00e3o do Rio ao traduzir Oscar Wilde.<\/p>\n","protected":false},"excerpt":{"rendered":"<p>A obra ora trazida a lume, resultado de um trabalho esmerado de tradu\u00e7\u00e3o por parte da pesquisadora e tradutora Prof\u00aa Dr\u00aa Mirian Ruffin enteia os leitores em l\u00edngua inglesa com a vers\u00e3o transcriadora de treze contos de Jo\u00e3o do Rio. O exerc\u00edcio de leitura ao qual se lan\u00e7a a presente tradu\u00e7\u00e3o perfaz a trajet\u00f3ria de [&hellip;]<\/p>\n","protected":false},"featured_media":7216,"comment_status":"open","ping_status":"closed","template":"","meta":{"_joinchat":[]},"product_brand":[],"product_cat":[297,165],"product_tag":[],"class_list":{"0":"post-8787","1":"product","2":"type-product","3":"status-publish","4":"has-post-thumbnail","6":"product_cat-critica-literaria","7":"product_cat-ebook","8":"product_shipping_class-download","10":"first","11":"instock","12":"downloadable","13":"virtual","14":"purchasable","15":"product-type-simple"},"yoast_head":"<!-- This site is optimized with the Yoast SEO plugin v27.4 - https:\/\/yoast.com\/product\/yoast-seo-wordpress\/ -->\n<title>Jo\u00e3o do Rio\u2019s Selected Tales: Into The Night And Other Stories - contos selecionados de Jo\u00e3o do Rio: dentro da noite e outras hist\u00f3rias - Pontes Editores<\/title>\n<meta name=\"robots\" content=\"index, follow, max-snippet:-1, max-image-preview:large, max-video-preview:-1\" \/>\n<link rel=\"canonical\" href=\"https:\/\/ponteseditores.com.br\/loja3\/pontes-editores-home-2__trashed\/ebook\/joao-do-rios-selected-tales-into-the-night-and-other-stories-contos-selecionados-de-joao-do-rio-dentro-da-noite-e-outras-historias\/\" \/>\n<meta property=\"og:locale\" content=\"pt_BR\" \/>\n<meta property=\"og:type\" content=\"article\" \/>\n<meta property=\"og:title\" content=\"Jo\u00e3o do Rio\u2019s Selected Tales: Into The Night And Other Stories - contos selecionados de Jo\u00e3o do Rio: dentro da noite e outras hist\u00f3rias - Pontes Editores\" \/>\n<meta property=\"og:description\" content=\"A obra ora trazida a lume, resultado de um trabalho esmerado de tradu\u00e7\u00e3o por parte da pesquisadora e tradutora Prof\u00aa Dr\u00aa Mirian Ruffin enteia os leitores em l\u00edngua inglesa com a vers\u00e3o transcriadora de treze contos de Jo\u00e3o do Rio. O exerc\u00edcio de leitura ao qual se lan\u00e7a a presente tradu\u00e7\u00e3o perfaz a trajet\u00f3ria de [&hellip;]\" \/>\n<meta property=\"og:url\" content=\"https:\/\/ponteseditores.com.br\/loja3\/pontes-editores-home-2__trashed\/ebook\/joao-do-rios-selected-tales-into-the-night-and-other-stories-contos-selecionados-de-joao-do-rio-dentro-da-noite-e-outras-historias\/\" \/>\n<meta property=\"og:site_name\" content=\"Pontes Editores\" \/>\n<meta property=\"article:modified_time\" content=\"2024-10-08T14:29:11+00:00\" \/>\n<meta property=\"og:image\" content=\"https:\/\/ponteseditores.com.br\/loja3\/wp-content\/uploads\/2023\/12\/CAPA-JO\u0627O-DO-RIOS-SELECTED-TALES.jpg\" \/>\n\t<meta property=\"og:image:width\" content=\"951\" \/>\n\t<meta property=\"og:image:height\" content=\"1358\" \/>\n\t<meta property=\"og:image:type\" content=\"image\/jpeg\" \/>\n<meta name=\"twitter:card\" content=\"summary_large_image\" \/>\n<meta name=\"twitter:label1\" content=\"Est. tempo de leitura\" \/>\n\t<meta name=\"twitter:data1\" content=\"1 minuto\" \/>\n<script type=\"application\/ld+json\" class=\"yoast-schema-graph\">{\"@context\":\"https:\\\/\\\/schema.org\",\"@graph\":[{\"@type\":\"WebPage\",\"@id\":\"https:\\\/\\\/ponteseditores.com.br\\\/loja3\\\/pontes-editores-home-2__trashed\\\/ebook\\\/joao-do-rios-selected-tales-into-the-night-and-other-stories-contos-selecionados-de-joao-do-rio-dentro-da-noite-e-outras-historias\\\/\",\"url\":\"https:\\\/\\\/ponteseditores.com.br\\\/loja3\\\/pontes-editores-home-2__trashed\\\/ebook\\\/joao-do-rios-selected-tales-into-the-night-and-other-stories-contos-selecionados-de-joao-do-rio-dentro-da-noite-e-outras-historias\\\/\",\"name\":\"Jo\u00e3o do Rio\u2019s Selected Tales: Into The Night And Other Stories - contos selecionados de Jo\u00e3o do Rio: dentro da noite e outras hist\u00f3rias - Pontes Editores\",\"isPartOf\":{\"@id\":\"https:\\\/\\\/ponteseditores.com.br\\\/loja3\\\/#website\"},\"primaryImageOfPage\":{\"@id\":\"https:\\\/\\\/ponteseditores.com.br\\\/loja3\\\/pontes-editores-home-2__trashed\\\/ebook\\\/joao-do-rios-selected-tales-into-the-night-and-other-stories-contos-selecionados-de-joao-do-rio-dentro-da-noite-e-outras-historias\\\/#primaryimage\"},\"image\":{\"@id\":\"https:\\\/\\\/ponteseditores.com.br\\\/loja3\\\/pontes-editores-home-2__trashed\\\/ebook\\\/joao-do-rios-selected-tales-into-the-night-and-other-stories-contos-selecionados-de-joao-do-rio-dentro-da-noite-e-outras-historias\\\/#primaryimage\"},\"thumbnailUrl\":\"https:\\\/\\\/ponteseditores.com.br\\\/loja3\\\/wp-content\\\/uploads\\\/2023\\\/12\\\/CAPA-JO\u0627O-DO-RIOS-SELECTED-TALES.jpg\",\"datePublished\":\"2023-12-19T15:31:37+00:00\",\"dateModified\":\"2024-10-08T14:29:11+00:00\",\"breadcrumb\":{\"@id\":\"https:\\\/\\\/ponteseditores.com.br\\\/loja3\\\/pontes-editores-home-2__trashed\\\/ebook\\\/joao-do-rios-selected-tales-into-the-night-and-other-stories-contos-selecionados-de-joao-do-rio-dentro-da-noite-e-outras-historias\\\/#breadcrumb\"},\"inLanguage\":\"pt-BR\",\"potentialAction\":[{\"@type\":\"ReadAction\",\"target\":[\"https:\\\/\\\/ponteseditores.com.br\\\/loja3\\\/pontes-editores-home-2__trashed\\\/ebook\\\/joao-do-rios-selected-tales-into-the-night-and-other-stories-contos-selecionados-de-joao-do-rio-dentro-da-noite-e-outras-historias\\\/\"]}]},{\"@type\":\"ImageObject\",\"inLanguage\":\"pt-BR\",\"@id\":\"https:\\\/\\\/ponteseditores.com.br\\\/loja3\\\/pontes-editores-home-2__trashed\\\/ebook\\\/joao-do-rios-selected-tales-into-the-night-and-other-stories-contos-selecionados-de-joao-do-rio-dentro-da-noite-e-outras-historias\\\/#primaryimage\",\"url\":\"https:\\\/\\\/ponteseditores.com.br\\\/loja3\\\/wp-content\\\/uploads\\\/2023\\\/12\\\/CAPA-JO\u0627O-DO-RIOS-SELECTED-TALES.jpg\",\"contentUrl\":\"https:\\\/\\\/ponteseditores.com.br\\\/loja3\\\/wp-content\\\/uploads\\\/2023\\\/12\\\/CAPA-JO\u0627O-DO-RIOS-SELECTED-TALES.jpg\",\"width\":951,\"height\":1358},{\"@type\":\"BreadcrumbList\",\"@id\":\"https:\\\/\\\/ponteseditores.com.br\\\/loja3\\\/pontes-editores-home-2__trashed\\\/ebook\\\/joao-do-rios-selected-tales-into-the-night-and-other-stories-contos-selecionados-de-joao-do-rio-dentro-da-noite-e-outras-historias\\\/#breadcrumb\",\"itemListElement\":[{\"@type\":\"ListItem\",\"position\":1,\"name\":\"Home\",\"item\":\"https:\\\/\\\/ponteseditores.com.br\\\/loja3\\\/\"},{\"@type\":\"ListItem\",\"position\":2,\"name\":\"loja\",\"item\":\"https:\\\/\\\/ponteseditores.com.br\\\/loja3\\\/loja\\\/\"},{\"@type\":\"ListItem\",\"position\":3,\"name\":\"Jo\u00e3o do Rio\u2019s Selected Tales: Into The Night And Other Stories &#8211; contos selecionados de Jo\u00e3o do Rio: dentro da noite e outras hist\u00f3rias\"}]},{\"@type\":\"WebSite\",\"@id\":\"https:\\\/\\\/ponteseditores.com.br\\\/loja3\\\/#website\",\"url\":\"https:\\\/\\\/ponteseditores.com.br\\\/loja3\\\/\",\"name\":\"Pontes Editores\",\"description\":\"Pontes Editores\",\"publisher\":{\"@id\":\"https:\\\/\\\/ponteseditores.com.br\\\/loja3\\\/#organization\"},\"potentialAction\":[{\"@type\":\"SearchAction\",\"target\":{\"@type\":\"EntryPoint\",\"urlTemplate\":\"https:\\\/\\\/ponteseditores.com.br\\\/loja3\\\/?s={search_term_string}\"},\"query-input\":{\"@type\":\"PropertyValueSpecification\",\"valueRequired\":true,\"valueName\":\"search_term_string\"}}],\"inLanguage\":\"pt-BR\"},{\"@type\":\"Organization\",\"@id\":\"https:\\\/\\\/ponteseditores.com.br\\\/loja3\\\/#organization\",\"name\":\"Pontes Editores\",\"url\":\"https:\\\/\\\/ponteseditores.com.br\\\/loja3\\\/\",\"logo\":{\"@type\":\"ImageObject\",\"inLanguage\":\"pt-BR\",\"@id\":\"https:\\\/\\\/ponteseditores.com.br\\\/loja3\\\/#\\\/schema\\\/logo\\\/image\\\/\",\"url\":\"https:\\\/\\\/ponteseditores.com.br\\\/loja3\\\/wp-content\\\/uploads\\\/2023\\\/12\\\/logo-pontes-editores-v2.png\",\"contentUrl\":\"https:\\\/\\\/ponteseditores.com.br\\\/loja3\\\/wp-content\\\/uploads\\\/2023\\\/12\\\/logo-pontes-editores-v2.png\",\"width\":258,\"height\":100,\"caption\":\"Pontes Editores\"},\"image\":{\"@id\":\"https:\\\/\\\/ponteseditores.com.br\\\/loja3\\\/#\\\/schema\\\/logo\\\/image\\\/\"}}]}<\/script>\n<!-- \/ Yoast SEO plugin. -->","yoast_head_json":{"title":"Jo\u00e3o do Rio\u2019s Selected Tales: Into The Night And Other Stories - contos selecionados de Jo\u00e3o do Rio: dentro da noite e outras hist\u00f3rias - Pontes Editores","robots":{"index":"index","follow":"follow","max-snippet":"max-snippet:-1","max-image-preview":"max-image-preview:large","max-video-preview":"max-video-preview:-1"},"canonical":"https:\/\/ponteseditores.com.br\/loja3\/pontes-editores-home-2__trashed\/ebook\/joao-do-rios-selected-tales-into-the-night-and-other-stories-contos-selecionados-de-joao-do-rio-dentro-da-noite-e-outras-historias\/","og_locale":"pt_BR","og_type":"article","og_title":"Jo\u00e3o do Rio\u2019s Selected Tales: Into The Night And Other Stories - contos selecionados de Jo\u00e3o do Rio: dentro da noite e outras hist\u00f3rias - Pontes Editores","og_description":"A obra ora trazida a lume, resultado de um trabalho esmerado de tradu\u00e7\u00e3o por parte da pesquisadora e tradutora Prof\u00aa Dr\u00aa Mirian Ruffin enteia os leitores em l\u00edngua inglesa com a vers\u00e3o transcriadora de treze contos de Jo\u00e3o do Rio. O exerc\u00edcio de leitura ao qual se lan\u00e7a a presente tradu\u00e7\u00e3o perfaz a trajet\u00f3ria de [&hellip;]","og_url":"https:\/\/ponteseditores.com.br\/loja3\/pontes-editores-home-2__trashed\/ebook\/joao-do-rios-selected-tales-into-the-night-and-other-stories-contos-selecionados-de-joao-do-rio-dentro-da-noite-e-outras-historias\/","og_site_name":"Pontes Editores","article_modified_time":"2024-10-08T14:29:11+00:00","og_image":[{"width":951,"height":1358,"url":"https:\/\/ponteseditores.com.br\/loja3\/wp-content\/uploads\/2023\/12\/CAPA-JO\u0627O-DO-RIOS-SELECTED-TALES.jpg","type":"image\/jpeg"}],"twitter_card":"summary_large_image","twitter_misc":{"Est. tempo de leitura":"1 minuto"},"schema":{"@context":"https:\/\/schema.org","@graph":[{"@type":"WebPage","@id":"https:\/\/ponteseditores.com.br\/loja3\/pontes-editores-home-2__trashed\/ebook\/joao-do-rios-selected-tales-into-the-night-and-other-stories-contos-selecionados-de-joao-do-rio-dentro-da-noite-e-outras-historias\/","url":"https:\/\/ponteseditores.com.br\/loja3\/pontes-editores-home-2__trashed\/ebook\/joao-do-rios-selected-tales-into-the-night-and-other-stories-contos-selecionados-de-joao-do-rio-dentro-da-noite-e-outras-historias\/","name":"Jo\u00e3o do Rio\u2019s Selected Tales: Into The Night And Other Stories - contos selecionados de Jo\u00e3o do Rio: dentro da noite e outras hist\u00f3rias - Pontes Editores","isPartOf":{"@id":"https:\/\/ponteseditores.com.br\/loja3\/#website"},"primaryImageOfPage":{"@id":"https:\/\/ponteseditores.com.br\/loja3\/pontes-editores-home-2__trashed\/ebook\/joao-do-rios-selected-tales-into-the-night-and-other-stories-contos-selecionados-de-joao-do-rio-dentro-da-noite-e-outras-historias\/#primaryimage"},"image":{"@id":"https:\/\/ponteseditores.com.br\/loja3\/pontes-editores-home-2__trashed\/ebook\/joao-do-rios-selected-tales-into-the-night-and-other-stories-contos-selecionados-de-joao-do-rio-dentro-da-noite-e-outras-historias\/#primaryimage"},"thumbnailUrl":"https:\/\/ponteseditores.com.br\/loja3\/wp-content\/uploads\/2023\/12\/CAPA-JO\u0627O-DO-RIOS-SELECTED-TALES.jpg","datePublished":"2023-12-19T15:31:37+00:00","dateModified":"2024-10-08T14:29:11+00:00","breadcrumb":{"@id":"https:\/\/ponteseditores.com.br\/loja3\/pontes-editores-home-2__trashed\/ebook\/joao-do-rios-selected-tales-into-the-night-and-other-stories-contos-selecionados-de-joao-do-rio-dentro-da-noite-e-outras-historias\/#breadcrumb"},"inLanguage":"pt-BR","potentialAction":[{"@type":"ReadAction","target":["https:\/\/ponteseditores.com.br\/loja3\/pontes-editores-home-2__trashed\/ebook\/joao-do-rios-selected-tales-into-the-night-and-other-stories-contos-selecionados-de-joao-do-rio-dentro-da-noite-e-outras-historias\/"]}]},{"@type":"ImageObject","inLanguage":"pt-BR","@id":"https:\/\/ponteseditores.com.br\/loja3\/pontes-editores-home-2__trashed\/ebook\/joao-do-rios-selected-tales-into-the-night-and-other-stories-contos-selecionados-de-joao-do-rio-dentro-da-noite-e-outras-historias\/#primaryimage","url":"https:\/\/ponteseditores.com.br\/loja3\/wp-content\/uploads\/2023\/12\/CAPA-JO\u0627O-DO-RIOS-SELECTED-TALES.jpg","contentUrl":"https:\/\/ponteseditores.com.br\/loja3\/wp-content\/uploads\/2023\/12\/CAPA-JO\u0627O-DO-RIOS-SELECTED-TALES.jpg","width":951,"height":1358},{"@type":"BreadcrumbList","@id":"https:\/\/ponteseditores.com.br\/loja3\/pontes-editores-home-2__trashed\/ebook\/joao-do-rios-selected-tales-into-the-night-and-other-stories-contos-selecionados-de-joao-do-rio-dentro-da-noite-e-outras-historias\/#breadcrumb","itemListElement":[{"@type":"ListItem","position":1,"name":"Home","item":"https:\/\/ponteseditores.com.br\/loja3\/"},{"@type":"ListItem","position":2,"name":"loja","item":"https:\/\/ponteseditores.com.br\/loja3\/loja\/"},{"@type":"ListItem","position":3,"name":"Jo\u00e3o do Rio\u2019s Selected Tales: Into The Night And Other Stories &#8211; contos selecionados de Jo\u00e3o do Rio: dentro da noite e outras hist\u00f3rias"}]},{"@type":"WebSite","@id":"https:\/\/ponteseditores.com.br\/loja3\/#website","url":"https:\/\/ponteseditores.com.br\/loja3\/","name":"Pontes Editores","description":"Pontes Editores","publisher":{"@id":"https:\/\/ponteseditores.com.br\/loja3\/#organization"},"potentialAction":[{"@type":"SearchAction","target":{"@type":"EntryPoint","urlTemplate":"https:\/\/ponteseditores.com.br\/loja3\/?s={search_term_string}"},"query-input":{"@type":"PropertyValueSpecification","valueRequired":true,"valueName":"search_term_string"}}],"inLanguage":"pt-BR"},{"@type":"Organization","@id":"https:\/\/ponteseditores.com.br\/loja3\/#organization","name":"Pontes Editores","url":"https:\/\/ponteseditores.com.br\/loja3\/","logo":{"@type":"ImageObject","inLanguage":"pt-BR","@id":"https:\/\/ponteseditores.com.br\/loja3\/#\/schema\/logo\/image\/","url":"https:\/\/ponteseditores.com.br\/loja3\/wp-content\/uploads\/2023\/12\/logo-pontes-editores-v2.png","contentUrl":"https:\/\/ponteseditores.com.br\/loja3\/wp-content\/uploads\/2023\/12\/logo-pontes-editores-v2.png","width":258,"height":100,"caption":"Pontes Editores"},"image":{"@id":"https:\/\/ponteseditores.com.br\/loja3\/#\/schema\/logo\/image\/"}}]}},"_links":{"self":[{"href":"https:\/\/ponteseditores.com.br\/loja3\/wp-json\/wp\/v2\/product\/8787","targetHints":{"allow":["GET"]}}],"collection":[{"href":"https:\/\/ponteseditores.com.br\/loja3\/wp-json\/wp\/v2\/product"}],"about":[{"href":"https:\/\/ponteseditores.com.br\/loja3\/wp-json\/wp\/v2\/types\/product"}],"replies":[{"embeddable":true,"href":"https:\/\/ponteseditores.com.br\/loja3\/wp-json\/wp\/v2\/comments?post=8787"}],"version-history":[{"count":0,"href":"https:\/\/ponteseditores.com.br\/loja3\/wp-json\/wp\/v2\/product\/8787\/revisions"}],"wp:featuredmedia":[{"embeddable":true,"href":"https:\/\/ponteseditores.com.br\/loja3\/wp-json\/wp\/v2\/media\/7216"}],"wp:attachment":[{"href":"https:\/\/ponteseditores.com.br\/loja3\/wp-json\/wp\/v2\/media?parent=8787"}],"wp:term":[{"taxonomy":"product_brand","embeddable":true,"href":"https:\/\/ponteseditores.com.br\/loja3\/wp-json\/wp\/v2\/product_brand?post=8787"},{"taxonomy":"product_cat","embeddable":true,"href":"https:\/\/ponteseditores.com.br\/loja3\/wp-json\/wp\/v2\/product_cat?post=8787"},{"taxonomy":"product_tag","embeddable":true,"href":"https:\/\/ponteseditores.com.br\/loja3\/wp-json\/wp\/v2\/product_tag?post=8787"}],"curies":[{"name":"wp","href":"https:\/\/api.w.org\/{rel}","templated":true}]}}