{"id":8783,"date":"2023-12-19T12:12:29","date_gmt":"2023-12-19T15:12:29","guid":{"rendered":"https:\/\/ponteseditores.com.br\/loja3\/?post_type=product&#038;p=8783"},"modified":"2024-10-08T11:29:11","modified_gmt":"2024-10-08T14:29:11","slug":"praticas-curriculares-e-narrativas-docentes-ampliando-contextos","status":"publish","type":"product","link":"https:\/\/ponteseditores.com.br\/loja3\/pontes-editores-home-2__trashed\/educacao\/praticas-curriculares-e-narrativas-docentes-ampliando-contextos\/","title":{"rendered":"Pr\u00e1ticas curriculares e narrativas docentes: ampliando contextos"},"content":{"rendered":"<p>O livro que aqui se apresenta pretende n\u00e3o s\u00f3 deixar um registro do momento atual vivenciado a partir dos estudos apresentados, mas tamb\u00e9m se prop\u00f5e a entrela\u00e7ar-se \u00e0s perspectivas e expectativas dos leitores que a eles tenham acesso de forma a contribuir com a amplia\u00e7\u00e3o destes debates. Convidamos os interessados nas tem\u00e1ticas apresentadas a construir conosco os caminhos que nos levam \u00e0 justi\u00e7a social tomando como leme a \u00e1rea da educa\u00e7\u00e3o, por meio da leitura da obra e da produ\u00e7\u00e3o de novas compreens\u00f5es.<\/p>\n<p>N\u00f3s somos parte do Grupo de Estudos de Pr\u00e1ticas Curriculares e Narrativas Docentes, sediado na Faculdade de Educa\u00e7\u00e3o da Universidade Estadual de Campinas (SP) (www.geprana.com). H\u00e1 quase vinte anos, um conjunto de pesquisas em diferentes n\u00edveis v\u00eam sendo desenvolvidas no seio desse grupo, seja como projetos de inicia\u00e7\u00e3o cient\u00edfica, trabalhos de conclus\u00e3o de curso, disserta\u00e7\u00f5es de mestrado e teses de doutorado. O grupo \u00e9 um espa\u00e7o de converg\u00eancia pluridisciplinar, somos educadoras e educadores com forma\u00e7\u00f5es iniciais plurais, como bi\u00f3logas, f\u00edsicas e f\u00edsicos, qu\u00edmicas e qu\u00edmicos, matem\u00e1ticos e matem\u00e1ticas, historiadores e historiadoras, pedagogas e administradores. Enfim, somos uma equipe de educadora\/es que nos compreendemos como sujeitos hist\u00f3ricos que valorizam a dimens\u00e3o autobiogr\u00e1fica em di\u00e1logo com contextos sociais, culturais e pol\u00edticos mais amplos.<\/p>\n","protected":false},"excerpt":{"rendered":"<p>O livro que aqui se apresenta pretende n\u00e3o s\u00f3 deixar um registro do momento atual vivenciado a partir dos estudos apresentados, mas tamb\u00e9m se prop\u00f5e a entrela\u00e7ar-se \u00e0s perspectivas e expectativas dos leitores que a eles tenham acesso de forma a contribuir com a amplia\u00e7\u00e3o destes debates. Convidamos os interessados nas tem\u00e1ticas apresentadas a construir [&hellip;]<\/p>\n","protected":false},"featured_media":7192,"comment_status":"open","ping_status":"closed","template":"","meta":{"_joinchat":[]},"product_brand":[],"product_cat":[165,97,108],"product_tag":[],"class_list":{"0":"post-8783","1":"product","2":"type-product","3":"status-publish","4":"has-post-thumbnail","6":"product_cat-ebook","7":"product_cat-educacao","8":"product_cat-formacao-de-professores","9":"product_shipping_class-download","11":"first","12":"instock","13":"downloadable","14":"virtual","15":"purchasable","16":"product-type-simple"},"yoast_head":"<!-- This site is optimized with the Yoast SEO plugin v27.4 - https:\/\/yoast.com\/product\/yoast-seo-wordpress\/ -->\n<title>Pr\u00e1ticas curriculares e narrativas docentes: ampliando contextos - Pontes Editores<\/title>\n<meta name=\"robots\" content=\"index, follow, max-snippet:-1, max-image-preview:large, max-video-preview:-1\" \/>\n<link rel=\"canonical\" href=\"https:\/\/ponteseditores.com.br\/loja3\/pontes-editores-home-2__trashed\/educacao\/praticas-curriculares-e-narrativas-docentes-ampliando-contextos\/\" \/>\n<meta property=\"og:locale\" content=\"pt_BR\" \/>\n<meta property=\"og:type\" content=\"article\" \/>\n<meta property=\"og:title\" content=\"Pr\u00e1ticas curriculares e narrativas docentes: ampliando contextos - Pontes Editores\" \/>\n<meta property=\"og:description\" content=\"O livro que aqui se apresenta pretende n\u00e3o s\u00f3 deixar um registro do momento atual vivenciado a partir dos estudos apresentados, mas tamb\u00e9m se prop\u00f5e a entrela\u00e7ar-se \u00e0s perspectivas e expectativas dos leitores que a eles tenham acesso de forma a contribuir com a amplia\u00e7\u00e3o destes debates. Convidamos os interessados nas tem\u00e1ticas apresentadas a construir [&hellip;]\" \/>\n<meta property=\"og:url\" content=\"https:\/\/ponteseditores.com.br\/loja3\/pontes-editores-home-2__trashed\/educacao\/praticas-curriculares-e-narrativas-docentes-ampliando-contextos\/\" \/>\n<meta property=\"og:site_name\" content=\"Pontes Editores\" \/>\n<meta property=\"article:modified_time\" content=\"2024-10-08T14:29:11+00:00\" \/>\n<meta property=\"og:image\" content=\"https:\/\/ponteseditores.com.br\/loja3\/wp-content\/uploads\/2023\/12\/Capa_Praticas_Curriculares.jpg\" \/>\n\t<meta property=\"og:image:width\" content=\"1728\" \/>\n\t<meta property=\"og:image:height\" content=\"2443\" \/>\n\t<meta property=\"og:image:type\" content=\"image\/jpeg\" \/>\n<meta name=\"twitter:card\" content=\"summary_large_image\" \/>\n<meta name=\"twitter:label1\" content=\"Est. tempo de leitura\" \/>\n\t<meta name=\"twitter:data1\" content=\"2 minutos\" \/>\n<script type=\"application\/ld+json\" class=\"yoast-schema-graph\">{\"@context\":\"https:\\\/\\\/schema.org\",\"@graph\":[{\"@type\":\"WebPage\",\"@id\":\"https:\\\/\\\/ponteseditores.com.br\\\/loja3\\\/pontes-editores-home-2__trashed\\\/educacao\\\/praticas-curriculares-e-narrativas-docentes-ampliando-contextos\\\/\",\"url\":\"https:\\\/\\\/ponteseditores.com.br\\\/loja3\\\/pontes-editores-home-2__trashed\\\/educacao\\\/praticas-curriculares-e-narrativas-docentes-ampliando-contextos\\\/\",\"name\":\"Pr\u00e1ticas curriculares e narrativas docentes: ampliando contextos - Pontes Editores\",\"isPartOf\":{\"@id\":\"https:\\\/\\\/ponteseditores.com.br\\\/loja3\\\/#website\"},\"primaryImageOfPage\":{\"@id\":\"https:\\\/\\\/ponteseditores.com.br\\\/loja3\\\/pontes-editores-home-2__trashed\\\/educacao\\\/praticas-curriculares-e-narrativas-docentes-ampliando-contextos\\\/#primaryimage\"},\"image\":{\"@id\":\"https:\\\/\\\/ponteseditores.com.br\\\/loja3\\\/pontes-editores-home-2__trashed\\\/educacao\\\/praticas-curriculares-e-narrativas-docentes-ampliando-contextos\\\/#primaryimage\"},\"thumbnailUrl\":\"https:\\\/\\\/ponteseditores.com.br\\\/loja3\\\/wp-content\\\/uploads\\\/2023\\\/12\\\/Capa_Praticas_Curriculares.jpg\",\"datePublished\":\"2023-12-19T15:12:29+00:00\",\"dateModified\":\"2024-10-08T14:29:11+00:00\",\"breadcrumb\":{\"@id\":\"https:\\\/\\\/ponteseditores.com.br\\\/loja3\\\/pontes-editores-home-2__trashed\\\/educacao\\\/praticas-curriculares-e-narrativas-docentes-ampliando-contextos\\\/#breadcrumb\"},\"inLanguage\":\"pt-BR\",\"potentialAction\":[{\"@type\":\"ReadAction\",\"target\":[\"https:\\\/\\\/ponteseditores.com.br\\\/loja3\\\/pontes-editores-home-2__trashed\\\/educacao\\\/praticas-curriculares-e-narrativas-docentes-ampliando-contextos\\\/\"]}]},{\"@type\":\"ImageObject\",\"inLanguage\":\"pt-BR\",\"@id\":\"https:\\\/\\\/ponteseditores.com.br\\\/loja3\\\/pontes-editores-home-2__trashed\\\/educacao\\\/praticas-curriculares-e-narrativas-docentes-ampliando-contextos\\\/#primaryimage\",\"url\":\"https:\\\/\\\/ponteseditores.com.br\\\/loja3\\\/wp-content\\\/uploads\\\/2023\\\/12\\\/Capa_Praticas_Curriculares.jpg\",\"contentUrl\":\"https:\\\/\\\/ponteseditores.com.br\\\/loja3\\\/wp-content\\\/uploads\\\/2023\\\/12\\\/Capa_Praticas_Curriculares.jpg\",\"width\":1728,\"height\":2443},{\"@type\":\"BreadcrumbList\",\"@id\":\"https:\\\/\\\/ponteseditores.com.br\\\/loja3\\\/pontes-editores-home-2__trashed\\\/educacao\\\/praticas-curriculares-e-narrativas-docentes-ampliando-contextos\\\/#breadcrumb\",\"itemListElement\":[{\"@type\":\"ListItem\",\"position\":1,\"name\":\"Home\",\"item\":\"https:\\\/\\\/ponteseditores.com.br\\\/loja3\\\/\"},{\"@type\":\"ListItem\",\"position\":2,\"name\":\"loja\",\"item\":\"https:\\\/\\\/ponteseditores.com.br\\\/loja3\\\/loja\\\/\"},{\"@type\":\"ListItem\",\"position\":3,\"name\":\"Pr\u00e1ticas curriculares e narrativas docentes: ampliando contextos\"}]},{\"@type\":\"WebSite\",\"@id\":\"https:\\\/\\\/ponteseditores.com.br\\\/loja3\\\/#website\",\"url\":\"https:\\\/\\\/ponteseditores.com.br\\\/loja3\\\/\",\"name\":\"Pontes Editores\",\"description\":\"Pontes Editores\",\"publisher\":{\"@id\":\"https:\\\/\\\/ponteseditores.com.br\\\/loja3\\\/#organization\"},\"potentialAction\":[{\"@type\":\"SearchAction\",\"target\":{\"@type\":\"EntryPoint\",\"urlTemplate\":\"https:\\\/\\\/ponteseditores.com.br\\\/loja3\\\/?s={search_term_string}\"},\"query-input\":{\"@type\":\"PropertyValueSpecification\",\"valueRequired\":true,\"valueName\":\"search_term_string\"}}],\"inLanguage\":\"pt-BR\"},{\"@type\":\"Organization\",\"@id\":\"https:\\\/\\\/ponteseditores.com.br\\\/loja3\\\/#organization\",\"name\":\"Pontes Editores\",\"url\":\"https:\\\/\\\/ponteseditores.com.br\\\/loja3\\\/\",\"logo\":{\"@type\":\"ImageObject\",\"inLanguage\":\"pt-BR\",\"@id\":\"https:\\\/\\\/ponteseditores.com.br\\\/loja3\\\/#\\\/schema\\\/logo\\\/image\\\/\",\"url\":\"https:\\\/\\\/ponteseditores.com.br\\\/loja3\\\/wp-content\\\/uploads\\\/2023\\\/12\\\/logo-pontes-editores-v2.png\",\"contentUrl\":\"https:\\\/\\\/ponteseditores.com.br\\\/loja3\\\/wp-content\\\/uploads\\\/2023\\\/12\\\/logo-pontes-editores-v2.png\",\"width\":258,\"height\":100,\"caption\":\"Pontes Editores\"},\"image\":{\"@id\":\"https:\\\/\\\/ponteseditores.com.br\\\/loja3\\\/#\\\/schema\\\/logo\\\/image\\\/\"}}]}<\/script>\n<!-- \/ Yoast SEO plugin. -->","yoast_head_json":{"title":"Pr\u00e1ticas curriculares e narrativas docentes: ampliando contextos - Pontes Editores","robots":{"index":"index","follow":"follow","max-snippet":"max-snippet:-1","max-image-preview":"max-image-preview:large","max-video-preview":"max-video-preview:-1"},"canonical":"https:\/\/ponteseditores.com.br\/loja3\/pontes-editores-home-2__trashed\/educacao\/praticas-curriculares-e-narrativas-docentes-ampliando-contextos\/","og_locale":"pt_BR","og_type":"article","og_title":"Pr\u00e1ticas curriculares e narrativas docentes: ampliando contextos - Pontes Editores","og_description":"O livro que aqui se apresenta pretende n\u00e3o s\u00f3 deixar um registro do momento atual vivenciado a partir dos estudos apresentados, mas tamb\u00e9m se prop\u00f5e a entrela\u00e7ar-se \u00e0s perspectivas e expectativas dos leitores que a eles tenham acesso de forma a contribuir com a amplia\u00e7\u00e3o destes debates. Convidamos os interessados nas tem\u00e1ticas apresentadas a construir [&hellip;]","og_url":"https:\/\/ponteseditores.com.br\/loja3\/pontes-editores-home-2__trashed\/educacao\/praticas-curriculares-e-narrativas-docentes-ampliando-contextos\/","og_site_name":"Pontes Editores","article_modified_time":"2024-10-08T14:29:11+00:00","og_image":[{"width":1728,"height":2443,"url":"https:\/\/ponteseditores.com.br\/loja3\/wp-content\/uploads\/2023\/12\/Capa_Praticas_Curriculares.jpg","type":"image\/jpeg"}],"twitter_card":"summary_large_image","twitter_misc":{"Est. tempo de leitura":"2 minutos"},"schema":{"@context":"https:\/\/schema.org","@graph":[{"@type":"WebPage","@id":"https:\/\/ponteseditores.com.br\/loja3\/pontes-editores-home-2__trashed\/educacao\/praticas-curriculares-e-narrativas-docentes-ampliando-contextos\/","url":"https:\/\/ponteseditores.com.br\/loja3\/pontes-editores-home-2__trashed\/educacao\/praticas-curriculares-e-narrativas-docentes-ampliando-contextos\/","name":"Pr\u00e1ticas curriculares e narrativas docentes: ampliando contextos - Pontes Editores","isPartOf":{"@id":"https:\/\/ponteseditores.com.br\/loja3\/#website"},"primaryImageOfPage":{"@id":"https:\/\/ponteseditores.com.br\/loja3\/pontes-editores-home-2__trashed\/educacao\/praticas-curriculares-e-narrativas-docentes-ampliando-contextos\/#primaryimage"},"image":{"@id":"https:\/\/ponteseditores.com.br\/loja3\/pontes-editores-home-2__trashed\/educacao\/praticas-curriculares-e-narrativas-docentes-ampliando-contextos\/#primaryimage"},"thumbnailUrl":"https:\/\/ponteseditores.com.br\/loja3\/wp-content\/uploads\/2023\/12\/Capa_Praticas_Curriculares.jpg","datePublished":"2023-12-19T15:12:29+00:00","dateModified":"2024-10-08T14:29:11+00:00","breadcrumb":{"@id":"https:\/\/ponteseditores.com.br\/loja3\/pontes-editores-home-2__trashed\/educacao\/praticas-curriculares-e-narrativas-docentes-ampliando-contextos\/#breadcrumb"},"inLanguage":"pt-BR","potentialAction":[{"@type":"ReadAction","target":["https:\/\/ponteseditores.com.br\/loja3\/pontes-editores-home-2__trashed\/educacao\/praticas-curriculares-e-narrativas-docentes-ampliando-contextos\/"]}]},{"@type":"ImageObject","inLanguage":"pt-BR","@id":"https:\/\/ponteseditores.com.br\/loja3\/pontes-editores-home-2__trashed\/educacao\/praticas-curriculares-e-narrativas-docentes-ampliando-contextos\/#primaryimage","url":"https:\/\/ponteseditores.com.br\/loja3\/wp-content\/uploads\/2023\/12\/Capa_Praticas_Curriculares.jpg","contentUrl":"https:\/\/ponteseditores.com.br\/loja3\/wp-content\/uploads\/2023\/12\/Capa_Praticas_Curriculares.jpg","width":1728,"height":2443},{"@type":"BreadcrumbList","@id":"https:\/\/ponteseditores.com.br\/loja3\/pontes-editores-home-2__trashed\/educacao\/praticas-curriculares-e-narrativas-docentes-ampliando-contextos\/#breadcrumb","itemListElement":[{"@type":"ListItem","position":1,"name":"Home","item":"https:\/\/ponteseditores.com.br\/loja3\/"},{"@type":"ListItem","position":2,"name":"loja","item":"https:\/\/ponteseditores.com.br\/loja3\/loja\/"},{"@type":"ListItem","position":3,"name":"Pr\u00e1ticas curriculares e narrativas docentes: ampliando contextos"}]},{"@type":"WebSite","@id":"https:\/\/ponteseditores.com.br\/loja3\/#website","url":"https:\/\/ponteseditores.com.br\/loja3\/","name":"Pontes Editores","description":"Pontes Editores","publisher":{"@id":"https:\/\/ponteseditores.com.br\/loja3\/#organization"},"potentialAction":[{"@type":"SearchAction","target":{"@type":"EntryPoint","urlTemplate":"https:\/\/ponteseditores.com.br\/loja3\/?s={search_term_string}"},"query-input":{"@type":"PropertyValueSpecification","valueRequired":true,"valueName":"search_term_string"}}],"inLanguage":"pt-BR"},{"@type":"Organization","@id":"https:\/\/ponteseditores.com.br\/loja3\/#organization","name":"Pontes Editores","url":"https:\/\/ponteseditores.com.br\/loja3\/","logo":{"@type":"ImageObject","inLanguage":"pt-BR","@id":"https:\/\/ponteseditores.com.br\/loja3\/#\/schema\/logo\/image\/","url":"https:\/\/ponteseditores.com.br\/loja3\/wp-content\/uploads\/2023\/12\/logo-pontes-editores-v2.png","contentUrl":"https:\/\/ponteseditores.com.br\/loja3\/wp-content\/uploads\/2023\/12\/logo-pontes-editores-v2.png","width":258,"height":100,"caption":"Pontes Editores"},"image":{"@id":"https:\/\/ponteseditores.com.br\/loja3\/#\/schema\/logo\/image\/"}}]}},"_links":{"self":[{"href":"https:\/\/ponteseditores.com.br\/loja3\/wp-json\/wp\/v2\/product\/8783","targetHints":{"allow":["GET"]}}],"collection":[{"href":"https:\/\/ponteseditores.com.br\/loja3\/wp-json\/wp\/v2\/product"}],"about":[{"href":"https:\/\/ponteseditores.com.br\/loja3\/wp-json\/wp\/v2\/types\/product"}],"replies":[{"embeddable":true,"href":"https:\/\/ponteseditores.com.br\/loja3\/wp-json\/wp\/v2\/comments?post=8783"}],"version-history":[{"count":0,"href":"https:\/\/ponteseditores.com.br\/loja3\/wp-json\/wp\/v2\/product\/8783\/revisions"}],"wp:featuredmedia":[{"embeddable":true,"href":"https:\/\/ponteseditores.com.br\/loja3\/wp-json\/wp\/v2\/media\/7192"}],"wp:attachment":[{"href":"https:\/\/ponteseditores.com.br\/loja3\/wp-json\/wp\/v2\/media?parent=8783"}],"wp:term":[{"taxonomy":"product_brand","embeddable":true,"href":"https:\/\/ponteseditores.com.br\/loja3\/wp-json\/wp\/v2\/product_brand?post=8783"},{"taxonomy":"product_cat","embeddable":true,"href":"https:\/\/ponteseditores.com.br\/loja3\/wp-json\/wp\/v2\/product_cat?post=8783"},{"taxonomy":"product_tag","embeddable":true,"href":"https:\/\/ponteseditores.com.br\/loja3\/wp-json\/wp\/v2\/product_tag?post=8783"}],"curies":[{"name":"wp","href":"https:\/\/api.w.org\/{rel}","templated":true}]}}