{"id":8782,"date":"2023-12-19T12:09:47","date_gmt":"2023-12-19T15:09:47","guid":{"rendered":"https:\/\/ponteseditores.com.br\/loja3\/?post_type=product&#038;p=8782"},"modified":"2024-10-08T11:29:11","modified_gmt":"2024-10-08T14:29:11","slug":"politicas-praticas-e-cultura-inclusivas-historia-e-memorias-na-universidade-do-estado-da-bahia","status":"publish","type":"product","link":"https:\/\/ponteseditores.com.br\/loja3\/pontes-editores-home-2__trashed\/educacao\/politicas-praticas-e-cultura-inclusivas-historia-e-memorias-na-universidade-do-estado-da-bahia\/","title":{"rendered":"Pol\u00edticas, pr\u00e1ticas e cultura inclusivas hist\u00f3ria e mem\u00f3rias na Universidade do Estado da Bahia"},"content":{"rendered":"<p>Pol\u00edticas, pr\u00e1ticas e cultura inclusivas: hist\u00f3ria e mem\u00f3rias na Universidade do Estado da Bahia \u00e9 um convite para discutirmos cultura inclusiva e acessibilidade no ensino superior, tensionando pol\u00edtica, hist\u00f3ria e mem\u00f3ria pela perspectiva da diferen\u00e7a, por meio de experi\u00eancias em uma universidade p\u00fablica e multicampi como a Universidade do Estado da Bahia (UNEB). Este livro nasce do desejo de registrar algumas das muitas a\u00e7\u00f5es de ensino, pesquisa e extens\u00e3o voltadas para a constru\u00e7\u00e3o de uma cultura inclusiva no ensino superior e, sobretudo, promover espa\u00e7o para o registro da mem\u00f3ria dos(as) sujeitos(as) da inclus\u00e3o na UNEB. Movidas pela coer\u00eancia freireana, decidimos por uma publica\u00e7\u00e3o nas vers\u00f5es e-livro e audiolivro. Avers\u00e3o e-livro amplia o alcance da obra, permitindo maior capilaridade, principalmente entre os nossos estudantes, o que se traduz em acessibilidade.<\/p>\n<p>O audiolivro, destinado principalmente a todas as unidades do Sistema de Bibliotecas da UNEB, insere-se na constru\u00e7\u00e3o de uma cultura universit\u00e1ria cada vez mais inclusiva e para todas as gentes. Contudo, nesta primeira edi\u00e7\u00e3o, n\u00e3o foi poss\u00edvel lan\u00e7ar o audiolivro devido \u00e0 inexist\u00eancia institucional, no \u00e2mbito do estado da Bahia, do descritor audiolivro, sintoma da aus\u00eancia das pessoas com defici\u00eancia nas micro e macropol\u00edticas educacionais.<\/p>\n<p>A colet\u00e2nea desenha uma cartografia dos processos e das produ\u00e7\u00f5es sobre pol\u00edticas afirmativas para estudantes e profissionais com defici\u00eancia, destacando os desafios e modos de enfrentamento, na multicampia, e tomando-a como pot\u00eancia a partir da diferen\u00e7a.<\/p>\n","protected":false},"excerpt":{"rendered":"<p>Pol\u00edticas, pr\u00e1ticas e cultura inclusivas: hist\u00f3ria e mem\u00f3rias na Universidade do Estado da Bahia \u00e9 um convite para discutirmos cultura inclusiva e acessibilidade no ensino superior, tensionando pol\u00edtica, hist\u00f3ria e mem\u00f3ria pela perspectiva da diferen\u00e7a, por meio de experi\u00eancias em uma universidade p\u00fablica e multicampi como a Universidade do Estado da Bahia (UNEB). Este livro [&hellip;]<\/p>\n","protected":false},"featured_media":7193,"comment_status":"open","ping_status":"closed","template":"","meta":{"_joinchat":[]},"product_brand":[],"product_cat":[165,97,307],"product_tag":[],"class_list":{"0":"post-8782","1":"product","2":"type-product","3":"status-publish","4":"has-post-thumbnail","6":"product_cat-ebook","7":"product_cat-educacao","8":"product_cat-educacao-especial","9":"product_shipping_class-download","11":"first","12":"instock","13":"downloadable","14":"virtual","15":"purchasable","16":"product-type-simple"},"yoast_head":"<!-- This site is optimized with the Yoast SEO plugin v27.4 - https:\/\/yoast.com\/product\/yoast-seo-wordpress\/ -->\n<title>Pol\u00edticas, pr\u00e1ticas e cultura inclusivas hist\u00f3ria e mem\u00f3rias na Universidade do Estado da Bahia - Pontes Editores<\/title>\n<meta name=\"robots\" content=\"index, follow, max-snippet:-1, max-image-preview:large, max-video-preview:-1\" \/>\n<link rel=\"canonical\" href=\"https:\/\/ponteseditores.com.br\/loja3\/pontes-editores-home-2__trashed\/educacao\/politicas-praticas-e-cultura-inclusivas-historia-e-memorias-na-universidade-do-estado-da-bahia\/\" \/>\n<meta property=\"og:locale\" content=\"pt_BR\" \/>\n<meta property=\"og:type\" content=\"article\" \/>\n<meta property=\"og:title\" content=\"Pol\u00edticas, pr\u00e1ticas e cultura inclusivas hist\u00f3ria e mem\u00f3rias na Universidade do Estado da Bahia - Pontes Editores\" \/>\n<meta property=\"og:description\" content=\"Pol\u00edticas, pr\u00e1ticas e cultura inclusivas: hist\u00f3ria e mem\u00f3rias na Universidade do Estado da Bahia \u00e9 um convite para discutirmos cultura inclusiva e acessibilidade no ensino superior, tensionando pol\u00edtica, hist\u00f3ria e mem\u00f3ria pela perspectiva da diferen\u00e7a, por meio de experi\u00eancias em uma universidade p\u00fablica e multicampi como a Universidade do Estado da Bahia (UNEB). Este livro [&hellip;]\" \/>\n<meta property=\"og:url\" content=\"https:\/\/ponteseditores.com.br\/loja3\/pontes-editores-home-2__trashed\/educacao\/politicas-praticas-e-cultura-inclusivas-historia-e-memorias-na-universidade-do-estado-da-bahia\/\" \/>\n<meta property=\"og:site_name\" content=\"Pontes Editores\" \/>\n<meta property=\"article:modified_time\" content=\"2024-10-08T14:29:11+00:00\" \/>\n<meta property=\"og:image\" content=\"https:\/\/ponteseditores.com.br\/loja3\/wp-content\/uploads\/2023\/12\/Capa_-Politicas-Praticas.jpg\" \/>\n\t<meta property=\"og:image:width\" content=\"1728\" \/>\n\t<meta property=\"og:image:height\" content=\"2443\" \/>\n\t<meta property=\"og:image:type\" content=\"image\/jpeg\" \/>\n<meta name=\"twitter:card\" content=\"summary_large_image\" \/>\n<meta name=\"twitter:label1\" content=\"Est. tempo de leitura\" \/>\n\t<meta name=\"twitter:data1\" content=\"2 minutos\" \/>\n<script type=\"application\/ld+json\" class=\"yoast-schema-graph\">{\"@context\":\"https:\\\/\\\/schema.org\",\"@graph\":[{\"@type\":\"WebPage\",\"@id\":\"https:\\\/\\\/ponteseditores.com.br\\\/loja3\\\/pontes-editores-home-2__trashed\\\/educacao\\\/politicas-praticas-e-cultura-inclusivas-historia-e-memorias-na-universidade-do-estado-da-bahia\\\/\",\"url\":\"https:\\\/\\\/ponteseditores.com.br\\\/loja3\\\/pontes-editores-home-2__trashed\\\/educacao\\\/politicas-praticas-e-cultura-inclusivas-historia-e-memorias-na-universidade-do-estado-da-bahia\\\/\",\"name\":\"Pol\u00edticas, pr\u00e1ticas e cultura inclusivas hist\u00f3ria e mem\u00f3rias na Universidade do Estado da Bahia - Pontes Editores\",\"isPartOf\":{\"@id\":\"https:\\\/\\\/ponteseditores.com.br\\\/loja3\\\/#website\"},\"primaryImageOfPage\":{\"@id\":\"https:\\\/\\\/ponteseditores.com.br\\\/loja3\\\/pontes-editores-home-2__trashed\\\/educacao\\\/politicas-praticas-e-cultura-inclusivas-historia-e-memorias-na-universidade-do-estado-da-bahia\\\/#primaryimage\"},\"image\":{\"@id\":\"https:\\\/\\\/ponteseditores.com.br\\\/loja3\\\/pontes-editores-home-2__trashed\\\/educacao\\\/politicas-praticas-e-cultura-inclusivas-historia-e-memorias-na-universidade-do-estado-da-bahia\\\/#primaryimage\"},\"thumbnailUrl\":\"https:\\\/\\\/ponteseditores.com.br\\\/loja3\\\/wp-content\\\/uploads\\\/2023\\\/12\\\/Capa_-Politicas-Praticas.jpg\",\"datePublished\":\"2023-12-19T15:09:47+00:00\",\"dateModified\":\"2024-10-08T14:29:11+00:00\",\"breadcrumb\":{\"@id\":\"https:\\\/\\\/ponteseditores.com.br\\\/loja3\\\/pontes-editores-home-2__trashed\\\/educacao\\\/politicas-praticas-e-cultura-inclusivas-historia-e-memorias-na-universidade-do-estado-da-bahia\\\/#breadcrumb\"},\"inLanguage\":\"pt-BR\",\"potentialAction\":[{\"@type\":\"ReadAction\",\"target\":[\"https:\\\/\\\/ponteseditores.com.br\\\/loja3\\\/pontes-editores-home-2__trashed\\\/educacao\\\/politicas-praticas-e-cultura-inclusivas-historia-e-memorias-na-universidade-do-estado-da-bahia\\\/\"]}]},{\"@type\":\"ImageObject\",\"inLanguage\":\"pt-BR\",\"@id\":\"https:\\\/\\\/ponteseditores.com.br\\\/loja3\\\/pontes-editores-home-2__trashed\\\/educacao\\\/politicas-praticas-e-cultura-inclusivas-historia-e-memorias-na-universidade-do-estado-da-bahia\\\/#primaryimage\",\"url\":\"https:\\\/\\\/ponteseditores.com.br\\\/loja3\\\/wp-content\\\/uploads\\\/2023\\\/12\\\/Capa_-Politicas-Praticas.jpg\",\"contentUrl\":\"https:\\\/\\\/ponteseditores.com.br\\\/loja3\\\/wp-content\\\/uploads\\\/2023\\\/12\\\/Capa_-Politicas-Praticas.jpg\",\"width\":1728,\"height\":2443},{\"@type\":\"BreadcrumbList\",\"@id\":\"https:\\\/\\\/ponteseditores.com.br\\\/loja3\\\/pontes-editores-home-2__trashed\\\/educacao\\\/politicas-praticas-e-cultura-inclusivas-historia-e-memorias-na-universidade-do-estado-da-bahia\\\/#breadcrumb\",\"itemListElement\":[{\"@type\":\"ListItem\",\"position\":1,\"name\":\"Home\",\"item\":\"https:\\\/\\\/ponteseditores.com.br\\\/loja3\\\/\"},{\"@type\":\"ListItem\",\"position\":2,\"name\":\"loja\",\"item\":\"https:\\\/\\\/ponteseditores.com.br\\\/loja3\\\/loja\\\/\"},{\"@type\":\"ListItem\",\"position\":3,\"name\":\"Pol\u00edticas, pr\u00e1ticas e cultura inclusivas hist\u00f3ria e mem\u00f3rias na Universidade do Estado da Bahia\"}]},{\"@type\":\"WebSite\",\"@id\":\"https:\\\/\\\/ponteseditores.com.br\\\/loja3\\\/#website\",\"url\":\"https:\\\/\\\/ponteseditores.com.br\\\/loja3\\\/\",\"name\":\"Pontes Editores\",\"description\":\"Pontes Editores\",\"publisher\":{\"@id\":\"https:\\\/\\\/ponteseditores.com.br\\\/loja3\\\/#organization\"},\"potentialAction\":[{\"@type\":\"SearchAction\",\"target\":{\"@type\":\"EntryPoint\",\"urlTemplate\":\"https:\\\/\\\/ponteseditores.com.br\\\/loja3\\\/?s={search_term_string}\"},\"query-input\":{\"@type\":\"PropertyValueSpecification\",\"valueRequired\":true,\"valueName\":\"search_term_string\"}}],\"inLanguage\":\"pt-BR\"},{\"@type\":\"Organization\",\"@id\":\"https:\\\/\\\/ponteseditores.com.br\\\/loja3\\\/#organization\",\"name\":\"Pontes Editores\",\"url\":\"https:\\\/\\\/ponteseditores.com.br\\\/loja3\\\/\",\"logo\":{\"@type\":\"ImageObject\",\"inLanguage\":\"pt-BR\",\"@id\":\"https:\\\/\\\/ponteseditores.com.br\\\/loja3\\\/#\\\/schema\\\/logo\\\/image\\\/\",\"url\":\"https:\\\/\\\/ponteseditores.com.br\\\/loja3\\\/wp-content\\\/uploads\\\/2023\\\/12\\\/logo-pontes-editores-v2.png\",\"contentUrl\":\"https:\\\/\\\/ponteseditores.com.br\\\/loja3\\\/wp-content\\\/uploads\\\/2023\\\/12\\\/logo-pontes-editores-v2.png\",\"width\":258,\"height\":100,\"caption\":\"Pontes Editores\"},\"image\":{\"@id\":\"https:\\\/\\\/ponteseditores.com.br\\\/loja3\\\/#\\\/schema\\\/logo\\\/image\\\/\"}}]}<\/script>\n<!-- \/ Yoast SEO plugin. -->","yoast_head_json":{"title":"Pol\u00edticas, pr\u00e1ticas e cultura inclusivas hist\u00f3ria e mem\u00f3rias na Universidade do Estado da Bahia - Pontes Editores","robots":{"index":"index","follow":"follow","max-snippet":"max-snippet:-1","max-image-preview":"max-image-preview:large","max-video-preview":"max-video-preview:-1"},"canonical":"https:\/\/ponteseditores.com.br\/loja3\/pontes-editores-home-2__trashed\/educacao\/politicas-praticas-e-cultura-inclusivas-historia-e-memorias-na-universidade-do-estado-da-bahia\/","og_locale":"pt_BR","og_type":"article","og_title":"Pol\u00edticas, pr\u00e1ticas e cultura inclusivas hist\u00f3ria e mem\u00f3rias na Universidade do Estado da Bahia - Pontes Editores","og_description":"Pol\u00edticas, pr\u00e1ticas e cultura inclusivas: hist\u00f3ria e mem\u00f3rias na Universidade do Estado da Bahia \u00e9 um convite para discutirmos cultura inclusiva e acessibilidade no ensino superior, tensionando pol\u00edtica, hist\u00f3ria e mem\u00f3ria pela perspectiva da diferen\u00e7a, por meio de experi\u00eancias em uma universidade p\u00fablica e multicampi como a Universidade do Estado da Bahia (UNEB). Este livro [&hellip;]","og_url":"https:\/\/ponteseditores.com.br\/loja3\/pontes-editores-home-2__trashed\/educacao\/politicas-praticas-e-cultura-inclusivas-historia-e-memorias-na-universidade-do-estado-da-bahia\/","og_site_name":"Pontes Editores","article_modified_time":"2024-10-08T14:29:11+00:00","og_image":[{"width":1728,"height":2443,"url":"https:\/\/ponteseditores.com.br\/loja3\/wp-content\/uploads\/2023\/12\/Capa_-Politicas-Praticas.jpg","type":"image\/jpeg"}],"twitter_card":"summary_large_image","twitter_misc":{"Est. tempo de leitura":"2 minutos"},"schema":{"@context":"https:\/\/schema.org","@graph":[{"@type":"WebPage","@id":"https:\/\/ponteseditores.com.br\/loja3\/pontes-editores-home-2__trashed\/educacao\/politicas-praticas-e-cultura-inclusivas-historia-e-memorias-na-universidade-do-estado-da-bahia\/","url":"https:\/\/ponteseditores.com.br\/loja3\/pontes-editores-home-2__trashed\/educacao\/politicas-praticas-e-cultura-inclusivas-historia-e-memorias-na-universidade-do-estado-da-bahia\/","name":"Pol\u00edticas, pr\u00e1ticas e cultura inclusivas hist\u00f3ria e mem\u00f3rias na Universidade do Estado da Bahia - Pontes Editores","isPartOf":{"@id":"https:\/\/ponteseditores.com.br\/loja3\/#website"},"primaryImageOfPage":{"@id":"https:\/\/ponteseditores.com.br\/loja3\/pontes-editores-home-2__trashed\/educacao\/politicas-praticas-e-cultura-inclusivas-historia-e-memorias-na-universidade-do-estado-da-bahia\/#primaryimage"},"image":{"@id":"https:\/\/ponteseditores.com.br\/loja3\/pontes-editores-home-2__trashed\/educacao\/politicas-praticas-e-cultura-inclusivas-historia-e-memorias-na-universidade-do-estado-da-bahia\/#primaryimage"},"thumbnailUrl":"https:\/\/ponteseditores.com.br\/loja3\/wp-content\/uploads\/2023\/12\/Capa_-Politicas-Praticas.jpg","datePublished":"2023-12-19T15:09:47+00:00","dateModified":"2024-10-08T14:29:11+00:00","breadcrumb":{"@id":"https:\/\/ponteseditores.com.br\/loja3\/pontes-editores-home-2__trashed\/educacao\/politicas-praticas-e-cultura-inclusivas-historia-e-memorias-na-universidade-do-estado-da-bahia\/#breadcrumb"},"inLanguage":"pt-BR","potentialAction":[{"@type":"ReadAction","target":["https:\/\/ponteseditores.com.br\/loja3\/pontes-editores-home-2__trashed\/educacao\/politicas-praticas-e-cultura-inclusivas-historia-e-memorias-na-universidade-do-estado-da-bahia\/"]}]},{"@type":"ImageObject","inLanguage":"pt-BR","@id":"https:\/\/ponteseditores.com.br\/loja3\/pontes-editores-home-2__trashed\/educacao\/politicas-praticas-e-cultura-inclusivas-historia-e-memorias-na-universidade-do-estado-da-bahia\/#primaryimage","url":"https:\/\/ponteseditores.com.br\/loja3\/wp-content\/uploads\/2023\/12\/Capa_-Politicas-Praticas.jpg","contentUrl":"https:\/\/ponteseditores.com.br\/loja3\/wp-content\/uploads\/2023\/12\/Capa_-Politicas-Praticas.jpg","width":1728,"height":2443},{"@type":"BreadcrumbList","@id":"https:\/\/ponteseditores.com.br\/loja3\/pontes-editores-home-2__trashed\/educacao\/politicas-praticas-e-cultura-inclusivas-historia-e-memorias-na-universidade-do-estado-da-bahia\/#breadcrumb","itemListElement":[{"@type":"ListItem","position":1,"name":"Home","item":"https:\/\/ponteseditores.com.br\/loja3\/"},{"@type":"ListItem","position":2,"name":"loja","item":"https:\/\/ponteseditores.com.br\/loja3\/loja\/"},{"@type":"ListItem","position":3,"name":"Pol\u00edticas, pr\u00e1ticas e cultura inclusivas hist\u00f3ria e mem\u00f3rias na Universidade do Estado da Bahia"}]},{"@type":"WebSite","@id":"https:\/\/ponteseditores.com.br\/loja3\/#website","url":"https:\/\/ponteseditores.com.br\/loja3\/","name":"Pontes Editores","description":"Pontes Editores","publisher":{"@id":"https:\/\/ponteseditores.com.br\/loja3\/#organization"},"potentialAction":[{"@type":"SearchAction","target":{"@type":"EntryPoint","urlTemplate":"https:\/\/ponteseditores.com.br\/loja3\/?s={search_term_string}"},"query-input":{"@type":"PropertyValueSpecification","valueRequired":true,"valueName":"search_term_string"}}],"inLanguage":"pt-BR"},{"@type":"Organization","@id":"https:\/\/ponteseditores.com.br\/loja3\/#organization","name":"Pontes Editores","url":"https:\/\/ponteseditores.com.br\/loja3\/","logo":{"@type":"ImageObject","inLanguage":"pt-BR","@id":"https:\/\/ponteseditores.com.br\/loja3\/#\/schema\/logo\/image\/","url":"https:\/\/ponteseditores.com.br\/loja3\/wp-content\/uploads\/2023\/12\/logo-pontes-editores-v2.png","contentUrl":"https:\/\/ponteseditores.com.br\/loja3\/wp-content\/uploads\/2023\/12\/logo-pontes-editores-v2.png","width":258,"height":100,"caption":"Pontes Editores"},"image":{"@id":"https:\/\/ponteseditores.com.br\/loja3\/#\/schema\/logo\/image\/"}}]}},"_links":{"self":[{"href":"https:\/\/ponteseditores.com.br\/loja3\/wp-json\/wp\/v2\/product\/8782","targetHints":{"allow":["GET"]}}],"collection":[{"href":"https:\/\/ponteseditores.com.br\/loja3\/wp-json\/wp\/v2\/product"}],"about":[{"href":"https:\/\/ponteseditores.com.br\/loja3\/wp-json\/wp\/v2\/types\/product"}],"replies":[{"embeddable":true,"href":"https:\/\/ponteseditores.com.br\/loja3\/wp-json\/wp\/v2\/comments?post=8782"}],"version-history":[{"count":0,"href":"https:\/\/ponteseditores.com.br\/loja3\/wp-json\/wp\/v2\/product\/8782\/revisions"}],"wp:featuredmedia":[{"embeddable":true,"href":"https:\/\/ponteseditores.com.br\/loja3\/wp-json\/wp\/v2\/media\/7193"}],"wp:attachment":[{"href":"https:\/\/ponteseditores.com.br\/loja3\/wp-json\/wp\/v2\/media?parent=8782"}],"wp:term":[{"taxonomy":"product_brand","embeddable":true,"href":"https:\/\/ponteseditores.com.br\/loja3\/wp-json\/wp\/v2\/product_brand?post=8782"},{"taxonomy":"product_cat","embeddable":true,"href":"https:\/\/ponteseditores.com.br\/loja3\/wp-json\/wp\/v2\/product_cat?post=8782"},{"taxonomy":"product_tag","embeddable":true,"href":"https:\/\/ponteseditores.com.br\/loja3\/wp-json\/wp\/v2\/product_tag?post=8782"}],"curies":[{"name":"wp","href":"https:\/\/api.w.org\/{rel}","templated":true}]}}