{"id":8781,"date":"2023-12-19T12:06:45","date_gmt":"2023-12-19T15:06:45","guid":{"rendered":"https:\/\/ponteseditores.com.br\/loja3\/?post_type=product&#038;p=8781"},"modified":"2024-10-08T11:29:12","modified_gmt":"2024-10-08T14:29:12","slug":"paulo-freire-na-pesquisa-em-educacao-leituras-da-realidade-e-utopias","status":"publish","type":"product","link":"https:\/\/ponteseditores.com.br\/loja3\/pontes-editores-home-2__trashed\/educacao\/paulo-freire-na-pesquisa-em-educacao-leituras-da-realidade-e-utopias\/","title":{"rendered":"Paulo Freire na pesquisa em educa\u00e7\u00e3o: leituras da realidade e utopias"},"content":{"rendered":"<p>Este livro integra o conjunto de homenagens que foram feitas, ao redor do mundo, para celebrar o centen\u00e1rio do nascimento de Paulo Freire. No dicion\u00e1rio da l\u00edngua portuguesa, dentre os diferentes significados do verbo celebrar encontramos \u201ccomemorar\u201d e esse voc\u00e1bulo, etimologicamente, significa memorar, lembrar. E por que \u00e9 importante comemorar o centen\u00e1rio de Paulo Freire? Vivemos em um cen\u00e1rio, em nossa sociedade, em que as crises das mais variadas ordens, social, pol\u00edtica, sanit\u00e1ria, v\u00eam se acirrando. A pandemia desnudou, no mundo e no Brasil, o rosto da desigualdade social.<\/p>\n<p>Estamos vendo, diariamente, que quem mora na periferia das cidades tem mais chance de morrer por covid-19. Os moradores dos bairros com piores indicadores sociais s\u00e3o as maiores v\u00edtimas da doen\u00e7a. Morrem muito mais pobres, negros e desassistidos. Na pandemia se acentuam os processos de exclus\u00e3o social. Aumenta o contingente de pessoas sem emprego, que engrossam as estat\u00edsticas dos miser\u00e1veis.<\/p>\n<p>&nbsp;<\/p>\n","protected":false},"excerpt":{"rendered":"<p>Este livro integra o conjunto de homenagens que foram feitas, ao redor do mundo, para celebrar o centen\u00e1rio do nascimento de Paulo Freire. No dicion\u00e1rio da l\u00edngua portuguesa, dentre os diferentes significados do verbo celebrar encontramos \u201ccomemorar\u201d e esse voc\u00e1bulo, etimologicamente, significa memorar, lembrar. E por que \u00e9 importante comemorar o centen\u00e1rio de Paulo Freire? [&hellip;]<\/p>\n","protected":false},"featured_media":7194,"comment_status":"open","ping_status":"closed","template":"","meta":{"_joinchat":[]},"product_brand":[],"product_cat":[165,97,108],"product_tag":[],"class_list":{"0":"post-8781","1":"product","2":"type-product","3":"status-publish","4":"has-post-thumbnail","6":"product_cat-ebook","7":"product_cat-educacao","8":"product_cat-formacao-de-professores","9":"product_shipping_class-download","11":"first","12":"instock","13":"downloadable","14":"virtual","15":"purchasable","16":"product-type-simple"},"yoast_head":"<!-- This site is optimized with the Yoast SEO plugin v27.4 - https:\/\/yoast.com\/product\/yoast-seo-wordpress\/ -->\n<title>Paulo Freire na pesquisa em educa\u00e7\u00e3o: leituras da realidade e utopias - Pontes Editores<\/title>\n<meta name=\"robots\" content=\"index, follow, max-snippet:-1, max-image-preview:large, max-video-preview:-1\" \/>\n<link rel=\"canonical\" href=\"https:\/\/ponteseditores.com.br\/loja3\/pontes-editores-home-2__trashed\/educacao\/paulo-freire-na-pesquisa-em-educacao-leituras-da-realidade-e-utopias\/\" \/>\n<meta property=\"og:locale\" content=\"pt_BR\" \/>\n<meta property=\"og:type\" content=\"article\" \/>\n<meta property=\"og:title\" content=\"Paulo Freire na pesquisa em educa\u00e7\u00e3o: leituras da realidade e utopias - Pontes Editores\" \/>\n<meta property=\"og:description\" content=\"Este livro integra o conjunto de homenagens que foram feitas, ao redor do mundo, para celebrar o centen\u00e1rio do nascimento de Paulo Freire. No dicion\u00e1rio da l\u00edngua portuguesa, dentre os diferentes significados do verbo celebrar encontramos \u201ccomemorar\u201d e esse voc\u00e1bulo, etimologicamente, significa memorar, lembrar. E por que \u00e9 importante comemorar o centen\u00e1rio de Paulo Freire? [&hellip;]\" \/>\n<meta property=\"og:url\" content=\"https:\/\/ponteseditores.com.br\/loja3\/pontes-editores-home-2__trashed\/educacao\/paulo-freire-na-pesquisa-em-educacao-leituras-da-realidade-e-utopias\/\" \/>\n<meta property=\"og:site_name\" content=\"Pontes Editores\" \/>\n<meta property=\"article:modified_time\" content=\"2024-10-08T14:29:12+00:00\" \/>\n<meta property=\"og:image\" content=\"https:\/\/ponteseditores.com.br\/loja3\/wp-content\/uploads\/2023\/12\/Capa_Paulo_Freire.jpg\" \/>\n\t<meta property=\"og:image:width\" content=\"1000\" \/>\n\t<meta property=\"og:image:height\" content=\"1414\" \/>\n\t<meta property=\"og:image:type\" content=\"image\/jpeg\" \/>\n<meta name=\"twitter:card\" content=\"summary_large_image\" \/>\n<meta name=\"twitter:label1\" content=\"Est. tempo de leitura\" \/>\n\t<meta name=\"twitter:data1\" content=\"2 minutos\" \/>\n<script type=\"application\/ld+json\" class=\"yoast-schema-graph\">{\"@context\":\"https:\\\/\\\/schema.org\",\"@graph\":[{\"@type\":\"WebPage\",\"@id\":\"https:\\\/\\\/ponteseditores.com.br\\\/loja3\\\/pontes-editores-home-2__trashed\\\/educacao\\\/paulo-freire-na-pesquisa-em-educacao-leituras-da-realidade-e-utopias\\\/\",\"url\":\"https:\\\/\\\/ponteseditores.com.br\\\/loja3\\\/pontes-editores-home-2__trashed\\\/educacao\\\/paulo-freire-na-pesquisa-em-educacao-leituras-da-realidade-e-utopias\\\/\",\"name\":\"Paulo Freire na pesquisa em educa\u00e7\u00e3o: leituras da realidade e utopias - Pontes Editores\",\"isPartOf\":{\"@id\":\"https:\\\/\\\/ponteseditores.com.br\\\/loja3\\\/#website\"},\"primaryImageOfPage\":{\"@id\":\"https:\\\/\\\/ponteseditores.com.br\\\/loja3\\\/pontes-editores-home-2__trashed\\\/educacao\\\/paulo-freire-na-pesquisa-em-educacao-leituras-da-realidade-e-utopias\\\/#primaryimage\"},\"image\":{\"@id\":\"https:\\\/\\\/ponteseditores.com.br\\\/loja3\\\/pontes-editores-home-2__trashed\\\/educacao\\\/paulo-freire-na-pesquisa-em-educacao-leituras-da-realidade-e-utopias\\\/#primaryimage\"},\"thumbnailUrl\":\"https:\\\/\\\/ponteseditores.com.br\\\/loja3\\\/wp-content\\\/uploads\\\/2023\\\/12\\\/Capa_Paulo_Freire.jpg\",\"datePublished\":\"2023-12-19T15:06:45+00:00\",\"dateModified\":\"2024-10-08T14:29:12+00:00\",\"breadcrumb\":{\"@id\":\"https:\\\/\\\/ponteseditores.com.br\\\/loja3\\\/pontes-editores-home-2__trashed\\\/educacao\\\/paulo-freire-na-pesquisa-em-educacao-leituras-da-realidade-e-utopias\\\/#breadcrumb\"},\"inLanguage\":\"pt-BR\",\"potentialAction\":[{\"@type\":\"ReadAction\",\"target\":[\"https:\\\/\\\/ponteseditores.com.br\\\/loja3\\\/pontes-editores-home-2__trashed\\\/educacao\\\/paulo-freire-na-pesquisa-em-educacao-leituras-da-realidade-e-utopias\\\/\"]}]},{\"@type\":\"ImageObject\",\"inLanguage\":\"pt-BR\",\"@id\":\"https:\\\/\\\/ponteseditores.com.br\\\/loja3\\\/pontes-editores-home-2__trashed\\\/educacao\\\/paulo-freire-na-pesquisa-em-educacao-leituras-da-realidade-e-utopias\\\/#primaryimage\",\"url\":\"https:\\\/\\\/ponteseditores.com.br\\\/loja3\\\/wp-content\\\/uploads\\\/2023\\\/12\\\/Capa_Paulo_Freire.jpg\",\"contentUrl\":\"https:\\\/\\\/ponteseditores.com.br\\\/loja3\\\/wp-content\\\/uploads\\\/2023\\\/12\\\/Capa_Paulo_Freire.jpg\",\"width\":1000,\"height\":1414},{\"@type\":\"BreadcrumbList\",\"@id\":\"https:\\\/\\\/ponteseditores.com.br\\\/loja3\\\/pontes-editores-home-2__trashed\\\/educacao\\\/paulo-freire-na-pesquisa-em-educacao-leituras-da-realidade-e-utopias\\\/#breadcrumb\",\"itemListElement\":[{\"@type\":\"ListItem\",\"position\":1,\"name\":\"Home\",\"item\":\"https:\\\/\\\/ponteseditores.com.br\\\/loja3\\\/\"},{\"@type\":\"ListItem\",\"position\":2,\"name\":\"loja\",\"item\":\"https:\\\/\\\/ponteseditores.com.br\\\/loja3\\\/loja\\\/\"},{\"@type\":\"ListItem\",\"position\":3,\"name\":\"Paulo Freire na pesquisa em educa\u00e7\u00e3o: leituras da realidade e utopias\"}]},{\"@type\":\"WebSite\",\"@id\":\"https:\\\/\\\/ponteseditores.com.br\\\/loja3\\\/#website\",\"url\":\"https:\\\/\\\/ponteseditores.com.br\\\/loja3\\\/\",\"name\":\"Pontes Editores\",\"description\":\"Pontes Editores\",\"publisher\":{\"@id\":\"https:\\\/\\\/ponteseditores.com.br\\\/loja3\\\/#organization\"},\"potentialAction\":[{\"@type\":\"SearchAction\",\"target\":{\"@type\":\"EntryPoint\",\"urlTemplate\":\"https:\\\/\\\/ponteseditores.com.br\\\/loja3\\\/?s={search_term_string}\"},\"query-input\":{\"@type\":\"PropertyValueSpecification\",\"valueRequired\":true,\"valueName\":\"search_term_string\"}}],\"inLanguage\":\"pt-BR\"},{\"@type\":\"Organization\",\"@id\":\"https:\\\/\\\/ponteseditores.com.br\\\/loja3\\\/#organization\",\"name\":\"Pontes Editores\",\"url\":\"https:\\\/\\\/ponteseditores.com.br\\\/loja3\\\/\",\"logo\":{\"@type\":\"ImageObject\",\"inLanguage\":\"pt-BR\",\"@id\":\"https:\\\/\\\/ponteseditores.com.br\\\/loja3\\\/#\\\/schema\\\/logo\\\/image\\\/\",\"url\":\"https:\\\/\\\/ponteseditores.com.br\\\/loja3\\\/wp-content\\\/uploads\\\/2023\\\/12\\\/logo-pontes-editores-v2.png\",\"contentUrl\":\"https:\\\/\\\/ponteseditores.com.br\\\/loja3\\\/wp-content\\\/uploads\\\/2023\\\/12\\\/logo-pontes-editores-v2.png\",\"width\":258,\"height\":100,\"caption\":\"Pontes Editores\"},\"image\":{\"@id\":\"https:\\\/\\\/ponteseditores.com.br\\\/loja3\\\/#\\\/schema\\\/logo\\\/image\\\/\"}}]}<\/script>\n<!-- \/ Yoast SEO plugin. -->","yoast_head_json":{"title":"Paulo Freire na pesquisa em educa\u00e7\u00e3o: leituras da realidade e utopias - Pontes Editores","robots":{"index":"index","follow":"follow","max-snippet":"max-snippet:-1","max-image-preview":"max-image-preview:large","max-video-preview":"max-video-preview:-1"},"canonical":"https:\/\/ponteseditores.com.br\/loja3\/pontes-editores-home-2__trashed\/educacao\/paulo-freire-na-pesquisa-em-educacao-leituras-da-realidade-e-utopias\/","og_locale":"pt_BR","og_type":"article","og_title":"Paulo Freire na pesquisa em educa\u00e7\u00e3o: leituras da realidade e utopias - Pontes Editores","og_description":"Este livro integra o conjunto de homenagens que foram feitas, ao redor do mundo, para celebrar o centen\u00e1rio do nascimento de Paulo Freire. No dicion\u00e1rio da l\u00edngua portuguesa, dentre os diferentes significados do verbo celebrar encontramos \u201ccomemorar\u201d e esse voc\u00e1bulo, etimologicamente, significa memorar, lembrar. E por que \u00e9 importante comemorar o centen\u00e1rio de Paulo Freire? [&hellip;]","og_url":"https:\/\/ponteseditores.com.br\/loja3\/pontes-editores-home-2__trashed\/educacao\/paulo-freire-na-pesquisa-em-educacao-leituras-da-realidade-e-utopias\/","og_site_name":"Pontes Editores","article_modified_time":"2024-10-08T14:29:12+00:00","og_image":[{"width":1000,"height":1414,"url":"https:\/\/ponteseditores.com.br\/loja3\/wp-content\/uploads\/2023\/12\/Capa_Paulo_Freire.jpg","type":"image\/jpeg"}],"twitter_card":"summary_large_image","twitter_misc":{"Est. tempo de leitura":"2 minutos"},"schema":{"@context":"https:\/\/schema.org","@graph":[{"@type":"WebPage","@id":"https:\/\/ponteseditores.com.br\/loja3\/pontes-editores-home-2__trashed\/educacao\/paulo-freire-na-pesquisa-em-educacao-leituras-da-realidade-e-utopias\/","url":"https:\/\/ponteseditores.com.br\/loja3\/pontes-editores-home-2__trashed\/educacao\/paulo-freire-na-pesquisa-em-educacao-leituras-da-realidade-e-utopias\/","name":"Paulo Freire na pesquisa em educa\u00e7\u00e3o: leituras da realidade e utopias - Pontes Editores","isPartOf":{"@id":"https:\/\/ponteseditores.com.br\/loja3\/#website"},"primaryImageOfPage":{"@id":"https:\/\/ponteseditores.com.br\/loja3\/pontes-editores-home-2__trashed\/educacao\/paulo-freire-na-pesquisa-em-educacao-leituras-da-realidade-e-utopias\/#primaryimage"},"image":{"@id":"https:\/\/ponteseditores.com.br\/loja3\/pontes-editores-home-2__trashed\/educacao\/paulo-freire-na-pesquisa-em-educacao-leituras-da-realidade-e-utopias\/#primaryimage"},"thumbnailUrl":"https:\/\/ponteseditores.com.br\/loja3\/wp-content\/uploads\/2023\/12\/Capa_Paulo_Freire.jpg","datePublished":"2023-12-19T15:06:45+00:00","dateModified":"2024-10-08T14:29:12+00:00","breadcrumb":{"@id":"https:\/\/ponteseditores.com.br\/loja3\/pontes-editores-home-2__trashed\/educacao\/paulo-freire-na-pesquisa-em-educacao-leituras-da-realidade-e-utopias\/#breadcrumb"},"inLanguage":"pt-BR","potentialAction":[{"@type":"ReadAction","target":["https:\/\/ponteseditores.com.br\/loja3\/pontes-editores-home-2__trashed\/educacao\/paulo-freire-na-pesquisa-em-educacao-leituras-da-realidade-e-utopias\/"]}]},{"@type":"ImageObject","inLanguage":"pt-BR","@id":"https:\/\/ponteseditores.com.br\/loja3\/pontes-editores-home-2__trashed\/educacao\/paulo-freire-na-pesquisa-em-educacao-leituras-da-realidade-e-utopias\/#primaryimage","url":"https:\/\/ponteseditores.com.br\/loja3\/wp-content\/uploads\/2023\/12\/Capa_Paulo_Freire.jpg","contentUrl":"https:\/\/ponteseditores.com.br\/loja3\/wp-content\/uploads\/2023\/12\/Capa_Paulo_Freire.jpg","width":1000,"height":1414},{"@type":"BreadcrumbList","@id":"https:\/\/ponteseditores.com.br\/loja3\/pontes-editores-home-2__trashed\/educacao\/paulo-freire-na-pesquisa-em-educacao-leituras-da-realidade-e-utopias\/#breadcrumb","itemListElement":[{"@type":"ListItem","position":1,"name":"Home","item":"https:\/\/ponteseditores.com.br\/loja3\/"},{"@type":"ListItem","position":2,"name":"loja","item":"https:\/\/ponteseditores.com.br\/loja3\/loja\/"},{"@type":"ListItem","position":3,"name":"Paulo Freire na pesquisa em educa\u00e7\u00e3o: leituras da realidade e utopias"}]},{"@type":"WebSite","@id":"https:\/\/ponteseditores.com.br\/loja3\/#website","url":"https:\/\/ponteseditores.com.br\/loja3\/","name":"Pontes Editores","description":"Pontes Editores","publisher":{"@id":"https:\/\/ponteseditores.com.br\/loja3\/#organization"},"potentialAction":[{"@type":"SearchAction","target":{"@type":"EntryPoint","urlTemplate":"https:\/\/ponteseditores.com.br\/loja3\/?s={search_term_string}"},"query-input":{"@type":"PropertyValueSpecification","valueRequired":true,"valueName":"search_term_string"}}],"inLanguage":"pt-BR"},{"@type":"Organization","@id":"https:\/\/ponteseditores.com.br\/loja3\/#organization","name":"Pontes Editores","url":"https:\/\/ponteseditores.com.br\/loja3\/","logo":{"@type":"ImageObject","inLanguage":"pt-BR","@id":"https:\/\/ponteseditores.com.br\/loja3\/#\/schema\/logo\/image\/","url":"https:\/\/ponteseditores.com.br\/loja3\/wp-content\/uploads\/2023\/12\/logo-pontes-editores-v2.png","contentUrl":"https:\/\/ponteseditores.com.br\/loja3\/wp-content\/uploads\/2023\/12\/logo-pontes-editores-v2.png","width":258,"height":100,"caption":"Pontes Editores"},"image":{"@id":"https:\/\/ponteseditores.com.br\/loja3\/#\/schema\/logo\/image\/"}}]}},"_links":{"self":[{"href":"https:\/\/ponteseditores.com.br\/loja3\/wp-json\/wp\/v2\/product\/8781","targetHints":{"allow":["GET"]}}],"collection":[{"href":"https:\/\/ponteseditores.com.br\/loja3\/wp-json\/wp\/v2\/product"}],"about":[{"href":"https:\/\/ponteseditores.com.br\/loja3\/wp-json\/wp\/v2\/types\/product"}],"replies":[{"embeddable":true,"href":"https:\/\/ponteseditores.com.br\/loja3\/wp-json\/wp\/v2\/comments?post=8781"}],"version-history":[{"count":1,"href":"https:\/\/ponteseditores.com.br\/loja3\/wp-json\/wp\/v2\/product\/8781\/revisions"}],"predecessor-version":[{"id":9114,"href":"https:\/\/ponteseditores.com.br\/loja3\/wp-json\/wp\/v2\/product\/8781\/revisions\/9114"}],"wp:featuredmedia":[{"embeddable":true,"href":"https:\/\/ponteseditores.com.br\/loja3\/wp-json\/wp\/v2\/media\/7194"}],"wp:attachment":[{"href":"https:\/\/ponteseditores.com.br\/loja3\/wp-json\/wp\/v2\/media?parent=8781"}],"wp:term":[{"taxonomy":"product_brand","embeddable":true,"href":"https:\/\/ponteseditores.com.br\/loja3\/wp-json\/wp\/v2\/product_brand?post=8781"},{"taxonomy":"product_cat","embeddable":true,"href":"https:\/\/ponteseditores.com.br\/loja3\/wp-json\/wp\/v2\/product_cat?post=8781"},{"taxonomy":"product_tag","embeddable":true,"href":"https:\/\/ponteseditores.com.br\/loja3\/wp-json\/wp\/v2\/product_tag?post=8781"}],"curies":[{"name":"wp","href":"https:\/\/api.w.org\/{rel}","templated":true}]}}