{"id":8749,"date":"2023-12-18T23:46:55","date_gmt":"2023-12-19T02:46:55","guid":{"rendered":"https:\/\/ponteseditores.com.br\/loja3\/?post_type=product&#038;p=8749"},"modified":"2023-12-21T13:51:24","modified_gmt":"2023-12-21T16:51:24","slug":"existir-e-nao-pertencer","status":"publish","type":"product","link":"https:\/\/ponteseditores.com.br\/loja3\/pontes-editores-home-2__trashed\/antropologia\/existir-e-nao-pertencer\/","title":{"rendered":"EXISTIR E N\u00c3O PERTENCER"},"content":{"rendered":"<p class=\"p1\">Existir e n\u00e3o pertencer, de Nelson Filice de Barros, narra em prosa a condi\u00e7\u00e3o do pr\u00f3prio autor (e de muitos como ele) de existir como cientista social no campo da sa\u00fade e n\u00e3o sentir a ele pertencer; talvez, ainda, de n\u00e3o ser totalmente reconhecido no campo.<\/p>\n<p class=\"p1\">Filice opta por uma autoetnografia para contar sua travessia no campo da sa\u00fade, segundo ele, op\u00e7\u00e3o para narrar sua exist\u00eancia sem pertencimento. O livro coloca os leitores em uma situa\u00e7\u00e3o de estranhamento. No decorrer da argumenta\u00e7\u00e3o, a linguagem vai mudando: aqueles acostumados a uma modula\u00e7\u00e3o acad\u00eamica muitas vezes se sentem desconfort\u00e1veis com poesias e com constru\u00e7\u00f5es po\u00e9ticas que surgem inadvertidamente no texto; outros, menos afeitos a elabora\u00e7\u00f5es te\u00f3ricas, acabam percebendo que o autor foi por esse caminho.<\/p>\n<p class=\"p1\">Todavia, esse entrecruzar de formas de express\u00e3o n\u00e3o \u00e9 algo for\u00e7ado ou externo ao conte\u00fado. Ao contr\u00e1rio, o autor est\u00e1 justamente chamando aten\u00e7\u00e3o para espa\u00e7os complexos que exigem respostas m\u00faltiplas e linguagens diferentes.<\/p>\n<p class=\"p1\">Todavia, o texto \u00e9 dif\u00edcil n\u00e3o por termos ou conceitos complicados ou por um estilo rebuscado, nem pelo mencionado entrecruzar de formas de express\u00e3o, mas, sobretudo porque indaga, interpela o leitor, que passa a indagar: \u00e9 poss\u00edvel existir sem pertencer? H\u00e1 em Existir e n\u00e3o pertencer um reclame de pertencimento? Ou o que se quer com essa afirma\u00e7\u00e3o \u00e9 outra coisa, um algo mais? O que o autor deseja nos dizer afinal? Pedro Paulo Gomes Pereira<\/p>\n","protected":false},"excerpt":{"rendered":"<h4 class=\"p1\">Notas autoetnogr\u00e1ficas de um cientista social no campo as sa\u00fade<\/h4>\n<p>Existir e n\u00e3o pertencer, de Nelson Filice de Barros, narra em prosa a condi\u00e7\u00e3o do pr\u00f3prio autor (e de muitos como ele) de existir como cientista social no campo da sa\u00fade e n\u00e3o sentir a ele pertencer; talvez, ainda, de n\u00e3o ser totalmente reconhecido no campo.<\/p>\n","protected":false},"featured_media":551,"comment_status":"open","ping_status":"closed","template":"","meta":{"_joinchat":[]},"product_brand":[],"product_cat":[118,277],"product_tag":[],"class_list":{"0":"post-8749","1":"product","2":"type-product","3":"status-publish","4":"has-post-thumbnail","6":"product_cat-antropologia","7":"product_cat-sociologia","8":"product_shipping_class-livro-pontes-editores-fisico","10":"first","11":"instock","12":"shipping-taxable","13":"purchasable","14":"product-type-simple"},"yoast_head":"<!-- This site is optimized with the Yoast SEO plugin v27.4 - https:\/\/yoast.com\/product\/yoast-seo-wordpress\/ -->\n<title>EXISTIR E N\u00c3O PERTENCER - Pontes Editores<\/title>\n<meta name=\"robots\" content=\"index, follow, max-snippet:-1, max-image-preview:large, max-video-preview:-1\" \/>\n<link rel=\"canonical\" href=\"https:\/\/ponteseditores.com.br\/loja3\/pontes-editores-home-2__trashed\/antropologia\/existir-e-nao-pertencer\/\" \/>\n<meta property=\"og:locale\" content=\"pt_BR\" \/>\n<meta property=\"og:type\" content=\"article\" \/>\n<meta property=\"og:title\" content=\"EXISTIR E N\u00c3O PERTENCER - Pontes Editores\" \/>\n<meta property=\"og:description\" content=\"Notas autoetnogr\u00e1ficas de um cientista social no campo as sa\u00fade Existir e n\u00e3o pertencer, de Nelson Filice de Barros, narra em prosa a condi\u00e7\u00e3o do pr\u00f3prio autor (e de muitos como ele) de existir como cientista social no campo da sa\u00fade e n\u00e3o sentir a ele pertencer; talvez, ainda, de n\u00e3o ser totalmente reconhecido no campo.\" \/>\n<meta property=\"og:url\" content=\"https:\/\/ponteseditores.com.br\/loja3\/pontes-editores-home-2__trashed\/antropologia\/existir-e-nao-pertencer\/\" \/>\n<meta property=\"og:site_name\" content=\"Pontes Editores\" \/>\n<meta property=\"article:modified_time\" content=\"2023-12-21T16:51:24+00:00\" \/>\n<meta property=\"og:image\" content=\"https:\/\/ponteseditores.com.br\/loja3\/wp-content\/uploads\/2023\/12\/exixtir-e-nao-pertencer-capa.jpg\" \/>\n\t<meta property=\"og:image:width\" content=\"1728\" \/>\n\t<meta property=\"og:image:height\" content=\"2443\" \/>\n\t<meta property=\"og:image:type\" content=\"image\/jpeg\" \/>\n<meta name=\"twitter:card\" content=\"summary_large_image\" \/>\n<meta name=\"twitter:label1\" content=\"Est. tempo de leitura\" \/>\n\t<meta name=\"twitter:data1\" content=\"2 minutos\" \/>\n<script type=\"application\/ld+json\" class=\"yoast-schema-graph\">{\"@context\":\"https:\\\/\\\/schema.org\",\"@graph\":[{\"@type\":\"WebPage\",\"@id\":\"https:\\\/\\\/ponteseditores.com.br\\\/loja3\\\/pontes-editores-home-2__trashed\\\/antropologia\\\/existir-e-nao-pertencer\\\/\",\"url\":\"https:\\\/\\\/ponteseditores.com.br\\\/loja3\\\/pontes-editores-home-2__trashed\\\/antropologia\\\/existir-e-nao-pertencer\\\/\",\"name\":\"EXISTIR E N\u00c3O PERTENCER - Pontes Editores\",\"isPartOf\":{\"@id\":\"https:\\\/\\\/ponteseditores.com.br\\\/loja3\\\/#website\"},\"primaryImageOfPage\":{\"@id\":\"https:\\\/\\\/ponteseditores.com.br\\\/loja3\\\/pontes-editores-home-2__trashed\\\/antropologia\\\/existir-e-nao-pertencer\\\/#primaryimage\"},\"image\":{\"@id\":\"https:\\\/\\\/ponteseditores.com.br\\\/loja3\\\/pontes-editores-home-2__trashed\\\/antropologia\\\/existir-e-nao-pertencer\\\/#primaryimage\"},\"thumbnailUrl\":\"https:\\\/\\\/ponteseditores.com.br\\\/loja3\\\/wp-content\\\/uploads\\\/2023\\\/12\\\/exixtir-e-nao-pertencer-capa.jpg\",\"datePublished\":\"2023-12-19T02:46:55+00:00\",\"dateModified\":\"2023-12-21T16:51:24+00:00\",\"breadcrumb\":{\"@id\":\"https:\\\/\\\/ponteseditores.com.br\\\/loja3\\\/pontes-editores-home-2__trashed\\\/antropologia\\\/existir-e-nao-pertencer\\\/#breadcrumb\"},\"inLanguage\":\"pt-BR\",\"potentialAction\":[{\"@type\":\"ReadAction\",\"target\":[\"https:\\\/\\\/ponteseditores.com.br\\\/loja3\\\/pontes-editores-home-2__trashed\\\/antropologia\\\/existir-e-nao-pertencer\\\/\"]}]},{\"@type\":\"ImageObject\",\"inLanguage\":\"pt-BR\",\"@id\":\"https:\\\/\\\/ponteseditores.com.br\\\/loja3\\\/pontes-editores-home-2__trashed\\\/antropologia\\\/existir-e-nao-pertencer\\\/#primaryimage\",\"url\":\"https:\\\/\\\/ponteseditores.com.br\\\/loja3\\\/wp-content\\\/uploads\\\/2023\\\/12\\\/exixtir-e-nao-pertencer-capa.jpg\",\"contentUrl\":\"https:\\\/\\\/ponteseditores.com.br\\\/loja3\\\/wp-content\\\/uploads\\\/2023\\\/12\\\/exixtir-e-nao-pertencer-capa.jpg\",\"width\":1728,\"height\":2443},{\"@type\":\"BreadcrumbList\",\"@id\":\"https:\\\/\\\/ponteseditores.com.br\\\/loja3\\\/pontes-editores-home-2__trashed\\\/antropologia\\\/existir-e-nao-pertencer\\\/#breadcrumb\",\"itemListElement\":[{\"@type\":\"ListItem\",\"position\":1,\"name\":\"Home\",\"item\":\"https:\\\/\\\/ponteseditores.com.br\\\/loja3\\\/\"},{\"@type\":\"ListItem\",\"position\":2,\"name\":\"loja\",\"item\":\"https:\\\/\\\/ponteseditores.com.br\\\/loja3\\\/loja\\\/\"},{\"@type\":\"ListItem\",\"position\":3,\"name\":\"EXISTIR E N\u00c3O PERTENCER\"}]},{\"@type\":\"WebSite\",\"@id\":\"https:\\\/\\\/ponteseditores.com.br\\\/loja3\\\/#website\",\"url\":\"https:\\\/\\\/ponteseditores.com.br\\\/loja3\\\/\",\"name\":\"Pontes Editores\",\"description\":\"Pontes Editores\",\"publisher\":{\"@id\":\"https:\\\/\\\/ponteseditores.com.br\\\/loja3\\\/#organization\"},\"potentialAction\":[{\"@type\":\"SearchAction\",\"target\":{\"@type\":\"EntryPoint\",\"urlTemplate\":\"https:\\\/\\\/ponteseditores.com.br\\\/loja3\\\/?s={search_term_string}\"},\"query-input\":{\"@type\":\"PropertyValueSpecification\",\"valueRequired\":true,\"valueName\":\"search_term_string\"}}],\"inLanguage\":\"pt-BR\"},{\"@type\":\"Organization\",\"@id\":\"https:\\\/\\\/ponteseditores.com.br\\\/loja3\\\/#organization\",\"name\":\"Pontes Editores\",\"url\":\"https:\\\/\\\/ponteseditores.com.br\\\/loja3\\\/\",\"logo\":{\"@type\":\"ImageObject\",\"inLanguage\":\"pt-BR\",\"@id\":\"https:\\\/\\\/ponteseditores.com.br\\\/loja3\\\/#\\\/schema\\\/logo\\\/image\\\/\",\"url\":\"https:\\\/\\\/ponteseditores.com.br\\\/loja3\\\/wp-content\\\/uploads\\\/2023\\\/12\\\/logo-pontes-editores-v2.png\",\"contentUrl\":\"https:\\\/\\\/ponteseditores.com.br\\\/loja3\\\/wp-content\\\/uploads\\\/2023\\\/12\\\/logo-pontes-editores-v2.png\",\"width\":258,\"height\":100,\"caption\":\"Pontes Editores\"},\"image\":{\"@id\":\"https:\\\/\\\/ponteseditores.com.br\\\/loja3\\\/#\\\/schema\\\/logo\\\/image\\\/\"}}]}<\/script>\n<!-- \/ Yoast SEO plugin. -->","yoast_head_json":{"title":"EXISTIR E N\u00c3O PERTENCER - Pontes Editores","robots":{"index":"index","follow":"follow","max-snippet":"max-snippet:-1","max-image-preview":"max-image-preview:large","max-video-preview":"max-video-preview:-1"},"canonical":"https:\/\/ponteseditores.com.br\/loja3\/pontes-editores-home-2__trashed\/antropologia\/existir-e-nao-pertencer\/","og_locale":"pt_BR","og_type":"article","og_title":"EXISTIR E N\u00c3O PERTENCER - Pontes Editores","og_description":"Notas autoetnogr\u00e1ficas de um cientista social no campo as sa\u00fade Existir e n\u00e3o pertencer, de Nelson Filice de Barros, narra em prosa a condi\u00e7\u00e3o do pr\u00f3prio autor (e de muitos como ele) de existir como cientista social no campo da sa\u00fade e n\u00e3o sentir a ele pertencer; talvez, ainda, de n\u00e3o ser totalmente reconhecido no campo.","og_url":"https:\/\/ponteseditores.com.br\/loja3\/pontes-editores-home-2__trashed\/antropologia\/existir-e-nao-pertencer\/","og_site_name":"Pontes Editores","article_modified_time":"2023-12-21T16:51:24+00:00","og_image":[{"width":1728,"height":2443,"url":"https:\/\/ponteseditores.com.br\/loja3\/wp-content\/uploads\/2023\/12\/exixtir-e-nao-pertencer-capa.jpg","type":"image\/jpeg"}],"twitter_card":"summary_large_image","twitter_misc":{"Est. tempo de leitura":"2 minutos"},"schema":{"@context":"https:\/\/schema.org","@graph":[{"@type":"WebPage","@id":"https:\/\/ponteseditores.com.br\/loja3\/pontes-editores-home-2__trashed\/antropologia\/existir-e-nao-pertencer\/","url":"https:\/\/ponteseditores.com.br\/loja3\/pontes-editores-home-2__trashed\/antropologia\/existir-e-nao-pertencer\/","name":"EXISTIR E N\u00c3O PERTENCER - Pontes Editores","isPartOf":{"@id":"https:\/\/ponteseditores.com.br\/loja3\/#website"},"primaryImageOfPage":{"@id":"https:\/\/ponteseditores.com.br\/loja3\/pontes-editores-home-2__trashed\/antropologia\/existir-e-nao-pertencer\/#primaryimage"},"image":{"@id":"https:\/\/ponteseditores.com.br\/loja3\/pontes-editores-home-2__trashed\/antropologia\/existir-e-nao-pertencer\/#primaryimage"},"thumbnailUrl":"https:\/\/ponteseditores.com.br\/loja3\/wp-content\/uploads\/2023\/12\/exixtir-e-nao-pertencer-capa.jpg","datePublished":"2023-12-19T02:46:55+00:00","dateModified":"2023-12-21T16:51:24+00:00","breadcrumb":{"@id":"https:\/\/ponteseditores.com.br\/loja3\/pontes-editores-home-2__trashed\/antropologia\/existir-e-nao-pertencer\/#breadcrumb"},"inLanguage":"pt-BR","potentialAction":[{"@type":"ReadAction","target":["https:\/\/ponteseditores.com.br\/loja3\/pontes-editores-home-2__trashed\/antropologia\/existir-e-nao-pertencer\/"]}]},{"@type":"ImageObject","inLanguage":"pt-BR","@id":"https:\/\/ponteseditores.com.br\/loja3\/pontes-editores-home-2__trashed\/antropologia\/existir-e-nao-pertencer\/#primaryimage","url":"https:\/\/ponteseditores.com.br\/loja3\/wp-content\/uploads\/2023\/12\/exixtir-e-nao-pertencer-capa.jpg","contentUrl":"https:\/\/ponteseditores.com.br\/loja3\/wp-content\/uploads\/2023\/12\/exixtir-e-nao-pertencer-capa.jpg","width":1728,"height":2443},{"@type":"BreadcrumbList","@id":"https:\/\/ponteseditores.com.br\/loja3\/pontes-editores-home-2__trashed\/antropologia\/existir-e-nao-pertencer\/#breadcrumb","itemListElement":[{"@type":"ListItem","position":1,"name":"Home","item":"https:\/\/ponteseditores.com.br\/loja3\/"},{"@type":"ListItem","position":2,"name":"loja","item":"https:\/\/ponteseditores.com.br\/loja3\/loja\/"},{"@type":"ListItem","position":3,"name":"EXISTIR E N\u00c3O PERTENCER"}]},{"@type":"WebSite","@id":"https:\/\/ponteseditores.com.br\/loja3\/#website","url":"https:\/\/ponteseditores.com.br\/loja3\/","name":"Pontes Editores","description":"Pontes Editores","publisher":{"@id":"https:\/\/ponteseditores.com.br\/loja3\/#organization"},"potentialAction":[{"@type":"SearchAction","target":{"@type":"EntryPoint","urlTemplate":"https:\/\/ponteseditores.com.br\/loja3\/?s={search_term_string}"},"query-input":{"@type":"PropertyValueSpecification","valueRequired":true,"valueName":"search_term_string"}}],"inLanguage":"pt-BR"},{"@type":"Organization","@id":"https:\/\/ponteseditores.com.br\/loja3\/#organization","name":"Pontes Editores","url":"https:\/\/ponteseditores.com.br\/loja3\/","logo":{"@type":"ImageObject","inLanguage":"pt-BR","@id":"https:\/\/ponteseditores.com.br\/loja3\/#\/schema\/logo\/image\/","url":"https:\/\/ponteseditores.com.br\/loja3\/wp-content\/uploads\/2023\/12\/logo-pontes-editores-v2.png","contentUrl":"https:\/\/ponteseditores.com.br\/loja3\/wp-content\/uploads\/2023\/12\/logo-pontes-editores-v2.png","width":258,"height":100,"caption":"Pontes Editores"},"image":{"@id":"https:\/\/ponteseditores.com.br\/loja3\/#\/schema\/logo\/image\/"}}]}},"_links":{"self":[{"href":"https:\/\/ponteseditores.com.br\/loja3\/wp-json\/wp\/v2\/product\/8749","targetHints":{"allow":["GET"]}}],"collection":[{"href":"https:\/\/ponteseditores.com.br\/loja3\/wp-json\/wp\/v2\/product"}],"about":[{"href":"https:\/\/ponteseditores.com.br\/loja3\/wp-json\/wp\/v2\/types\/product"}],"replies":[{"embeddable":true,"href":"https:\/\/ponteseditores.com.br\/loja3\/wp-json\/wp\/v2\/comments?post=8749"}],"version-history":[{"count":0,"href":"https:\/\/ponteseditores.com.br\/loja3\/wp-json\/wp\/v2\/product\/8749\/revisions"}],"wp:featuredmedia":[{"embeddable":true,"href":"https:\/\/ponteseditores.com.br\/loja3\/wp-json\/wp\/v2\/media\/551"}],"wp:attachment":[{"href":"https:\/\/ponteseditores.com.br\/loja3\/wp-json\/wp\/v2\/media?parent=8749"}],"wp:term":[{"taxonomy":"product_brand","embeddable":true,"href":"https:\/\/ponteseditores.com.br\/loja3\/wp-json\/wp\/v2\/product_brand?post=8749"},{"taxonomy":"product_cat","embeddable":true,"href":"https:\/\/ponteseditores.com.br\/loja3\/wp-json\/wp\/v2\/product_cat?post=8749"},{"taxonomy":"product_tag","embeddable":true,"href":"https:\/\/ponteseditores.com.br\/loja3\/wp-json\/wp\/v2\/product_tag?post=8749"}],"curies":[{"name":"wp","href":"https:\/\/api.w.org\/{rel}","templated":true}]}}