{"id":8713,"date":"2023-12-18T14:55:04","date_gmt":"2023-12-18T17:55:04","guid":{"rendered":"https:\/\/ponteseditores.com.br\/loja3\/?post_type=product&#038;p=8713"},"modified":"2024-10-08T11:29:13","modified_gmt":"2024-10-08T14:29:13","slug":"perspectivas-trajetorias-e-conhecimento-reflexoes-sobre-linguistica","status":"publish","type":"product","link":"https:\/\/ponteseditores.com.br\/loja3\/pontes-editores-home-2__trashed\/linguistica\/perspectivas-trajetorias-e-conhecimento-reflexoes-sobre-linguistica\/","title":{"rendered":"PERSPECTIVAS, TRAJET\u00d3RIAS E CONHECIMENTO: Reflex\u00f5es sobre lingu\u00edstica"},"content":{"rendered":"<p>Esta obra, intitulada \u201cPerspectivas, trajet\u00f3rias e conhecimento: reflex\u00f5es sobre lingu\u00edstica\u201d, adv\u00e9m de pesquisas realizadas por estudantes atuais e egressos do Programa de P\u00f3s-Gradua\u00e7\u00e3o em Estudos Lingu\u00edsticos (Poslin) da Universidade Federal de Minas Gerais (UFMG). A cole\u00e7\u00e3o \u00e9 composta por 15 artigos que abrangem as tr\u00eas \u00e1reas de pesquisa do Programa, a saber: Lingu\u00edstica Te\u00f3rica e Descritiva, Lingu\u00edstica do texto e do Discurso e, Lingu\u00edstica Aplicada. Esta obra nos \u00e9 muito cara por diversas raz\u00f5es. Uma delas diz respeito \u00e0s tem\u00e1ticas mobilizadas nesta colet\u00e2nea, que nos possibilitam problematizar, questionar e desnaturalizar os construtos coloniais, cartesianos e positivistas de \u201cci\u00eancia\u201d, de \u201clingu\u00edstica\u201d, de \u201ceduca\u00e7\u00e3o\u201d, de \u201cci\u00eancia lingu\u00edstica\u201d e de \u201ceduca\u00e7\u00e3o lingu\u00edstica\u201d. O que \u00e9 \u201cci\u00eancia\u201d? Quando nos deparamos com esse questionamento, precisamos sempre ter ao nosso lado algumas premissas freirianas que caracterizam as Pedagogias das Perguntas: quem \u201cdefiniu\u201d esse construto \u201cci\u00eancia\u201d? O que significa \u201cdefinir ci\u00eancia\u201d? Trazer esses questionamentos \u00e9 ampliar criticamente e discursivamente o que entendemos por cada um desses construtos. Tem\u00e1ticas diversas s\u00e3o agenciadas e mobilizadas pelos estudantes e por seus orientadores neste livro, como linguagem e educa\u00e7\u00e3o inclusivas, constru\u00e7\u00f5es identit\u00e1rias de mulheres negras, representa\u00e7\u00f5es discursivas sobre o aborto e sobre sexualidades diversas, como o corpo trans no ensino-aprendizagem de l\u00edngua inglesa, discursos sobre educa\u00e7\u00e3o e comunica\u00e7\u00e3o social, representa\u00e7\u00f5es sobre rompimentos de barragens mineradoras, an\u00e1lises discursivas sobre candidatos \u00e0 presid\u00eancia da Rep\u00fablica e sobre o g\u00eanero musical funk, aspectos concernentes ao ensino-aprendizagem de l\u00edngua portuguesa materna como ortografia e tem\u00e1ticas muito urgentes e necess\u00e1rias relacionadas ao ensino-aprendizagem de l\u00edngua italiana, de l\u00edngua inglesa e de l\u00edngua espanhola, como autonomia, narrativas de aprendizagem, identifica\u00e7\u00f5es de corpos trans e internacionaliza\u00e7\u00e3o.<\/p>\n","protected":false},"excerpt":{"rendered":"<p>Esta obra, intitulada \u201cPerspectivas, trajet\u00f3rias e conhecimento: reflex\u00f5es sobre lingu\u00edstica\u201d, adv\u00e9m de pesquisas realizadas por estudantes atuais e egressos do Programa de P\u00f3s-Gradua\u00e7\u00e3o em Estudos Lingu\u00edsticos (Poslin) da Universidade Federal de Minas Gerais (UFMG). A cole\u00e7\u00e3o \u00e9 composta por 15 artigos que abrangem as tr\u00eas \u00e1reas de pesquisa do Programa, a saber: Lingu\u00edstica Te\u00f3rica e [&hellip;]<\/p>\n","protected":false},"featured_media":8715,"comment_status":"open","ping_status":"closed","template":"","meta":{"_joinchat":[]},"product_brand":[],"product_cat":[165,31],"product_tag":[],"class_list":{"0":"post-8713","1":"product","2":"type-product","3":"status-publish","4":"has-post-thumbnail","6":"product_cat-ebook","7":"product_cat-linguistica","8":"product_shipping_class-download","10":"first","11":"instock","12":"downloadable","13":"virtual","14":"purchasable","15":"product-type-simple"},"yoast_head":"<!-- This site is optimized with the Yoast SEO plugin v27.4 - https:\/\/yoast.com\/product\/yoast-seo-wordpress\/ -->\n<title>PERSPECTIVAS, TRAJET\u00d3RIAS E CONHECIMENTO: Reflex\u00f5es sobre lingu\u00edstica - Pontes Editores<\/title>\n<meta name=\"robots\" content=\"index, follow, max-snippet:-1, max-image-preview:large, max-video-preview:-1\" \/>\n<link rel=\"canonical\" href=\"https:\/\/ponteseditores.com.br\/loja3\/pontes-editores-home-2__trashed\/linguistica\/perspectivas-trajetorias-e-conhecimento-reflexoes-sobre-linguistica\/\" \/>\n<meta property=\"og:locale\" content=\"pt_BR\" \/>\n<meta property=\"og:type\" content=\"article\" \/>\n<meta property=\"og:title\" content=\"PERSPECTIVAS, TRAJET\u00d3RIAS E CONHECIMENTO: Reflex\u00f5es sobre lingu\u00edstica - Pontes Editores\" \/>\n<meta property=\"og:description\" content=\"Esta obra, intitulada \u201cPerspectivas, trajet\u00f3rias e conhecimento: reflex\u00f5es sobre lingu\u00edstica\u201d, adv\u00e9m de pesquisas realizadas por estudantes atuais e egressos do Programa de P\u00f3s-Gradua\u00e7\u00e3o em Estudos Lingu\u00edsticos (Poslin) da Universidade Federal de Minas Gerais (UFMG). A cole\u00e7\u00e3o \u00e9 composta por 15 artigos que abrangem as tr\u00eas \u00e1reas de pesquisa do Programa, a saber: Lingu\u00edstica Te\u00f3rica e [&hellip;]\" \/>\n<meta property=\"og:url\" content=\"https:\/\/ponteseditores.com.br\/loja3\/pontes-editores-home-2__trashed\/linguistica\/perspectivas-trajetorias-e-conhecimento-reflexoes-sobre-linguistica\/\" \/>\n<meta property=\"og:site_name\" content=\"Pontes Editores\" \/>\n<meta property=\"article:modified_time\" content=\"2024-10-08T14:29:13+00:00\" \/>\n<meta property=\"og:image\" content=\"https:\/\/ponteseditores.com.br\/loja3\/wp-content\/uploads\/2023\/12\/Capa_Perspectivas.jpg\" \/>\n\t<meta property=\"og:image:width\" content=\"1728\" \/>\n\t<meta property=\"og:image:height\" content=\"2443\" \/>\n\t<meta property=\"og:image:type\" content=\"image\/jpeg\" \/>\n<meta name=\"twitter:card\" content=\"summary_large_image\" \/>\n<meta name=\"twitter:label1\" content=\"Est. tempo de leitura\" \/>\n\t<meta name=\"twitter:data1\" content=\"2 minutos\" \/>\n<script type=\"application\/ld+json\" class=\"yoast-schema-graph\">{\"@context\":\"https:\\\/\\\/schema.org\",\"@graph\":[{\"@type\":\"WebPage\",\"@id\":\"https:\\\/\\\/ponteseditores.com.br\\\/loja3\\\/pontes-editores-home-2__trashed\\\/linguistica\\\/perspectivas-trajetorias-e-conhecimento-reflexoes-sobre-linguistica\\\/\",\"url\":\"https:\\\/\\\/ponteseditores.com.br\\\/loja3\\\/pontes-editores-home-2__trashed\\\/linguistica\\\/perspectivas-trajetorias-e-conhecimento-reflexoes-sobre-linguistica\\\/\",\"name\":\"PERSPECTIVAS, TRAJET\u00d3RIAS E CONHECIMENTO: Reflex\u00f5es sobre lingu\u00edstica - Pontes Editores\",\"isPartOf\":{\"@id\":\"https:\\\/\\\/ponteseditores.com.br\\\/loja3\\\/#website\"},\"primaryImageOfPage\":{\"@id\":\"https:\\\/\\\/ponteseditores.com.br\\\/loja3\\\/pontes-editores-home-2__trashed\\\/linguistica\\\/perspectivas-trajetorias-e-conhecimento-reflexoes-sobre-linguistica\\\/#primaryimage\"},\"image\":{\"@id\":\"https:\\\/\\\/ponteseditores.com.br\\\/loja3\\\/pontes-editores-home-2__trashed\\\/linguistica\\\/perspectivas-trajetorias-e-conhecimento-reflexoes-sobre-linguistica\\\/#primaryimage\"},\"thumbnailUrl\":\"https:\\\/\\\/ponteseditores.com.br\\\/loja3\\\/wp-content\\\/uploads\\\/2023\\\/12\\\/Capa_Perspectivas.jpg\",\"datePublished\":\"2023-12-18T17:55:04+00:00\",\"dateModified\":\"2024-10-08T14:29:13+00:00\",\"breadcrumb\":{\"@id\":\"https:\\\/\\\/ponteseditores.com.br\\\/loja3\\\/pontes-editores-home-2__trashed\\\/linguistica\\\/perspectivas-trajetorias-e-conhecimento-reflexoes-sobre-linguistica\\\/#breadcrumb\"},\"inLanguage\":\"pt-BR\",\"potentialAction\":[{\"@type\":\"ReadAction\",\"target\":[\"https:\\\/\\\/ponteseditores.com.br\\\/loja3\\\/pontes-editores-home-2__trashed\\\/linguistica\\\/perspectivas-trajetorias-e-conhecimento-reflexoes-sobre-linguistica\\\/\"]}]},{\"@type\":\"ImageObject\",\"inLanguage\":\"pt-BR\",\"@id\":\"https:\\\/\\\/ponteseditores.com.br\\\/loja3\\\/pontes-editores-home-2__trashed\\\/linguistica\\\/perspectivas-trajetorias-e-conhecimento-reflexoes-sobre-linguistica\\\/#primaryimage\",\"url\":\"https:\\\/\\\/ponteseditores.com.br\\\/loja3\\\/wp-content\\\/uploads\\\/2023\\\/12\\\/Capa_Perspectivas.jpg\",\"contentUrl\":\"https:\\\/\\\/ponteseditores.com.br\\\/loja3\\\/wp-content\\\/uploads\\\/2023\\\/12\\\/Capa_Perspectivas.jpg\",\"width\":1728,\"height\":2443},{\"@type\":\"BreadcrumbList\",\"@id\":\"https:\\\/\\\/ponteseditores.com.br\\\/loja3\\\/pontes-editores-home-2__trashed\\\/linguistica\\\/perspectivas-trajetorias-e-conhecimento-reflexoes-sobre-linguistica\\\/#breadcrumb\",\"itemListElement\":[{\"@type\":\"ListItem\",\"position\":1,\"name\":\"Home\",\"item\":\"https:\\\/\\\/ponteseditores.com.br\\\/loja3\\\/\"},{\"@type\":\"ListItem\",\"position\":2,\"name\":\"loja\",\"item\":\"https:\\\/\\\/ponteseditores.com.br\\\/loja3\\\/loja\\\/\"},{\"@type\":\"ListItem\",\"position\":3,\"name\":\"PERSPECTIVAS, TRAJET\u00d3RIAS E CONHECIMENTO: Reflex\u00f5es sobre lingu\u00edstica\"}]},{\"@type\":\"WebSite\",\"@id\":\"https:\\\/\\\/ponteseditores.com.br\\\/loja3\\\/#website\",\"url\":\"https:\\\/\\\/ponteseditores.com.br\\\/loja3\\\/\",\"name\":\"Pontes Editores\",\"description\":\"Pontes Editores\",\"publisher\":{\"@id\":\"https:\\\/\\\/ponteseditores.com.br\\\/loja3\\\/#organization\"},\"potentialAction\":[{\"@type\":\"SearchAction\",\"target\":{\"@type\":\"EntryPoint\",\"urlTemplate\":\"https:\\\/\\\/ponteseditores.com.br\\\/loja3\\\/?s={search_term_string}\"},\"query-input\":{\"@type\":\"PropertyValueSpecification\",\"valueRequired\":true,\"valueName\":\"search_term_string\"}}],\"inLanguage\":\"pt-BR\"},{\"@type\":\"Organization\",\"@id\":\"https:\\\/\\\/ponteseditores.com.br\\\/loja3\\\/#organization\",\"name\":\"Pontes Editores\",\"url\":\"https:\\\/\\\/ponteseditores.com.br\\\/loja3\\\/\",\"logo\":{\"@type\":\"ImageObject\",\"inLanguage\":\"pt-BR\",\"@id\":\"https:\\\/\\\/ponteseditores.com.br\\\/loja3\\\/#\\\/schema\\\/logo\\\/image\\\/\",\"url\":\"https:\\\/\\\/ponteseditores.com.br\\\/loja3\\\/wp-content\\\/uploads\\\/2023\\\/12\\\/logo-pontes-editores-v2.png\",\"contentUrl\":\"https:\\\/\\\/ponteseditores.com.br\\\/loja3\\\/wp-content\\\/uploads\\\/2023\\\/12\\\/logo-pontes-editores-v2.png\",\"width\":258,\"height\":100,\"caption\":\"Pontes Editores\"},\"image\":{\"@id\":\"https:\\\/\\\/ponteseditores.com.br\\\/loja3\\\/#\\\/schema\\\/logo\\\/image\\\/\"}}]}<\/script>\n<!-- \/ Yoast SEO plugin. -->","yoast_head_json":{"title":"PERSPECTIVAS, TRAJET\u00d3RIAS E CONHECIMENTO: Reflex\u00f5es sobre lingu\u00edstica - Pontes Editores","robots":{"index":"index","follow":"follow","max-snippet":"max-snippet:-1","max-image-preview":"max-image-preview:large","max-video-preview":"max-video-preview:-1"},"canonical":"https:\/\/ponteseditores.com.br\/loja3\/pontes-editores-home-2__trashed\/linguistica\/perspectivas-trajetorias-e-conhecimento-reflexoes-sobre-linguistica\/","og_locale":"pt_BR","og_type":"article","og_title":"PERSPECTIVAS, TRAJET\u00d3RIAS E CONHECIMENTO: Reflex\u00f5es sobre lingu\u00edstica - Pontes Editores","og_description":"Esta obra, intitulada \u201cPerspectivas, trajet\u00f3rias e conhecimento: reflex\u00f5es sobre lingu\u00edstica\u201d, adv\u00e9m de pesquisas realizadas por estudantes atuais e egressos do Programa de P\u00f3s-Gradua\u00e7\u00e3o em Estudos Lingu\u00edsticos (Poslin) da Universidade Federal de Minas Gerais (UFMG). A cole\u00e7\u00e3o \u00e9 composta por 15 artigos que abrangem as tr\u00eas \u00e1reas de pesquisa do Programa, a saber: Lingu\u00edstica Te\u00f3rica e [&hellip;]","og_url":"https:\/\/ponteseditores.com.br\/loja3\/pontes-editores-home-2__trashed\/linguistica\/perspectivas-trajetorias-e-conhecimento-reflexoes-sobre-linguistica\/","og_site_name":"Pontes Editores","article_modified_time":"2024-10-08T14:29:13+00:00","og_image":[{"width":1728,"height":2443,"url":"https:\/\/ponteseditores.com.br\/loja3\/wp-content\/uploads\/2023\/12\/Capa_Perspectivas.jpg","type":"image\/jpeg"}],"twitter_card":"summary_large_image","twitter_misc":{"Est. tempo de leitura":"2 minutos"},"schema":{"@context":"https:\/\/schema.org","@graph":[{"@type":"WebPage","@id":"https:\/\/ponteseditores.com.br\/loja3\/pontes-editores-home-2__trashed\/linguistica\/perspectivas-trajetorias-e-conhecimento-reflexoes-sobre-linguistica\/","url":"https:\/\/ponteseditores.com.br\/loja3\/pontes-editores-home-2__trashed\/linguistica\/perspectivas-trajetorias-e-conhecimento-reflexoes-sobre-linguistica\/","name":"PERSPECTIVAS, TRAJET\u00d3RIAS E CONHECIMENTO: Reflex\u00f5es sobre lingu\u00edstica - Pontes Editores","isPartOf":{"@id":"https:\/\/ponteseditores.com.br\/loja3\/#website"},"primaryImageOfPage":{"@id":"https:\/\/ponteseditores.com.br\/loja3\/pontes-editores-home-2__trashed\/linguistica\/perspectivas-trajetorias-e-conhecimento-reflexoes-sobre-linguistica\/#primaryimage"},"image":{"@id":"https:\/\/ponteseditores.com.br\/loja3\/pontes-editores-home-2__trashed\/linguistica\/perspectivas-trajetorias-e-conhecimento-reflexoes-sobre-linguistica\/#primaryimage"},"thumbnailUrl":"https:\/\/ponteseditores.com.br\/loja3\/wp-content\/uploads\/2023\/12\/Capa_Perspectivas.jpg","datePublished":"2023-12-18T17:55:04+00:00","dateModified":"2024-10-08T14:29:13+00:00","breadcrumb":{"@id":"https:\/\/ponteseditores.com.br\/loja3\/pontes-editores-home-2__trashed\/linguistica\/perspectivas-trajetorias-e-conhecimento-reflexoes-sobre-linguistica\/#breadcrumb"},"inLanguage":"pt-BR","potentialAction":[{"@type":"ReadAction","target":["https:\/\/ponteseditores.com.br\/loja3\/pontes-editores-home-2__trashed\/linguistica\/perspectivas-trajetorias-e-conhecimento-reflexoes-sobre-linguistica\/"]}]},{"@type":"ImageObject","inLanguage":"pt-BR","@id":"https:\/\/ponteseditores.com.br\/loja3\/pontes-editores-home-2__trashed\/linguistica\/perspectivas-trajetorias-e-conhecimento-reflexoes-sobre-linguistica\/#primaryimage","url":"https:\/\/ponteseditores.com.br\/loja3\/wp-content\/uploads\/2023\/12\/Capa_Perspectivas.jpg","contentUrl":"https:\/\/ponteseditores.com.br\/loja3\/wp-content\/uploads\/2023\/12\/Capa_Perspectivas.jpg","width":1728,"height":2443},{"@type":"BreadcrumbList","@id":"https:\/\/ponteseditores.com.br\/loja3\/pontes-editores-home-2__trashed\/linguistica\/perspectivas-trajetorias-e-conhecimento-reflexoes-sobre-linguistica\/#breadcrumb","itemListElement":[{"@type":"ListItem","position":1,"name":"Home","item":"https:\/\/ponteseditores.com.br\/loja3\/"},{"@type":"ListItem","position":2,"name":"loja","item":"https:\/\/ponteseditores.com.br\/loja3\/loja\/"},{"@type":"ListItem","position":3,"name":"PERSPECTIVAS, TRAJET\u00d3RIAS E CONHECIMENTO: Reflex\u00f5es sobre lingu\u00edstica"}]},{"@type":"WebSite","@id":"https:\/\/ponteseditores.com.br\/loja3\/#website","url":"https:\/\/ponteseditores.com.br\/loja3\/","name":"Pontes Editores","description":"Pontes Editores","publisher":{"@id":"https:\/\/ponteseditores.com.br\/loja3\/#organization"},"potentialAction":[{"@type":"SearchAction","target":{"@type":"EntryPoint","urlTemplate":"https:\/\/ponteseditores.com.br\/loja3\/?s={search_term_string}"},"query-input":{"@type":"PropertyValueSpecification","valueRequired":true,"valueName":"search_term_string"}}],"inLanguage":"pt-BR"},{"@type":"Organization","@id":"https:\/\/ponteseditores.com.br\/loja3\/#organization","name":"Pontes Editores","url":"https:\/\/ponteseditores.com.br\/loja3\/","logo":{"@type":"ImageObject","inLanguage":"pt-BR","@id":"https:\/\/ponteseditores.com.br\/loja3\/#\/schema\/logo\/image\/","url":"https:\/\/ponteseditores.com.br\/loja3\/wp-content\/uploads\/2023\/12\/logo-pontes-editores-v2.png","contentUrl":"https:\/\/ponteseditores.com.br\/loja3\/wp-content\/uploads\/2023\/12\/logo-pontes-editores-v2.png","width":258,"height":100,"caption":"Pontes Editores"},"image":{"@id":"https:\/\/ponteseditores.com.br\/loja3\/#\/schema\/logo\/image\/"}}]}},"_links":{"self":[{"href":"https:\/\/ponteseditores.com.br\/loja3\/wp-json\/wp\/v2\/product\/8713","targetHints":{"allow":["GET"]}}],"collection":[{"href":"https:\/\/ponteseditores.com.br\/loja3\/wp-json\/wp\/v2\/product"}],"about":[{"href":"https:\/\/ponteseditores.com.br\/loja3\/wp-json\/wp\/v2\/types\/product"}],"replies":[{"embeddable":true,"href":"https:\/\/ponteseditores.com.br\/loja3\/wp-json\/wp\/v2\/comments?post=8713"}],"version-history":[{"count":0,"href":"https:\/\/ponteseditores.com.br\/loja3\/wp-json\/wp\/v2\/product\/8713\/revisions"}],"wp:featuredmedia":[{"embeddable":true,"href":"https:\/\/ponteseditores.com.br\/loja3\/wp-json\/wp\/v2\/media\/8715"}],"wp:attachment":[{"href":"https:\/\/ponteseditores.com.br\/loja3\/wp-json\/wp\/v2\/media?parent=8713"}],"wp:term":[{"taxonomy":"product_brand","embeddable":true,"href":"https:\/\/ponteseditores.com.br\/loja3\/wp-json\/wp\/v2\/product_brand?post=8713"},{"taxonomy":"product_cat","embeddable":true,"href":"https:\/\/ponteseditores.com.br\/loja3\/wp-json\/wp\/v2\/product_cat?post=8713"},{"taxonomy":"product_tag","embeddable":true,"href":"https:\/\/ponteseditores.com.br\/loja3\/wp-json\/wp\/v2\/product_tag?post=8713"}],"curies":[{"name":"wp","href":"https:\/\/api.w.org\/{rel}","templated":true}]}}