{"id":8672,"date":"2023-12-16T12:30:50","date_gmt":"2023-12-16T15:30:50","guid":{"rendered":"https:\/\/ponteseditores.com.br\/loja3\/pontes-editores-home-2__trashed\/sem categoria\/roberto-sidnei-macedo-curriculo-formacao-pesquisa-e-mais-vida-em-educacao\/"},"modified":"2023-12-16T12:30:50","modified_gmt":"2023-12-16T15:30:50","slug":"roberto-sidnei-macedo-curriculo-formacao-pesquisa-e-mais-vida-em-educacao","status":"publish","type":"product","link":"https:\/\/ponteseditores.com.br\/loja3\/pontes-editores-home-2__trashed\/uncategorized\/roberto-sidnei-macedo-curriculo-formacao-pesquisa-e-mais-vida-em-educacao\/","title":{"rendered":"Roberto Sidnei Macedo &#8211; Curr\u00edculo, Forma\u00e7\u00e3o, Pesquisa e mais &#8211; Vida em Educa\u00e7\u00e3o"},"content":{"rendered":"<p>Este livro apresenta as resson\u00e2ncias da obra do destacado pesquisador dos campos do curr\u00edculo e da forma\u00e7\u00e3o Roberto Sidnei Macedo. \u00c9 elaborado a partir das compreens\u00f5es de docentes-pesquisadoras\/es desses campos que integram o Grupo de Pesquisa FORMACCE FACED-UFBA e t\u00eam o privil\u00e9gio de conviver academicamente com esse incans\u00e1vel e denso professor-pesquisador.<\/p>\n<p>Os textos trazem narrativas sobre curr\u00edculo e forma\u00e7\u00e3o, seus aportes epistemol\u00f3gicos e os usos pr\u00e1ticos, entretecidos com as teorias, os construtos e in\u00fameros conceitos constru\u00eddos pelo autor. Traz, portanto, suas implica\u00e7\u00f5es com as dimens\u00f5es pol\u00edticas, sociais, culturais, \u00e9ticas, est\u00e9ticas, libidinais e espirituais das quest\u00f5es curriculares e da forma\u00e7\u00e3o.<\/p>\n<p>Assim, este livro visa publicizar, de forma autoral, o pensamento e a obra deste intelectual do campo do curr\u00edculo e da forma\u00e7\u00e3o. \u00c9, portanto, uma express\u00e3o de reconhecimento \u00e9tico ao legado intelectual e heur\u00edstico de Roberto Sidnei Macedo germinado por seu movimento intelectual denso e intercr\u00edtico que se expandiu e se esgar\u00e7ou nos in\u00fameros estudos e pesquisas sob sua orienta\u00e7\u00e3o.<\/p>\n","protected":false},"excerpt":{"rendered":"<p>Este livro apresenta as resson\u00e2ncias da obra do destacado pesquisador dos campos do curr\u00edculo e da forma\u00e7\u00e3o Roberto Sidnei Macedo. \u00c9 elaborado a partir das compreens\u00f5es de docentes-pesquisadoras\/es desses campos que integram o Grupo de Pesquisa FORMACCE FACED-UFBA e t\u00eam o privil\u00e9gio de conviver academicamente com esse incans\u00e1vel e denso professor-pesquisador. Os textos trazem narrativas [&hellip;]<\/p>\n","protected":false},"featured_media":8671,"comment_status":"open","ping_status":"closed","template":"","meta":{"_joinchat":[]},"product_brand":[],"product_cat":[15],"product_tag":[],"class_list":{"0":"post-8672","1":"product","2":"type-product","3":"status-publish","4":"has-post-thumbnail","6":"product_cat-uncategorized","8":"first","9":"instock","10":"shipping-taxable","11":"purchasable","12":"product-type-simple"},"yoast_head":"<!-- This site is optimized with the Yoast SEO plugin v27.4 - https:\/\/yoast.com\/product\/yoast-seo-wordpress\/ -->\n<title>Roberto Sidnei Macedo - Curr\u00edculo, Forma\u00e7\u00e3o, Pesquisa e mais - Vida em Educa\u00e7\u00e3o - Pontes Editores<\/title>\n<meta name=\"robots\" content=\"index, follow, max-snippet:-1, max-image-preview:large, max-video-preview:-1\" \/>\n<link rel=\"canonical\" href=\"https:\/\/ponteseditores.com.br\/loja3\/pontes-editores-home-2__trashed\/uncategorized\/roberto-sidnei-macedo-curriculo-formacao-pesquisa-e-mais-vida-em-educacao\/\" \/>\n<meta property=\"og:locale\" content=\"pt_BR\" \/>\n<meta property=\"og:type\" content=\"article\" \/>\n<meta property=\"og:title\" content=\"Roberto Sidnei Macedo - Curr\u00edculo, Forma\u00e7\u00e3o, Pesquisa e mais - Vida em Educa\u00e7\u00e3o - Pontes Editores\" \/>\n<meta property=\"og:description\" content=\"Este livro apresenta as resson\u00e2ncias da obra do destacado pesquisador dos campos do curr\u00edculo e da forma\u00e7\u00e3o Roberto Sidnei Macedo. \u00c9 elaborado a partir das compreens\u00f5es de docentes-pesquisadoras\/es desses campos que integram o Grupo de Pesquisa FORMACCE FACED-UFBA e t\u00eam o privil\u00e9gio de conviver academicamente com esse incans\u00e1vel e denso professor-pesquisador. Os textos trazem narrativas [&hellip;]\" \/>\n<meta property=\"og:url\" content=\"https:\/\/ponteseditores.com.br\/loja3\/pontes-editores-home-2__trashed\/uncategorized\/roberto-sidnei-macedo-curriculo-formacao-pesquisa-e-mais-vida-em-educacao\/\" \/>\n<meta property=\"og:site_name\" content=\"Pontes Editores\" \/>\n<meta property=\"og:image\" content=\"https:\/\/ponteseditores.com.br\/loja3\/wp-content\/uploads\/2023\/12\/Roberto_Sidnei_2-1.jpg\" \/>\n\t<meta property=\"og:image:width\" content=\"425\" \/>\n\t<meta property=\"og:image:height\" content=\"601\" \/>\n\t<meta property=\"og:image:type\" content=\"image\/jpeg\" \/>\n<meta name=\"twitter:card\" content=\"summary_large_image\" \/>\n<meta name=\"twitter:label1\" content=\"Est. tempo de leitura\" \/>\n\t<meta name=\"twitter:data1\" content=\"1 minuto\" \/>\n<script type=\"application\/ld+json\" class=\"yoast-schema-graph\">{\"@context\":\"https:\\\/\\\/schema.org\",\"@graph\":[{\"@type\":\"WebPage\",\"@id\":\"https:\\\/\\\/ponteseditores.com.br\\\/loja3\\\/pontes-editores-home-2__trashed\\\/uncategorized\\\/roberto-sidnei-macedo-curriculo-formacao-pesquisa-e-mais-vida-em-educacao\\\/\",\"url\":\"https:\\\/\\\/ponteseditores.com.br\\\/loja3\\\/pontes-editores-home-2__trashed\\\/uncategorized\\\/roberto-sidnei-macedo-curriculo-formacao-pesquisa-e-mais-vida-em-educacao\\\/\",\"name\":\"Roberto Sidnei Macedo - Curr\u00edculo, Forma\u00e7\u00e3o, Pesquisa e mais - Vida em Educa\u00e7\u00e3o - Pontes Editores\",\"isPartOf\":{\"@id\":\"https:\\\/\\\/ponteseditores.com.br\\\/loja3\\\/#website\"},\"primaryImageOfPage\":{\"@id\":\"https:\\\/\\\/ponteseditores.com.br\\\/loja3\\\/pontes-editores-home-2__trashed\\\/uncategorized\\\/roberto-sidnei-macedo-curriculo-formacao-pesquisa-e-mais-vida-em-educacao\\\/#primaryimage\"},\"image\":{\"@id\":\"https:\\\/\\\/ponteseditores.com.br\\\/loja3\\\/pontes-editores-home-2__trashed\\\/uncategorized\\\/roberto-sidnei-macedo-curriculo-formacao-pesquisa-e-mais-vida-em-educacao\\\/#primaryimage\"},\"thumbnailUrl\":\"https:\\\/\\\/ponteseditores.com.br\\\/loja3\\\/wp-content\\\/uploads\\\/2023\\\/12\\\/Roberto_Sidnei_2-1.jpg\",\"datePublished\":\"2023-12-16T15:30:50+00:00\",\"breadcrumb\":{\"@id\":\"https:\\\/\\\/ponteseditores.com.br\\\/loja3\\\/pontes-editores-home-2__trashed\\\/uncategorized\\\/roberto-sidnei-macedo-curriculo-formacao-pesquisa-e-mais-vida-em-educacao\\\/#breadcrumb\"},\"inLanguage\":\"pt-BR\",\"potentialAction\":[{\"@type\":\"ReadAction\",\"target\":[\"https:\\\/\\\/ponteseditores.com.br\\\/loja3\\\/pontes-editores-home-2__trashed\\\/uncategorized\\\/roberto-sidnei-macedo-curriculo-formacao-pesquisa-e-mais-vida-em-educacao\\\/\"]}]},{\"@type\":\"ImageObject\",\"inLanguage\":\"pt-BR\",\"@id\":\"https:\\\/\\\/ponteseditores.com.br\\\/loja3\\\/pontes-editores-home-2__trashed\\\/uncategorized\\\/roberto-sidnei-macedo-curriculo-formacao-pesquisa-e-mais-vida-em-educacao\\\/#primaryimage\",\"url\":\"https:\\\/\\\/ponteseditores.com.br\\\/loja3\\\/wp-content\\\/uploads\\\/2023\\\/12\\\/Roberto_Sidnei_2-1.jpg\",\"contentUrl\":\"https:\\\/\\\/ponteseditores.com.br\\\/loja3\\\/wp-content\\\/uploads\\\/2023\\\/12\\\/Roberto_Sidnei_2-1.jpg\",\"width\":425,\"height\":601},{\"@type\":\"BreadcrumbList\",\"@id\":\"https:\\\/\\\/ponteseditores.com.br\\\/loja3\\\/pontes-editores-home-2__trashed\\\/uncategorized\\\/roberto-sidnei-macedo-curriculo-formacao-pesquisa-e-mais-vida-em-educacao\\\/#breadcrumb\",\"itemListElement\":[{\"@type\":\"ListItem\",\"position\":1,\"name\":\"Home\",\"item\":\"https:\\\/\\\/ponteseditores.com.br\\\/loja3\\\/\"},{\"@type\":\"ListItem\",\"position\":2,\"name\":\"loja\",\"item\":\"https:\\\/\\\/ponteseditores.com.br\\\/loja3\\\/loja\\\/\"},{\"@type\":\"ListItem\",\"position\":3,\"name\":\"Roberto Sidnei Macedo &#8211; Curr\u00edculo, Forma\u00e7\u00e3o, Pesquisa e mais &#8211; Vida em Educa\u00e7\u00e3o\"}]},{\"@type\":\"WebSite\",\"@id\":\"https:\\\/\\\/ponteseditores.com.br\\\/loja3\\\/#website\",\"url\":\"https:\\\/\\\/ponteseditores.com.br\\\/loja3\\\/\",\"name\":\"Pontes Editores\",\"description\":\"Pontes Editores\",\"publisher\":{\"@id\":\"https:\\\/\\\/ponteseditores.com.br\\\/loja3\\\/#organization\"},\"potentialAction\":[{\"@type\":\"SearchAction\",\"target\":{\"@type\":\"EntryPoint\",\"urlTemplate\":\"https:\\\/\\\/ponteseditores.com.br\\\/loja3\\\/?s={search_term_string}\"},\"query-input\":{\"@type\":\"PropertyValueSpecification\",\"valueRequired\":true,\"valueName\":\"search_term_string\"}}],\"inLanguage\":\"pt-BR\"},{\"@type\":\"Organization\",\"@id\":\"https:\\\/\\\/ponteseditores.com.br\\\/loja3\\\/#organization\",\"name\":\"Pontes Editores\",\"url\":\"https:\\\/\\\/ponteseditores.com.br\\\/loja3\\\/\",\"logo\":{\"@type\":\"ImageObject\",\"inLanguage\":\"pt-BR\",\"@id\":\"https:\\\/\\\/ponteseditores.com.br\\\/loja3\\\/#\\\/schema\\\/logo\\\/image\\\/\",\"url\":\"https:\\\/\\\/ponteseditores.com.br\\\/loja3\\\/wp-content\\\/uploads\\\/2023\\\/12\\\/logo-pontes-editores-v2.png\",\"contentUrl\":\"https:\\\/\\\/ponteseditores.com.br\\\/loja3\\\/wp-content\\\/uploads\\\/2023\\\/12\\\/logo-pontes-editores-v2.png\",\"width\":258,\"height\":100,\"caption\":\"Pontes Editores\"},\"image\":{\"@id\":\"https:\\\/\\\/ponteseditores.com.br\\\/loja3\\\/#\\\/schema\\\/logo\\\/image\\\/\"}}]}<\/script>\n<!-- \/ Yoast SEO plugin. -->","yoast_head_json":{"title":"Roberto Sidnei Macedo - Curr\u00edculo, Forma\u00e7\u00e3o, Pesquisa e mais - Vida em Educa\u00e7\u00e3o - Pontes Editores","robots":{"index":"index","follow":"follow","max-snippet":"max-snippet:-1","max-image-preview":"max-image-preview:large","max-video-preview":"max-video-preview:-1"},"canonical":"https:\/\/ponteseditores.com.br\/loja3\/pontes-editores-home-2__trashed\/uncategorized\/roberto-sidnei-macedo-curriculo-formacao-pesquisa-e-mais-vida-em-educacao\/","og_locale":"pt_BR","og_type":"article","og_title":"Roberto Sidnei Macedo - Curr\u00edculo, Forma\u00e7\u00e3o, Pesquisa e mais - Vida em Educa\u00e7\u00e3o - Pontes Editores","og_description":"Este livro apresenta as resson\u00e2ncias da obra do destacado pesquisador dos campos do curr\u00edculo e da forma\u00e7\u00e3o Roberto Sidnei Macedo. \u00c9 elaborado a partir das compreens\u00f5es de docentes-pesquisadoras\/es desses campos que integram o Grupo de Pesquisa FORMACCE FACED-UFBA e t\u00eam o privil\u00e9gio de conviver academicamente com esse incans\u00e1vel e denso professor-pesquisador. Os textos trazem narrativas [&hellip;]","og_url":"https:\/\/ponteseditores.com.br\/loja3\/pontes-editores-home-2__trashed\/uncategorized\/roberto-sidnei-macedo-curriculo-formacao-pesquisa-e-mais-vida-em-educacao\/","og_site_name":"Pontes Editores","og_image":[{"width":425,"height":601,"url":"https:\/\/ponteseditores.com.br\/loja3\/wp-content\/uploads\/2023\/12\/Roberto_Sidnei_2-1.jpg","type":"image\/jpeg"}],"twitter_card":"summary_large_image","twitter_misc":{"Est. tempo de leitura":"1 minuto"},"schema":{"@context":"https:\/\/schema.org","@graph":[{"@type":"WebPage","@id":"https:\/\/ponteseditores.com.br\/loja3\/pontes-editores-home-2__trashed\/uncategorized\/roberto-sidnei-macedo-curriculo-formacao-pesquisa-e-mais-vida-em-educacao\/","url":"https:\/\/ponteseditores.com.br\/loja3\/pontes-editores-home-2__trashed\/uncategorized\/roberto-sidnei-macedo-curriculo-formacao-pesquisa-e-mais-vida-em-educacao\/","name":"Roberto Sidnei Macedo - Curr\u00edculo, Forma\u00e7\u00e3o, Pesquisa e mais - Vida em Educa\u00e7\u00e3o - Pontes Editores","isPartOf":{"@id":"https:\/\/ponteseditores.com.br\/loja3\/#website"},"primaryImageOfPage":{"@id":"https:\/\/ponteseditores.com.br\/loja3\/pontes-editores-home-2__trashed\/uncategorized\/roberto-sidnei-macedo-curriculo-formacao-pesquisa-e-mais-vida-em-educacao\/#primaryimage"},"image":{"@id":"https:\/\/ponteseditores.com.br\/loja3\/pontes-editores-home-2__trashed\/uncategorized\/roberto-sidnei-macedo-curriculo-formacao-pesquisa-e-mais-vida-em-educacao\/#primaryimage"},"thumbnailUrl":"https:\/\/ponteseditores.com.br\/loja3\/wp-content\/uploads\/2023\/12\/Roberto_Sidnei_2-1.jpg","datePublished":"2023-12-16T15:30:50+00:00","breadcrumb":{"@id":"https:\/\/ponteseditores.com.br\/loja3\/pontes-editores-home-2__trashed\/uncategorized\/roberto-sidnei-macedo-curriculo-formacao-pesquisa-e-mais-vida-em-educacao\/#breadcrumb"},"inLanguage":"pt-BR","potentialAction":[{"@type":"ReadAction","target":["https:\/\/ponteseditores.com.br\/loja3\/pontes-editores-home-2__trashed\/uncategorized\/roberto-sidnei-macedo-curriculo-formacao-pesquisa-e-mais-vida-em-educacao\/"]}]},{"@type":"ImageObject","inLanguage":"pt-BR","@id":"https:\/\/ponteseditores.com.br\/loja3\/pontes-editores-home-2__trashed\/uncategorized\/roberto-sidnei-macedo-curriculo-formacao-pesquisa-e-mais-vida-em-educacao\/#primaryimage","url":"https:\/\/ponteseditores.com.br\/loja3\/wp-content\/uploads\/2023\/12\/Roberto_Sidnei_2-1.jpg","contentUrl":"https:\/\/ponteseditores.com.br\/loja3\/wp-content\/uploads\/2023\/12\/Roberto_Sidnei_2-1.jpg","width":425,"height":601},{"@type":"BreadcrumbList","@id":"https:\/\/ponteseditores.com.br\/loja3\/pontes-editores-home-2__trashed\/uncategorized\/roberto-sidnei-macedo-curriculo-formacao-pesquisa-e-mais-vida-em-educacao\/#breadcrumb","itemListElement":[{"@type":"ListItem","position":1,"name":"Home","item":"https:\/\/ponteseditores.com.br\/loja3\/"},{"@type":"ListItem","position":2,"name":"loja","item":"https:\/\/ponteseditores.com.br\/loja3\/loja\/"},{"@type":"ListItem","position":3,"name":"Roberto Sidnei Macedo &#8211; Curr\u00edculo, Forma\u00e7\u00e3o, Pesquisa e mais &#8211; Vida em Educa\u00e7\u00e3o"}]},{"@type":"WebSite","@id":"https:\/\/ponteseditores.com.br\/loja3\/#website","url":"https:\/\/ponteseditores.com.br\/loja3\/","name":"Pontes Editores","description":"Pontes Editores","publisher":{"@id":"https:\/\/ponteseditores.com.br\/loja3\/#organization"},"potentialAction":[{"@type":"SearchAction","target":{"@type":"EntryPoint","urlTemplate":"https:\/\/ponteseditores.com.br\/loja3\/?s={search_term_string}"},"query-input":{"@type":"PropertyValueSpecification","valueRequired":true,"valueName":"search_term_string"}}],"inLanguage":"pt-BR"},{"@type":"Organization","@id":"https:\/\/ponteseditores.com.br\/loja3\/#organization","name":"Pontes Editores","url":"https:\/\/ponteseditores.com.br\/loja3\/","logo":{"@type":"ImageObject","inLanguage":"pt-BR","@id":"https:\/\/ponteseditores.com.br\/loja3\/#\/schema\/logo\/image\/","url":"https:\/\/ponteseditores.com.br\/loja3\/wp-content\/uploads\/2023\/12\/logo-pontes-editores-v2.png","contentUrl":"https:\/\/ponteseditores.com.br\/loja3\/wp-content\/uploads\/2023\/12\/logo-pontes-editores-v2.png","width":258,"height":100,"caption":"Pontes Editores"},"image":{"@id":"https:\/\/ponteseditores.com.br\/loja3\/#\/schema\/logo\/image\/"}}]}},"_links":{"self":[{"href":"https:\/\/ponteseditores.com.br\/loja3\/wp-json\/wp\/v2\/product\/8672","targetHints":{"allow":["GET"]}}],"collection":[{"href":"https:\/\/ponteseditores.com.br\/loja3\/wp-json\/wp\/v2\/product"}],"about":[{"href":"https:\/\/ponteseditores.com.br\/loja3\/wp-json\/wp\/v2\/types\/product"}],"replies":[{"embeddable":true,"href":"https:\/\/ponteseditores.com.br\/loja3\/wp-json\/wp\/v2\/comments?post=8672"}],"version-history":[{"count":0,"href":"https:\/\/ponteseditores.com.br\/loja3\/wp-json\/wp\/v2\/product\/8672\/revisions"}],"wp:featuredmedia":[{"embeddable":true,"href":"https:\/\/ponteseditores.com.br\/loja3\/wp-json\/wp\/v2\/media\/8671"}],"wp:attachment":[{"href":"https:\/\/ponteseditores.com.br\/loja3\/wp-json\/wp\/v2\/media?parent=8672"}],"wp:term":[{"taxonomy":"product_brand","embeddable":true,"href":"https:\/\/ponteseditores.com.br\/loja3\/wp-json\/wp\/v2\/product_brand?post=8672"},{"taxonomy":"product_cat","embeddable":true,"href":"https:\/\/ponteseditores.com.br\/loja3\/wp-json\/wp\/v2\/product_cat?post=8672"},{"taxonomy":"product_tag","embeddable":true,"href":"https:\/\/ponteseditores.com.br\/loja3\/wp-json\/wp\/v2\/product_tag?post=8672"}],"curies":[{"name":"wp","href":"https:\/\/api.w.org\/{rel}","templated":true}]}}