{"id":8670,"date":"2023-12-16T12:30:48","date_gmt":"2023-12-16T15:30:48","guid":{"rendered":"https:\/\/ponteseditores.com.br\/loja3\/pontes-editores-home-2__trashed\/sem categoria\/residencia-pedagogica-experiencia-e-praxis-pedagogica-no-ifb\/"},"modified":"2023-12-16T12:30:48","modified_gmt":"2023-12-16T15:30:48","slug":"residencia-pedagogica-experiencia-e-praxis-pedagogica-no-ifb","status":"publish","type":"product","link":"https:\/\/ponteseditores.com.br\/loja3\/pontes-editores-home-2__trashed\/uncategorized\/residencia-pedagogica-experiencia-e-praxis-pedagogica-no-ifb\/","title":{"rendered":"RESID\u00caNCIA PEDAG\u00d3GICA: Experi\u00eancia e Pr\u00e1xis Pedag\u00f3gica no IFB"},"content":{"rendered":"<p>Este livro apresenta as experi\u00eancias e as reflex\u00f5es dos participantes do projeto de Resid\u00eancia Pedag\u00f3gica desenvolvido pelo Instituto Federal de Bras\u00edlia no per\u00edodo de agosto de 2018 a janeiro de 2020. Foram reunidos artigos produzidos por residentes, orientadoras e preceptores envolvidos na aplica\u00e7\u00e3o de cinco subprojetos em escolas p\u00fablicas do Distrito Federal. Cada subprojeto foi conduzido por estudantes dos cursos de licenciatura ofertados no IFB: Letras &#8211; L\u00edngua Portuguesa, Letras &#8211; L\u00edngua Inglesa, Letras &#8211; L\u00edngua Espanhola, F\u00edsica, Computa\u00e7\u00e3o e Biologia. O subprojeto L\u00edngua Portuguesa foi desenvolvido por residentes do campus S\u00e3o Sebasti\u00e3o. O subprojeto L\u00edngua Inglesa foi conduzido pelos graduandos do campus Riacho Fundo. Do campus Ceil\u00e2ndia, os residentes desenvolveram as atividades do subprojeto de L\u00edngua Espanhola. O subprojeto multidisciplinar de F\u00edsica e Computa\u00e7\u00e3o foi aplicado por residentes do campus Taguatinga. E o subprojeto de Ci\u00eancias Biol\u00f3gicas foi desenvolvido pelos residentes do campus Planaltina. Os cap\u00edtulos permitem compreender contribui\u00e7\u00f5es do programa Resid\u00eancia Pedag\u00f3gica para a forma\u00e7\u00e3o docente dos residentes, por meio das reflex\u00f5es produzidas sobre o fazer pedag\u00f3gico, o desenvolvimento de metodologias de ensino e a constitui\u00e7\u00e3o das identidades docentes.<\/p>\n","protected":false},"excerpt":{"rendered":"<p>Este livro apresenta as experi\u00eancias e as reflex\u00f5es dos participantes do projeto de Resid\u00eancia Pedag\u00f3gica desenvolvido pelo Instituto Federal de Bras\u00edlia no per\u00edodo de agosto de 2018 a janeiro de 2020. Foram reunidos artigos produzidos por residentes, orientadoras e preceptores envolvidos na aplica\u00e7\u00e3o de cinco subprojetos em escolas p\u00fablicas do Distrito Federal. Cada subprojeto foi [&hellip;]<\/p>\n","protected":false},"featured_media":8669,"comment_status":"open","ping_status":"closed","template":"","meta":{"_joinchat":[]},"product_brand":[],"product_cat":[15],"product_tag":[],"class_list":{"0":"post-8670","1":"product","2":"type-product","3":"status-publish","4":"has-post-thumbnail","6":"product_cat-uncategorized","8":"first","9":"instock","10":"shipping-taxable","11":"purchasable","12":"product-type-simple"},"yoast_head":"<!-- This site is optimized with the Yoast SEO plugin v27.4 - https:\/\/yoast.com\/product\/yoast-seo-wordpress\/ -->\n<title>RESID\u00caNCIA PEDAG\u00d3GICA: Experi\u00eancia e Pr\u00e1xis Pedag\u00f3gica no IFB - Pontes Editores<\/title>\n<meta name=\"robots\" content=\"index, follow, max-snippet:-1, max-image-preview:large, max-video-preview:-1\" \/>\n<link rel=\"canonical\" href=\"https:\/\/ponteseditores.com.br\/loja3\/pontes-editores-home-2__trashed\/uncategorized\/residencia-pedagogica-experiencia-e-praxis-pedagogica-no-ifb\/\" \/>\n<meta property=\"og:locale\" content=\"pt_BR\" \/>\n<meta property=\"og:type\" content=\"article\" \/>\n<meta property=\"og:title\" content=\"RESID\u00caNCIA PEDAG\u00d3GICA: Experi\u00eancia e Pr\u00e1xis Pedag\u00f3gica no IFB - Pontes Editores\" \/>\n<meta property=\"og:description\" content=\"Este livro apresenta as experi\u00eancias e as reflex\u00f5es dos participantes do projeto de Resid\u00eancia Pedag\u00f3gica desenvolvido pelo Instituto Federal de Bras\u00edlia no per\u00edodo de agosto de 2018 a janeiro de 2020. Foram reunidos artigos produzidos por residentes, orientadoras e preceptores envolvidos na aplica\u00e7\u00e3o de cinco subprojetos em escolas p\u00fablicas do Distrito Federal. Cada subprojeto foi [&hellip;]\" \/>\n<meta property=\"og:url\" content=\"https:\/\/ponteseditores.com.br\/loja3\/pontes-editores-home-2__trashed\/uncategorized\/residencia-pedagogica-experiencia-e-praxis-pedagogica-no-ifb\/\" \/>\n<meta property=\"og:site_name\" content=\"Pontes Editores\" \/>\n<meta property=\"og:image\" content=\"https:\/\/ponteseditores.com.br\/loja3\/wp-content\/uploads\/2023\/12\/livro-residencia-pedagocica-4-1.jpg\" \/>\n\t<meta property=\"og:image:width\" content=\"800\" \/>\n\t<meta property=\"og:image:height\" content=\"1150\" \/>\n\t<meta property=\"og:image:type\" content=\"image\/jpeg\" \/>\n<meta name=\"twitter:card\" content=\"summary_large_image\" \/>\n<meta name=\"twitter:label1\" content=\"Est. tempo de leitura\" \/>\n\t<meta name=\"twitter:data1\" content=\"1 minuto\" \/>\n<script type=\"application\/ld+json\" class=\"yoast-schema-graph\">{\"@context\":\"https:\\\/\\\/schema.org\",\"@graph\":[{\"@type\":\"WebPage\",\"@id\":\"https:\\\/\\\/ponteseditores.com.br\\\/loja3\\\/pontes-editores-home-2__trashed\\\/uncategorized\\\/residencia-pedagogica-experiencia-e-praxis-pedagogica-no-ifb\\\/\",\"url\":\"https:\\\/\\\/ponteseditores.com.br\\\/loja3\\\/pontes-editores-home-2__trashed\\\/uncategorized\\\/residencia-pedagogica-experiencia-e-praxis-pedagogica-no-ifb\\\/\",\"name\":\"RESID\u00caNCIA PEDAG\u00d3GICA: Experi\u00eancia e Pr\u00e1xis Pedag\u00f3gica no IFB - Pontes Editores\",\"isPartOf\":{\"@id\":\"https:\\\/\\\/ponteseditores.com.br\\\/loja3\\\/#website\"},\"primaryImageOfPage\":{\"@id\":\"https:\\\/\\\/ponteseditores.com.br\\\/loja3\\\/pontes-editores-home-2__trashed\\\/uncategorized\\\/residencia-pedagogica-experiencia-e-praxis-pedagogica-no-ifb\\\/#primaryimage\"},\"image\":{\"@id\":\"https:\\\/\\\/ponteseditores.com.br\\\/loja3\\\/pontes-editores-home-2__trashed\\\/uncategorized\\\/residencia-pedagogica-experiencia-e-praxis-pedagogica-no-ifb\\\/#primaryimage\"},\"thumbnailUrl\":\"https:\\\/\\\/ponteseditores.com.br\\\/loja3\\\/wp-content\\\/uploads\\\/2023\\\/12\\\/livro-residencia-pedagocica-4-1.jpg\",\"datePublished\":\"2023-12-16T15:30:48+00:00\",\"breadcrumb\":{\"@id\":\"https:\\\/\\\/ponteseditores.com.br\\\/loja3\\\/pontes-editores-home-2__trashed\\\/uncategorized\\\/residencia-pedagogica-experiencia-e-praxis-pedagogica-no-ifb\\\/#breadcrumb\"},\"inLanguage\":\"pt-BR\",\"potentialAction\":[{\"@type\":\"ReadAction\",\"target\":[\"https:\\\/\\\/ponteseditores.com.br\\\/loja3\\\/pontes-editores-home-2__trashed\\\/uncategorized\\\/residencia-pedagogica-experiencia-e-praxis-pedagogica-no-ifb\\\/\"]}]},{\"@type\":\"ImageObject\",\"inLanguage\":\"pt-BR\",\"@id\":\"https:\\\/\\\/ponteseditores.com.br\\\/loja3\\\/pontes-editores-home-2__trashed\\\/uncategorized\\\/residencia-pedagogica-experiencia-e-praxis-pedagogica-no-ifb\\\/#primaryimage\",\"url\":\"https:\\\/\\\/ponteseditores.com.br\\\/loja3\\\/wp-content\\\/uploads\\\/2023\\\/12\\\/livro-residencia-pedagocica-4-1.jpg\",\"contentUrl\":\"https:\\\/\\\/ponteseditores.com.br\\\/loja3\\\/wp-content\\\/uploads\\\/2023\\\/12\\\/livro-residencia-pedagocica-4-1.jpg\",\"width\":800,\"height\":1150},{\"@type\":\"BreadcrumbList\",\"@id\":\"https:\\\/\\\/ponteseditores.com.br\\\/loja3\\\/pontes-editores-home-2__trashed\\\/uncategorized\\\/residencia-pedagogica-experiencia-e-praxis-pedagogica-no-ifb\\\/#breadcrumb\",\"itemListElement\":[{\"@type\":\"ListItem\",\"position\":1,\"name\":\"Home\",\"item\":\"https:\\\/\\\/ponteseditores.com.br\\\/loja3\\\/\"},{\"@type\":\"ListItem\",\"position\":2,\"name\":\"loja\",\"item\":\"https:\\\/\\\/ponteseditores.com.br\\\/loja3\\\/loja\\\/\"},{\"@type\":\"ListItem\",\"position\":3,\"name\":\"RESID\u00caNCIA PEDAG\u00d3GICA: Experi\u00eancia e Pr\u00e1xis Pedag\u00f3gica no IFB\"}]},{\"@type\":\"WebSite\",\"@id\":\"https:\\\/\\\/ponteseditores.com.br\\\/loja3\\\/#website\",\"url\":\"https:\\\/\\\/ponteseditores.com.br\\\/loja3\\\/\",\"name\":\"Pontes Editores\",\"description\":\"Pontes Editores\",\"publisher\":{\"@id\":\"https:\\\/\\\/ponteseditores.com.br\\\/loja3\\\/#organization\"},\"potentialAction\":[{\"@type\":\"SearchAction\",\"target\":{\"@type\":\"EntryPoint\",\"urlTemplate\":\"https:\\\/\\\/ponteseditores.com.br\\\/loja3\\\/?s={search_term_string}\"},\"query-input\":{\"@type\":\"PropertyValueSpecification\",\"valueRequired\":true,\"valueName\":\"search_term_string\"}}],\"inLanguage\":\"pt-BR\"},{\"@type\":\"Organization\",\"@id\":\"https:\\\/\\\/ponteseditores.com.br\\\/loja3\\\/#organization\",\"name\":\"Pontes Editores\",\"url\":\"https:\\\/\\\/ponteseditores.com.br\\\/loja3\\\/\",\"logo\":{\"@type\":\"ImageObject\",\"inLanguage\":\"pt-BR\",\"@id\":\"https:\\\/\\\/ponteseditores.com.br\\\/loja3\\\/#\\\/schema\\\/logo\\\/image\\\/\",\"url\":\"https:\\\/\\\/ponteseditores.com.br\\\/loja3\\\/wp-content\\\/uploads\\\/2023\\\/12\\\/logo-pontes-editores-v2.png\",\"contentUrl\":\"https:\\\/\\\/ponteseditores.com.br\\\/loja3\\\/wp-content\\\/uploads\\\/2023\\\/12\\\/logo-pontes-editores-v2.png\",\"width\":258,\"height\":100,\"caption\":\"Pontes Editores\"},\"image\":{\"@id\":\"https:\\\/\\\/ponteseditores.com.br\\\/loja3\\\/#\\\/schema\\\/logo\\\/image\\\/\"}}]}<\/script>\n<!-- \/ Yoast SEO plugin. -->","yoast_head_json":{"title":"RESID\u00caNCIA PEDAG\u00d3GICA: Experi\u00eancia e Pr\u00e1xis Pedag\u00f3gica no IFB - Pontes Editores","robots":{"index":"index","follow":"follow","max-snippet":"max-snippet:-1","max-image-preview":"max-image-preview:large","max-video-preview":"max-video-preview:-1"},"canonical":"https:\/\/ponteseditores.com.br\/loja3\/pontes-editores-home-2__trashed\/uncategorized\/residencia-pedagogica-experiencia-e-praxis-pedagogica-no-ifb\/","og_locale":"pt_BR","og_type":"article","og_title":"RESID\u00caNCIA PEDAG\u00d3GICA: Experi\u00eancia e Pr\u00e1xis Pedag\u00f3gica no IFB - Pontes Editores","og_description":"Este livro apresenta as experi\u00eancias e as reflex\u00f5es dos participantes do projeto de Resid\u00eancia Pedag\u00f3gica desenvolvido pelo Instituto Federal de Bras\u00edlia no per\u00edodo de agosto de 2018 a janeiro de 2020. Foram reunidos artigos produzidos por residentes, orientadoras e preceptores envolvidos na aplica\u00e7\u00e3o de cinco subprojetos em escolas p\u00fablicas do Distrito Federal. Cada subprojeto foi [&hellip;]","og_url":"https:\/\/ponteseditores.com.br\/loja3\/pontes-editores-home-2__trashed\/uncategorized\/residencia-pedagogica-experiencia-e-praxis-pedagogica-no-ifb\/","og_site_name":"Pontes Editores","og_image":[{"width":800,"height":1150,"url":"https:\/\/ponteseditores.com.br\/loja3\/wp-content\/uploads\/2023\/12\/livro-residencia-pedagocica-4-1.jpg","type":"image\/jpeg"}],"twitter_card":"summary_large_image","twitter_misc":{"Est. tempo de leitura":"1 minuto"},"schema":{"@context":"https:\/\/schema.org","@graph":[{"@type":"WebPage","@id":"https:\/\/ponteseditores.com.br\/loja3\/pontes-editores-home-2__trashed\/uncategorized\/residencia-pedagogica-experiencia-e-praxis-pedagogica-no-ifb\/","url":"https:\/\/ponteseditores.com.br\/loja3\/pontes-editores-home-2__trashed\/uncategorized\/residencia-pedagogica-experiencia-e-praxis-pedagogica-no-ifb\/","name":"RESID\u00caNCIA PEDAG\u00d3GICA: Experi\u00eancia e Pr\u00e1xis Pedag\u00f3gica no IFB - Pontes Editores","isPartOf":{"@id":"https:\/\/ponteseditores.com.br\/loja3\/#website"},"primaryImageOfPage":{"@id":"https:\/\/ponteseditores.com.br\/loja3\/pontes-editores-home-2__trashed\/uncategorized\/residencia-pedagogica-experiencia-e-praxis-pedagogica-no-ifb\/#primaryimage"},"image":{"@id":"https:\/\/ponteseditores.com.br\/loja3\/pontes-editores-home-2__trashed\/uncategorized\/residencia-pedagogica-experiencia-e-praxis-pedagogica-no-ifb\/#primaryimage"},"thumbnailUrl":"https:\/\/ponteseditores.com.br\/loja3\/wp-content\/uploads\/2023\/12\/livro-residencia-pedagocica-4-1.jpg","datePublished":"2023-12-16T15:30:48+00:00","breadcrumb":{"@id":"https:\/\/ponteseditores.com.br\/loja3\/pontes-editores-home-2__trashed\/uncategorized\/residencia-pedagogica-experiencia-e-praxis-pedagogica-no-ifb\/#breadcrumb"},"inLanguage":"pt-BR","potentialAction":[{"@type":"ReadAction","target":["https:\/\/ponteseditores.com.br\/loja3\/pontes-editores-home-2__trashed\/uncategorized\/residencia-pedagogica-experiencia-e-praxis-pedagogica-no-ifb\/"]}]},{"@type":"ImageObject","inLanguage":"pt-BR","@id":"https:\/\/ponteseditores.com.br\/loja3\/pontes-editores-home-2__trashed\/uncategorized\/residencia-pedagogica-experiencia-e-praxis-pedagogica-no-ifb\/#primaryimage","url":"https:\/\/ponteseditores.com.br\/loja3\/wp-content\/uploads\/2023\/12\/livro-residencia-pedagocica-4-1.jpg","contentUrl":"https:\/\/ponteseditores.com.br\/loja3\/wp-content\/uploads\/2023\/12\/livro-residencia-pedagocica-4-1.jpg","width":800,"height":1150},{"@type":"BreadcrumbList","@id":"https:\/\/ponteseditores.com.br\/loja3\/pontes-editores-home-2__trashed\/uncategorized\/residencia-pedagogica-experiencia-e-praxis-pedagogica-no-ifb\/#breadcrumb","itemListElement":[{"@type":"ListItem","position":1,"name":"Home","item":"https:\/\/ponteseditores.com.br\/loja3\/"},{"@type":"ListItem","position":2,"name":"loja","item":"https:\/\/ponteseditores.com.br\/loja3\/loja\/"},{"@type":"ListItem","position":3,"name":"RESID\u00caNCIA PEDAG\u00d3GICA: Experi\u00eancia e Pr\u00e1xis Pedag\u00f3gica no IFB"}]},{"@type":"WebSite","@id":"https:\/\/ponteseditores.com.br\/loja3\/#website","url":"https:\/\/ponteseditores.com.br\/loja3\/","name":"Pontes Editores","description":"Pontes Editores","publisher":{"@id":"https:\/\/ponteseditores.com.br\/loja3\/#organization"},"potentialAction":[{"@type":"SearchAction","target":{"@type":"EntryPoint","urlTemplate":"https:\/\/ponteseditores.com.br\/loja3\/?s={search_term_string}"},"query-input":{"@type":"PropertyValueSpecification","valueRequired":true,"valueName":"search_term_string"}}],"inLanguage":"pt-BR"},{"@type":"Organization","@id":"https:\/\/ponteseditores.com.br\/loja3\/#organization","name":"Pontes Editores","url":"https:\/\/ponteseditores.com.br\/loja3\/","logo":{"@type":"ImageObject","inLanguage":"pt-BR","@id":"https:\/\/ponteseditores.com.br\/loja3\/#\/schema\/logo\/image\/","url":"https:\/\/ponteseditores.com.br\/loja3\/wp-content\/uploads\/2023\/12\/logo-pontes-editores-v2.png","contentUrl":"https:\/\/ponteseditores.com.br\/loja3\/wp-content\/uploads\/2023\/12\/logo-pontes-editores-v2.png","width":258,"height":100,"caption":"Pontes Editores"},"image":{"@id":"https:\/\/ponteseditores.com.br\/loja3\/#\/schema\/logo\/image\/"}}]}},"_links":{"self":[{"href":"https:\/\/ponteseditores.com.br\/loja3\/wp-json\/wp\/v2\/product\/8670","targetHints":{"allow":["GET"]}}],"collection":[{"href":"https:\/\/ponteseditores.com.br\/loja3\/wp-json\/wp\/v2\/product"}],"about":[{"href":"https:\/\/ponteseditores.com.br\/loja3\/wp-json\/wp\/v2\/types\/product"}],"replies":[{"embeddable":true,"href":"https:\/\/ponteseditores.com.br\/loja3\/wp-json\/wp\/v2\/comments?post=8670"}],"version-history":[{"count":0,"href":"https:\/\/ponteseditores.com.br\/loja3\/wp-json\/wp\/v2\/product\/8670\/revisions"}],"wp:featuredmedia":[{"embeddable":true,"href":"https:\/\/ponteseditores.com.br\/loja3\/wp-json\/wp\/v2\/media\/8669"}],"wp:attachment":[{"href":"https:\/\/ponteseditores.com.br\/loja3\/wp-json\/wp\/v2\/media?parent=8670"}],"wp:term":[{"taxonomy":"product_brand","embeddable":true,"href":"https:\/\/ponteseditores.com.br\/loja3\/wp-json\/wp\/v2\/product_brand?post=8670"},{"taxonomy":"product_cat","embeddable":true,"href":"https:\/\/ponteseditores.com.br\/loja3\/wp-json\/wp\/v2\/product_cat?post=8670"},{"taxonomy":"product_tag","embeddable":true,"href":"https:\/\/ponteseditores.com.br\/loja3\/wp-json\/wp\/v2\/product_tag?post=8670"}],"curies":[{"name":"wp","href":"https:\/\/api.w.org\/{rel}","templated":true}]}}