{"id":8668,"date":"2023-12-16T12:30:47","date_gmt":"2023-12-16T15:30:47","guid":{"rendered":"https:\/\/ponteseditores.com.br\/loja3\/pontes-editores-home-2__trashed\/sem categoria\/educacao-do-campo-diversidade-cultural-socioterritorial-lutas-e-praticas\/"},"modified":"2025-11-19T13:22:36","modified_gmt":"2025-11-19T16:22:36","slug":"educacao-do-campo-diversidade-cultural-socioterritorial-lutas-e-praticas","status":"publish","type":"product","link":"https:\/\/ponteseditores.com.br\/loja3\/pontes-editores-home-2__trashed\/uncategorized\/educacao-do-campo-diversidade-cultural-socioterritorial-lutas-e-praticas\/","title":{"rendered":"EDUCA\u00c7\u00c3O DO CAMPO: diversidade cultural, socioterritorial, lutas e pr\u00e1ticas"},"content":{"rendered":"<p>Entre tantos e tantos escritos a respeito do que eu chamaria aqui de uma &#8220;normatividade acad\u00eamica da educa\u00e7\u00e3o&#8221;, e diante das amea\u00e7as, agora bem mais prementes e presentes de coloniza\u00e7\u00e3o de todos os territ\u00f3rios da vida entre n\u00f3s, desde os dos &#8220;saberes&#8221;, atrav\u00e9s da educa\u00e7\u00e3o, at\u00e9 os dos &#8220;haveres&#8221;, atrav\u00e9s da produ\u00e7\u00e3o de bens e servi\u00e7os aqui no Brasil e na Am\u00e9rica Latina, o livro Educa\u00e7\u00e3o do campo: diversidade cultural, socioterritorial, lutas e pr\u00e1ticas irrompe no mundo da educa\u00e7\u00e3o no Brasil n\u00e3o como &#8220;uma obra a mais sobre o assunto&#8221;. Ele chega por escrito, mas vale n\u00e3o como a fala mansa e costumeira dos grandes encontros pedag\u00f3gicos. Ele vale um grito!  Ele ensina como um brado de alerta. Ele nos desafia como uma inesperada e inovadora fala de esperan\u00e7a.<\/p>\n<p>Carlos Rodrigues Brand\u00e3o<\/p>\n","protected":false},"excerpt":{"rendered":"<p>Entre tantos e tantos escritos a respeito do que eu chamaria aqui de uma &#8220;normatividade acad\u00eamica da educa\u00e7\u00e3o&#8221;, e diante das amea\u00e7as, agora bem mais prementes e presentes de coloniza\u00e7\u00e3o de todos os territ\u00f3rios da vida entre n\u00f3s, desde os dos &#8220;saberes&#8221;, atrav\u00e9s da educa\u00e7\u00e3o, at\u00e9 os dos &#8220;haveres&#8221;, atrav\u00e9s da produ\u00e7\u00e3o de bens e [&hellip;]<\/p>\n","protected":false},"featured_media":8667,"comment_status":"open","ping_status":"closed","template":"","meta":{"_joinchat":[]},"product_brand":[],"product_cat":[15],"product_tag":[],"class_list":{"0":"post-8668","1":"product","2":"type-product","3":"status-publish","4":"has-post-thumbnail","6":"product_cat-uncategorized","8":"first","9":"instock","10":"shipping-taxable","11":"purchasable","12":"product-type-simple"},"yoast_head":"<!-- This site is optimized with the Yoast SEO plugin v27.4 - https:\/\/yoast.com\/product\/yoast-seo-wordpress\/ -->\n<title>EDUCA\u00c7\u00c3O DO CAMPO: diversidade cultural, socioterritorial, lutas e pr\u00e1ticas - Pontes Editores<\/title>\n<meta name=\"robots\" content=\"index, follow, max-snippet:-1, max-image-preview:large, max-video-preview:-1\" \/>\n<link rel=\"canonical\" href=\"https:\/\/ponteseditores.com.br\/loja3\/pontes-editores-home-2__trashed\/uncategorized\/educacao-do-campo-diversidade-cultural-socioterritorial-lutas-e-praticas\/\" \/>\n<meta property=\"og:locale\" content=\"pt_BR\" \/>\n<meta property=\"og:type\" content=\"article\" \/>\n<meta property=\"og:title\" content=\"EDUCA\u00c7\u00c3O DO CAMPO: diversidade cultural, socioterritorial, lutas e pr\u00e1ticas - Pontes Editores\" \/>\n<meta property=\"og:description\" content=\"Entre tantos e tantos escritos a respeito do que eu chamaria aqui de uma &#8220;normatividade acad\u00eamica da educa\u00e7\u00e3o&#8221;, e diante das amea\u00e7as, agora bem mais prementes e presentes de coloniza\u00e7\u00e3o de todos os territ\u00f3rios da vida entre n\u00f3s, desde os dos &#8220;saberes&#8221;, atrav\u00e9s da educa\u00e7\u00e3o, at\u00e9 os dos &#8220;haveres&#8221;, atrav\u00e9s da produ\u00e7\u00e3o de bens e [&hellip;]\" \/>\n<meta property=\"og:url\" content=\"https:\/\/ponteseditores.com.br\/loja3\/pontes-editores-home-2__trashed\/uncategorized\/educacao-do-campo-diversidade-cultural-socioterritorial-lutas-e-praticas\/\" \/>\n<meta property=\"og:site_name\" content=\"Pontes Editores\" \/>\n<meta property=\"article:modified_time\" content=\"2025-11-19T16:22:36+00:00\" \/>\n<meta property=\"og:image\" content=\"https:\/\/ponteseditores.com.br\/loja3\/wp-content\/uploads\/2023\/12\/ED20CAMPO.jpg\" \/>\n\t<meta property=\"og:image:width\" content=\"1000\" \/>\n\t<meta property=\"og:image:height\" content=\"1505\" \/>\n\t<meta property=\"og:image:type\" content=\"image\/jpeg\" \/>\n<meta name=\"twitter:card\" content=\"summary_large_image\" \/>\n<meta name=\"twitter:label1\" content=\"Est. tempo de leitura\" \/>\n\t<meta name=\"twitter:data1\" content=\"1 minuto\" \/>\n<script type=\"application\/ld+json\" class=\"yoast-schema-graph\">{\"@context\":\"https:\\\/\\\/schema.org\",\"@graph\":[{\"@type\":\"WebPage\",\"@id\":\"https:\\\/\\\/ponteseditores.com.br\\\/loja3\\\/pontes-editores-home-2__trashed\\\/uncategorized\\\/educacao-do-campo-diversidade-cultural-socioterritorial-lutas-e-praticas\\\/\",\"url\":\"https:\\\/\\\/ponteseditores.com.br\\\/loja3\\\/pontes-editores-home-2__trashed\\\/uncategorized\\\/educacao-do-campo-diversidade-cultural-socioterritorial-lutas-e-praticas\\\/\",\"name\":\"EDUCA\u00c7\u00c3O DO CAMPO: diversidade cultural, socioterritorial, lutas e pr\u00e1ticas - Pontes Editores\",\"isPartOf\":{\"@id\":\"https:\\\/\\\/ponteseditores.com.br\\\/loja3\\\/#website\"},\"primaryImageOfPage\":{\"@id\":\"https:\\\/\\\/ponteseditores.com.br\\\/loja3\\\/pontes-editores-home-2__trashed\\\/uncategorized\\\/educacao-do-campo-diversidade-cultural-socioterritorial-lutas-e-praticas\\\/#primaryimage\"},\"image\":{\"@id\":\"https:\\\/\\\/ponteseditores.com.br\\\/loja3\\\/pontes-editores-home-2__trashed\\\/uncategorized\\\/educacao-do-campo-diversidade-cultural-socioterritorial-lutas-e-praticas\\\/#primaryimage\"},\"thumbnailUrl\":\"https:\\\/\\\/ponteseditores.com.br\\\/loja3\\\/wp-content\\\/uploads\\\/2023\\\/12\\\/ED20CAMPO.jpg\",\"datePublished\":\"2023-12-16T15:30:47+00:00\",\"dateModified\":\"2025-11-19T16:22:36+00:00\",\"breadcrumb\":{\"@id\":\"https:\\\/\\\/ponteseditores.com.br\\\/loja3\\\/pontes-editores-home-2__trashed\\\/uncategorized\\\/educacao-do-campo-diversidade-cultural-socioterritorial-lutas-e-praticas\\\/#breadcrumb\"},\"inLanguage\":\"pt-BR\",\"potentialAction\":[{\"@type\":\"ReadAction\",\"target\":[\"https:\\\/\\\/ponteseditores.com.br\\\/loja3\\\/pontes-editores-home-2__trashed\\\/uncategorized\\\/educacao-do-campo-diversidade-cultural-socioterritorial-lutas-e-praticas\\\/\"]}]},{\"@type\":\"ImageObject\",\"inLanguage\":\"pt-BR\",\"@id\":\"https:\\\/\\\/ponteseditores.com.br\\\/loja3\\\/pontes-editores-home-2__trashed\\\/uncategorized\\\/educacao-do-campo-diversidade-cultural-socioterritorial-lutas-e-praticas\\\/#primaryimage\",\"url\":\"https:\\\/\\\/ponteseditores.com.br\\\/loja3\\\/wp-content\\\/uploads\\\/2023\\\/12\\\/ED20CAMPO.jpg\",\"contentUrl\":\"https:\\\/\\\/ponteseditores.com.br\\\/loja3\\\/wp-content\\\/uploads\\\/2023\\\/12\\\/ED20CAMPO.jpg\",\"width\":1000,\"height\":1505},{\"@type\":\"BreadcrumbList\",\"@id\":\"https:\\\/\\\/ponteseditores.com.br\\\/loja3\\\/pontes-editores-home-2__trashed\\\/uncategorized\\\/educacao-do-campo-diversidade-cultural-socioterritorial-lutas-e-praticas\\\/#breadcrumb\",\"itemListElement\":[{\"@type\":\"ListItem\",\"position\":1,\"name\":\"Home\",\"item\":\"https:\\\/\\\/ponteseditores.com.br\\\/loja3\\\/\"},{\"@type\":\"ListItem\",\"position\":2,\"name\":\"loja\",\"item\":\"https:\\\/\\\/ponteseditores.com.br\\\/loja3\\\/loja\\\/\"},{\"@type\":\"ListItem\",\"position\":3,\"name\":\"EDUCA\u00c7\u00c3O DO CAMPO: diversidade cultural, socioterritorial, lutas e pr\u00e1ticas\"}]},{\"@type\":\"WebSite\",\"@id\":\"https:\\\/\\\/ponteseditores.com.br\\\/loja3\\\/#website\",\"url\":\"https:\\\/\\\/ponteseditores.com.br\\\/loja3\\\/\",\"name\":\"Pontes Editores\",\"description\":\"Pontes Editores\",\"publisher\":{\"@id\":\"https:\\\/\\\/ponteseditores.com.br\\\/loja3\\\/#organization\"},\"potentialAction\":[{\"@type\":\"SearchAction\",\"target\":{\"@type\":\"EntryPoint\",\"urlTemplate\":\"https:\\\/\\\/ponteseditores.com.br\\\/loja3\\\/?s={search_term_string}\"},\"query-input\":{\"@type\":\"PropertyValueSpecification\",\"valueRequired\":true,\"valueName\":\"search_term_string\"}}],\"inLanguage\":\"pt-BR\"},{\"@type\":\"Organization\",\"@id\":\"https:\\\/\\\/ponteseditores.com.br\\\/loja3\\\/#organization\",\"name\":\"Pontes Editores\",\"url\":\"https:\\\/\\\/ponteseditores.com.br\\\/loja3\\\/\",\"logo\":{\"@type\":\"ImageObject\",\"inLanguage\":\"pt-BR\",\"@id\":\"https:\\\/\\\/ponteseditores.com.br\\\/loja3\\\/#\\\/schema\\\/logo\\\/image\\\/\",\"url\":\"https:\\\/\\\/ponteseditores.com.br\\\/loja3\\\/wp-content\\\/uploads\\\/2023\\\/12\\\/logo-pontes-editores-v2.png\",\"contentUrl\":\"https:\\\/\\\/ponteseditores.com.br\\\/loja3\\\/wp-content\\\/uploads\\\/2023\\\/12\\\/logo-pontes-editores-v2.png\",\"width\":258,\"height\":100,\"caption\":\"Pontes Editores\"},\"image\":{\"@id\":\"https:\\\/\\\/ponteseditores.com.br\\\/loja3\\\/#\\\/schema\\\/logo\\\/image\\\/\"}}]}<\/script>\n<!-- \/ Yoast SEO plugin. -->","yoast_head_json":{"title":"EDUCA\u00c7\u00c3O DO CAMPO: diversidade cultural, socioterritorial, lutas e pr\u00e1ticas - Pontes Editores","robots":{"index":"index","follow":"follow","max-snippet":"max-snippet:-1","max-image-preview":"max-image-preview:large","max-video-preview":"max-video-preview:-1"},"canonical":"https:\/\/ponteseditores.com.br\/loja3\/pontes-editores-home-2__trashed\/uncategorized\/educacao-do-campo-diversidade-cultural-socioterritorial-lutas-e-praticas\/","og_locale":"pt_BR","og_type":"article","og_title":"EDUCA\u00c7\u00c3O DO CAMPO: diversidade cultural, socioterritorial, lutas e pr\u00e1ticas - Pontes Editores","og_description":"Entre tantos e tantos escritos a respeito do que eu chamaria aqui de uma &#8220;normatividade acad\u00eamica da educa\u00e7\u00e3o&#8221;, e diante das amea\u00e7as, agora bem mais prementes e presentes de coloniza\u00e7\u00e3o de todos os territ\u00f3rios da vida entre n\u00f3s, desde os dos &#8220;saberes&#8221;, atrav\u00e9s da educa\u00e7\u00e3o, at\u00e9 os dos &#8220;haveres&#8221;, atrav\u00e9s da produ\u00e7\u00e3o de bens e [&hellip;]","og_url":"https:\/\/ponteseditores.com.br\/loja3\/pontes-editores-home-2__trashed\/uncategorized\/educacao-do-campo-diversidade-cultural-socioterritorial-lutas-e-praticas\/","og_site_name":"Pontes Editores","article_modified_time":"2025-11-19T16:22:36+00:00","og_image":[{"width":1000,"height":1505,"url":"https:\/\/ponteseditores.com.br\/loja3\/wp-content\/uploads\/2023\/12\/ED20CAMPO.jpg","type":"image\/jpeg"}],"twitter_card":"summary_large_image","twitter_misc":{"Est. tempo de leitura":"1 minuto"},"schema":{"@context":"https:\/\/schema.org","@graph":[{"@type":"WebPage","@id":"https:\/\/ponteseditores.com.br\/loja3\/pontes-editores-home-2__trashed\/uncategorized\/educacao-do-campo-diversidade-cultural-socioterritorial-lutas-e-praticas\/","url":"https:\/\/ponteseditores.com.br\/loja3\/pontes-editores-home-2__trashed\/uncategorized\/educacao-do-campo-diversidade-cultural-socioterritorial-lutas-e-praticas\/","name":"EDUCA\u00c7\u00c3O DO CAMPO: diversidade cultural, socioterritorial, lutas e pr\u00e1ticas - Pontes Editores","isPartOf":{"@id":"https:\/\/ponteseditores.com.br\/loja3\/#website"},"primaryImageOfPage":{"@id":"https:\/\/ponteseditores.com.br\/loja3\/pontes-editores-home-2__trashed\/uncategorized\/educacao-do-campo-diversidade-cultural-socioterritorial-lutas-e-praticas\/#primaryimage"},"image":{"@id":"https:\/\/ponteseditores.com.br\/loja3\/pontes-editores-home-2__trashed\/uncategorized\/educacao-do-campo-diversidade-cultural-socioterritorial-lutas-e-praticas\/#primaryimage"},"thumbnailUrl":"https:\/\/ponteseditores.com.br\/loja3\/wp-content\/uploads\/2023\/12\/ED20CAMPO.jpg","datePublished":"2023-12-16T15:30:47+00:00","dateModified":"2025-11-19T16:22:36+00:00","breadcrumb":{"@id":"https:\/\/ponteseditores.com.br\/loja3\/pontes-editores-home-2__trashed\/uncategorized\/educacao-do-campo-diversidade-cultural-socioterritorial-lutas-e-praticas\/#breadcrumb"},"inLanguage":"pt-BR","potentialAction":[{"@type":"ReadAction","target":["https:\/\/ponteseditores.com.br\/loja3\/pontes-editores-home-2__trashed\/uncategorized\/educacao-do-campo-diversidade-cultural-socioterritorial-lutas-e-praticas\/"]}]},{"@type":"ImageObject","inLanguage":"pt-BR","@id":"https:\/\/ponteseditores.com.br\/loja3\/pontes-editores-home-2__trashed\/uncategorized\/educacao-do-campo-diversidade-cultural-socioterritorial-lutas-e-praticas\/#primaryimage","url":"https:\/\/ponteseditores.com.br\/loja3\/wp-content\/uploads\/2023\/12\/ED20CAMPO.jpg","contentUrl":"https:\/\/ponteseditores.com.br\/loja3\/wp-content\/uploads\/2023\/12\/ED20CAMPO.jpg","width":1000,"height":1505},{"@type":"BreadcrumbList","@id":"https:\/\/ponteseditores.com.br\/loja3\/pontes-editores-home-2__trashed\/uncategorized\/educacao-do-campo-diversidade-cultural-socioterritorial-lutas-e-praticas\/#breadcrumb","itemListElement":[{"@type":"ListItem","position":1,"name":"Home","item":"https:\/\/ponteseditores.com.br\/loja3\/"},{"@type":"ListItem","position":2,"name":"loja","item":"https:\/\/ponteseditores.com.br\/loja3\/loja\/"},{"@type":"ListItem","position":3,"name":"EDUCA\u00c7\u00c3O DO CAMPO: diversidade cultural, socioterritorial, lutas e pr\u00e1ticas"}]},{"@type":"WebSite","@id":"https:\/\/ponteseditores.com.br\/loja3\/#website","url":"https:\/\/ponteseditores.com.br\/loja3\/","name":"Pontes Editores","description":"Pontes Editores","publisher":{"@id":"https:\/\/ponteseditores.com.br\/loja3\/#organization"},"potentialAction":[{"@type":"SearchAction","target":{"@type":"EntryPoint","urlTemplate":"https:\/\/ponteseditores.com.br\/loja3\/?s={search_term_string}"},"query-input":{"@type":"PropertyValueSpecification","valueRequired":true,"valueName":"search_term_string"}}],"inLanguage":"pt-BR"},{"@type":"Organization","@id":"https:\/\/ponteseditores.com.br\/loja3\/#organization","name":"Pontes Editores","url":"https:\/\/ponteseditores.com.br\/loja3\/","logo":{"@type":"ImageObject","inLanguage":"pt-BR","@id":"https:\/\/ponteseditores.com.br\/loja3\/#\/schema\/logo\/image\/","url":"https:\/\/ponteseditores.com.br\/loja3\/wp-content\/uploads\/2023\/12\/logo-pontes-editores-v2.png","contentUrl":"https:\/\/ponteseditores.com.br\/loja3\/wp-content\/uploads\/2023\/12\/logo-pontes-editores-v2.png","width":258,"height":100,"caption":"Pontes Editores"},"image":{"@id":"https:\/\/ponteseditores.com.br\/loja3\/#\/schema\/logo\/image\/"}}]}},"_links":{"self":[{"href":"https:\/\/ponteseditores.com.br\/loja3\/wp-json\/wp\/v2\/product\/8668","targetHints":{"allow":["GET"]}}],"collection":[{"href":"https:\/\/ponteseditores.com.br\/loja3\/wp-json\/wp\/v2\/product"}],"about":[{"href":"https:\/\/ponteseditores.com.br\/loja3\/wp-json\/wp\/v2\/types\/product"}],"replies":[{"embeddable":true,"href":"https:\/\/ponteseditores.com.br\/loja3\/wp-json\/wp\/v2\/comments?post=8668"}],"version-history":[{"count":0,"href":"https:\/\/ponteseditores.com.br\/loja3\/wp-json\/wp\/v2\/product\/8668\/revisions"}],"wp:featuredmedia":[{"embeddable":true,"href":"https:\/\/ponteseditores.com.br\/loja3\/wp-json\/wp\/v2\/media\/8667"}],"wp:attachment":[{"href":"https:\/\/ponteseditores.com.br\/loja3\/wp-json\/wp\/v2\/media?parent=8668"}],"wp:term":[{"taxonomy":"product_brand","embeddable":true,"href":"https:\/\/ponteseditores.com.br\/loja3\/wp-json\/wp\/v2\/product_brand?post=8668"},{"taxonomy":"product_cat","embeddable":true,"href":"https:\/\/ponteseditores.com.br\/loja3\/wp-json\/wp\/v2\/product_cat?post=8668"},{"taxonomy":"product_tag","embeddable":true,"href":"https:\/\/ponteseditores.com.br\/loja3\/wp-json\/wp\/v2\/product_tag?post=8668"}],"curies":[{"name":"wp","href":"https:\/\/api.w.org\/{rel}","templated":true}]}}