{"id":8666,"date":"2023-12-16T12:30:44","date_gmt":"2023-12-16T15:30:44","guid":{"rendered":"https:\/\/ponteseditores.com.br\/loja3\/pontes-editores-home-2__trashed\/sem categoria\/formando-formadores-para-a-escola-basica-do-seculo-xxirelatos-de-pesquisa\/"},"modified":"2024-04-18T16:12:03","modified_gmt":"2024-04-18T19:12:03","slug":"formando-formadores-para-a-escola-basica-do-seculo-xxirelatos-de-pesquisa","status":"publish","type":"product","link":"https:\/\/ponteseditores.com.br\/loja3\/pontes-editores-home-2__trashed\/uncategorized\/formando-formadores-para-a-escola-basica-do-seculo-xxirelatos-de-pesquisa\/","title":{"rendered":"FORMANDO FORMADORES PARA A ESCOLA B\u00c1SICA DO S\u00c9CULO XXI:RELATOS DE PESQUISA"},"content":{"rendered":"<p>O prop\u00f3sito da colet\u00e2nea Formando formadores para a escola b\u00e1sica do s\u00e9culo XXI: relatos de pesquisa, idealizada pelo corpo docente do Formep, \u00e9 divulgar as pesquisas desenvolvidas em diferentes frentes da escola b\u00e1sica, constitu\u00eddas de estrat\u00e9gias formativas, grupos colaborativos, sempre cuidando do desafio de atender produtivamente \u00e0s expectativas de profissionais que buscam nosso curso para aprimoramento de suas pr\u00e1ticas como formadores. Como essa \u00e9 a voca\u00e7\u00e3o deste mestrado profissional, a realiza\u00e7\u00e3o da an\u00e1lise fundamentada da pr\u00e1tica, consubstanciada por diferentes pesquisas, tem sido a t\u00f4nica de nossos estudos, sempre atrelados \u00e0s frentes epistemol\u00f3gicas de nossas linhas de pesquisa.<\/p>\n","protected":false},"excerpt":{"rendered":"<p>O prop\u00f3sito da colet\u00e2nea Formando formadores para a escola b\u00e1sica do s\u00e9culo XXI: relatos de pesquisa, idealizada pelo corpo docente do Formep, \u00e9 divulgar as pesquisas desenvolvidas em diferentes frentes da escola b\u00e1sica, constitu\u00eddas de estrat\u00e9gias formativas, grupos colaborativos, sempre cuidando do desafio de atender produtivamente \u00e0s expectativas de profissionais que buscam nosso curso para [&hellip;]<\/p>\n","protected":false},"featured_media":8665,"comment_status":"open","ping_status":"closed","template":"","meta":{"_joinchat":[]},"product_brand":[],"product_cat":[15],"product_tag":[],"class_list":{"0":"post-8666","1":"product","2":"type-product","3":"status-publish","4":"has-post-thumbnail","6":"product_cat-uncategorized","8":"first","9":"instock","10":"shipping-taxable","11":"purchasable","12":"product-type-simple"},"yoast_head":"<!-- This site is optimized with the Yoast SEO plugin v27.4 - https:\/\/yoast.com\/product\/yoast-seo-wordpress\/ -->\n<title>FORMANDO FORMADORES PARA A ESCOLA B\u00c1SICA DO S\u00c9CULO XXI:RELATOS DE PESQUISA - Pontes Editores<\/title>\n<meta name=\"robots\" content=\"index, follow, max-snippet:-1, max-image-preview:large, max-video-preview:-1\" \/>\n<link rel=\"canonical\" href=\"https:\/\/ponteseditores.com.br\/loja3\/pontes-editores-home-2__trashed\/uncategorized\/formando-formadores-para-a-escola-basica-do-seculo-xxirelatos-de-pesquisa\/\" \/>\n<meta property=\"og:locale\" content=\"pt_BR\" \/>\n<meta property=\"og:type\" content=\"article\" \/>\n<meta property=\"og:title\" content=\"FORMANDO FORMADORES PARA A ESCOLA B\u00c1SICA DO S\u00c9CULO XXI:RELATOS DE PESQUISA - Pontes Editores\" \/>\n<meta property=\"og:description\" content=\"O prop\u00f3sito da colet\u00e2nea Formando formadores para a escola b\u00e1sica do s\u00e9culo XXI: relatos de pesquisa, idealizada pelo corpo docente do Formep, \u00e9 divulgar as pesquisas desenvolvidas em diferentes frentes da escola b\u00e1sica, constitu\u00eddas de estrat\u00e9gias formativas, grupos colaborativos, sempre cuidando do desafio de atender produtivamente \u00e0s expectativas de profissionais que buscam nosso curso para [&hellip;]\" \/>\n<meta property=\"og:url\" content=\"https:\/\/ponteseditores.com.br\/loja3\/pontes-editores-home-2__trashed\/uncategorized\/formando-formadores-para-a-escola-basica-do-seculo-xxirelatos-de-pesquisa\/\" \/>\n<meta property=\"og:site_name\" content=\"Pontes Editores\" \/>\n<meta property=\"article:modified_time\" content=\"2024-04-18T19:12:03+00:00\" \/>\n<meta property=\"og:image\" content=\"https:\/\/ponteseditores.com.br\/loja3\/wp-content\/uploads\/2023\/12\/formando20forma1.jpg\" \/>\n\t<meta property=\"og:image:width\" content=\"519\" \/>\n\t<meta property=\"og:image:height\" content=\"768\" \/>\n\t<meta property=\"og:image:type\" content=\"image\/jpeg\" \/>\n<meta name=\"twitter:card\" content=\"summary_large_image\" \/>\n<meta name=\"twitter:label1\" content=\"Est. tempo de leitura\" \/>\n\t<meta name=\"twitter:data1\" content=\"1 minuto\" \/>\n<script type=\"application\/ld+json\" class=\"yoast-schema-graph\">{\"@context\":\"https:\\\/\\\/schema.org\",\"@graph\":[{\"@type\":\"WebPage\",\"@id\":\"https:\\\/\\\/ponteseditores.com.br\\\/loja3\\\/pontes-editores-home-2__trashed\\\/uncategorized\\\/formando-formadores-para-a-escola-basica-do-seculo-xxirelatos-de-pesquisa\\\/\",\"url\":\"https:\\\/\\\/ponteseditores.com.br\\\/loja3\\\/pontes-editores-home-2__trashed\\\/uncategorized\\\/formando-formadores-para-a-escola-basica-do-seculo-xxirelatos-de-pesquisa\\\/\",\"name\":\"FORMANDO FORMADORES PARA A ESCOLA B\u00c1SICA DO S\u00c9CULO XXI:RELATOS DE PESQUISA - Pontes Editores\",\"isPartOf\":{\"@id\":\"https:\\\/\\\/ponteseditores.com.br\\\/loja3\\\/#website\"},\"primaryImageOfPage\":{\"@id\":\"https:\\\/\\\/ponteseditores.com.br\\\/loja3\\\/pontes-editores-home-2__trashed\\\/uncategorized\\\/formando-formadores-para-a-escola-basica-do-seculo-xxirelatos-de-pesquisa\\\/#primaryimage\"},\"image\":{\"@id\":\"https:\\\/\\\/ponteseditores.com.br\\\/loja3\\\/pontes-editores-home-2__trashed\\\/uncategorized\\\/formando-formadores-para-a-escola-basica-do-seculo-xxirelatos-de-pesquisa\\\/#primaryimage\"},\"thumbnailUrl\":\"https:\\\/\\\/ponteseditores.com.br\\\/loja3\\\/wp-content\\\/uploads\\\/2023\\\/12\\\/formando20forma1.jpg\",\"datePublished\":\"2023-12-16T15:30:44+00:00\",\"dateModified\":\"2024-04-18T19:12:03+00:00\",\"breadcrumb\":{\"@id\":\"https:\\\/\\\/ponteseditores.com.br\\\/loja3\\\/pontes-editores-home-2__trashed\\\/uncategorized\\\/formando-formadores-para-a-escola-basica-do-seculo-xxirelatos-de-pesquisa\\\/#breadcrumb\"},\"inLanguage\":\"pt-BR\",\"potentialAction\":[{\"@type\":\"ReadAction\",\"target\":[\"https:\\\/\\\/ponteseditores.com.br\\\/loja3\\\/pontes-editores-home-2__trashed\\\/uncategorized\\\/formando-formadores-para-a-escola-basica-do-seculo-xxirelatos-de-pesquisa\\\/\"]}]},{\"@type\":\"ImageObject\",\"inLanguage\":\"pt-BR\",\"@id\":\"https:\\\/\\\/ponteseditores.com.br\\\/loja3\\\/pontes-editores-home-2__trashed\\\/uncategorized\\\/formando-formadores-para-a-escola-basica-do-seculo-xxirelatos-de-pesquisa\\\/#primaryimage\",\"url\":\"https:\\\/\\\/ponteseditores.com.br\\\/loja3\\\/wp-content\\\/uploads\\\/2023\\\/12\\\/formando20forma1.jpg\",\"contentUrl\":\"https:\\\/\\\/ponteseditores.com.br\\\/loja3\\\/wp-content\\\/uploads\\\/2023\\\/12\\\/formando20forma1.jpg\",\"width\":519,\"height\":768},{\"@type\":\"BreadcrumbList\",\"@id\":\"https:\\\/\\\/ponteseditores.com.br\\\/loja3\\\/pontes-editores-home-2__trashed\\\/uncategorized\\\/formando-formadores-para-a-escola-basica-do-seculo-xxirelatos-de-pesquisa\\\/#breadcrumb\",\"itemListElement\":[{\"@type\":\"ListItem\",\"position\":1,\"name\":\"Home\",\"item\":\"https:\\\/\\\/ponteseditores.com.br\\\/loja3\\\/\"},{\"@type\":\"ListItem\",\"position\":2,\"name\":\"loja\",\"item\":\"https:\\\/\\\/ponteseditores.com.br\\\/loja3\\\/loja\\\/\"},{\"@type\":\"ListItem\",\"position\":3,\"name\":\"FORMANDO FORMADORES PARA A ESCOLA B\u00c1SICA DO S\u00c9CULO XXI:RELATOS DE PESQUISA\"}]},{\"@type\":\"WebSite\",\"@id\":\"https:\\\/\\\/ponteseditores.com.br\\\/loja3\\\/#website\",\"url\":\"https:\\\/\\\/ponteseditores.com.br\\\/loja3\\\/\",\"name\":\"Pontes Editores\",\"description\":\"Pontes Editores\",\"publisher\":{\"@id\":\"https:\\\/\\\/ponteseditores.com.br\\\/loja3\\\/#organization\"},\"potentialAction\":[{\"@type\":\"SearchAction\",\"target\":{\"@type\":\"EntryPoint\",\"urlTemplate\":\"https:\\\/\\\/ponteseditores.com.br\\\/loja3\\\/?s={search_term_string}\"},\"query-input\":{\"@type\":\"PropertyValueSpecification\",\"valueRequired\":true,\"valueName\":\"search_term_string\"}}],\"inLanguage\":\"pt-BR\"},{\"@type\":\"Organization\",\"@id\":\"https:\\\/\\\/ponteseditores.com.br\\\/loja3\\\/#organization\",\"name\":\"Pontes Editores\",\"url\":\"https:\\\/\\\/ponteseditores.com.br\\\/loja3\\\/\",\"logo\":{\"@type\":\"ImageObject\",\"inLanguage\":\"pt-BR\",\"@id\":\"https:\\\/\\\/ponteseditores.com.br\\\/loja3\\\/#\\\/schema\\\/logo\\\/image\\\/\",\"url\":\"https:\\\/\\\/ponteseditores.com.br\\\/loja3\\\/wp-content\\\/uploads\\\/2023\\\/12\\\/logo-pontes-editores-v2.png\",\"contentUrl\":\"https:\\\/\\\/ponteseditores.com.br\\\/loja3\\\/wp-content\\\/uploads\\\/2023\\\/12\\\/logo-pontes-editores-v2.png\",\"width\":258,\"height\":100,\"caption\":\"Pontes Editores\"},\"image\":{\"@id\":\"https:\\\/\\\/ponteseditores.com.br\\\/loja3\\\/#\\\/schema\\\/logo\\\/image\\\/\"}}]}<\/script>\n<!-- \/ Yoast SEO plugin. -->","yoast_head_json":{"title":"FORMANDO FORMADORES PARA A ESCOLA B\u00c1SICA DO S\u00c9CULO XXI:RELATOS DE PESQUISA - Pontes Editores","robots":{"index":"index","follow":"follow","max-snippet":"max-snippet:-1","max-image-preview":"max-image-preview:large","max-video-preview":"max-video-preview:-1"},"canonical":"https:\/\/ponteseditores.com.br\/loja3\/pontes-editores-home-2__trashed\/uncategorized\/formando-formadores-para-a-escola-basica-do-seculo-xxirelatos-de-pesquisa\/","og_locale":"pt_BR","og_type":"article","og_title":"FORMANDO FORMADORES PARA A ESCOLA B\u00c1SICA DO S\u00c9CULO XXI:RELATOS DE PESQUISA - Pontes Editores","og_description":"O prop\u00f3sito da colet\u00e2nea Formando formadores para a escola b\u00e1sica do s\u00e9culo XXI: relatos de pesquisa, idealizada pelo corpo docente do Formep, \u00e9 divulgar as pesquisas desenvolvidas em diferentes frentes da escola b\u00e1sica, constitu\u00eddas de estrat\u00e9gias formativas, grupos colaborativos, sempre cuidando do desafio de atender produtivamente \u00e0s expectativas de profissionais que buscam nosso curso para [&hellip;]","og_url":"https:\/\/ponteseditores.com.br\/loja3\/pontes-editores-home-2__trashed\/uncategorized\/formando-formadores-para-a-escola-basica-do-seculo-xxirelatos-de-pesquisa\/","og_site_name":"Pontes Editores","article_modified_time":"2024-04-18T19:12:03+00:00","og_image":[{"width":519,"height":768,"url":"https:\/\/ponteseditores.com.br\/loja3\/wp-content\/uploads\/2023\/12\/formando20forma1.jpg","type":"image\/jpeg"}],"twitter_card":"summary_large_image","twitter_misc":{"Est. tempo de leitura":"1 minuto"},"schema":{"@context":"https:\/\/schema.org","@graph":[{"@type":"WebPage","@id":"https:\/\/ponteseditores.com.br\/loja3\/pontes-editores-home-2__trashed\/uncategorized\/formando-formadores-para-a-escola-basica-do-seculo-xxirelatos-de-pesquisa\/","url":"https:\/\/ponteseditores.com.br\/loja3\/pontes-editores-home-2__trashed\/uncategorized\/formando-formadores-para-a-escola-basica-do-seculo-xxirelatos-de-pesquisa\/","name":"FORMANDO FORMADORES PARA A ESCOLA B\u00c1SICA DO S\u00c9CULO XXI:RELATOS DE PESQUISA - Pontes Editores","isPartOf":{"@id":"https:\/\/ponteseditores.com.br\/loja3\/#website"},"primaryImageOfPage":{"@id":"https:\/\/ponteseditores.com.br\/loja3\/pontes-editores-home-2__trashed\/uncategorized\/formando-formadores-para-a-escola-basica-do-seculo-xxirelatos-de-pesquisa\/#primaryimage"},"image":{"@id":"https:\/\/ponteseditores.com.br\/loja3\/pontes-editores-home-2__trashed\/uncategorized\/formando-formadores-para-a-escola-basica-do-seculo-xxirelatos-de-pesquisa\/#primaryimage"},"thumbnailUrl":"https:\/\/ponteseditores.com.br\/loja3\/wp-content\/uploads\/2023\/12\/formando20forma1.jpg","datePublished":"2023-12-16T15:30:44+00:00","dateModified":"2024-04-18T19:12:03+00:00","breadcrumb":{"@id":"https:\/\/ponteseditores.com.br\/loja3\/pontes-editores-home-2__trashed\/uncategorized\/formando-formadores-para-a-escola-basica-do-seculo-xxirelatos-de-pesquisa\/#breadcrumb"},"inLanguage":"pt-BR","potentialAction":[{"@type":"ReadAction","target":["https:\/\/ponteseditores.com.br\/loja3\/pontes-editores-home-2__trashed\/uncategorized\/formando-formadores-para-a-escola-basica-do-seculo-xxirelatos-de-pesquisa\/"]}]},{"@type":"ImageObject","inLanguage":"pt-BR","@id":"https:\/\/ponteseditores.com.br\/loja3\/pontes-editores-home-2__trashed\/uncategorized\/formando-formadores-para-a-escola-basica-do-seculo-xxirelatos-de-pesquisa\/#primaryimage","url":"https:\/\/ponteseditores.com.br\/loja3\/wp-content\/uploads\/2023\/12\/formando20forma1.jpg","contentUrl":"https:\/\/ponteseditores.com.br\/loja3\/wp-content\/uploads\/2023\/12\/formando20forma1.jpg","width":519,"height":768},{"@type":"BreadcrumbList","@id":"https:\/\/ponteseditores.com.br\/loja3\/pontes-editores-home-2__trashed\/uncategorized\/formando-formadores-para-a-escola-basica-do-seculo-xxirelatos-de-pesquisa\/#breadcrumb","itemListElement":[{"@type":"ListItem","position":1,"name":"Home","item":"https:\/\/ponteseditores.com.br\/loja3\/"},{"@type":"ListItem","position":2,"name":"loja","item":"https:\/\/ponteseditores.com.br\/loja3\/loja\/"},{"@type":"ListItem","position":3,"name":"FORMANDO FORMADORES PARA A ESCOLA B\u00c1SICA DO S\u00c9CULO XXI:RELATOS DE PESQUISA"}]},{"@type":"WebSite","@id":"https:\/\/ponteseditores.com.br\/loja3\/#website","url":"https:\/\/ponteseditores.com.br\/loja3\/","name":"Pontes Editores","description":"Pontes Editores","publisher":{"@id":"https:\/\/ponteseditores.com.br\/loja3\/#organization"},"potentialAction":[{"@type":"SearchAction","target":{"@type":"EntryPoint","urlTemplate":"https:\/\/ponteseditores.com.br\/loja3\/?s={search_term_string}"},"query-input":{"@type":"PropertyValueSpecification","valueRequired":true,"valueName":"search_term_string"}}],"inLanguage":"pt-BR"},{"@type":"Organization","@id":"https:\/\/ponteseditores.com.br\/loja3\/#organization","name":"Pontes Editores","url":"https:\/\/ponteseditores.com.br\/loja3\/","logo":{"@type":"ImageObject","inLanguage":"pt-BR","@id":"https:\/\/ponteseditores.com.br\/loja3\/#\/schema\/logo\/image\/","url":"https:\/\/ponteseditores.com.br\/loja3\/wp-content\/uploads\/2023\/12\/logo-pontes-editores-v2.png","contentUrl":"https:\/\/ponteseditores.com.br\/loja3\/wp-content\/uploads\/2023\/12\/logo-pontes-editores-v2.png","width":258,"height":100,"caption":"Pontes Editores"},"image":{"@id":"https:\/\/ponteseditores.com.br\/loja3\/#\/schema\/logo\/image\/"}}]}},"_links":{"self":[{"href":"https:\/\/ponteseditores.com.br\/loja3\/wp-json\/wp\/v2\/product\/8666","targetHints":{"allow":["GET"]}}],"collection":[{"href":"https:\/\/ponteseditores.com.br\/loja3\/wp-json\/wp\/v2\/product"}],"about":[{"href":"https:\/\/ponteseditores.com.br\/loja3\/wp-json\/wp\/v2\/types\/product"}],"replies":[{"embeddable":true,"href":"https:\/\/ponteseditores.com.br\/loja3\/wp-json\/wp\/v2\/comments?post=8666"}],"version-history":[{"count":0,"href":"https:\/\/ponteseditores.com.br\/loja3\/wp-json\/wp\/v2\/product\/8666\/revisions"}],"wp:featuredmedia":[{"embeddable":true,"href":"https:\/\/ponteseditores.com.br\/loja3\/wp-json\/wp\/v2\/media\/8665"}],"wp:attachment":[{"href":"https:\/\/ponteseditores.com.br\/loja3\/wp-json\/wp\/v2\/media?parent=8666"}],"wp:term":[{"taxonomy":"product_brand","embeddable":true,"href":"https:\/\/ponteseditores.com.br\/loja3\/wp-json\/wp\/v2\/product_brand?post=8666"},{"taxonomy":"product_cat","embeddable":true,"href":"https:\/\/ponteseditores.com.br\/loja3\/wp-json\/wp\/v2\/product_cat?post=8666"},{"taxonomy":"product_tag","embeddable":true,"href":"https:\/\/ponteseditores.com.br\/loja3\/wp-json\/wp\/v2\/product_tag?post=8666"}],"curies":[{"name":"wp","href":"https:\/\/api.w.org\/{rel}","templated":true}]}}