{"id":8659,"date":"2023-12-16T12:30:22","date_gmt":"2023-12-16T15:30:22","guid":{"rendered":"https:\/\/ponteseditores.com.br\/loja3\/pontes-editores-home-2__trashed\/sem categoria\/interpretacao-autoria-leitura-e-efeitos-do-trabalho-simbolico-5o-edicao\/"},"modified":"2026-02-16T07:15:52","modified_gmt":"2026-02-16T10:15:52","slug":"interpretacao-autoria-leitura-e-efeitos-do-trabalho-simbolico-5o-edicao","status":"publish","type":"product","link":"https:\/\/ponteseditores.com.br\/loja3\/pontes-editores-home-2__trashed\/linguistica\/interpretacao-autoria-leitura-e-efeitos-do-trabalho-simbolico-5o-edicao\/","title":{"rendered":"Interpreta\u00e7\u00e3o: autoria, leitura e efeitos do trabalho simb\u00f3lico &#8211; 5\u00ba edi\u00e7\u00e3o"},"content":{"rendered":"<p>Este livro procura descolar tanto a concep\u00e7\u00e3o intuitiva que se tem da interpreta\u00e7\u00e3o quanto o seu estatuto te\u00f3rico no trabalho de especialistas.<\/p>\n<p>Tomando a interpreta\u00e7\u00e3o como gesto necess\u00e1rio que liga l\u00edngua e hist\u00f3ria na produ\u00e7\u00e3o dos sentidos, a autora situa esses gestos tanto na dimens\u00e3o do sujeito como na da sociedade com suas institui\u00e7\u00f5es, precisando os diferentes mecanismos interpretativos na rela\u00e7\u00e3o com as diversas linguagens, nas distintas posi\u00e7\u00f5es dos sujeitos. Ao mesmo tempo, em uma proposta inovadora, a ideologia passa a ser vista n\u00e3o mais como oculta\u00e7\u00e3o de sentidos, mas como parte do funcionamento da interpreta\u00e7\u00e3o.<\/p>\n","protected":false},"excerpt":{"rendered":"<p>Este livro procura descolar tanto a concep\u00e7\u00e3o intuitiva que se tem da interpreta\u00e7\u00e3o quanto o seu estatuto te\u00f3rico no trabalho de especialistas. Tomando a interpreta\u00e7\u00e3o como gesto necess\u00e1rio que liga l\u00edngua e hist\u00f3ria na produ\u00e7\u00e3o dos sentidos, a autora situa esses gestos tanto na dimens\u00e3o do sujeito como na da sociedade com suas institui\u00e7\u00f5es, precisando [&hellip;]<\/p>\n","protected":false},"featured_media":8658,"comment_status":"open","ping_status":"closed","template":"","meta":{"_joinchat":[]},"product_brand":[],"product_cat":[301,31],"product_tag":[],"class_list":{"0":"post-8659","1":"product","2":"type-product","3":"status-publish","4":"has-post-thumbnail","6":"product_cat-analise-de-discurso","7":"product_cat-linguistica","9":"first","10":"instock","11":"shipping-taxable","12":"purchasable","13":"product-type-simple"},"yoast_head":"<!-- This site is optimized with the Yoast SEO plugin v27.4 - https:\/\/yoast.com\/product\/yoast-seo-wordpress\/ -->\n<title>Interpreta\u00e7\u00e3o: autoria, leitura e efeitos do trabalho simb\u00f3lico - 5\u00ba edi\u00e7\u00e3o - Pontes Editores<\/title>\n<meta name=\"robots\" content=\"index, follow, max-snippet:-1, max-image-preview:large, max-video-preview:-1\" \/>\n<link rel=\"canonical\" href=\"https:\/\/ponteseditores.com.br\/loja3\/pontes-editores-home-2__trashed\/linguistica\/interpretacao-autoria-leitura-e-efeitos-do-trabalho-simbolico-5o-edicao\/\" \/>\n<meta property=\"og:locale\" content=\"pt_BR\" \/>\n<meta property=\"og:type\" content=\"article\" \/>\n<meta property=\"og:title\" content=\"Interpreta\u00e7\u00e3o: autoria, leitura e efeitos do trabalho simb\u00f3lico - 5\u00ba edi\u00e7\u00e3o - Pontes Editores\" \/>\n<meta property=\"og:description\" content=\"Este livro procura descolar tanto a concep\u00e7\u00e3o intuitiva que se tem da interpreta\u00e7\u00e3o quanto o seu estatuto te\u00f3rico no trabalho de especialistas. Tomando a interpreta\u00e7\u00e3o como gesto necess\u00e1rio que liga l\u00edngua e hist\u00f3ria na produ\u00e7\u00e3o dos sentidos, a autora situa esses gestos tanto na dimens\u00e3o do sujeito como na da sociedade com suas institui\u00e7\u00f5es, precisando [&hellip;]\" \/>\n<meta property=\"og:url\" content=\"https:\/\/ponteseditores.com.br\/loja3\/pontes-editores-home-2__trashed\/linguistica\/interpretacao-autoria-leitura-e-efeitos-do-trabalho-simbolico-5o-edicao\/\" \/>\n<meta property=\"og:site_name\" content=\"Pontes Editores\" \/>\n<meta property=\"article:modified_time\" content=\"2026-02-16T10:15:52+00:00\" \/>\n<meta property=\"og:image\" content=\"https:\/\/ponteseditores.com.br\/loja3\/wp-content\/uploads\/2023\/12\/Interpretacao-autoria-leitura-e-efeitos-do-trabalho-simbolico-5ed-1.jpg\" \/>\n\t<meta property=\"og:image:width\" content=\"1654\" \/>\n\t<meta property=\"og:image:height\" content=\"2480\" \/>\n\t<meta property=\"og:image:type\" content=\"image\/jpeg\" \/>\n<meta name=\"twitter:card\" content=\"summary_large_image\" \/>\n<meta name=\"twitter:label1\" content=\"Est. tempo de leitura\" \/>\n\t<meta name=\"twitter:data1\" content=\"1 minuto\" \/>\n<script type=\"application\/ld+json\" class=\"yoast-schema-graph\">{\"@context\":\"https:\\\/\\\/schema.org\",\"@graph\":[{\"@type\":\"WebPage\",\"@id\":\"https:\\\/\\\/ponteseditores.com.br\\\/loja3\\\/pontes-editores-home-2__trashed\\\/linguistica\\\/interpretacao-autoria-leitura-e-efeitos-do-trabalho-simbolico-5o-edicao\\\/\",\"url\":\"https:\\\/\\\/ponteseditores.com.br\\\/loja3\\\/pontes-editores-home-2__trashed\\\/linguistica\\\/interpretacao-autoria-leitura-e-efeitos-do-trabalho-simbolico-5o-edicao\\\/\",\"name\":\"Interpreta\u00e7\u00e3o: autoria, leitura e efeitos do trabalho simb\u00f3lico - 5\u00ba edi\u00e7\u00e3o - Pontes Editores\",\"isPartOf\":{\"@id\":\"https:\\\/\\\/ponteseditores.com.br\\\/loja3\\\/#website\"},\"primaryImageOfPage\":{\"@id\":\"https:\\\/\\\/ponteseditores.com.br\\\/loja3\\\/pontes-editores-home-2__trashed\\\/linguistica\\\/interpretacao-autoria-leitura-e-efeitos-do-trabalho-simbolico-5o-edicao\\\/#primaryimage\"},\"image\":{\"@id\":\"https:\\\/\\\/ponteseditores.com.br\\\/loja3\\\/pontes-editores-home-2__trashed\\\/linguistica\\\/interpretacao-autoria-leitura-e-efeitos-do-trabalho-simbolico-5o-edicao\\\/#primaryimage\"},\"thumbnailUrl\":\"https:\\\/\\\/ponteseditores.com.br\\\/loja3\\\/wp-content\\\/uploads\\\/2023\\\/12\\\/Interpretacao-autoria-leitura-e-efeitos-do-trabalho-simbolico-5ed-1.jpg\",\"datePublished\":\"2023-12-16T15:30:22+00:00\",\"dateModified\":\"2026-02-16T10:15:52+00:00\",\"breadcrumb\":{\"@id\":\"https:\\\/\\\/ponteseditores.com.br\\\/loja3\\\/pontes-editores-home-2__trashed\\\/linguistica\\\/interpretacao-autoria-leitura-e-efeitos-do-trabalho-simbolico-5o-edicao\\\/#breadcrumb\"},\"inLanguage\":\"pt-BR\",\"potentialAction\":[{\"@type\":\"ReadAction\",\"target\":[\"https:\\\/\\\/ponteseditores.com.br\\\/loja3\\\/pontes-editores-home-2__trashed\\\/linguistica\\\/interpretacao-autoria-leitura-e-efeitos-do-trabalho-simbolico-5o-edicao\\\/\"]}]},{\"@type\":\"ImageObject\",\"inLanguage\":\"pt-BR\",\"@id\":\"https:\\\/\\\/ponteseditores.com.br\\\/loja3\\\/pontes-editores-home-2__trashed\\\/linguistica\\\/interpretacao-autoria-leitura-e-efeitos-do-trabalho-simbolico-5o-edicao\\\/#primaryimage\",\"url\":\"https:\\\/\\\/ponteseditores.com.br\\\/loja3\\\/wp-content\\\/uploads\\\/2023\\\/12\\\/Interpretacao-autoria-leitura-e-efeitos-do-trabalho-simbolico-5ed-1.jpg\",\"contentUrl\":\"https:\\\/\\\/ponteseditores.com.br\\\/loja3\\\/wp-content\\\/uploads\\\/2023\\\/12\\\/Interpretacao-autoria-leitura-e-efeitos-do-trabalho-simbolico-5ed-1.jpg\",\"width\":1654,\"height\":2480},{\"@type\":\"BreadcrumbList\",\"@id\":\"https:\\\/\\\/ponteseditores.com.br\\\/loja3\\\/pontes-editores-home-2__trashed\\\/linguistica\\\/interpretacao-autoria-leitura-e-efeitos-do-trabalho-simbolico-5o-edicao\\\/#breadcrumb\",\"itemListElement\":[{\"@type\":\"ListItem\",\"position\":1,\"name\":\"Home\",\"item\":\"https:\\\/\\\/ponteseditores.com.br\\\/loja3\\\/\"},{\"@type\":\"ListItem\",\"position\":2,\"name\":\"loja\",\"item\":\"https:\\\/\\\/ponteseditores.com.br\\\/loja3\\\/loja\\\/\"},{\"@type\":\"ListItem\",\"position\":3,\"name\":\"Interpreta\u00e7\u00e3o: autoria, leitura e efeitos do trabalho simb\u00f3lico &#8211; 5\u00ba edi\u00e7\u00e3o\"}]},{\"@type\":\"WebSite\",\"@id\":\"https:\\\/\\\/ponteseditores.com.br\\\/loja3\\\/#website\",\"url\":\"https:\\\/\\\/ponteseditores.com.br\\\/loja3\\\/\",\"name\":\"Pontes Editores\",\"description\":\"Pontes Editores\",\"publisher\":{\"@id\":\"https:\\\/\\\/ponteseditores.com.br\\\/loja3\\\/#organization\"},\"potentialAction\":[{\"@type\":\"SearchAction\",\"target\":{\"@type\":\"EntryPoint\",\"urlTemplate\":\"https:\\\/\\\/ponteseditores.com.br\\\/loja3\\\/?s={search_term_string}\"},\"query-input\":{\"@type\":\"PropertyValueSpecification\",\"valueRequired\":true,\"valueName\":\"search_term_string\"}}],\"inLanguage\":\"pt-BR\"},{\"@type\":\"Organization\",\"@id\":\"https:\\\/\\\/ponteseditores.com.br\\\/loja3\\\/#organization\",\"name\":\"Pontes Editores\",\"url\":\"https:\\\/\\\/ponteseditores.com.br\\\/loja3\\\/\",\"logo\":{\"@type\":\"ImageObject\",\"inLanguage\":\"pt-BR\",\"@id\":\"https:\\\/\\\/ponteseditores.com.br\\\/loja3\\\/#\\\/schema\\\/logo\\\/image\\\/\",\"url\":\"https:\\\/\\\/ponteseditores.com.br\\\/loja3\\\/wp-content\\\/uploads\\\/2023\\\/12\\\/logo-pontes-editores-v2.png\",\"contentUrl\":\"https:\\\/\\\/ponteseditores.com.br\\\/loja3\\\/wp-content\\\/uploads\\\/2023\\\/12\\\/logo-pontes-editores-v2.png\",\"width\":258,\"height\":100,\"caption\":\"Pontes Editores\"},\"image\":{\"@id\":\"https:\\\/\\\/ponteseditores.com.br\\\/loja3\\\/#\\\/schema\\\/logo\\\/image\\\/\"}}]}<\/script>\n<!-- \/ Yoast SEO plugin. -->","yoast_head_json":{"title":"Interpreta\u00e7\u00e3o: autoria, leitura e efeitos do trabalho simb\u00f3lico - 5\u00ba edi\u00e7\u00e3o - Pontes Editores","robots":{"index":"index","follow":"follow","max-snippet":"max-snippet:-1","max-image-preview":"max-image-preview:large","max-video-preview":"max-video-preview:-1"},"canonical":"https:\/\/ponteseditores.com.br\/loja3\/pontes-editores-home-2__trashed\/linguistica\/interpretacao-autoria-leitura-e-efeitos-do-trabalho-simbolico-5o-edicao\/","og_locale":"pt_BR","og_type":"article","og_title":"Interpreta\u00e7\u00e3o: autoria, leitura e efeitos do trabalho simb\u00f3lico - 5\u00ba edi\u00e7\u00e3o - Pontes Editores","og_description":"Este livro procura descolar tanto a concep\u00e7\u00e3o intuitiva que se tem da interpreta\u00e7\u00e3o quanto o seu estatuto te\u00f3rico no trabalho de especialistas. Tomando a interpreta\u00e7\u00e3o como gesto necess\u00e1rio que liga l\u00edngua e hist\u00f3ria na produ\u00e7\u00e3o dos sentidos, a autora situa esses gestos tanto na dimens\u00e3o do sujeito como na da sociedade com suas institui\u00e7\u00f5es, precisando [&hellip;]","og_url":"https:\/\/ponteseditores.com.br\/loja3\/pontes-editores-home-2__trashed\/linguistica\/interpretacao-autoria-leitura-e-efeitos-do-trabalho-simbolico-5o-edicao\/","og_site_name":"Pontes Editores","article_modified_time":"2026-02-16T10:15:52+00:00","og_image":[{"width":1654,"height":2480,"url":"https:\/\/ponteseditores.com.br\/loja3\/wp-content\/uploads\/2023\/12\/Interpretacao-autoria-leitura-e-efeitos-do-trabalho-simbolico-5ed-1.jpg","type":"image\/jpeg"}],"twitter_card":"summary_large_image","twitter_misc":{"Est. tempo de leitura":"1 minuto"},"schema":{"@context":"https:\/\/schema.org","@graph":[{"@type":"WebPage","@id":"https:\/\/ponteseditores.com.br\/loja3\/pontes-editores-home-2__trashed\/linguistica\/interpretacao-autoria-leitura-e-efeitos-do-trabalho-simbolico-5o-edicao\/","url":"https:\/\/ponteseditores.com.br\/loja3\/pontes-editores-home-2__trashed\/linguistica\/interpretacao-autoria-leitura-e-efeitos-do-trabalho-simbolico-5o-edicao\/","name":"Interpreta\u00e7\u00e3o: autoria, leitura e efeitos do trabalho simb\u00f3lico - 5\u00ba edi\u00e7\u00e3o - Pontes Editores","isPartOf":{"@id":"https:\/\/ponteseditores.com.br\/loja3\/#website"},"primaryImageOfPage":{"@id":"https:\/\/ponteseditores.com.br\/loja3\/pontes-editores-home-2__trashed\/linguistica\/interpretacao-autoria-leitura-e-efeitos-do-trabalho-simbolico-5o-edicao\/#primaryimage"},"image":{"@id":"https:\/\/ponteseditores.com.br\/loja3\/pontes-editores-home-2__trashed\/linguistica\/interpretacao-autoria-leitura-e-efeitos-do-trabalho-simbolico-5o-edicao\/#primaryimage"},"thumbnailUrl":"https:\/\/ponteseditores.com.br\/loja3\/wp-content\/uploads\/2023\/12\/Interpretacao-autoria-leitura-e-efeitos-do-trabalho-simbolico-5ed-1.jpg","datePublished":"2023-12-16T15:30:22+00:00","dateModified":"2026-02-16T10:15:52+00:00","breadcrumb":{"@id":"https:\/\/ponteseditores.com.br\/loja3\/pontes-editores-home-2__trashed\/linguistica\/interpretacao-autoria-leitura-e-efeitos-do-trabalho-simbolico-5o-edicao\/#breadcrumb"},"inLanguage":"pt-BR","potentialAction":[{"@type":"ReadAction","target":["https:\/\/ponteseditores.com.br\/loja3\/pontes-editores-home-2__trashed\/linguistica\/interpretacao-autoria-leitura-e-efeitos-do-trabalho-simbolico-5o-edicao\/"]}]},{"@type":"ImageObject","inLanguage":"pt-BR","@id":"https:\/\/ponteseditores.com.br\/loja3\/pontes-editores-home-2__trashed\/linguistica\/interpretacao-autoria-leitura-e-efeitos-do-trabalho-simbolico-5o-edicao\/#primaryimage","url":"https:\/\/ponteseditores.com.br\/loja3\/wp-content\/uploads\/2023\/12\/Interpretacao-autoria-leitura-e-efeitos-do-trabalho-simbolico-5ed-1.jpg","contentUrl":"https:\/\/ponteseditores.com.br\/loja3\/wp-content\/uploads\/2023\/12\/Interpretacao-autoria-leitura-e-efeitos-do-trabalho-simbolico-5ed-1.jpg","width":1654,"height":2480},{"@type":"BreadcrumbList","@id":"https:\/\/ponteseditores.com.br\/loja3\/pontes-editores-home-2__trashed\/linguistica\/interpretacao-autoria-leitura-e-efeitos-do-trabalho-simbolico-5o-edicao\/#breadcrumb","itemListElement":[{"@type":"ListItem","position":1,"name":"Home","item":"https:\/\/ponteseditores.com.br\/loja3\/"},{"@type":"ListItem","position":2,"name":"loja","item":"https:\/\/ponteseditores.com.br\/loja3\/loja\/"},{"@type":"ListItem","position":3,"name":"Interpreta\u00e7\u00e3o: autoria, leitura e efeitos do trabalho simb\u00f3lico &#8211; 5\u00ba edi\u00e7\u00e3o"}]},{"@type":"WebSite","@id":"https:\/\/ponteseditores.com.br\/loja3\/#website","url":"https:\/\/ponteseditores.com.br\/loja3\/","name":"Pontes Editores","description":"Pontes Editores","publisher":{"@id":"https:\/\/ponteseditores.com.br\/loja3\/#organization"},"potentialAction":[{"@type":"SearchAction","target":{"@type":"EntryPoint","urlTemplate":"https:\/\/ponteseditores.com.br\/loja3\/?s={search_term_string}"},"query-input":{"@type":"PropertyValueSpecification","valueRequired":true,"valueName":"search_term_string"}}],"inLanguage":"pt-BR"},{"@type":"Organization","@id":"https:\/\/ponteseditores.com.br\/loja3\/#organization","name":"Pontes Editores","url":"https:\/\/ponteseditores.com.br\/loja3\/","logo":{"@type":"ImageObject","inLanguage":"pt-BR","@id":"https:\/\/ponteseditores.com.br\/loja3\/#\/schema\/logo\/image\/","url":"https:\/\/ponteseditores.com.br\/loja3\/wp-content\/uploads\/2023\/12\/logo-pontes-editores-v2.png","contentUrl":"https:\/\/ponteseditores.com.br\/loja3\/wp-content\/uploads\/2023\/12\/logo-pontes-editores-v2.png","width":258,"height":100,"caption":"Pontes Editores"},"image":{"@id":"https:\/\/ponteseditores.com.br\/loja3\/#\/schema\/logo\/image\/"}}]}},"_links":{"self":[{"href":"https:\/\/ponteseditores.com.br\/loja3\/wp-json\/wp\/v2\/product\/8659","targetHints":{"allow":["GET"]}}],"collection":[{"href":"https:\/\/ponteseditores.com.br\/loja3\/wp-json\/wp\/v2\/product"}],"about":[{"href":"https:\/\/ponteseditores.com.br\/loja3\/wp-json\/wp\/v2\/types\/product"}],"replies":[{"embeddable":true,"href":"https:\/\/ponteseditores.com.br\/loja3\/wp-json\/wp\/v2\/comments?post=8659"}],"version-history":[{"count":0,"href":"https:\/\/ponteseditores.com.br\/loja3\/wp-json\/wp\/v2\/product\/8659\/revisions"}],"wp:featuredmedia":[{"embeddable":true,"href":"https:\/\/ponteseditores.com.br\/loja3\/wp-json\/wp\/v2\/media\/8658"}],"wp:attachment":[{"href":"https:\/\/ponteseditores.com.br\/loja3\/wp-json\/wp\/v2\/media?parent=8659"}],"wp:term":[{"taxonomy":"product_brand","embeddable":true,"href":"https:\/\/ponteseditores.com.br\/loja3\/wp-json\/wp\/v2\/product_brand?post=8659"},{"taxonomy":"product_cat","embeddable":true,"href":"https:\/\/ponteseditores.com.br\/loja3\/wp-json\/wp\/v2\/product_cat?post=8659"},{"taxonomy":"product_tag","embeddable":true,"href":"https:\/\/ponteseditores.com.br\/loja3\/wp-json\/wp\/v2\/product_tag?post=8659"}],"curies":[{"name":"wp","href":"https:\/\/api.w.org\/{rel}","templated":true}]}}