{"id":8653,"date":"2023-12-16T11:53:40","date_gmt":"2023-12-16T14:53:40","guid":{"rendered":"https:\/\/ponteseditores.com.br\/loja3\/pontes-editores-home-2__trashed\/sem categoria\/memorias-da-educacao-fisica-na-escola-cartas-de-professoras\/"},"modified":"2023-12-16T11:53:40","modified_gmt":"2023-12-16T14:53:40","slug":"memorias-da-educacao-fisica-na-escola-cartas-de-professoras","status":"publish","type":"product","link":"https:\/\/ponteseditores.com.br\/loja3\/pontes-editores-home-2__trashed\/uncategorized\/memorias-da-educacao-fisica-na-escola-cartas-de-professoras\/","title":{"rendered":"Mem\u00f3rias da Educa\u00e7\u00e3o F\u00edsica na Escola: Cartas de Professoras"},"content":{"rendered":"<p>Quais s\u00e3o as suas mem\u00f3rias da educa\u00e7\u00e3o f\u00edsica na escola? Neste livro, aventurei-me numa escrita narrativa pautada no g\u00eanero carta para dialogar com as cartas sobre mem\u00f3rias da educa\u00e7\u00e3o f\u00edsica escolar escritas por professoras que foram alunas do Proesf \u2013 um curso de Pedagogia da Faculdade de Educa\u00e7\u00e3o da Unicamp. As cartas das alunas-professoras do Proesf contam hist\u00f3rias de cada uma delas com a educa\u00e7\u00e3o f\u00edsica na escola, al\u00e9m das muitas outras experi\u00eancias que as atravessam e habitam. Cartas que narram hist\u00f3rias de mulheres comuns \u2013 como eu, como voc\u00eas \u2013, que ora se aproximam, ora se distanciam, todas elas num movimento complexo de rememora\u00e7\u00e3o que \u00e9 incessantemente atravessado pelos afetos que constitu\u00edram suas experi\u00eancias com a educa\u00e7\u00e3o do corpo na escola e, por que n\u00e3o dizer, com a escola na educa\u00e7\u00e3o do corpo. Cartas que permitem \u00e0s alunas-professoras darem formas a si mesmas e que nos conduzem ao que essas formas do corpo narram&#8230; Os enunciados presentes nas cartas circulam sentidos que se enredam na \u201ccadeia da comunica\u00e7\u00e3o discursiva\u201d, como nos ensina Mikhail Bakhtin. Sentidos esses que tento apreender nos durantes do processo investigativo, deixando-me impregnar por eles enquanto almejo entrar em di\u00e1logo com as suas hist\u00f3rias e experi\u00eancias. Nesse processo, vou deparando-me com acontecimentos, emo\u00e7\u00f5es, sentimentos, saberes, reflex\u00f5es e, nesse encontro, vou tecendo fios, ligando experi\u00eancias que s\u00e3o ao mesmo tempo pessoais e coletivas, singulares e plurais. Convido-as(os) a adentrar nessa \u201ccadeia\u201d, n\u00e3o para nos encarcerarmos, mas para compartilharmos e produzirmos sentidos outros nessa potente interlocu\u00e7\u00e3o que, inspirada em Paulo Freire, se pretende amorosa e \u00e9tica.<\/p>\n","protected":false},"excerpt":{"rendered":"<p>Quais s\u00e3o as suas mem\u00f3rias da educa\u00e7\u00e3o f\u00edsica na escola? Neste livro, aventurei-me numa escrita narrativa pautada no g\u00eanero carta para dialogar com as cartas sobre mem\u00f3rias da educa\u00e7\u00e3o f\u00edsica escolar escritas por professoras que foram alunas do Proesf \u2013 um curso de Pedagogia da Faculdade de Educa\u00e7\u00e3o da Unicamp. As cartas das alunas-professoras do [&hellip;]<\/p>\n","protected":false},"featured_media":8652,"comment_status":"open","ping_status":"closed","template":"","meta":{"_joinchat":[]},"product_brand":[],"product_cat":[15],"product_tag":[],"class_list":{"0":"post-8653","1":"product","2":"type-product","3":"status-publish","4":"has-post-thumbnail","6":"product_cat-uncategorized","8":"first","9":"instock","10":"shipping-taxable","11":"purchasable","12":"product-type-simple"},"yoast_head":"<!-- This site is optimized with the Yoast SEO plugin v27.4 - https:\/\/yoast.com\/product\/yoast-seo-wordpress\/ -->\n<title>Mem\u00f3rias da Educa\u00e7\u00e3o F\u00edsica na Escola: Cartas de Professoras - Pontes Editores<\/title>\n<meta name=\"robots\" content=\"index, follow, max-snippet:-1, max-image-preview:large, max-video-preview:-1\" \/>\n<link rel=\"canonical\" href=\"https:\/\/ponteseditores.com.br\/loja3\/pontes-editores-home-2__trashed\/uncategorized\/memorias-da-educacao-fisica-na-escola-cartas-de-professoras\/\" \/>\n<meta property=\"og:locale\" content=\"pt_BR\" \/>\n<meta property=\"og:type\" content=\"article\" \/>\n<meta property=\"og:title\" content=\"Mem\u00f3rias da Educa\u00e7\u00e3o F\u00edsica na Escola: Cartas de Professoras - Pontes Editores\" \/>\n<meta property=\"og:description\" content=\"Quais s\u00e3o as suas mem\u00f3rias da educa\u00e7\u00e3o f\u00edsica na escola? Neste livro, aventurei-me numa escrita narrativa pautada no g\u00eanero carta para dialogar com as cartas sobre mem\u00f3rias da educa\u00e7\u00e3o f\u00edsica escolar escritas por professoras que foram alunas do Proesf \u2013 um curso de Pedagogia da Faculdade de Educa\u00e7\u00e3o da Unicamp. As cartas das alunas-professoras do [&hellip;]\" \/>\n<meta property=\"og:url\" content=\"https:\/\/ponteseditores.com.br\/loja3\/pontes-editores-home-2__trashed\/uncategorized\/memorias-da-educacao-fisica-na-escola-cartas-de-professoras\/\" \/>\n<meta property=\"og:site_name\" content=\"Pontes Editores\" \/>\n<meta property=\"og:image\" content=\"https:\/\/ponteseditores.com.br\/loja3\/wp-content\/uploads\/2023\/12\/Capa_mem-1.jpg\" \/>\n\t<meta property=\"og:image:width\" content=\"454\" \/>\n\t<meta property=\"og:image:height\" content=\"652\" \/>\n\t<meta property=\"og:image:type\" content=\"image\/jpeg\" \/>\n<meta name=\"twitter:card\" content=\"summary_large_image\" \/>\n<meta name=\"twitter:label1\" content=\"Est. tempo de leitura\" \/>\n\t<meta name=\"twitter:data1\" content=\"1 minuto\" \/>\n<script type=\"application\/ld+json\" class=\"yoast-schema-graph\">{\"@context\":\"https:\\\/\\\/schema.org\",\"@graph\":[{\"@type\":\"WebPage\",\"@id\":\"https:\\\/\\\/ponteseditores.com.br\\\/loja3\\\/pontes-editores-home-2__trashed\\\/uncategorized\\\/memorias-da-educacao-fisica-na-escola-cartas-de-professoras\\\/\",\"url\":\"https:\\\/\\\/ponteseditores.com.br\\\/loja3\\\/pontes-editores-home-2__trashed\\\/uncategorized\\\/memorias-da-educacao-fisica-na-escola-cartas-de-professoras\\\/\",\"name\":\"Mem\u00f3rias da Educa\u00e7\u00e3o F\u00edsica na Escola: Cartas de Professoras - Pontes Editores\",\"isPartOf\":{\"@id\":\"https:\\\/\\\/ponteseditores.com.br\\\/loja3\\\/#website\"},\"primaryImageOfPage\":{\"@id\":\"https:\\\/\\\/ponteseditores.com.br\\\/loja3\\\/pontes-editores-home-2__trashed\\\/uncategorized\\\/memorias-da-educacao-fisica-na-escola-cartas-de-professoras\\\/#primaryimage\"},\"image\":{\"@id\":\"https:\\\/\\\/ponteseditores.com.br\\\/loja3\\\/pontes-editores-home-2__trashed\\\/uncategorized\\\/memorias-da-educacao-fisica-na-escola-cartas-de-professoras\\\/#primaryimage\"},\"thumbnailUrl\":\"https:\\\/\\\/ponteseditores.com.br\\\/loja3\\\/wp-content\\\/uploads\\\/2023\\\/12\\\/Capa_mem-1.jpg\",\"datePublished\":\"2023-12-16T14:53:40+00:00\",\"breadcrumb\":{\"@id\":\"https:\\\/\\\/ponteseditores.com.br\\\/loja3\\\/pontes-editores-home-2__trashed\\\/uncategorized\\\/memorias-da-educacao-fisica-na-escola-cartas-de-professoras\\\/#breadcrumb\"},\"inLanguage\":\"pt-BR\",\"potentialAction\":[{\"@type\":\"ReadAction\",\"target\":[\"https:\\\/\\\/ponteseditores.com.br\\\/loja3\\\/pontes-editores-home-2__trashed\\\/uncategorized\\\/memorias-da-educacao-fisica-na-escola-cartas-de-professoras\\\/\"]}]},{\"@type\":\"ImageObject\",\"inLanguage\":\"pt-BR\",\"@id\":\"https:\\\/\\\/ponteseditores.com.br\\\/loja3\\\/pontes-editores-home-2__trashed\\\/uncategorized\\\/memorias-da-educacao-fisica-na-escola-cartas-de-professoras\\\/#primaryimage\",\"url\":\"https:\\\/\\\/ponteseditores.com.br\\\/loja3\\\/wp-content\\\/uploads\\\/2023\\\/12\\\/Capa_mem-1.jpg\",\"contentUrl\":\"https:\\\/\\\/ponteseditores.com.br\\\/loja3\\\/wp-content\\\/uploads\\\/2023\\\/12\\\/Capa_mem-1.jpg\",\"width\":454,\"height\":652},{\"@type\":\"BreadcrumbList\",\"@id\":\"https:\\\/\\\/ponteseditores.com.br\\\/loja3\\\/pontes-editores-home-2__trashed\\\/uncategorized\\\/memorias-da-educacao-fisica-na-escola-cartas-de-professoras\\\/#breadcrumb\",\"itemListElement\":[{\"@type\":\"ListItem\",\"position\":1,\"name\":\"Home\",\"item\":\"https:\\\/\\\/ponteseditores.com.br\\\/loja3\\\/\"},{\"@type\":\"ListItem\",\"position\":2,\"name\":\"loja\",\"item\":\"https:\\\/\\\/ponteseditores.com.br\\\/loja3\\\/loja\\\/\"},{\"@type\":\"ListItem\",\"position\":3,\"name\":\"Mem\u00f3rias da Educa\u00e7\u00e3o F\u00edsica na Escola: Cartas de Professoras\"}]},{\"@type\":\"WebSite\",\"@id\":\"https:\\\/\\\/ponteseditores.com.br\\\/loja3\\\/#website\",\"url\":\"https:\\\/\\\/ponteseditores.com.br\\\/loja3\\\/\",\"name\":\"Pontes Editores\",\"description\":\"Pontes Editores\",\"publisher\":{\"@id\":\"https:\\\/\\\/ponteseditores.com.br\\\/loja3\\\/#organization\"},\"potentialAction\":[{\"@type\":\"SearchAction\",\"target\":{\"@type\":\"EntryPoint\",\"urlTemplate\":\"https:\\\/\\\/ponteseditores.com.br\\\/loja3\\\/?s={search_term_string}\"},\"query-input\":{\"@type\":\"PropertyValueSpecification\",\"valueRequired\":true,\"valueName\":\"search_term_string\"}}],\"inLanguage\":\"pt-BR\"},{\"@type\":\"Organization\",\"@id\":\"https:\\\/\\\/ponteseditores.com.br\\\/loja3\\\/#organization\",\"name\":\"Pontes Editores\",\"url\":\"https:\\\/\\\/ponteseditores.com.br\\\/loja3\\\/\",\"logo\":{\"@type\":\"ImageObject\",\"inLanguage\":\"pt-BR\",\"@id\":\"https:\\\/\\\/ponteseditores.com.br\\\/loja3\\\/#\\\/schema\\\/logo\\\/image\\\/\",\"url\":\"https:\\\/\\\/ponteseditores.com.br\\\/loja3\\\/wp-content\\\/uploads\\\/2023\\\/12\\\/logo-pontes-editores-v2.png\",\"contentUrl\":\"https:\\\/\\\/ponteseditores.com.br\\\/loja3\\\/wp-content\\\/uploads\\\/2023\\\/12\\\/logo-pontes-editores-v2.png\",\"width\":258,\"height\":100,\"caption\":\"Pontes Editores\"},\"image\":{\"@id\":\"https:\\\/\\\/ponteseditores.com.br\\\/loja3\\\/#\\\/schema\\\/logo\\\/image\\\/\"}}]}<\/script>\n<!-- \/ Yoast SEO plugin. -->","yoast_head_json":{"title":"Mem\u00f3rias da Educa\u00e7\u00e3o F\u00edsica na Escola: Cartas de Professoras - Pontes Editores","robots":{"index":"index","follow":"follow","max-snippet":"max-snippet:-1","max-image-preview":"max-image-preview:large","max-video-preview":"max-video-preview:-1"},"canonical":"https:\/\/ponteseditores.com.br\/loja3\/pontes-editores-home-2__trashed\/uncategorized\/memorias-da-educacao-fisica-na-escola-cartas-de-professoras\/","og_locale":"pt_BR","og_type":"article","og_title":"Mem\u00f3rias da Educa\u00e7\u00e3o F\u00edsica na Escola: Cartas de Professoras - Pontes Editores","og_description":"Quais s\u00e3o as suas mem\u00f3rias da educa\u00e7\u00e3o f\u00edsica na escola? Neste livro, aventurei-me numa escrita narrativa pautada no g\u00eanero carta para dialogar com as cartas sobre mem\u00f3rias da educa\u00e7\u00e3o f\u00edsica escolar escritas por professoras que foram alunas do Proesf \u2013 um curso de Pedagogia da Faculdade de Educa\u00e7\u00e3o da Unicamp. As cartas das alunas-professoras do [&hellip;]","og_url":"https:\/\/ponteseditores.com.br\/loja3\/pontes-editores-home-2__trashed\/uncategorized\/memorias-da-educacao-fisica-na-escola-cartas-de-professoras\/","og_site_name":"Pontes Editores","og_image":[{"width":454,"height":652,"url":"https:\/\/ponteseditores.com.br\/loja3\/wp-content\/uploads\/2023\/12\/Capa_mem-1.jpg","type":"image\/jpeg"}],"twitter_card":"summary_large_image","twitter_misc":{"Est. tempo de leitura":"1 minuto"},"schema":{"@context":"https:\/\/schema.org","@graph":[{"@type":"WebPage","@id":"https:\/\/ponteseditores.com.br\/loja3\/pontes-editores-home-2__trashed\/uncategorized\/memorias-da-educacao-fisica-na-escola-cartas-de-professoras\/","url":"https:\/\/ponteseditores.com.br\/loja3\/pontes-editores-home-2__trashed\/uncategorized\/memorias-da-educacao-fisica-na-escola-cartas-de-professoras\/","name":"Mem\u00f3rias da Educa\u00e7\u00e3o F\u00edsica na Escola: Cartas de Professoras - Pontes Editores","isPartOf":{"@id":"https:\/\/ponteseditores.com.br\/loja3\/#website"},"primaryImageOfPage":{"@id":"https:\/\/ponteseditores.com.br\/loja3\/pontes-editores-home-2__trashed\/uncategorized\/memorias-da-educacao-fisica-na-escola-cartas-de-professoras\/#primaryimage"},"image":{"@id":"https:\/\/ponteseditores.com.br\/loja3\/pontes-editores-home-2__trashed\/uncategorized\/memorias-da-educacao-fisica-na-escola-cartas-de-professoras\/#primaryimage"},"thumbnailUrl":"https:\/\/ponteseditores.com.br\/loja3\/wp-content\/uploads\/2023\/12\/Capa_mem-1.jpg","datePublished":"2023-12-16T14:53:40+00:00","breadcrumb":{"@id":"https:\/\/ponteseditores.com.br\/loja3\/pontes-editores-home-2__trashed\/uncategorized\/memorias-da-educacao-fisica-na-escola-cartas-de-professoras\/#breadcrumb"},"inLanguage":"pt-BR","potentialAction":[{"@type":"ReadAction","target":["https:\/\/ponteseditores.com.br\/loja3\/pontes-editores-home-2__trashed\/uncategorized\/memorias-da-educacao-fisica-na-escola-cartas-de-professoras\/"]}]},{"@type":"ImageObject","inLanguage":"pt-BR","@id":"https:\/\/ponteseditores.com.br\/loja3\/pontes-editores-home-2__trashed\/uncategorized\/memorias-da-educacao-fisica-na-escola-cartas-de-professoras\/#primaryimage","url":"https:\/\/ponteseditores.com.br\/loja3\/wp-content\/uploads\/2023\/12\/Capa_mem-1.jpg","contentUrl":"https:\/\/ponteseditores.com.br\/loja3\/wp-content\/uploads\/2023\/12\/Capa_mem-1.jpg","width":454,"height":652},{"@type":"BreadcrumbList","@id":"https:\/\/ponteseditores.com.br\/loja3\/pontes-editores-home-2__trashed\/uncategorized\/memorias-da-educacao-fisica-na-escola-cartas-de-professoras\/#breadcrumb","itemListElement":[{"@type":"ListItem","position":1,"name":"Home","item":"https:\/\/ponteseditores.com.br\/loja3\/"},{"@type":"ListItem","position":2,"name":"loja","item":"https:\/\/ponteseditores.com.br\/loja3\/loja\/"},{"@type":"ListItem","position":3,"name":"Mem\u00f3rias da Educa\u00e7\u00e3o F\u00edsica na Escola: Cartas de Professoras"}]},{"@type":"WebSite","@id":"https:\/\/ponteseditores.com.br\/loja3\/#website","url":"https:\/\/ponteseditores.com.br\/loja3\/","name":"Pontes Editores","description":"Pontes Editores","publisher":{"@id":"https:\/\/ponteseditores.com.br\/loja3\/#organization"},"potentialAction":[{"@type":"SearchAction","target":{"@type":"EntryPoint","urlTemplate":"https:\/\/ponteseditores.com.br\/loja3\/?s={search_term_string}"},"query-input":{"@type":"PropertyValueSpecification","valueRequired":true,"valueName":"search_term_string"}}],"inLanguage":"pt-BR"},{"@type":"Organization","@id":"https:\/\/ponteseditores.com.br\/loja3\/#organization","name":"Pontes Editores","url":"https:\/\/ponteseditores.com.br\/loja3\/","logo":{"@type":"ImageObject","inLanguage":"pt-BR","@id":"https:\/\/ponteseditores.com.br\/loja3\/#\/schema\/logo\/image\/","url":"https:\/\/ponteseditores.com.br\/loja3\/wp-content\/uploads\/2023\/12\/logo-pontes-editores-v2.png","contentUrl":"https:\/\/ponteseditores.com.br\/loja3\/wp-content\/uploads\/2023\/12\/logo-pontes-editores-v2.png","width":258,"height":100,"caption":"Pontes Editores"},"image":{"@id":"https:\/\/ponteseditores.com.br\/loja3\/#\/schema\/logo\/image\/"}}]}},"_links":{"self":[{"href":"https:\/\/ponteseditores.com.br\/loja3\/wp-json\/wp\/v2\/product\/8653","targetHints":{"allow":["GET"]}}],"collection":[{"href":"https:\/\/ponteseditores.com.br\/loja3\/wp-json\/wp\/v2\/product"}],"about":[{"href":"https:\/\/ponteseditores.com.br\/loja3\/wp-json\/wp\/v2\/types\/product"}],"replies":[{"embeddable":true,"href":"https:\/\/ponteseditores.com.br\/loja3\/wp-json\/wp\/v2\/comments?post=8653"}],"version-history":[{"count":0,"href":"https:\/\/ponteseditores.com.br\/loja3\/wp-json\/wp\/v2\/product\/8653\/revisions"}],"wp:featuredmedia":[{"embeddable":true,"href":"https:\/\/ponteseditores.com.br\/loja3\/wp-json\/wp\/v2\/media\/8652"}],"wp:attachment":[{"href":"https:\/\/ponteseditores.com.br\/loja3\/wp-json\/wp\/v2\/media?parent=8653"}],"wp:term":[{"taxonomy":"product_brand","embeddable":true,"href":"https:\/\/ponteseditores.com.br\/loja3\/wp-json\/wp\/v2\/product_brand?post=8653"},{"taxonomy":"product_cat","embeddable":true,"href":"https:\/\/ponteseditores.com.br\/loja3\/wp-json\/wp\/v2\/product_cat?post=8653"},{"taxonomy":"product_tag","embeddable":true,"href":"https:\/\/ponteseditores.com.br\/loja3\/wp-json\/wp\/v2\/product_tag?post=8653"}],"curies":[{"name":"wp","href":"https:\/\/api.w.org\/{rel}","templated":true}]}}