{"id":8651,"date":"2023-12-16T11:53:38","date_gmt":"2023-12-16T14:53:38","guid":{"rendered":"https:\/\/ponteseditores.com.br\/loja3\/pontes-editores-home-2__trashed\/sem%20categoria\/representacoes-surdas-na-desconstrucao-de-praticas-ouvintistas-um-estudo-critico-discursivo\/"},"modified":"2024-03-25T12:06:43","modified_gmt":"2024-03-25T15:06:43","slug":"representacoes-surdas-na-desconstrucao-de-praticas-ouvintistas-um-estudo-critico-discursivo","status":"publish","type":"product","link":"https:\/\/ponteseditores.com.br\/loja3\/pontes-editores-home-2__trashed\/uncategorized\/representacoes-surdas-na-desconstrucao-de-praticas-ouvintistas-um-estudo-critico-discursivo\/","title":{"rendered":"Representa\u00e7\u00f5es surdas na desconstru\u00e7\u00e3o de pr\u00e1ticas ouvintistas: um estudo cr\u00edtico-discursivo"},"content":{"rendered":"<p>Ap\u00f3s v\u00e1rios meses de trabalho sistem\u00e1tico, foi sendo registrado o que de mais importante poderia ser incorporado ao que se tornou este livro, destinado a estudiosos e curiosos que tenham particular interesse nos estudos surdos, com os mais variados recortes, principalmente os hist\u00f3ricos e lingu\u00edsticos. Com respeito \u00e0 tem\u00e1tica que os autores discutem no texto, \u00e9 importante registrar que a cultura surda sofre influ\u00eancia de fatores sociais, 11 representa\u00e7\u00f5es surdas na desconstru\u00e7\u00e3o de pr\u00e1ticas ouvintistas: discutindo a forma\u00e7\u00e3o acad\u00eamica da licenciatura em letras libras podendo retratar com fidelidade a sociedade e sua mentalidade em determinado espa\u00e7o de tempo. Nesse sentido, o livro Representa\u00e7\u00f5es Surdas na Desconstru\u00e7\u00e3o de Pr\u00e1ticas Ouvintistas: Um estudo cr\u00edtico-discursivo provoca reflex\u00f5es no leitor desde o princ\u00edpio, quando afirma: \u201cConsiderando o Surdo como sujeito de diferencia\u00e7\u00e3o lingu\u00edstica, e n\u00e3o mais um sujeito desprovido de algo, que \u00e9 proposto pela rela\u00e7\u00e3o bin\u00e1ria entre ouvinte e Surdo, faz-se necess\u00e1ria uma discuss\u00e3o pol\u00edtica no que tange \u00e0 ideologia lingu\u00edstica e cultural\u201d.<\/p>\n<p>Nessa perspectiva, o livro de T\u00falio, Solange e Lucas deixa algumas li\u00e7\u00f5es a partir da constata\u00e7\u00e3o da sua validade. Assim, foi poss\u00edvel afirmar ao final da leitura, como marcam os autores no final do texto, \u201cque este trabalho contribua para mudan\u00e7as nas pr\u00e1ticas sociais acerca da \u201cdesouvintiza\u00e7\u00e3o\u201d dos Surdos mediada pelos mecanismos de emancipa\u00e7\u00e3o humana\u201d.<\/p>\n<p>Antonio Henrique Coutelo de Moraes<\/p>\n<p>Universidade Cat\u00f3lica de Pernambuco<\/p>\n","protected":false},"excerpt":{"rendered":"<p>Ap\u00f3s v\u00e1rios meses de trabalho sistem\u00e1tico, foi sendo registrado o que de mais importante poderia ser incorporado ao que se tornou este livro, destinado a estudiosos e curiosos que tenham particular interesse nos estudos surdos, com os mais variados recortes, principalmente os hist\u00f3ricos e lingu\u00edsticos. Com respeito \u00e0 tem\u00e1tica que os autores discutem no texto, [&hellip;]<\/p>\n","protected":false},"featured_media":8650,"comment_status":"open","ping_status":"closed","template":"","meta":{"_joinchat":[]},"product_brand":[],"product_cat":[15],"product_tag":[],"class_list":{"0":"post-8651","1":"product","2":"type-product","3":"status-publish","4":"has-post-thumbnail","6":"product_cat-uncategorized","8":"first","9":"outofstock","10":"shipping-taxable","11":"purchasable","12":"product-type-simple"},"yoast_head":"<!-- This site is optimized with the Yoast SEO plugin v27.4 - https:\/\/yoast.com\/product\/yoast-seo-wordpress\/ -->\n<title>Representa\u00e7\u00f5es surdas na desconstru\u00e7\u00e3o de pr\u00e1ticas ouvintistas: um estudo cr\u00edtico-discursivo - Pontes Editores<\/title>\n<meta name=\"robots\" content=\"index, follow, max-snippet:-1, max-image-preview:large, max-video-preview:-1\" \/>\n<link rel=\"canonical\" href=\"https:\/\/ponteseditores.com.br\/loja3\/pontes-editores-home-2__trashed\/uncategorized\/representacoes-surdas-na-desconstrucao-de-praticas-ouvintistas-um-estudo-critico-discursivo\/\" \/>\n<meta property=\"og:locale\" content=\"pt_BR\" \/>\n<meta property=\"og:type\" content=\"article\" \/>\n<meta property=\"og:title\" content=\"Representa\u00e7\u00f5es surdas na desconstru\u00e7\u00e3o de pr\u00e1ticas ouvintistas: um estudo cr\u00edtico-discursivo - Pontes Editores\" \/>\n<meta property=\"og:description\" content=\"Ap\u00f3s v\u00e1rios meses de trabalho sistem\u00e1tico, foi sendo registrado o que de mais importante poderia ser incorporado ao que se tornou este livro, destinado a estudiosos e curiosos que tenham particular interesse nos estudos surdos, com os mais variados recortes, principalmente os hist\u00f3ricos e lingu\u00edsticos. Com respeito \u00e0 tem\u00e1tica que os autores discutem no texto, [&hellip;]\" \/>\n<meta property=\"og:url\" content=\"https:\/\/ponteseditores.com.br\/loja3\/pontes-editores-home-2__trashed\/uncategorized\/representacoes-surdas-na-desconstrucao-de-praticas-ouvintistas-um-estudo-critico-discursivo\/\" \/>\n<meta property=\"og:site_name\" content=\"Pontes Editores\" \/>\n<meta property=\"article:modified_time\" content=\"2024-03-25T15:06:43+00:00\" \/>\n<meta property=\"og:image\" content=\"https:\/\/ponteseditores.com.br\/loja3\/wp-content\/uploads\/2023\/12\/CAPA20SOMENTE4.jpg\" \/>\n\t<meta property=\"og:image:width\" content=\"945\" \/>\n\t<meta property=\"og:image:height\" content=\"1358\" \/>\n\t<meta property=\"og:image:type\" content=\"image\/jpeg\" \/>\n<meta name=\"twitter:card\" content=\"summary_large_image\" \/>\n<meta name=\"twitter:label1\" content=\"Est. tempo de leitura\" \/>\n\t<meta name=\"twitter:data1\" content=\"1 minuto\" \/>\n<script type=\"application\/ld+json\" class=\"yoast-schema-graph\">{\"@context\":\"https:\\\/\\\/schema.org\",\"@graph\":[{\"@type\":\"WebPage\",\"@id\":\"https:\\\/\\\/ponteseditores.com.br\\\/loja3\\\/pontes-editores-home-2__trashed\\\/uncategorized\\\/representacoes-surdas-na-desconstrucao-de-praticas-ouvintistas-um-estudo-critico-discursivo\\\/\",\"url\":\"https:\\\/\\\/ponteseditores.com.br\\\/loja3\\\/pontes-editores-home-2__trashed\\\/uncategorized\\\/representacoes-surdas-na-desconstrucao-de-praticas-ouvintistas-um-estudo-critico-discursivo\\\/\",\"name\":\"Representa\u00e7\u00f5es surdas na desconstru\u00e7\u00e3o de pr\u00e1ticas ouvintistas: um estudo cr\u00edtico-discursivo - Pontes Editores\",\"isPartOf\":{\"@id\":\"https:\\\/\\\/ponteseditores.com.br\\\/loja3\\\/#website\"},\"primaryImageOfPage\":{\"@id\":\"https:\\\/\\\/ponteseditores.com.br\\\/loja3\\\/pontes-editores-home-2__trashed\\\/uncategorized\\\/representacoes-surdas-na-desconstrucao-de-praticas-ouvintistas-um-estudo-critico-discursivo\\\/#primaryimage\"},\"image\":{\"@id\":\"https:\\\/\\\/ponteseditores.com.br\\\/loja3\\\/pontes-editores-home-2__trashed\\\/uncategorized\\\/representacoes-surdas-na-desconstrucao-de-praticas-ouvintistas-um-estudo-critico-discursivo\\\/#primaryimage\"},\"thumbnailUrl\":\"https:\\\/\\\/ponteseditores.com.br\\\/loja3\\\/wp-content\\\/uploads\\\/2023\\\/12\\\/CAPA20SOMENTE4.jpg\",\"datePublished\":\"2023-12-16T14:53:38+00:00\",\"dateModified\":\"2024-03-25T15:06:43+00:00\",\"breadcrumb\":{\"@id\":\"https:\\\/\\\/ponteseditores.com.br\\\/loja3\\\/pontes-editores-home-2__trashed\\\/uncategorized\\\/representacoes-surdas-na-desconstrucao-de-praticas-ouvintistas-um-estudo-critico-discursivo\\\/#breadcrumb\"},\"inLanguage\":\"pt-BR\",\"potentialAction\":[{\"@type\":\"ReadAction\",\"target\":[\"https:\\\/\\\/ponteseditores.com.br\\\/loja3\\\/pontes-editores-home-2__trashed\\\/uncategorized\\\/representacoes-surdas-na-desconstrucao-de-praticas-ouvintistas-um-estudo-critico-discursivo\\\/\"]}]},{\"@type\":\"ImageObject\",\"inLanguage\":\"pt-BR\",\"@id\":\"https:\\\/\\\/ponteseditores.com.br\\\/loja3\\\/pontes-editores-home-2__trashed\\\/uncategorized\\\/representacoes-surdas-na-desconstrucao-de-praticas-ouvintistas-um-estudo-critico-discursivo\\\/#primaryimage\",\"url\":\"https:\\\/\\\/ponteseditores.com.br\\\/loja3\\\/wp-content\\\/uploads\\\/2023\\\/12\\\/CAPA20SOMENTE4.jpg\",\"contentUrl\":\"https:\\\/\\\/ponteseditores.com.br\\\/loja3\\\/wp-content\\\/uploads\\\/2023\\\/12\\\/CAPA20SOMENTE4.jpg\",\"width\":945,\"height\":1358},{\"@type\":\"BreadcrumbList\",\"@id\":\"https:\\\/\\\/ponteseditores.com.br\\\/loja3\\\/pontes-editores-home-2__trashed\\\/uncategorized\\\/representacoes-surdas-na-desconstrucao-de-praticas-ouvintistas-um-estudo-critico-discursivo\\\/#breadcrumb\",\"itemListElement\":[{\"@type\":\"ListItem\",\"position\":1,\"name\":\"Home\",\"item\":\"https:\\\/\\\/ponteseditores.com.br\\\/loja3\\\/\"},{\"@type\":\"ListItem\",\"position\":2,\"name\":\"loja\",\"item\":\"https:\\\/\\\/ponteseditores.com.br\\\/loja3\\\/loja\\\/\"},{\"@type\":\"ListItem\",\"position\":3,\"name\":\"Representa\u00e7\u00f5es surdas na desconstru\u00e7\u00e3o de pr\u00e1ticas ouvintistas: um estudo cr\u00edtico-discursivo\"}]},{\"@type\":\"WebSite\",\"@id\":\"https:\\\/\\\/ponteseditores.com.br\\\/loja3\\\/#website\",\"url\":\"https:\\\/\\\/ponteseditores.com.br\\\/loja3\\\/\",\"name\":\"Pontes Editores\",\"description\":\"Pontes Editores\",\"publisher\":{\"@id\":\"https:\\\/\\\/ponteseditores.com.br\\\/loja3\\\/#organization\"},\"potentialAction\":[{\"@type\":\"SearchAction\",\"target\":{\"@type\":\"EntryPoint\",\"urlTemplate\":\"https:\\\/\\\/ponteseditores.com.br\\\/loja3\\\/?s={search_term_string}\"},\"query-input\":{\"@type\":\"PropertyValueSpecification\",\"valueRequired\":true,\"valueName\":\"search_term_string\"}}],\"inLanguage\":\"pt-BR\"},{\"@type\":\"Organization\",\"@id\":\"https:\\\/\\\/ponteseditores.com.br\\\/loja3\\\/#organization\",\"name\":\"Pontes Editores\",\"url\":\"https:\\\/\\\/ponteseditores.com.br\\\/loja3\\\/\",\"logo\":{\"@type\":\"ImageObject\",\"inLanguage\":\"pt-BR\",\"@id\":\"https:\\\/\\\/ponteseditores.com.br\\\/loja3\\\/#\\\/schema\\\/logo\\\/image\\\/\",\"url\":\"https:\\\/\\\/ponteseditores.com.br\\\/loja3\\\/wp-content\\\/uploads\\\/2023\\\/12\\\/logo-pontes-editores-v2.png\",\"contentUrl\":\"https:\\\/\\\/ponteseditores.com.br\\\/loja3\\\/wp-content\\\/uploads\\\/2023\\\/12\\\/logo-pontes-editores-v2.png\",\"width\":258,\"height\":100,\"caption\":\"Pontes Editores\"},\"image\":{\"@id\":\"https:\\\/\\\/ponteseditores.com.br\\\/loja3\\\/#\\\/schema\\\/logo\\\/image\\\/\"}}]}<\/script>\n<!-- \/ Yoast SEO plugin. -->","yoast_head_json":{"title":"Representa\u00e7\u00f5es surdas na desconstru\u00e7\u00e3o de pr\u00e1ticas ouvintistas: um estudo cr\u00edtico-discursivo - Pontes Editores","robots":{"index":"index","follow":"follow","max-snippet":"max-snippet:-1","max-image-preview":"max-image-preview:large","max-video-preview":"max-video-preview:-1"},"canonical":"https:\/\/ponteseditores.com.br\/loja3\/pontes-editores-home-2__trashed\/uncategorized\/representacoes-surdas-na-desconstrucao-de-praticas-ouvintistas-um-estudo-critico-discursivo\/","og_locale":"pt_BR","og_type":"article","og_title":"Representa\u00e7\u00f5es surdas na desconstru\u00e7\u00e3o de pr\u00e1ticas ouvintistas: um estudo cr\u00edtico-discursivo - Pontes Editores","og_description":"Ap\u00f3s v\u00e1rios meses de trabalho sistem\u00e1tico, foi sendo registrado o que de mais importante poderia ser incorporado ao que se tornou este livro, destinado a estudiosos e curiosos que tenham particular interesse nos estudos surdos, com os mais variados recortes, principalmente os hist\u00f3ricos e lingu\u00edsticos. Com respeito \u00e0 tem\u00e1tica que os autores discutem no texto, [&hellip;]","og_url":"https:\/\/ponteseditores.com.br\/loja3\/pontes-editores-home-2__trashed\/uncategorized\/representacoes-surdas-na-desconstrucao-de-praticas-ouvintistas-um-estudo-critico-discursivo\/","og_site_name":"Pontes Editores","article_modified_time":"2024-03-25T15:06:43+00:00","og_image":[{"width":945,"height":1358,"url":"https:\/\/ponteseditores.com.br\/loja3\/wp-content\/uploads\/2023\/12\/CAPA20SOMENTE4.jpg","type":"image\/jpeg"}],"twitter_card":"summary_large_image","twitter_misc":{"Est. tempo de leitura":"1 minuto"},"schema":{"@context":"https:\/\/schema.org","@graph":[{"@type":"WebPage","@id":"https:\/\/ponteseditores.com.br\/loja3\/pontes-editores-home-2__trashed\/uncategorized\/representacoes-surdas-na-desconstrucao-de-praticas-ouvintistas-um-estudo-critico-discursivo\/","url":"https:\/\/ponteseditores.com.br\/loja3\/pontes-editores-home-2__trashed\/uncategorized\/representacoes-surdas-na-desconstrucao-de-praticas-ouvintistas-um-estudo-critico-discursivo\/","name":"Representa\u00e7\u00f5es surdas na desconstru\u00e7\u00e3o de pr\u00e1ticas ouvintistas: um estudo cr\u00edtico-discursivo - Pontes Editores","isPartOf":{"@id":"https:\/\/ponteseditores.com.br\/loja3\/#website"},"primaryImageOfPage":{"@id":"https:\/\/ponteseditores.com.br\/loja3\/pontes-editores-home-2__trashed\/uncategorized\/representacoes-surdas-na-desconstrucao-de-praticas-ouvintistas-um-estudo-critico-discursivo\/#primaryimage"},"image":{"@id":"https:\/\/ponteseditores.com.br\/loja3\/pontes-editores-home-2__trashed\/uncategorized\/representacoes-surdas-na-desconstrucao-de-praticas-ouvintistas-um-estudo-critico-discursivo\/#primaryimage"},"thumbnailUrl":"https:\/\/ponteseditores.com.br\/loja3\/wp-content\/uploads\/2023\/12\/CAPA20SOMENTE4.jpg","datePublished":"2023-12-16T14:53:38+00:00","dateModified":"2024-03-25T15:06:43+00:00","breadcrumb":{"@id":"https:\/\/ponteseditores.com.br\/loja3\/pontes-editores-home-2__trashed\/uncategorized\/representacoes-surdas-na-desconstrucao-de-praticas-ouvintistas-um-estudo-critico-discursivo\/#breadcrumb"},"inLanguage":"pt-BR","potentialAction":[{"@type":"ReadAction","target":["https:\/\/ponteseditores.com.br\/loja3\/pontes-editores-home-2__trashed\/uncategorized\/representacoes-surdas-na-desconstrucao-de-praticas-ouvintistas-um-estudo-critico-discursivo\/"]}]},{"@type":"ImageObject","inLanguage":"pt-BR","@id":"https:\/\/ponteseditores.com.br\/loja3\/pontes-editores-home-2__trashed\/uncategorized\/representacoes-surdas-na-desconstrucao-de-praticas-ouvintistas-um-estudo-critico-discursivo\/#primaryimage","url":"https:\/\/ponteseditores.com.br\/loja3\/wp-content\/uploads\/2023\/12\/CAPA20SOMENTE4.jpg","contentUrl":"https:\/\/ponteseditores.com.br\/loja3\/wp-content\/uploads\/2023\/12\/CAPA20SOMENTE4.jpg","width":945,"height":1358},{"@type":"BreadcrumbList","@id":"https:\/\/ponteseditores.com.br\/loja3\/pontes-editores-home-2__trashed\/uncategorized\/representacoes-surdas-na-desconstrucao-de-praticas-ouvintistas-um-estudo-critico-discursivo\/#breadcrumb","itemListElement":[{"@type":"ListItem","position":1,"name":"Home","item":"https:\/\/ponteseditores.com.br\/loja3\/"},{"@type":"ListItem","position":2,"name":"loja","item":"https:\/\/ponteseditores.com.br\/loja3\/loja\/"},{"@type":"ListItem","position":3,"name":"Representa\u00e7\u00f5es surdas na desconstru\u00e7\u00e3o de pr\u00e1ticas ouvintistas: um estudo cr\u00edtico-discursivo"}]},{"@type":"WebSite","@id":"https:\/\/ponteseditores.com.br\/loja3\/#website","url":"https:\/\/ponteseditores.com.br\/loja3\/","name":"Pontes Editores","description":"Pontes Editores","publisher":{"@id":"https:\/\/ponteseditores.com.br\/loja3\/#organization"},"potentialAction":[{"@type":"SearchAction","target":{"@type":"EntryPoint","urlTemplate":"https:\/\/ponteseditores.com.br\/loja3\/?s={search_term_string}"},"query-input":{"@type":"PropertyValueSpecification","valueRequired":true,"valueName":"search_term_string"}}],"inLanguage":"pt-BR"},{"@type":"Organization","@id":"https:\/\/ponteseditores.com.br\/loja3\/#organization","name":"Pontes Editores","url":"https:\/\/ponteseditores.com.br\/loja3\/","logo":{"@type":"ImageObject","inLanguage":"pt-BR","@id":"https:\/\/ponteseditores.com.br\/loja3\/#\/schema\/logo\/image\/","url":"https:\/\/ponteseditores.com.br\/loja3\/wp-content\/uploads\/2023\/12\/logo-pontes-editores-v2.png","contentUrl":"https:\/\/ponteseditores.com.br\/loja3\/wp-content\/uploads\/2023\/12\/logo-pontes-editores-v2.png","width":258,"height":100,"caption":"Pontes Editores"},"image":{"@id":"https:\/\/ponteseditores.com.br\/loja3\/#\/schema\/logo\/image\/"}}]}},"_links":{"self":[{"href":"https:\/\/ponteseditores.com.br\/loja3\/wp-json\/wp\/v2\/product\/8651","targetHints":{"allow":["GET"]}}],"collection":[{"href":"https:\/\/ponteseditores.com.br\/loja3\/wp-json\/wp\/v2\/product"}],"about":[{"href":"https:\/\/ponteseditores.com.br\/loja3\/wp-json\/wp\/v2\/types\/product"}],"replies":[{"embeddable":true,"href":"https:\/\/ponteseditores.com.br\/loja3\/wp-json\/wp\/v2\/comments?post=8651"}],"version-history":[{"count":0,"href":"https:\/\/ponteseditores.com.br\/loja3\/wp-json\/wp\/v2\/product\/8651\/revisions"}],"wp:featuredmedia":[{"embeddable":true,"href":"https:\/\/ponteseditores.com.br\/loja3\/wp-json\/wp\/v2\/media\/8650"}],"wp:attachment":[{"href":"https:\/\/ponteseditores.com.br\/loja3\/wp-json\/wp\/v2\/media?parent=8651"}],"wp:term":[{"taxonomy":"product_brand","embeddable":true,"href":"https:\/\/ponteseditores.com.br\/loja3\/wp-json\/wp\/v2\/product_brand?post=8651"},{"taxonomy":"product_cat","embeddable":true,"href":"https:\/\/ponteseditores.com.br\/loja3\/wp-json\/wp\/v2\/product_cat?post=8651"},{"taxonomy":"product_tag","embeddable":true,"href":"https:\/\/ponteseditores.com.br\/loja3\/wp-json\/wp\/v2\/product_tag?post=8651"}],"curies":[{"name":"wp","href":"https:\/\/api.w.org\/{rel}","templated":true}]}}