{"id":8649,"date":"2023-12-16T11:53:36","date_gmt":"2023-12-16T14:53:36","guid":{"rendered":"https:\/\/ponteseditores.com.br\/loja3\/pontes-editores-home-2__trashed\/sem%20categoria\/tecnologia-formacao-docente-e-ensino-de-linguas-em-dialogo\/"},"modified":"2024-03-25T12:09:34","modified_gmt":"2024-03-25T15:09:34","slug":"tecnologia-formacao-docente-e-ensino-de-linguas-em-dialogo","status":"publish","type":"product","link":"https:\/\/ponteseditores.com.br\/loja3\/pontes-editores-home-2__trashed\/uncategorized\/tecnologia-formacao-docente-e-ensino-de-linguas-em-dialogo\/","title":{"rendered":"TECNOLOGIA, FORMA\u00c7\u00c3O DOCENTE E ENSINO DE L\u00cdNGUAS EM DI\u00c1LOGO"},"content":{"rendered":"<p>As inova\u00e7\u00f5es tecnol\u00f3gicas nos desafiam constantemente para aprendermos mais sobre suas aplicabilidades no ensino, na aprendizagem e, sobretudo, na forma\u00e7\u00e3o de docentes fluentes e abertos para a integra\u00e7\u00e3o com conte\u00fados e metodologias de suas \u00e1reas de conhecimento. Muitas s\u00e3o as quest\u00f5es que essas converg\u00eancias provocam. No caso espec\u00edfico do ensino de l\u00ednguas estrangeiras, as condi\u00e7\u00f5es ub\u00edquas, pervasivas e imersivas dos dispositivos on-line podem nos desafiar a pensar em condi\u00e7\u00f5es de integra\u00e7\u00e3o internacional, com trocas comunicativas entre falantes localizados em diferentes pa\u00edses e in\u00fameras formas de ensino visando ao dom\u00ednio pleno de outros idiomas. As m\u00eddias interativas e os dispositivos das mais novas gera\u00e7\u00f5es digitais s\u00e3o solu\u00e7\u00f5es t\u00e9cnicas que mobilizam nossas pr\u00e1ticas e metodologias em m\u00faltiplas dire\u00e7\u00f5es e que podem contribuir para uma forma\u00e7\u00e3o lingu\u00edstica e docente de qualidade.<\/p>\n<p>Vani Moreira Kenski<\/p>\n","protected":false},"excerpt":{"rendered":"<p>As inova\u00e7\u00f5es tecnol\u00f3gicas nos desafiam constantemente para aprendermos mais sobre suas aplicabilidades no ensino, na aprendizagem e, sobretudo, na forma\u00e7\u00e3o de docentes fluentes e abertos para a integra\u00e7\u00e3o com conte\u00fados e metodologias de suas \u00e1reas de conhecimento. Muitas s\u00e3o as quest\u00f5es que essas converg\u00eancias provocam. No caso espec\u00edfico do ensino de l\u00ednguas estrangeiras, as condi\u00e7\u00f5es [&hellip;]<\/p>\n","protected":false},"featured_media":8648,"comment_status":"open","ping_status":"closed","template":"","meta":{"_joinchat":[]},"product_brand":[],"product_cat":[15],"product_tag":[],"class_list":{"0":"post-8649","1":"product","2":"type-product","3":"status-publish","4":"has-post-thumbnail","6":"product_cat-uncategorized","8":"first","9":"outofstock","10":"shipping-taxable","11":"purchasable","12":"product-type-simple"},"yoast_head":"<!-- This site is optimized with the Yoast SEO plugin v27.4 - https:\/\/yoast.com\/product\/yoast-seo-wordpress\/ -->\n<title>TECNOLOGIA, FORMA\u00c7\u00c3O DOCENTE E ENSINO DE L\u00cdNGUAS EM DI\u00c1LOGO - Pontes Editores<\/title>\n<meta name=\"robots\" content=\"index, follow, max-snippet:-1, max-image-preview:large, max-video-preview:-1\" \/>\n<link rel=\"canonical\" href=\"https:\/\/ponteseditores.com.br\/loja3\/pontes-editores-home-2__trashed\/uncategorized\/tecnologia-formacao-docente-e-ensino-de-linguas-em-dialogo\/\" \/>\n<meta property=\"og:locale\" content=\"pt_BR\" \/>\n<meta property=\"og:type\" content=\"article\" \/>\n<meta property=\"og:title\" content=\"TECNOLOGIA, FORMA\u00c7\u00c3O DOCENTE E ENSINO DE L\u00cdNGUAS EM DI\u00c1LOGO - Pontes Editores\" \/>\n<meta property=\"og:description\" content=\"As inova\u00e7\u00f5es tecnol\u00f3gicas nos desafiam constantemente para aprendermos mais sobre suas aplicabilidades no ensino, na aprendizagem e, sobretudo, na forma\u00e7\u00e3o de docentes fluentes e abertos para a integra\u00e7\u00e3o com conte\u00fados e metodologias de suas \u00e1reas de conhecimento. Muitas s\u00e3o as quest\u00f5es que essas converg\u00eancias provocam. No caso espec\u00edfico do ensino de l\u00ednguas estrangeiras, as condi\u00e7\u00f5es [&hellip;]\" \/>\n<meta property=\"og:url\" content=\"https:\/\/ponteseditores.com.br\/loja3\/pontes-editores-home-2__trashed\/uncategorized\/tecnologia-formacao-docente-e-ensino-de-linguas-em-dialogo\/\" \/>\n<meta property=\"og:site_name\" content=\"Pontes Editores\" \/>\n<meta property=\"article:modified_time\" content=\"2024-03-25T15:09:34+00:00\" \/>\n<meta property=\"og:image\" content=\"https:\/\/ponteseditores.com.br\/loja3\/wp-content\/uploads\/2023\/12\/CAPA20TECNOLOGIA.jpg\" \/>\n\t<meta property=\"og:image:width\" content=\"900\" \/>\n\t<meta property=\"og:image:height\" content=\"1371\" \/>\n\t<meta property=\"og:image:type\" content=\"image\/jpeg\" \/>\n<meta name=\"twitter:card\" content=\"summary_large_image\" \/>\n<meta name=\"twitter:label1\" content=\"Est. tempo de leitura\" \/>\n\t<meta name=\"twitter:data1\" content=\"1 minuto\" \/>\n<script type=\"application\/ld+json\" class=\"yoast-schema-graph\">{\"@context\":\"https:\\\/\\\/schema.org\",\"@graph\":[{\"@type\":\"WebPage\",\"@id\":\"https:\\\/\\\/ponteseditores.com.br\\\/loja3\\\/pontes-editores-home-2__trashed\\\/uncategorized\\\/tecnologia-formacao-docente-e-ensino-de-linguas-em-dialogo\\\/\",\"url\":\"https:\\\/\\\/ponteseditores.com.br\\\/loja3\\\/pontes-editores-home-2__trashed\\\/uncategorized\\\/tecnologia-formacao-docente-e-ensino-de-linguas-em-dialogo\\\/\",\"name\":\"TECNOLOGIA, FORMA\u00c7\u00c3O DOCENTE E ENSINO DE L\u00cdNGUAS EM DI\u00c1LOGO - Pontes Editores\",\"isPartOf\":{\"@id\":\"https:\\\/\\\/ponteseditores.com.br\\\/loja3\\\/#website\"},\"primaryImageOfPage\":{\"@id\":\"https:\\\/\\\/ponteseditores.com.br\\\/loja3\\\/pontes-editores-home-2__trashed\\\/uncategorized\\\/tecnologia-formacao-docente-e-ensino-de-linguas-em-dialogo\\\/#primaryimage\"},\"image\":{\"@id\":\"https:\\\/\\\/ponteseditores.com.br\\\/loja3\\\/pontes-editores-home-2__trashed\\\/uncategorized\\\/tecnologia-formacao-docente-e-ensino-de-linguas-em-dialogo\\\/#primaryimage\"},\"thumbnailUrl\":\"https:\\\/\\\/ponteseditores.com.br\\\/loja3\\\/wp-content\\\/uploads\\\/2023\\\/12\\\/CAPA20TECNOLOGIA.jpg\",\"datePublished\":\"2023-12-16T14:53:36+00:00\",\"dateModified\":\"2024-03-25T15:09:34+00:00\",\"breadcrumb\":{\"@id\":\"https:\\\/\\\/ponteseditores.com.br\\\/loja3\\\/pontes-editores-home-2__trashed\\\/uncategorized\\\/tecnologia-formacao-docente-e-ensino-de-linguas-em-dialogo\\\/#breadcrumb\"},\"inLanguage\":\"pt-BR\",\"potentialAction\":[{\"@type\":\"ReadAction\",\"target\":[\"https:\\\/\\\/ponteseditores.com.br\\\/loja3\\\/pontes-editores-home-2__trashed\\\/uncategorized\\\/tecnologia-formacao-docente-e-ensino-de-linguas-em-dialogo\\\/\"]}]},{\"@type\":\"ImageObject\",\"inLanguage\":\"pt-BR\",\"@id\":\"https:\\\/\\\/ponteseditores.com.br\\\/loja3\\\/pontes-editores-home-2__trashed\\\/uncategorized\\\/tecnologia-formacao-docente-e-ensino-de-linguas-em-dialogo\\\/#primaryimage\",\"url\":\"https:\\\/\\\/ponteseditores.com.br\\\/loja3\\\/wp-content\\\/uploads\\\/2023\\\/12\\\/CAPA20TECNOLOGIA.jpg\",\"contentUrl\":\"https:\\\/\\\/ponteseditores.com.br\\\/loja3\\\/wp-content\\\/uploads\\\/2023\\\/12\\\/CAPA20TECNOLOGIA.jpg\",\"width\":900,\"height\":1371},{\"@type\":\"BreadcrumbList\",\"@id\":\"https:\\\/\\\/ponteseditores.com.br\\\/loja3\\\/pontes-editores-home-2__trashed\\\/uncategorized\\\/tecnologia-formacao-docente-e-ensino-de-linguas-em-dialogo\\\/#breadcrumb\",\"itemListElement\":[{\"@type\":\"ListItem\",\"position\":1,\"name\":\"Home\",\"item\":\"https:\\\/\\\/ponteseditores.com.br\\\/loja3\\\/\"},{\"@type\":\"ListItem\",\"position\":2,\"name\":\"loja\",\"item\":\"https:\\\/\\\/ponteseditores.com.br\\\/loja3\\\/loja\\\/\"},{\"@type\":\"ListItem\",\"position\":3,\"name\":\"TECNOLOGIA, FORMA\u00c7\u00c3O DOCENTE E ENSINO DE L\u00cdNGUAS EM DI\u00c1LOGO\"}]},{\"@type\":\"WebSite\",\"@id\":\"https:\\\/\\\/ponteseditores.com.br\\\/loja3\\\/#website\",\"url\":\"https:\\\/\\\/ponteseditores.com.br\\\/loja3\\\/\",\"name\":\"Pontes Editores\",\"description\":\"Pontes Editores\",\"publisher\":{\"@id\":\"https:\\\/\\\/ponteseditores.com.br\\\/loja3\\\/#organization\"},\"potentialAction\":[{\"@type\":\"SearchAction\",\"target\":{\"@type\":\"EntryPoint\",\"urlTemplate\":\"https:\\\/\\\/ponteseditores.com.br\\\/loja3\\\/?s={search_term_string}\"},\"query-input\":{\"@type\":\"PropertyValueSpecification\",\"valueRequired\":true,\"valueName\":\"search_term_string\"}}],\"inLanguage\":\"pt-BR\"},{\"@type\":\"Organization\",\"@id\":\"https:\\\/\\\/ponteseditores.com.br\\\/loja3\\\/#organization\",\"name\":\"Pontes Editores\",\"url\":\"https:\\\/\\\/ponteseditores.com.br\\\/loja3\\\/\",\"logo\":{\"@type\":\"ImageObject\",\"inLanguage\":\"pt-BR\",\"@id\":\"https:\\\/\\\/ponteseditores.com.br\\\/loja3\\\/#\\\/schema\\\/logo\\\/image\\\/\",\"url\":\"https:\\\/\\\/ponteseditores.com.br\\\/loja3\\\/wp-content\\\/uploads\\\/2023\\\/12\\\/logo-pontes-editores-v2.png\",\"contentUrl\":\"https:\\\/\\\/ponteseditores.com.br\\\/loja3\\\/wp-content\\\/uploads\\\/2023\\\/12\\\/logo-pontes-editores-v2.png\",\"width\":258,\"height\":100,\"caption\":\"Pontes Editores\"},\"image\":{\"@id\":\"https:\\\/\\\/ponteseditores.com.br\\\/loja3\\\/#\\\/schema\\\/logo\\\/image\\\/\"}}]}<\/script>\n<!-- \/ Yoast SEO plugin. -->","yoast_head_json":{"title":"TECNOLOGIA, FORMA\u00c7\u00c3O DOCENTE E ENSINO DE L\u00cdNGUAS EM DI\u00c1LOGO - Pontes Editores","robots":{"index":"index","follow":"follow","max-snippet":"max-snippet:-1","max-image-preview":"max-image-preview:large","max-video-preview":"max-video-preview:-1"},"canonical":"https:\/\/ponteseditores.com.br\/loja3\/pontes-editores-home-2__trashed\/uncategorized\/tecnologia-formacao-docente-e-ensino-de-linguas-em-dialogo\/","og_locale":"pt_BR","og_type":"article","og_title":"TECNOLOGIA, FORMA\u00c7\u00c3O DOCENTE E ENSINO DE L\u00cdNGUAS EM DI\u00c1LOGO - Pontes Editores","og_description":"As inova\u00e7\u00f5es tecnol\u00f3gicas nos desafiam constantemente para aprendermos mais sobre suas aplicabilidades no ensino, na aprendizagem e, sobretudo, na forma\u00e7\u00e3o de docentes fluentes e abertos para a integra\u00e7\u00e3o com conte\u00fados e metodologias de suas \u00e1reas de conhecimento. Muitas s\u00e3o as quest\u00f5es que essas converg\u00eancias provocam. No caso espec\u00edfico do ensino de l\u00ednguas estrangeiras, as condi\u00e7\u00f5es [&hellip;]","og_url":"https:\/\/ponteseditores.com.br\/loja3\/pontes-editores-home-2__trashed\/uncategorized\/tecnologia-formacao-docente-e-ensino-de-linguas-em-dialogo\/","og_site_name":"Pontes Editores","article_modified_time":"2024-03-25T15:09:34+00:00","og_image":[{"width":900,"height":1371,"url":"https:\/\/ponteseditores.com.br\/loja3\/wp-content\/uploads\/2023\/12\/CAPA20TECNOLOGIA.jpg","type":"image\/jpeg"}],"twitter_card":"summary_large_image","twitter_misc":{"Est. tempo de leitura":"1 minuto"},"schema":{"@context":"https:\/\/schema.org","@graph":[{"@type":"WebPage","@id":"https:\/\/ponteseditores.com.br\/loja3\/pontes-editores-home-2__trashed\/uncategorized\/tecnologia-formacao-docente-e-ensino-de-linguas-em-dialogo\/","url":"https:\/\/ponteseditores.com.br\/loja3\/pontes-editores-home-2__trashed\/uncategorized\/tecnologia-formacao-docente-e-ensino-de-linguas-em-dialogo\/","name":"TECNOLOGIA, FORMA\u00c7\u00c3O DOCENTE E ENSINO DE L\u00cdNGUAS EM DI\u00c1LOGO - Pontes Editores","isPartOf":{"@id":"https:\/\/ponteseditores.com.br\/loja3\/#website"},"primaryImageOfPage":{"@id":"https:\/\/ponteseditores.com.br\/loja3\/pontes-editores-home-2__trashed\/uncategorized\/tecnologia-formacao-docente-e-ensino-de-linguas-em-dialogo\/#primaryimage"},"image":{"@id":"https:\/\/ponteseditores.com.br\/loja3\/pontes-editores-home-2__trashed\/uncategorized\/tecnologia-formacao-docente-e-ensino-de-linguas-em-dialogo\/#primaryimage"},"thumbnailUrl":"https:\/\/ponteseditores.com.br\/loja3\/wp-content\/uploads\/2023\/12\/CAPA20TECNOLOGIA.jpg","datePublished":"2023-12-16T14:53:36+00:00","dateModified":"2024-03-25T15:09:34+00:00","breadcrumb":{"@id":"https:\/\/ponteseditores.com.br\/loja3\/pontes-editores-home-2__trashed\/uncategorized\/tecnologia-formacao-docente-e-ensino-de-linguas-em-dialogo\/#breadcrumb"},"inLanguage":"pt-BR","potentialAction":[{"@type":"ReadAction","target":["https:\/\/ponteseditores.com.br\/loja3\/pontes-editores-home-2__trashed\/uncategorized\/tecnologia-formacao-docente-e-ensino-de-linguas-em-dialogo\/"]}]},{"@type":"ImageObject","inLanguage":"pt-BR","@id":"https:\/\/ponteseditores.com.br\/loja3\/pontes-editores-home-2__trashed\/uncategorized\/tecnologia-formacao-docente-e-ensino-de-linguas-em-dialogo\/#primaryimage","url":"https:\/\/ponteseditores.com.br\/loja3\/wp-content\/uploads\/2023\/12\/CAPA20TECNOLOGIA.jpg","contentUrl":"https:\/\/ponteseditores.com.br\/loja3\/wp-content\/uploads\/2023\/12\/CAPA20TECNOLOGIA.jpg","width":900,"height":1371},{"@type":"BreadcrumbList","@id":"https:\/\/ponteseditores.com.br\/loja3\/pontes-editores-home-2__trashed\/uncategorized\/tecnologia-formacao-docente-e-ensino-de-linguas-em-dialogo\/#breadcrumb","itemListElement":[{"@type":"ListItem","position":1,"name":"Home","item":"https:\/\/ponteseditores.com.br\/loja3\/"},{"@type":"ListItem","position":2,"name":"loja","item":"https:\/\/ponteseditores.com.br\/loja3\/loja\/"},{"@type":"ListItem","position":3,"name":"TECNOLOGIA, FORMA\u00c7\u00c3O DOCENTE E ENSINO DE L\u00cdNGUAS EM DI\u00c1LOGO"}]},{"@type":"WebSite","@id":"https:\/\/ponteseditores.com.br\/loja3\/#website","url":"https:\/\/ponteseditores.com.br\/loja3\/","name":"Pontes Editores","description":"Pontes Editores","publisher":{"@id":"https:\/\/ponteseditores.com.br\/loja3\/#organization"},"potentialAction":[{"@type":"SearchAction","target":{"@type":"EntryPoint","urlTemplate":"https:\/\/ponteseditores.com.br\/loja3\/?s={search_term_string}"},"query-input":{"@type":"PropertyValueSpecification","valueRequired":true,"valueName":"search_term_string"}}],"inLanguage":"pt-BR"},{"@type":"Organization","@id":"https:\/\/ponteseditores.com.br\/loja3\/#organization","name":"Pontes Editores","url":"https:\/\/ponteseditores.com.br\/loja3\/","logo":{"@type":"ImageObject","inLanguage":"pt-BR","@id":"https:\/\/ponteseditores.com.br\/loja3\/#\/schema\/logo\/image\/","url":"https:\/\/ponteseditores.com.br\/loja3\/wp-content\/uploads\/2023\/12\/logo-pontes-editores-v2.png","contentUrl":"https:\/\/ponteseditores.com.br\/loja3\/wp-content\/uploads\/2023\/12\/logo-pontes-editores-v2.png","width":258,"height":100,"caption":"Pontes Editores"},"image":{"@id":"https:\/\/ponteseditores.com.br\/loja3\/#\/schema\/logo\/image\/"}}]}},"_links":{"self":[{"href":"https:\/\/ponteseditores.com.br\/loja3\/wp-json\/wp\/v2\/product\/8649","targetHints":{"allow":["GET"]}}],"collection":[{"href":"https:\/\/ponteseditores.com.br\/loja3\/wp-json\/wp\/v2\/product"}],"about":[{"href":"https:\/\/ponteseditores.com.br\/loja3\/wp-json\/wp\/v2\/types\/product"}],"replies":[{"embeddable":true,"href":"https:\/\/ponteseditores.com.br\/loja3\/wp-json\/wp\/v2\/comments?post=8649"}],"version-history":[{"count":0,"href":"https:\/\/ponteseditores.com.br\/loja3\/wp-json\/wp\/v2\/product\/8649\/revisions"}],"wp:featuredmedia":[{"embeddable":true,"href":"https:\/\/ponteseditores.com.br\/loja3\/wp-json\/wp\/v2\/media\/8648"}],"wp:attachment":[{"href":"https:\/\/ponteseditores.com.br\/loja3\/wp-json\/wp\/v2\/media?parent=8649"}],"wp:term":[{"taxonomy":"product_brand","embeddable":true,"href":"https:\/\/ponteseditores.com.br\/loja3\/wp-json\/wp\/v2\/product_brand?post=8649"},{"taxonomy":"product_cat","embeddable":true,"href":"https:\/\/ponteseditores.com.br\/loja3\/wp-json\/wp\/v2\/product_cat?post=8649"},{"taxonomy":"product_tag","embeddable":true,"href":"https:\/\/ponteseditores.com.br\/loja3\/wp-json\/wp\/v2\/product_tag?post=8649"}],"curies":[{"name":"wp","href":"https:\/\/api.w.org\/{rel}","templated":true}]}}