{"id":8645,"date":"2023-12-16T11:53:33","date_gmt":"2023-12-16T14:53:33","guid":{"rendered":"https:\/\/ponteseditores.com.br\/loja3\/pontes-editores-home-2__trashed\/sem%20categoria\/registros-de-praticas-pedagogicas-o-potencial-do-caderno-pedagogico-e-do-modulo-didatico\/"},"modified":"2024-03-25T12:06:21","modified_gmt":"2024-03-25T15:06:21","slug":"registros-de-praticas-pedagogicas-o-potencial-do-caderno-pedagogico-e-do-modulo-didatico","status":"publish","type":"product","link":"https:\/\/ponteseditores.com.br\/loja3\/pontes-editores-home-2__trashed\/uncategorized\/registros-de-praticas-pedagogicas-o-potencial-do-caderno-pedagogico-e-do-modulo-didatico\/","title":{"rendered":"Registros de Pr\u00e1ticas Pedag\u00f3gicas: O potencial do caderno pedag\u00f3gico e do m\u00f3dulo did\u00e1tico"},"content":{"rendered":"<p>Com as credenciais de professoras e pesquisadoras com experi\u00eancia leg\u00edtima nessa linha de produ\u00e7\u00e3o de texto, linguagem simples e proped\u00eautica orquestrada a trazer conte\u00fados, dados e orienta\u00e7\u00f5es sem enfado, as autoras d\u00e3o \u00eanfase, entre outras coisas, \u00e0 perspectiva da replicabilidade das a\u00e7\u00f5es pedag\u00f3gicas, salientando o respeito ao cotidiano dos diferentes atores e pap\u00e9is socioeducacionais dos envolvidos, com circunscri\u00e7\u00f5es indefinidas no espa\u00e7o-tempo. Para al\u00e9m disso, real\u00e7am um tom vocativo que p\u00f5e em cena o companheirismo de um leitor-autor, de um professor-pesquisador-estudante que \u00e9, simultaneamente, origem, destino e repagina\u00e7\u00e3o de uma hist\u00f3ria reverberada em servi\u00e7o de transforma\u00e7\u00e3o do espa\u00e7o escolar.<\/p>\n","protected":false},"excerpt":{"rendered":"<p>Com as credenciais de professoras e pesquisadoras com experi\u00eancia leg\u00edtima nessa linha de produ\u00e7\u00e3o de texto, linguagem simples e proped\u00eautica orquestrada a trazer conte\u00fados, dados e orienta\u00e7\u00f5es sem enfado, as autoras d\u00e3o \u00eanfase, entre outras coisas, \u00e0 perspectiva da replicabilidade das a\u00e7\u00f5es pedag\u00f3gicas, salientando o respeito ao cotidiano dos diferentes atores e pap\u00e9is socioeducacionais dos [&hellip;]<\/p>\n","protected":false},"featured_media":8644,"comment_status":"open","ping_status":"closed","template":"","meta":{"_joinchat":[]},"product_brand":[],"product_cat":[15],"product_tag":[],"class_list":{"0":"post-8645","1":"product","2":"type-product","3":"status-publish","4":"has-post-thumbnail","6":"product_cat-uncategorized","8":"first","9":"outofstock","10":"shipping-taxable","11":"purchasable","12":"product-type-simple"},"yoast_head":"<!-- This site is optimized with the Yoast SEO plugin v27.4 - https:\/\/yoast.com\/product\/yoast-seo-wordpress\/ -->\n<title>Registros de Pr\u00e1ticas Pedag\u00f3gicas: O potencial do caderno pedag\u00f3gico e do m\u00f3dulo did\u00e1tico - Pontes Editores<\/title>\n<meta name=\"robots\" content=\"index, follow, max-snippet:-1, max-image-preview:large, max-video-preview:-1\" \/>\n<link rel=\"canonical\" href=\"https:\/\/ponteseditores.com.br\/loja3\/pontes-editores-home-2__trashed\/uncategorized\/registros-de-praticas-pedagogicas-o-potencial-do-caderno-pedagogico-e-do-modulo-didatico\/\" \/>\n<meta property=\"og:locale\" content=\"pt_BR\" \/>\n<meta property=\"og:type\" content=\"article\" \/>\n<meta property=\"og:title\" content=\"Registros de Pr\u00e1ticas Pedag\u00f3gicas: O potencial do caderno pedag\u00f3gico e do m\u00f3dulo did\u00e1tico - Pontes Editores\" \/>\n<meta property=\"og:description\" content=\"Com as credenciais de professoras e pesquisadoras com experi\u00eancia leg\u00edtima nessa linha de produ\u00e7\u00e3o de texto, linguagem simples e proped\u00eautica orquestrada a trazer conte\u00fados, dados e orienta\u00e7\u00f5es sem enfado, as autoras d\u00e3o \u00eanfase, entre outras coisas, \u00e0 perspectiva da replicabilidade das a\u00e7\u00f5es pedag\u00f3gicas, salientando o respeito ao cotidiano dos diferentes atores e pap\u00e9is socioeducacionais dos [&hellip;]\" \/>\n<meta property=\"og:url\" content=\"https:\/\/ponteseditores.com.br\/loja3\/pontes-editores-home-2__trashed\/uncategorized\/registros-de-praticas-pedagogicas-o-potencial-do-caderno-pedagogico-e-do-modulo-didatico\/\" \/>\n<meta property=\"og:site_name\" content=\"Pontes Editores\" \/>\n<meta property=\"article:modified_time\" content=\"2024-03-25T15:06:21+00:00\" \/>\n<meta property=\"og:image\" content=\"https:\/\/ponteseditores.com.br\/loja3\/wp-content\/uploads\/2023\/12\/capa20registros.jpg\" \/>\n\t<meta property=\"og:image:width\" content=\"1000\" \/>\n\t<meta property=\"og:image:height\" content=\"1535\" \/>\n\t<meta property=\"og:image:type\" content=\"image\/jpeg\" \/>\n<meta name=\"twitter:card\" content=\"summary_large_image\" \/>\n<meta name=\"twitter:label1\" content=\"Est. tempo de leitura\" \/>\n\t<meta name=\"twitter:data1\" content=\"1 minuto\" \/>\n<script type=\"application\/ld+json\" class=\"yoast-schema-graph\">{\"@context\":\"https:\\\/\\\/schema.org\",\"@graph\":[{\"@type\":\"WebPage\",\"@id\":\"https:\\\/\\\/ponteseditores.com.br\\\/loja3\\\/pontes-editores-home-2__trashed\\\/uncategorized\\\/registros-de-praticas-pedagogicas-o-potencial-do-caderno-pedagogico-e-do-modulo-didatico\\\/\",\"url\":\"https:\\\/\\\/ponteseditores.com.br\\\/loja3\\\/pontes-editores-home-2__trashed\\\/uncategorized\\\/registros-de-praticas-pedagogicas-o-potencial-do-caderno-pedagogico-e-do-modulo-didatico\\\/\",\"name\":\"Registros de Pr\u00e1ticas Pedag\u00f3gicas: O potencial do caderno pedag\u00f3gico e do m\u00f3dulo did\u00e1tico - Pontes Editores\",\"isPartOf\":{\"@id\":\"https:\\\/\\\/ponteseditores.com.br\\\/loja3\\\/#website\"},\"primaryImageOfPage\":{\"@id\":\"https:\\\/\\\/ponteseditores.com.br\\\/loja3\\\/pontes-editores-home-2__trashed\\\/uncategorized\\\/registros-de-praticas-pedagogicas-o-potencial-do-caderno-pedagogico-e-do-modulo-didatico\\\/#primaryimage\"},\"image\":{\"@id\":\"https:\\\/\\\/ponteseditores.com.br\\\/loja3\\\/pontes-editores-home-2__trashed\\\/uncategorized\\\/registros-de-praticas-pedagogicas-o-potencial-do-caderno-pedagogico-e-do-modulo-didatico\\\/#primaryimage\"},\"thumbnailUrl\":\"https:\\\/\\\/ponteseditores.com.br\\\/loja3\\\/wp-content\\\/uploads\\\/2023\\\/12\\\/capa20registros.jpg\",\"datePublished\":\"2023-12-16T14:53:33+00:00\",\"dateModified\":\"2024-03-25T15:06:21+00:00\",\"breadcrumb\":{\"@id\":\"https:\\\/\\\/ponteseditores.com.br\\\/loja3\\\/pontes-editores-home-2__trashed\\\/uncategorized\\\/registros-de-praticas-pedagogicas-o-potencial-do-caderno-pedagogico-e-do-modulo-didatico\\\/#breadcrumb\"},\"inLanguage\":\"pt-BR\",\"potentialAction\":[{\"@type\":\"ReadAction\",\"target\":[\"https:\\\/\\\/ponteseditores.com.br\\\/loja3\\\/pontes-editores-home-2__trashed\\\/uncategorized\\\/registros-de-praticas-pedagogicas-o-potencial-do-caderno-pedagogico-e-do-modulo-didatico\\\/\"]}]},{\"@type\":\"ImageObject\",\"inLanguage\":\"pt-BR\",\"@id\":\"https:\\\/\\\/ponteseditores.com.br\\\/loja3\\\/pontes-editores-home-2__trashed\\\/uncategorized\\\/registros-de-praticas-pedagogicas-o-potencial-do-caderno-pedagogico-e-do-modulo-didatico\\\/#primaryimage\",\"url\":\"https:\\\/\\\/ponteseditores.com.br\\\/loja3\\\/wp-content\\\/uploads\\\/2023\\\/12\\\/capa20registros.jpg\",\"contentUrl\":\"https:\\\/\\\/ponteseditores.com.br\\\/loja3\\\/wp-content\\\/uploads\\\/2023\\\/12\\\/capa20registros.jpg\",\"width\":1000,\"height\":1535},{\"@type\":\"BreadcrumbList\",\"@id\":\"https:\\\/\\\/ponteseditores.com.br\\\/loja3\\\/pontes-editores-home-2__trashed\\\/uncategorized\\\/registros-de-praticas-pedagogicas-o-potencial-do-caderno-pedagogico-e-do-modulo-didatico\\\/#breadcrumb\",\"itemListElement\":[{\"@type\":\"ListItem\",\"position\":1,\"name\":\"Home\",\"item\":\"https:\\\/\\\/ponteseditores.com.br\\\/loja3\\\/\"},{\"@type\":\"ListItem\",\"position\":2,\"name\":\"loja\",\"item\":\"https:\\\/\\\/ponteseditores.com.br\\\/loja3\\\/loja\\\/\"},{\"@type\":\"ListItem\",\"position\":3,\"name\":\"Registros de Pr\u00e1ticas Pedag\u00f3gicas: O potencial do caderno pedag\u00f3gico e do m\u00f3dulo did\u00e1tico\"}]},{\"@type\":\"WebSite\",\"@id\":\"https:\\\/\\\/ponteseditores.com.br\\\/loja3\\\/#website\",\"url\":\"https:\\\/\\\/ponteseditores.com.br\\\/loja3\\\/\",\"name\":\"Pontes Editores\",\"description\":\"Pontes Editores\",\"publisher\":{\"@id\":\"https:\\\/\\\/ponteseditores.com.br\\\/loja3\\\/#organization\"},\"potentialAction\":[{\"@type\":\"SearchAction\",\"target\":{\"@type\":\"EntryPoint\",\"urlTemplate\":\"https:\\\/\\\/ponteseditores.com.br\\\/loja3\\\/?s={search_term_string}\"},\"query-input\":{\"@type\":\"PropertyValueSpecification\",\"valueRequired\":true,\"valueName\":\"search_term_string\"}}],\"inLanguage\":\"pt-BR\"},{\"@type\":\"Organization\",\"@id\":\"https:\\\/\\\/ponteseditores.com.br\\\/loja3\\\/#organization\",\"name\":\"Pontes Editores\",\"url\":\"https:\\\/\\\/ponteseditores.com.br\\\/loja3\\\/\",\"logo\":{\"@type\":\"ImageObject\",\"inLanguage\":\"pt-BR\",\"@id\":\"https:\\\/\\\/ponteseditores.com.br\\\/loja3\\\/#\\\/schema\\\/logo\\\/image\\\/\",\"url\":\"https:\\\/\\\/ponteseditores.com.br\\\/loja3\\\/wp-content\\\/uploads\\\/2023\\\/12\\\/logo-pontes-editores-v2.png\",\"contentUrl\":\"https:\\\/\\\/ponteseditores.com.br\\\/loja3\\\/wp-content\\\/uploads\\\/2023\\\/12\\\/logo-pontes-editores-v2.png\",\"width\":258,\"height\":100,\"caption\":\"Pontes Editores\"},\"image\":{\"@id\":\"https:\\\/\\\/ponteseditores.com.br\\\/loja3\\\/#\\\/schema\\\/logo\\\/image\\\/\"}}]}<\/script>\n<!-- \/ Yoast SEO plugin. -->","yoast_head_json":{"title":"Registros de Pr\u00e1ticas Pedag\u00f3gicas: O potencial do caderno pedag\u00f3gico e do m\u00f3dulo did\u00e1tico - Pontes Editores","robots":{"index":"index","follow":"follow","max-snippet":"max-snippet:-1","max-image-preview":"max-image-preview:large","max-video-preview":"max-video-preview:-1"},"canonical":"https:\/\/ponteseditores.com.br\/loja3\/pontes-editores-home-2__trashed\/uncategorized\/registros-de-praticas-pedagogicas-o-potencial-do-caderno-pedagogico-e-do-modulo-didatico\/","og_locale":"pt_BR","og_type":"article","og_title":"Registros de Pr\u00e1ticas Pedag\u00f3gicas: O potencial do caderno pedag\u00f3gico e do m\u00f3dulo did\u00e1tico - Pontes Editores","og_description":"Com as credenciais de professoras e pesquisadoras com experi\u00eancia leg\u00edtima nessa linha de produ\u00e7\u00e3o de texto, linguagem simples e proped\u00eautica orquestrada a trazer conte\u00fados, dados e orienta\u00e7\u00f5es sem enfado, as autoras d\u00e3o \u00eanfase, entre outras coisas, \u00e0 perspectiva da replicabilidade das a\u00e7\u00f5es pedag\u00f3gicas, salientando o respeito ao cotidiano dos diferentes atores e pap\u00e9is socioeducacionais dos [&hellip;]","og_url":"https:\/\/ponteseditores.com.br\/loja3\/pontes-editores-home-2__trashed\/uncategorized\/registros-de-praticas-pedagogicas-o-potencial-do-caderno-pedagogico-e-do-modulo-didatico\/","og_site_name":"Pontes Editores","article_modified_time":"2024-03-25T15:06:21+00:00","og_image":[{"width":1000,"height":1535,"url":"https:\/\/ponteseditores.com.br\/loja3\/wp-content\/uploads\/2023\/12\/capa20registros.jpg","type":"image\/jpeg"}],"twitter_card":"summary_large_image","twitter_misc":{"Est. tempo de leitura":"1 minuto"},"schema":{"@context":"https:\/\/schema.org","@graph":[{"@type":"WebPage","@id":"https:\/\/ponteseditores.com.br\/loja3\/pontes-editores-home-2__trashed\/uncategorized\/registros-de-praticas-pedagogicas-o-potencial-do-caderno-pedagogico-e-do-modulo-didatico\/","url":"https:\/\/ponteseditores.com.br\/loja3\/pontes-editores-home-2__trashed\/uncategorized\/registros-de-praticas-pedagogicas-o-potencial-do-caderno-pedagogico-e-do-modulo-didatico\/","name":"Registros de Pr\u00e1ticas Pedag\u00f3gicas: O potencial do caderno pedag\u00f3gico e do m\u00f3dulo did\u00e1tico - Pontes Editores","isPartOf":{"@id":"https:\/\/ponteseditores.com.br\/loja3\/#website"},"primaryImageOfPage":{"@id":"https:\/\/ponteseditores.com.br\/loja3\/pontes-editores-home-2__trashed\/uncategorized\/registros-de-praticas-pedagogicas-o-potencial-do-caderno-pedagogico-e-do-modulo-didatico\/#primaryimage"},"image":{"@id":"https:\/\/ponteseditores.com.br\/loja3\/pontes-editores-home-2__trashed\/uncategorized\/registros-de-praticas-pedagogicas-o-potencial-do-caderno-pedagogico-e-do-modulo-didatico\/#primaryimage"},"thumbnailUrl":"https:\/\/ponteseditores.com.br\/loja3\/wp-content\/uploads\/2023\/12\/capa20registros.jpg","datePublished":"2023-12-16T14:53:33+00:00","dateModified":"2024-03-25T15:06:21+00:00","breadcrumb":{"@id":"https:\/\/ponteseditores.com.br\/loja3\/pontes-editores-home-2__trashed\/uncategorized\/registros-de-praticas-pedagogicas-o-potencial-do-caderno-pedagogico-e-do-modulo-didatico\/#breadcrumb"},"inLanguage":"pt-BR","potentialAction":[{"@type":"ReadAction","target":["https:\/\/ponteseditores.com.br\/loja3\/pontes-editores-home-2__trashed\/uncategorized\/registros-de-praticas-pedagogicas-o-potencial-do-caderno-pedagogico-e-do-modulo-didatico\/"]}]},{"@type":"ImageObject","inLanguage":"pt-BR","@id":"https:\/\/ponteseditores.com.br\/loja3\/pontes-editores-home-2__trashed\/uncategorized\/registros-de-praticas-pedagogicas-o-potencial-do-caderno-pedagogico-e-do-modulo-didatico\/#primaryimage","url":"https:\/\/ponteseditores.com.br\/loja3\/wp-content\/uploads\/2023\/12\/capa20registros.jpg","contentUrl":"https:\/\/ponteseditores.com.br\/loja3\/wp-content\/uploads\/2023\/12\/capa20registros.jpg","width":1000,"height":1535},{"@type":"BreadcrumbList","@id":"https:\/\/ponteseditores.com.br\/loja3\/pontes-editores-home-2__trashed\/uncategorized\/registros-de-praticas-pedagogicas-o-potencial-do-caderno-pedagogico-e-do-modulo-didatico\/#breadcrumb","itemListElement":[{"@type":"ListItem","position":1,"name":"Home","item":"https:\/\/ponteseditores.com.br\/loja3\/"},{"@type":"ListItem","position":2,"name":"loja","item":"https:\/\/ponteseditores.com.br\/loja3\/loja\/"},{"@type":"ListItem","position":3,"name":"Registros de Pr\u00e1ticas Pedag\u00f3gicas: O potencial do caderno pedag\u00f3gico e do m\u00f3dulo did\u00e1tico"}]},{"@type":"WebSite","@id":"https:\/\/ponteseditores.com.br\/loja3\/#website","url":"https:\/\/ponteseditores.com.br\/loja3\/","name":"Pontes Editores","description":"Pontes Editores","publisher":{"@id":"https:\/\/ponteseditores.com.br\/loja3\/#organization"},"potentialAction":[{"@type":"SearchAction","target":{"@type":"EntryPoint","urlTemplate":"https:\/\/ponteseditores.com.br\/loja3\/?s={search_term_string}"},"query-input":{"@type":"PropertyValueSpecification","valueRequired":true,"valueName":"search_term_string"}}],"inLanguage":"pt-BR"},{"@type":"Organization","@id":"https:\/\/ponteseditores.com.br\/loja3\/#organization","name":"Pontes Editores","url":"https:\/\/ponteseditores.com.br\/loja3\/","logo":{"@type":"ImageObject","inLanguage":"pt-BR","@id":"https:\/\/ponteseditores.com.br\/loja3\/#\/schema\/logo\/image\/","url":"https:\/\/ponteseditores.com.br\/loja3\/wp-content\/uploads\/2023\/12\/logo-pontes-editores-v2.png","contentUrl":"https:\/\/ponteseditores.com.br\/loja3\/wp-content\/uploads\/2023\/12\/logo-pontes-editores-v2.png","width":258,"height":100,"caption":"Pontes Editores"},"image":{"@id":"https:\/\/ponteseditores.com.br\/loja3\/#\/schema\/logo\/image\/"}}]}},"_links":{"self":[{"href":"https:\/\/ponteseditores.com.br\/loja3\/wp-json\/wp\/v2\/product\/8645","targetHints":{"allow":["GET"]}}],"collection":[{"href":"https:\/\/ponteseditores.com.br\/loja3\/wp-json\/wp\/v2\/product"}],"about":[{"href":"https:\/\/ponteseditores.com.br\/loja3\/wp-json\/wp\/v2\/types\/product"}],"replies":[{"embeddable":true,"href":"https:\/\/ponteseditores.com.br\/loja3\/wp-json\/wp\/v2\/comments?post=8645"}],"version-history":[{"count":0,"href":"https:\/\/ponteseditores.com.br\/loja3\/wp-json\/wp\/v2\/product\/8645\/revisions"}],"wp:featuredmedia":[{"embeddable":true,"href":"https:\/\/ponteseditores.com.br\/loja3\/wp-json\/wp\/v2\/media\/8644"}],"wp:attachment":[{"href":"https:\/\/ponteseditores.com.br\/loja3\/wp-json\/wp\/v2\/media?parent=8645"}],"wp:term":[{"taxonomy":"product_brand","embeddable":true,"href":"https:\/\/ponteseditores.com.br\/loja3\/wp-json\/wp\/v2\/product_brand?post=8645"},{"taxonomy":"product_cat","embeddable":true,"href":"https:\/\/ponteseditores.com.br\/loja3\/wp-json\/wp\/v2\/product_cat?post=8645"},{"taxonomy":"product_tag","embeddable":true,"href":"https:\/\/ponteseditores.com.br\/loja3\/wp-json\/wp\/v2\/product_tag?post=8645"}],"curies":[{"name":"wp","href":"https:\/\/api.w.org\/{rel}","templated":true}]}}