{"id":8637,"date":"2023-12-16T11:53:02","date_gmt":"2023-12-16T14:53:02","guid":{"rendered":"https:\/\/ponteseditores.com.br\/loja3\/pontes-editores-home-2__trashed\/sem%20categoria\/residencia-pedagogica-pesquisa-formacao-e-competencias-docentes\/"},"modified":"2024-03-25T12:07:06","modified_gmt":"2024-03-25T15:07:06","slug":"residencia-pedagogica-pesquisa-formacao-e-competencias-docentes","status":"publish","type":"product","link":"https:\/\/ponteseditores.com.br\/loja3\/pontes-editores-home-2__trashed\/uncategorized\/residencia-pedagogica-pesquisa-formacao-e-competencias-docentes\/","title":{"rendered":"RESID\u00caNCIA PEDAG\u00d3GICA: pesquisa, forma\u00e7\u00e3o e compet\u00eancias docentes"},"content":{"rendered":"<p>Os textos que fazem parte desta obra, sob diferentes perspectivas e enfoques te\u00f3rico-conceituais, indicam a import\u00e2ncia de as Universidades, atrav\u00e9s de Programas de forma\u00e7\u00e3o inicial (e continuada) \u00e0 doc\u00eancia, ampliarem discuss\u00f5es sobre pol\u00edticas p\u00fablicas educacionais, construindo, assim, pontos de inflex\u00e3o que respondam a demandas pol\u00edtico-pedag\u00f3gicas da escola no contexto atual. A forma\u00e7\u00e3o de professores continua sendo um dos grandes desafios que as pol\u00edticas p\u00fablicas e a Universidade precisam enfrentar em sua tarefa de melhorar a qualidade da educa\u00e7\u00e3o do pa\u00eds. Nesse sentido, o Programa de Resid\u00eancia Pedag\u00f3gica representa um investimento importante do Estado desenvolvido em parceria com a Universidade e a escola, no \u00e2mbito da forma\u00e7\u00e3o inicial de professores, e tem como um de seus principais objetivos promover reflex\u00f5es sobre as pr\u00e1ticas docentes situadas nos diversos contextos de sua atua\u00e7\u00e3o profissional.<\/p>\n","protected":false},"excerpt":{"rendered":"<p>Os textos que fazem parte desta obra, sob diferentes perspectivas e enfoques te\u00f3rico-conceituais, indicam a import\u00e2ncia de as Universidades, atrav\u00e9s de Programas de forma\u00e7\u00e3o inicial (e continuada) \u00e0 doc\u00eancia, ampliarem discuss\u00f5es sobre pol\u00edticas p\u00fablicas educacionais, construindo, assim, pontos de inflex\u00e3o que respondam a demandas pol\u00edtico-pedag\u00f3gicas da escola no contexto atual. A forma\u00e7\u00e3o de professores continua [&hellip;]<\/p>\n","protected":false},"featured_media":8636,"comment_status":"open","ping_status":"closed","template":"","meta":{"_joinchat":[]},"product_brand":[],"product_cat":[15],"product_tag":[],"class_list":{"0":"post-8637","1":"product","2":"type-product","3":"status-publish","4":"has-post-thumbnail","6":"product_cat-uncategorized","8":"first","9":"outofstock","10":"shipping-taxable","11":"purchasable","12":"product-type-simple"},"yoast_head":"<!-- This site is optimized with the Yoast SEO plugin v27.4 - https:\/\/yoast.com\/product\/yoast-seo-wordpress\/ -->\n<title>RESID\u00caNCIA PEDAG\u00d3GICA: pesquisa, forma\u00e7\u00e3o e compet\u00eancias docentes - Pontes Editores<\/title>\n<meta name=\"robots\" content=\"index, follow, max-snippet:-1, max-image-preview:large, max-video-preview:-1\" \/>\n<link rel=\"canonical\" href=\"https:\/\/ponteseditores.com.br\/loja3\/pontes-editores-home-2__trashed\/uncategorized\/residencia-pedagogica-pesquisa-formacao-e-competencias-docentes\/\" \/>\n<meta property=\"og:locale\" content=\"pt_BR\" \/>\n<meta property=\"og:type\" content=\"article\" \/>\n<meta property=\"og:title\" content=\"RESID\u00caNCIA PEDAG\u00d3GICA: pesquisa, forma\u00e7\u00e3o e compet\u00eancias docentes - Pontes Editores\" \/>\n<meta property=\"og:description\" content=\"Os textos que fazem parte desta obra, sob diferentes perspectivas e enfoques te\u00f3rico-conceituais, indicam a import\u00e2ncia de as Universidades, atrav\u00e9s de Programas de forma\u00e7\u00e3o inicial (e continuada) \u00e0 doc\u00eancia, ampliarem discuss\u00f5es sobre pol\u00edticas p\u00fablicas educacionais, construindo, assim, pontos de inflex\u00e3o que respondam a demandas pol\u00edtico-pedag\u00f3gicas da escola no contexto atual. A forma\u00e7\u00e3o de professores continua [&hellip;]\" \/>\n<meta property=\"og:url\" content=\"https:\/\/ponteseditores.com.br\/loja3\/pontes-editores-home-2__trashed\/uncategorized\/residencia-pedagogica-pesquisa-formacao-e-competencias-docentes\/\" \/>\n<meta property=\"og:site_name\" content=\"Pontes Editores\" \/>\n<meta property=\"article:modified_time\" content=\"2024-03-25T15:07:06+00:00\" \/>\n<meta property=\"og:image\" content=\"https:\/\/ponteseditores.com.br\/loja3\/wp-content\/uploads\/2023\/12\/capa20residencia.jpg\" \/>\n\t<meta property=\"og:image:width\" content=\"900\" \/>\n\t<meta property=\"og:image:height\" content=\"1318\" \/>\n\t<meta property=\"og:image:type\" content=\"image\/jpeg\" \/>\n<meta name=\"twitter:card\" content=\"summary_large_image\" \/>\n<meta name=\"twitter:label1\" content=\"Est. tempo de leitura\" \/>\n\t<meta name=\"twitter:data1\" content=\"1 minuto\" \/>\n<script type=\"application\/ld+json\" class=\"yoast-schema-graph\">{\"@context\":\"https:\\\/\\\/schema.org\",\"@graph\":[{\"@type\":\"WebPage\",\"@id\":\"https:\\\/\\\/ponteseditores.com.br\\\/loja3\\\/pontes-editores-home-2__trashed\\\/uncategorized\\\/residencia-pedagogica-pesquisa-formacao-e-competencias-docentes\\\/\",\"url\":\"https:\\\/\\\/ponteseditores.com.br\\\/loja3\\\/pontes-editores-home-2__trashed\\\/uncategorized\\\/residencia-pedagogica-pesquisa-formacao-e-competencias-docentes\\\/\",\"name\":\"RESID\u00caNCIA PEDAG\u00d3GICA: pesquisa, forma\u00e7\u00e3o e compet\u00eancias docentes - Pontes Editores\",\"isPartOf\":{\"@id\":\"https:\\\/\\\/ponteseditores.com.br\\\/loja3\\\/#website\"},\"primaryImageOfPage\":{\"@id\":\"https:\\\/\\\/ponteseditores.com.br\\\/loja3\\\/pontes-editores-home-2__trashed\\\/uncategorized\\\/residencia-pedagogica-pesquisa-formacao-e-competencias-docentes\\\/#primaryimage\"},\"image\":{\"@id\":\"https:\\\/\\\/ponteseditores.com.br\\\/loja3\\\/pontes-editores-home-2__trashed\\\/uncategorized\\\/residencia-pedagogica-pesquisa-formacao-e-competencias-docentes\\\/#primaryimage\"},\"thumbnailUrl\":\"https:\\\/\\\/ponteseditores.com.br\\\/loja3\\\/wp-content\\\/uploads\\\/2023\\\/12\\\/capa20residencia.jpg\",\"datePublished\":\"2023-12-16T14:53:02+00:00\",\"dateModified\":\"2024-03-25T15:07:06+00:00\",\"breadcrumb\":{\"@id\":\"https:\\\/\\\/ponteseditores.com.br\\\/loja3\\\/pontes-editores-home-2__trashed\\\/uncategorized\\\/residencia-pedagogica-pesquisa-formacao-e-competencias-docentes\\\/#breadcrumb\"},\"inLanguage\":\"pt-BR\",\"potentialAction\":[{\"@type\":\"ReadAction\",\"target\":[\"https:\\\/\\\/ponteseditores.com.br\\\/loja3\\\/pontes-editores-home-2__trashed\\\/uncategorized\\\/residencia-pedagogica-pesquisa-formacao-e-competencias-docentes\\\/\"]}]},{\"@type\":\"ImageObject\",\"inLanguage\":\"pt-BR\",\"@id\":\"https:\\\/\\\/ponteseditores.com.br\\\/loja3\\\/pontes-editores-home-2__trashed\\\/uncategorized\\\/residencia-pedagogica-pesquisa-formacao-e-competencias-docentes\\\/#primaryimage\",\"url\":\"https:\\\/\\\/ponteseditores.com.br\\\/loja3\\\/wp-content\\\/uploads\\\/2023\\\/12\\\/capa20residencia.jpg\",\"contentUrl\":\"https:\\\/\\\/ponteseditores.com.br\\\/loja3\\\/wp-content\\\/uploads\\\/2023\\\/12\\\/capa20residencia.jpg\",\"width\":900,\"height\":1318},{\"@type\":\"BreadcrumbList\",\"@id\":\"https:\\\/\\\/ponteseditores.com.br\\\/loja3\\\/pontes-editores-home-2__trashed\\\/uncategorized\\\/residencia-pedagogica-pesquisa-formacao-e-competencias-docentes\\\/#breadcrumb\",\"itemListElement\":[{\"@type\":\"ListItem\",\"position\":1,\"name\":\"Home\",\"item\":\"https:\\\/\\\/ponteseditores.com.br\\\/loja3\\\/\"},{\"@type\":\"ListItem\",\"position\":2,\"name\":\"loja\",\"item\":\"https:\\\/\\\/ponteseditores.com.br\\\/loja3\\\/loja\\\/\"},{\"@type\":\"ListItem\",\"position\":3,\"name\":\"RESID\u00caNCIA PEDAG\u00d3GICA: pesquisa, forma\u00e7\u00e3o e compet\u00eancias docentes\"}]},{\"@type\":\"WebSite\",\"@id\":\"https:\\\/\\\/ponteseditores.com.br\\\/loja3\\\/#website\",\"url\":\"https:\\\/\\\/ponteseditores.com.br\\\/loja3\\\/\",\"name\":\"Pontes Editores\",\"description\":\"Pontes Editores\",\"publisher\":{\"@id\":\"https:\\\/\\\/ponteseditores.com.br\\\/loja3\\\/#organization\"},\"potentialAction\":[{\"@type\":\"SearchAction\",\"target\":{\"@type\":\"EntryPoint\",\"urlTemplate\":\"https:\\\/\\\/ponteseditores.com.br\\\/loja3\\\/?s={search_term_string}\"},\"query-input\":{\"@type\":\"PropertyValueSpecification\",\"valueRequired\":true,\"valueName\":\"search_term_string\"}}],\"inLanguage\":\"pt-BR\"},{\"@type\":\"Organization\",\"@id\":\"https:\\\/\\\/ponteseditores.com.br\\\/loja3\\\/#organization\",\"name\":\"Pontes Editores\",\"url\":\"https:\\\/\\\/ponteseditores.com.br\\\/loja3\\\/\",\"logo\":{\"@type\":\"ImageObject\",\"inLanguage\":\"pt-BR\",\"@id\":\"https:\\\/\\\/ponteseditores.com.br\\\/loja3\\\/#\\\/schema\\\/logo\\\/image\\\/\",\"url\":\"https:\\\/\\\/ponteseditores.com.br\\\/loja3\\\/wp-content\\\/uploads\\\/2023\\\/12\\\/logo-pontes-editores-v2.png\",\"contentUrl\":\"https:\\\/\\\/ponteseditores.com.br\\\/loja3\\\/wp-content\\\/uploads\\\/2023\\\/12\\\/logo-pontes-editores-v2.png\",\"width\":258,\"height\":100,\"caption\":\"Pontes Editores\"},\"image\":{\"@id\":\"https:\\\/\\\/ponteseditores.com.br\\\/loja3\\\/#\\\/schema\\\/logo\\\/image\\\/\"}}]}<\/script>\n<!-- \/ Yoast SEO plugin. -->","yoast_head_json":{"title":"RESID\u00caNCIA PEDAG\u00d3GICA: pesquisa, forma\u00e7\u00e3o e compet\u00eancias docentes - Pontes Editores","robots":{"index":"index","follow":"follow","max-snippet":"max-snippet:-1","max-image-preview":"max-image-preview:large","max-video-preview":"max-video-preview:-1"},"canonical":"https:\/\/ponteseditores.com.br\/loja3\/pontes-editores-home-2__trashed\/uncategorized\/residencia-pedagogica-pesquisa-formacao-e-competencias-docentes\/","og_locale":"pt_BR","og_type":"article","og_title":"RESID\u00caNCIA PEDAG\u00d3GICA: pesquisa, forma\u00e7\u00e3o e compet\u00eancias docentes - Pontes Editores","og_description":"Os textos que fazem parte desta obra, sob diferentes perspectivas e enfoques te\u00f3rico-conceituais, indicam a import\u00e2ncia de as Universidades, atrav\u00e9s de Programas de forma\u00e7\u00e3o inicial (e continuada) \u00e0 doc\u00eancia, ampliarem discuss\u00f5es sobre pol\u00edticas p\u00fablicas educacionais, construindo, assim, pontos de inflex\u00e3o que respondam a demandas pol\u00edtico-pedag\u00f3gicas da escola no contexto atual. A forma\u00e7\u00e3o de professores continua [&hellip;]","og_url":"https:\/\/ponteseditores.com.br\/loja3\/pontes-editores-home-2__trashed\/uncategorized\/residencia-pedagogica-pesquisa-formacao-e-competencias-docentes\/","og_site_name":"Pontes Editores","article_modified_time":"2024-03-25T15:07:06+00:00","og_image":[{"width":900,"height":1318,"url":"https:\/\/ponteseditores.com.br\/loja3\/wp-content\/uploads\/2023\/12\/capa20residencia.jpg","type":"image\/jpeg"}],"twitter_card":"summary_large_image","twitter_misc":{"Est. tempo de leitura":"1 minuto"},"schema":{"@context":"https:\/\/schema.org","@graph":[{"@type":"WebPage","@id":"https:\/\/ponteseditores.com.br\/loja3\/pontes-editores-home-2__trashed\/uncategorized\/residencia-pedagogica-pesquisa-formacao-e-competencias-docentes\/","url":"https:\/\/ponteseditores.com.br\/loja3\/pontes-editores-home-2__trashed\/uncategorized\/residencia-pedagogica-pesquisa-formacao-e-competencias-docentes\/","name":"RESID\u00caNCIA PEDAG\u00d3GICA: pesquisa, forma\u00e7\u00e3o e compet\u00eancias docentes - Pontes Editores","isPartOf":{"@id":"https:\/\/ponteseditores.com.br\/loja3\/#website"},"primaryImageOfPage":{"@id":"https:\/\/ponteseditores.com.br\/loja3\/pontes-editores-home-2__trashed\/uncategorized\/residencia-pedagogica-pesquisa-formacao-e-competencias-docentes\/#primaryimage"},"image":{"@id":"https:\/\/ponteseditores.com.br\/loja3\/pontes-editores-home-2__trashed\/uncategorized\/residencia-pedagogica-pesquisa-formacao-e-competencias-docentes\/#primaryimage"},"thumbnailUrl":"https:\/\/ponteseditores.com.br\/loja3\/wp-content\/uploads\/2023\/12\/capa20residencia.jpg","datePublished":"2023-12-16T14:53:02+00:00","dateModified":"2024-03-25T15:07:06+00:00","breadcrumb":{"@id":"https:\/\/ponteseditores.com.br\/loja3\/pontes-editores-home-2__trashed\/uncategorized\/residencia-pedagogica-pesquisa-formacao-e-competencias-docentes\/#breadcrumb"},"inLanguage":"pt-BR","potentialAction":[{"@type":"ReadAction","target":["https:\/\/ponteseditores.com.br\/loja3\/pontes-editores-home-2__trashed\/uncategorized\/residencia-pedagogica-pesquisa-formacao-e-competencias-docentes\/"]}]},{"@type":"ImageObject","inLanguage":"pt-BR","@id":"https:\/\/ponteseditores.com.br\/loja3\/pontes-editores-home-2__trashed\/uncategorized\/residencia-pedagogica-pesquisa-formacao-e-competencias-docentes\/#primaryimage","url":"https:\/\/ponteseditores.com.br\/loja3\/wp-content\/uploads\/2023\/12\/capa20residencia.jpg","contentUrl":"https:\/\/ponteseditores.com.br\/loja3\/wp-content\/uploads\/2023\/12\/capa20residencia.jpg","width":900,"height":1318},{"@type":"BreadcrumbList","@id":"https:\/\/ponteseditores.com.br\/loja3\/pontes-editores-home-2__trashed\/uncategorized\/residencia-pedagogica-pesquisa-formacao-e-competencias-docentes\/#breadcrumb","itemListElement":[{"@type":"ListItem","position":1,"name":"Home","item":"https:\/\/ponteseditores.com.br\/loja3\/"},{"@type":"ListItem","position":2,"name":"loja","item":"https:\/\/ponteseditores.com.br\/loja3\/loja\/"},{"@type":"ListItem","position":3,"name":"RESID\u00caNCIA PEDAG\u00d3GICA: pesquisa, forma\u00e7\u00e3o e compet\u00eancias docentes"}]},{"@type":"WebSite","@id":"https:\/\/ponteseditores.com.br\/loja3\/#website","url":"https:\/\/ponteseditores.com.br\/loja3\/","name":"Pontes Editores","description":"Pontes Editores","publisher":{"@id":"https:\/\/ponteseditores.com.br\/loja3\/#organization"},"potentialAction":[{"@type":"SearchAction","target":{"@type":"EntryPoint","urlTemplate":"https:\/\/ponteseditores.com.br\/loja3\/?s={search_term_string}"},"query-input":{"@type":"PropertyValueSpecification","valueRequired":true,"valueName":"search_term_string"}}],"inLanguage":"pt-BR"},{"@type":"Organization","@id":"https:\/\/ponteseditores.com.br\/loja3\/#organization","name":"Pontes Editores","url":"https:\/\/ponteseditores.com.br\/loja3\/","logo":{"@type":"ImageObject","inLanguage":"pt-BR","@id":"https:\/\/ponteseditores.com.br\/loja3\/#\/schema\/logo\/image\/","url":"https:\/\/ponteseditores.com.br\/loja3\/wp-content\/uploads\/2023\/12\/logo-pontes-editores-v2.png","contentUrl":"https:\/\/ponteseditores.com.br\/loja3\/wp-content\/uploads\/2023\/12\/logo-pontes-editores-v2.png","width":258,"height":100,"caption":"Pontes Editores"},"image":{"@id":"https:\/\/ponteseditores.com.br\/loja3\/#\/schema\/logo\/image\/"}}]}},"_links":{"self":[{"href":"https:\/\/ponteseditores.com.br\/loja3\/wp-json\/wp\/v2\/product\/8637","targetHints":{"allow":["GET"]}}],"collection":[{"href":"https:\/\/ponteseditores.com.br\/loja3\/wp-json\/wp\/v2\/product"}],"about":[{"href":"https:\/\/ponteseditores.com.br\/loja3\/wp-json\/wp\/v2\/types\/product"}],"replies":[{"embeddable":true,"href":"https:\/\/ponteseditores.com.br\/loja3\/wp-json\/wp\/v2\/comments?post=8637"}],"version-history":[{"count":0,"href":"https:\/\/ponteseditores.com.br\/loja3\/wp-json\/wp\/v2\/product\/8637\/revisions"}],"wp:featuredmedia":[{"embeddable":true,"href":"https:\/\/ponteseditores.com.br\/loja3\/wp-json\/wp\/v2\/media\/8636"}],"wp:attachment":[{"href":"https:\/\/ponteseditores.com.br\/loja3\/wp-json\/wp\/v2\/media?parent=8637"}],"wp:term":[{"taxonomy":"product_brand","embeddable":true,"href":"https:\/\/ponteseditores.com.br\/loja3\/wp-json\/wp\/v2\/product_brand?post=8637"},{"taxonomy":"product_cat","embeddable":true,"href":"https:\/\/ponteseditores.com.br\/loja3\/wp-json\/wp\/v2\/product_cat?post=8637"},{"taxonomy":"product_tag","embeddable":true,"href":"https:\/\/ponteseditores.com.br\/loja3\/wp-json\/wp\/v2\/product_tag?post=8637"}],"curies":[{"name":"wp","href":"https:\/\/api.w.org\/{rel}","templated":true}]}}