{"id":8627,"date":"2023-12-16T11:52:18","date_gmt":"2023-12-16T14:52:18","guid":{"rendered":"https:\/\/ponteseditores.com.br\/loja3\/pontes-editores-home-2__trashed\/sem%20categoria\/lingua-estrangeira-e-formacao-cidada-por-entre-discursos-e-praticas-edicao-ampliada-col-npla-vol-33\/"},"modified":"2025-05-15T11:59:13","modified_gmt":"2025-05-15T14:59:13","slug":"lingua-estrangeira-e-formacao-cidada-por-entre-discursos-e-praticas-edicao-ampliada-col-npla-vol-33","status":"publish","type":"product","link":"https:\/\/ponteseditores.com.br\/loja3\/pontes-editores-home-2__trashed\/ensino-de-linguas\/lingua-estrangeira-e-formacao-cidada-por-entre-discursos-e-praticas-edicao-ampliada-col-npla-vol-33\/","title":{"rendered":"L\u00edngua Estrangeira e Forma\u00e7\u00e3o Cidad\u00e3: Por entre Discursos e Pr\u00e1ticas Edi\u00e7\u00e3o ampliada  &#8211; Col NPLA Vol 33"},"content":{"rendered":"<p>Esta obra re\u00fane professores e pesquisadores de \u00e1reas e posicionamentos distintos, que se predispuseram a debater quest\u00f5es, compartilhando suas convic\u00e7\u00f5es e maneiras de pensar e enfrentar os desafios que nos s\u00e3o colocados como profissionais do campo da lingu\u00edstica aplicada. Em meio \u00e0 diversidade de vis\u00f5es e pr\u00e1ticas discutidas nesta obra, esperamos que ela contribua para enriquecer as discuss\u00f5es na \u00e1rea da linguagem e da educa\u00e7\u00e3o lingu\u00edstica, assim como no campo da forma\u00e7\u00e3o docente, instigando, assim, renovados olhares, discursos e fazeres.<\/p>\n","protected":false},"excerpt":{"rendered":"<p>Esta obra re\u00fane professores e pesquisadores de \u00e1reas e posicionamentos distintos, que se predispuseram a debater quest\u00f5es, compartilhando suas convic\u00e7\u00f5es e maneiras de pensar e enfrentar os desafios que nos s\u00e3o colocados como profissionais do campo da lingu\u00edstica aplicada. Em meio \u00e0 diversidade de vis\u00f5es e pr\u00e1ticas discutidas nesta obra, esperamos que ela contribua para [&hellip;]<\/p>\n","protected":false},"featured_media":8626,"comment_status":"open","ping_status":"closed","template":"","meta":{"_joinchat":[]},"product_brand":[],"product_cat":[140,288,280],"product_tag":[],"class_list":{"0":"post-8627","1":"product","2":"type-product","3":"status-publish","4":"has-post-thumbnail","6":"product_cat-ensino-de-linguas","7":"product_cat-ensino-e-aprendizagem","8":"product_cat-npla","10":"first","11":"outofstock","12":"shipping-taxable","13":"purchasable","14":"product-type-simple"},"yoast_head":"<!-- This site is optimized with the Yoast SEO plugin v27.4 - https:\/\/yoast.com\/product\/yoast-seo-wordpress\/ -->\n<title>L\u00edngua Estrangeira e Forma\u00e7\u00e3o Cidad\u00e3: Por entre Discursos e Pr\u00e1ticas Edi\u00e7\u00e3o ampliada - Col NPLA Vol 33 - Pontes Editores<\/title>\n<meta name=\"robots\" content=\"index, follow, max-snippet:-1, max-image-preview:large, max-video-preview:-1\" \/>\n<link rel=\"canonical\" href=\"https:\/\/ponteseditores.com.br\/loja3\/pontes-editores-home-2__trashed\/ensino-de-linguas\/lingua-estrangeira-e-formacao-cidada-por-entre-discursos-e-praticas-edicao-ampliada-col-npla-vol-33\/\" \/>\n<meta property=\"og:locale\" content=\"pt_BR\" \/>\n<meta property=\"og:type\" content=\"article\" \/>\n<meta property=\"og:title\" content=\"L\u00edngua Estrangeira e Forma\u00e7\u00e3o Cidad\u00e3: Por entre Discursos e Pr\u00e1ticas Edi\u00e7\u00e3o ampliada - Col NPLA Vol 33 - Pontes Editores\" \/>\n<meta property=\"og:description\" content=\"Esta obra re\u00fane professores e pesquisadores de \u00e1reas e posicionamentos distintos, que se predispuseram a debater quest\u00f5es, compartilhando suas convic\u00e7\u00f5es e maneiras de pensar e enfrentar os desafios que nos s\u00e3o colocados como profissionais do campo da lingu\u00edstica aplicada. Em meio \u00e0 diversidade de vis\u00f5es e pr\u00e1ticas discutidas nesta obra, esperamos que ela contribua para [&hellip;]\" \/>\n<meta property=\"og:url\" content=\"https:\/\/ponteseditores.com.br\/loja3\/pontes-editores-home-2__trashed\/ensino-de-linguas\/lingua-estrangeira-e-formacao-cidada-por-entre-discursos-e-praticas-edicao-ampliada-col-npla-vol-33\/\" \/>\n<meta property=\"og:site_name\" content=\"Pontes Editores\" \/>\n<meta property=\"article:modified_time\" content=\"2025-05-15T14:59:13+00:00\" \/>\n<meta property=\"og:image\" content=\"https:\/\/ponteseditores.com.br\/loja3\/wp-content\/uploads\/2023\/12\/formacao-cidada-3.jpg\" \/>\n\t<meta property=\"og:image:width\" content=\"490\" \/>\n\t<meta property=\"og:image:height\" content=\"768\" \/>\n\t<meta property=\"og:image:type\" content=\"image\/jpeg\" \/>\n<meta name=\"twitter:card\" content=\"summary_large_image\" \/>\n<meta name=\"twitter:label1\" content=\"Est. tempo de leitura\" \/>\n\t<meta name=\"twitter:data1\" content=\"1 minuto\" \/>\n<script type=\"application\/ld+json\" class=\"yoast-schema-graph\">{\"@context\":\"https:\\\/\\\/schema.org\",\"@graph\":[{\"@type\":\"WebPage\",\"@id\":\"https:\\\/\\\/ponteseditores.com.br\\\/loja3\\\/pontes-editores-home-2__trashed\\\/ensino-de-linguas\\\/lingua-estrangeira-e-formacao-cidada-por-entre-discursos-e-praticas-edicao-ampliada-col-npla-vol-33\\\/\",\"url\":\"https:\\\/\\\/ponteseditores.com.br\\\/loja3\\\/pontes-editores-home-2__trashed\\\/ensino-de-linguas\\\/lingua-estrangeira-e-formacao-cidada-por-entre-discursos-e-praticas-edicao-ampliada-col-npla-vol-33\\\/\",\"name\":\"L\u00edngua Estrangeira e Forma\u00e7\u00e3o Cidad\u00e3: Por entre Discursos e Pr\u00e1ticas Edi\u00e7\u00e3o ampliada - Col NPLA Vol 33 - Pontes Editores\",\"isPartOf\":{\"@id\":\"https:\\\/\\\/ponteseditores.com.br\\\/loja3\\\/#website\"},\"primaryImageOfPage\":{\"@id\":\"https:\\\/\\\/ponteseditores.com.br\\\/loja3\\\/pontes-editores-home-2__trashed\\\/ensino-de-linguas\\\/lingua-estrangeira-e-formacao-cidada-por-entre-discursos-e-praticas-edicao-ampliada-col-npla-vol-33\\\/#primaryimage\"},\"image\":{\"@id\":\"https:\\\/\\\/ponteseditores.com.br\\\/loja3\\\/pontes-editores-home-2__trashed\\\/ensino-de-linguas\\\/lingua-estrangeira-e-formacao-cidada-por-entre-discursos-e-praticas-edicao-ampliada-col-npla-vol-33\\\/#primaryimage\"},\"thumbnailUrl\":\"https:\\\/\\\/ponteseditores.com.br\\\/loja3\\\/wp-content\\\/uploads\\\/2023\\\/12\\\/formacao-cidada-3.jpg\",\"datePublished\":\"2023-12-16T14:52:18+00:00\",\"dateModified\":\"2025-05-15T14:59:13+00:00\",\"breadcrumb\":{\"@id\":\"https:\\\/\\\/ponteseditores.com.br\\\/loja3\\\/pontes-editores-home-2__trashed\\\/ensino-de-linguas\\\/lingua-estrangeira-e-formacao-cidada-por-entre-discursos-e-praticas-edicao-ampliada-col-npla-vol-33\\\/#breadcrumb\"},\"inLanguage\":\"pt-BR\",\"potentialAction\":[{\"@type\":\"ReadAction\",\"target\":[\"https:\\\/\\\/ponteseditores.com.br\\\/loja3\\\/pontes-editores-home-2__trashed\\\/ensino-de-linguas\\\/lingua-estrangeira-e-formacao-cidada-por-entre-discursos-e-praticas-edicao-ampliada-col-npla-vol-33\\\/\"]}]},{\"@type\":\"ImageObject\",\"inLanguage\":\"pt-BR\",\"@id\":\"https:\\\/\\\/ponteseditores.com.br\\\/loja3\\\/pontes-editores-home-2__trashed\\\/ensino-de-linguas\\\/lingua-estrangeira-e-formacao-cidada-por-entre-discursos-e-praticas-edicao-ampliada-col-npla-vol-33\\\/#primaryimage\",\"url\":\"https:\\\/\\\/ponteseditores.com.br\\\/loja3\\\/wp-content\\\/uploads\\\/2023\\\/12\\\/formacao-cidada-3.jpg\",\"contentUrl\":\"https:\\\/\\\/ponteseditores.com.br\\\/loja3\\\/wp-content\\\/uploads\\\/2023\\\/12\\\/formacao-cidada-3.jpg\",\"width\":490,\"height\":768},{\"@type\":\"BreadcrumbList\",\"@id\":\"https:\\\/\\\/ponteseditores.com.br\\\/loja3\\\/pontes-editores-home-2__trashed\\\/ensino-de-linguas\\\/lingua-estrangeira-e-formacao-cidada-por-entre-discursos-e-praticas-edicao-ampliada-col-npla-vol-33\\\/#breadcrumb\",\"itemListElement\":[{\"@type\":\"ListItem\",\"position\":1,\"name\":\"Home\",\"item\":\"https:\\\/\\\/ponteseditores.com.br\\\/loja3\\\/\"},{\"@type\":\"ListItem\",\"position\":2,\"name\":\"loja\",\"item\":\"https:\\\/\\\/ponteseditores.com.br\\\/loja3\\\/loja\\\/\"},{\"@type\":\"ListItem\",\"position\":3,\"name\":\"L\u00edngua Estrangeira e Forma\u00e7\u00e3o Cidad\u00e3: Por entre Discursos e Pr\u00e1ticas Edi\u00e7\u00e3o ampliada &#8211; Col NPLA Vol 33\"}]},{\"@type\":\"WebSite\",\"@id\":\"https:\\\/\\\/ponteseditores.com.br\\\/loja3\\\/#website\",\"url\":\"https:\\\/\\\/ponteseditores.com.br\\\/loja3\\\/\",\"name\":\"Pontes Editores\",\"description\":\"Pontes Editores\",\"publisher\":{\"@id\":\"https:\\\/\\\/ponteseditores.com.br\\\/loja3\\\/#organization\"},\"potentialAction\":[{\"@type\":\"SearchAction\",\"target\":{\"@type\":\"EntryPoint\",\"urlTemplate\":\"https:\\\/\\\/ponteseditores.com.br\\\/loja3\\\/?s={search_term_string}\"},\"query-input\":{\"@type\":\"PropertyValueSpecification\",\"valueRequired\":true,\"valueName\":\"search_term_string\"}}],\"inLanguage\":\"pt-BR\"},{\"@type\":\"Organization\",\"@id\":\"https:\\\/\\\/ponteseditores.com.br\\\/loja3\\\/#organization\",\"name\":\"Pontes Editores\",\"url\":\"https:\\\/\\\/ponteseditores.com.br\\\/loja3\\\/\",\"logo\":{\"@type\":\"ImageObject\",\"inLanguage\":\"pt-BR\",\"@id\":\"https:\\\/\\\/ponteseditores.com.br\\\/loja3\\\/#\\\/schema\\\/logo\\\/image\\\/\",\"url\":\"https:\\\/\\\/ponteseditores.com.br\\\/loja3\\\/wp-content\\\/uploads\\\/2023\\\/12\\\/logo-pontes-editores-v2.png\",\"contentUrl\":\"https:\\\/\\\/ponteseditores.com.br\\\/loja3\\\/wp-content\\\/uploads\\\/2023\\\/12\\\/logo-pontes-editores-v2.png\",\"width\":258,\"height\":100,\"caption\":\"Pontes Editores\"},\"image\":{\"@id\":\"https:\\\/\\\/ponteseditores.com.br\\\/loja3\\\/#\\\/schema\\\/logo\\\/image\\\/\"}}]}<\/script>\n<!-- \/ Yoast SEO plugin. -->","yoast_head_json":{"title":"L\u00edngua Estrangeira e Forma\u00e7\u00e3o Cidad\u00e3: Por entre Discursos e Pr\u00e1ticas Edi\u00e7\u00e3o ampliada - Col NPLA Vol 33 - Pontes Editores","robots":{"index":"index","follow":"follow","max-snippet":"max-snippet:-1","max-image-preview":"max-image-preview:large","max-video-preview":"max-video-preview:-1"},"canonical":"https:\/\/ponteseditores.com.br\/loja3\/pontes-editores-home-2__trashed\/ensino-de-linguas\/lingua-estrangeira-e-formacao-cidada-por-entre-discursos-e-praticas-edicao-ampliada-col-npla-vol-33\/","og_locale":"pt_BR","og_type":"article","og_title":"L\u00edngua Estrangeira e Forma\u00e7\u00e3o Cidad\u00e3: Por entre Discursos e Pr\u00e1ticas Edi\u00e7\u00e3o ampliada - Col NPLA Vol 33 - Pontes Editores","og_description":"Esta obra re\u00fane professores e pesquisadores de \u00e1reas e posicionamentos distintos, que se predispuseram a debater quest\u00f5es, compartilhando suas convic\u00e7\u00f5es e maneiras de pensar e enfrentar os desafios que nos s\u00e3o colocados como profissionais do campo da lingu\u00edstica aplicada. Em meio \u00e0 diversidade de vis\u00f5es e pr\u00e1ticas discutidas nesta obra, esperamos que ela contribua para [&hellip;]","og_url":"https:\/\/ponteseditores.com.br\/loja3\/pontes-editores-home-2__trashed\/ensino-de-linguas\/lingua-estrangeira-e-formacao-cidada-por-entre-discursos-e-praticas-edicao-ampliada-col-npla-vol-33\/","og_site_name":"Pontes Editores","article_modified_time":"2025-05-15T14:59:13+00:00","og_image":[{"width":490,"height":768,"url":"https:\/\/ponteseditores.com.br\/loja3\/wp-content\/uploads\/2023\/12\/formacao-cidada-3.jpg","type":"image\/jpeg"}],"twitter_card":"summary_large_image","twitter_misc":{"Est. tempo de leitura":"1 minuto"},"schema":{"@context":"https:\/\/schema.org","@graph":[{"@type":"WebPage","@id":"https:\/\/ponteseditores.com.br\/loja3\/pontes-editores-home-2__trashed\/ensino-de-linguas\/lingua-estrangeira-e-formacao-cidada-por-entre-discursos-e-praticas-edicao-ampliada-col-npla-vol-33\/","url":"https:\/\/ponteseditores.com.br\/loja3\/pontes-editores-home-2__trashed\/ensino-de-linguas\/lingua-estrangeira-e-formacao-cidada-por-entre-discursos-e-praticas-edicao-ampliada-col-npla-vol-33\/","name":"L\u00edngua Estrangeira e Forma\u00e7\u00e3o Cidad\u00e3: Por entre Discursos e Pr\u00e1ticas Edi\u00e7\u00e3o ampliada - Col NPLA Vol 33 - Pontes Editores","isPartOf":{"@id":"https:\/\/ponteseditores.com.br\/loja3\/#website"},"primaryImageOfPage":{"@id":"https:\/\/ponteseditores.com.br\/loja3\/pontes-editores-home-2__trashed\/ensino-de-linguas\/lingua-estrangeira-e-formacao-cidada-por-entre-discursos-e-praticas-edicao-ampliada-col-npla-vol-33\/#primaryimage"},"image":{"@id":"https:\/\/ponteseditores.com.br\/loja3\/pontes-editores-home-2__trashed\/ensino-de-linguas\/lingua-estrangeira-e-formacao-cidada-por-entre-discursos-e-praticas-edicao-ampliada-col-npla-vol-33\/#primaryimage"},"thumbnailUrl":"https:\/\/ponteseditores.com.br\/loja3\/wp-content\/uploads\/2023\/12\/formacao-cidada-3.jpg","datePublished":"2023-12-16T14:52:18+00:00","dateModified":"2025-05-15T14:59:13+00:00","breadcrumb":{"@id":"https:\/\/ponteseditores.com.br\/loja3\/pontes-editores-home-2__trashed\/ensino-de-linguas\/lingua-estrangeira-e-formacao-cidada-por-entre-discursos-e-praticas-edicao-ampliada-col-npla-vol-33\/#breadcrumb"},"inLanguage":"pt-BR","potentialAction":[{"@type":"ReadAction","target":["https:\/\/ponteseditores.com.br\/loja3\/pontes-editores-home-2__trashed\/ensino-de-linguas\/lingua-estrangeira-e-formacao-cidada-por-entre-discursos-e-praticas-edicao-ampliada-col-npla-vol-33\/"]}]},{"@type":"ImageObject","inLanguage":"pt-BR","@id":"https:\/\/ponteseditores.com.br\/loja3\/pontes-editores-home-2__trashed\/ensino-de-linguas\/lingua-estrangeira-e-formacao-cidada-por-entre-discursos-e-praticas-edicao-ampliada-col-npla-vol-33\/#primaryimage","url":"https:\/\/ponteseditores.com.br\/loja3\/wp-content\/uploads\/2023\/12\/formacao-cidada-3.jpg","contentUrl":"https:\/\/ponteseditores.com.br\/loja3\/wp-content\/uploads\/2023\/12\/formacao-cidada-3.jpg","width":490,"height":768},{"@type":"BreadcrumbList","@id":"https:\/\/ponteseditores.com.br\/loja3\/pontes-editores-home-2__trashed\/ensino-de-linguas\/lingua-estrangeira-e-formacao-cidada-por-entre-discursos-e-praticas-edicao-ampliada-col-npla-vol-33\/#breadcrumb","itemListElement":[{"@type":"ListItem","position":1,"name":"Home","item":"https:\/\/ponteseditores.com.br\/loja3\/"},{"@type":"ListItem","position":2,"name":"loja","item":"https:\/\/ponteseditores.com.br\/loja3\/loja\/"},{"@type":"ListItem","position":3,"name":"L\u00edngua Estrangeira e Forma\u00e7\u00e3o Cidad\u00e3: Por entre Discursos e Pr\u00e1ticas Edi\u00e7\u00e3o ampliada &#8211; Col NPLA Vol 33"}]},{"@type":"WebSite","@id":"https:\/\/ponteseditores.com.br\/loja3\/#website","url":"https:\/\/ponteseditores.com.br\/loja3\/","name":"Pontes Editores","description":"Pontes Editores","publisher":{"@id":"https:\/\/ponteseditores.com.br\/loja3\/#organization"},"potentialAction":[{"@type":"SearchAction","target":{"@type":"EntryPoint","urlTemplate":"https:\/\/ponteseditores.com.br\/loja3\/?s={search_term_string}"},"query-input":{"@type":"PropertyValueSpecification","valueRequired":true,"valueName":"search_term_string"}}],"inLanguage":"pt-BR"},{"@type":"Organization","@id":"https:\/\/ponteseditores.com.br\/loja3\/#organization","name":"Pontes Editores","url":"https:\/\/ponteseditores.com.br\/loja3\/","logo":{"@type":"ImageObject","inLanguage":"pt-BR","@id":"https:\/\/ponteseditores.com.br\/loja3\/#\/schema\/logo\/image\/","url":"https:\/\/ponteseditores.com.br\/loja3\/wp-content\/uploads\/2023\/12\/logo-pontes-editores-v2.png","contentUrl":"https:\/\/ponteseditores.com.br\/loja3\/wp-content\/uploads\/2023\/12\/logo-pontes-editores-v2.png","width":258,"height":100,"caption":"Pontes Editores"},"image":{"@id":"https:\/\/ponteseditores.com.br\/loja3\/#\/schema\/logo\/image\/"}}]}},"_links":{"self":[{"href":"https:\/\/ponteseditores.com.br\/loja3\/wp-json\/wp\/v2\/product\/8627","targetHints":{"allow":["GET"]}}],"collection":[{"href":"https:\/\/ponteseditores.com.br\/loja3\/wp-json\/wp\/v2\/product"}],"about":[{"href":"https:\/\/ponteseditores.com.br\/loja3\/wp-json\/wp\/v2\/types\/product"}],"replies":[{"embeddable":true,"href":"https:\/\/ponteseditores.com.br\/loja3\/wp-json\/wp\/v2\/comments?post=8627"}],"version-history":[{"count":1,"href":"https:\/\/ponteseditores.com.br\/loja3\/wp-json\/wp\/v2\/product\/8627\/revisions"}],"predecessor-version":[{"id":25790,"href":"https:\/\/ponteseditores.com.br\/loja3\/wp-json\/wp\/v2\/product\/8627\/revisions\/25790"}],"wp:featuredmedia":[{"embeddable":true,"href":"https:\/\/ponteseditores.com.br\/loja3\/wp-json\/wp\/v2\/media\/8626"}],"wp:attachment":[{"href":"https:\/\/ponteseditores.com.br\/loja3\/wp-json\/wp\/v2\/media?parent=8627"}],"wp:term":[{"taxonomy":"product_brand","embeddable":true,"href":"https:\/\/ponteseditores.com.br\/loja3\/wp-json\/wp\/v2\/product_brand?post=8627"},{"taxonomy":"product_cat","embeddable":true,"href":"https:\/\/ponteseditores.com.br\/loja3\/wp-json\/wp\/v2\/product_cat?post=8627"},{"taxonomy":"product_tag","embeddable":true,"href":"https:\/\/ponteseditores.com.br\/loja3\/wp-json\/wp\/v2\/product_tag?post=8627"}],"curies":[{"name":"wp","href":"https:\/\/api.w.org\/{rel}","templated":true}]}}