{"id":8624,"date":"2023-12-16T11:52:12","date_gmt":"2023-12-16T14:52:12","guid":{"rendered":"https:\/\/ponteseditores.com.br\/loja3\/pontes-editores-home-2__trashed\/sem%20categoria\/motivacao-estrategias-de-aprendizagem-e-autonomia-nas-aulas-de-espanhol-como-lingua-estrangeira\/"},"modified":"2024-03-25T11:47:35","modified_gmt":"2024-03-25T14:47:35","slug":"motivacao-estrategias-de-aprendizagem-e-autonomia-nas-aulas-de-espanhol-como-lingua-estrangeira","status":"publish","type":"product","link":"https:\/\/ponteseditores.com.br\/loja3\/pontes-editores-home-2__trashed\/ensino-de-linguas\/motivacao-estrategias-de-aprendizagem-e-autonomia-nas-aulas-de-espanhol-como-lingua-estrangeira\/","title":{"rendered":"Motiva\u00e7\u00e3o, Estrat\u00e9gias de Aprendizagem e Autonomia nas Aulas de Espanhol como L\u00edngua Estrangeira"},"content":{"rendered":"<p>O principal objetivo do livro \u00e9 atualizar o debate sobre alguns dos principais fatores que interv\u00eam no processo de ensino \u2013 aprendizagem de formandos de Letras, a saber: a motiva\u00e7\u00e3o, as estrat\u00e9gias de aprendizagem e a autonomia. Este livro, repleto de reflex\u00f5es t\u00e3o profundas, assentadas sobre um vasto conhecimento de teorias de aprendizagem de reconhecidos autores se apresenta como o ponto final de um ciclo de carreira profissional, o doutorado. Com essa iniciativa, portanto, retoma esse debate com especialistas de reconhecida notoriedade acad\u00eamica em sua \u00e1rea disciplinar.<\/p>\n<p>Maria Lu\u00edsa Ortiz Alvarez<\/p>\n","protected":false},"excerpt":{"rendered":"<p>O principal objetivo do livro \u00e9 atualizar o debate sobre alguns dos principais fatores que interv\u00eam no processo de ensino \u2013 aprendizagem de formandos de Letras, a saber: a motiva\u00e7\u00e3o, as estrat\u00e9gias de aprendizagem e a autonomia. Este livro, repleto de reflex\u00f5es t\u00e3o profundas, assentadas sobre um vasto conhecimento de teorias de aprendizagem de reconhecidos [&hellip;]<\/p>\n","protected":false},"featured_media":8623,"comment_status":"open","ping_status":"closed","template":"","meta":{"_joinchat":[]},"product_brand":[],"product_cat":[140,290],"product_tag":[],"class_list":{"0":"post-8624","1":"product","2":"type-product","3":"status-publish","4":"has-post-thumbnail","6":"product_cat-ensino-de-linguas","7":"product_cat-linguagem-e-linguas","9":"first","10":"outofstock","11":"shipping-taxable","12":"purchasable","13":"product-type-simple"},"yoast_head":"<!-- This site is optimized with the Yoast SEO plugin v27.4 - https:\/\/yoast.com\/product\/yoast-seo-wordpress\/ -->\n<title>Motiva\u00e7\u00e3o, Estrat\u00e9gias de Aprendizagem e Autonomia nas Aulas de Espanhol como L\u00edngua Estrangeira - Pontes Editores<\/title>\n<meta name=\"robots\" content=\"index, follow, max-snippet:-1, max-image-preview:large, max-video-preview:-1\" \/>\n<link rel=\"canonical\" href=\"https:\/\/ponteseditores.com.br\/loja3\/pontes-editores-home-2__trashed\/ensino-de-linguas\/motivacao-estrategias-de-aprendizagem-e-autonomia-nas-aulas-de-espanhol-como-lingua-estrangeira\/\" \/>\n<meta property=\"og:locale\" content=\"pt_BR\" \/>\n<meta property=\"og:type\" content=\"article\" \/>\n<meta property=\"og:title\" content=\"Motiva\u00e7\u00e3o, Estrat\u00e9gias de Aprendizagem e Autonomia nas Aulas de Espanhol como L\u00edngua Estrangeira - Pontes Editores\" \/>\n<meta property=\"og:description\" content=\"O principal objetivo do livro \u00e9 atualizar o debate sobre alguns dos principais fatores que interv\u00eam no processo de ensino \u2013 aprendizagem de formandos de Letras, a saber: a motiva\u00e7\u00e3o, as estrat\u00e9gias de aprendizagem e a autonomia. Este livro, repleto de reflex\u00f5es t\u00e3o profundas, assentadas sobre um vasto conhecimento de teorias de aprendizagem de reconhecidos [&hellip;]\" \/>\n<meta property=\"og:url\" content=\"https:\/\/ponteseditores.com.br\/loja3\/pontes-editores-home-2__trashed\/ensino-de-linguas\/motivacao-estrategias-de-aprendizagem-e-autonomia-nas-aulas-de-espanhol-como-lingua-estrangeira\/\" \/>\n<meta property=\"og:site_name\" content=\"Pontes Editores\" \/>\n<meta property=\"article:modified_time\" content=\"2024-03-25T14:47:35+00:00\" \/>\n<meta property=\"og:image\" content=\"https:\/\/ponteseditores.com.br\/loja3\/wp-content\/uploads\/2023\/12\/capa-motivacao-1.jpg\" \/>\n\t<meta property=\"og:image:width\" content=\"1700\" \/>\n\t<meta property=\"og:image:height\" content=\"2443\" \/>\n\t<meta property=\"og:image:type\" content=\"image\/jpeg\" \/>\n<meta name=\"twitter:card\" content=\"summary_large_image\" \/>\n<script type=\"application\/ld+json\" class=\"yoast-schema-graph\">{\"@context\":\"https:\\\/\\\/schema.org\",\"@graph\":[{\"@type\":\"WebPage\",\"@id\":\"https:\\\/\\\/ponteseditores.com.br\\\/loja3\\\/pontes-editores-home-2__trashed\\\/ensino-de-linguas\\\/motivacao-estrategias-de-aprendizagem-e-autonomia-nas-aulas-de-espanhol-como-lingua-estrangeira\\\/\",\"url\":\"https:\\\/\\\/ponteseditores.com.br\\\/loja3\\\/pontes-editores-home-2__trashed\\\/ensino-de-linguas\\\/motivacao-estrategias-de-aprendizagem-e-autonomia-nas-aulas-de-espanhol-como-lingua-estrangeira\\\/\",\"name\":\"Motiva\u00e7\u00e3o, Estrat\u00e9gias de Aprendizagem e Autonomia nas Aulas de Espanhol como L\u00edngua Estrangeira - Pontes Editores\",\"isPartOf\":{\"@id\":\"https:\\\/\\\/ponteseditores.com.br\\\/loja3\\\/#website\"},\"primaryImageOfPage\":{\"@id\":\"https:\\\/\\\/ponteseditores.com.br\\\/loja3\\\/pontes-editores-home-2__trashed\\\/ensino-de-linguas\\\/motivacao-estrategias-de-aprendizagem-e-autonomia-nas-aulas-de-espanhol-como-lingua-estrangeira\\\/#primaryimage\"},\"image\":{\"@id\":\"https:\\\/\\\/ponteseditores.com.br\\\/loja3\\\/pontes-editores-home-2__trashed\\\/ensino-de-linguas\\\/motivacao-estrategias-de-aprendizagem-e-autonomia-nas-aulas-de-espanhol-como-lingua-estrangeira\\\/#primaryimage\"},\"thumbnailUrl\":\"https:\\\/\\\/ponteseditores.com.br\\\/loja3\\\/wp-content\\\/uploads\\\/2023\\\/12\\\/capa-motivacao-1.jpg\",\"datePublished\":\"2023-12-16T14:52:12+00:00\",\"dateModified\":\"2024-03-25T14:47:35+00:00\",\"breadcrumb\":{\"@id\":\"https:\\\/\\\/ponteseditores.com.br\\\/loja3\\\/pontes-editores-home-2__trashed\\\/ensino-de-linguas\\\/motivacao-estrategias-de-aprendizagem-e-autonomia-nas-aulas-de-espanhol-como-lingua-estrangeira\\\/#breadcrumb\"},\"inLanguage\":\"pt-BR\",\"potentialAction\":[{\"@type\":\"ReadAction\",\"target\":[\"https:\\\/\\\/ponteseditores.com.br\\\/loja3\\\/pontes-editores-home-2__trashed\\\/ensino-de-linguas\\\/motivacao-estrategias-de-aprendizagem-e-autonomia-nas-aulas-de-espanhol-como-lingua-estrangeira\\\/\"]}]},{\"@type\":\"ImageObject\",\"inLanguage\":\"pt-BR\",\"@id\":\"https:\\\/\\\/ponteseditores.com.br\\\/loja3\\\/pontes-editores-home-2__trashed\\\/ensino-de-linguas\\\/motivacao-estrategias-de-aprendizagem-e-autonomia-nas-aulas-de-espanhol-como-lingua-estrangeira\\\/#primaryimage\",\"url\":\"https:\\\/\\\/ponteseditores.com.br\\\/loja3\\\/wp-content\\\/uploads\\\/2023\\\/12\\\/capa-motivacao-1.jpg\",\"contentUrl\":\"https:\\\/\\\/ponteseditores.com.br\\\/loja3\\\/wp-content\\\/uploads\\\/2023\\\/12\\\/capa-motivacao-1.jpg\",\"width\":1700,\"height\":2443},{\"@type\":\"BreadcrumbList\",\"@id\":\"https:\\\/\\\/ponteseditores.com.br\\\/loja3\\\/pontes-editores-home-2__trashed\\\/ensino-de-linguas\\\/motivacao-estrategias-de-aprendizagem-e-autonomia-nas-aulas-de-espanhol-como-lingua-estrangeira\\\/#breadcrumb\",\"itemListElement\":[{\"@type\":\"ListItem\",\"position\":1,\"name\":\"Home\",\"item\":\"https:\\\/\\\/ponteseditores.com.br\\\/loja3\\\/\"},{\"@type\":\"ListItem\",\"position\":2,\"name\":\"loja\",\"item\":\"https:\\\/\\\/ponteseditores.com.br\\\/loja3\\\/loja\\\/\"},{\"@type\":\"ListItem\",\"position\":3,\"name\":\"Motiva\u00e7\u00e3o, Estrat\u00e9gias de Aprendizagem e Autonomia nas Aulas de Espanhol como L\u00edngua Estrangeira\"}]},{\"@type\":\"WebSite\",\"@id\":\"https:\\\/\\\/ponteseditores.com.br\\\/loja3\\\/#website\",\"url\":\"https:\\\/\\\/ponteseditores.com.br\\\/loja3\\\/\",\"name\":\"Pontes Editores\",\"description\":\"Pontes Editores\",\"publisher\":{\"@id\":\"https:\\\/\\\/ponteseditores.com.br\\\/loja3\\\/#organization\"},\"potentialAction\":[{\"@type\":\"SearchAction\",\"target\":{\"@type\":\"EntryPoint\",\"urlTemplate\":\"https:\\\/\\\/ponteseditores.com.br\\\/loja3\\\/?s={search_term_string}\"},\"query-input\":{\"@type\":\"PropertyValueSpecification\",\"valueRequired\":true,\"valueName\":\"search_term_string\"}}],\"inLanguage\":\"pt-BR\"},{\"@type\":\"Organization\",\"@id\":\"https:\\\/\\\/ponteseditores.com.br\\\/loja3\\\/#organization\",\"name\":\"Pontes Editores\",\"url\":\"https:\\\/\\\/ponteseditores.com.br\\\/loja3\\\/\",\"logo\":{\"@type\":\"ImageObject\",\"inLanguage\":\"pt-BR\",\"@id\":\"https:\\\/\\\/ponteseditores.com.br\\\/loja3\\\/#\\\/schema\\\/logo\\\/image\\\/\",\"url\":\"https:\\\/\\\/ponteseditores.com.br\\\/loja3\\\/wp-content\\\/uploads\\\/2023\\\/12\\\/logo-pontes-editores-v2.png\",\"contentUrl\":\"https:\\\/\\\/ponteseditores.com.br\\\/loja3\\\/wp-content\\\/uploads\\\/2023\\\/12\\\/logo-pontes-editores-v2.png\",\"width\":258,\"height\":100,\"caption\":\"Pontes Editores\"},\"image\":{\"@id\":\"https:\\\/\\\/ponteseditores.com.br\\\/loja3\\\/#\\\/schema\\\/logo\\\/image\\\/\"}}]}<\/script>\n<!-- \/ Yoast SEO plugin. -->","yoast_head_json":{"title":"Motiva\u00e7\u00e3o, Estrat\u00e9gias de Aprendizagem e Autonomia nas Aulas de Espanhol como L\u00edngua Estrangeira - Pontes Editores","robots":{"index":"index","follow":"follow","max-snippet":"max-snippet:-1","max-image-preview":"max-image-preview:large","max-video-preview":"max-video-preview:-1"},"canonical":"https:\/\/ponteseditores.com.br\/loja3\/pontes-editores-home-2__trashed\/ensino-de-linguas\/motivacao-estrategias-de-aprendizagem-e-autonomia-nas-aulas-de-espanhol-como-lingua-estrangeira\/","og_locale":"pt_BR","og_type":"article","og_title":"Motiva\u00e7\u00e3o, Estrat\u00e9gias de Aprendizagem e Autonomia nas Aulas de Espanhol como L\u00edngua Estrangeira - Pontes Editores","og_description":"O principal objetivo do livro \u00e9 atualizar o debate sobre alguns dos principais fatores que interv\u00eam no processo de ensino \u2013 aprendizagem de formandos de Letras, a saber: a motiva\u00e7\u00e3o, as estrat\u00e9gias de aprendizagem e a autonomia. Este livro, repleto de reflex\u00f5es t\u00e3o profundas, assentadas sobre um vasto conhecimento de teorias de aprendizagem de reconhecidos [&hellip;]","og_url":"https:\/\/ponteseditores.com.br\/loja3\/pontes-editores-home-2__trashed\/ensino-de-linguas\/motivacao-estrategias-de-aprendizagem-e-autonomia-nas-aulas-de-espanhol-como-lingua-estrangeira\/","og_site_name":"Pontes Editores","article_modified_time":"2024-03-25T14:47:35+00:00","og_image":[{"width":1700,"height":2443,"url":"https:\/\/ponteseditores.com.br\/loja3\/wp-content\/uploads\/2023\/12\/capa-motivacao-1.jpg","type":"image\/jpeg"}],"twitter_card":"summary_large_image","schema":{"@context":"https:\/\/schema.org","@graph":[{"@type":"WebPage","@id":"https:\/\/ponteseditores.com.br\/loja3\/pontes-editores-home-2__trashed\/ensino-de-linguas\/motivacao-estrategias-de-aprendizagem-e-autonomia-nas-aulas-de-espanhol-como-lingua-estrangeira\/","url":"https:\/\/ponteseditores.com.br\/loja3\/pontes-editores-home-2__trashed\/ensino-de-linguas\/motivacao-estrategias-de-aprendizagem-e-autonomia-nas-aulas-de-espanhol-como-lingua-estrangeira\/","name":"Motiva\u00e7\u00e3o, Estrat\u00e9gias de Aprendizagem e Autonomia nas Aulas de Espanhol como L\u00edngua Estrangeira - Pontes Editores","isPartOf":{"@id":"https:\/\/ponteseditores.com.br\/loja3\/#website"},"primaryImageOfPage":{"@id":"https:\/\/ponteseditores.com.br\/loja3\/pontes-editores-home-2__trashed\/ensino-de-linguas\/motivacao-estrategias-de-aprendizagem-e-autonomia-nas-aulas-de-espanhol-como-lingua-estrangeira\/#primaryimage"},"image":{"@id":"https:\/\/ponteseditores.com.br\/loja3\/pontes-editores-home-2__trashed\/ensino-de-linguas\/motivacao-estrategias-de-aprendizagem-e-autonomia-nas-aulas-de-espanhol-como-lingua-estrangeira\/#primaryimage"},"thumbnailUrl":"https:\/\/ponteseditores.com.br\/loja3\/wp-content\/uploads\/2023\/12\/capa-motivacao-1.jpg","datePublished":"2023-12-16T14:52:12+00:00","dateModified":"2024-03-25T14:47:35+00:00","breadcrumb":{"@id":"https:\/\/ponteseditores.com.br\/loja3\/pontes-editores-home-2__trashed\/ensino-de-linguas\/motivacao-estrategias-de-aprendizagem-e-autonomia-nas-aulas-de-espanhol-como-lingua-estrangeira\/#breadcrumb"},"inLanguage":"pt-BR","potentialAction":[{"@type":"ReadAction","target":["https:\/\/ponteseditores.com.br\/loja3\/pontes-editores-home-2__trashed\/ensino-de-linguas\/motivacao-estrategias-de-aprendizagem-e-autonomia-nas-aulas-de-espanhol-como-lingua-estrangeira\/"]}]},{"@type":"ImageObject","inLanguage":"pt-BR","@id":"https:\/\/ponteseditores.com.br\/loja3\/pontes-editores-home-2__trashed\/ensino-de-linguas\/motivacao-estrategias-de-aprendizagem-e-autonomia-nas-aulas-de-espanhol-como-lingua-estrangeira\/#primaryimage","url":"https:\/\/ponteseditores.com.br\/loja3\/wp-content\/uploads\/2023\/12\/capa-motivacao-1.jpg","contentUrl":"https:\/\/ponteseditores.com.br\/loja3\/wp-content\/uploads\/2023\/12\/capa-motivacao-1.jpg","width":1700,"height":2443},{"@type":"BreadcrumbList","@id":"https:\/\/ponteseditores.com.br\/loja3\/pontes-editores-home-2__trashed\/ensino-de-linguas\/motivacao-estrategias-de-aprendizagem-e-autonomia-nas-aulas-de-espanhol-como-lingua-estrangeira\/#breadcrumb","itemListElement":[{"@type":"ListItem","position":1,"name":"Home","item":"https:\/\/ponteseditores.com.br\/loja3\/"},{"@type":"ListItem","position":2,"name":"loja","item":"https:\/\/ponteseditores.com.br\/loja3\/loja\/"},{"@type":"ListItem","position":3,"name":"Motiva\u00e7\u00e3o, Estrat\u00e9gias de Aprendizagem e Autonomia nas Aulas de Espanhol como L\u00edngua Estrangeira"}]},{"@type":"WebSite","@id":"https:\/\/ponteseditores.com.br\/loja3\/#website","url":"https:\/\/ponteseditores.com.br\/loja3\/","name":"Pontes Editores","description":"Pontes Editores","publisher":{"@id":"https:\/\/ponteseditores.com.br\/loja3\/#organization"},"potentialAction":[{"@type":"SearchAction","target":{"@type":"EntryPoint","urlTemplate":"https:\/\/ponteseditores.com.br\/loja3\/?s={search_term_string}"},"query-input":{"@type":"PropertyValueSpecification","valueRequired":true,"valueName":"search_term_string"}}],"inLanguage":"pt-BR"},{"@type":"Organization","@id":"https:\/\/ponteseditores.com.br\/loja3\/#organization","name":"Pontes Editores","url":"https:\/\/ponteseditores.com.br\/loja3\/","logo":{"@type":"ImageObject","inLanguage":"pt-BR","@id":"https:\/\/ponteseditores.com.br\/loja3\/#\/schema\/logo\/image\/","url":"https:\/\/ponteseditores.com.br\/loja3\/wp-content\/uploads\/2023\/12\/logo-pontes-editores-v2.png","contentUrl":"https:\/\/ponteseditores.com.br\/loja3\/wp-content\/uploads\/2023\/12\/logo-pontes-editores-v2.png","width":258,"height":100,"caption":"Pontes Editores"},"image":{"@id":"https:\/\/ponteseditores.com.br\/loja3\/#\/schema\/logo\/image\/"}}]}},"_links":{"self":[{"href":"https:\/\/ponteseditores.com.br\/loja3\/wp-json\/wp\/v2\/product\/8624","targetHints":{"allow":["GET"]}}],"collection":[{"href":"https:\/\/ponteseditores.com.br\/loja3\/wp-json\/wp\/v2\/product"}],"about":[{"href":"https:\/\/ponteseditores.com.br\/loja3\/wp-json\/wp\/v2\/types\/product"}],"replies":[{"embeddable":true,"href":"https:\/\/ponteseditores.com.br\/loja3\/wp-json\/wp\/v2\/comments?post=8624"}],"version-history":[{"count":0,"href":"https:\/\/ponteseditores.com.br\/loja3\/wp-json\/wp\/v2\/product\/8624\/revisions"}],"wp:featuredmedia":[{"embeddable":true,"href":"https:\/\/ponteseditores.com.br\/loja3\/wp-json\/wp\/v2\/media\/8623"}],"wp:attachment":[{"href":"https:\/\/ponteseditores.com.br\/loja3\/wp-json\/wp\/v2\/media?parent=8624"}],"wp:term":[{"taxonomy":"product_brand","embeddable":true,"href":"https:\/\/ponteseditores.com.br\/loja3\/wp-json\/wp\/v2\/product_brand?post=8624"},{"taxonomy":"product_cat","embeddable":true,"href":"https:\/\/ponteseditores.com.br\/loja3\/wp-json\/wp\/v2\/product_cat?post=8624"},{"taxonomy":"product_tag","embeddable":true,"href":"https:\/\/ponteseditores.com.br\/loja3\/wp-json\/wp\/v2\/product_tag?post=8624"}],"curies":[{"name":"wp","href":"https:\/\/api.w.org\/{rel}","templated":true}]}}