{"id":8621,"date":"2023-12-16T11:51:29","date_gmt":"2023-12-16T14:51:29","guid":{"rendered":"https:\/\/ponteseditores.com.br\/loja3\/pontes-editores-home-2__trashed\/sem%20categoria\/formacao-de-tradutores-desafios-da-sala-de-aula-volume-9\/"},"modified":"2024-08-13T17:17:00","modified_gmt":"2024-08-13T20:17:00","slug":"formacao-de-tradutores-desafios-da-sala-de-aula-volume-9","status":"publish","type":"product","link":"https:\/\/ponteseditores.com.br\/loja3\/pontes-editores-home-2__trashed\/traducao\/formacao-de-tradutores-desafios-da-sala-de-aula-volume-9\/","title":{"rendered":"Forma\u00e7\u00e3o de Tradutores: Desafios da Sala de Aula &#8211; volume 9"},"content":{"rendered":"<p>Ao finalizar a leitura deste livro, o leitor ter\u00e1 percebido que a maioria dos textos aqui publicados apresentam relatos de pesquisas e experi\u00eancias em sala de aula de tradu\u00e7\u00e3o, \u201c[&#8230;] considerada[s] a \u00faltima fronteira de investiga\u00e7\u00e3o nos campos de forma\u00e7\u00e3o profissional e importante fonte de dados para as an\u00e1lises envolvendo quest\u00f5es did\u00e1tico-pedag\u00f3gicas\u201d. (GON\u00c7ALVES, 2018, p. 10). Esses relatos s\u00e3o importantes para compreendermos a singularidade dos diferentes bacharelados destinados \u00e0 forma\u00e7\u00e3o de tradutores no Brasil. Esse fato \u00e9 extremamente relevante para a amplia\u00e7\u00e3o e o desenvolvimento das pesquisas relacionadas \u00e0 forma\u00e7\u00e3o de tradutores no Brasil, bem como \u00e0 proposta curricular dos diversos cursos, pois o contexto brasileiro difere-se enormemente da realidade europeia e canadense, que fundamentam a maioria das pesquisas brasileiras. O Semin\u00e1rio Internacional de Pedagogia e Did\u00e1tica da Tradu\u00e7\u00e3o (SEDITRAD) e a posterior publica\u00e7\u00e3o de estudos apresentados durante o evento s\u00e3o uma maneira de contribuir para essa busca pela singularidade da forma\u00e7\u00e3o de tradutores \u00e0 brasileira, pela discuss\u00e3o relativa \u00e0 Pedagogia, \u00e0 Did\u00e1tica, aos Estudos Curriculares da Tradu\u00e7\u00e3o.<\/p>\n<p>Com pouco mais de uma dezena de bacharelados destinados \u00e0 forma\u00e7\u00e3o de tradutores em institui\u00e7\u00f5es p\u00fablicas e aproximadamente duas dezenas em institui\u00e7\u00f5es privadas, cada gradua\u00e7\u00e3o apresenta diferentes especificidades, quer seja pelo contexto geogr\u00e1fico ou pelo contexto institucional, quer seja pela forma\u00e7\u00e3o dos docentes do quadro e do conhecimento pr\u00e9vio de seus ingressantes. Assim, \u00e9 preciso debater e pesquisar cada vez mais a forma\u00e7\u00e3o de tradutores no Brasil, sem deixar de lado as discuss\u00f5es oriundas dos diversos estudos publicados a cada ano ao redor do mundo.<\/p>\n","protected":false},"excerpt":{"rendered":"<p>Ao finalizar a leitura deste livro, o leitor ter\u00e1 percebido que a maioria dos textos aqui publicados apresentam relatos de pesquisas e experi\u00eancias em sala de aula de tradu\u00e7\u00e3o, \u201c[&#8230;] considerada[s] a \u00faltima fronteira de investiga\u00e7\u00e3o nos campos de forma\u00e7\u00e3o profissional e importante fonte de dados para as an\u00e1lises envolvendo quest\u00f5es did\u00e1tico-pedag\u00f3gicas\u201d. (GON\u00c7ALVES, 2018, p. [&hellip;]<\/p>\n","protected":false},"featured_media":14612,"comment_status":"open","ping_status":"closed","template":"","meta":{"_joinchat":[]},"product_brand":[],"product_cat":[332,305],"product_tag":[],"class_list":{"0":"post-8621","1":"product","2":"type-product","3":"status-publish","4":"has-post-thumbnail","6":"product_cat-estudos-da-traducao","7":"product_cat-traducao","9":"first","10":"outofstock","11":"shipping-taxable","12":"purchasable","13":"product-type-simple"},"yoast_head":"<!-- This site is optimized with the Yoast SEO plugin v27.4 - https:\/\/yoast.com\/product\/yoast-seo-wordpress\/ -->\n<title>Forma\u00e7\u00e3o de Tradutores: Desafios da Sala de Aula - volume 9 - Pontes Editores<\/title>\n<meta name=\"robots\" content=\"index, follow, max-snippet:-1, max-image-preview:large, max-video-preview:-1\" \/>\n<link rel=\"canonical\" href=\"https:\/\/ponteseditores.com.br\/loja3\/pontes-editores-home-2__trashed\/traducao\/formacao-de-tradutores-desafios-da-sala-de-aula-volume-9\/\" \/>\n<meta property=\"og:locale\" content=\"pt_BR\" \/>\n<meta property=\"og:type\" content=\"article\" \/>\n<meta property=\"og:title\" content=\"Forma\u00e7\u00e3o de Tradutores: Desafios da Sala de Aula - volume 9 - Pontes Editores\" \/>\n<meta property=\"og:description\" content=\"Ao finalizar a leitura deste livro, o leitor ter\u00e1 percebido que a maioria dos textos aqui publicados apresentam relatos de pesquisas e experi\u00eancias em sala de aula de tradu\u00e7\u00e3o, \u201c[&#8230;] considerada[s] a \u00faltima fronteira de investiga\u00e7\u00e3o nos campos de forma\u00e7\u00e3o profissional e importante fonte de dados para as an\u00e1lises envolvendo quest\u00f5es did\u00e1tico-pedag\u00f3gicas\u201d. (GON\u00c7ALVES, 2018, p. [&hellip;]\" \/>\n<meta property=\"og:url\" content=\"https:\/\/ponteseditores.com.br\/loja3\/pontes-editores-home-2__trashed\/traducao\/formacao-de-tradutores-desafios-da-sala-de-aula-volume-9\/\" \/>\n<meta property=\"og:site_name\" content=\"Pontes Editores\" \/>\n<meta property=\"article:modified_time\" content=\"2024-08-13T20:17:00+00:00\" \/>\n<meta property=\"og:image\" content=\"https:\/\/ponteseditores.com.br\/loja3\/wp-content\/uploads\/2023\/12\/formacaovol9.jpg\" \/>\n\t<meta property=\"og:image:width\" content=\"800\" \/>\n\t<meta property=\"og:image:height\" content=\"1214\" \/>\n\t<meta property=\"og:image:type\" content=\"image\/jpeg\" \/>\n<meta name=\"twitter:card\" content=\"summary_large_image\" \/>\n<meta name=\"twitter:label1\" content=\"Est. tempo de leitura\" \/>\n\t<meta name=\"twitter:data1\" content=\"2 minutos\" \/>\n<script type=\"application\/ld+json\" class=\"yoast-schema-graph\">{\"@context\":\"https:\\\/\\\/schema.org\",\"@graph\":[{\"@type\":\"WebPage\",\"@id\":\"https:\\\/\\\/ponteseditores.com.br\\\/loja3\\\/pontes-editores-home-2__trashed\\\/traducao\\\/formacao-de-tradutores-desafios-da-sala-de-aula-volume-9\\\/\",\"url\":\"https:\\\/\\\/ponteseditores.com.br\\\/loja3\\\/pontes-editores-home-2__trashed\\\/traducao\\\/formacao-de-tradutores-desafios-da-sala-de-aula-volume-9\\\/\",\"name\":\"Forma\u00e7\u00e3o de Tradutores: Desafios da Sala de Aula - volume 9 - Pontes Editores\",\"isPartOf\":{\"@id\":\"https:\\\/\\\/ponteseditores.com.br\\\/loja3\\\/#website\"},\"primaryImageOfPage\":{\"@id\":\"https:\\\/\\\/ponteseditores.com.br\\\/loja3\\\/pontes-editores-home-2__trashed\\\/traducao\\\/formacao-de-tradutores-desafios-da-sala-de-aula-volume-9\\\/#primaryimage\"},\"image\":{\"@id\":\"https:\\\/\\\/ponteseditores.com.br\\\/loja3\\\/pontes-editores-home-2__trashed\\\/traducao\\\/formacao-de-tradutores-desafios-da-sala-de-aula-volume-9\\\/#primaryimage\"},\"thumbnailUrl\":\"https:\\\/\\\/ponteseditores.com.br\\\/loja3\\\/wp-content\\\/uploads\\\/2023\\\/12\\\/formacaovol9.jpg\",\"datePublished\":\"2023-12-16T14:51:29+00:00\",\"dateModified\":\"2024-08-13T20:17:00+00:00\",\"breadcrumb\":{\"@id\":\"https:\\\/\\\/ponteseditores.com.br\\\/loja3\\\/pontes-editores-home-2__trashed\\\/traducao\\\/formacao-de-tradutores-desafios-da-sala-de-aula-volume-9\\\/#breadcrumb\"},\"inLanguage\":\"pt-BR\",\"potentialAction\":[{\"@type\":\"ReadAction\",\"target\":[\"https:\\\/\\\/ponteseditores.com.br\\\/loja3\\\/pontes-editores-home-2__trashed\\\/traducao\\\/formacao-de-tradutores-desafios-da-sala-de-aula-volume-9\\\/\"]}]},{\"@type\":\"ImageObject\",\"inLanguage\":\"pt-BR\",\"@id\":\"https:\\\/\\\/ponteseditores.com.br\\\/loja3\\\/pontes-editores-home-2__trashed\\\/traducao\\\/formacao-de-tradutores-desafios-da-sala-de-aula-volume-9\\\/#primaryimage\",\"url\":\"https:\\\/\\\/ponteseditores.com.br\\\/loja3\\\/wp-content\\\/uploads\\\/2023\\\/12\\\/formacaovol9.jpg\",\"contentUrl\":\"https:\\\/\\\/ponteseditores.com.br\\\/loja3\\\/wp-content\\\/uploads\\\/2023\\\/12\\\/formacaovol9.jpg\",\"width\":800,\"height\":1214},{\"@type\":\"BreadcrumbList\",\"@id\":\"https:\\\/\\\/ponteseditores.com.br\\\/loja3\\\/pontes-editores-home-2__trashed\\\/traducao\\\/formacao-de-tradutores-desafios-da-sala-de-aula-volume-9\\\/#breadcrumb\",\"itemListElement\":[{\"@type\":\"ListItem\",\"position\":1,\"name\":\"Home\",\"item\":\"https:\\\/\\\/ponteseditores.com.br\\\/loja3\\\/\"},{\"@type\":\"ListItem\",\"position\":2,\"name\":\"loja\",\"item\":\"https:\\\/\\\/ponteseditores.com.br\\\/loja3\\\/loja\\\/\"},{\"@type\":\"ListItem\",\"position\":3,\"name\":\"Forma\u00e7\u00e3o de Tradutores: Desafios da Sala de Aula &#8211; volume 9\"}]},{\"@type\":\"WebSite\",\"@id\":\"https:\\\/\\\/ponteseditores.com.br\\\/loja3\\\/#website\",\"url\":\"https:\\\/\\\/ponteseditores.com.br\\\/loja3\\\/\",\"name\":\"Pontes Editores\",\"description\":\"Pontes Editores\",\"publisher\":{\"@id\":\"https:\\\/\\\/ponteseditores.com.br\\\/loja3\\\/#organization\"},\"potentialAction\":[{\"@type\":\"SearchAction\",\"target\":{\"@type\":\"EntryPoint\",\"urlTemplate\":\"https:\\\/\\\/ponteseditores.com.br\\\/loja3\\\/?s={search_term_string}\"},\"query-input\":{\"@type\":\"PropertyValueSpecification\",\"valueRequired\":true,\"valueName\":\"search_term_string\"}}],\"inLanguage\":\"pt-BR\"},{\"@type\":\"Organization\",\"@id\":\"https:\\\/\\\/ponteseditores.com.br\\\/loja3\\\/#organization\",\"name\":\"Pontes Editores\",\"url\":\"https:\\\/\\\/ponteseditores.com.br\\\/loja3\\\/\",\"logo\":{\"@type\":\"ImageObject\",\"inLanguage\":\"pt-BR\",\"@id\":\"https:\\\/\\\/ponteseditores.com.br\\\/loja3\\\/#\\\/schema\\\/logo\\\/image\\\/\",\"url\":\"https:\\\/\\\/ponteseditores.com.br\\\/loja3\\\/wp-content\\\/uploads\\\/2023\\\/12\\\/logo-pontes-editores-v2.png\",\"contentUrl\":\"https:\\\/\\\/ponteseditores.com.br\\\/loja3\\\/wp-content\\\/uploads\\\/2023\\\/12\\\/logo-pontes-editores-v2.png\",\"width\":258,\"height\":100,\"caption\":\"Pontes Editores\"},\"image\":{\"@id\":\"https:\\\/\\\/ponteseditores.com.br\\\/loja3\\\/#\\\/schema\\\/logo\\\/image\\\/\"}}]}<\/script>\n<!-- \/ Yoast SEO plugin. -->","yoast_head_json":{"title":"Forma\u00e7\u00e3o de Tradutores: Desafios da Sala de Aula - volume 9 - Pontes Editores","robots":{"index":"index","follow":"follow","max-snippet":"max-snippet:-1","max-image-preview":"max-image-preview:large","max-video-preview":"max-video-preview:-1"},"canonical":"https:\/\/ponteseditores.com.br\/loja3\/pontes-editores-home-2__trashed\/traducao\/formacao-de-tradutores-desafios-da-sala-de-aula-volume-9\/","og_locale":"pt_BR","og_type":"article","og_title":"Forma\u00e7\u00e3o de Tradutores: Desafios da Sala de Aula - volume 9 - Pontes Editores","og_description":"Ao finalizar a leitura deste livro, o leitor ter\u00e1 percebido que a maioria dos textos aqui publicados apresentam relatos de pesquisas e experi\u00eancias em sala de aula de tradu\u00e7\u00e3o, \u201c[&#8230;] considerada[s] a \u00faltima fronteira de investiga\u00e7\u00e3o nos campos de forma\u00e7\u00e3o profissional e importante fonte de dados para as an\u00e1lises envolvendo quest\u00f5es did\u00e1tico-pedag\u00f3gicas\u201d. (GON\u00c7ALVES, 2018, p. [&hellip;]","og_url":"https:\/\/ponteseditores.com.br\/loja3\/pontes-editores-home-2__trashed\/traducao\/formacao-de-tradutores-desafios-da-sala-de-aula-volume-9\/","og_site_name":"Pontes Editores","article_modified_time":"2024-08-13T20:17:00+00:00","og_image":[{"width":800,"height":1214,"url":"https:\/\/ponteseditores.com.br\/loja3\/wp-content\/uploads\/2023\/12\/formacaovol9.jpg","type":"image\/jpeg"}],"twitter_card":"summary_large_image","twitter_misc":{"Est. tempo de leitura":"2 minutos"},"schema":{"@context":"https:\/\/schema.org","@graph":[{"@type":"WebPage","@id":"https:\/\/ponteseditores.com.br\/loja3\/pontes-editores-home-2__trashed\/traducao\/formacao-de-tradutores-desafios-da-sala-de-aula-volume-9\/","url":"https:\/\/ponteseditores.com.br\/loja3\/pontes-editores-home-2__trashed\/traducao\/formacao-de-tradutores-desafios-da-sala-de-aula-volume-9\/","name":"Forma\u00e7\u00e3o de Tradutores: Desafios da Sala de Aula - volume 9 - Pontes Editores","isPartOf":{"@id":"https:\/\/ponteseditores.com.br\/loja3\/#website"},"primaryImageOfPage":{"@id":"https:\/\/ponteseditores.com.br\/loja3\/pontes-editores-home-2__trashed\/traducao\/formacao-de-tradutores-desafios-da-sala-de-aula-volume-9\/#primaryimage"},"image":{"@id":"https:\/\/ponteseditores.com.br\/loja3\/pontes-editores-home-2__trashed\/traducao\/formacao-de-tradutores-desafios-da-sala-de-aula-volume-9\/#primaryimage"},"thumbnailUrl":"https:\/\/ponteseditores.com.br\/loja3\/wp-content\/uploads\/2023\/12\/formacaovol9.jpg","datePublished":"2023-12-16T14:51:29+00:00","dateModified":"2024-08-13T20:17:00+00:00","breadcrumb":{"@id":"https:\/\/ponteseditores.com.br\/loja3\/pontes-editores-home-2__trashed\/traducao\/formacao-de-tradutores-desafios-da-sala-de-aula-volume-9\/#breadcrumb"},"inLanguage":"pt-BR","potentialAction":[{"@type":"ReadAction","target":["https:\/\/ponteseditores.com.br\/loja3\/pontes-editores-home-2__trashed\/traducao\/formacao-de-tradutores-desafios-da-sala-de-aula-volume-9\/"]}]},{"@type":"ImageObject","inLanguage":"pt-BR","@id":"https:\/\/ponteseditores.com.br\/loja3\/pontes-editores-home-2__trashed\/traducao\/formacao-de-tradutores-desafios-da-sala-de-aula-volume-9\/#primaryimage","url":"https:\/\/ponteseditores.com.br\/loja3\/wp-content\/uploads\/2023\/12\/formacaovol9.jpg","contentUrl":"https:\/\/ponteseditores.com.br\/loja3\/wp-content\/uploads\/2023\/12\/formacaovol9.jpg","width":800,"height":1214},{"@type":"BreadcrumbList","@id":"https:\/\/ponteseditores.com.br\/loja3\/pontes-editores-home-2__trashed\/traducao\/formacao-de-tradutores-desafios-da-sala-de-aula-volume-9\/#breadcrumb","itemListElement":[{"@type":"ListItem","position":1,"name":"Home","item":"https:\/\/ponteseditores.com.br\/loja3\/"},{"@type":"ListItem","position":2,"name":"loja","item":"https:\/\/ponteseditores.com.br\/loja3\/loja\/"},{"@type":"ListItem","position":3,"name":"Forma\u00e7\u00e3o de Tradutores: Desafios da Sala de Aula &#8211; volume 9"}]},{"@type":"WebSite","@id":"https:\/\/ponteseditores.com.br\/loja3\/#website","url":"https:\/\/ponteseditores.com.br\/loja3\/","name":"Pontes Editores","description":"Pontes Editores","publisher":{"@id":"https:\/\/ponteseditores.com.br\/loja3\/#organization"},"potentialAction":[{"@type":"SearchAction","target":{"@type":"EntryPoint","urlTemplate":"https:\/\/ponteseditores.com.br\/loja3\/?s={search_term_string}"},"query-input":{"@type":"PropertyValueSpecification","valueRequired":true,"valueName":"search_term_string"}}],"inLanguage":"pt-BR"},{"@type":"Organization","@id":"https:\/\/ponteseditores.com.br\/loja3\/#organization","name":"Pontes Editores","url":"https:\/\/ponteseditores.com.br\/loja3\/","logo":{"@type":"ImageObject","inLanguage":"pt-BR","@id":"https:\/\/ponteseditores.com.br\/loja3\/#\/schema\/logo\/image\/","url":"https:\/\/ponteseditores.com.br\/loja3\/wp-content\/uploads\/2023\/12\/logo-pontes-editores-v2.png","contentUrl":"https:\/\/ponteseditores.com.br\/loja3\/wp-content\/uploads\/2023\/12\/logo-pontes-editores-v2.png","width":258,"height":100,"caption":"Pontes Editores"},"image":{"@id":"https:\/\/ponteseditores.com.br\/loja3\/#\/schema\/logo\/image\/"}}]}},"_links":{"self":[{"href":"https:\/\/ponteseditores.com.br\/loja3\/wp-json\/wp\/v2\/product\/8621","targetHints":{"allow":["GET"]}}],"collection":[{"href":"https:\/\/ponteseditores.com.br\/loja3\/wp-json\/wp\/v2\/product"}],"about":[{"href":"https:\/\/ponteseditores.com.br\/loja3\/wp-json\/wp\/v2\/types\/product"}],"replies":[{"embeddable":true,"href":"https:\/\/ponteseditores.com.br\/loja3\/wp-json\/wp\/v2\/comments?post=8621"}],"version-history":[{"count":0,"href":"https:\/\/ponteseditores.com.br\/loja3\/wp-json\/wp\/v2\/product\/8621\/revisions"}],"wp:featuredmedia":[{"embeddable":true,"href":"https:\/\/ponteseditores.com.br\/loja3\/wp-json\/wp\/v2\/media\/14612"}],"wp:attachment":[{"href":"https:\/\/ponteseditores.com.br\/loja3\/wp-json\/wp\/v2\/media?parent=8621"}],"wp:term":[{"taxonomy":"product_brand","embeddable":true,"href":"https:\/\/ponteseditores.com.br\/loja3\/wp-json\/wp\/v2\/product_brand?post=8621"},{"taxonomy":"product_cat","embeddable":true,"href":"https:\/\/ponteseditores.com.br\/loja3\/wp-json\/wp\/v2\/product_cat?post=8621"},{"taxonomy":"product_tag","embeddable":true,"href":"https:\/\/ponteseditores.com.br\/loja3\/wp-json\/wp\/v2\/product_tag?post=8621"}],"curies":[{"name":"wp","href":"https:\/\/api.w.org\/{rel}","templated":true}]}}