{"id":8611,"date":"2023-12-16T01:52:04","date_gmt":"2023-12-16T04:52:04","guid":{"rendered":"https:\/\/ponteseditores.com.br\/loja3\/pontes-editores-home-2__trashed\/sem categoria\/uma-janela-de-possibilidades-na-educacao-da-infancia-em-tempos-de-pandemia\/"},"modified":"2023-12-16T01:52:04","modified_gmt":"2023-12-16T04:52:04","slug":"uma-janela-de-possibilidades-na-educacao-da-infancia-em-tempos-de-pandemia","status":"publish","type":"product","link":"https:\/\/ponteseditores.com.br\/loja3\/pontes-editores-home-2__trashed\/uncategorized\/uma-janela-de-possibilidades-na-educacao-da-infancia-em-tempos-de-pandemia\/","title":{"rendered":"UMA JANELA DE POSSIBILIDADES NA EDUCA\u00c7\u00c3O  DA INF\u00c2NCIA EM TEMPOS DE PANDEMIA"},"content":{"rendered":"<p>Denunciar \u00e9 preciso. E anunciar \u00e9 imprescind\u00edvel.<\/p>\n<p>                Neste momento vivido, de tantas incertezas, h\u00e1 a necessidade de anunciar novos caminhos, na perspectiva de olhares e propostas para resistir a este contexto de complexidade que invade a educa\u00e7\u00e3o brasileira. A busca de outras dimens\u00f5es do conhecimento, da experi\u00eancia n\u00e3o percorrida, \u00e9 o grande desafio para todos n\u00f3s, envolvidos no fazer pedag\u00f3gico da educa\u00e7\u00e3o da inf\u00e2ncia. \u00c9 preciso realizar a imers\u00e3o profunda nas rela\u00e7\u00f5es que se estabelecem nas escolas, rompendo as dicotomias, os estere\u00f3tipos, libertando o olhar de uma epistemologia aprisionada em verdades absolutas, que cria obst\u00e1culos para o processo criativo, a inova\u00e7\u00e3o e as possibilidades do ser humano se desenvolver plenamente. Esta obra, traz den\u00fancias importantes para quem pensa sobre educa\u00e7\u00e3o da inf\u00e2ncia, por\u00e9m, avan\u00e7a em seu prop\u00f3sito, pois apresenta an\u00fancios poss\u00edveis para atravessarmos a pandemia com a esperan\u00e7a de um novo amanhecer para as nossas crian\u00e7as, cheio de afetos e possibilidades&#8230;&#8230;<\/p>\n<p>Emilia Cipriano Sanches<\/p>\n","protected":false},"excerpt":{"rendered":"<p>Denunciar \u00e9 preciso. E anunciar \u00e9 imprescind\u00edvel. Neste momento vivido, de tantas incertezas, h\u00e1 a necessidade de anunciar novos caminhos, na perspectiva de olhares e propostas para resistir a este contexto de complexidade que invade a educa\u00e7\u00e3o brasileira. A busca de outras dimens\u00f5es do conhecimento, da experi\u00eancia n\u00e3o percorrida, \u00e9 o grande desafio para todos [&hellip;]<\/p>\n","protected":false},"featured_media":8610,"comment_status":"open","ping_status":"closed","template":"","meta":{"_joinchat":[]},"product_brand":[],"product_cat":[15],"product_tag":[],"class_list":{"0":"post-8611","1":"product","2":"type-product","3":"status-publish","4":"has-post-thumbnail","6":"product_cat-uncategorized","8":"first","9":"instock","10":"shipping-taxable","11":"purchasable","12":"product-type-simple"},"yoast_head":"<!-- This site is optimized with the Yoast SEO plugin v27.4 - https:\/\/yoast.com\/product\/yoast-seo-wordpress\/ -->\n<title>UMA JANELA DE POSSIBILIDADES NA EDUCA\u00c7\u00c3O DA INF\u00c2NCIA EM TEMPOS DE PANDEMIA - Pontes Editores<\/title>\n<meta name=\"robots\" content=\"index, follow, max-snippet:-1, max-image-preview:large, max-video-preview:-1\" \/>\n<link rel=\"canonical\" href=\"https:\/\/ponteseditores.com.br\/loja3\/pontes-editores-home-2__trashed\/uncategorized\/uma-janela-de-possibilidades-na-educacao-da-infancia-em-tempos-de-pandemia\/\" \/>\n<meta property=\"og:locale\" content=\"pt_BR\" \/>\n<meta property=\"og:type\" content=\"article\" \/>\n<meta property=\"og:title\" content=\"UMA JANELA DE POSSIBILIDADES NA EDUCA\u00c7\u00c3O DA INF\u00c2NCIA EM TEMPOS DE PANDEMIA - Pontes Editores\" \/>\n<meta property=\"og:description\" content=\"Denunciar \u00e9 preciso. E anunciar \u00e9 imprescind\u00edvel. Neste momento vivido, de tantas incertezas, h\u00e1 a necessidade de anunciar novos caminhos, na perspectiva de olhares e propostas para resistir a este contexto de complexidade que invade a educa\u00e7\u00e3o brasileira. A busca de outras dimens\u00f5es do conhecimento, da experi\u00eancia n\u00e3o percorrida, \u00e9 o grande desafio para todos [&hellip;]\" \/>\n<meta property=\"og:url\" content=\"https:\/\/ponteseditores.com.br\/loja3\/pontes-editores-home-2__trashed\/uncategorized\/uma-janela-de-possibilidades-na-educacao-da-infancia-em-tempos-de-pandemia\/\" \/>\n<meta property=\"og:site_name\" content=\"Pontes Editores\" \/>\n<meta property=\"og:image\" content=\"https:\/\/ponteseditores.com.br\/loja3\/wp-content\/uploads\/2023\/12\/UMA20JANELA20DE20POSSIBILIDADES20NA20EDUCACAO-CAPA.jpg\" \/>\n\t<meta property=\"og:image:width\" content=\"1000\" \/>\n\t<meta property=\"og:image:height\" content=\"1575\" \/>\n\t<meta property=\"og:image:type\" content=\"image\/jpeg\" \/>\n<meta name=\"twitter:card\" content=\"summary_large_image\" \/>\n<meta name=\"twitter:label1\" content=\"Est. tempo de leitura\" \/>\n\t<meta name=\"twitter:data1\" content=\"1 minuto\" \/>\n<script type=\"application\/ld+json\" class=\"yoast-schema-graph\">{\"@context\":\"https:\\\/\\\/schema.org\",\"@graph\":[{\"@type\":\"WebPage\",\"@id\":\"https:\\\/\\\/ponteseditores.com.br\\\/loja3\\\/pontes-editores-home-2__trashed\\\/uncategorized\\\/uma-janela-de-possibilidades-na-educacao-da-infancia-em-tempos-de-pandemia\\\/\",\"url\":\"https:\\\/\\\/ponteseditores.com.br\\\/loja3\\\/pontes-editores-home-2__trashed\\\/uncategorized\\\/uma-janela-de-possibilidades-na-educacao-da-infancia-em-tempos-de-pandemia\\\/\",\"name\":\"UMA JANELA DE POSSIBILIDADES NA EDUCA\u00c7\u00c3O DA INF\u00c2NCIA EM TEMPOS DE PANDEMIA - Pontes Editores\",\"isPartOf\":{\"@id\":\"https:\\\/\\\/ponteseditores.com.br\\\/loja3\\\/#website\"},\"primaryImageOfPage\":{\"@id\":\"https:\\\/\\\/ponteseditores.com.br\\\/loja3\\\/pontes-editores-home-2__trashed\\\/uncategorized\\\/uma-janela-de-possibilidades-na-educacao-da-infancia-em-tempos-de-pandemia\\\/#primaryimage\"},\"image\":{\"@id\":\"https:\\\/\\\/ponteseditores.com.br\\\/loja3\\\/pontes-editores-home-2__trashed\\\/uncategorized\\\/uma-janela-de-possibilidades-na-educacao-da-infancia-em-tempos-de-pandemia\\\/#primaryimage\"},\"thumbnailUrl\":\"https:\\\/\\\/ponteseditores.com.br\\\/loja3\\\/wp-content\\\/uploads\\\/2023\\\/12\\\/UMA20JANELA20DE20POSSIBILIDADES20NA20EDUCACAO-CAPA.jpg\",\"datePublished\":\"2023-12-16T04:52:04+00:00\",\"breadcrumb\":{\"@id\":\"https:\\\/\\\/ponteseditores.com.br\\\/loja3\\\/pontes-editores-home-2__trashed\\\/uncategorized\\\/uma-janela-de-possibilidades-na-educacao-da-infancia-em-tempos-de-pandemia\\\/#breadcrumb\"},\"inLanguage\":\"pt-BR\",\"potentialAction\":[{\"@type\":\"ReadAction\",\"target\":[\"https:\\\/\\\/ponteseditores.com.br\\\/loja3\\\/pontes-editores-home-2__trashed\\\/uncategorized\\\/uma-janela-de-possibilidades-na-educacao-da-infancia-em-tempos-de-pandemia\\\/\"]}]},{\"@type\":\"ImageObject\",\"inLanguage\":\"pt-BR\",\"@id\":\"https:\\\/\\\/ponteseditores.com.br\\\/loja3\\\/pontes-editores-home-2__trashed\\\/uncategorized\\\/uma-janela-de-possibilidades-na-educacao-da-infancia-em-tempos-de-pandemia\\\/#primaryimage\",\"url\":\"https:\\\/\\\/ponteseditores.com.br\\\/loja3\\\/wp-content\\\/uploads\\\/2023\\\/12\\\/UMA20JANELA20DE20POSSIBILIDADES20NA20EDUCACAO-CAPA.jpg\",\"contentUrl\":\"https:\\\/\\\/ponteseditores.com.br\\\/loja3\\\/wp-content\\\/uploads\\\/2023\\\/12\\\/UMA20JANELA20DE20POSSIBILIDADES20NA20EDUCACAO-CAPA.jpg\",\"width\":1000,\"height\":1575},{\"@type\":\"BreadcrumbList\",\"@id\":\"https:\\\/\\\/ponteseditores.com.br\\\/loja3\\\/pontes-editores-home-2__trashed\\\/uncategorized\\\/uma-janela-de-possibilidades-na-educacao-da-infancia-em-tempos-de-pandemia\\\/#breadcrumb\",\"itemListElement\":[{\"@type\":\"ListItem\",\"position\":1,\"name\":\"Home\",\"item\":\"https:\\\/\\\/ponteseditores.com.br\\\/loja3\\\/\"},{\"@type\":\"ListItem\",\"position\":2,\"name\":\"loja\",\"item\":\"https:\\\/\\\/ponteseditores.com.br\\\/loja3\\\/loja\\\/\"},{\"@type\":\"ListItem\",\"position\":3,\"name\":\"UMA JANELA DE POSSIBILIDADES NA EDUCA\u00c7\u00c3O DA INF\u00c2NCIA EM TEMPOS DE PANDEMIA\"}]},{\"@type\":\"WebSite\",\"@id\":\"https:\\\/\\\/ponteseditores.com.br\\\/loja3\\\/#website\",\"url\":\"https:\\\/\\\/ponteseditores.com.br\\\/loja3\\\/\",\"name\":\"Pontes Editores\",\"description\":\"Pontes Editores\",\"publisher\":{\"@id\":\"https:\\\/\\\/ponteseditores.com.br\\\/loja3\\\/#organization\"},\"potentialAction\":[{\"@type\":\"SearchAction\",\"target\":{\"@type\":\"EntryPoint\",\"urlTemplate\":\"https:\\\/\\\/ponteseditores.com.br\\\/loja3\\\/?s={search_term_string}\"},\"query-input\":{\"@type\":\"PropertyValueSpecification\",\"valueRequired\":true,\"valueName\":\"search_term_string\"}}],\"inLanguage\":\"pt-BR\"},{\"@type\":\"Organization\",\"@id\":\"https:\\\/\\\/ponteseditores.com.br\\\/loja3\\\/#organization\",\"name\":\"Pontes Editores\",\"url\":\"https:\\\/\\\/ponteseditores.com.br\\\/loja3\\\/\",\"logo\":{\"@type\":\"ImageObject\",\"inLanguage\":\"pt-BR\",\"@id\":\"https:\\\/\\\/ponteseditores.com.br\\\/loja3\\\/#\\\/schema\\\/logo\\\/image\\\/\",\"url\":\"https:\\\/\\\/ponteseditores.com.br\\\/loja3\\\/wp-content\\\/uploads\\\/2023\\\/12\\\/logo-pontes-editores-v2.png\",\"contentUrl\":\"https:\\\/\\\/ponteseditores.com.br\\\/loja3\\\/wp-content\\\/uploads\\\/2023\\\/12\\\/logo-pontes-editores-v2.png\",\"width\":258,\"height\":100,\"caption\":\"Pontes Editores\"},\"image\":{\"@id\":\"https:\\\/\\\/ponteseditores.com.br\\\/loja3\\\/#\\\/schema\\\/logo\\\/image\\\/\"}}]}<\/script>\n<!-- \/ Yoast SEO plugin. -->","yoast_head_json":{"title":"UMA JANELA DE POSSIBILIDADES NA EDUCA\u00c7\u00c3O DA INF\u00c2NCIA EM TEMPOS DE PANDEMIA - Pontes Editores","robots":{"index":"index","follow":"follow","max-snippet":"max-snippet:-1","max-image-preview":"max-image-preview:large","max-video-preview":"max-video-preview:-1"},"canonical":"https:\/\/ponteseditores.com.br\/loja3\/pontes-editores-home-2__trashed\/uncategorized\/uma-janela-de-possibilidades-na-educacao-da-infancia-em-tempos-de-pandemia\/","og_locale":"pt_BR","og_type":"article","og_title":"UMA JANELA DE POSSIBILIDADES NA EDUCA\u00c7\u00c3O DA INF\u00c2NCIA EM TEMPOS DE PANDEMIA - Pontes Editores","og_description":"Denunciar \u00e9 preciso. E anunciar \u00e9 imprescind\u00edvel. Neste momento vivido, de tantas incertezas, h\u00e1 a necessidade de anunciar novos caminhos, na perspectiva de olhares e propostas para resistir a este contexto de complexidade que invade a educa\u00e7\u00e3o brasileira. A busca de outras dimens\u00f5es do conhecimento, da experi\u00eancia n\u00e3o percorrida, \u00e9 o grande desafio para todos [&hellip;]","og_url":"https:\/\/ponteseditores.com.br\/loja3\/pontes-editores-home-2__trashed\/uncategorized\/uma-janela-de-possibilidades-na-educacao-da-infancia-em-tempos-de-pandemia\/","og_site_name":"Pontes Editores","og_image":[{"width":1000,"height":1575,"url":"https:\/\/ponteseditores.com.br\/loja3\/wp-content\/uploads\/2023\/12\/UMA20JANELA20DE20POSSIBILIDADES20NA20EDUCACAO-CAPA.jpg","type":"image\/jpeg"}],"twitter_card":"summary_large_image","twitter_misc":{"Est. tempo de leitura":"1 minuto"},"schema":{"@context":"https:\/\/schema.org","@graph":[{"@type":"WebPage","@id":"https:\/\/ponteseditores.com.br\/loja3\/pontes-editores-home-2__trashed\/uncategorized\/uma-janela-de-possibilidades-na-educacao-da-infancia-em-tempos-de-pandemia\/","url":"https:\/\/ponteseditores.com.br\/loja3\/pontes-editores-home-2__trashed\/uncategorized\/uma-janela-de-possibilidades-na-educacao-da-infancia-em-tempos-de-pandemia\/","name":"UMA JANELA DE POSSIBILIDADES NA EDUCA\u00c7\u00c3O DA INF\u00c2NCIA EM TEMPOS DE PANDEMIA - Pontes Editores","isPartOf":{"@id":"https:\/\/ponteseditores.com.br\/loja3\/#website"},"primaryImageOfPage":{"@id":"https:\/\/ponteseditores.com.br\/loja3\/pontes-editores-home-2__trashed\/uncategorized\/uma-janela-de-possibilidades-na-educacao-da-infancia-em-tempos-de-pandemia\/#primaryimage"},"image":{"@id":"https:\/\/ponteseditores.com.br\/loja3\/pontes-editores-home-2__trashed\/uncategorized\/uma-janela-de-possibilidades-na-educacao-da-infancia-em-tempos-de-pandemia\/#primaryimage"},"thumbnailUrl":"https:\/\/ponteseditores.com.br\/loja3\/wp-content\/uploads\/2023\/12\/UMA20JANELA20DE20POSSIBILIDADES20NA20EDUCACAO-CAPA.jpg","datePublished":"2023-12-16T04:52:04+00:00","breadcrumb":{"@id":"https:\/\/ponteseditores.com.br\/loja3\/pontes-editores-home-2__trashed\/uncategorized\/uma-janela-de-possibilidades-na-educacao-da-infancia-em-tempos-de-pandemia\/#breadcrumb"},"inLanguage":"pt-BR","potentialAction":[{"@type":"ReadAction","target":["https:\/\/ponteseditores.com.br\/loja3\/pontes-editores-home-2__trashed\/uncategorized\/uma-janela-de-possibilidades-na-educacao-da-infancia-em-tempos-de-pandemia\/"]}]},{"@type":"ImageObject","inLanguage":"pt-BR","@id":"https:\/\/ponteseditores.com.br\/loja3\/pontes-editores-home-2__trashed\/uncategorized\/uma-janela-de-possibilidades-na-educacao-da-infancia-em-tempos-de-pandemia\/#primaryimage","url":"https:\/\/ponteseditores.com.br\/loja3\/wp-content\/uploads\/2023\/12\/UMA20JANELA20DE20POSSIBILIDADES20NA20EDUCACAO-CAPA.jpg","contentUrl":"https:\/\/ponteseditores.com.br\/loja3\/wp-content\/uploads\/2023\/12\/UMA20JANELA20DE20POSSIBILIDADES20NA20EDUCACAO-CAPA.jpg","width":1000,"height":1575},{"@type":"BreadcrumbList","@id":"https:\/\/ponteseditores.com.br\/loja3\/pontes-editores-home-2__trashed\/uncategorized\/uma-janela-de-possibilidades-na-educacao-da-infancia-em-tempos-de-pandemia\/#breadcrumb","itemListElement":[{"@type":"ListItem","position":1,"name":"Home","item":"https:\/\/ponteseditores.com.br\/loja3\/"},{"@type":"ListItem","position":2,"name":"loja","item":"https:\/\/ponteseditores.com.br\/loja3\/loja\/"},{"@type":"ListItem","position":3,"name":"UMA JANELA DE POSSIBILIDADES NA EDUCA\u00c7\u00c3O DA INF\u00c2NCIA EM TEMPOS DE PANDEMIA"}]},{"@type":"WebSite","@id":"https:\/\/ponteseditores.com.br\/loja3\/#website","url":"https:\/\/ponteseditores.com.br\/loja3\/","name":"Pontes Editores","description":"Pontes Editores","publisher":{"@id":"https:\/\/ponteseditores.com.br\/loja3\/#organization"},"potentialAction":[{"@type":"SearchAction","target":{"@type":"EntryPoint","urlTemplate":"https:\/\/ponteseditores.com.br\/loja3\/?s={search_term_string}"},"query-input":{"@type":"PropertyValueSpecification","valueRequired":true,"valueName":"search_term_string"}}],"inLanguage":"pt-BR"},{"@type":"Organization","@id":"https:\/\/ponteseditores.com.br\/loja3\/#organization","name":"Pontes Editores","url":"https:\/\/ponteseditores.com.br\/loja3\/","logo":{"@type":"ImageObject","inLanguage":"pt-BR","@id":"https:\/\/ponteseditores.com.br\/loja3\/#\/schema\/logo\/image\/","url":"https:\/\/ponteseditores.com.br\/loja3\/wp-content\/uploads\/2023\/12\/logo-pontes-editores-v2.png","contentUrl":"https:\/\/ponteseditores.com.br\/loja3\/wp-content\/uploads\/2023\/12\/logo-pontes-editores-v2.png","width":258,"height":100,"caption":"Pontes Editores"},"image":{"@id":"https:\/\/ponteseditores.com.br\/loja3\/#\/schema\/logo\/image\/"}}]}},"_links":{"self":[{"href":"https:\/\/ponteseditores.com.br\/loja3\/wp-json\/wp\/v2\/product\/8611","targetHints":{"allow":["GET"]}}],"collection":[{"href":"https:\/\/ponteseditores.com.br\/loja3\/wp-json\/wp\/v2\/product"}],"about":[{"href":"https:\/\/ponteseditores.com.br\/loja3\/wp-json\/wp\/v2\/types\/product"}],"replies":[{"embeddable":true,"href":"https:\/\/ponteseditores.com.br\/loja3\/wp-json\/wp\/v2\/comments?post=8611"}],"version-history":[{"count":0,"href":"https:\/\/ponteseditores.com.br\/loja3\/wp-json\/wp\/v2\/product\/8611\/revisions"}],"wp:featuredmedia":[{"embeddable":true,"href":"https:\/\/ponteseditores.com.br\/loja3\/wp-json\/wp\/v2\/media\/8610"}],"wp:attachment":[{"href":"https:\/\/ponteseditores.com.br\/loja3\/wp-json\/wp\/v2\/media?parent=8611"}],"wp:term":[{"taxonomy":"product_brand","embeddable":true,"href":"https:\/\/ponteseditores.com.br\/loja3\/wp-json\/wp\/v2\/product_brand?post=8611"},{"taxonomy":"product_cat","embeddable":true,"href":"https:\/\/ponteseditores.com.br\/loja3\/wp-json\/wp\/v2\/product_cat?post=8611"},{"taxonomy":"product_tag","embeddable":true,"href":"https:\/\/ponteseditores.com.br\/loja3\/wp-json\/wp\/v2\/product_tag?post=8611"}],"curies":[{"name":"wp","href":"https:\/\/api.w.org\/{rel}","templated":true}]}}