{"id":8609,"date":"2023-12-16T01:52:00","date_gmt":"2023-12-16T04:52:00","guid":{"rendered":"https:\/\/ponteseditores.com.br\/loja3\/pontes-editores-home-2__trashed\/sem categoria\/contribuicoes-da-linguistica-aplicada-para-a-educacao-basica\/"},"modified":"2023-12-16T01:52:00","modified_gmt":"2023-12-16T04:52:00","slug":"contribuicoes-da-linguistica-aplicada-para-a-educacao-basica","status":"publish","type":"product","link":"https:\/\/ponteseditores.com.br\/loja3\/pontes-editores-home-2__trashed\/uncategorized\/contribuicoes-da-linguistica-aplicada-para-a-educacao-basica\/","title":{"rendered":"Contribui\u00e7\u00f5es da Lingu\u00edstica Aplicada para a Educa\u00e7\u00e3o B\u00e1sica"},"content":{"rendered":"<p>Neste volume, est\u00e3o reunidos trabalhos de pesquisadores do GT Ensino-Aprendizagem na Perspectiva da Lingu\u00edstica Aplicada, da ANPOLL, que t\u00eam por objetivo colaborar com a \u00e1rea de ensino e aprendizagem de l\u00ednguas, bem como a de forma\u00e7\u00e3o de professores, por meio de reflex\u00f5es sobre aspectos te\u00f3ricos e pr\u00e1ticos que envolvem o ensino de l\u00edngua materna e de l\u00ednguas estrangeiras. Esperamos que os trabalhos que comp\u00f5em Contribui\u00e7\u00f5es da Lingu\u00edstica Aplicada \u00e0 Educa\u00e7\u00e3o B\u00e1sica possam propiciar reflex\u00f5es acerca dos processos de ensino e aprendizagem de l\u00ednguas e possam colaborar com a pr\u00e1tica dos professores no contexto da Educa\u00e7\u00e3o B\u00e1sica.<\/p>\n","protected":false},"excerpt":{"rendered":"<p>Neste volume, est\u00e3o reunidos trabalhos de pesquisadores do GT Ensino-Aprendizagem na Perspectiva da Lingu\u00edstica Aplicada, da ANPOLL, que t\u00eam por objetivo colaborar com a \u00e1rea de ensino e aprendizagem de l\u00ednguas, bem como a de forma\u00e7\u00e3o de professores, por meio de reflex\u00f5es sobre aspectos te\u00f3ricos e pr\u00e1ticos que envolvem o ensino de l\u00edngua materna e [&hellip;]<\/p>\n","protected":false},"featured_media":8608,"comment_status":"open","ping_status":"closed","template":"","meta":{"_joinchat":[]},"product_brand":[],"product_cat":[15],"product_tag":[],"class_list":{"0":"post-8609","1":"product","2":"type-product","3":"status-publish","4":"has-post-thumbnail","6":"product_cat-uncategorized","8":"first","9":"instock","10":"shipping-taxable","11":"purchasable","12":"product-type-simple"},"yoast_head":"<!-- This site is optimized with the Yoast SEO plugin v27.4 - https:\/\/yoast.com\/product\/yoast-seo-wordpress\/ -->\n<title>Contribui\u00e7\u00f5es da Lingu\u00edstica Aplicada para a Educa\u00e7\u00e3o B\u00e1sica - Pontes Editores<\/title>\n<meta name=\"robots\" content=\"index, follow, max-snippet:-1, max-image-preview:large, max-video-preview:-1\" \/>\n<link rel=\"canonical\" href=\"https:\/\/ponteseditores.com.br\/loja3\/pontes-editores-home-2__trashed\/uncategorized\/contribuicoes-da-linguistica-aplicada-para-a-educacao-basica\/\" \/>\n<meta property=\"og:locale\" content=\"pt_BR\" \/>\n<meta property=\"og:type\" content=\"article\" \/>\n<meta property=\"og:title\" content=\"Contribui\u00e7\u00f5es da Lingu\u00edstica Aplicada para a Educa\u00e7\u00e3o B\u00e1sica - Pontes Editores\" \/>\n<meta property=\"og:description\" content=\"Neste volume, est\u00e3o reunidos trabalhos de pesquisadores do GT Ensino-Aprendizagem na Perspectiva da Lingu\u00edstica Aplicada, da ANPOLL, que t\u00eam por objetivo colaborar com a \u00e1rea de ensino e aprendizagem de l\u00ednguas, bem como a de forma\u00e7\u00e3o de professores, por meio de reflex\u00f5es sobre aspectos te\u00f3ricos e pr\u00e1ticos que envolvem o ensino de l\u00edngua materna e [&hellip;]\" \/>\n<meta property=\"og:url\" content=\"https:\/\/ponteseditores.com.br\/loja3\/pontes-editores-home-2__trashed\/uncategorized\/contribuicoes-da-linguistica-aplicada-para-a-educacao-basica\/\" \/>\n<meta property=\"og:site_name\" content=\"Pontes Editores\" \/>\n<meta property=\"og:image\" content=\"https:\/\/ponteseditores.com.br\/loja3\/wp-content\/uploads\/2023\/12\/contribuicoes20da20linguistica20apl20para20ed20basica20capa.jpg\" \/>\n\t<meta property=\"og:image:width\" content=\"504\" \/>\n\t<meta property=\"og:image:height\" content=\"768\" \/>\n\t<meta property=\"og:image:type\" content=\"image\/jpeg\" \/>\n<meta name=\"twitter:card\" content=\"summary_large_image\" \/>\n<meta name=\"twitter:label1\" content=\"Est. tempo de leitura\" \/>\n\t<meta name=\"twitter:data1\" content=\"1 minuto\" \/>\n<script type=\"application\/ld+json\" class=\"yoast-schema-graph\">{\"@context\":\"https:\\\/\\\/schema.org\",\"@graph\":[{\"@type\":\"WebPage\",\"@id\":\"https:\\\/\\\/ponteseditores.com.br\\\/loja3\\\/pontes-editores-home-2__trashed\\\/uncategorized\\\/contribuicoes-da-linguistica-aplicada-para-a-educacao-basica\\\/\",\"url\":\"https:\\\/\\\/ponteseditores.com.br\\\/loja3\\\/pontes-editores-home-2__trashed\\\/uncategorized\\\/contribuicoes-da-linguistica-aplicada-para-a-educacao-basica\\\/\",\"name\":\"Contribui\u00e7\u00f5es da Lingu\u00edstica Aplicada para a Educa\u00e7\u00e3o B\u00e1sica - Pontes Editores\",\"isPartOf\":{\"@id\":\"https:\\\/\\\/ponteseditores.com.br\\\/loja3\\\/#website\"},\"primaryImageOfPage\":{\"@id\":\"https:\\\/\\\/ponteseditores.com.br\\\/loja3\\\/pontes-editores-home-2__trashed\\\/uncategorized\\\/contribuicoes-da-linguistica-aplicada-para-a-educacao-basica\\\/#primaryimage\"},\"image\":{\"@id\":\"https:\\\/\\\/ponteseditores.com.br\\\/loja3\\\/pontes-editores-home-2__trashed\\\/uncategorized\\\/contribuicoes-da-linguistica-aplicada-para-a-educacao-basica\\\/#primaryimage\"},\"thumbnailUrl\":\"https:\\\/\\\/ponteseditores.com.br\\\/loja3\\\/wp-content\\\/uploads\\\/2023\\\/12\\\/contribuicoes20da20linguistica20apl20para20ed20basica20capa.jpg\",\"datePublished\":\"2023-12-16T04:52:00+00:00\",\"breadcrumb\":{\"@id\":\"https:\\\/\\\/ponteseditores.com.br\\\/loja3\\\/pontes-editores-home-2__trashed\\\/uncategorized\\\/contribuicoes-da-linguistica-aplicada-para-a-educacao-basica\\\/#breadcrumb\"},\"inLanguage\":\"pt-BR\",\"potentialAction\":[{\"@type\":\"ReadAction\",\"target\":[\"https:\\\/\\\/ponteseditores.com.br\\\/loja3\\\/pontes-editores-home-2__trashed\\\/uncategorized\\\/contribuicoes-da-linguistica-aplicada-para-a-educacao-basica\\\/\"]}]},{\"@type\":\"ImageObject\",\"inLanguage\":\"pt-BR\",\"@id\":\"https:\\\/\\\/ponteseditores.com.br\\\/loja3\\\/pontes-editores-home-2__trashed\\\/uncategorized\\\/contribuicoes-da-linguistica-aplicada-para-a-educacao-basica\\\/#primaryimage\",\"url\":\"https:\\\/\\\/ponteseditores.com.br\\\/loja3\\\/wp-content\\\/uploads\\\/2023\\\/12\\\/contribuicoes20da20linguistica20apl20para20ed20basica20capa.jpg\",\"contentUrl\":\"https:\\\/\\\/ponteseditores.com.br\\\/loja3\\\/wp-content\\\/uploads\\\/2023\\\/12\\\/contribuicoes20da20linguistica20apl20para20ed20basica20capa.jpg\",\"width\":504,\"height\":768},{\"@type\":\"BreadcrumbList\",\"@id\":\"https:\\\/\\\/ponteseditores.com.br\\\/loja3\\\/pontes-editores-home-2__trashed\\\/uncategorized\\\/contribuicoes-da-linguistica-aplicada-para-a-educacao-basica\\\/#breadcrumb\",\"itemListElement\":[{\"@type\":\"ListItem\",\"position\":1,\"name\":\"Home\",\"item\":\"https:\\\/\\\/ponteseditores.com.br\\\/loja3\\\/\"},{\"@type\":\"ListItem\",\"position\":2,\"name\":\"loja\",\"item\":\"https:\\\/\\\/ponteseditores.com.br\\\/loja3\\\/loja\\\/\"},{\"@type\":\"ListItem\",\"position\":3,\"name\":\"Contribui\u00e7\u00f5es da Lingu\u00edstica Aplicada para a Educa\u00e7\u00e3o B\u00e1sica\"}]},{\"@type\":\"WebSite\",\"@id\":\"https:\\\/\\\/ponteseditores.com.br\\\/loja3\\\/#website\",\"url\":\"https:\\\/\\\/ponteseditores.com.br\\\/loja3\\\/\",\"name\":\"Pontes Editores\",\"description\":\"Pontes Editores\",\"publisher\":{\"@id\":\"https:\\\/\\\/ponteseditores.com.br\\\/loja3\\\/#organization\"},\"potentialAction\":[{\"@type\":\"SearchAction\",\"target\":{\"@type\":\"EntryPoint\",\"urlTemplate\":\"https:\\\/\\\/ponteseditores.com.br\\\/loja3\\\/?s={search_term_string}\"},\"query-input\":{\"@type\":\"PropertyValueSpecification\",\"valueRequired\":true,\"valueName\":\"search_term_string\"}}],\"inLanguage\":\"pt-BR\"},{\"@type\":\"Organization\",\"@id\":\"https:\\\/\\\/ponteseditores.com.br\\\/loja3\\\/#organization\",\"name\":\"Pontes Editores\",\"url\":\"https:\\\/\\\/ponteseditores.com.br\\\/loja3\\\/\",\"logo\":{\"@type\":\"ImageObject\",\"inLanguage\":\"pt-BR\",\"@id\":\"https:\\\/\\\/ponteseditores.com.br\\\/loja3\\\/#\\\/schema\\\/logo\\\/image\\\/\",\"url\":\"https:\\\/\\\/ponteseditores.com.br\\\/loja3\\\/wp-content\\\/uploads\\\/2023\\\/12\\\/logo-pontes-editores-v2.png\",\"contentUrl\":\"https:\\\/\\\/ponteseditores.com.br\\\/loja3\\\/wp-content\\\/uploads\\\/2023\\\/12\\\/logo-pontes-editores-v2.png\",\"width\":258,\"height\":100,\"caption\":\"Pontes Editores\"},\"image\":{\"@id\":\"https:\\\/\\\/ponteseditores.com.br\\\/loja3\\\/#\\\/schema\\\/logo\\\/image\\\/\"}}]}<\/script>\n<!-- \/ Yoast SEO plugin. -->","yoast_head_json":{"title":"Contribui\u00e7\u00f5es da Lingu\u00edstica Aplicada para a Educa\u00e7\u00e3o B\u00e1sica - Pontes Editores","robots":{"index":"index","follow":"follow","max-snippet":"max-snippet:-1","max-image-preview":"max-image-preview:large","max-video-preview":"max-video-preview:-1"},"canonical":"https:\/\/ponteseditores.com.br\/loja3\/pontes-editores-home-2__trashed\/uncategorized\/contribuicoes-da-linguistica-aplicada-para-a-educacao-basica\/","og_locale":"pt_BR","og_type":"article","og_title":"Contribui\u00e7\u00f5es da Lingu\u00edstica Aplicada para a Educa\u00e7\u00e3o B\u00e1sica - Pontes Editores","og_description":"Neste volume, est\u00e3o reunidos trabalhos de pesquisadores do GT Ensino-Aprendizagem na Perspectiva da Lingu\u00edstica Aplicada, da ANPOLL, que t\u00eam por objetivo colaborar com a \u00e1rea de ensino e aprendizagem de l\u00ednguas, bem como a de forma\u00e7\u00e3o de professores, por meio de reflex\u00f5es sobre aspectos te\u00f3ricos e pr\u00e1ticos que envolvem o ensino de l\u00edngua materna e [&hellip;]","og_url":"https:\/\/ponteseditores.com.br\/loja3\/pontes-editores-home-2__trashed\/uncategorized\/contribuicoes-da-linguistica-aplicada-para-a-educacao-basica\/","og_site_name":"Pontes Editores","og_image":[{"width":504,"height":768,"url":"https:\/\/ponteseditores.com.br\/loja3\/wp-content\/uploads\/2023\/12\/contribuicoes20da20linguistica20apl20para20ed20basica20capa.jpg","type":"image\/jpeg"}],"twitter_card":"summary_large_image","twitter_misc":{"Est. tempo de leitura":"1 minuto"},"schema":{"@context":"https:\/\/schema.org","@graph":[{"@type":"WebPage","@id":"https:\/\/ponteseditores.com.br\/loja3\/pontes-editores-home-2__trashed\/uncategorized\/contribuicoes-da-linguistica-aplicada-para-a-educacao-basica\/","url":"https:\/\/ponteseditores.com.br\/loja3\/pontes-editores-home-2__trashed\/uncategorized\/contribuicoes-da-linguistica-aplicada-para-a-educacao-basica\/","name":"Contribui\u00e7\u00f5es da Lingu\u00edstica Aplicada para a Educa\u00e7\u00e3o B\u00e1sica - Pontes Editores","isPartOf":{"@id":"https:\/\/ponteseditores.com.br\/loja3\/#website"},"primaryImageOfPage":{"@id":"https:\/\/ponteseditores.com.br\/loja3\/pontes-editores-home-2__trashed\/uncategorized\/contribuicoes-da-linguistica-aplicada-para-a-educacao-basica\/#primaryimage"},"image":{"@id":"https:\/\/ponteseditores.com.br\/loja3\/pontes-editores-home-2__trashed\/uncategorized\/contribuicoes-da-linguistica-aplicada-para-a-educacao-basica\/#primaryimage"},"thumbnailUrl":"https:\/\/ponteseditores.com.br\/loja3\/wp-content\/uploads\/2023\/12\/contribuicoes20da20linguistica20apl20para20ed20basica20capa.jpg","datePublished":"2023-12-16T04:52:00+00:00","breadcrumb":{"@id":"https:\/\/ponteseditores.com.br\/loja3\/pontes-editores-home-2__trashed\/uncategorized\/contribuicoes-da-linguistica-aplicada-para-a-educacao-basica\/#breadcrumb"},"inLanguage":"pt-BR","potentialAction":[{"@type":"ReadAction","target":["https:\/\/ponteseditores.com.br\/loja3\/pontes-editores-home-2__trashed\/uncategorized\/contribuicoes-da-linguistica-aplicada-para-a-educacao-basica\/"]}]},{"@type":"ImageObject","inLanguage":"pt-BR","@id":"https:\/\/ponteseditores.com.br\/loja3\/pontes-editores-home-2__trashed\/uncategorized\/contribuicoes-da-linguistica-aplicada-para-a-educacao-basica\/#primaryimage","url":"https:\/\/ponteseditores.com.br\/loja3\/wp-content\/uploads\/2023\/12\/contribuicoes20da20linguistica20apl20para20ed20basica20capa.jpg","contentUrl":"https:\/\/ponteseditores.com.br\/loja3\/wp-content\/uploads\/2023\/12\/contribuicoes20da20linguistica20apl20para20ed20basica20capa.jpg","width":504,"height":768},{"@type":"BreadcrumbList","@id":"https:\/\/ponteseditores.com.br\/loja3\/pontes-editores-home-2__trashed\/uncategorized\/contribuicoes-da-linguistica-aplicada-para-a-educacao-basica\/#breadcrumb","itemListElement":[{"@type":"ListItem","position":1,"name":"Home","item":"https:\/\/ponteseditores.com.br\/loja3\/"},{"@type":"ListItem","position":2,"name":"loja","item":"https:\/\/ponteseditores.com.br\/loja3\/loja\/"},{"@type":"ListItem","position":3,"name":"Contribui\u00e7\u00f5es da Lingu\u00edstica Aplicada para a Educa\u00e7\u00e3o B\u00e1sica"}]},{"@type":"WebSite","@id":"https:\/\/ponteseditores.com.br\/loja3\/#website","url":"https:\/\/ponteseditores.com.br\/loja3\/","name":"Pontes Editores","description":"Pontes Editores","publisher":{"@id":"https:\/\/ponteseditores.com.br\/loja3\/#organization"},"potentialAction":[{"@type":"SearchAction","target":{"@type":"EntryPoint","urlTemplate":"https:\/\/ponteseditores.com.br\/loja3\/?s={search_term_string}"},"query-input":{"@type":"PropertyValueSpecification","valueRequired":true,"valueName":"search_term_string"}}],"inLanguage":"pt-BR"},{"@type":"Organization","@id":"https:\/\/ponteseditores.com.br\/loja3\/#organization","name":"Pontes Editores","url":"https:\/\/ponteseditores.com.br\/loja3\/","logo":{"@type":"ImageObject","inLanguage":"pt-BR","@id":"https:\/\/ponteseditores.com.br\/loja3\/#\/schema\/logo\/image\/","url":"https:\/\/ponteseditores.com.br\/loja3\/wp-content\/uploads\/2023\/12\/logo-pontes-editores-v2.png","contentUrl":"https:\/\/ponteseditores.com.br\/loja3\/wp-content\/uploads\/2023\/12\/logo-pontes-editores-v2.png","width":258,"height":100,"caption":"Pontes Editores"},"image":{"@id":"https:\/\/ponteseditores.com.br\/loja3\/#\/schema\/logo\/image\/"}}]}},"_links":{"self":[{"href":"https:\/\/ponteseditores.com.br\/loja3\/wp-json\/wp\/v2\/product\/8609","targetHints":{"allow":["GET"]}}],"collection":[{"href":"https:\/\/ponteseditores.com.br\/loja3\/wp-json\/wp\/v2\/product"}],"about":[{"href":"https:\/\/ponteseditores.com.br\/loja3\/wp-json\/wp\/v2\/types\/product"}],"replies":[{"embeddable":true,"href":"https:\/\/ponteseditores.com.br\/loja3\/wp-json\/wp\/v2\/comments?post=8609"}],"version-history":[{"count":0,"href":"https:\/\/ponteseditores.com.br\/loja3\/wp-json\/wp\/v2\/product\/8609\/revisions"}],"wp:featuredmedia":[{"embeddable":true,"href":"https:\/\/ponteseditores.com.br\/loja3\/wp-json\/wp\/v2\/media\/8608"}],"wp:attachment":[{"href":"https:\/\/ponteseditores.com.br\/loja3\/wp-json\/wp\/v2\/media?parent=8609"}],"wp:term":[{"taxonomy":"product_brand","embeddable":true,"href":"https:\/\/ponteseditores.com.br\/loja3\/wp-json\/wp\/v2\/product_brand?post=8609"},{"taxonomy":"product_cat","embeddable":true,"href":"https:\/\/ponteseditores.com.br\/loja3\/wp-json\/wp\/v2\/product_cat?post=8609"},{"taxonomy":"product_tag","embeddable":true,"href":"https:\/\/ponteseditores.com.br\/loja3\/wp-json\/wp\/v2\/product_tag?post=8609"}],"curies":[{"name":"wp","href":"https:\/\/api.w.org\/{rel}","templated":true}]}}