{"id":8603,"date":"2023-12-16T01:51:38","date_gmt":"2023-12-16T04:51:38","guid":{"rendered":"https:\/\/ponteseditores.com.br\/loja3\/pontes-editores-home-2__trashed\/sem categoria\/pesquisa-experiencial-em-contextos-de-aprendizagem-uma-abordagem-em-evolucao-vol-8-6\/"},"modified":"2023-12-16T01:51:38","modified_gmt":"2023-12-16T04:51:38","slug":"pesquisa-experiencial-em-contextos-de-aprendizagem-uma-abordagem-em-evolucao-vol-8-6","status":"publish","type":"product","link":"https:\/\/ponteseditores.com.br\/loja3\/pontes-editores-home-2__trashed\/linguistica\/pesquisa-experiencial-em-contextos-de-aprendizagem-uma-abordagem-em-evolucao-vol-8-6\/","title":{"rendered":"PESQUISA EXPERIENCIAL EM CONTEXTOS DE APRENDIZAGEM: UMA ABORDAGEM EM EVOLU\u00c7\u00c3O Vol 8"},"content":{"rendered":"<p>Neste volume est\u00e3o reunidos artigos de pesquisadores que investigaram fen\u00f4menos tendo a experi\u00eancia como meio de acesso. Os estudos se destacam por sua contribui\u00e7\u00e3o \u00e0 Lingu\u00edstica Aplicada, podendo vir a interessar a professores e pesquisadores de outras \u00e1reas, com vontade de investigar ou ampliar sua base de conhecimentos sobre ensino,aprendizagem e forma\u00e7\u00e3o de professores, em contextos de aprendizagem. Ao dar voz a professores e alunos, testemunhas leg\u00edtimas desses processos, os estudos compartilham suas viv\u00eancias, por meio de narrativas orais ou escritas.<\/p>\n<p>A experi\u00eancia \u00e9 unidade de an\u00e1lise que permite fazer invent\u00e1rios de experi\u00eancias ou compor narrativas esclarecedoras,aprofundando a compreens\u00e3o daquilo que intriga.<\/p>\n<p>Enfim, um livro<\/p>\n<p>que envolver\u00e1 aqueles que buscam compreender eventos em contextos de ensino e aprendizagem para, em \u00faltima inst\u00e2ncia, aperfei\u00e7o\u00e1-los.<\/p>\n","protected":false},"excerpt":{"rendered":"<p>Neste volume est\u00e3o reunidos artigos de pesquisadores que investigaram fen\u00f4menos tendo a experi\u00eancia como meio de acesso. Os estudos se destacam por sua contribui\u00e7\u00e3o \u00e0 Lingu\u00edstica Aplicada, podendo vir a interessar a professores e pesquisadores de outras \u00e1reas, com vontade de investigar ou ampliar sua base de conhecimentos sobre ensino,aprendizagem e forma\u00e7\u00e3o de professores, em [&hellip;]<\/p>\n","protected":false},"featured_media":8268,"comment_status":"open","ping_status":"closed","template":"","meta":{"_joinchat":[]},"product_brand":[],"product_cat":[284,140,31],"product_tag":[],"class_list":{"0":"post-8603","1":"product","2":"type-product","3":"status-publish","4":"has-post-thumbnail","6":"product_cat-educacao-linguagem","7":"product_cat-ensino-de-linguas","8":"product_cat-linguistica","10":"first","11":"instock","12":"shipping-taxable","13":"purchasable","14":"product-type-simple"},"yoast_head":"<!-- This site is optimized with the Yoast SEO plugin v27.4 - https:\/\/yoast.com\/product\/yoast-seo-wordpress\/ -->\n<title>PESQUISA EXPERIENCIAL EM CONTEXTOS DE APRENDIZAGEM: UMA ABORDAGEM EM EVOLU\u00c7\u00c3O Vol 8 - Pontes Editores<\/title>\n<meta name=\"robots\" content=\"index, follow, max-snippet:-1, max-image-preview:large, max-video-preview:-1\" \/>\n<link rel=\"canonical\" href=\"https:\/\/ponteseditores.com.br\/loja3\/pontes-editores-home-2__trashed\/linguistica\/pesquisa-experiencial-em-contextos-de-aprendizagem-uma-abordagem-em-evolucao-vol-8-6\/\" \/>\n<meta property=\"og:locale\" content=\"pt_BR\" \/>\n<meta property=\"og:type\" content=\"article\" \/>\n<meta property=\"og:title\" content=\"PESQUISA EXPERIENCIAL EM CONTEXTOS DE APRENDIZAGEM: UMA ABORDAGEM EM EVOLU\u00c7\u00c3O Vol 8 - Pontes Editores\" \/>\n<meta property=\"og:description\" content=\"Neste volume est\u00e3o reunidos artigos de pesquisadores que investigaram fen\u00f4menos tendo a experi\u00eancia como meio de acesso. Os estudos se destacam por sua contribui\u00e7\u00e3o \u00e0 Lingu\u00edstica Aplicada, podendo vir a interessar a professores e pesquisadores de outras \u00e1reas, com vontade de investigar ou ampliar sua base de conhecimentos sobre ensino,aprendizagem e forma\u00e7\u00e3o de professores, em [&hellip;]\" \/>\n<meta property=\"og:url\" content=\"https:\/\/ponteseditores.com.br\/loja3\/pontes-editores-home-2__trashed\/linguistica\/pesquisa-experiencial-em-contextos-de-aprendizagem-uma-abordagem-em-evolucao-vol-8-6\/\" \/>\n<meta property=\"og:site_name\" content=\"Pontes Editores\" \/>\n<meta property=\"og:image\" content=\"https:\/\/ponteseditores.com.br\/loja3\/wp-content\/uploads\/2023\/12\/pesquisa-1.jpg\" \/>\n\t<meta property=\"og:image:width\" content=\"518\" \/>\n\t<meta property=\"og:image:height\" content=\"768\" \/>\n\t<meta property=\"og:image:type\" content=\"image\/jpeg\" \/>\n<meta name=\"twitter:card\" content=\"summary_large_image\" \/>\n<meta name=\"twitter:label1\" content=\"Est. tempo de leitura\" \/>\n\t<meta name=\"twitter:data1\" content=\"1 minuto\" \/>\n<script type=\"application\/ld+json\" class=\"yoast-schema-graph\">{\"@context\":\"https:\\\/\\\/schema.org\",\"@graph\":[{\"@type\":\"WebPage\",\"@id\":\"https:\\\/\\\/ponteseditores.com.br\\\/loja3\\\/pontes-editores-home-2__trashed\\\/linguistica\\\/pesquisa-experiencial-em-contextos-de-aprendizagem-uma-abordagem-em-evolucao-vol-8-6\\\/\",\"url\":\"https:\\\/\\\/ponteseditores.com.br\\\/loja3\\\/pontes-editores-home-2__trashed\\\/linguistica\\\/pesquisa-experiencial-em-contextos-de-aprendizagem-uma-abordagem-em-evolucao-vol-8-6\\\/\",\"name\":\"PESQUISA EXPERIENCIAL EM CONTEXTOS DE APRENDIZAGEM: UMA ABORDAGEM EM EVOLU\u00c7\u00c3O Vol 8 - Pontes Editores\",\"isPartOf\":{\"@id\":\"https:\\\/\\\/ponteseditores.com.br\\\/loja3\\\/#website\"},\"primaryImageOfPage\":{\"@id\":\"https:\\\/\\\/ponteseditores.com.br\\\/loja3\\\/pontes-editores-home-2__trashed\\\/linguistica\\\/pesquisa-experiencial-em-contextos-de-aprendizagem-uma-abordagem-em-evolucao-vol-8-6\\\/#primaryimage\"},\"image\":{\"@id\":\"https:\\\/\\\/ponteseditores.com.br\\\/loja3\\\/pontes-editores-home-2__trashed\\\/linguistica\\\/pesquisa-experiencial-em-contextos-de-aprendizagem-uma-abordagem-em-evolucao-vol-8-6\\\/#primaryimage\"},\"thumbnailUrl\":\"https:\\\/\\\/ponteseditores.com.br\\\/loja3\\\/wp-content\\\/uploads\\\/2023\\\/12\\\/pesquisa-1.jpg\",\"datePublished\":\"2023-12-16T04:51:38+00:00\",\"breadcrumb\":{\"@id\":\"https:\\\/\\\/ponteseditores.com.br\\\/loja3\\\/pontes-editores-home-2__trashed\\\/linguistica\\\/pesquisa-experiencial-em-contextos-de-aprendizagem-uma-abordagem-em-evolucao-vol-8-6\\\/#breadcrumb\"},\"inLanguage\":\"pt-BR\",\"potentialAction\":[{\"@type\":\"ReadAction\",\"target\":[\"https:\\\/\\\/ponteseditores.com.br\\\/loja3\\\/pontes-editores-home-2__trashed\\\/linguistica\\\/pesquisa-experiencial-em-contextos-de-aprendizagem-uma-abordagem-em-evolucao-vol-8-6\\\/\"]}]},{\"@type\":\"ImageObject\",\"inLanguage\":\"pt-BR\",\"@id\":\"https:\\\/\\\/ponteseditores.com.br\\\/loja3\\\/pontes-editores-home-2__trashed\\\/linguistica\\\/pesquisa-experiencial-em-contextos-de-aprendizagem-uma-abordagem-em-evolucao-vol-8-6\\\/#primaryimage\",\"url\":\"https:\\\/\\\/ponteseditores.com.br\\\/loja3\\\/wp-content\\\/uploads\\\/2023\\\/12\\\/pesquisa-1.jpg\",\"contentUrl\":\"https:\\\/\\\/ponteseditores.com.br\\\/loja3\\\/wp-content\\\/uploads\\\/2023\\\/12\\\/pesquisa-1.jpg\",\"width\":518,\"height\":768},{\"@type\":\"BreadcrumbList\",\"@id\":\"https:\\\/\\\/ponteseditores.com.br\\\/loja3\\\/pontes-editores-home-2__trashed\\\/linguistica\\\/pesquisa-experiencial-em-contextos-de-aprendizagem-uma-abordagem-em-evolucao-vol-8-6\\\/#breadcrumb\",\"itemListElement\":[{\"@type\":\"ListItem\",\"position\":1,\"name\":\"Home\",\"item\":\"https:\\\/\\\/ponteseditores.com.br\\\/loja3\\\/\"},{\"@type\":\"ListItem\",\"position\":2,\"name\":\"loja\",\"item\":\"https:\\\/\\\/ponteseditores.com.br\\\/loja3\\\/loja\\\/\"},{\"@type\":\"ListItem\",\"position\":3,\"name\":\"PESQUISA EXPERIENCIAL EM CONTEXTOS DE APRENDIZAGEM: UMA ABORDAGEM EM EVOLU\u00c7\u00c3O Vol 8\"}]},{\"@type\":\"WebSite\",\"@id\":\"https:\\\/\\\/ponteseditores.com.br\\\/loja3\\\/#website\",\"url\":\"https:\\\/\\\/ponteseditores.com.br\\\/loja3\\\/\",\"name\":\"Pontes Editores\",\"description\":\"Pontes Editores\",\"publisher\":{\"@id\":\"https:\\\/\\\/ponteseditores.com.br\\\/loja3\\\/#organization\"},\"potentialAction\":[{\"@type\":\"SearchAction\",\"target\":{\"@type\":\"EntryPoint\",\"urlTemplate\":\"https:\\\/\\\/ponteseditores.com.br\\\/loja3\\\/?s={search_term_string}\"},\"query-input\":{\"@type\":\"PropertyValueSpecification\",\"valueRequired\":true,\"valueName\":\"search_term_string\"}}],\"inLanguage\":\"pt-BR\"},{\"@type\":\"Organization\",\"@id\":\"https:\\\/\\\/ponteseditores.com.br\\\/loja3\\\/#organization\",\"name\":\"Pontes Editores\",\"url\":\"https:\\\/\\\/ponteseditores.com.br\\\/loja3\\\/\",\"logo\":{\"@type\":\"ImageObject\",\"inLanguage\":\"pt-BR\",\"@id\":\"https:\\\/\\\/ponteseditores.com.br\\\/loja3\\\/#\\\/schema\\\/logo\\\/image\\\/\",\"url\":\"https:\\\/\\\/ponteseditores.com.br\\\/loja3\\\/wp-content\\\/uploads\\\/2023\\\/12\\\/logo-pontes-editores-v2.png\",\"contentUrl\":\"https:\\\/\\\/ponteseditores.com.br\\\/loja3\\\/wp-content\\\/uploads\\\/2023\\\/12\\\/logo-pontes-editores-v2.png\",\"width\":258,\"height\":100,\"caption\":\"Pontes Editores\"},\"image\":{\"@id\":\"https:\\\/\\\/ponteseditores.com.br\\\/loja3\\\/#\\\/schema\\\/logo\\\/image\\\/\"}}]}<\/script>\n<!-- \/ Yoast SEO plugin. -->","yoast_head_json":{"title":"PESQUISA EXPERIENCIAL EM CONTEXTOS DE APRENDIZAGEM: UMA ABORDAGEM EM EVOLU\u00c7\u00c3O Vol 8 - Pontes Editores","robots":{"index":"index","follow":"follow","max-snippet":"max-snippet:-1","max-image-preview":"max-image-preview:large","max-video-preview":"max-video-preview:-1"},"canonical":"https:\/\/ponteseditores.com.br\/loja3\/pontes-editores-home-2__trashed\/linguistica\/pesquisa-experiencial-em-contextos-de-aprendizagem-uma-abordagem-em-evolucao-vol-8-6\/","og_locale":"pt_BR","og_type":"article","og_title":"PESQUISA EXPERIENCIAL EM CONTEXTOS DE APRENDIZAGEM: UMA ABORDAGEM EM EVOLU\u00c7\u00c3O Vol 8 - Pontes Editores","og_description":"Neste volume est\u00e3o reunidos artigos de pesquisadores que investigaram fen\u00f4menos tendo a experi\u00eancia como meio de acesso. Os estudos se destacam por sua contribui\u00e7\u00e3o \u00e0 Lingu\u00edstica Aplicada, podendo vir a interessar a professores e pesquisadores de outras \u00e1reas, com vontade de investigar ou ampliar sua base de conhecimentos sobre ensino,aprendizagem e forma\u00e7\u00e3o de professores, em [&hellip;]","og_url":"https:\/\/ponteseditores.com.br\/loja3\/pontes-editores-home-2__trashed\/linguistica\/pesquisa-experiencial-em-contextos-de-aprendizagem-uma-abordagem-em-evolucao-vol-8-6\/","og_site_name":"Pontes Editores","og_image":[{"width":518,"height":768,"url":"https:\/\/ponteseditores.com.br\/loja3\/wp-content\/uploads\/2023\/12\/pesquisa-1.jpg","type":"image\/jpeg"}],"twitter_card":"summary_large_image","twitter_misc":{"Est. tempo de leitura":"1 minuto"},"schema":{"@context":"https:\/\/schema.org","@graph":[{"@type":"WebPage","@id":"https:\/\/ponteseditores.com.br\/loja3\/pontes-editores-home-2__trashed\/linguistica\/pesquisa-experiencial-em-contextos-de-aprendizagem-uma-abordagem-em-evolucao-vol-8-6\/","url":"https:\/\/ponteseditores.com.br\/loja3\/pontes-editores-home-2__trashed\/linguistica\/pesquisa-experiencial-em-contextos-de-aprendizagem-uma-abordagem-em-evolucao-vol-8-6\/","name":"PESQUISA EXPERIENCIAL EM CONTEXTOS DE APRENDIZAGEM: UMA ABORDAGEM EM EVOLU\u00c7\u00c3O Vol 8 - Pontes Editores","isPartOf":{"@id":"https:\/\/ponteseditores.com.br\/loja3\/#website"},"primaryImageOfPage":{"@id":"https:\/\/ponteseditores.com.br\/loja3\/pontes-editores-home-2__trashed\/linguistica\/pesquisa-experiencial-em-contextos-de-aprendizagem-uma-abordagem-em-evolucao-vol-8-6\/#primaryimage"},"image":{"@id":"https:\/\/ponteseditores.com.br\/loja3\/pontes-editores-home-2__trashed\/linguistica\/pesquisa-experiencial-em-contextos-de-aprendizagem-uma-abordagem-em-evolucao-vol-8-6\/#primaryimage"},"thumbnailUrl":"https:\/\/ponteseditores.com.br\/loja3\/wp-content\/uploads\/2023\/12\/pesquisa-1.jpg","datePublished":"2023-12-16T04:51:38+00:00","breadcrumb":{"@id":"https:\/\/ponteseditores.com.br\/loja3\/pontes-editores-home-2__trashed\/linguistica\/pesquisa-experiencial-em-contextos-de-aprendizagem-uma-abordagem-em-evolucao-vol-8-6\/#breadcrumb"},"inLanguage":"pt-BR","potentialAction":[{"@type":"ReadAction","target":["https:\/\/ponteseditores.com.br\/loja3\/pontes-editores-home-2__trashed\/linguistica\/pesquisa-experiencial-em-contextos-de-aprendizagem-uma-abordagem-em-evolucao-vol-8-6\/"]}]},{"@type":"ImageObject","inLanguage":"pt-BR","@id":"https:\/\/ponteseditores.com.br\/loja3\/pontes-editores-home-2__trashed\/linguistica\/pesquisa-experiencial-em-contextos-de-aprendizagem-uma-abordagem-em-evolucao-vol-8-6\/#primaryimage","url":"https:\/\/ponteseditores.com.br\/loja3\/wp-content\/uploads\/2023\/12\/pesquisa-1.jpg","contentUrl":"https:\/\/ponteseditores.com.br\/loja3\/wp-content\/uploads\/2023\/12\/pesquisa-1.jpg","width":518,"height":768},{"@type":"BreadcrumbList","@id":"https:\/\/ponteseditores.com.br\/loja3\/pontes-editores-home-2__trashed\/linguistica\/pesquisa-experiencial-em-contextos-de-aprendizagem-uma-abordagem-em-evolucao-vol-8-6\/#breadcrumb","itemListElement":[{"@type":"ListItem","position":1,"name":"Home","item":"https:\/\/ponteseditores.com.br\/loja3\/"},{"@type":"ListItem","position":2,"name":"loja","item":"https:\/\/ponteseditores.com.br\/loja3\/loja\/"},{"@type":"ListItem","position":3,"name":"PESQUISA EXPERIENCIAL EM CONTEXTOS DE APRENDIZAGEM: UMA ABORDAGEM EM EVOLU\u00c7\u00c3O Vol 8"}]},{"@type":"WebSite","@id":"https:\/\/ponteseditores.com.br\/loja3\/#website","url":"https:\/\/ponteseditores.com.br\/loja3\/","name":"Pontes Editores","description":"Pontes Editores","publisher":{"@id":"https:\/\/ponteseditores.com.br\/loja3\/#organization"},"potentialAction":[{"@type":"SearchAction","target":{"@type":"EntryPoint","urlTemplate":"https:\/\/ponteseditores.com.br\/loja3\/?s={search_term_string}"},"query-input":{"@type":"PropertyValueSpecification","valueRequired":true,"valueName":"search_term_string"}}],"inLanguage":"pt-BR"},{"@type":"Organization","@id":"https:\/\/ponteseditores.com.br\/loja3\/#organization","name":"Pontes Editores","url":"https:\/\/ponteseditores.com.br\/loja3\/","logo":{"@type":"ImageObject","inLanguage":"pt-BR","@id":"https:\/\/ponteseditores.com.br\/loja3\/#\/schema\/logo\/image\/","url":"https:\/\/ponteseditores.com.br\/loja3\/wp-content\/uploads\/2023\/12\/logo-pontes-editores-v2.png","contentUrl":"https:\/\/ponteseditores.com.br\/loja3\/wp-content\/uploads\/2023\/12\/logo-pontes-editores-v2.png","width":258,"height":100,"caption":"Pontes Editores"},"image":{"@id":"https:\/\/ponteseditores.com.br\/loja3\/#\/schema\/logo\/image\/"}}]}},"_links":{"self":[{"href":"https:\/\/ponteseditores.com.br\/loja3\/wp-json\/wp\/v2\/product\/8603","targetHints":{"allow":["GET"]}}],"collection":[{"href":"https:\/\/ponteseditores.com.br\/loja3\/wp-json\/wp\/v2\/product"}],"about":[{"href":"https:\/\/ponteseditores.com.br\/loja3\/wp-json\/wp\/v2\/types\/product"}],"replies":[{"embeddable":true,"href":"https:\/\/ponteseditores.com.br\/loja3\/wp-json\/wp\/v2\/comments?post=8603"}],"version-history":[{"count":0,"href":"https:\/\/ponteseditores.com.br\/loja3\/wp-json\/wp\/v2\/product\/8603\/revisions"}],"wp:featuredmedia":[{"embeddable":true,"href":"https:\/\/ponteseditores.com.br\/loja3\/wp-json\/wp\/v2\/media\/8268"}],"wp:attachment":[{"href":"https:\/\/ponteseditores.com.br\/loja3\/wp-json\/wp\/v2\/media?parent=8603"}],"wp:term":[{"taxonomy":"product_brand","embeddable":true,"href":"https:\/\/ponteseditores.com.br\/loja3\/wp-json\/wp\/v2\/product_brand?post=8603"},{"taxonomy":"product_cat","embeddable":true,"href":"https:\/\/ponteseditores.com.br\/loja3\/wp-json\/wp\/v2\/product_cat?post=8603"},{"taxonomy":"product_tag","embeddable":true,"href":"https:\/\/ponteseditores.com.br\/loja3\/wp-json\/wp\/v2\/product_tag?post=8603"}],"curies":[{"name":"wp","href":"https:\/\/api.w.org\/{rel}","templated":true}]}}