{"id":8598,"date":"2023-12-16T01:50:53","date_gmt":"2023-12-16T04:50:53","guid":{"rendered":"https:\/\/ponteseditores.com.br\/loja3\/pontes-editores-home-2__trashed\/sem categoria\/por-uma-microfisica-das-resistencias-michel-foucault-e-as-lutas-antiautoritarias-da-contemporaneidade\/"},"modified":"2024-08-14T18:24:43","modified_gmt":"2024-08-14T21:24:43","slug":"por-uma-microfisica-das-resistencias-michel-foucault-e-as-lutas-antiautoritarias-da-contemporaneidade","status":"publish","type":"product","link":"https:\/\/ponteseditores.com.br\/loja3\/pontes-editores-home-2__trashed\/linguistica\/por-uma-microfisica-das-resistencias-michel-foucault-e-as-lutas-antiautoritarias-da-contemporaneidade\/","title":{"rendered":"Por uma Microf\u00edsica das Resist\u00eancias: Michel Foucault e as lutas antiautorit\u00e1rias da contemporaneidade"},"content":{"rendered":"<p>\u00c9 como contraponto a esse cen\u00e1rio solapado, historicamente, por uma crise social que produz a viol\u00eancia, que se multiplicam e se visibilizam, cada vez mais, a atua\u00e7\u00e3o de movimentos sociais e de grupos minorit\u00e1rios que subvertem as estruturas do poder e agenciam lugares de resist\u00eancia. S\u00e3o iniciativas que promovem o embate entre os discursos que trabalham pela consolida\u00e7\u00e3o dos direitos humanos e democr\u00e1ticos universais, e aqueles que insistem na manuten\u00e7\u00e3o das segrega\u00e7\u00f5es e das pr\u00e1ticas de viol\u00eancia, autoritarismo e silenciamento. \u00c9 na tens\u00e3o deste embate, pensando em suas ra\u00edzes hist\u00f3ricas, mas tamb\u00e9m em suas implica\u00e7\u00f5es presentes e futuras, que este livro se apresenta com a proposta n\u00e3o apenas de analisar este confronto de for\u00e7as, mas de posicionar-se enquanto foco de resist\u00eancia a partir da perspectiva microf\u00edsica sugerida por Michel Foucault. Trata-se de pensar nossa forma de organiza\u00e7\u00e3o social e nosso atual cen\u00e1rio n\u00e3o a partir da coer\u00e7\u00e3o que eles nos imp\u00f5em ou da opress\u00e3o a que eles nos induzem, mas a partir das rotas de fuga, dos lugares de oposi\u00e7\u00e3o e rea\u00e7\u00e3o que nos s\u00e3o poss\u00edveis.<\/p>\n","protected":false},"excerpt":{"rendered":"<p>\u00c9 como contraponto a esse cen\u00e1rio solapado, historicamente, por uma crise social que produz a viol\u00eancia, que se multiplicam e se visibilizam, cada vez mais, a atua\u00e7\u00e3o de movimentos sociais e de grupos minorit\u00e1rios que subvertem as estruturas do poder e agenciam lugares de resist\u00eancia. S\u00e3o iniciativas que promovem o embate entre os discursos que [&hellip;]<\/p>\n","protected":false},"featured_media":8597,"comment_status":"open","ping_status":"closed","template":"","meta":{"_joinchat":[]},"product_brand":[],"product_cat":[301,31],"product_tag":[],"class_list":{"0":"post-8598","1":"product","2":"type-product","3":"status-publish","4":"has-post-thumbnail","6":"product_cat-analise-de-discurso","7":"product_cat-linguistica","9":"first","10":"instock","11":"shipping-taxable","12":"purchasable","13":"product-type-simple"},"yoast_head":"<!-- This site is optimized with the Yoast SEO plugin v27.4 - https:\/\/yoast.com\/product\/yoast-seo-wordpress\/ -->\n<title>Por uma Microf\u00edsica das Resist\u00eancias: Michel Foucault e as lutas antiautorit\u00e1rias da contemporaneidade - Pontes Editores<\/title>\n<meta name=\"robots\" content=\"index, follow, max-snippet:-1, max-image-preview:large, max-video-preview:-1\" \/>\n<link rel=\"canonical\" href=\"https:\/\/ponteseditores.com.br\/loja3\/pontes-editores-home-2__trashed\/linguistica\/por-uma-microfisica-das-resistencias-michel-foucault-e-as-lutas-antiautoritarias-da-contemporaneidade\/\" \/>\n<meta property=\"og:locale\" content=\"pt_BR\" \/>\n<meta property=\"og:type\" content=\"article\" \/>\n<meta property=\"og:title\" content=\"Por uma Microf\u00edsica das Resist\u00eancias: Michel Foucault e as lutas antiautorit\u00e1rias da contemporaneidade - Pontes Editores\" \/>\n<meta property=\"og:description\" content=\"\u00c9 como contraponto a esse cen\u00e1rio solapado, historicamente, por uma crise social que produz a viol\u00eancia, que se multiplicam e se visibilizam, cada vez mais, a atua\u00e7\u00e3o de movimentos sociais e de grupos minorit\u00e1rios que subvertem as estruturas do poder e agenciam lugares de resist\u00eancia. S\u00e3o iniciativas que promovem o embate entre os discursos que [&hellip;]\" \/>\n<meta property=\"og:url\" content=\"https:\/\/ponteseditores.com.br\/loja3\/pontes-editores-home-2__trashed\/linguistica\/por-uma-microfisica-das-resistencias-michel-foucault-e-as-lutas-antiautoritarias-da-contemporaneidade\/\" \/>\n<meta property=\"og:site_name\" content=\"Pontes Editores\" \/>\n<meta property=\"article:modified_time\" content=\"2024-08-14T21:24:43+00:00\" \/>\n<meta property=\"og:image\" content=\"https:\/\/ponteseditores.com.br\/loja3\/wp-content\/uploads\/2023\/12\/POR20UMA20MICROFISICA20DAS20RESISTENCIAS20-20capa.jpg\" \/>\n\t<meta property=\"og:image:width\" content=\"900\" \/>\n\t<meta property=\"og:image:height\" content=\"1304\" \/>\n\t<meta property=\"og:image:type\" content=\"image\/jpeg\" \/>\n<meta name=\"twitter:card\" content=\"summary_large_image\" \/>\n<meta name=\"twitter:label1\" content=\"Est. tempo de leitura\" \/>\n\t<meta name=\"twitter:data1\" content=\"1 minuto\" \/>\n<script type=\"application\/ld+json\" class=\"yoast-schema-graph\">{\"@context\":\"https:\\\/\\\/schema.org\",\"@graph\":[{\"@type\":\"WebPage\",\"@id\":\"https:\\\/\\\/ponteseditores.com.br\\\/loja3\\\/pontes-editores-home-2__trashed\\\/linguistica\\\/por-uma-microfisica-das-resistencias-michel-foucault-e-as-lutas-antiautoritarias-da-contemporaneidade\\\/\",\"url\":\"https:\\\/\\\/ponteseditores.com.br\\\/loja3\\\/pontes-editores-home-2__trashed\\\/linguistica\\\/por-uma-microfisica-das-resistencias-michel-foucault-e-as-lutas-antiautoritarias-da-contemporaneidade\\\/\",\"name\":\"Por uma Microf\u00edsica das Resist\u00eancias: Michel Foucault e as lutas antiautorit\u00e1rias da contemporaneidade - Pontes Editores\",\"isPartOf\":{\"@id\":\"https:\\\/\\\/ponteseditores.com.br\\\/loja3\\\/#website\"},\"primaryImageOfPage\":{\"@id\":\"https:\\\/\\\/ponteseditores.com.br\\\/loja3\\\/pontes-editores-home-2__trashed\\\/linguistica\\\/por-uma-microfisica-das-resistencias-michel-foucault-e-as-lutas-antiautoritarias-da-contemporaneidade\\\/#primaryimage\"},\"image\":{\"@id\":\"https:\\\/\\\/ponteseditores.com.br\\\/loja3\\\/pontes-editores-home-2__trashed\\\/linguistica\\\/por-uma-microfisica-das-resistencias-michel-foucault-e-as-lutas-antiautoritarias-da-contemporaneidade\\\/#primaryimage\"},\"thumbnailUrl\":\"https:\\\/\\\/ponteseditores.com.br\\\/loja3\\\/wp-content\\\/uploads\\\/2023\\\/12\\\/POR20UMA20MICROFISICA20DAS20RESISTENCIAS20-20capa.jpg\",\"datePublished\":\"2023-12-16T04:50:53+00:00\",\"dateModified\":\"2024-08-14T21:24:43+00:00\",\"breadcrumb\":{\"@id\":\"https:\\\/\\\/ponteseditores.com.br\\\/loja3\\\/pontes-editores-home-2__trashed\\\/linguistica\\\/por-uma-microfisica-das-resistencias-michel-foucault-e-as-lutas-antiautoritarias-da-contemporaneidade\\\/#breadcrumb\"},\"inLanguage\":\"pt-BR\",\"potentialAction\":[{\"@type\":\"ReadAction\",\"target\":[\"https:\\\/\\\/ponteseditores.com.br\\\/loja3\\\/pontes-editores-home-2__trashed\\\/linguistica\\\/por-uma-microfisica-das-resistencias-michel-foucault-e-as-lutas-antiautoritarias-da-contemporaneidade\\\/\"]}]},{\"@type\":\"ImageObject\",\"inLanguage\":\"pt-BR\",\"@id\":\"https:\\\/\\\/ponteseditores.com.br\\\/loja3\\\/pontes-editores-home-2__trashed\\\/linguistica\\\/por-uma-microfisica-das-resistencias-michel-foucault-e-as-lutas-antiautoritarias-da-contemporaneidade\\\/#primaryimage\",\"url\":\"https:\\\/\\\/ponteseditores.com.br\\\/loja3\\\/wp-content\\\/uploads\\\/2023\\\/12\\\/POR20UMA20MICROFISICA20DAS20RESISTENCIAS20-20capa.jpg\",\"contentUrl\":\"https:\\\/\\\/ponteseditores.com.br\\\/loja3\\\/wp-content\\\/uploads\\\/2023\\\/12\\\/POR20UMA20MICROFISICA20DAS20RESISTENCIAS20-20capa.jpg\",\"width\":900,\"height\":1304},{\"@type\":\"BreadcrumbList\",\"@id\":\"https:\\\/\\\/ponteseditores.com.br\\\/loja3\\\/pontes-editores-home-2__trashed\\\/linguistica\\\/por-uma-microfisica-das-resistencias-michel-foucault-e-as-lutas-antiautoritarias-da-contemporaneidade\\\/#breadcrumb\",\"itemListElement\":[{\"@type\":\"ListItem\",\"position\":1,\"name\":\"Home\",\"item\":\"https:\\\/\\\/ponteseditores.com.br\\\/loja3\\\/\"},{\"@type\":\"ListItem\",\"position\":2,\"name\":\"loja\",\"item\":\"https:\\\/\\\/ponteseditores.com.br\\\/loja3\\\/loja\\\/\"},{\"@type\":\"ListItem\",\"position\":3,\"name\":\"Por uma Microf\u00edsica das Resist\u00eancias: Michel Foucault e as lutas antiautorit\u00e1rias da contemporaneidade\"}]},{\"@type\":\"WebSite\",\"@id\":\"https:\\\/\\\/ponteseditores.com.br\\\/loja3\\\/#website\",\"url\":\"https:\\\/\\\/ponteseditores.com.br\\\/loja3\\\/\",\"name\":\"Pontes Editores\",\"description\":\"Pontes Editores\",\"publisher\":{\"@id\":\"https:\\\/\\\/ponteseditores.com.br\\\/loja3\\\/#organization\"},\"potentialAction\":[{\"@type\":\"SearchAction\",\"target\":{\"@type\":\"EntryPoint\",\"urlTemplate\":\"https:\\\/\\\/ponteseditores.com.br\\\/loja3\\\/?s={search_term_string}\"},\"query-input\":{\"@type\":\"PropertyValueSpecification\",\"valueRequired\":true,\"valueName\":\"search_term_string\"}}],\"inLanguage\":\"pt-BR\"},{\"@type\":\"Organization\",\"@id\":\"https:\\\/\\\/ponteseditores.com.br\\\/loja3\\\/#organization\",\"name\":\"Pontes Editores\",\"url\":\"https:\\\/\\\/ponteseditores.com.br\\\/loja3\\\/\",\"logo\":{\"@type\":\"ImageObject\",\"inLanguage\":\"pt-BR\",\"@id\":\"https:\\\/\\\/ponteseditores.com.br\\\/loja3\\\/#\\\/schema\\\/logo\\\/image\\\/\",\"url\":\"https:\\\/\\\/ponteseditores.com.br\\\/loja3\\\/wp-content\\\/uploads\\\/2023\\\/12\\\/logo-pontes-editores-v2.png\",\"contentUrl\":\"https:\\\/\\\/ponteseditores.com.br\\\/loja3\\\/wp-content\\\/uploads\\\/2023\\\/12\\\/logo-pontes-editores-v2.png\",\"width\":258,\"height\":100,\"caption\":\"Pontes Editores\"},\"image\":{\"@id\":\"https:\\\/\\\/ponteseditores.com.br\\\/loja3\\\/#\\\/schema\\\/logo\\\/image\\\/\"}}]}<\/script>\n<!-- \/ Yoast SEO plugin. -->","yoast_head_json":{"title":"Por uma Microf\u00edsica das Resist\u00eancias: Michel Foucault e as lutas antiautorit\u00e1rias da contemporaneidade - Pontes Editores","robots":{"index":"index","follow":"follow","max-snippet":"max-snippet:-1","max-image-preview":"max-image-preview:large","max-video-preview":"max-video-preview:-1"},"canonical":"https:\/\/ponteseditores.com.br\/loja3\/pontes-editores-home-2__trashed\/linguistica\/por-uma-microfisica-das-resistencias-michel-foucault-e-as-lutas-antiautoritarias-da-contemporaneidade\/","og_locale":"pt_BR","og_type":"article","og_title":"Por uma Microf\u00edsica das Resist\u00eancias: Michel Foucault e as lutas antiautorit\u00e1rias da contemporaneidade - Pontes Editores","og_description":"\u00c9 como contraponto a esse cen\u00e1rio solapado, historicamente, por uma crise social que produz a viol\u00eancia, que se multiplicam e se visibilizam, cada vez mais, a atua\u00e7\u00e3o de movimentos sociais e de grupos minorit\u00e1rios que subvertem as estruturas do poder e agenciam lugares de resist\u00eancia. S\u00e3o iniciativas que promovem o embate entre os discursos que [&hellip;]","og_url":"https:\/\/ponteseditores.com.br\/loja3\/pontes-editores-home-2__trashed\/linguistica\/por-uma-microfisica-das-resistencias-michel-foucault-e-as-lutas-antiautoritarias-da-contemporaneidade\/","og_site_name":"Pontes Editores","article_modified_time":"2024-08-14T21:24:43+00:00","og_image":[{"width":900,"height":1304,"url":"https:\/\/ponteseditores.com.br\/loja3\/wp-content\/uploads\/2023\/12\/POR20UMA20MICROFISICA20DAS20RESISTENCIAS20-20capa.jpg","type":"image\/jpeg"}],"twitter_card":"summary_large_image","twitter_misc":{"Est. tempo de leitura":"1 minuto"},"schema":{"@context":"https:\/\/schema.org","@graph":[{"@type":"WebPage","@id":"https:\/\/ponteseditores.com.br\/loja3\/pontes-editores-home-2__trashed\/linguistica\/por-uma-microfisica-das-resistencias-michel-foucault-e-as-lutas-antiautoritarias-da-contemporaneidade\/","url":"https:\/\/ponteseditores.com.br\/loja3\/pontes-editores-home-2__trashed\/linguistica\/por-uma-microfisica-das-resistencias-michel-foucault-e-as-lutas-antiautoritarias-da-contemporaneidade\/","name":"Por uma Microf\u00edsica das Resist\u00eancias: Michel Foucault e as lutas antiautorit\u00e1rias da contemporaneidade - Pontes Editores","isPartOf":{"@id":"https:\/\/ponteseditores.com.br\/loja3\/#website"},"primaryImageOfPage":{"@id":"https:\/\/ponteseditores.com.br\/loja3\/pontes-editores-home-2__trashed\/linguistica\/por-uma-microfisica-das-resistencias-michel-foucault-e-as-lutas-antiautoritarias-da-contemporaneidade\/#primaryimage"},"image":{"@id":"https:\/\/ponteseditores.com.br\/loja3\/pontes-editores-home-2__trashed\/linguistica\/por-uma-microfisica-das-resistencias-michel-foucault-e-as-lutas-antiautoritarias-da-contemporaneidade\/#primaryimage"},"thumbnailUrl":"https:\/\/ponteseditores.com.br\/loja3\/wp-content\/uploads\/2023\/12\/POR20UMA20MICROFISICA20DAS20RESISTENCIAS20-20capa.jpg","datePublished":"2023-12-16T04:50:53+00:00","dateModified":"2024-08-14T21:24:43+00:00","breadcrumb":{"@id":"https:\/\/ponteseditores.com.br\/loja3\/pontes-editores-home-2__trashed\/linguistica\/por-uma-microfisica-das-resistencias-michel-foucault-e-as-lutas-antiautoritarias-da-contemporaneidade\/#breadcrumb"},"inLanguage":"pt-BR","potentialAction":[{"@type":"ReadAction","target":["https:\/\/ponteseditores.com.br\/loja3\/pontes-editores-home-2__trashed\/linguistica\/por-uma-microfisica-das-resistencias-michel-foucault-e-as-lutas-antiautoritarias-da-contemporaneidade\/"]}]},{"@type":"ImageObject","inLanguage":"pt-BR","@id":"https:\/\/ponteseditores.com.br\/loja3\/pontes-editores-home-2__trashed\/linguistica\/por-uma-microfisica-das-resistencias-michel-foucault-e-as-lutas-antiautoritarias-da-contemporaneidade\/#primaryimage","url":"https:\/\/ponteseditores.com.br\/loja3\/wp-content\/uploads\/2023\/12\/POR20UMA20MICROFISICA20DAS20RESISTENCIAS20-20capa.jpg","contentUrl":"https:\/\/ponteseditores.com.br\/loja3\/wp-content\/uploads\/2023\/12\/POR20UMA20MICROFISICA20DAS20RESISTENCIAS20-20capa.jpg","width":900,"height":1304},{"@type":"BreadcrumbList","@id":"https:\/\/ponteseditores.com.br\/loja3\/pontes-editores-home-2__trashed\/linguistica\/por-uma-microfisica-das-resistencias-michel-foucault-e-as-lutas-antiautoritarias-da-contemporaneidade\/#breadcrumb","itemListElement":[{"@type":"ListItem","position":1,"name":"Home","item":"https:\/\/ponteseditores.com.br\/loja3\/"},{"@type":"ListItem","position":2,"name":"loja","item":"https:\/\/ponteseditores.com.br\/loja3\/loja\/"},{"@type":"ListItem","position":3,"name":"Por uma Microf\u00edsica das Resist\u00eancias: Michel Foucault e as lutas antiautorit\u00e1rias da contemporaneidade"}]},{"@type":"WebSite","@id":"https:\/\/ponteseditores.com.br\/loja3\/#website","url":"https:\/\/ponteseditores.com.br\/loja3\/","name":"Pontes Editores","description":"Pontes Editores","publisher":{"@id":"https:\/\/ponteseditores.com.br\/loja3\/#organization"},"potentialAction":[{"@type":"SearchAction","target":{"@type":"EntryPoint","urlTemplate":"https:\/\/ponteseditores.com.br\/loja3\/?s={search_term_string}"},"query-input":{"@type":"PropertyValueSpecification","valueRequired":true,"valueName":"search_term_string"}}],"inLanguage":"pt-BR"},{"@type":"Organization","@id":"https:\/\/ponteseditores.com.br\/loja3\/#organization","name":"Pontes Editores","url":"https:\/\/ponteseditores.com.br\/loja3\/","logo":{"@type":"ImageObject","inLanguage":"pt-BR","@id":"https:\/\/ponteseditores.com.br\/loja3\/#\/schema\/logo\/image\/","url":"https:\/\/ponteseditores.com.br\/loja3\/wp-content\/uploads\/2023\/12\/logo-pontes-editores-v2.png","contentUrl":"https:\/\/ponteseditores.com.br\/loja3\/wp-content\/uploads\/2023\/12\/logo-pontes-editores-v2.png","width":258,"height":100,"caption":"Pontes Editores"},"image":{"@id":"https:\/\/ponteseditores.com.br\/loja3\/#\/schema\/logo\/image\/"}}]}},"_links":{"self":[{"href":"https:\/\/ponteseditores.com.br\/loja3\/wp-json\/wp\/v2\/product\/8598","targetHints":{"allow":["GET"]}}],"collection":[{"href":"https:\/\/ponteseditores.com.br\/loja3\/wp-json\/wp\/v2\/product"}],"about":[{"href":"https:\/\/ponteseditores.com.br\/loja3\/wp-json\/wp\/v2\/types\/product"}],"replies":[{"embeddable":true,"href":"https:\/\/ponteseditores.com.br\/loja3\/wp-json\/wp\/v2\/comments?post=8598"}],"version-history":[{"count":0,"href":"https:\/\/ponteseditores.com.br\/loja3\/wp-json\/wp\/v2\/product\/8598\/revisions"}],"wp:featuredmedia":[{"embeddable":true,"href":"https:\/\/ponteseditores.com.br\/loja3\/wp-json\/wp\/v2\/media\/8597"}],"wp:attachment":[{"href":"https:\/\/ponteseditores.com.br\/loja3\/wp-json\/wp\/v2\/media?parent=8598"}],"wp:term":[{"taxonomy":"product_brand","embeddable":true,"href":"https:\/\/ponteseditores.com.br\/loja3\/wp-json\/wp\/v2\/product_brand?post=8598"},{"taxonomy":"product_cat","embeddable":true,"href":"https:\/\/ponteseditores.com.br\/loja3\/wp-json\/wp\/v2\/product_cat?post=8598"},{"taxonomy":"product_tag","embeddable":true,"href":"https:\/\/ponteseditores.com.br\/loja3\/wp-json\/wp\/v2\/product_tag?post=8598"}],"curies":[{"name":"wp","href":"https:\/\/api.w.org\/{rel}","templated":true}]}}