{"id":8596,"date":"2023-12-16T01:50:44","date_gmt":"2023-12-16T04:50:44","guid":{"rendered":"https:\/\/ponteseditores.com.br\/loja3\/pontes-editores-home-2__trashed\/sem categoria\/transformacao-de-professoras-es-de-linguas-demandas-e-tendencias-da-pos-modernidade\/"},"modified":"2025-09-10T07:42:02","modified_gmt":"2025-09-10T10:42:02","slug":"transformacao-de-professoras-es-de-linguas-demandas-e-tendencias-da-pos-modernidade","status":"publish","type":"product","link":"https:\/\/ponteseditores.com.br\/loja3\/pontes-editores-home-2__trashed\/ensino-e-aprendizagem\/transformacao-de-professoras-es-de-linguas-demandas-e-tendencias-da-pos-modernidade\/","title":{"rendered":"(TRANS)FORMA\u00c7\u00c3O DE PROFESSORAS\/ES DE L\u00cdNGUAS: DEMANDAS E TEND\u00caNCIAS DA P\u00d3S-MODERNIDADE"},"content":{"rendered":"<p>Este projeto nasceu de uma experi\u00eancia de colabora\u00e7\u00e3o entre colegas de p\u00f3s-gradua\u00e7\u00e3o. Foi inspirado, sobretudo, por leituras que fizemos ao longo dos nossos pr\u00f3prios percursos de (trans)forma\u00e7\u00e3o profissional. Muitos dos textos que lemos s\u00e3o de autoria das\/os parceiras\/os que, juntamente conosco, compuseram esta colet\u00e2nea. A obra \u00e9 fruto desse movimento (trans)formativo de reflex\u00e3o e a\u00e7\u00e3o inerente \u00e0 nossa constitui\u00e7\u00e3o identit\u00e1ria enquanto professoras e pesquisadoras da \u00e1rea da educa\u00e7\u00e3o lingu\u00edstica. \u00c9 importante lembrar que o processo de (trans)forma\u00e7\u00e3o n\u00e3o acontece abruptamente, mas de forma fluida e constante. Assim, desde a concep\u00e7\u00e3o da capa at\u00e9 a escolha do prefixo trans na composi\u00e7\u00e3o do t\u00edtulo do livro, buscamos privilegiar o sentido de ir al\u00e9m na forma\u00e7\u00e3o docente. N\u00f3s esperamos que a obra inspire outras\/os atrizes\/atores a trilhar caminhos de (des)constru\u00e7\u00e3o ao longo de seus pr\u00f3prios processos (trans)formativos. Desejamos a todas\/os uma excelente leitura.<\/p>\n<p>As organizadoras<\/p>\n","protected":false},"excerpt":{"rendered":"<p>Este projeto nasceu de uma experi\u00eancia de colabora\u00e7\u00e3o entre colegas de p\u00f3s-gradua\u00e7\u00e3o. Foi inspirado, sobretudo, por leituras que fizemos ao longo dos nossos pr\u00f3prios percursos de (trans)forma\u00e7\u00e3o profissional. Muitos dos textos que lemos s\u00e3o de autoria das\/os parceiras\/os que, juntamente conosco, compuseram esta colet\u00e2nea. A obra \u00e9 fruto desse movimento (trans)formativo de reflex\u00e3o e a\u00e7\u00e3o [&hellip;]<\/p>\n","protected":false},"featured_media":8595,"comment_status":"open","ping_status":"closed","template":"","meta":{"_joinchat":[]},"product_brand":[],"product_cat":[288,290],"product_tag":[],"class_list":{"0":"post-8596","1":"product","2":"type-product","3":"status-publish","4":"has-post-thumbnail","6":"product_cat-ensino-e-aprendizagem","7":"product_cat-linguagem-e-linguas","9":"first","10":"instock","11":"shipping-taxable","12":"purchasable","13":"product-type-simple"},"yoast_head":"<!-- This site is optimized with the Yoast SEO plugin v27.4 - https:\/\/yoast.com\/product\/yoast-seo-wordpress\/ -->\n<title>(TRANS)FORMA\u00c7\u00c3O DE PROFESSORAS\/ES DE L\u00cdNGUAS: DEMANDAS E TEND\u00caNCIAS DA P\u00d3S-MODERNIDADE - Pontes Editores<\/title>\n<meta name=\"robots\" content=\"index, follow, max-snippet:-1, max-image-preview:large, max-video-preview:-1\" \/>\n<link rel=\"canonical\" href=\"https:\/\/ponteseditores.com.br\/loja3\/pontes-editores-home-2__trashed\/ensino-e-aprendizagem\/transformacao-de-professoras-es-de-linguas-demandas-e-tendencias-da-pos-modernidade\/\" \/>\n<meta property=\"og:locale\" content=\"pt_BR\" \/>\n<meta property=\"og:type\" content=\"article\" \/>\n<meta property=\"og:title\" content=\"(TRANS)FORMA\u00c7\u00c3O DE PROFESSORAS\/ES DE L\u00cdNGUAS: DEMANDAS E TEND\u00caNCIAS DA P\u00d3S-MODERNIDADE - Pontes Editores\" \/>\n<meta property=\"og:description\" content=\"Este projeto nasceu de uma experi\u00eancia de colabora\u00e7\u00e3o entre colegas de p\u00f3s-gradua\u00e7\u00e3o. Foi inspirado, sobretudo, por leituras que fizemos ao longo dos nossos pr\u00f3prios percursos de (trans)forma\u00e7\u00e3o profissional. Muitos dos textos que lemos s\u00e3o de autoria das\/os parceiras\/os que, juntamente conosco, compuseram esta colet\u00e2nea. A obra \u00e9 fruto desse movimento (trans)formativo de reflex\u00e3o e a\u00e7\u00e3o [&hellip;]\" \/>\n<meta property=\"og:url\" content=\"https:\/\/ponteseditores.com.br\/loja3\/pontes-editores-home-2__trashed\/ensino-e-aprendizagem\/transformacao-de-professoras-es-de-linguas-demandas-e-tendencias-da-pos-modernidade\/\" \/>\n<meta property=\"og:site_name\" content=\"Pontes Editores\" \/>\n<meta property=\"article:modified_time\" content=\"2025-09-10T10:42:02+00:00\" \/>\n<meta property=\"og:image\" content=\"https:\/\/ponteseditores.com.br\/loja3\/wp-content\/uploads\/2023\/12\/TRANSFORMACAO-2.jpg\" \/>\n\t<meta property=\"og:image:width\" content=\"512\" \/>\n\t<meta property=\"og:image:height\" content=\"768\" \/>\n\t<meta property=\"og:image:type\" content=\"image\/jpeg\" \/>\n<meta name=\"twitter:card\" content=\"summary_large_image\" \/>\n<meta name=\"twitter:label1\" content=\"Est. tempo de leitura\" \/>\n\t<meta name=\"twitter:data1\" content=\"1 minuto\" \/>\n<script type=\"application\/ld+json\" class=\"yoast-schema-graph\">{\"@context\":\"https:\\\/\\\/schema.org\",\"@graph\":[{\"@type\":\"WebPage\",\"@id\":\"https:\\\/\\\/ponteseditores.com.br\\\/loja3\\\/pontes-editores-home-2__trashed\\\/ensino-e-aprendizagem\\\/transformacao-de-professoras-es-de-linguas-demandas-e-tendencias-da-pos-modernidade\\\/\",\"url\":\"https:\\\/\\\/ponteseditores.com.br\\\/loja3\\\/pontes-editores-home-2__trashed\\\/ensino-e-aprendizagem\\\/transformacao-de-professoras-es-de-linguas-demandas-e-tendencias-da-pos-modernidade\\\/\",\"name\":\"(TRANS)FORMA\u00c7\u00c3O DE PROFESSORAS\\\/ES DE L\u00cdNGUAS: DEMANDAS E TEND\u00caNCIAS DA P\u00d3S-MODERNIDADE - Pontes Editores\",\"isPartOf\":{\"@id\":\"https:\\\/\\\/ponteseditores.com.br\\\/loja3\\\/#website\"},\"primaryImageOfPage\":{\"@id\":\"https:\\\/\\\/ponteseditores.com.br\\\/loja3\\\/pontes-editores-home-2__trashed\\\/ensino-e-aprendizagem\\\/transformacao-de-professoras-es-de-linguas-demandas-e-tendencias-da-pos-modernidade\\\/#primaryimage\"},\"image\":{\"@id\":\"https:\\\/\\\/ponteseditores.com.br\\\/loja3\\\/pontes-editores-home-2__trashed\\\/ensino-e-aprendizagem\\\/transformacao-de-professoras-es-de-linguas-demandas-e-tendencias-da-pos-modernidade\\\/#primaryimage\"},\"thumbnailUrl\":\"https:\\\/\\\/ponteseditores.com.br\\\/loja3\\\/wp-content\\\/uploads\\\/2023\\\/12\\\/TRANSFORMACAO-2.jpg\",\"datePublished\":\"2023-12-16T04:50:44+00:00\",\"dateModified\":\"2025-09-10T10:42:02+00:00\",\"breadcrumb\":{\"@id\":\"https:\\\/\\\/ponteseditores.com.br\\\/loja3\\\/pontes-editores-home-2__trashed\\\/ensino-e-aprendizagem\\\/transformacao-de-professoras-es-de-linguas-demandas-e-tendencias-da-pos-modernidade\\\/#breadcrumb\"},\"inLanguage\":\"pt-BR\",\"potentialAction\":[{\"@type\":\"ReadAction\",\"target\":[\"https:\\\/\\\/ponteseditores.com.br\\\/loja3\\\/pontes-editores-home-2__trashed\\\/ensino-e-aprendizagem\\\/transformacao-de-professoras-es-de-linguas-demandas-e-tendencias-da-pos-modernidade\\\/\"]}]},{\"@type\":\"ImageObject\",\"inLanguage\":\"pt-BR\",\"@id\":\"https:\\\/\\\/ponteseditores.com.br\\\/loja3\\\/pontes-editores-home-2__trashed\\\/ensino-e-aprendizagem\\\/transformacao-de-professoras-es-de-linguas-demandas-e-tendencias-da-pos-modernidade\\\/#primaryimage\",\"url\":\"https:\\\/\\\/ponteseditores.com.br\\\/loja3\\\/wp-content\\\/uploads\\\/2023\\\/12\\\/TRANSFORMACAO-2.jpg\",\"contentUrl\":\"https:\\\/\\\/ponteseditores.com.br\\\/loja3\\\/wp-content\\\/uploads\\\/2023\\\/12\\\/TRANSFORMACAO-2.jpg\",\"width\":512,\"height\":768},{\"@type\":\"BreadcrumbList\",\"@id\":\"https:\\\/\\\/ponteseditores.com.br\\\/loja3\\\/pontes-editores-home-2__trashed\\\/ensino-e-aprendizagem\\\/transformacao-de-professoras-es-de-linguas-demandas-e-tendencias-da-pos-modernidade\\\/#breadcrumb\",\"itemListElement\":[{\"@type\":\"ListItem\",\"position\":1,\"name\":\"Home\",\"item\":\"https:\\\/\\\/ponteseditores.com.br\\\/loja3\\\/\"},{\"@type\":\"ListItem\",\"position\":2,\"name\":\"loja\",\"item\":\"https:\\\/\\\/ponteseditores.com.br\\\/loja3\\\/loja\\\/\"},{\"@type\":\"ListItem\",\"position\":3,\"name\":\"(TRANS)FORMA\u00c7\u00c3O DE PROFESSORAS\\\/ES DE L\u00cdNGUAS: DEMANDAS E TEND\u00caNCIAS DA P\u00d3S-MODERNIDADE\"}]},{\"@type\":\"WebSite\",\"@id\":\"https:\\\/\\\/ponteseditores.com.br\\\/loja3\\\/#website\",\"url\":\"https:\\\/\\\/ponteseditores.com.br\\\/loja3\\\/\",\"name\":\"Pontes Editores\",\"description\":\"Pontes Editores\",\"publisher\":{\"@id\":\"https:\\\/\\\/ponteseditores.com.br\\\/loja3\\\/#organization\"},\"potentialAction\":[{\"@type\":\"SearchAction\",\"target\":{\"@type\":\"EntryPoint\",\"urlTemplate\":\"https:\\\/\\\/ponteseditores.com.br\\\/loja3\\\/?s={search_term_string}\"},\"query-input\":{\"@type\":\"PropertyValueSpecification\",\"valueRequired\":true,\"valueName\":\"search_term_string\"}}],\"inLanguage\":\"pt-BR\"},{\"@type\":\"Organization\",\"@id\":\"https:\\\/\\\/ponteseditores.com.br\\\/loja3\\\/#organization\",\"name\":\"Pontes Editores\",\"url\":\"https:\\\/\\\/ponteseditores.com.br\\\/loja3\\\/\",\"logo\":{\"@type\":\"ImageObject\",\"inLanguage\":\"pt-BR\",\"@id\":\"https:\\\/\\\/ponteseditores.com.br\\\/loja3\\\/#\\\/schema\\\/logo\\\/image\\\/\",\"url\":\"https:\\\/\\\/ponteseditores.com.br\\\/loja3\\\/wp-content\\\/uploads\\\/2023\\\/12\\\/logo-pontes-editores-v2.png\",\"contentUrl\":\"https:\\\/\\\/ponteseditores.com.br\\\/loja3\\\/wp-content\\\/uploads\\\/2023\\\/12\\\/logo-pontes-editores-v2.png\",\"width\":258,\"height\":100,\"caption\":\"Pontes Editores\"},\"image\":{\"@id\":\"https:\\\/\\\/ponteseditores.com.br\\\/loja3\\\/#\\\/schema\\\/logo\\\/image\\\/\"}}]}<\/script>\n<!-- \/ Yoast SEO plugin. -->","yoast_head_json":{"title":"(TRANS)FORMA\u00c7\u00c3O DE PROFESSORAS\/ES DE L\u00cdNGUAS: DEMANDAS E TEND\u00caNCIAS DA P\u00d3S-MODERNIDADE - Pontes Editores","robots":{"index":"index","follow":"follow","max-snippet":"max-snippet:-1","max-image-preview":"max-image-preview:large","max-video-preview":"max-video-preview:-1"},"canonical":"https:\/\/ponteseditores.com.br\/loja3\/pontes-editores-home-2__trashed\/ensino-e-aprendizagem\/transformacao-de-professoras-es-de-linguas-demandas-e-tendencias-da-pos-modernidade\/","og_locale":"pt_BR","og_type":"article","og_title":"(TRANS)FORMA\u00c7\u00c3O DE PROFESSORAS\/ES DE L\u00cdNGUAS: DEMANDAS E TEND\u00caNCIAS DA P\u00d3S-MODERNIDADE - Pontes Editores","og_description":"Este projeto nasceu de uma experi\u00eancia de colabora\u00e7\u00e3o entre colegas de p\u00f3s-gradua\u00e7\u00e3o. Foi inspirado, sobretudo, por leituras que fizemos ao longo dos nossos pr\u00f3prios percursos de (trans)forma\u00e7\u00e3o profissional. Muitos dos textos que lemos s\u00e3o de autoria das\/os parceiras\/os que, juntamente conosco, compuseram esta colet\u00e2nea. A obra \u00e9 fruto desse movimento (trans)formativo de reflex\u00e3o e a\u00e7\u00e3o [&hellip;]","og_url":"https:\/\/ponteseditores.com.br\/loja3\/pontes-editores-home-2__trashed\/ensino-e-aprendizagem\/transformacao-de-professoras-es-de-linguas-demandas-e-tendencias-da-pos-modernidade\/","og_site_name":"Pontes Editores","article_modified_time":"2025-09-10T10:42:02+00:00","og_image":[{"width":512,"height":768,"url":"https:\/\/ponteseditores.com.br\/loja3\/wp-content\/uploads\/2023\/12\/TRANSFORMACAO-2.jpg","type":"image\/jpeg"}],"twitter_card":"summary_large_image","twitter_misc":{"Est. tempo de leitura":"1 minuto"},"schema":{"@context":"https:\/\/schema.org","@graph":[{"@type":"WebPage","@id":"https:\/\/ponteseditores.com.br\/loja3\/pontes-editores-home-2__trashed\/ensino-e-aprendizagem\/transformacao-de-professoras-es-de-linguas-demandas-e-tendencias-da-pos-modernidade\/","url":"https:\/\/ponteseditores.com.br\/loja3\/pontes-editores-home-2__trashed\/ensino-e-aprendizagem\/transformacao-de-professoras-es-de-linguas-demandas-e-tendencias-da-pos-modernidade\/","name":"(TRANS)FORMA\u00c7\u00c3O DE PROFESSORAS\/ES DE L\u00cdNGUAS: DEMANDAS E TEND\u00caNCIAS DA P\u00d3S-MODERNIDADE - Pontes Editores","isPartOf":{"@id":"https:\/\/ponteseditores.com.br\/loja3\/#website"},"primaryImageOfPage":{"@id":"https:\/\/ponteseditores.com.br\/loja3\/pontes-editores-home-2__trashed\/ensino-e-aprendizagem\/transformacao-de-professoras-es-de-linguas-demandas-e-tendencias-da-pos-modernidade\/#primaryimage"},"image":{"@id":"https:\/\/ponteseditores.com.br\/loja3\/pontes-editores-home-2__trashed\/ensino-e-aprendizagem\/transformacao-de-professoras-es-de-linguas-demandas-e-tendencias-da-pos-modernidade\/#primaryimage"},"thumbnailUrl":"https:\/\/ponteseditores.com.br\/loja3\/wp-content\/uploads\/2023\/12\/TRANSFORMACAO-2.jpg","datePublished":"2023-12-16T04:50:44+00:00","dateModified":"2025-09-10T10:42:02+00:00","breadcrumb":{"@id":"https:\/\/ponteseditores.com.br\/loja3\/pontes-editores-home-2__trashed\/ensino-e-aprendizagem\/transformacao-de-professoras-es-de-linguas-demandas-e-tendencias-da-pos-modernidade\/#breadcrumb"},"inLanguage":"pt-BR","potentialAction":[{"@type":"ReadAction","target":["https:\/\/ponteseditores.com.br\/loja3\/pontes-editores-home-2__trashed\/ensino-e-aprendizagem\/transformacao-de-professoras-es-de-linguas-demandas-e-tendencias-da-pos-modernidade\/"]}]},{"@type":"ImageObject","inLanguage":"pt-BR","@id":"https:\/\/ponteseditores.com.br\/loja3\/pontes-editores-home-2__trashed\/ensino-e-aprendizagem\/transformacao-de-professoras-es-de-linguas-demandas-e-tendencias-da-pos-modernidade\/#primaryimage","url":"https:\/\/ponteseditores.com.br\/loja3\/wp-content\/uploads\/2023\/12\/TRANSFORMACAO-2.jpg","contentUrl":"https:\/\/ponteseditores.com.br\/loja3\/wp-content\/uploads\/2023\/12\/TRANSFORMACAO-2.jpg","width":512,"height":768},{"@type":"BreadcrumbList","@id":"https:\/\/ponteseditores.com.br\/loja3\/pontes-editores-home-2__trashed\/ensino-e-aprendizagem\/transformacao-de-professoras-es-de-linguas-demandas-e-tendencias-da-pos-modernidade\/#breadcrumb","itemListElement":[{"@type":"ListItem","position":1,"name":"Home","item":"https:\/\/ponteseditores.com.br\/loja3\/"},{"@type":"ListItem","position":2,"name":"loja","item":"https:\/\/ponteseditores.com.br\/loja3\/loja\/"},{"@type":"ListItem","position":3,"name":"(TRANS)FORMA\u00c7\u00c3O DE PROFESSORAS\/ES DE L\u00cdNGUAS: DEMANDAS E TEND\u00caNCIAS DA P\u00d3S-MODERNIDADE"}]},{"@type":"WebSite","@id":"https:\/\/ponteseditores.com.br\/loja3\/#website","url":"https:\/\/ponteseditores.com.br\/loja3\/","name":"Pontes Editores","description":"Pontes Editores","publisher":{"@id":"https:\/\/ponteseditores.com.br\/loja3\/#organization"},"potentialAction":[{"@type":"SearchAction","target":{"@type":"EntryPoint","urlTemplate":"https:\/\/ponteseditores.com.br\/loja3\/?s={search_term_string}"},"query-input":{"@type":"PropertyValueSpecification","valueRequired":true,"valueName":"search_term_string"}}],"inLanguage":"pt-BR"},{"@type":"Organization","@id":"https:\/\/ponteseditores.com.br\/loja3\/#organization","name":"Pontes Editores","url":"https:\/\/ponteseditores.com.br\/loja3\/","logo":{"@type":"ImageObject","inLanguage":"pt-BR","@id":"https:\/\/ponteseditores.com.br\/loja3\/#\/schema\/logo\/image\/","url":"https:\/\/ponteseditores.com.br\/loja3\/wp-content\/uploads\/2023\/12\/logo-pontes-editores-v2.png","contentUrl":"https:\/\/ponteseditores.com.br\/loja3\/wp-content\/uploads\/2023\/12\/logo-pontes-editores-v2.png","width":258,"height":100,"caption":"Pontes Editores"},"image":{"@id":"https:\/\/ponteseditores.com.br\/loja3\/#\/schema\/logo\/image\/"}}]}},"_links":{"self":[{"href":"https:\/\/ponteseditores.com.br\/loja3\/wp-json\/wp\/v2\/product\/8596","targetHints":{"allow":["GET"]}}],"collection":[{"href":"https:\/\/ponteseditores.com.br\/loja3\/wp-json\/wp\/v2\/product"}],"about":[{"href":"https:\/\/ponteseditores.com.br\/loja3\/wp-json\/wp\/v2\/types\/product"}],"replies":[{"embeddable":true,"href":"https:\/\/ponteseditores.com.br\/loja3\/wp-json\/wp\/v2\/comments?post=8596"}],"version-history":[{"count":0,"href":"https:\/\/ponteseditores.com.br\/loja3\/wp-json\/wp\/v2\/product\/8596\/revisions"}],"wp:featuredmedia":[{"embeddable":true,"href":"https:\/\/ponteseditores.com.br\/loja3\/wp-json\/wp\/v2\/media\/8595"}],"wp:attachment":[{"href":"https:\/\/ponteseditores.com.br\/loja3\/wp-json\/wp\/v2\/media?parent=8596"}],"wp:term":[{"taxonomy":"product_brand","embeddable":true,"href":"https:\/\/ponteseditores.com.br\/loja3\/wp-json\/wp\/v2\/product_brand?post=8596"},{"taxonomy":"product_cat","embeddable":true,"href":"https:\/\/ponteseditores.com.br\/loja3\/wp-json\/wp\/v2\/product_cat?post=8596"},{"taxonomy":"product_tag","embeddable":true,"href":"https:\/\/ponteseditores.com.br\/loja3\/wp-json\/wp\/v2\/product_tag?post=8596"}],"curies":[{"name":"wp","href":"https:\/\/api.w.org\/{rel}","templated":true}]}}