{"id":8592,"date":"2023-12-16T01:50:35","date_gmt":"2023-12-16T04:50:35","guid":{"rendered":"https:\/\/ponteseditores.com.br\/loja3\/pontes-editores-home-2__trashed\/sem categoria\/dissolucao-do-inferno-em-movimento-a-poesia-incontida-de-sousandrade\/"},"modified":"2023-12-16T01:50:35","modified_gmt":"2023-12-16T04:50:35","slug":"dissolucao-do-inferno-em-movimento-a-poesia-incontida-de-sousandrade","status":"publish","type":"product","link":"https:\/\/ponteseditores.com.br\/loja3\/pontes-editores-home-2__trashed\/literatura\/dissolucao-do-inferno-em-movimento-a-poesia-incontida-de-sousandrade\/","title":{"rendered":"&#8220;DISSOLU\u00c7\u00c3O DO INFERNO EM MOVIMENTO&#8221;:  A POESIA INCONTIDA DE SOUS\u00c2NDRADE"},"content":{"rendered":"<p>O livro recoloca em discuss\u00e3o a obra de Sous\u00e2ndrade e, por isso, pedimos aos nossos leitores que vislumbrem as transforma\u00e7\u00f5es po\u00e9ticas ao longo dos dois \u00faltimos s\u00e9culos, mas, sobretudo, que pensem Sous\u00e2ndrade \u00e0 \u00e9gide do Romantismo. Proporcionar, portanto, uma Revis\u00e3o da po\u00e9tica de Sous\u00e2ndrade parece ser, ainda no s\u00e9culo XXI, em di\u00e1logo com o estudo dos irm\u00e3os Campos de 1964, o caminho trilhado por este livro.<\/p>\n","protected":false},"excerpt":{"rendered":"<p>O livro recoloca em discuss\u00e3o a obra de Sous\u00e2ndrade e, por isso, pedimos aos nossos leitores que vislumbrem as transforma\u00e7\u00f5es po\u00e9ticas ao longo dos dois \u00faltimos s\u00e9culos, mas, sobretudo, que pensem Sous\u00e2ndrade \u00e0 \u00e9gide do Romantismo. Proporcionar, portanto, uma Revis\u00e3o da po\u00e9tica de Sous\u00e2ndrade parece ser, ainda no s\u00e9culo XXI, em di\u00e1logo com o estudo [&hellip;]<\/p>\n","protected":false},"featured_media":8591,"comment_status":"open","ping_status":"closed","template":"","meta":{"_joinchat":[]},"product_brand":[],"product_cat":[297,287],"product_tag":[],"class_list":{"0":"post-8592","1":"product","2":"type-product","3":"status-publish","4":"has-post-thumbnail","6":"product_cat-critica-literaria","7":"product_cat-literatura","9":"first","10":"instock","11":"shipping-taxable","12":"purchasable","13":"product-type-simple"},"yoast_head":"<!-- This site is optimized with the Yoast SEO plugin v27.4 - https:\/\/yoast.com\/product\/yoast-seo-wordpress\/ -->\n<title>&quot;DISSOLU\u00c7\u00c3O DO INFERNO EM MOVIMENTO&quot;: A POESIA INCONTIDA DE SOUS\u00c2NDRADE - Pontes Editores<\/title>\n<meta name=\"robots\" content=\"index, follow, max-snippet:-1, max-image-preview:large, max-video-preview:-1\" \/>\n<link rel=\"canonical\" href=\"https:\/\/ponteseditores.com.br\/loja3\/pontes-editores-home-2__trashed\/literatura\/dissolucao-do-inferno-em-movimento-a-poesia-incontida-de-sousandrade\/\" \/>\n<meta property=\"og:locale\" content=\"pt_BR\" \/>\n<meta property=\"og:type\" content=\"article\" \/>\n<meta property=\"og:title\" content=\"&quot;DISSOLU\u00c7\u00c3O DO INFERNO EM MOVIMENTO&quot;: A POESIA INCONTIDA DE SOUS\u00c2NDRADE - Pontes Editores\" \/>\n<meta property=\"og:description\" content=\"O livro recoloca em discuss\u00e3o a obra de Sous\u00e2ndrade e, por isso, pedimos aos nossos leitores que vislumbrem as transforma\u00e7\u00f5es po\u00e9ticas ao longo dos dois \u00faltimos s\u00e9culos, mas, sobretudo, que pensem Sous\u00e2ndrade \u00e0 \u00e9gide do Romantismo. Proporcionar, portanto, uma Revis\u00e3o da po\u00e9tica de Sous\u00e2ndrade parece ser, ainda no s\u00e9culo XXI, em di\u00e1logo com o estudo [&hellip;]\" \/>\n<meta property=\"og:url\" content=\"https:\/\/ponteseditores.com.br\/loja3\/pontes-editores-home-2__trashed\/literatura\/dissolucao-do-inferno-em-movimento-a-poesia-incontida-de-sousandrade\/\" \/>\n<meta property=\"og:site_name\" content=\"Pontes Editores\" \/>\n<meta property=\"og:image\" content=\"https:\/\/ponteseditores.com.br\/loja3\/wp-content\/uploads\/2023\/12\/dissolucao20do20inferno20em20movimento20capa.jpg\" \/>\n\t<meta property=\"og:image:width\" content=\"514\" \/>\n\t<meta property=\"og:image:height\" content=\"768\" \/>\n\t<meta property=\"og:image:type\" content=\"image\/jpeg\" \/>\n<meta name=\"twitter:card\" content=\"summary_large_image\" \/>\n<script type=\"application\/ld+json\" class=\"yoast-schema-graph\">{\"@context\":\"https:\\\/\\\/schema.org\",\"@graph\":[{\"@type\":\"WebPage\",\"@id\":\"https:\\\/\\\/ponteseditores.com.br\\\/loja3\\\/pontes-editores-home-2__trashed\\\/literatura\\\/dissolucao-do-inferno-em-movimento-a-poesia-incontida-de-sousandrade\\\/\",\"url\":\"https:\\\/\\\/ponteseditores.com.br\\\/loja3\\\/pontes-editores-home-2__trashed\\\/literatura\\\/dissolucao-do-inferno-em-movimento-a-poesia-incontida-de-sousandrade\\\/\",\"name\":\"\\\"DISSOLU\u00c7\u00c3O DO INFERNO EM MOVIMENTO\\\": A POESIA INCONTIDA DE SOUS\u00c2NDRADE - Pontes Editores\",\"isPartOf\":{\"@id\":\"https:\\\/\\\/ponteseditores.com.br\\\/loja3\\\/#website\"},\"primaryImageOfPage\":{\"@id\":\"https:\\\/\\\/ponteseditores.com.br\\\/loja3\\\/pontes-editores-home-2__trashed\\\/literatura\\\/dissolucao-do-inferno-em-movimento-a-poesia-incontida-de-sousandrade\\\/#primaryimage\"},\"image\":{\"@id\":\"https:\\\/\\\/ponteseditores.com.br\\\/loja3\\\/pontes-editores-home-2__trashed\\\/literatura\\\/dissolucao-do-inferno-em-movimento-a-poesia-incontida-de-sousandrade\\\/#primaryimage\"},\"thumbnailUrl\":\"https:\\\/\\\/ponteseditores.com.br\\\/loja3\\\/wp-content\\\/uploads\\\/2023\\\/12\\\/dissolucao20do20inferno20em20movimento20capa.jpg\",\"datePublished\":\"2023-12-16T04:50:35+00:00\",\"breadcrumb\":{\"@id\":\"https:\\\/\\\/ponteseditores.com.br\\\/loja3\\\/pontes-editores-home-2__trashed\\\/literatura\\\/dissolucao-do-inferno-em-movimento-a-poesia-incontida-de-sousandrade\\\/#breadcrumb\"},\"inLanguage\":\"pt-BR\",\"potentialAction\":[{\"@type\":\"ReadAction\",\"target\":[\"https:\\\/\\\/ponteseditores.com.br\\\/loja3\\\/pontes-editores-home-2__trashed\\\/literatura\\\/dissolucao-do-inferno-em-movimento-a-poesia-incontida-de-sousandrade\\\/\"]}]},{\"@type\":\"ImageObject\",\"inLanguage\":\"pt-BR\",\"@id\":\"https:\\\/\\\/ponteseditores.com.br\\\/loja3\\\/pontes-editores-home-2__trashed\\\/literatura\\\/dissolucao-do-inferno-em-movimento-a-poesia-incontida-de-sousandrade\\\/#primaryimage\",\"url\":\"https:\\\/\\\/ponteseditores.com.br\\\/loja3\\\/wp-content\\\/uploads\\\/2023\\\/12\\\/dissolucao20do20inferno20em20movimento20capa.jpg\",\"contentUrl\":\"https:\\\/\\\/ponteseditores.com.br\\\/loja3\\\/wp-content\\\/uploads\\\/2023\\\/12\\\/dissolucao20do20inferno20em20movimento20capa.jpg\",\"width\":514,\"height\":768},{\"@type\":\"BreadcrumbList\",\"@id\":\"https:\\\/\\\/ponteseditores.com.br\\\/loja3\\\/pontes-editores-home-2__trashed\\\/literatura\\\/dissolucao-do-inferno-em-movimento-a-poesia-incontida-de-sousandrade\\\/#breadcrumb\",\"itemListElement\":[{\"@type\":\"ListItem\",\"position\":1,\"name\":\"Home\",\"item\":\"https:\\\/\\\/ponteseditores.com.br\\\/loja3\\\/\"},{\"@type\":\"ListItem\",\"position\":2,\"name\":\"loja\",\"item\":\"https:\\\/\\\/ponteseditores.com.br\\\/loja3\\\/loja\\\/\"},{\"@type\":\"ListItem\",\"position\":3,\"name\":\"&#8220;DISSOLU\u00c7\u00c3O DO INFERNO EM MOVIMENTO&#8221;: A POESIA INCONTIDA DE SOUS\u00c2NDRADE\"}]},{\"@type\":\"WebSite\",\"@id\":\"https:\\\/\\\/ponteseditores.com.br\\\/loja3\\\/#website\",\"url\":\"https:\\\/\\\/ponteseditores.com.br\\\/loja3\\\/\",\"name\":\"Pontes Editores\",\"description\":\"Pontes Editores\",\"publisher\":{\"@id\":\"https:\\\/\\\/ponteseditores.com.br\\\/loja3\\\/#organization\"},\"potentialAction\":[{\"@type\":\"SearchAction\",\"target\":{\"@type\":\"EntryPoint\",\"urlTemplate\":\"https:\\\/\\\/ponteseditores.com.br\\\/loja3\\\/?s={search_term_string}\"},\"query-input\":{\"@type\":\"PropertyValueSpecification\",\"valueRequired\":true,\"valueName\":\"search_term_string\"}}],\"inLanguage\":\"pt-BR\"},{\"@type\":\"Organization\",\"@id\":\"https:\\\/\\\/ponteseditores.com.br\\\/loja3\\\/#organization\",\"name\":\"Pontes Editores\",\"url\":\"https:\\\/\\\/ponteseditores.com.br\\\/loja3\\\/\",\"logo\":{\"@type\":\"ImageObject\",\"inLanguage\":\"pt-BR\",\"@id\":\"https:\\\/\\\/ponteseditores.com.br\\\/loja3\\\/#\\\/schema\\\/logo\\\/image\\\/\",\"url\":\"https:\\\/\\\/ponteseditores.com.br\\\/loja3\\\/wp-content\\\/uploads\\\/2023\\\/12\\\/logo-pontes-editores-v2.png\",\"contentUrl\":\"https:\\\/\\\/ponteseditores.com.br\\\/loja3\\\/wp-content\\\/uploads\\\/2023\\\/12\\\/logo-pontes-editores-v2.png\",\"width\":258,\"height\":100,\"caption\":\"Pontes Editores\"},\"image\":{\"@id\":\"https:\\\/\\\/ponteseditores.com.br\\\/loja3\\\/#\\\/schema\\\/logo\\\/image\\\/\"}}]}<\/script>\n<!-- \/ Yoast SEO plugin. -->","yoast_head_json":{"title":"\"DISSOLU\u00c7\u00c3O DO INFERNO EM MOVIMENTO\": A POESIA INCONTIDA DE SOUS\u00c2NDRADE - Pontes Editores","robots":{"index":"index","follow":"follow","max-snippet":"max-snippet:-1","max-image-preview":"max-image-preview:large","max-video-preview":"max-video-preview:-1"},"canonical":"https:\/\/ponteseditores.com.br\/loja3\/pontes-editores-home-2__trashed\/literatura\/dissolucao-do-inferno-em-movimento-a-poesia-incontida-de-sousandrade\/","og_locale":"pt_BR","og_type":"article","og_title":"\"DISSOLU\u00c7\u00c3O DO INFERNO EM MOVIMENTO\": A POESIA INCONTIDA DE SOUS\u00c2NDRADE - Pontes Editores","og_description":"O livro recoloca em discuss\u00e3o a obra de Sous\u00e2ndrade e, por isso, pedimos aos nossos leitores que vislumbrem as transforma\u00e7\u00f5es po\u00e9ticas ao longo dos dois \u00faltimos s\u00e9culos, mas, sobretudo, que pensem Sous\u00e2ndrade \u00e0 \u00e9gide do Romantismo. Proporcionar, portanto, uma Revis\u00e3o da po\u00e9tica de Sous\u00e2ndrade parece ser, ainda no s\u00e9culo XXI, em di\u00e1logo com o estudo [&hellip;]","og_url":"https:\/\/ponteseditores.com.br\/loja3\/pontes-editores-home-2__trashed\/literatura\/dissolucao-do-inferno-em-movimento-a-poesia-incontida-de-sousandrade\/","og_site_name":"Pontes Editores","og_image":[{"width":514,"height":768,"url":"https:\/\/ponteseditores.com.br\/loja3\/wp-content\/uploads\/2023\/12\/dissolucao20do20inferno20em20movimento20capa.jpg","type":"image\/jpeg"}],"twitter_card":"summary_large_image","schema":{"@context":"https:\/\/schema.org","@graph":[{"@type":"WebPage","@id":"https:\/\/ponteseditores.com.br\/loja3\/pontes-editores-home-2__trashed\/literatura\/dissolucao-do-inferno-em-movimento-a-poesia-incontida-de-sousandrade\/","url":"https:\/\/ponteseditores.com.br\/loja3\/pontes-editores-home-2__trashed\/literatura\/dissolucao-do-inferno-em-movimento-a-poesia-incontida-de-sousandrade\/","name":"\"DISSOLU\u00c7\u00c3O DO INFERNO EM MOVIMENTO\": A POESIA INCONTIDA DE SOUS\u00c2NDRADE - Pontes Editores","isPartOf":{"@id":"https:\/\/ponteseditores.com.br\/loja3\/#website"},"primaryImageOfPage":{"@id":"https:\/\/ponteseditores.com.br\/loja3\/pontes-editores-home-2__trashed\/literatura\/dissolucao-do-inferno-em-movimento-a-poesia-incontida-de-sousandrade\/#primaryimage"},"image":{"@id":"https:\/\/ponteseditores.com.br\/loja3\/pontes-editores-home-2__trashed\/literatura\/dissolucao-do-inferno-em-movimento-a-poesia-incontida-de-sousandrade\/#primaryimage"},"thumbnailUrl":"https:\/\/ponteseditores.com.br\/loja3\/wp-content\/uploads\/2023\/12\/dissolucao20do20inferno20em20movimento20capa.jpg","datePublished":"2023-12-16T04:50:35+00:00","breadcrumb":{"@id":"https:\/\/ponteseditores.com.br\/loja3\/pontes-editores-home-2__trashed\/literatura\/dissolucao-do-inferno-em-movimento-a-poesia-incontida-de-sousandrade\/#breadcrumb"},"inLanguage":"pt-BR","potentialAction":[{"@type":"ReadAction","target":["https:\/\/ponteseditores.com.br\/loja3\/pontes-editores-home-2__trashed\/literatura\/dissolucao-do-inferno-em-movimento-a-poesia-incontida-de-sousandrade\/"]}]},{"@type":"ImageObject","inLanguage":"pt-BR","@id":"https:\/\/ponteseditores.com.br\/loja3\/pontes-editores-home-2__trashed\/literatura\/dissolucao-do-inferno-em-movimento-a-poesia-incontida-de-sousandrade\/#primaryimage","url":"https:\/\/ponteseditores.com.br\/loja3\/wp-content\/uploads\/2023\/12\/dissolucao20do20inferno20em20movimento20capa.jpg","contentUrl":"https:\/\/ponteseditores.com.br\/loja3\/wp-content\/uploads\/2023\/12\/dissolucao20do20inferno20em20movimento20capa.jpg","width":514,"height":768},{"@type":"BreadcrumbList","@id":"https:\/\/ponteseditores.com.br\/loja3\/pontes-editores-home-2__trashed\/literatura\/dissolucao-do-inferno-em-movimento-a-poesia-incontida-de-sousandrade\/#breadcrumb","itemListElement":[{"@type":"ListItem","position":1,"name":"Home","item":"https:\/\/ponteseditores.com.br\/loja3\/"},{"@type":"ListItem","position":2,"name":"loja","item":"https:\/\/ponteseditores.com.br\/loja3\/loja\/"},{"@type":"ListItem","position":3,"name":"&#8220;DISSOLU\u00c7\u00c3O DO INFERNO EM MOVIMENTO&#8221;: A POESIA INCONTIDA DE SOUS\u00c2NDRADE"}]},{"@type":"WebSite","@id":"https:\/\/ponteseditores.com.br\/loja3\/#website","url":"https:\/\/ponteseditores.com.br\/loja3\/","name":"Pontes Editores","description":"Pontes Editores","publisher":{"@id":"https:\/\/ponteseditores.com.br\/loja3\/#organization"},"potentialAction":[{"@type":"SearchAction","target":{"@type":"EntryPoint","urlTemplate":"https:\/\/ponteseditores.com.br\/loja3\/?s={search_term_string}"},"query-input":{"@type":"PropertyValueSpecification","valueRequired":true,"valueName":"search_term_string"}}],"inLanguage":"pt-BR"},{"@type":"Organization","@id":"https:\/\/ponteseditores.com.br\/loja3\/#organization","name":"Pontes Editores","url":"https:\/\/ponteseditores.com.br\/loja3\/","logo":{"@type":"ImageObject","inLanguage":"pt-BR","@id":"https:\/\/ponteseditores.com.br\/loja3\/#\/schema\/logo\/image\/","url":"https:\/\/ponteseditores.com.br\/loja3\/wp-content\/uploads\/2023\/12\/logo-pontes-editores-v2.png","contentUrl":"https:\/\/ponteseditores.com.br\/loja3\/wp-content\/uploads\/2023\/12\/logo-pontes-editores-v2.png","width":258,"height":100,"caption":"Pontes Editores"},"image":{"@id":"https:\/\/ponteseditores.com.br\/loja3\/#\/schema\/logo\/image\/"}}]}},"_links":{"self":[{"href":"https:\/\/ponteseditores.com.br\/loja3\/wp-json\/wp\/v2\/product\/8592","targetHints":{"allow":["GET"]}}],"collection":[{"href":"https:\/\/ponteseditores.com.br\/loja3\/wp-json\/wp\/v2\/product"}],"about":[{"href":"https:\/\/ponteseditores.com.br\/loja3\/wp-json\/wp\/v2\/types\/product"}],"replies":[{"embeddable":true,"href":"https:\/\/ponteseditores.com.br\/loja3\/wp-json\/wp\/v2\/comments?post=8592"}],"version-history":[{"count":0,"href":"https:\/\/ponteseditores.com.br\/loja3\/wp-json\/wp\/v2\/product\/8592\/revisions"}],"wp:featuredmedia":[{"embeddable":true,"href":"https:\/\/ponteseditores.com.br\/loja3\/wp-json\/wp\/v2\/media\/8591"}],"wp:attachment":[{"href":"https:\/\/ponteseditores.com.br\/loja3\/wp-json\/wp\/v2\/media?parent=8592"}],"wp:term":[{"taxonomy":"product_brand","embeddable":true,"href":"https:\/\/ponteseditores.com.br\/loja3\/wp-json\/wp\/v2\/product_brand?post=8592"},{"taxonomy":"product_cat","embeddable":true,"href":"https:\/\/ponteseditores.com.br\/loja3\/wp-json\/wp\/v2\/product_cat?post=8592"},{"taxonomy":"product_tag","embeddable":true,"href":"https:\/\/ponteseditores.com.br\/loja3\/wp-json\/wp\/v2\/product_tag?post=8592"}],"curies":[{"name":"wp","href":"https:\/\/api.w.org\/{rel}","templated":true}]}}