{"id":8589,"date":"2023-12-16T01:20:11","date_gmt":"2023-12-16T04:20:11","guid":{"rendered":"https:\/\/ponteseditores.com.br\/loja3\/pontes-editores-home-2__trashed\/sem categoria\/educacao-e-culturaconexoes-teoricas-praticas-e-reflexivas\/"},"modified":"2023-12-16T01:20:11","modified_gmt":"2023-12-16T04:20:11","slug":"educacao-e-culturaconexoes-teoricas-praticas-e-reflexivas","status":"publish","type":"product","link":"https:\/\/ponteseditores.com.br\/loja3\/pontes-editores-home-2__trashed\/uncategorized\/educacao-e-culturaconexoes-teoricas-praticas-e-reflexivas\/","title":{"rendered":"Educa\u00e7\u00e3o e Cultura:conex\u00f5es te\u00f3ricas, pr\u00e1ticas e reflexivas"},"content":{"rendered":"<p>A Colet\u00e2nea Educa\u00e7\u00e3o e Cultura: conex\u00f5es te\u00f3ricas, pr\u00e1ticas e reflexivas \u00e9 parte da implementa\u00e7\u00e3o de uma tradi\u00e7\u00e3o de estudos do Campus Universit\u00e1rio de Abaetetuba e regi\u00e3o no \u00e2mbito da pesquisa social, que se subsume na expans\u00e3o de teorias, problemas, novas perspectivas de abordagens, ao mesmo tempo que, como condi\u00e7\u00e3o do trabalho investigativo, a mesma exige o interc\u00e2mbio dessas experi\u00eancias com diferentes institui\u00e7\u00f5es e campos de saberes, visando sua consecu\u00e7\u00e3o,  bem como  o alcance dos seus objetivos como reconhecimento da fun\u00e7\u00e3o social que toda pesquisa cient\u00edfica exige.<\/p>\n","protected":false},"excerpt":{"rendered":"<p>A Colet\u00e2nea Educa\u00e7\u00e3o e Cultura: conex\u00f5es te\u00f3ricas, pr\u00e1ticas e reflexivas \u00e9 parte da implementa\u00e7\u00e3o de uma tradi\u00e7\u00e3o de estudos do Campus Universit\u00e1rio de Abaetetuba e regi\u00e3o no \u00e2mbito da pesquisa social, que se subsume na expans\u00e3o de teorias, problemas, novas perspectivas de abordagens, ao mesmo tempo que, como condi\u00e7\u00e3o do trabalho investigativo, a mesma exige [&hellip;]<\/p>\n","protected":false},"featured_media":8588,"comment_status":"open","ping_status":"closed","template":"","meta":{"_joinchat":[]},"product_brand":[],"product_cat":[15],"product_tag":[],"class_list":{"0":"post-8589","1":"product","2":"type-product","3":"status-publish","4":"has-post-thumbnail","6":"product_cat-uncategorized","8":"first","9":"instock","10":"shipping-taxable","11":"purchasable","12":"product-type-simple"},"yoast_head":"<!-- This site is optimized with the Yoast SEO plugin v27.4 - https:\/\/yoast.com\/product\/yoast-seo-wordpress\/ -->\n<title>Educa\u00e7\u00e3o e Cultura:conex\u00f5es te\u00f3ricas, pr\u00e1ticas e reflexivas - Pontes Editores<\/title>\n<meta name=\"robots\" content=\"index, follow, max-snippet:-1, max-image-preview:large, max-video-preview:-1\" \/>\n<link rel=\"canonical\" href=\"https:\/\/ponteseditores.com.br\/loja3\/pontes-editores-home-2__trashed\/uncategorized\/educacao-e-culturaconexoes-teoricas-praticas-e-reflexivas\/\" \/>\n<meta property=\"og:locale\" content=\"pt_BR\" \/>\n<meta property=\"og:type\" content=\"article\" \/>\n<meta property=\"og:title\" content=\"Educa\u00e7\u00e3o e Cultura:conex\u00f5es te\u00f3ricas, pr\u00e1ticas e reflexivas - Pontes Editores\" \/>\n<meta property=\"og:description\" content=\"A Colet\u00e2nea Educa\u00e7\u00e3o e Cultura: conex\u00f5es te\u00f3ricas, pr\u00e1ticas e reflexivas \u00e9 parte da implementa\u00e7\u00e3o de uma tradi\u00e7\u00e3o de estudos do Campus Universit\u00e1rio de Abaetetuba e regi\u00e3o no \u00e2mbito da pesquisa social, que se subsume na expans\u00e3o de teorias, problemas, novas perspectivas de abordagens, ao mesmo tempo que, como condi\u00e7\u00e3o do trabalho investigativo, a mesma exige [&hellip;]\" \/>\n<meta property=\"og:url\" content=\"https:\/\/ponteseditores.com.br\/loja3\/pontes-editores-home-2__trashed\/uncategorized\/educacao-e-culturaconexoes-teoricas-praticas-e-reflexivas\/\" \/>\n<meta property=\"og:site_name\" content=\"Pontes Editores\" \/>\n<meta property=\"og:image\" content=\"https:\/\/ponteseditores.com.br\/loja3\/wp-content\/uploads\/2023\/12\/CONEXOES.jpg\" \/>\n\t<meta property=\"og:image:width\" content=\"517\" \/>\n\t<meta property=\"og:image:height\" content=\"768\" \/>\n\t<meta property=\"og:image:type\" content=\"image\/jpeg\" \/>\n<meta name=\"twitter:card\" content=\"summary_large_image\" \/>\n<meta name=\"twitter:label1\" content=\"Est. tempo de leitura\" \/>\n\t<meta name=\"twitter:data1\" content=\"1 minuto\" \/>\n<script type=\"application\/ld+json\" class=\"yoast-schema-graph\">{\"@context\":\"https:\\\/\\\/schema.org\",\"@graph\":[{\"@type\":\"WebPage\",\"@id\":\"https:\\\/\\\/ponteseditores.com.br\\\/loja3\\\/pontes-editores-home-2__trashed\\\/uncategorized\\\/educacao-e-culturaconexoes-teoricas-praticas-e-reflexivas\\\/\",\"url\":\"https:\\\/\\\/ponteseditores.com.br\\\/loja3\\\/pontes-editores-home-2__trashed\\\/uncategorized\\\/educacao-e-culturaconexoes-teoricas-praticas-e-reflexivas\\\/\",\"name\":\"Educa\u00e7\u00e3o e Cultura:conex\u00f5es te\u00f3ricas, pr\u00e1ticas e reflexivas - Pontes Editores\",\"isPartOf\":{\"@id\":\"https:\\\/\\\/ponteseditores.com.br\\\/loja3\\\/#website\"},\"primaryImageOfPage\":{\"@id\":\"https:\\\/\\\/ponteseditores.com.br\\\/loja3\\\/pontes-editores-home-2__trashed\\\/uncategorized\\\/educacao-e-culturaconexoes-teoricas-praticas-e-reflexivas\\\/#primaryimage\"},\"image\":{\"@id\":\"https:\\\/\\\/ponteseditores.com.br\\\/loja3\\\/pontes-editores-home-2__trashed\\\/uncategorized\\\/educacao-e-culturaconexoes-teoricas-praticas-e-reflexivas\\\/#primaryimage\"},\"thumbnailUrl\":\"https:\\\/\\\/ponteseditores.com.br\\\/loja3\\\/wp-content\\\/uploads\\\/2023\\\/12\\\/CONEXOES.jpg\",\"datePublished\":\"2023-12-16T04:20:11+00:00\",\"breadcrumb\":{\"@id\":\"https:\\\/\\\/ponteseditores.com.br\\\/loja3\\\/pontes-editores-home-2__trashed\\\/uncategorized\\\/educacao-e-culturaconexoes-teoricas-praticas-e-reflexivas\\\/#breadcrumb\"},\"inLanguage\":\"pt-BR\",\"potentialAction\":[{\"@type\":\"ReadAction\",\"target\":[\"https:\\\/\\\/ponteseditores.com.br\\\/loja3\\\/pontes-editores-home-2__trashed\\\/uncategorized\\\/educacao-e-culturaconexoes-teoricas-praticas-e-reflexivas\\\/\"]}]},{\"@type\":\"ImageObject\",\"inLanguage\":\"pt-BR\",\"@id\":\"https:\\\/\\\/ponteseditores.com.br\\\/loja3\\\/pontes-editores-home-2__trashed\\\/uncategorized\\\/educacao-e-culturaconexoes-teoricas-praticas-e-reflexivas\\\/#primaryimage\",\"url\":\"https:\\\/\\\/ponteseditores.com.br\\\/loja3\\\/wp-content\\\/uploads\\\/2023\\\/12\\\/CONEXOES.jpg\",\"contentUrl\":\"https:\\\/\\\/ponteseditores.com.br\\\/loja3\\\/wp-content\\\/uploads\\\/2023\\\/12\\\/CONEXOES.jpg\",\"width\":517,\"height\":768},{\"@type\":\"BreadcrumbList\",\"@id\":\"https:\\\/\\\/ponteseditores.com.br\\\/loja3\\\/pontes-editores-home-2__trashed\\\/uncategorized\\\/educacao-e-culturaconexoes-teoricas-praticas-e-reflexivas\\\/#breadcrumb\",\"itemListElement\":[{\"@type\":\"ListItem\",\"position\":1,\"name\":\"Home\",\"item\":\"https:\\\/\\\/ponteseditores.com.br\\\/loja3\\\/\"},{\"@type\":\"ListItem\",\"position\":2,\"name\":\"loja\",\"item\":\"https:\\\/\\\/ponteseditores.com.br\\\/loja3\\\/loja\\\/\"},{\"@type\":\"ListItem\",\"position\":3,\"name\":\"Educa\u00e7\u00e3o e Cultura:conex\u00f5es te\u00f3ricas, pr\u00e1ticas e reflexivas\"}]},{\"@type\":\"WebSite\",\"@id\":\"https:\\\/\\\/ponteseditores.com.br\\\/loja3\\\/#website\",\"url\":\"https:\\\/\\\/ponteseditores.com.br\\\/loja3\\\/\",\"name\":\"Pontes Editores\",\"description\":\"Pontes Editores\",\"publisher\":{\"@id\":\"https:\\\/\\\/ponteseditores.com.br\\\/loja3\\\/#organization\"},\"potentialAction\":[{\"@type\":\"SearchAction\",\"target\":{\"@type\":\"EntryPoint\",\"urlTemplate\":\"https:\\\/\\\/ponteseditores.com.br\\\/loja3\\\/?s={search_term_string}\"},\"query-input\":{\"@type\":\"PropertyValueSpecification\",\"valueRequired\":true,\"valueName\":\"search_term_string\"}}],\"inLanguage\":\"pt-BR\"},{\"@type\":\"Organization\",\"@id\":\"https:\\\/\\\/ponteseditores.com.br\\\/loja3\\\/#organization\",\"name\":\"Pontes Editores\",\"url\":\"https:\\\/\\\/ponteseditores.com.br\\\/loja3\\\/\",\"logo\":{\"@type\":\"ImageObject\",\"inLanguage\":\"pt-BR\",\"@id\":\"https:\\\/\\\/ponteseditores.com.br\\\/loja3\\\/#\\\/schema\\\/logo\\\/image\\\/\",\"url\":\"https:\\\/\\\/ponteseditores.com.br\\\/loja3\\\/wp-content\\\/uploads\\\/2023\\\/12\\\/logo-pontes-editores-v2.png\",\"contentUrl\":\"https:\\\/\\\/ponteseditores.com.br\\\/loja3\\\/wp-content\\\/uploads\\\/2023\\\/12\\\/logo-pontes-editores-v2.png\",\"width\":258,\"height\":100,\"caption\":\"Pontes Editores\"},\"image\":{\"@id\":\"https:\\\/\\\/ponteseditores.com.br\\\/loja3\\\/#\\\/schema\\\/logo\\\/image\\\/\"}}]}<\/script>\n<!-- \/ Yoast SEO plugin. -->","yoast_head_json":{"title":"Educa\u00e7\u00e3o e Cultura:conex\u00f5es te\u00f3ricas, pr\u00e1ticas e reflexivas - Pontes Editores","robots":{"index":"index","follow":"follow","max-snippet":"max-snippet:-1","max-image-preview":"max-image-preview:large","max-video-preview":"max-video-preview:-1"},"canonical":"https:\/\/ponteseditores.com.br\/loja3\/pontes-editores-home-2__trashed\/uncategorized\/educacao-e-culturaconexoes-teoricas-praticas-e-reflexivas\/","og_locale":"pt_BR","og_type":"article","og_title":"Educa\u00e7\u00e3o e Cultura:conex\u00f5es te\u00f3ricas, pr\u00e1ticas e reflexivas - Pontes Editores","og_description":"A Colet\u00e2nea Educa\u00e7\u00e3o e Cultura: conex\u00f5es te\u00f3ricas, pr\u00e1ticas e reflexivas \u00e9 parte da implementa\u00e7\u00e3o de uma tradi\u00e7\u00e3o de estudos do Campus Universit\u00e1rio de Abaetetuba e regi\u00e3o no \u00e2mbito da pesquisa social, que se subsume na expans\u00e3o de teorias, problemas, novas perspectivas de abordagens, ao mesmo tempo que, como condi\u00e7\u00e3o do trabalho investigativo, a mesma exige [&hellip;]","og_url":"https:\/\/ponteseditores.com.br\/loja3\/pontes-editores-home-2__trashed\/uncategorized\/educacao-e-culturaconexoes-teoricas-praticas-e-reflexivas\/","og_site_name":"Pontes Editores","og_image":[{"width":517,"height":768,"url":"https:\/\/ponteseditores.com.br\/loja3\/wp-content\/uploads\/2023\/12\/CONEXOES.jpg","type":"image\/jpeg"}],"twitter_card":"summary_large_image","twitter_misc":{"Est. tempo de leitura":"1 minuto"},"schema":{"@context":"https:\/\/schema.org","@graph":[{"@type":"WebPage","@id":"https:\/\/ponteseditores.com.br\/loja3\/pontes-editores-home-2__trashed\/uncategorized\/educacao-e-culturaconexoes-teoricas-praticas-e-reflexivas\/","url":"https:\/\/ponteseditores.com.br\/loja3\/pontes-editores-home-2__trashed\/uncategorized\/educacao-e-culturaconexoes-teoricas-praticas-e-reflexivas\/","name":"Educa\u00e7\u00e3o e Cultura:conex\u00f5es te\u00f3ricas, pr\u00e1ticas e reflexivas - Pontes Editores","isPartOf":{"@id":"https:\/\/ponteseditores.com.br\/loja3\/#website"},"primaryImageOfPage":{"@id":"https:\/\/ponteseditores.com.br\/loja3\/pontes-editores-home-2__trashed\/uncategorized\/educacao-e-culturaconexoes-teoricas-praticas-e-reflexivas\/#primaryimage"},"image":{"@id":"https:\/\/ponteseditores.com.br\/loja3\/pontes-editores-home-2__trashed\/uncategorized\/educacao-e-culturaconexoes-teoricas-praticas-e-reflexivas\/#primaryimage"},"thumbnailUrl":"https:\/\/ponteseditores.com.br\/loja3\/wp-content\/uploads\/2023\/12\/CONEXOES.jpg","datePublished":"2023-12-16T04:20:11+00:00","breadcrumb":{"@id":"https:\/\/ponteseditores.com.br\/loja3\/pontes-editores-home-2__trashed\/uncategorized\/educacao-e-culturaconexoes-teoricas-praticas-e-reflexivas\/#breadcrumb"},"inLanguage":"pt-BR","potentialAction":[{"@type":"ReadAction","target":["https:\/\/ponteseditores.com.br\/loja3\/pontes-editores-home-2__trashed\/uncategorized\/educacao-e-culturaconexoes-teoricas-praticas-e-reflexivas\/"]}]},{"@type":"ImageObject","inLanguage":"pt-BR","@id":"https:\/\/ponteseditores.com.br\/loja3\/pontes-editores-home-2__trashed\/uncategorized\/educacao-e-culturaconexoes-teoricas-praticas-e-reflexivas\/#primaryimage","url":"https:\/\/ponteseditores.com.br\/loja3\/wp-content\/uploads\/2023\/12\/CONEXOES.jpg","contentUrl":"https:\/\/ponteseditores.com.br\/loja3\/wp-content\/uploads\/2023\/12\/CONEXOES.jpg","width":517,"height":768},{"@type":"BreadcrumbList","@id":"https:\/\/ponteseditores.com.br\/loja3\/pontes-editores-home-2__trashed\/uncategorized\/educacao-e-culturaconexoes-teoricas-praticas-e-reflexivas\/#breadcrumb","itemListElement":[{"@type":"ListItem","position":1,"name":"Home","item":"https:\/\/ponteseditores.com.br\/loja3\/"},{"@type":"ListItem","position":2,"name":"loja","item":"https:\/\/ponteseditores.com.br\/loja3\/loja\/"},{"@type":"ListItem","position":3,"name":"Educa\u00e7\u00e3o e Cultura:conex\u00f5es te\u00f3ricas, pr\u00e1ticas e reflexivas"}]},{"@type":"WebSite","@id":"https:\/\/ponteseditores.com.br\/loja3\/#website","url":"https:\/\/ponteseditores.com.br\/loja3\/","name":"Pontes Editores","description":"Pontes Editores","publisher":{"@id":"https:\/\/ponteseditores.com.br\/loja3\/#organization"},"potentialAction":[{"@type":"SearchAction","target":{"@type":"EntryPoint","urlTemplate":"https:\/\/ponteseditores.com.br\/loja3\/?s={search_term_string}"},"query-input":{"@type":"PropertyValueSpecification","valueRequired":true,"valueName":"search_term_string"}}],"inLanguage":"pt-BR"},{"@type":"Organization","@id":"https:\/\/ponteseditores.com.br\/loja3\/#organization","name":"Pontes Editores","url":"https:\/\/ponteseditores.com.br\/loja3\/","logo":{"@type":"ImageObject","inLanguage":"pt-BR","@id":"https:\/\/ponteseditores.com.br\/loja3\/#\/schema\/logo\/image\/","url":"https:\/\/ponteseditores.com.br\/loja3\/wp-content\/uploads\/2023\/12\/logo-pontes-editores-v2.png","contentUrl":"https:\/\/ponteseditores.com.br\/loja3\/wp-content\/uploads\/2023\/12\/logo-pontes-editores-v2.png","width":258,"height":100,"caption":"Pontes Editores"},"image":{"@id":"https:\/\/ponteseditores.com.br\/loja3\/#\/schema\/logo\/image\/"}}]}},"_links":{"self":[{"href":"https:\/\/ponteseditores.com.br\/loja3\/wp-json\/wp\/v2\/product\/8589","targetHints":{"allow":["GET"]}}],"collection":[{"href":"https:\/\/ponteseditores.com.br\/loja3\/wp-json\/wp\/v2\/product"}],"about":[{"href":"https:\/\/ponteseditores.com.br\/loja3\/wp-json\/wp\/v2\/types\/product"}],"replies":[{"embeddable":true,"href":"https:\/\/ponteseditores.com.br\/loja3\/wp-json\/wp\/v2\/comments?post=8589"}],"version-history":[{"count":0,"href":"https:\/\/ponteseditores.com.br\/loja3\/wp-json\/wp\/v2\/product\/8589\/revisions"}],"wp:featuredmedia":[{"embeddable":true,"href":"https:\/\/ponteseditores.com.br\/loja3\/wp-json\/wp\/v2\/media\/8588"}],"wp:attachment":[{"href":"https:\/\/ponteseditores.com.br\/loja3\/wp-json\/wp\/v2\/media?parent=8589"}],"wp:term":[{"taxonomy":"product_brand","embeddable":true,"href":"https:\/\/ponteseditores.com.br\/loja3\/wp-json\/wp\/v2\/product_brand?post=8589"},{"taxonomy":"product_cat","embeddable":true,"href":"https:\/\/ponteseditores.com.br\/loja3\/wp-json\/wp\/v2\/product_cat?post=8589"},{"taxonomy":"product_tag","embeddable":true,"href":"https:\/\/ponteseditores.com.br\/loja3\/wp-json\/wp\/v2\/product_tag?post=8589"}],"curies":[{"name":"wp","href":"https:\/\/api.w.org\/{rel}","templated":true}]}}