{"id":8579,"date":"2023-12-16T01:19:59","date_gmt":"2023-12-16T04:19:59","guid":{"rendered":"https:\/\/ponteseditores.com.br\/loja3\/pontes-editores-home-2__trashed\/sem categoria\/errancia-da-letra-o-nome-proprio-na-escrita-da-crianca\/"},"modified":"2024-12-07T00:08:42","modified_gmt":"2024-12-07T03:08:42","slug":"errancia-da-letra-o-nome-proprio-na-escrita-da-crianca","status":"publish","type":"product","link":"https:\/\/ponteseditores.com.br\/loja3\/pontes-editores-home-2__trashed\/uncategorized\/errancia-da-letra-o-nome-proprio-na-escrita-da-crianca\/","title":{"rendered":"ERR\u00c2NCIA DA LETRA. O Nome pr\u00f3prio na escrita da crian\u00e7a"},"content":{"rendered":"<p>Que \u00e9 a escrita? Pelo que ela se reconhece? Onde e quando come\u00e7a a escrita? Perguntas como essas, envolvendo a natureza e a origem da escrita, e frequentemente acompanhadas daquela sobre a rela\u00e7\u00e3o entre fonema e grafema nas escritas alfab\u00e9ticas, circulam nos estudos sobre o tema. Neste livro de Zelma Bosco elas comparecem de um modo particular, submetidas ao tema da escrita infantil e iluminadas pela insistente presen\u00e7a do nome da crian\u00e7a nas suas primeiras manifesta\u00e7\u00f5es gr\u00e1ficas. Zelma acompanhou por tr\u00eas anos consecutivos uma classe da pr\u00e9-escola e p\u00f4de assim colher uma grande quantidade de material escrito por crian\u00e7as entre tr\u00eas a seis anos de idade em sala de aula. Os m\u00e9ritos do trabalho j\u00e1 se deixam notar desde o recorte do material para a constitui\u00e7\u00e3o de um corpus, que surpreende o leitor quando ele se disp\u00f5e a acompanhar o trajeto da crian\u00e7a pela &#8220;subst\u00e2ncia deslizante da l\u00edngua&#8221;; feliz express\u00e3o de Saussure ao afirmar que n\u00e3o h\u00e1 um ponto de partida evidente no estudo da linguagem, que \u00e9 preciso sempre recome\u00e7ar a defini-lo.<\/p>\n","protected":false},"excerpt":{"rendered":"<p>Que \u00e9 a escrita? Pelo que ela se reconhece? Onde e quando come\u00e7a a escrita? Perguntas como essas, envolvendo a natureza e a origem da escrita, e frequentemente acompanhadas daquela sobre a rela\u00e7\u00e3o entre fonema e grafema nas escritas alfab\u00e9ticas, circulam nos estudos sobre o tema. Neste livro de Zelma Bosco elas comparecem de um [&hellip;]<\/p>\n","protected":false},"featured_media":8578,"comment_status":"open","ping_status":"closed","template":"","meta":{"_joinchat":[]},"product_brand":[],"product_cat":[15],"product_tag":[],"class_list":{"0":"post-8579","1":"product","2":"type-product","3":"status-publish","4":"has-post-thumbnail","6":"product_cat-uncategorized","8":"first","9":"instock","10":"shipping-taxable","11":"purchasable","12":"product-type-simple"},"yoast_head":"<!-- This site is optimized with the Yoast SEO plugin v27.4 - https:\/\/yoast.com\/product\/yoast-seo-wordpress\/ -->\n<title>ERR\u00c2NCIA DA LETRA. O Nome pr\u00f3prio na escrita da crian\u00e7a - Pontes Editores<\/title>\n<meta name=\"robots\" content=\"index, follow, max-snippet:-1, max-image-preview:large, max-video-preview:-1\" \/>\n<link rel=\"canonical\" href=\"https:\/\/ponteseditores.com.br\/loja3\/pontes-editores-home-2__trashed\/uncategorized\/errancia-da-letra-o-nome-proprio-na-escrita-da-crianca\/\" \/>\n<meta property=\"og:locale\" content=\"pt_BR\" \/>\n<meta property=\"og:type\" content=\"article\" \/>\n<meta property=\"og:title\" content=\"ERR\u00c2NCIA DA LETRA. O Nome pr\u00f3prio na escrita da crian\u00e7a - Pontes Editores\" \/>\n<meta property=\"og:description\" content=\"Que \u00e9 a escrita? Pelo que ela se reconhece? Onde e quando come\u00e7a a escrita? Perguntas como essas, envolvendo a natureza e a origem da escrita, e frequentemente acompanhadas daquela sobre a rela\u00e7\u00e3o entre fonema e grafema nas escritas alfab\u00e9ticas, circulam nos estudos sobre o tema. Neste livro de Zelma Bosco elas comparecem de um [&hellip;]\" \/>\n<meta property=\"og:url\" content=\"https:\/\/ponteseditores.com.br\/loja3\/pontes-editores-home-2__trashed\/uncategorized\/errancia-da-letra-o-nome-proprio-na-escrita-da-crianca\/\" \/>\n<meta property=\"og:site_name\" content=\"Pontes Editores\" \/>\n<meta property=\"article:modified_time\" content=\"2024-12-07T03:08:42+00:00\" \/>\n<meta property=\"og:image\" content=\"https:\/\/ponteseditores.com.br\/loja3\/wp-content\/uploads\/2023\/12\/livro1201.jpg\" \/>\n\t<meta property=\"og:image:width\" content=\"1625\" \/>\n\t<meta property=\"og:image:height\" content=\"2450\" \/>\n\t<meta property=\"og:image:type\" content=\"image\/jpeg\" \/>\n<meta name=\"twitter:card\" content=\"summary_large_image\" \/>\n<meta name=\"twitter:label1\" content=\"Est. tempo de leitura\" \/>\n\t<meta name=\"twitter:data1\" content=\"1 minuto\" \/>\n<script type=\"application\/ld+json\" class=\"yoast-schema-graph\">{\"@context\":\"https:\\\/\\\/schema.org\",\"@graph\":[{\"@type\":\"WebPage\",\"@id\":\"https:\\\/\\\/ponteseditores.com.br\\\/loja3\\\/pontes-editores-home-2__trashed\\\/uncategorized\\\/errancia-da-letra-o-nome-proprio-na-escrita-da-crianca\\\/\",\"url\":\"https:\\\/\\\/ponteseditores.com.br\\\/loja3\\\/pontes-editores-home-2__trashed\\\/uncategorized\\\/errancia-da-letra-o-nome-proprio-na-escrita-da-crianca\\\/\",\"name\":\"ERR\u00c2NCIA DA LETRA. O Nome pr\u00f3prio na escrita da crian\u00e7a - Pontes Editores\",\"isPartOf\":{\"@id\":\"https:\\\/\\\/ponteseditores.com.br\\\/loja3\\\/#website\"},\"primaryImageOfPage\":{\"@id\":\"https:\\\/\\\/ponteseditores.com.br\\\/loja3\\\/pontes-editores-home-2__trashed\\\/uncategorized\\\/errancia-da-letra-o-nome-proprio-na-escrita-da-crianca\\\/#primaryimage\"},\"image\":{\"@id\":\"https:\\\/\\\/ponteseditores.com.br\\\/loja3\\\/pontes-editores-home-2__trashed\\\/uncategorized\\\/errancia-da-letra-o-nome-proprio-na-escrita-da-crianca\\\/#primaryimage\"},\"thumbnailUrl\":\"https:\\\/\\\/ponteseditores.com.br\\\/loja3\\\/wp-content\\\/uploads\\\/2023\\\/12\\\/livro1201.jpg\",\"datePublished\":\"2023-12-16T04:19:59+00:00\",\"dateModified\":\"2024-12-07T03:08:42+00:00\",\"breadcrumb\":{\"@id\":\"https:\\\/\\\/ponteseditores.com.br\\\/loja3\\\/pontes-editores-home-2__trashed\\\/uncategorized\\\/errancia-da-letra-o-nome-proprio-na-escrita-da-crianca\\\/#breadcrumb\"},\"inLanguage\":\"pt-BR\",\"potentialAction\":[{\"@type\":\"ReadAction\",\"target\":[\"https:\\\/\\\/ponteseditores.com.br\\\/loja3\\\/pontes-editores-home-2__trashed\\\/uncategorized\\\/errancia-da-letra-o-nome-proprio-na-escrita-da-crianca\\\/\"]}]},{\"@type\":\"ImageObject\",\"inLanguage\":\"pt-BR\",\"@id\":\"https:\\\/\\\/ponteseditores.com.br\\\/loja3\\\/pontes-editores-home-2__trashed\\\/uncategorized\\\/errancia-da-letra-o-nome-proprio-na-escrita-da-crianca\\\/#primaryimage\",\"url\":\"https:\\\/\\\/ponteseditores.com.br\\\/loja3\\\/wp-content\\\/uploads\\\/2023\\\/12\\\/livro1201.jpg\",\"contentUrl\":\"https:\\\/\\\/ponteseditores.com.br\\\/loja3\\\/wp-content\\\/uploads\\\/2023\\\/12\\\/livro1201.jpg\",\"width\":1625,\"height\":2450},{\"@type\":\"BreadcrumbList\",\"@id\":\"https:\\\/\\\/ponteseditores.com.br\\\/loja3\\\/pontes-editores-home-2__trashed\\\/uncategorized\\\/errancia-da-letra-o-nome-proprio-na-escrita-da-crianca\\\/#breadcrumb\",\"itemListElement\":[{\"@type\":\"ListItem\",\"position\":1,\"name\":\"Home\",\"item\":\"https:\\\/\\\/ponteseditores.com.br\\\/loja3\\\/\"},{\"@type\":\"ListItem\",\"position\":2,\"name\":\"loja\",\"item\":\"https:\\\/\\\/ponteseditores.com.br\\\/loja3\\\/loja\\\/\"},{\"@type\":\"ListItem\",\"position\":3,\"name\":\"ERR\u00c2NCIA DA LETRA. O Nome pr\u00f3prio na escrita da crian\u00e7a\"}]},{\"@type\":\"WebSite\",\"@id\":\"https:\\\/\\\/ponteseditores.com.br\\\/loja3\\\/#website\",\"url\":\"https:\\\/\\\/ponteseditores.com.br\\\/loja3\\\/\",\"name\":\"Pontes Editores\",\"description\":\"Pontes Editores\",\"publisher\":{\"@id\":\"https:\\\/\\\/ponteseditores.com.br\\\/loja3\\\/#organization\"},\"potentialAction\":[{\"@type\":\"SearchAction\",\"target\":{\"@type\":\"EntryPoint\",\"urlTemplate\":\"https:\\\/\\\/ponteseditores.com.br\\\/loja3\\\/?s={search_term_string}\"},\"query-input\":{\"@type\":\"PropertyValueSpecification\",\"valueRequired\":true,\"valueName\":\"search_term_string\"}}],\"inLanguage\":\"pt-BR\"},{\"@type\":\"Organization\",\"@id\":\"https:\\\/\\\/ponteseditores.com.br\\\/loja3\\\/#organization\",\"name\":\"Pontes Editores\",\"url\":\"https:\\\/\\\/ponteseditores.com.br\\\/loja3\\\/\",\"logo\":{\"@type\":\"ImageObject\",\"inLanguage\":\"pt-BR\",\"@id\":\"https:\\\/\\\/ponteseditores.com.br\\\/loja3\\\/#\\\/schema\\\/logo\\\/image\\\/\",\"url\":\"https:\\\/\\\/ponteseditores.com.br\\\/loja3\\\/wp-content\\\/uploads\\\/2023\\\/12\\\/logo-pontes-editores-v2.png\",\"contentUrl\":\"https:\\\/\\\/ponteseditores.com.br\\\/loja3\\\/wp-content\\\/uploads\\\/2023\\\/12\\\/logo-pontes-editores-v2.png\",\"width\":258,\"height\":100,\"caption\":\"Pontes Editores\"},\"image\":{\"@id\":\"https:\\\/\\\/ponteseditores.com.br\\\/loja3\\\/#\\\/schema\\\/logo\\\/image\\\/\"}}]}<\/script>\n<!-- \/ Yoast SEO plugin. -->","yoast_head_json":{"title":"ERR\u00c2NCIA DA LETRA. O Nome pr\u00f3prio na escrita da crian\u00e7a - Pontes Editores","robots":{"index":"index","follow":"follow","max-snippet":"max-snippet:-1","max-image-preview":"max-image-preview:large","max-video-preview":"max-video-preview:-1"},"canonical":"https:\/\/ponteseditores.com.br\/loja3\/pontes-editores-home-2__trashed\/uncategorized\/errancia-da-letra-o-nome-proprio-na-escrita-da-crianca\/","og_locale":"pt_BR","og_type":"article","og_title":"ERR\u00c2NCIA DA LETRA. O Nome pr\u00f3prio na escrita da crian\u00e7a - Pontes Editores","og_description":"Que \u00e9 a escrita? Pelo que ela se reconhece? Onde e quando come\u00e7a a escrita? Perguntas como essas, envolvendo a natureza e a origem da escrita, e frequentemente acompanhadas daquela sobre a rela\u00e7\u00e3o entre fonema e grafema nas escritas alfab\u00e9ticas, circulam nos estudos sobre o tema. Neste livro de Zelma Bosco elas comparecem de um [&hellip;]","og_url":"https:\/\/ponteseditores.com.br\/loja3\/pontes-editores-home-2__trashed\/uncategorized\/errancia-da-letra-o-nome-proprio-na-escrita-da-crianca\/","og_site_name":"Pontes Editores","article_modified_time":"2024-12-07T03:08:42+00:00","og_image":[{"width":1625,"height":2450,"url":"https:\/\/ponteseditores.com.br\/loja3\/wp-content\/uploads\/2023\/12\/livro1201.jpg","type":"image\/jpeg"}],"twitter_card":"summary_large_image","twitter_misc":{"Est. tempo de leitura":"1 minuto"},"schema":{"@context":"https:\/\/schema.org","@graph":[{"@type":"WebPage","@id":"https:\/\/ponteseditores.com.br\/loja3\/pontes-editores-home-2__trashed\/uncategorized\/errancia-da-letra-o-nome-proprio-na-escrita-da-crianca\/","url":"https:\/\/ponteseditores.com.br\/loja3\/pontes-editores-home-2__trashed\/uncategorized\/errancia-da-letra-o-nome-proprio-na-escrita-da-crianca\/","name":"ERR\u00c2NCIA DA LETRA. O Nome pr\u00f3prio na escrita da crian\u00e7a - Pontes Editores","isPartOf":{"@id":"https:\/\/ponteseditores.com.br\/loja3\/#website"},"primaryImageOfPage":{"@id":"https:\/\/ponteseditores.com.br\/loja3\/pontes-editores-home-2__trashed\/uncategorized\/errancia-da-letra-o-nome-proprio-na-escrita-da-crianca\/#primaryimage"},"image":{"@id":"https:\/\/ponteseditores.com.br\/loja3\/pontes-editores-home-2__trashed\/uncategorized\/errancia-da-letra-o-nome-proprio-na-escrita-da-crianca\/#primaryimage"},"thumbnailUrl":"https:\/\/ponteseditores.com.br\/loja3\/wp-content\/uploads\/2023\/12\/livro1201.jpg","datePublished":"2023-12-16T04:19:59+00:00","dateModified":"2024-12-07T03:08:42+00:00","breadcrumb":{"@id":"https:\/\/ponteseditores.com.br\/loja3\/pontes-editores-home-2__trashed\/uncategorized\/errancia-da-letra-o-nome-proprio-na-escrita-da-crianca\/#breadcrumb"},"inLanguage":"pt-BR","potentialAction":[{"@type":"ReadAction","target":["https:\/\/ponteseditores.com.br\/loja3\/pontes-editores-home-2__trashed\/uncategorized\/errancia-da-letra-o-nome-proprio-na-escrita-da-crianca\/"]}]},{"@type":"ImageObject","inLanguage":"pt-BR","@id":"https:\/\/ponteseditores.com.br\/loja3\/pontes-editores-home-2__trashed\/uncategorized\/errancia-da-letra-o-nome-proprio-na-escrita-da-crianca\/#primaryimage","url":"https:\/\/ponteseditores.com.br\/loja3\/wp-content\/uploads\/2023\/12\/livro1201.jpg","contentUrl":"https:\/\/ponteseditores.com.br\/loja3\/wp-content\/uploads\/2023\/12\/livro1201.jpg","width":1625,"height":2450},{"@type":"BreadcrumbList","@id":"https:\/\/ponteseditores.com.br\/loja3\/pontes-editores-home-2__trashed\/uncategorized\/errancia-da-letra-o-nome-proprio-na-escrita-da-crianca\/#breadcrumb","itemListElement":[{"@type":"ListItem","position":1,"name":"Home","item":"https:\/\/ponteseditores.com.br\/loja3\/"},{"@type":"ListItem","position":2,"name":"loja","item":"https:\/\/ponteseditores.com.br\/loja3\/loja\/"},{"@type":"ListItem","position":3,"name":"ERR\u00c2NCIA DA LETRA. O Nome pr\u00f3prio na escrita da crian\u00e7a"}]},{"@type":"WebSite","@id":"https:\/\/ponteseditores.com.br\/loja3\/#website","url":"https:\/\/ponteseditores.com.br\/loja3\/","name":"Pontes Editores","description":"Pontes Editores","publisher":{"@id":"https:\/\/ponteseditores.com.br\/loja3\/#organization"},"potentialAction":[{"@type":"SearchAction","target":{"@type":"EntryPoint","urlTemplate":"https:\/\/ponteseditores.com.br\/loja3\/?s={search_term_string}"},"query-input":{"@type":"PropertyValueSpecification","valueRequired":true,"valueName":"search_term_string"}}],"inLanguage":"pt-BR"},{"@type":"Organization","@id":"https:\/\/ponteseditores.com.br\/loja3\/#organization","name":"Pontes Editores","url":"https:\/\/ponteseditores.com.br\/loja3\/","logo":{"@type":"ImageObject","inLanguage":"pt-BR","@id":"https:\/\/ponteseditores.com.br\/loja3\/#\/schema\/logo\/image\/","url":"https:\/\/ponteseditores.com.br\/loja3\/wp-content\/uploads\/2023\/12\/logo-pontes-editores-v2.png","contentUrl":"https:\/\/ponteseditores.com.br\/loja3\/wp-content\/uploads\/2023\/12\/logo-pontes-editores-v2.png","width":258,"height":100,"caption":"Pontes Editores"},"image":{"@id":"https:\/\/ponteseditores.com.br\/loja3\/#\/schema\/logo\/image\/"}}]}},"_links":{"self":[{"href":"https:\/\/ponteseditores.com.br\/loja3\/wp-json\/wp\/v2\/product\/8579","targetHints":{"allow":["GET"]}}],"collection":[{"href":"https:\/\/ponteseditores.com.br\/loja3\/wp-json\/wp\/v2\/product"}],"about":[{"href":"https:\/\/ponteseditores.com.br\/loja3\/wp-json\/wp\/v2\/types\/product"}],"replies":[{"embeddable":true,"href":"https:\/\/ponteseditores.com.br\/loja3\/wp-json\/wp\/v2\/comments?post=8579"}],"version-history":[{"count":0,"href":"https:\/\/ponteseditores.com.br\/loja3\/wp-json\/wp\/v2\/product\/8579\/revisions"}],"wp:featuredmedia":[{"embeddable":true,"href":"https:\/\/ponteseditores.com.br\/loja3\/wp-json\/wp\/v2\/media\/8578"}],"wp:attachment":[{"href":"https:\/\/ponteseditores.com.br\/loja3\/wp-json\/wp\/v2\/media?parent=8579"}],"wp:term":[{"taxonomy":"product_brand","embeddable":true,"href":"https:\/\/ponteseditores.com.br\/loja3\/wp-json\/wp\/v2\/product_brand?post=8579"},{"taxonomy":"product_cat","embeddable":true,"href":"https:\/\/ponteseditores.com.br\/loja3\/wp-json\/wp\/v2\/product_cat?post=8579"},{"taxonomy":"product_tag","embeddable":true,"href":"https:\/\/ponteseditores.com.br\/loja3\/wp-json\/wp\/v2\/product_tag?post=8579"}],"curies":[{"name":"wp","href":"https:\/\/api.w.org\/{rel}","templated":true}]}}