{"id":8564,"date":"2023-12-16T01:12:19","date_gmt":"2023-12-16T04:12:19","guid":{"rendered":"https:\/\/ponteseditores.com.br\/loja3\/pontes-editores-home-2__trashed\/sem%20categoria\/subjetivacao-e-processos-de-identificacao-sujeitos-e-linguas-em-praticas-discursivas-inflexoes-no-ensino\/"},"modified":"2024-03-25T12:08:39","modified_gmt":"2024-03-25T15:08:39","slug":"subjetivacao-e-processos-de-identificacao-sujeitos-e-linguas-em-praticas-discursivas-inflexoes-no-ensino","status":"publish","type":"product","link":"https:\/\/ponteseditores.com.br\/loja3\/pontes-editores-home-2__trashed\/ensino-e-aprendizagem\/subjetivacao-e-processos-de-identificacao-sujeitos-e-linguas-em-praticas-discursivas-inflexoes-no-ensino\/","title":{"rendered":"SUBJETIVA\u00c7\u00c3O E PROCESSOS DE IDENTIFICA\u00c7\u00c3O Sujeitos e l\u00ednguas em pr\u00e1ticas discursivas \u2013 inflex\u00f5es no ensino"},"content":{"rendered":"<p>Maria Onice Payer e Mar\u00eda Teresa Celada permitem instalar no debate acad\u00eamico uma rela\u00e7\u00e3o com o ensino de l\u00ednguas que n\u00e3o seja da ordem did\u00e1tica, mas sim, diferen\u00e7a estruturante, da ordem do pol\u00edtico e do simb\u00f3lico, o que afeta, de modo consistente e consequente, o discurso pedag\u00f3gico.<br \/>\nAo organizarem o presente livro, reunindo an\u00e1lises sens\u00edveis \u00e0 produ\u00e7\u00e3o dos sentidos que levam sempre em considera\u00e7\u00e3o o lugar do sujeito nesse processo, promovem a oportunidade de o leitor circular por trajetos que n\u00e3o desconsideram, em hip\u00f3tese alguma, que estar em uma l\u00edngua, em outra l\u00edngua, entre l\u00ednguas, no entremeio, significa, ne cessariamente, modos de subjetiva\u00e7\u00e3o e de identifica\u00e7\u00e3o do sujeito que enuncia. Ler, escrever, traduzir, dizer em uma ou outra l\u00edngua, entre l\u00ednguas, no entremeio implica, necessaria mente, nos modos de inscri\u00e7\u00e3o dos sujeitos que se movimentam entre estas diferentes pr\u00e1ticas. Pr\u00e1ticas e n\u00e3o t\u00e9cnicas. Diferen\u00e7a epist\u00eamica e, portanto, pol\u00edtica, fundamental. \u00c9 o que aprendemos fortemente com as organizadoras e os autores que comp\u00f5em esta bel\u00edssima e importante obra. Este livro \u00e9 de grande interesse para estudiosos da linguagem, professores, graduandos e p\u00f3s-graduandos das ci\u00eancias sociais e humanas que procuram, em suas pr\u00e1ticas, compreender o funcionamento da linguagem, desnaturalizando nossa rela\u00e7\u00e3o com a l\u00edngua\/as l\u00ednguas, procurando, de modo n\u00e3o disjuntivo, olhar para o pol\u00edtico, o simb\u00f3lico e o sujeito em suas pr\u00e1ticas de linguagem.<\/p>\n<p>Claudia Catellanos Pfeiffer<\/p>\n","protected":false},"excerpt":{"rendered":"<p>Maria Onice Payer e Mar\u00eda Teresa Celada permitem instalar no debate acad\u00eamico uma rela\u00e7\u00e3o com o ensino de l\u00ednguas que n\u00e3o seja da ordem did\u00e1tica, mas sim, diferen\u00e7a estruturante, da ordem do pol\u00edtico e do simb\u00f3lico, o que afeta, de modo consistente e consequente, o discurso pedag\u00f3gico. Ao organizarem o presente livro, reunindo an\u00e1lises sens\u00edveis [&hellip;]<\/p>\n","protected":false},"featured_media":8563,"comment_status":"open","ping_status":"closed","template":"","meta":{"_joinchat":[]},"product_brand":[],"product_cat":[301,288,290],"product_tag":[],"class_list":{"0":"post-8564","1":"product","2":"type-product","3":"status-publish","4":"has-post-thumbnail","6":"product_cat-analise-de-discurso","7":"product_cat-ensino-e-aprendizagem","8":"product_cat-linguagem-e-linguas","10":"first","11":"outofstock","12":"shipping-taxable","13":"purchasable","14":"product-type-simple"},"yoast_head":"<!-- This site is optimized with the Yoast SEO plugin v27.4 - https:\/\/yoast.com\/product\/yoast-seo-wordpress\/ -->\n<title>SUBJETIVA\u00c7\u00c3O E PROCESSOS DE IDENTIFICA\u00c7\u00c3O Sujeitos e l\u00ednguas em pr\u00e1ticas discursivas \u2013 inflex\u00f5es no ensino - Pontes Editores<\/title>\n<meta name=\"robots\" content=\"index, follow, max-snippet:-1, max-image-preview:large, max-video-preview:-1\" \/>\n<link rel=\"canonical\" href=\"https:\/\/ponteseditores.com.br\/loja3\/pontes-editores-home-2__trashed\/ensino-e-aprendizagem\/subjetivacao-e-processos-de-identificacao-sujeitos-e-linguas-em-praticas-discursivas-inflexoes-no-ensino\/\" \/>\n<meta property=\"og:locale\" content=\"pt_BR\" \/>\n<meta property=\"og:type\" content=\"article\" \/>\n<meta property=\"og:title\" content=\"SUBJETIVA\u00c7\u00c3O E PROCESSOS DE IDENTIFICA\u00c7\u00c3O Sujeitos e l\u00ednguas em pr\u00e1ticas discursivas \u2013 inflex\u00f5es no ensino - Pontes Editores\" \/>\n<meta property=\"og:description\" content=\"Maria Onice Payer e Mar\u00eda Teresa Celada permitem instalar no debate acad\u00eamico uma rela\u00e7\u00e3o com o ensino de l\u00ednguas que n\u00e3o seja da ordem did\u00e1tica, mas sim, diferen\u00e7a estruturante, da ordem do pol\u00edtico e do simb\u00f3lico, o que afeta, de modo consistente e consequente, o discurso pedag\u00f3gico. Ao organizarem o presente livro, reunindo an\u00e1lises sens\u00edveis [&hellip;]\" \/>\n<meta property=\"og:url\" content=\"https:\/\/ponteseditores.com.br\/loja3\/pontes-editores-home-2__trashed\/ensino-e-aprendizagem\/subjetivacao-e-processos-de-identificacao-sujeitos-e-linguas-em-praticas-discursivas-inflexoes-no-ensino\/\" \/>\n<meta property=\"og:site_name\" content=\"Pontes Editores\" \/>\n<meta property=\"article:modified_time\" content=\"2024-03-25T15:08:39+00:00\" \/>\n<meta property=\"og:image\" content=\"https:\/\/ponteseditores.com.br\/loja3\/wp-content\/uploads\/2023\/12\/capa20sub.jpg\" \/>\n\t<meta property=\"og:image:width\" content=\"522\" \/>\n\t<meta property=\"og:image:height\" content=\"768\" \/>\n\t<meta property=\"og:image:type\" content=\"image\/jpeg\" \/>\n<meta name=\"twitter:card\" content=\"summary_large_image\" \/>\n<meta name=\"twitter:label1\" content=\"Est. tempo de leitura\" \/>\n\t<meta name=\"twitter:data1\" content=\"1 minuto\" \/>\n<script type=\"application\/ld+json\" class=\"yoast-schema-graph\">{\"@context\":\"https:\\\/\\\/schema.org\",\"@graph\":[{\"@type\":\"WebPage\",\"@id\":\"https:\\\/\\\/ponteseditores.com.br\\\/loja3\\\/pontes-editores-home-2__trashed\\\/ensino-e-aprendizagem\\\/subjetivacao-e-processos-de-identificacao-sujeitos-e-linguas-em-praticas-discursivas-inflexoes-no-ensino\\\/\",\"url\":\"https:\\\/\\\/ponteseditores.com.br\\\/loja3\\\/pontes-editores-home-2__trashed\\\/ensino-e-aprendizagem\\\/subjetivacao-e-processos-de-identificacao-sujeitos-e-linguas-em-praticas-discursivas-inflexoes-no-ensino\\\/\",\"name\":\"SUBJETIVA\u00c7\u00c3O E PROCESSOS DE IDENTIFICA\u00c7\u00c3O Sujeitos e l\u00ednguas em pr\u00e1ticas discursivas \u2013 inflex\u00f5es no ensino - Pontes Editores\",\"isPartOf\":{\"@id\":\"https:\\\/\\\/ponteseditores.com.br\\\/loja3\\\/#website\"},\"primaryImageOfPage\":{\"@id\":\"https:\\\/\\\/ponteseditores.com.br\\\/loja3\\\/pontes-editores-home-2__trashed\\\/ensino-e-aprendizagem\\\/subjetivacao-e-processos-de-identificacao-sujeitos-e-linguas-em-praticas-discursivas-inflexoes-no-ensino\\\/#primaryimage\"},\"image\":{\"@id\":\"https:\\\/\\\/ponteseditores.com.br\\\/loja3\\\/pontes-editores-home-2__trashed\\\/ensino-e-aprendizagem\\\/subjetivacao-e-processos-de-identificacao-sujeitos-e-linguas-em-praticas-discursivas-inflexoes-no-ensino\\\/#primaryimage\"},\"thumbnailUrl\":\"https:\\\/\\\/ponteseditores.com.br\\\/loja3\\\/wp-content\\\/uploads\\\/2023\\\/12\\\/capa20sub.jpg\",\"datePublished\":\"2023-12-16T04:12:19+00:00\",\"dateModified\":\"2024-03-25T15:08:39+00:00\",\"breadcrumb\":{\"@id\":\"https:\\\/\\\/ponteseditores.com.br\\\/loja3\\\/pontes-editores-home-2__trashed\\\/ensino-e-aprendizagem\\\/subjetivacao-e-processos-de-identificacao-sujeitos-e-linguas-em-praticas-discursivas-inflexoes-no-ensino\\\/#breadcrumb\"},\"inLanguage\":\"pt-BR\",\"potentialAction\":[{\"@type\":\"ReadAction\",\"target\":[\"https:\\\/\\\/ponteseditores.com.br\\\/loja3\\\/pontes-editores-home-2__trashed\\\/ensino-e-aprendizagem\\\/subjetivacao-e-processos-de-identificacao-sujeitos-e-linguas-em-praticas-discursivas-inflexoes-no-ensino\\\/\"]}]},{\"@type\":\"ImageObject\",\"inLanguage\":\"pt-BR\",\"@id\":\"https:\\\/\\\/ponteseditores.com.br\\\/loja3\\\/pontes-editores-home-2__trashed\\\/ensino-e-aprendizagem\\\/subjetivacao-e-processos-de-identificacao-sujeitos-e-linguas-em-praticas-discursivas-inflexoes-no-ensino\\\/#primaryimage\",\"url\":\"https:\\\/\\\/ponteseditores.com.br\\\/loja3\\\/wp-content\\\/uploads\\\/2023\\\/12\\\/capa20sub.jpg\",\"contentUrl\":\"https:\\\/\\\/ponteseditores.com.br\\\/loja3\\\/wp-content\\\/uploads\\\/2023\\\/12\\\/capa20sub.jpg\",\"width\":522,\"height\":768},{\"@type\":\"BreadcrumbList\",\"@id\":\"https:\\\/\\\/ponteseditores.com.br\\\/loja3\\\/pontes-editores-home-2__trashed\\\/ensino-e-aprendizagem\\\/subjetivacao-e-processos-de-identificacao-sujeitos-e-linguas-em-praticas-discursivas-inflexoes-no-ensino\\\/#breadcrumb\",\"itemListElement\":[{\"@type\":\"ListItem\",\"position\":1,\"name\":\"Home\",\"item\":\"https:\\\/\\\/ponteseditores.com.br\\\/loja3\\\/\"},{\"@type\":\"ListItem\",\"position\":2,\"name\":\"loja\",\"item\":\"https:\\\/\\\/ponteseditores.com.br\\\/loja3\\\/loja\\\/\"},{\"@type\":\"ListItem\",\"position\":3,\"name\":\"SUBJETIVA\u00c7\u00c3O E PROCESSOS DE IDENTIFICA\u00c7\u00c3O Sujeitos e l\u00ednguas em pr\u00e1ticas discursivas \u2013 inflex\u00f5es no ensino\"}]},{\"@type\":\"WebSite\",\"@id\":\"https:\\\/\\\/ponteseditores.com.br\\\/loja3\\\/#website\",\"url\":\"https:\\\/\\\/ponteseditores.com.br\\\/loja3\\\/\",\"name\":\"Pontes Editores\",\"description\":\"Pontes Editores\",\"publisher\":{\"@id\":\"https:\\\/\\\/ponteseditores.com.br\\\/loja3\\\/#organization\"},\"potentialAction\":[{\"@type\":\"SearchAction\",\"target\":{\"@type\":\"EntryPoint\",\"urlTemplate\":\"https:\\\/\\\/ponteseditores.com.br\\\/loja3\\\/?s={search_term_string}\"},\"query-input\":{\"@type\":\"PropertyValueSpecification\",\"valueRequired\":true,\"valueName\":\"search_term_string\"}}],\"inLanguage\":\"pt-BR\"},{\"@type\":\"Organization\",\"@id\":\"https:\\\/\\\/ponteseditores.com.br\\\/loja3\\\/#organization\",\"name\":\"Pontes Editores\",\"url\":\"https:\\\/\\\/ponteseditores.com.br\\\/loja3\\\/\",\"logo\":{\"@type\":\"ImageObject\",\"inLanguage\":\"pt-BR\",\"@id\":\"https:\\\/\\\/ponteseditores.com.br\\\/loja3\\\/#\\\/schema\\\/logo\\\/image\\\/\",\"url\":\"https:\\\/\\\/ponteseditores.com.br\\\/loja3\\\/wp-content\\\/uploads\\\/2023\\\/12\\\/logo-pontes-editores-v2.png\",\"contentUrl\":\"https:\\\/\\\/ponteseditores.com.br\\\/loja3\\\/wp-content\\\/uploads\\\/2023\\\/12\\\/logo-pontes-editores-v2.png\",\"width\":258,\"height\":100,\"caption\":\"Pontes Editores\"},\"image\":{\"@id\":\"https:\\\/\\\/ponteseditores.com.br\\\/loja3\\\/#\\\/schema\\\/logo\\\/image\\\/\"}}]}<\/script>\n<!-- \/ Yoast SEO plugin. -->","yoast_head_json":{"title":"SUBJETIVA\u00c7\u00c3O E PROCESSOS DE IDENTIFICA\u00c7\u00c3O Sujeitos e l\u00ednguas em pr\u00e1ticas discursivas \u2013 inflex\u00f5es no ensino - Pontes Editores","robots":{"index":"index","follow":"follow","max-snippet":"max-snippet:-1","max-image-preview":"max-image-preview:large","max-video-preview":"max-video-preview:-1"},"canonical":"https:\/\/ponteseditores.com.br\/loja3\/pontes-editores-home-2__trashed\/ensino-e-aprendizagem\/subjetivacao-e-processos-de-identificacao-sujeitos-e-linguas-em-praticas-discursivas-inflexoes-no-ensino\/","og_locale":"pt_BR","og_type":"article","og_title":"SUBJETIVA\u00c7\u00c3O E PROCESSOS DE IDENTIFICA\u00c7\u00c3O Sujeitos e l\u00ednguas em pr\u00e1ticas discursivas \u2013 inflex\u00f5es no ensino - Pontes Editores","og_description":"Maria Onice Payer e Mar\u00eda Teresa Celada permitem instalar no debate acad\u00eamico uma rela\u00e7\u00e3o com o ensino de l\u00ednguas que n\u00e3o seja da ordem did\u00e1tica, mas sim, diferen\u00e7a estruturante, da ordem do pol\u00edtico e do simb\u00f3lico, o que afeta, de modo consistente e consequente, o discurso pedag\u00f3gico. Ao organizarem o presente livro, reunindo an\u00e1lises sens\u00edveis [&hellip;]","og_url":"https:\/\/ponteseditores.com.br\/loja3\/pontes-editores-home-2__trashed\/ensino-e-aprendizagem\/subjetivacao-e-processos-de-identificacao-sujeitos-e-linguas-em-praticas-discursivas-inflexoes-no-ensino\/","og_site_name":"Pontes Editores","article_modified_time":"2024-03-25T15:08:39+00:00","og_image":[{"width":522,"height":768,"url":"https:\/\/ponteseditores.com.br\/loja3\/wp-content\/uploads\/2023\/12\/capa20sub.jpg","type":"image\/jpeg"}],"twitter_card":"summary_large_image","twitter_misc":{"Est. tempo de leitura":"1 minuto"},"schema":{"@context":"https:\/\/schema.org","@graph":[{"@type":"WebPage","@id":"https:\/\/ponteseditores.com.br\/loja3\/pontes-editores-home-2__trashed\/ensino-e-aprendizagem\/subjetivacao-e-processos-de-identificacao-sujeitos-e-linguas-em-praticas-discursivas-inflexoes-no-ensino\/","url":"https:\/\/ponteseditores.com.br\/loja3\/pontes-editores-home-2__trashed\/ensino-e-aprendizagem\/subjetivacao-e-processos-de-identificacao-sujeitos-e-linguas-em-praticas-discursivas-inflexoes-no-ensino\/","name":"SUBJETIVA\u00c7\u00c3O E PROCESSOS DE IDENTIFICA\u00c7\u00c3O Sujeitos e l\u00ednguas em pr\u00e1ticas discursivas \u2013 inflex\u00f5es no ensino - Pontes Editores","isPartOf":{"@id":"https:\/\/ponteseditores.com.br\/loja3\/#website"},"primaryImageOfPage":{"@id":"https:\/\/ponteseditores.com.br\/loja3\/pontes-editores-home-2__trashed\/ensino-e-aprendizagem\/subjetivacao-e-processos-de-identificacao-sujeitos-e-linguas-em-praticas-discursivas-inflexoes-no-ensino\/#primaryimage"},"image":{"@id":"https:\/\/ponteseditores.com.br\/loja3\/pontes-editores-home-2__trashed\/ensino-e-aprendizagem\/subjetivacao-e-processos-de-identificacao-sujeitos-e-linguas-em-praticas-discursivas-inflexoes-no-ensino\/#primaryimage"},"thumbnailUrl":"https:\/\/ponteseditores.com.br\/loja3\/wp-content\/uploads\/2023\/12\/capa20sub.jpg","datePublished":"2023-12-16T04:12:19+00:00","dateModified":"2024-03-25T15:08:39+00:00","breadcrumb":{"@id":"https:\/\/ponteseditores.com.br\/loja3\/pontes-editores-home-2__trashed\/ensino-e-aprendizagem\/subjetivacao-e-processos-de-identificacao-sujeitos-e-linguas-em-praticas-discursivas-inflexoes-no-ensino\/#breadcrumb"},"inLanguage":"pt-BR","potentialAction":[{"@type":"ReadAction","target":["https:\/\/ponteseditores.com.br\/loja3\/pontes-editores-home-2__trashed\/ensino-e-aprendizagem\/subjetivacao-e-processos-de-identificacao-sujeitos-e-linguas-em-praticas-discursivas-inflexoes-no-ensino\/"]}]},{"@type":"ImageObject","inLanguage":"pt-BR","@id":"https:\/\/ponteseditores.com.br\/loja3\/pontes-editores-home-2__trashed\/ensino-e-aprendizagem\/subjetivacao-e-processos-de-identificacao-sujeitos-e-linguas-em-praticas-discursivas-inflexoes-no-ensino\/#primaryimage","url":"https:\/\/ponteseditores.com.br\/loja3\/wp-content\/uploads\/2023\/12\/capa20sub.jpg","contentUrl":"https:\/\/ponteseditores.com.br\/loja3\/wp-content\/uploads\/2023\/12\/capa20sub.jpg","width":522,"height":768},{"@type":"BreadcrumbList","@id":"https:\/\/ponteseditores.com.br\/loja3\/pontes-editores-home-2__trashed\/ensino-e-aprendizagem\/subjetivacao-e-processos-de-identificacao-sujeitos-e-linguas-em-praticas-discursivas-inflexoes-no-ensino\/#breadcrumb","itemListElement":[{"@type":"ListItem","position":1,"name":"Home","item":"https:\/\/ponteseditores.com.br\/loja3\/"},{"@type":"ListItem","position":2,"name":"loja","item":"https:\/\/ponteseditores.com.br\/loja3\/loja\/"},{"@type":"ListItem","position":3,"name":"SUBJETIVA\u00c7\u00c3O E PROCESSOS DE IDENTIFICA\u00c7\u00c3O Sujeitos e l\u00ednguas em pr\u00e1ticas discursivas \u2013 inflex\u00f5es no ensino"}]},{"@type":"WebSite","@id":"https:\/\/ponteseditores.com.br\/loja3\/#website","url":"https:\/\/ponteseditores.com.br\/loja3\/","name":"Pontes Editores","description":"Pontes Editores","publisher":{"@id":"https:\/\/ponteseditores.com.br\/loja3\/#organization"},"potentialAction":[{"@type":"SearchAction","target":{"@type":"EntryPoint","urlTemplate":"https:\/\/ponteseditores.com.br\/loja3\/?s={search_term_string}"},"query-input":{"@type":"PropertyValueSpecification","valueRequired":true,"valueName":"search_term_string"}}],"inLanguage":"pt-BR"},{"@type":"Organization","@id":"https:\/\/ponteseditores.com.br\/loja3\/#organization","name":"Pontes Editores","url":"https:\/\/ponteseditores.com.br\/loja3\/","logo":{"@type":"ImageObject","inLanguage":"pt-BR","@id":"https:\/\/ponteseditores.com.br\/loja3\/#\/schema\/logo\/image\/","url":"https:\/\/ponteseditores.com.br\/loja3\/wp-content\/uploads\/2023\/12\/logo-pontes-editores-v2.png","contentUrl":"https:\/\/ponteseditores.com.br\/loja3\/wp-content\/uploads\/2023\/12\/logo-pontes-editores-v2.png","width":258,"height":100,"caption":"Pontes Editores"},"image":{"@id":"https:\/\/ponteseditores.com.br\/loja3\/#\/schema\/logo\/image\/"}}]}},"_links":{"self":[{"href":"https:\/\/ponteseditores.com.br\/loja3\/wp-json\/wp\/v2\/product\/8564","targetHints":{"allow":["GET"]}}],"collection":[{"href":"https:\/\/ponteseditores.com.br\/loja3\/wp-json\/wp\/v2\/product"}],"about":[{"href":"https:\/\/ponteseditores.com.br\/loja3\/wp-json\/wp\/v2\/types\/product"}],"replies":[{"embeddable":true,"href":"https:\/\/ponteseditores.com.br\/loja3\/wp-json\/wp\/v2\/comments?post=8564"}],"version-history":[{"count":0,"href":"https:\/\/ponteseditores.com.br\/loja3\/wp-json\/wp\/v2\/product\/8564\/revisions"}],"wp:featuredmedia":[{"embeddable":true,"href":"https:\/\/ponteseditores.com.br\/loja3\/wp-json\/wp\/v2\/media\/8563"}],"wp:attachment":[{"href":"https:\/\/ponteseditores.com.br\/loja3\/wp-json\/wp\/v2\/media?parent=8564"}],"wp:term":[{"taxonomy":"product_brand","embeddable":true,"href":"https:\/\/ponteseditores.com.br\/loja3\/wp-json\/wp\/v2\/product_brand?post=8564"},{"taxonomy":"product_cat","embeddable":true,"href":"https:\/\/ponteseditores.com.br\/loja3\/wp-json\/wp\/v2\/product_cat?post=8564"},{"taxonomy":"product_tag","embeddable":true,"href":"https:\/\/ponteseditores.com.br\/loja3\/wp-json\/wp\/v2\/product_tag?post=8564"}],"curies":[{"name":"wp","href":"https:\/\/api.w.org\/{rel}","templated":true}]}}