{"id":8541,"date":"2023-12-16T01:11:24","date_gmt":"2023-12-16T04:11:24","guid":{"rendered":"https:\/\/ponteseditores.com.br\/loja3\/pontes-editores-home-2__trashed\/sem categoria\/deficiencia-visual-e-ensino-de-linguas-estrangeiras-politicas-formacao-e-acoes-inclusivas\/"},"modified":"2023-12-16T01:11:24","modified_gmt":"2023-12-16T04:11:24","slug":"deficiencia-visual-e-ensino-de-linguas-estrangeiras-politicas-formacao-e-acoes-inclusivas","status":"publish","type":"product","link":"https:\/\/ponteseditores.com.br\/loja3\/pontes-editores-home-2__trashed\/educacao-especial\/deficiencia-visual-e-ensino-de-linguas-estrangeiras-politicas-formacao-e-acoes-inclusivas\/","title":{"rendered":"DEFICI\u00caNCIA VISUAL E ENSINO DE L\u00cdNGUAS ESTRANGEIRAS: pol\u00edticas, forma\u00e7\u00e3o e a\u00e7\u00f5es inclusivas"},"content":{"rendered":"<p>N\u00e3o s\u00e3o somente li\u00e7\u00f5es sobre forma\u00e7\u00e3o, inclus\u00e3o e experi\u00eancias singulares que colhemos com a leitura da obra. Impl\u00edcito no livro, est\u00e1 o trabalho de juntar pessoas, abrir o espa\u00e7o para as suas vozes, ir e voltar, conjugar uma esp\u00e9cie de alfabeto da inclus\u00e3o, cujas letras n\u00e3o se imprimem apenas \u00e0 for\u00e7a dos marcos legais, das<\/p>\n<p>normativas institucionais, mas antes, afirmam-se em gestos nem sempre grandiosos, empreendidos em escolas pequenas ou grandes, mas que traduzem o cotidiano e o esfor\u00e7o de professores an\u00f4nimos, materializando o verdadeiro caminho rumo a um ensino inclusivo, com erros, acertos, conquistas que devem ser compartilhadas, por isso tamb\u00e9m atesta-se a pertin\u00eancia da obra como mais um espa\u00e7o de partilha.<\/p>\n","protected":false},"excerpt":{"rendered":"<p>N\u00e3o s\u00e3o somente li\u00e7\u00f5es sobre forma\u00e7\u00e3o, inclus\u00e3o e experi\u00eancias singulares que colhemos com a leitura da obra. Impl\u00edcito no livro, est\u00e1 o trabalho de juntar pessoas, abrir o espa\u00e7o para as suas vozes, ir e voltar, conjugar uma esp\u00e9cie de alfabeto da inclus\u00e3o, cujas letras n\u00e3o se imprimem apenas \u00e0 for\u00e7a dos marcos legais, das [&hellip;]<\/p>\n","protected":false},"featured_media":8540,"comment_status":"open","ping_status":"closed","template":"","meta":{"_joinchat":[]},"product_brand":[],"product_cat":[314,307],"product_tag":[],"class_list":{"0":"post-8541","1":"product","2":"type-product","3":"status-publish","4":"has-post-thumbnail","6":"product_cat-deficiencia-visual","7":"product_cat-educacao-especial","9":"first","10":"instock","11":"shipping-taxable","12":"purchasable","13":"product-type-simple"},"yoast_head":"<!-- This site is optimized with the Yoast SEO plugin v27.4 - https:\/\/yoast.com\/product\/yoast-seo-wordpress\/ -->\n<title>DEFICI\u00caNCIA VISUAL E ENSINO DE L\u00cdNGUAS ESTRANGEIRAS: pol\u00edticas, forma\u00e7\u00e3o e a\u00e7\u00f5es inclusivas - Pontes Editores<\/title>\n<meta name=\"robots\" content=\"index, follow, max-snippet:-1, max-image-preview:large, max-video-preview:-1\" \/>\n<link rel=\"canonical\" href=\"https:\/\/ponteseditores.com.br\/loja3\/pontes-editores-home-2__trashed\/educacao-especial\/deficiencia-visual-e-ensino-de-linguas-estrangeiras-politicas-formacao-e-acoes-inclusivas\/\" \/>\n<meta property=\"og:locale\" content=\"pt_BR\" \/>\n<meta property=\"og:type\" content=\"article\" \/>\n<meta property=\"og:title\" content=\"DEFICI\u00caNCIA VISUAL E ENSINO DE L\u00cdNGUAS ESTRANGEIRAS: pol\u00edticas, forma\u00e7\u00e3o e a\u00e7\u00f5es inclusivas - Pontes Editores\" \/>\n<meta property=\"og:description\" content=\"N\u00e3o s\u00e3o somente li\u00e7\u00f5es sobre forma\u00e7\u00e3o, inclus\u00e3o e experi\u00eancias singulares que colhemos com a leitura da obra. Impl\u00edcito no livro, est\u00e1 o trabalho de juntar pessoas, abrir o espa\u00e7o para as suas vozes, ir e voltar, conjugar uma esp\u00e9cie de alfabeto da inclus\u00e3o, cujas letras n\u00e3o se imprimem apenas \u00e0 for\u00e7a dos marcos legais, das [&hellip;]\" \/>\n<meta property=\"og:url\" content=\"https:\/\/ponteseditores.com.br\/loja3\/pontes-editores-home-2__trashed\/educacao-especial\/deficiencia-visual-e-ensino-de-linguas-estrangeiras-politicas-formacao-e-acoes-inclusivas\/\" \/>\n<meta property=\"og:site_name\" content=\"Pontes Editores\" \/>\n<meta property=\"og:image\" content=\"https:\/\/ponteseditores.com.br\/loja3\/wp-content\/uploads\/2023\/12\/def-1.jpg\" \/>\n\t<meta property=\"og:image:width\" content=\"506\" \/>\n\t<meta property=\"og:image:height\" content=\"768\" \/>\n\t<meta property=\"og:image:type\" content=\"image\/jpeg\" \/>\n<meta name=\"twitter:card\" content=\"summary_large_image\" \/>\n<meta name=\"twitter:label1\" content=\"Est. tempo de leitura\" \/>\n\t<meta name=\"twitter:data1\" content=\"1 minuto\" \/>\n<script type=\"application\/ld+json\" class=\"yoast-schema-graph\">{\"@context\":\"https:\\\/\\\/schema.org\",\"@graph\":[{\"@type\":\"WebPage\",\"@id\":\"https:\\\/\\\/ponteseditores.com.br\\\/loja3\\\/pontes-editores-home-2__trashed\\\/educacao-especial\\\/deficiencia-visual-e-ensino-de-linguas-estrangeiras-politicas-formacao-e-acoes-inclusivas\\\/\",\"url\":\"https:\\\/\\\/ponteseditores.com.br\\\/loja3\\\/pontes-editores-home-2__trashed\\\/educacao-especial\\\/deficiencia-visual-e-ensino-de-linguas-estrangeiras-politicas-formacao-e-acoes-inclusivas\\\/\",\"name\":\"DEFICI\u00caNCIA VISUAL E ENSINO DE L\u00cdNGUAS ESTRANGEIRAS: pol\u00edticas, forma\u00e7\u00e3o e a\u00e7\u00f5es inclusivas - Pontes Editores\",\"isPartOf\":{\"@id\":\"https:\\\/\\\/ponteseditores.com.br\\\/loja3\\\/#website\"},\"primaryImageOfPage\":{\"@id\":\"https:\\\/\\\/ponteseditores.com.br\\\/loja3\\\/pontes-editores-home-2__trashed\\\/educacao-especial\\\/deficiencia-visual-e-ensino-de-linguas-estrangeiras-politicas-formacao-e-acoes-inclusivas\\\/#primaryimage\"},\"image\":{\"@id\":\"https:\\\/\\\/ponteseditores.com.br\\\/loja3\\\/pontes-editores-home-2__trashed\\\/educacao-especial\\\/deficiencia-visual-e-ensino-de-linguas-estrangeiras-politicas-formacao-e-acoes-inclusivas\\\/#primaryimage\"},\"thumbnailUrl\":\"https:\\\/\\\/ponteseditores.com.br\\\/loja3\\\/wp-content\\\/uploads\\\/2023\\\/12\\\/def-1.jpg\",\"datePublished\":\"2023-12-16T04:11:24+00:00\",\"breadcrumb\":{\"@id\":\"https:\\\/\\\/ponteseditores.com.br\\\/loja3\\\/pontes-editores-home-2__trashed\\\/educacao-especial\\\/deficiencia-visual-e-ensino-de-linguas-estrangeiras-politicas-formacao-e-acoes-inclusivas\\\/#breadcrumb\"},\"inLanguage\":\"pt-BR\",\"potentialAction\":[{\"@type\":\"ReadAction\",\"target\":[\"https:\\\/\\\/ponteseditores.com.br\\\/loja3\\\/pontes-editores-home-2__trashed\\\/educacao-especial\\\/deficiencia-visual-e-ensino-de-linguas-estrangeiras-politicas-formacao-e-acoes-inclusivas\\\/\"]}]},{\"@type\":\"ImageObject\",\"inLanguage\":\"pt-BR\",\"@id\":\"https:\\\/\\\/ponteseditores.com.br\\\/loja3\\\/pontes-editores-home-2__trashed\\\/educacao-especial\\\/deficiencia-visual-e-ensino-de-linguas-estrangeiras-politicas-formacao-e-acoes-inclusivas\\\/#primaryimage\",\"url\":\"https:\\\/\\\/ponteseditores.com.br\\\/loja3\\\/wp-content\\\/uploads\\\/2023\\\/12\\\/def-1.jpg\",\"contentUrl\":\"https:\\\/\\\/ponteseditores.com.br\\\/loja3\\\/wp-content\\\/uploads\\\/2023\\\/12\\\/def-1.jpg\",\"width\":506,\"height\":768},{\"@type\":\"BreadcrumbList\",\"@id\":\"https:\\\/\\\/ponteseditores.com.br\\\/loja3\\\/pontes-editores-home-2__trashed\\\/educacao-especial\\\/deficiencia-visual-e-ensino-de-linguas-estrangeiras-politicas-formacao-e-acoes-inclusivas\\\/#breadcrumb\",\"itemListElement\":[{\"@type\":\"ListItem\",\"position\":1,\"name\":\"Home\",\"item\":\"https:\\\/\\\/ponteseditores.com.br\\\/loja3\\\/\"},{\"@type\":\"ListItem\",\"position\":2,\"name\":\"loja\",\"item\":\"https:\\\/\\\/ponteseditores.com.br\\\/loja3\\\/loja\\\/\"},{\"@type\":\"ListItem\",\"position\":3,\"name\":\"DEFICI\u00caNCIA VISUAL E ENSINO DE L\u00cdNGUAS ESTRANGEIRAS: pol\u00edticas, forma\u00e7\u00e3o e a\u00e7\u00f5es inclusivas\"}]},{\"@type\":\"WebSite\",\"@id\":\"https:\\\/\\\/ponteseditores.com.br\\\/loja3\\\/#website\",\"url\":\"https:\\\/\\\/ponteseditores.com.br\\\/loja3\\\/\",\"name\":\"Pontes Editores\",\"description\":\"Pontes Editores\",\"publisher\":{\"@id\":\"https:\\\/\\\/ponteseditores.com.br\\\/loja3\\\/#organization\"},\"potentialAction\":[{\"@type\":\"SearchAction\",\"target\":{\"@type\":\"EntryPoint\",\"urlTemplate\":\"https:\\\/\\\/ponteseditores.com.br\\\/loja3\\\/?s={search_term_string}\"},\"query-input\":{\"@type\":\"PropertyValueSpecification\",\"valueRequired\":true,\"valueName\":\"search_term_string\"}}],\"inLanguage\":\"pt-BR\"},{\"@type\":\"Organization\",\"@id\":\"https:\\\/\\\/ponteseditores.com.br\\\/loja3\\\/#organization\",\"name\":\"Pontes Editores\",\"url\":\"https:\\\/\\\/ponteseditores.com.br\\\/loja3\\\/\",\"logo\":{\"@type\":\"ImageObject\",\"inLanguage\":\"pt-BR\",\"@id\":\"https:\\\/\\\/ponteseditores.com.br\\\/loja3\\\/#\\\/schema\\\/logo\\\/image\\\/\",\"url\":\"https:\\\/\\\/ponteseditores.com.br\\\/loja3\\\/wp-content\\\/uploads\\\/2023\\\/12\\\/logo-pontes-editores-v2.png\",\"contentUrl\":\"https:\\\/\\\/ponteseditores.com.br\\\/loja3\\\/wp-content\\\/uploads\\\/2023\\\/12\\\/logo-pontes-editores-v2.png\",\"width\":258,\"height\":100,\"caption\":\"Pontes Editores\"},\"image\":{\"@id\":\"https:\\\/\\\/ponteseditores.com.br\\\/loja3\\\/#\\\/schema\\\/logo\\\/image\\\/\"}}]}<\/script>\n<!-- \/ Yoast SEO plugin. -->","yoast_head_json":{"title":"DEFICI\u00caNCIA VISUAL E ENSINO DE L\u00cdNGUAS ESTRANGEIRAS: pol\u00edticas, forma\u00e7\u00e3o e a\u00e7\u00f5es inclusivas - Pontes Editores","robots":{"index":"index","follow":"follow","max-snippet":"max-snippet:-1","max-image-preview":"max-image-preview:large","max-video-preview":"max-video-preview:-1"},"canonical":"https:\/\/ponteseditores.com.br\/loja3\/pontes-editores-home-2__trashed\/educacao-especial\/deficiencia-visual-e-ensino-de-linguas-estrangeiras-politicas-formacao-e-acoes-inclusivas\/","og_locale":"pt_BR","og_type":"article","og_title":"DEFICI\u00caNCIA VISUAL E ENSINO DE L\u00cdNGUAS ESTRANGEIRAS: pol\u00edticas, forma\u00e7\u00e3o e a\u00e7\u00f5es inclusivas - Pontes Editores","og_description":"N\u00e3o s\u00e3o somente li\u00e7\u00f5es sobre forma\u00e7\u00e3o, inclus\u00e3o e experi\u00eancias singulares que colhemos com a leitura da obra. Impl\u00edcito no livro, est\u00e1 o trabalho de juntar pessoas, abrir o espa\u00e7o para as suas vozes, ir e voltar, conjugar uma esp\u00e9cie de alfabeto da inclus\u00e3o, cujas letras n\u00e3o se imprimem apenas \u00e0 for\u00e7a dos marcos legais, das [&hellip;]","og_url":"https:\/\/ponteseditores.com.br\/loja3\/pontes-editores-home-2__trashed\/educacao-especial\/deficiencia-visual-e-ensino-de-linguas-estrangeiras-politicas-formacao-e-acoes-inclusivas\/","og_site_name":"Pontes Editores","og_image":[{"width":506,"height":768,"url":"https:\/\/ponteseditores.com.br\/loja3\/wp-content\/uploads\/2023\/12\/def-1.jpg","type":"image\/jpeg"}],"twitter_card":"summary_large_image","twitter_misc":{"Est. tempo de leitura":"1 minuto"},"schema":{"@context":"https:\/\/schema.org","@graph":[{"@type":"WebPage","@id":"https:\/\/ponteseditores.com.br\/loja3\/pontes-editores-home-2__trashed\/educacao-especial\/deficiencia-visual-e-ensino-de-linguas-estrangeiras-politicas-formacao-e-acoes-inclusivas\/","url":"https:\/\/ponteseditores.com.br\/loja3\/pontes-editores-home-2__trashed\/educacao-especial\/deficiencia-visual-e-ensino-de-linguas-estrangeiras-politicas-formacao-e-acoes-inclusivas\/","name":"DEFICI\u00caNCIA VISUAL E ENSINO DE L\u00cdNGUAS ESTRANGEIRAS: pol\u00edticas, forma\u00e7\u00e3o e a\u00e7\u00f5es inclusivas - Pontes Editores","isPartOf":{"@id":"https:\/\/ponteseditores.com.br\/loja3\/#website"},"primaryImageOfPage":{"@id":"https:\/\/ponteseditores.com.br\/loja3\/pontes-editores-home-2__trashed\/educacao-especial\/deficiencia-visual-e-ensino-de-linguas-estrangeiras-politicas-formacao-e-acoes-inclusivas\/#primaryimage"},"image":{"@id":"https:\/\/ponteseditores.com.br\/loja3\/pontes-editores-home-2__trashed\/educacao-especial\/deficiencia-visual-e-ensino-de-linguas-estrangeiras-politicas-formacao-e-acoes-inclusivas\/#primaryimage"},"thumbnailUrl":"https:\/\/ponteseditores.com.br\/loja3\/wp-content\/uploads\/2023\/12\/def-1.jpg","datePublished":"2023-12-16T04:11:24+00:00","breadcrumb":{"@id":"https:\/\/ponteseditores.com.br\/loja3\/pontes-editores-home-2__trashed\/educacao-especial\/deficiencia-visual-e-ensino-de-linguas-estrangeiras-politicas-formacao-e-acoes-inclusivas\/#breadcrumb"},"inLanguage":"pt-BR","potentialAction":[{"@type":"ReadAction","target":["https:\/\/ponteseditores.com.br\/loja3\/pontes-editores-home-2__trashed\/educacao-especial\/deficiencia-visual-e-ensino-de-linguas-estrangeiras-politicas-formacao-e-acoes-inclusivas\/"]}]},{"@type":"ImageObject","inLanguage":"pt-BR","@id":"https:\/\/ponteseditores.com.br\/loja3\/pontes-editores-home-2__trashed\/educacao-especial\/deficiencia-visual-e-ensino-de-linguas-estrangeiras-politicas-formacao-e-acoes-inclusivas\/#primaryimage","url":"https:\/\/ponteseditores.com.br\/loja3\/wp-content\/uploads\/2023\/12\/def-1.jpg","contentUrl":"https:\/\/ponteseditores.com.br\/loja3\/wp-content\/uploads\/2023\/12\/def-1.jpg","width":506,"height":768},{"@type":"BreadcrumbList","@id":"https:\/\/ponteseditores.com.br\/loja3\/pontes-editores-home-2__trashed\/educacao-especial\/deficiencia-visual-e-ensino-de-linguas-estrangeiras-politicas-formacao-e-acoes-inclusivas\/#breadcrumb","itemListElement":[{"@type":"ListItem","position":1,"name":"Home","item":"https:\/\/ponteseditores.com.br\/loja3\/"},{"@type":"ListItem","position":2,"name":"loja","item":"https:\/\/ponteseditores.com.br\/loja3\/loja\/"},{"@type":"ListItem","position":3,"name":"DEFICI\u00caNCIA VISUAL E ENSINO DE L\u00cdNGUAS ESTRANGEIRAS: pol\u00edticas, forma\u00e7\u00e3o e a\u00e7\u00f5es inclusivas"}]},{"@type":"WebSite","@id":"https:\/\/ponteseditores.com.br\/loja3\/#website","url":"https:\/\/ponteseditores.com.br\/loja3\/","name":"Pontes Editores","description":"Pontes Editores","publisher":{"@id":"https:\/\/ponteseditores.com.br\/loja3\/#organization"},"potentialAction":[{"@type":"SearchAction","target":{"@type":"EntryPoint","urlTemplate":"https:\/\/ponteseditores.com.br\/loja3\/?s={search_term_string}"},"query-input":{"@type":"PropertyValueSpecification","valueRequired":true,"valueName":"search_term_string"}}],"inLanguage":"pt-BR"},{"@type":"Organization","@id":"https:\/\/ponteseditores.com.br\/loja3\/#organization","name":"Pontes Editores","url":"https:\/\/ponteseditores.com.br\/loja3\/","logo":{"@type":"ImageObject","inLanguage":"pt-BR","@id":"https:\/\/ponteseditores.com.br\/loja3\/#\/schema\/logo\/image\/","url":"https:\/\/ponteseditores.com.br\/loja3\/wp-content\/uploads\/2023\/12\/logo-pontes-editores-v2.png","contentUrl":"https:\/\/ponteseditores.com.br\/loja3\/wp-content\/uploads\/2023\/12\/logo-pontes-editores-v2.png","width":258,"height":100,"caption":"Pontes Editores"},"image":{"@id":"https:\/\/ponteseditores.com.br\/loja3\/#\/schema\/logo\/image\/"}}]}},"_links":{"self":[{"href":"https:\/\/ponteseditores.com.br\/loja3\/wp-json\/wp\/v2\/product\/8541","targetHints":{"allow":["GET"]}}],"collection":[{"href":"https:\/\/ponteseditores.com.br\/loja3\/wp-json\/wp\/v2\/product"}],"about":[{"href":"https:\/\/ponteseditores.com.br\/loja3\/wp-json\/wp\/v2\/types\/product"}],"replies":[{"embeddable":true,"href":"https:\/\/ponteseditores.com.br\/loja3\/wp-json\/wp\/v2\/comments?post=8541"}],"version-history":[{"count":0,"href":"https:\/\/ponteseditores.com.br\/loja3\/wp-json\/wp\/v2\/product\/8541\/revisions"}],"wp:featuredmedia":[{"embeddable":true,"href":"https:\/\/ponteseditores.com.br\/loja3\/wp-json\/wp\/v2\/media\/8540"}],"wp:attachment":[{"href":"https:\/\/ponteseditores.com.br\/loja3\/wp-json\/wp\/v2\/media?parent=8541"}],"wp:term":[{"taxonomy":"product_brand","embeddable":true,"href":"https:\/\/ponteseditores.com.br\/loja3\/wp-json\/wp\/v2\/product_brand?post=8541"},{"taxonomy":"product_cat","embeddable":true,"href":"https:\/\/ponteseditores.com.br\/loja3\/wp-json\/wp\/v2\/product_cat?post=8541"},{"taxonomy":"product_tag","embeddable":true,"href":"https:\/\/ponteseditores.com.br\/loja3\/wp-json\/wp\/v2\/product_tag?post=8541"}],"curies":[{"name":"wp","href":"https:\/\/api.w.org\/{rel}","templated":true}]}}