{"id":8539,"date":"2023-12-16T01:11:22","date_gmt":"2023-12-16T04:11:22","guid":{"rendered":"https:\/\/ponteseditores.com.br\/loja3\/pontes-editores-home-2__trashed\/sem%20categoria\/contribuicoes-da-analise-de-discuso-critica-no-brasil-vol-6\/"},"modified":"2024-03-20T16:17:10","modified_gmt":"2024-03-20T19:17:10","slug":"contribuicoes-da-analise-de-discuso-critica-no-brasil-vol-6","status":"publish","type":"product","link":"https:\/\/ponteseditores.com.br\/loja3\/pontes-editores-home-2__trashed\/linguistica\/contribuicoes-da-analise-de-discuso-critica-no-brasil-vol-6\/","title":{"rendered":"Contribui\u00e7\u00f5es da An\u00e1lise de Discuso Cr\u00edtica no Brasil Vol 6"},"content":{"rendered":"<p>A publica\u00e7\u00e3o  do artigo &#8220;Por uma abordagem cr\u00edtica e expanat\u00f3ria do discurso&#8221; , pela Revista Delta em 1986 marcou o in\u00edcio da An\u00e1lise de Discurso Cr\u00edtica (ADC) no Brasil. Nascida na Inglaterra, a teoria vem, desde ent\u00e3o, se tornando cada vez mais produtiva no nosso pa\u00eds, com in\u00fameros\/as pesquisadores\/as em diferentes universidades. Este volume resgata um pouco dessa hist\u00f3ria e das discuss\u00f5es trazidas pela Professora Izabel Magalh\u00e3es acerca da necesidade de se produzir no bojo dos estudos lingu\u00edsticos uma cr\u00edtica voltada para a mudan\u00e7a social. O livro \u00e9 composto de artigos de alunos, ex-alunos, colegas e interessados na ADC que tiveram o primeiro contato com o campo de investiga\u00e7\u00e3o por meio da Professora Izabel. Na Universidade de Bras\u00edlia, a pesquisa em An\u00e1lie de Discurso Cr\u00edtica vem sendo realizada h\u00e1 mais de vinte anos e seus frutos s\u00e3o hoje um reflexo da abrang\u00eancia e da produtividade da cr\u00edtica. Entre esses resultados, podemos indicar a emers\u00e3o no bojo dos Estudos Lingu\u00edsticos pesquisas interessadas no racismo, no preconceito, em g\u00eanero, poder e hegemonia, al\u00e9m de outros temas como a quest\u00e3o dos direitos das pessoas em situa\u00e7\u00e3o de rua, a viol\u00eancia contra a mulher e a educa\u00e7\u00e3o inclusiva. A partir desses debates, outros questionamentos foram levantados, desta vem em rela\u00e7\u00e3o ao papel reflexivo que a pr\u00f3pria ci\u00eancia conduz, e da fun\u00e7\u00e3o social do agente pesquisador enquanto produtor de um conhecimento, no caso, o\/a linguista.<\/p>\n","protected":false},"excerpt":{"rendered":"<p>A publica\u00e7\u00e3o do artigo &#8220;Por uma abordagem cr\u00edtica e expanat\u00f3ria do discurso&#8221; , pela Revista Delta em 1986 marcou o in\u00edcio da An\u00e1lise de Discurso Cr\u00edtica (ADC) no Brasil. Nascida na Inglaterra, a teoria vem, desde ent\u00e3o, se tornando cada vez mais produtiva no nosso pa\u00eds, com in\u00fameros\/as pesquisadores\/as em diferentes universidades. Este volume resgata [&hellip;]<\/p>\n","protected":false},"featured_media":8538,"comment_status":"open","ping_status":"closed","template":"","meta":{"_joinchat":[]},"product_brand":[],"product_cat":[281,31],"product_tag":[],"class_list":{"0":"post-8539","1":"product","2":"type-product","3":"status-publish","4":"has-post-thumbnail","6":"product_cat-linguagem-e-sociedade","7":"product_cat-linguistica","9":"first","10":"outofstock","11":"shipping-taxable","12":"purchasable","13":"product-type-simple"},"yoast_head":"<!-- This site is optimized with the Yoast SEO plugin v27.4 - https:\/\/yoast.com\/product\/yoast-seo-wordpress\/ -->\n<title>Contribui\u00e7\u00f5es da An\u00e1lise de Discuso Cr\u00edtica no Brasil Vol 6 - Pontes Editores<\/title>\n<meta name=\"robots\" content=\"index, follow, max-snippet:-1, max-image-preview:large, max-video-preview:-1\" \/>\n<link rel=\"canonical\" href=\"https:\/\/ponteseditores.com.br\/loja3\/pontes-editores-home-2__trashed\/linguistica\/contribuicoes-da-analise-de-discuso-critica-no-brasil-vol-6\/\" \/>\n<meta property=\"og:locale\" content=\"pt_BR\" \/>\n<meta property=\"og:type\" content=\"article\" \/>\n<meta property=\"og:title\" content=\"Contribui\u00e7\u00f5es da An\u00e1lise de Discuso Cr\u00edtica no Brasil Vol 6 - Pontes Editores\" \/>\n<meta property=\"og:description\" content=\"A publica\u00e7\u00e3o do artigo &#8220;Por uma abordagem cr\u00edtica e expanat\u00f3ria do discurso&#8221; , pela Revista Delta em 1986 marcou o in\u00edcio da An\u00e1lise de Discurso Cr\u00edtica (ADC) no Brasil. Nascida na Inglaterra, a teoria vem, desde ent\u00e3o, se tornando cada vez mais produtiva no nosso pa\u00eds, com in\u00fameros\/as pesquisadores\/as em diferentes universidades. Este volume resgata [&hellip;]\" \/>\n<meta property=\"og:url\" content=\"https:\/\/ponteseditores.com.br\/loja3\/pontes-editores-home-2__trashed\/linguistica\/contribuicoes-da-analise-de-discuso-critica-no-brasil-vol-6\/\" \/>\n<meta property=\"og:site_name\" content=\"Pontes Editores\" \/>\n<meta property=\"article:modified_time\" content=\"2024-03-20T19:17:10+00:00\" \/>\n<meta property=\"og:image\" content=\"https:\/\/ponteseditores.com.br\/loja3\/wp-content\/uploads\/2023\/12\/contribuicoes20da20analise20de20disc20critica20no20brasil20capa.jpg\" \/>\n\t<meta property=\"og:image:width\" content=\"500\" \/>\n\t<meta property=\"og:image:height\" content=\"768\" \/>\n\t<meta property=\"og:image:type\" content=\"image\/jpeg\" \/>\n<meta name=\"twitter:card\" content=\"summary_large_image\" \/>\n<meta name=\"twitter:label1\" content=\"Est. tempo de leitura\" \/>\n\t<meta name=\"twitter:data1\" content=\"1 minuto\" \/>\n<script type=\"application\/ld+json\" class=\"yoast-schema-graph\">{\"@context\":\"https:\\\/\\\/schema.org\",\"@graph\":[{\"@type\":\"WebPage\",\"@id\":\"https:\\\/\\\/ponteseditores.com.br\\\/loja3\\\/pontes-editores-home-2__trashed\\\/linguistica\\\/contribuicoes-da-analise-de-discuso-critica-no-brasil-vol-6\\\/\",\"url\":\"https:\\\/\\\/ponteseditores.com.br\\\/loja3\\\/pontes-editores-home-2__trashed\\\/linguistica\\\/contribuicoes-da-analise-de-discuso-critica-no-brasil-vol-6\\\/\",\"name\":\"Contribui\u00e7\u00f5es da An\u00e1lise de Discuso Cr\u00edtica no Brasil Vol 6 - Pontes Editores\",\"isPartOf\":{\"@id\":\"https:\\\/\\\/ponteseditores.com.br\\\/loja3\\\/#website\"},\"primaryImageOfPage\":{\"@id\":\"https:\\\/\\\/ponteseditores.com.br\\\/loja3\\\/pontes-editores-home-2__trashed\\\/linguistica\\\/contribuicoes-da-analise-de-discuso-critica-no-brasil-vol-6\\\/#primaryimage\"},\"image\":{\"@id\":\"https:\\\/\\\/ponteseditores.com.br\\\/loja3\\\/pontes-editores-home-2__trashed\\\/linguistica\\\/contribuicoes-da-analise-de-discuso-critica-no-brasil-vol-6\\\/#primaryimage\"},\"thumbnailUrl\":\"https:\\\/\\\/ponteseditores.com.br\\\/loja3\\\/wp-content\\\/uploads\\\/2023\\\/12\\\/contribuicoes20da20analise20de20disc20critica20no20brasil20capa.jpg\",\"datePublished\":\"2023-12-16T04:11:22+00:00\",\"dateModified\":\"2024-03-20T19:17:10+00:00\",\"breadcrumb\":{\"@id\":\"https:\\\/\\\/ponteseditores.com.br\\\/loja3\\\/pontes-editores-home-2__trashed\\\/linguistica\\\/contribuicoes-da-analise-de-discuso-critica-no-brasil-vol-6\\\/#breadcrumb\"},\"inLanguage\":\"pt-BR\",\"potentialAction\":[{\"@type\":\"ReadAction\",\"target\":[\"https:\\\/\\\/ponteseditores.com.br\\\/loja3\\\/pontes-editores-home-2__trashed\\\/linguistica\\\/contribuicoes-da-analise-de-discuso-critica-no-brasil-vol-6\\\/\"]}]},{\"@type\":\"ImageObject\",\"inLanguage\":\"pt-BR\",\"@id\":\"https:\\\/\\\/ponteseditores.com.br\\\/loja3\\\/pontes-editores-home-2__trashed\\\/linguistica\\\/contribuicoes-da-analise-de-discuso-critica-no-brasil-vol-6\\\/#primaryimage\",\"url\":\"https:\\\/\\\/ponteseditores.com.br\\\/loja3\\\/wp-content\\\/uploads\\\/2023\\\/12\\\/contribuicoes20da20analise20de20disc20critica20no20brasil20capa.jpg\",\"contentUrl\":\"https:\\\/\\\/ponteseditores.com.br\\\/loja3\\\/wp-content\\\/uploads\\\/2023\\\/12\\\/contribuicoes20da20analise20de20disc20critica20no20brasil20capa.jpg\",\"width\":500,\"height\":768},{\"@type\":\"BreadcrumbList\",\"@id\":\"https:\\\/\\\/ponteseditores.com.br\\\/loja3\\\/pontes-editores-home-2__trashed\\\/linguistica\\\/contribuicoes-da-analise-de-discuso-critica-no-brasil-vol-6\\\/#breadcrumb\",\"itemListElement\":[{\"@type\":\"ListItem\",\"position\":1,\"name\":\"Home\",\"item\":\"https:\\\/\\\/ponteseditores.com.br\\\/loja3\\\/\"},{\"@type\":\"ListItem\",\"position\":2,\"name\":\"loja\",\"item\":\"https:\\\/\\\/ponteseditores.com.br\\\/loja3\\\/loja\\\/\"},{\"@type\":\"ListItem\",\"position\":3,\"name\":\"Contribui\u00e7\u00f5es da An\u00e1lise de Discuso Cr\u00edtica no Brasil Vol 6\"}]},{\"@type\":\"WebSite\",\"@id\":\"https:\\\/\\\/ponteseditores.com.br\\\/loja3\\\/#website\",\"url\":\"https:\\\/\\\/ponteseditores.com.br\\\/loja3\\\/\",\"name\":\"Pontes Editores\",\"description\":\"Pontes Editores\",\"publisher\":{\"@id\":\"https:\\\/\\\/ponteseditores.com.br\\\/loja3\\\/#organization\"},\"potentialAction\":[{\"@type\":\"SearchAction\",\"target\":{\"@type\":\"EntryPoint\",\"urlTemplate\":\"https:\\\/\\\/ponteseditores.com.br\\\/loja3\\\/?s={search_term_string}\"},\"query-input\":{\"@type\":\"PropertyValueSpecification\",\"valueRequired\":true,\"valueName\":\"search_term_string\"}}],\"inLanguage\":\"pt-BR\"},{\"@type\":\"Organization\",\"@id\":\"https:\\\/\\\/ponteseditores.com.br\\\/loja3\\\/#organization\",\"name\":\"Pontes Editores\",\"url\":\"https:\\\/\\\/ponteseditores.com.br\\\/loja3\\\/\",\"logo\":{\"@type\":\"ImageObject\",\"inLanguage\":\"pt-BR\",\"@id\":\"https:\\\/\\\/ponteseditores.com.br\\\/loja3\\\/#\\\/schema\\\/logo\\\/image\\\/\",\"url\":\"https:\\\/\\\/ponteseditores.com.br\\\/loja3\\\/wp-content\\\/uploads\\\/2023\\\/12\\\/logo-pontes-editores-v2.png\",\"contentUrl\":\"https:\\\/\\\/ponteseditores.com.br\\\/loja3\\\/wp-content\\\/uploads\\\/2023\\\/12\\\/logo-pontes-editores-v2.png\",\"width\":258,\"height\":100,\"caption\":\"Pontes Editores\"},\"image\":{\"@id\":\"https:\\\/\\\/ponteseditores.com.br\\\/loja3\\\/#\\\/schema\\\/logo\\\/image\\\/\"}}]}<\/script>\n<!-- \/ Yoast SEO plugin. -->","yoast_head_json":{"title":"Contribui\u00e7\u00f5es da An\u00e1lise de Discuso Cr\u00edtica no Brasil Vol 6 - Pontes Editores","robots":{"index":"index","follow":"follow","max-snippet":"max-snippet:-1","max-image-preview":"max-image-preview:large","max-video-preview":"max-video-preview:-1"},"canonical":"https:\/\/ponteseditores.com.br\/loja3\/pontes-editores-home-2__trashed\/linguistica\/contribuicoes-da-analise-de-discuso-critica-no-brasil-vol-6\/","og_locale":"pt_BR","og_type":"article","og_title":"Contribui\u00e7\u00f5es da An\u00e1lise de Discuso Cr\u00edtica no Brasil Vol 6 - Pontes Editores","og_description":"A publica\u00e7\u00e3o do artigo &#8220;Por uma abordagem cr\u00edtica e expanat\u00f3ria do discurso&#8221; , pela Revista Delta em 1986 marcou o in\u00edcio da An\u00e1lise de Discurso Cr\u00edtica (ADC) no Brasil. Nascida na Inglaterra, a teoria vem, desde ent\u00e3o, se tornando cada vez mais produtiva no nosso pa\u00eds, com in\u00fameros\/as pesquisadores\/as em diferentes universidades. Este volume resgata [&hellip;]","og_url":"https:\/\/ponteseditores.com.br\/loja3\/pontes-editores-home-2__trashed\/linguistica\/contribuicoes-da-analise-de-discuso-critica-no-brasil-vol-6\/","og_site_name":"Pontes Editores","article_modified_time":"2024-03-20T19:17:10+00:00","og_image":[{"width":500,"height":768,"url":"https:\/\/ponteseditores.com.br\/loja3\/wp-content\/uploads\/2023\/12\/contribuicoes20da20analise20de20disc20critica20no20brasil20capa.jpg","type":"image\/jpeg"}],"twitter_card":"summary_large_image","twitter_misc":{"Est. tempo de leitura":"1 minuto"},"schema":{"@context":"https:\/\/schema.org","@graph":[{"@type":"WebPage","@id":"https:\/\/ponteseditores.com.br\/loja3\/pontes-editores-home-2__trashed\/linguistica\/contribuicoes-da-analise-de-discuso-critica-no-brasil-vol-6\/","url":"https:\/\/ponteseditores.com.br\/loja3\/pontes-editores-home-2__trashed\/linguistica\/contribuicoes-da-analise-de-discuso-critica-no-brasil-vol-6\/","name":"Contribui\u00e7\u00f5es da An\u00e1lise de Discuso Cr\u00edtica no Brasil Vol 6 - Pontes Editores","isPartOf":{"@id":"https:\/\/ponteseditores.com.br\/loja3\/#website"},"primaryImageOfPage":{"@id":"https:\/\/ponteseditores.com.br\/loja3\/pontes-editores-home-2__trashed\/linguistica\/contribuicoes-da-analise-de-discuso-critica-no-brasil-vol-6\/#primaryimage"},"image":{"@id":"https:\/\/ponteseditores.com.br\/loja3\/pontes-editores-home-2__trashed\/linguistica\/contribuicoes-da-analise-de-discuso-critica-no-brasil-vol-6\/#primaryimage"},"thumbnailUrl":"https:\/\/ponteseditores.com.br\/loja3\/wp-content\/uploads\/2023\/12\/contribuicoes20da20analise20de20disc20critica20no20brasil20capa.jpg","datePublished":"2023-12-16T04:11:22+00:00","dateModified":"2024-03-20T19:17:10+00:00","breadcrumb":{"@id":"https:\/\/ponteseditores.com.br\/loja3\/pontes-editores-home-2__trashed\/linguistica\/contribuicoes-da-analise-de-discuso-critica-no-brasil-vol-6\/#breadcrumb"},"inLanguage":"pt-BR","potentialAction":[{"@type":"ReadAction","target":["https:\/\/ponteseditores.com.br\/loja3\/pontes-editores-home-2__trashed\/linguistica\/contribuicoes-da-analise-de-discuso-critica-no-brasil-vol-6\/"]}]},{"@type":"ImageObject","inLanguage":"pt-BR","@id":"https:\/\/ponteseditores.com.br\/loja3\/pontes-editores-home-2__trashed\/linguistica\/contribuicoes-da-analise-de-discuso-critica-no-brasil-vol-6\/#primaryimage","url":"https:\/\/ponteseditores.com.br\/loja3\/wp-content\/uploads\/2023\/12\/contribuicoes20da20analise20de20disc20critica20no20brasil20capa.jpg","contentUrl":"https:\/\/ponteseditores.com.br\/loja3\/wp-content\/uploads\/2023\/12\/contribuicoes20da20analise20de20disc20critica20no20brasil20capa.jpg","width":500,"height":768},{"@type":"BreadcrumbList","@id":"https:\/\/ponteseditores.com.br\/loja3\/pontes-editores-home-2__trashed\/linguistica\/contribuicoes-da-analise-de-discuso-critica-no-brasil-vol-6\/#breadcrumb","itemListElement":[{"@type":"ListItem","position":1,"name":"Home","item":"https:\/\/ponteseditores.com.br\/loja3\/"},{"@type":"ListItem","position":2,"name":"loja","item":"https:\/\/ponteseditores.com.br\/loja3\/loja\/"},{"@type":"ListItem","position":3,"name":"Contribui\u00e7\u00f5es da An\u00e1lise de Discuso Cr\u00edtica no Brasil Vol 6"}]},{"@type":"WebSite","@id":"https:\/\/ponteseditores.com.br\/loja3\/#website","url":"https:\/\/ponteseditores.com.br\/loja3\/","name":"Pontes Editores","description":"Pontes Editores","publisher":{"@id":"https:\/\/ponteseditores.com.br\/loja3\/#organization"},"potentialAction":[{"@type":"SearchAction","target":{"@type":"EntryPoint","urlTemplate":"https:\/\/ponteseditores.com.br\/loja3\/?s={search_term_string}"},"query-input":{"@type":"PropertyValueSpecification","valueRequired":true,"valueName":"search_term_string"}}],"inLanguage":"pt-BR"},{"@type":"Organization","@id":"https:\/\/ponteseditores.com.br\/loja3\/#organization","name":"Pontes Editores","url":"https:\/\/ponteseditores.com.br\/loja3\/","logo":{"@type":"ImageObject","inLanguage":"pt-BR","@id":"https:\/\/ponteseditores.com.br\/loja3\/#\/schema\/logo\/image\/","url":"https:\/\/ponteseditores.com.br\/loja3\/wp-content\/uploads\/2023\/12\/logo-pontes-editores-v2.png","contentUrl":"https:\/\/ponteseditores.com.br\/loja3\/wp-content\/uploads\/2023\/12\/logo-pontes-editores-v2.png","width":258,"height":100,"caption":"Pontes Editores"},"image":{"@id":"https:\/\/ponteseditores.com.br\/loja3\/#\/schema\/logo\/image\/"}}]}},"_links":{"self":[{"href":"https:\/\/ponteseditores.com.br\/loja3\/wp-json\/wp\/v2\/product\/8539","targetHints":{"allow":["GET"]}}],"collection":[{"href":"https:\/\/ponteseditores.com.br\/loja3\/wp-json\/wp\/v2\/product"}],"about":[{"href":"https:\/\/ponteseditores.com.br\/loja3\/wp-json\/wp\/v2\/types\/product"}],"replies":[{"embeddable":true,"href":"https:\/\/ponteseditores.com.br\/loja3\/wp-json\/wp\/v2\/comments?post=8539"}],"version-history":[{"count":0,"href":"https:\/\/ponteseditores.com.br\/loja3\/wp-json\/wp\/v2\/product\/8539\/revisions"}],"wp:featuredmedia":[{"embeddable":true,"href":"https:\/\/ponteseditores.com.br\/loja3\/wp-json\/wp\/v2\/media\/8538"}],"wp:attachment":[{"href":"https:\/\/ponteseditores.com.br\/loja3\/wp-json\/wp\/v2\/media?parent=8539"}],"wp:term":[{"taxonomy":"product_brand","embeddable":true,"href":"https:\/\/ponteseditores.com.br\/loja3\/wp-json\/wp\/v2\/product_brand?post=8539"},{"taxonomy":"product_cat","embeddable":true,"href":"https:\/\/ponteseditores.com.br\/loja3\/wp-json\/wp\/v2\/product_cat?post=8539"},{"taxonomy":"product_tag","embeddable":true,"href":"https:\/\/ponteseditores.com.br\/loja3\/wp-json\/wp\/v2\/product_tag?post=8539"}],"curies":[{"name":"wp","href":"https:\/\/api.w.org\/{rel}","templated":true}]}}