{"id":8536,"date":"2023-12-16T00:56:43","date_gmt":"2023-12-16T03:56:43","guid":{"rendered":"https:\/\/ponteseditores.com.br\/loja3\/pontes-editores-home-2__trashed\/sem categoria\/educacao-e-desenvolvimento-conhecimento-diversidade-e-culturas-subalternizadas-volume-6\/"},"modified":"2023-12-16T00:56:43","modified_gmt":"2023-12-16T03:56:43","slug":"educacao-e-desenvolvimento-conhecimento-diversidade-e-culturas-subalternizadas-volume-6","status":"publish","type":"product","link":"https:\/\/ponteseditores.com.br\/loja3\/pontes-editores-home-2__trashed\/uncategorized\/educacao-e-desenvolvimento-conhecimento-diversidade-e-culturas-subalternizadas-volume-6\/","title":{"rendered":"Educa\u00e7\u00e3o e Desenvolvimento: conhecimento, diversidade e culturas subalternizadas &#8211; Volume 6"},"content":{"rendered":"<p>O volume VI da colet\u00e2nea Educa\u00e7\u00e3o e desenvolvimento, re\u00fane textos resultados de pesquisas que exploram a tem\u00e1tica: Conhecimento, diversidade e culturas subalternizadas, instaurando um debate acerca das diversas culturas, desde a escola b\u00e1sica \u00e0 universidade, da constru\u00e7\u00e3o de identidades a partir das diferen\u00e7as e das contribui\u00e7\u00f5es dos povos subalternizados, no interior da Cole\u00e7\u00e3o &#8220;Forma\u00e7\u00e3o e Pr\u00e1xis Educativa&#8221;. Seguimos, assim em dire\u00e7\u00e3o \u00e0s forma\u00e7\u00f5es a partir das diferen\u00e7as, com o apoio do Departamento de Educa\u00e7\u00e3o do Campus X (DEDCX) da Universidade do Estado da Bahia (UNEB).<\/p>\n","protected":false},"excerpt":{"rendered":"<p>O volume VI da colet\u00e2nea Educa\u00e7\u00e3o e desenvolvimento, re\u00fane textos resultados de pesquisas que exploram a tem\u00e1tica: Conhecimento, diversidade e culturas subalternizadas, instaurando um debate acerca das diversas culturas, desde a escola b\u00e1sica \u00e0 universidade, da constru\u00e7\u00e3o de identidades a partir das diferen\u00e7as e das contribui\u00e7\u00f5es dos povos subalternizados, no interior da Cole\u00e7\u00e3o &#8220;Forma\u00e7\u00e3o e [&hellip;]<\/p>\n","protected":false},"featured_media":8535,"comment_status":"open","ping_status":"closed","template":"","meta":{"_joinchat":[]},"product_brand":[],"product_cat":[15],"product_tag":[],"class_list":{"0":"post-8536","1":"product","2":"type-product","3":"status-publish","4":"has-post-thumbnail","6":"product_cat-uncategorized","8":"first","9":"instock","10":"shipping-taxable","11":"purchasable","12":"product-type-simple"},"yoast_head":"<!-- This site is optimized with the Yoast SEO plugin v27.4 - https:\/\/yoast.com\/product\/yoast-seo-wordpress\/ -->\n<title>Educa\u00e7\u00e3o e Desenvolvimento: conhecimento, diversidade e culturas subalternizadas - Volume 6 - Pontes Editores<\/title>\n<meta name=\"robots\" content=\"index, follow, max-snippet:-1, max-image-preview:large, max-video-preview:-1\" \/>\n<link rel=\"canonical\" href=\"https:\/\/ponteseditores.com.br\/loja3\/pontes-editores-home-2__trashed\/uncategorized\/educacao-e-desenvolvimento-conhecimento-diversidade-e-culturas-subalternizadas-volume-6\/\" \/>\n<meta property=\"og:locale\" content=\"pt_BR\" \/>\n<meta property=\"og:type\" content=\"article\" \/>\n<meta property=\"og:title\" content=\"Educa\u00e7\u00e3o e Desenvolvimento: conhecimento, diversidade e culturas subalternizadas - Volume 6 - Pontes Editores\" \/>\n<meta property=\"og:description\" content=\"O volume VI da colet\u00e2nea Educa\u00e7\u00e3o e desenvolvimento, re\u00fane textos resultados de pesquisas que exploram a tem\u00e1tica: Conhecimento, diversidade e culturas subalternizadas, instaurando um debate acerca das diversas culturas, desde a escola b\u00e1sica \u00e0 universidade, da constru\u00e7\u00e3o de identidades a partir das diferen\u00e7as e das contribui\u00e7\u00f5es dos povos subalternizados, no interior da Cole\u00e7\u00e3o &#8220;Forma\u00e7\u00e3o e [&hellip;]\" \/>\n<meta property=\"og:url\" content=\"https:\/\/ponteseditores.com.br\/loja3\/pontes-editores-home-2__trashed\/uncategorized\/educacao-e-desenvolvimento-conhecimento-diversidade-e-culturas-subalternizadas-volume-6\/\" \/>\n<meta property=\"og:site_name\" content=\"Pontes Editores\" \/>\n<meta property=\"og:image\" content=\"https:\/\/ponteseditores.com.br\/loja3\/wp-content\/uploads\/2023\/12\/Capa_Educacao_Desenvolvimento-1.jpg\" \/>\n\t<meta property=\"og:image:width\" content=\"1728\" \/>\n\t<meta property=\"og:image:height\" content=\"2443\" \/>\n\t<meta property=\"og:image:type\" content=\"image\/jpeg\" \/>\n<meta name=\"twitter:card\" content=\"summary_large_image\" \/>\n<script type=\"application\/ld+json\" class=\"yoast-schema-graph\">{\"@context\":\"https:\\\/\\\/schema.org\",\"@graph\":[{\"@type\":\"WebPage\",\"@id\":\"https:\\\/\\\/ponteseditores.com.br\\\/loja3\\\/pontes-editores-home-2__trashed\\\/uncategorized\\\/educacao-e-desenvolvimento-conhecimento-diversidade-e-culturas-subalternizadas-volume-6\\\/\",\"url\":\"https:\\\/\\\/ponteseditores.com.br\\\/loja3\\\/pontes-editores-home-2__trashed\\\/uncategorized\\\/educacao-e-desenvolvimento-conhecimento-diversidade-e-culturas-subalternizadas-volume-6\\\/\",\"name\":\"Educa\u00e7\u00e3o e Desenvolvimento: conhecimento, diversidade e culturas subalternizadas - Volume 6 - Pontes Editores\",\"isPartOf\":{\"@id\":\"https:\\\/\\\/ponteseditores.com.br\\\/loja3\\\/#website\"},\"primaryImageOfPage\":{\"@id\":\"https:\\\/\\\/ponteseditores.com.br\\\/loja3\\\/pontes-editores-home-2__trashed\\\/uncategorized\\\/educacao-e-desenvolvimento-conhecimento-diversidade-e-culturas-subalternizadas-volume-6\\\/#primaryimage\"},\"image\":{\"@id\":\"https:\\\/\\\/ponteseditores.com.br\\\/loja3\\\/pontes-editores-home-2__trashed\\\/uncategorized\\\/educacao-e-desenvolvimento-conhecimento-diversidade-e-culturas-subalternizadas-volume-6\\\/#primaryimage\"},\"thumbnailUrl\":\"https:\\\/\\\/ponteseditores.com.br\\\/loja3\\\/wp-content\\\/uploads\\\/2023\\\/12\\\/Capa_Educacao_Desenvolvimento-1.jpg\",\"datePublished\":\"2023-12-16T03:56:43+00:00\",\"breadcrumb\":{\"@id\":\"https:\\\/\\\/ponteseditores.com.br\\\/loja3\\\/pontes-editores-home-2__trashed\\\/uncategorized\\\/educacao-e-desenvolvimento-conhecimento-diversidade-e-culturas-subalternizadas-volume-6\\\/#breadcrumb\"},\"inLanguage\":\"pt-BR\",\"potentialAction\":[{\"@type\":\"ReadAction\",\"target\":[\"https:\\\/\\\/ponteseditores.com.br\\\/loja3\\\/pontes-editores-home-2__trashed\\\/uncategorized\\\/educacao-e-desenvolvimento-conhecimento-diversidade-e-culturas-subalternizadas-volume-6\\\/\"]}]},{\"@type\":\"ImageObject\",\"inLanguage\":\"pt-BR\",\"@id\":\"https:\\\/\\\/ponteseditores.com.br\\\/loja3\\\/pontes-editores-home-2__trashed\\\/uncategorized\\\/educacao-e-desenvolvimento-conhecimento-diversidade-e-culturas-subalternizadas-volume-6\\\/#primaryimage\",\"url\":\"https:\\\/\\\/ponteseditores.com.br\\\/loja3\\\/wp-content\\\/uploads\\\/2023\\\/12\\\/Capa_Educacao_Desenvolvimento-1.jpg\",\"contentUrl\":\"https:\\\/\\\/ponteseditores.com.br\\\/loja3\\\/wp-content\\\/uploads\\\/2023\\\/12\\\/Capa_Educacao_Desenvolvimento-1.jpg\",\"width\":1728,\"height\":2443},{\"@type\":\"BreadcrumbList\",\"@id\":\"https:\\\/\\\/ponteseditores.com.br\\\/loja3\\\/pontes-editores-home-2__trashed\\\/uncategorized\\\/educacao-e-desenvolvimento-conhecimento-diversidade-e-culturas-subalternizadas-volume-6\\\/#breadcrumb\",\"itemListElement\":[{\"@type\":\"ListItem\",\"position\":1,\"name\":\"Home\",\"item\":\"https:\\\/\\\/ponteseditores.com.br\\\/loja3\\\/\"},{\"@type\":\"ListItem\",\"position\":2,\"name\":\"loja\",\"item\":\"https:\\\/\\\/ponteseditores.com.br\\\/loja3\\\/loja\\\/\"},{\"@type\":\"ListItem\",\"position\":3,\"name\":\"Educa\u00e7\u00e3o e Desenvolvimento: conhecimento, diversidade e culturas subalternizadas &#8211; Volume 6\"}]},{\"@type\":\"WebSite\",\"@id\":\"https:\\\/\\\/ponteseditores.com.br\\\/loja3\\\/#website\",\"url\":\"https:\\\/\\\/ponteseditores.com.br\\\/loja3\\\/\",\"name\":\"Pontes Editores\",\"description\":\"Pontes Editores\",\"publisher\":{\"@id\":\"https:\\\/\\\/ponteseditores.com.br\\\/loja3\\\/#organization\"},\"potentialAction\":[{\"@type\":\"SearchAction\",\"target\":{\"@type\":\"EntryPoint\",\"urlTemplate\":\"https:\\\/\\\/ponteseditores.com.br\\\/loja3\\\/?s={search_term_string}\"},\"query-input\":{\"@type\":\"PropertyValueSpecification\",\"valueRequired\":true,\"valueName\":\"search_term_string\"}}],\"inLanguage\":\"pt-BR\"},{\"@type\":\"Organization\",\"@id\":\"https:\\\/\\\/ponteseditores.com.br\\\/loja3\\\/#organization\",\"name\":\"Pontes Editores\",\"url\":\"https:\\\/\\\/ponteseditores.com.br\\\/loja3\\\/\",\"logo\":{\"@type\":\"ImageObject\",\"inLanguage\":\"pt-BR\",\"@id\":\"https:\\\/\\\/ponteseditores.com.br\\\/loja3\\\/#\\\/schema\\\/logo\\\/image\\\/\",\"url\":\"https:\\\/\\\/ponteseditores.com.br\\\/loja3\\\/wp-content\\\/uploads\\\/2023\\\/12\\\/logo-pontes-editores-v2.png\",\"contentUrl\":\"https:\\\/\\\/ponteseditores.com.br\\\/loja3\\\/wp-content\\\/uploads\\\/2023\\\/12\\\/logo-pontes-editores-v2.png\",\"width\":258,\"height\":100,\"caption\":\"Pontes Editores\"},\"image\":{\"@id\":\"https:\\\/\\\/ponteseditores.com.br\\\/loja3\\\/#\\\/schema\\\/logo\\\/image\\\/\"}}]}<\/script>\n<!-- \/ Yoast SEO plugin. -->","yoast_head_json":{"title":"Educa\u00e7\u00e3o e Desenvolvimento: conhecimento, diversidade e culturas subalternizadas - Volume 6 - Pontes Editores","robots":{"index":"index","follow":"follow","max-snippet":"max-snippet:-1","max-image-preview":"max-image-preview:large","max-video-preview":"max-video-preview:-1"},"canonical":"https:\/\/ponteseditores.com.br\/loja3\/pontes-editores-home-2__trashed\/uncategorized\/educacao-e-desenvolvimento-conhecimento-diversidade-e-culturas-subalternizadas-volume-6\/","og_locale":"pt_BR","og_type":"article","og_title":"Educa\u00e7\u00e3o e Desenvolvimento: conhecimento, diversidade e culturas subalternizadas - Volume 6 - Pontes Editores","og_description":"O volume VI da colet\u00e2nea Educa\u00e7\u00e3o e desenvolvimento, re\u00fane textos resultados de pesquisas que exploram a tem\u00e1tica: Conhecimento, diversidade e culturas subalternizadas, instaurando um debate acerca das diversas culturas, desde a escola b\u00e1sica \u00e0 universidade, da constru\u00e7\u00e3o de identidades a partir das diferen\u00e7as e das contribui\u00e7\u00f5es dos povos subalternizados, no interior da Cole\u00e7\u00e3o &#8220;Forma\u00e7\u00e3o e [&hellip;]","og_url":"https:\/\/ponteseditores.com.br\/loja3\/pontes-editores-home-2__trashed\/uncategorized\/educacao-e-desenvolvimento-conhecimento-diversidade-e-culturas-subalternizadas-volume-6\/","og_site_name":"Pontes Editores","og_image":[{"width":1728,"height":2443,"url":"https:\/\/ponteseditores.com.br\/loja3\/wp-content\/uploads\/2023\/12\/Capa_Educacao_Desenvolvimento-1.jpg","type":"image\/jpeg"}],"twitter_card":"summary_large_image","schema":{"@context":"https:\/\/schema.org","@graph":[{"@type":"WebPage","@id":"https:\/\/ponteseditores.com.br\/loja3\/pontes-editores-home-2__trashed\/uncategorized\/educacao-e-desenvolvimento-conhecimento-diversidade-e-culturas-subalternizadas-volume-6\/","url":"https:\/\/ponteseditores.com.br\/loja3\/pontes-editores-home-2__trashed\/uncategorized\/educacao-e-desenvolvimento-conhecimento-diversidade-e-culturas-subalternizadas-volume-6\/","name":"Educa\u00e7\u00e3o e Desenvolvimento: conhecimento, diversidade e culturas subalternizadas - Volume 6 - Pontes Editores","isPartOf":{"@id":"https:\/\/ponteseditores.com.br\/loja3\/#website"},"primaryImageOfPage":{"@id":"https:\/\/ponteseditores.com.br\/loja3\/pontes-editores-home-2__trashed\/uncategorized\/educacao-e-desenvolvimento-conhecimento-diversidade-e-culturas-subalternizadas-volume-6\/#primaryimage"},"image":{"@id":"https:\/\/ponteseditores.com.br\/loja3\/pontes-editores-home-2__trashed\/uncategorized\/educacao-e-desenvolvimento-conhecimento-diversidade-e-culturas-subalternizadas-volume-6\/#primaryimage"},"thumbnailUrl":"https:\/\/ponteseditores.com.br\/loja3\/wp-content\/uploads\/2023\/12\/Capa_Educacao_Desenvolvimento-1.jpg","datePublished":"2023-12-16T03:56:43+00:00","breadcrumb":{"@id":"https:\/\/ponteseditores.com.br\/loja3\/pontes-editores-home-2__trashed\/uncategorized\/educacao-e-desenvolvimento-conhecimento-diversidade-e-culturas-subalternizadas-volume-6\/#breadcrumb"},"inLanguage":"pt-BR","potentialAction":[{"@type":"ReadAction","target":["https:\/\/ponteseditores.com.br\/loja3\/pontes-editores-home-2__trashed\/uncategorized\/educacao-e-desenvolvimento-conhecimento-diversidade-e-culturas-subalternizadas-volume-6\/"]}]},{"@type":"ImageObject","inLanguage":"pt-BR","@id":"https:\/\/ponteseditores.com.br\/loja3\/pontes-editores-home-2__trashed\/uncategorized\/educacao-e-desenvolvimento-conhecimento-diversidade-e-culturas-subalternizadas-volume-6\/#primaryimage","url":"https:\/\/ponteseditores.com.br\/loja3\/wp-content\/uploads\/2023\/12\/Capa_Educacao_Desenvolvimento-1.jpg","contentUrl":"https:\/\/ponteseditores.com.br\/loja3\/wp-content\/uploads\/2023\/12\/Capa_Educacao_Desenvolvimento-1.jpg","width":1728,"height":2443},{"@type":"BreadcrumbList","@id":"https:\/\/ponteseditores.com.br\/loja3\/pontes-editores-home-2__trashed\/uncategorized\/educacao-e-desenvolvimento-conhecimento-diversidade-e-culturas-subalternizadas-volume-6\/#breadcrumb","itemListElement":[{"@type":"ListItem","position":1,"name":"Home","item":"https:\/\/ponteseditores.com.br\/loja3\/"},{"@type":"ListItem","position":2,"name":"loja","item":"https:\/\/ponteseditores.com.br\/loja3\/loja\/"},{"@type":"ListItem","position":3,"name":"Educa\u00e7\u00e3o e Desenvolvimento: conhecimento, diversidade e culturas subalternizadas &#8211; Volume 6"}]},{"@type":"WebSite","@id":"https:\/\/ponteseditores.com.br\/loja3\/#website","url":"https:\/\/ponteseditores.com.br\/loja3\/","name":"Pontes Editores","description":"Pontes Editores","publisher":{"@id":"https:\/\/ponteseditores.com.br\/loja3\/#organization"},"potentialAction":[{"@type":"SearchAction","target":{"@type":"EntryPoint","urlTemplate":"https:\/\/ponteseditores.com.br\/loja3\/?s={search_term_string}"},"query-input":{"@type":"PropertyValueSpecification","valueRequired":true,"valueName":"search_term_string"}}],"inLanguage":"pt-BR"},{"@type":"Organization","@id":"https:\/\/ponteseditores.com.br\/loja3\/#organization","name":"Pontes Editores","url":"https:\/\/ponteseditores.com.br\/loja3\/","logo":{"@type":"ImageObject","inLanguage":"pt-BR","@id":"https:\/\/ponteseditores.com.br\/loja3\/#\/schema\/logo\/image\/","url":"https:\/\/ponteseditores.com.br\/loja3\/wp-content\/uploads\/2023\/12\/logo-pontes-editores-v2.png","contentUrl":"https:\/\/ponteseditores.com.br\/loja3\/wp-content\/uploads\/2023\/12\/logo-pontes-editores-v2.png","width":258,"height":100,"caption":"Pontes Editores"},"image":{"@id":"https:\/\/ponteseditores.com.br\/loja3\/#\/schema\/logo\/image\/"}}]}},"_links":{"self":[{"href":"https:\/\/ponteseditores.com.br\/loja3\/wp-json\/wp\/v2\/product\/8536","targetHints":{"allow":["GET"]}}],"collection":[{"href":"https:\/\/ponteseditores.com.br\/loja3\/wp-json\/wp\/v2\/product"}],"about":[{"href":"https:\/\/ponteseditores.com.br\/loja3\/wp-json\/wp\/v2\/types\/product"}],"replies":[{"embeddable":true,"href":"https:\/\/ponteseditores.com.br\/loja3\/wp-json\/wp\/v2\/comments?post=8536"}],"version-history":[{"count":0,"href":"https:\/\/ponteseditores.com.br\/loja3\/wp-json\/wp\/v2\/product\/8536\/revisions"}],"wp:featuredmedia":[{"embeddable":true,"href":"https:\/\/ponteseditores.com.br\/loja3\/wp-json\/wp\/v2\/media\/8535"}],"wp:attachment":[{"href":"https:\/\/ponteseditores.com.br\/loja3\/wp-json\/wp\/v2\/media?parent=8536"}],"wp:term":[{"taxonomy":"product_brand","embeddable":true,"href":"https:\/\/ponteseditores.com.br\/loja3\/wp-json\/wp\/v2\/product_brand?post=8536"},{"taxonomy":"product_cat","embeddable":true,"href":"https:\/\/ponteseditores.com.br\/loja3\/wp-json\/wp\/v2\/product_cat?post=8536"},{"taxonomy":"product_tag","embeddable":true,"href":"https:\/\/ponteseditores.com.br\/loja3\/wp-json\/wp\/v2\/product_tag?post=8536"}],"curies":[{"name":"wp","href":"https:\/\/api.w.org\/{rel}","templated":true}]}}