{"id":8521,"date":"2023-12-16T00:34:06","date_gmt":"2023-12-16T03:34:06","guid":{"rendered":"https:\/\/ponteseditores.com.br\/loja3\/pontes-editores-home-2__trashed\/sem categoria\/relacoes-de-poder-na-escola-emocao-e-razao-diarios-de-itinerancia-ii\/"},"modified":"2023-12-16T00:34:06","modified_gmt":"2023-12-16T03:34:06","slug":"relacoes-de-poder-na-escola-emocao-e-razao-diarios-de-itinerancia-ii","status":"publish","type":"product","link":"https:\/\/ponteseditores.com.br\/loja3\/pontes-editores-home-2__trashed\/uncategorized\/relacoes-de-poder-na-escola-emocao-e-razao-diarios-de-itinerancia-ii\/","title":{"rendered":"Rela\u00e7\u00f5es de poder na escola: emo\u00e7\u00e3o e raz\u00e3o &#8211; Di\u00e1rios de Itiner\u00e2ncia &#8211; II"},"content":{"rendered":"<p>Os textos reunidos neste livro foram escritos por mestrandos do Programa de Educa\u00e7\u00e3o: Forma\u00e7\u00e3o de Formadores da PUC-SP. Trata-se do Volume II de uma obra pensada para apoiar profissionais que atuam na importante tarefa que \u00e9 a forma\u00e7\u00e3o docente. Independentemente do segmento de atua\u00e7\u00e3o, lan\u00e7ar m\u00e3o de boas estrat\u00e9gias formativas n\u00e3o \u00e9 uma tarefa f\u00e1cil, sobretudo associando teoria e pr\u00e1tica de maneira reflexiva. O Di\u00e1rio de Itiner\u00e2ncia \u00e9 uma estrat\u00e9gia potente, pois amplia a consci\u00eancia do formando sobre si mesmo, seu fazer e sobre sua profiss\u00e3o.<\/p>\n","protected":false},"excerpt":{"rendered":"<p>Os textos reunidos neste livro foram escritos por mestrandos do Programa de Educa\u00e7\u00e3o: Forma\u00e7\u00e3o de Formadores da PUC-SP. Trata-se do Volume II de uma obra pensada para apoiar profissionais que atuam na importante tarefa que \u00e9 a forma\u00e7\u00e3o docente. Independentemente do segmento de atua\u00e7\u00e3o, lan\u00e7ar m\u00e3o de boas estrat\u00e9gias formativas n\u00e3o \u00e9 uma tarefa f\u00e1cil, [&hellip;]<\/p>\n","protected":false},"featured_media":8520,"comment_status":"open","ping_status":"closed","template":"","meta":{"_joinchat":[]},"product_brand":[],"product_cat":[15],"product_tag":[],"class_list":{"0":"post-8521","1":"product","2":"type-product","3":"status-publish","4":"has-post-thumbnail","6":"product_cat-uncategorized","8":"first","9":"instock","10":"shipping-taxable","11":"purchasable","12":"product-type-simple"},"yoast_head":"<!-- This site is optimized with the Yoast SEO plugin v27.4 - https:\/\/yoast.com\/product\/yoast-seo-wordpress\/ -->\n<title>Rela\u00e7\u00f5es de poder na escola: emo\u00e7\u00e3o e raz\u00e3o - Di\u00e1rios de Itiner\u00e2ncia - II - Pontes Editores<\/title>\n<meta name=\"robots\" content=\"index, follow, max-snippet:-1, max-image-preview:large, max-video-preview:-1\" \/>\n<link rel=\"canonical\" href=\"https:\/\/ponteseditores.com.br\/loja3\/pontes-editores-home-2__trashed\/uncategorized\/relacoes-de-poder-na-escola-emocao-e-razao-diarios-de-itinerancia-ii\/\" \/>\n<meta property=\"og:locale\" content=\"pt_BR\" \/>\n<meta property=\"og:type\" content=\"article\" \/>\n<meta property=\"og:title\" content=\"Rela\u00e7\u00f5es de poder na escola: emo\u00e7\u00e3o e raz\u00e3o - Di\u00e1rios de Itiner\u00e2ncia - II - Pontes Editores\" \/>\n<meta property=\"og:description\" content=\"Os textos reunidos neste livro foram escritos por mestrandos do Programa de Educa\u00e7\u00e3o: Forma\u00e7\u00e3o de Formadores da PUC-SP. Trata-se do Volume II de uma obra pensada para apoiar profissionais que atuam na importante tarefa que \u00e9 a forma\u00e7\u00e3o docente. Independentemente do segmento de atua\u00e7\u00e3o, lan\u00e7ar m\u00e3o de boas estrat\u00e9gias formativas n\u00e3o \u00e9 uma tarefa f\u00e1cil, [&hellip;]\" \/>\n<meta property=\"og:url\" content=\"https:\/\/ponteseditores.com.br\/loja3\/pontes-editores-home-2__trashed\/uncategorized\/relacoes-de-poder-na-escola-emocao-e-razao-diarios-de-itinerancia-ii\/\" \/>\n<meta property=\"og:site_name\" content=\"Pontes Editores\" \/>\n<meta property=\"og:image\" content=\"https:\/\/ponteseditores.com.br\/loja3\/wp-content\/uploads\/2023\/12\/Capa_Reflexoes-1.jpg\" \/>\n\t<meta property=\"og:image:width\" content=\"1728\" \/>\n\t<meta property=\"og:image:height\" content=\"2443\" \/>\n\t<meta property=\"og:image:type\" content=\"image\/jpeg\" \/>\n<meta name=\"twitter:card\" content=\"summary_large_image\" \/>\n<script type=\"application\/ld+json\" class=\"yoast-schema-graph\">{\"@context\":\"https:\\\/\\\/schema.org\",\"@graph\":[{\"@type\":\"WebPage\",\"@id\":\"https:\\\/\\\/ponteseditores.com.br\\\/loja3\\\/pontes-editores-home-2__trashed\\\/uncategorized\\\/relacoes-de-poder-na-escola-emocao-e-razao-diarios-de-itinerancia-ii\\\/\",\"url\":\"https:\\\/\\\/ponteseditores.com.br\\\/loja3\\\/pontes-editores-home-2__trashed\\\/uncategorized\\\/relacoes-de-poder-na-escola-emocao-e-razao-diarios-de-itinerancia-ii\\\/\",\"name\":\"Rela\u00e7\u00f5es de poder na escola: emo\u00e7\u00e3o e raz\u00e3o - Di\u00e1rios de Itiner\u00e2ncia - II - Pontes Editores\",\"isPartOf\":{\"@id\":\"https:\\\/\\\/ponteseditores.com.br\\\/loja3\\\/#website\"},\"primaryImageOfPage\":{\"@id\":\"https:\\\/\\\/ponteseditores.com.br\\\/loja3\\\/pontes-editores-home-2__trashed\\\/uncategorized\\\/relacoes-de-poder-na-escola-emocao-e-razao-diarios-de-itinerancia-ii\\\/#primaryimage\"},\"image\":{\"@id\":\"https:\\\/\\\/ponteseditores.com.br\\\/loja3\\\/pontes-editores-home-2__trashed\\\/uncategorized\\\/relacoes-de-poder-na-escola-emocao-e-razao-diarios-de-itinerancia-ii\\\/#primaryimage\"},\"thumbnailUrl\":\"https:\\\/\\\/ponteseditores.com.br\\\/loja3\\\/wp-content\\\/uploads\\\/2023\\\/12\\\/Capa_Reflexoes-1.jpg\",\"datePublished\":\"2023-12-16T03:34:06+00:00\",\"breadcrumb\":{\"@id\":\"https:\\\/\\\/ponteseditores.com.br\\\/loja3\\\/pontes-editores-home-2__trashed\\\/uncategorized\\\/relacoes-de-poder-na-escola-emocao-e-razao-diarios-de-itinerancia-ii\\\/#breadcrumb\"},\"inLanguage\":\"pt-BR\",\"potentialAction\":[{\"@type\":\"ReadAction\",\"target\":[\"https:\\\/\\\/ponteseditores.com.br\\\/loja3\\\/pontes-editores-home-2__trashed\\\/uncategorized\\\/relacoes-de-poder-na-escola-emocao-e-razao-diarios-de-itinerancia-ii\\\/\"]}]},{\"@type\":\"ImageObject\",\"inLanguage\":\"pt-BR\",\"@id\":\"https:\\\/\\\/ponteseditores.com.br\\\/loja3\\\/pontes-editores-home-2__trashed\\\/uncategorized\\\/relacoes-de-poder-na-escola-emocao-e-razao-diarios-de-itinerancia-ii\\\/#primaryimage\",\"url\":\"https:\\\/\\\/ponteseditores.com.br\\\/loja3\\\/wp-content\\\/uploads\\\/2023\\\/12\\\/Capa_Reflexoes-1.jpg\",\"contentUrl\":\"https:\\\/\\\/ponteseditores.com.br\\\/loja3\\\/wp-content\\\/uploads\\\/2023\\\/12\\\/Capa_Reflexoes-1.jpg\",\"width\":1728,\"height\":2443},{\"@type\":\"BreadcrumbList\",\"@id\":\"https:\\\/\\\/ponteseditores.com.br\\\/loja3\\\/pontes-editores-home-2__trashed\\\/uncategorized\\\/relacoes-de-poder-na-escola-emocao-e-razao-diarios-de-itinerancia-ii\\\/#breadcrumb\",\"itemListElement\":[{\"@type\":\"ListItem\",\"position\":1,\"name\":\"Home\",\"item\":\"https:\\\/\\\/ponteseditores.com.br\\\/loja3\\\/\"},{\"@type\":\"ListItem\",\"position\":2,\"name\":\"loja\",\"item\":\"https:\\\/\\\/ponteseditores.com.br\\\/loja3\\\/loja\\\/\"},{\"@type\":\"ListItem\",\"position\":3,\"name\":\"Rela\u00e7\u00f5es de poder na escola: emo\u00e7\u00e3o e raz\u00e3o &#8211; Di\u00e1rios de Itiner\u00e2ncia &#8211; II\"}]},{\"@type\":\"WebSite\",\"@id\":\"https:\\\/\\\/ponteseditores.com.br\\\/loja3\\\/#website\",\"url\":\"https:\\\/\\\/ponteseditores.com.br\\\/loja3\\\/\",\"name\":\"Pontes Editores\",\"description\":\"Pontes Editores\",\"publisher\":{\"@id\":\"https:\\\/\\\/ponteseditores.com.br\\\/loja3\\\/#organization\"},\"potentialAction\":[{\"@type\":\"SearchAction\",\"target\":{\"@type\":\"EntryPoint\",\"urlTemplate\":\"https:\\\/\\\/ponteseditores.com.br\\\/loja3\\\/?s={search_term_string}\"},\"query-input\":{\"@type\":\"PropertyValueSpecification\",\"valueRequired\":true,\"valueName\":\"search_term_string\"}}],\"inLanguage\":\"pt-BR\"},{\"@type\":\"Organization\",\"@id\":\"https:\\\/\\\/ponteseditores.com.br\\\/loja3\\\/#organization\",\"name\":\"Pontes Editores\",\"url\":\"https:\\\/\\\/ponteseditores.com.br\\\/loja3\\\/\",\"logo\":{\"@type\":\"ImageObject\",\"inLanguage\":\"pt-BR\",\"@id\":\"https:\\\/\\\/ponteseditores.com.br\\\/loja3\\\/#\\\/schema\\\/logo\\\/image\\\/\",\"url\":\"https:\\\/\\\/ponteseditores.com.br\\\/loja3\\\/wp-content\\\/uploads\\\/2023\\\/12\\\/logo-pontes-editores-v2.png\",\"contentUrl\":\"https:\\\/\\\/ponteseditores.com.br\\\/loja3\\\/wp-content\\\/uploads\\\/2023\\\/12\\\/logo-pontes-editores-v2.png\",\"width\":258,\"height\":100,\"caption\":\"Pontes Editores\"},\"image\":{\"@id\":\"https:\\\/\\\/ponteseditores.com.br\\\/loja3\\\/#\\\/schema\\\/logo\\\/image\\\/\"}}]}<\/script>\n<!-- \/ Yoast SEO plugin. -->","yoast_head_json":{"title":"Rela\u00e7\u00f5es de poder na escola: emo\u00e7\u00e3o e raz\u00e3o - Di\u00e1rios de Itiner\u00e2ncia - II - Pontes Editores","robots":{"index":"index","follow":"follow","max-snippet":"max-snippet:-1","max-image-preview":"max-image-preview:large","max-video-preview":"max-video-preview:-1"},"canonical":"https:\/\/ponteseditores.com.br\/loja3\/pontes-editores-home-2__trashed\/uncategorized\/relacoes-de-poder-na-escola-emocao-e-razao-diarios-de-itinerancia-ii\/","og_locale":"pt_BR","og_type":"article","og_title":"Rela\u00e7\u00f5es de poder na escola: emo\u00e7\u00e3o e raz\u00e3o - Di\u00e1rios de Itiner\u00e2ncia - II - Pontes Editores","og_description":"Os textos reunidos neste livro foram escritos por mestrandos do Programa de Educa\u00e7\u00e3o: Forma\u00e7\u00e3o de Formadores da PUC-SP. Trata-se do Volume II de uma obra pensada para apoiar profissionais que atuam na importante tarefa que \u00e9 a forma\u00e7\u00e3o docente. Independentemente do segmento de atua\u00e7\u00e3o, lan\u00e7ar m\u00e3o de boas estrat\u00e9gias formativas n\u00e3o \u00e9 uma tarefa f\u00e1cil, [&hellip;]","og_url":"https:\/\/ponteseditores.com.br\/loja3\/pontes-editores-home-2__trashed\/uncategorized\/relacoes-de-poder-na-escola-emocao-e-razao-diarios-de-itinerancia-ii\/","og_site_name":"Pontes Editores","og_image":[{"width":1728,"height":2443,"url":"https:\/\/ponteseditores.com.br\/loja3\/wp-content\/uploads\/2023\/12\/Capa_Reflexoes-1.jpg","type":"image\/jpeg"}],"twitter_card":"summary_large_image","schema":{"@context":"https:\/\/schema.org","@graph":[{"@type":"WebPage","@id":"https:\/\/ponteseditores.com.br\/loja3\/pontes-editores-home-2__trashed\/uncategorized\/relacoes-de-poder-na-escola-emocao-e-razao-diarios-de-itinerancia-ii\/","url":"https:\/\/ponteseditores.com.br\/loja3\/pontes-editores-home-2__trashed\/uncategorized\/relacoes-de-poder-na-escola-emocao-e-razao-diarios-de-itinerancia-ii\/","name":"Rela\u00e7\u00f5es de poder na escola: emo\u00e7\u00e3o e raz\u00e3o - Di\u00e1rios de Itiner\u00e2ncia - II - Pontes Editores","isPartOf":{"@id":"https:\/\/ponteseditores.com.br\/loja3\/#website"},"primaryImageOfPage":{"@id":"https:\/\/ponteseditores.com.br\/loja3\/pontes-editores-home-2__trashed\/uncategorized\/relacoes-de-poder-na-escola-emocao-e-razao-diarios-de-itinerancia-ii\/#primaryimage"},"image":{"@id":"https:\/\/ponteseditores.com.br\/loja3\/pontes-editores-home-2__trashed\/uncategorized\/relacoes-de-poder-na-escola-emocao-e-razao-diarios-de-itinerancia-ii\/#primaryimage"},"thumbnailUrl":"https:\/\/ponteseditores.com.br\/loja3\/wp-content\/uploads\/2023\/12\/Capa_Reflexoes-1.jpg","datePublished":"2023-12-16T03:34:06+00:00","breadcrumb":{"@id":"https:\/\/ponteseditores.com.br\/loja3\/pontes-editores-home-2__trashed\/uncategorized\/relacoes-de-poder-na-escola-emocao-e-razao-diarios-de-itinerancia-ii\/#breadcrumb"},"inLanguage":"pt-BR","potentialAction":[{"@type":"ReadAction","target":["https:\/\/ponteseditores.com.br\/loja3\/pontes-editores-home-2__trashed\/uncategorized\/relacoes-de-poder-na-escola-emocao-e-razao-diarios-de-itinerancia-ii\/"]}]},{"@type":"ImageObject","inLanguage":"pt-BR","@id":"https:\/\/ponteseditores.com.br\/loja3\/pontes-editores-home-2__trashed\/uncategorized\/relacoes-de-poder-na-escola-emocao-e-razao-diarios-de-itinerancia-ii\/#primaryimage","url":"https:\/\/ponteseditores.com.br\/loja3\/wp-content\/uploads\/2023\/12\/Capa_Reflexoes-1.jpg","contentUrl":"https:\/\/ponteseditores.com.br\/loja3\/wp-content\/uploads\/2023\/12\/Capa_Reflexoes-1.jpg","width":1728,"height":2443},{"@type":"BreadcrumbList","@id":"https:\/\/ponteseditores.com.br\/loja3\/pontes-editores-home-2__trashed\/uncategorized\/relacoes-de-poder-na-escola-emocao-e-razao-diarios-de-itinerancia-ii\/#breadcrumb","itemListElement":[{"@type":"ListItem","position":1,"name":"Home","item":"https:\/\/ponteseditores.com.br\/loja3\/"},{"@type":"ListItem","position":2,"name":"loja","item":"https:\/\/ponteseditores.com.br\/loja3\/loja\/"},{"@type":"ListItem","position":3,"name":"Rela\u00e7\u00f5es de poder na escola: emo\u00e7\u00e3o e raz\u00e3o &#8211; Di\u00e1rios de Itiner\u00e2ncia &#8211; II"}]},{"@type":"WebSite","@id":"https:\/\/ponteseditores.com.br\/loja3\/#website","url":"https:\/\/ponteseditores.com.br\/loja3\/","name":"Pontes Editores","description":"Pontes Editores","publisher":{"@id":"https:\/\/ponteseditores.com.br\/loja3\/#organization"},"potentialAction":[{"@type":"SearchAction","target":{"@type":"EntryPoint","urlTemplate":"https:\/\/ponteseditores.com.br\/loja3\/?s={search_term_string}"},"query-input":{"@type":"PropertyValueSpecification","valueRequired":true,"valueName":"search_term_string"}}],"inLanguage":"pt-BR"},{"@type":"Organization","@id":"https:\/\/ponteseditores.com.br\/loja3\/#organization","name":"Pontes Editores","url":"https:\/\/ponteseditores.com.br\/loja3\/","logo":{"@type":"ImageObject","inLanguage":"pt-BR","@id":"https:\/\/ponteseditores.com.br\/loja3\/#\/schema\/logo\/image\/","url":"https:\/\/ponteseditores.com.br\/loja3\/wp-content\/uploads\/2023\/12\/logo-pontes-editores-v2.png","contentUrl":"https:\/\/ponteseditores.com.br\/loja3\/wp-content\/uploads\/2023\/12\/logo-pontes-editores-v2.png","width":258,"height":100,"caption":"Pontes Editores"},"image":{"@id":"https:\/\/ponteseditores.com.br\/loja3\/#\/schema\/logo\/image\/"}}]}},"_links":{"self":[{"href":"https:\/\/ponteseditores.com.br\/loja3\/wp-json\/wp\/v2\/product\/8521","targetHints":{"allow":["GET"]}}],"collection":[{"href":"https:\/\/ponteseditores.com.br\/loja3\/wp-json\/wp\/v2\/product"}],"about":[{"href":"https:\/\/ponteseditores.com.br\/loja3\/wp-json\/wp\/v2\/types\/product"}],"replies":[{"embeddable":true,"href":"https:\/\/ponteseditores.com.br\/loja3\/wp-json\/wp\/v2\/comments?post=8521"}],"version-history":[{"count":0,"href":"https:\/\/ponteseditores.com.br\/loja3\/wp-json\/wp\/v2\/product\/8521\/revisions"}],"wp:featuredmedia":[{"embeddable":true,"href":"https:\/\/ponteseditores.com.br\/loja3\/wp-json\/wp\/v2\/media\/8520"}],"wp:attachment":[{"href":"https:\/\/ponteseditores.com.br\/loja3\/wp-json\/wp\/v2\/media?parent=8521"}],"wp:term":[{"taxonomy":"product_brand","embeddable":true,"href":"https:\/\/ponteseditores.com.br\/loja3\/wp-json\/wp\/v2\/product_brand?post=8521"},{"taxonomy":"product_cat","embeddable":true,"href":"https:\/\/ponteseditores.com.br\/loja3\/wp-json\/wp\/v2\/product_cat?post=8521"},{"taxonomy":"product_tag","embeddable":true,"href":"https:\/\/ponteseditores.com.br\/loja3\/wp-json\/wp\/v2\/product_tag?post=8521"}],"curies":[{"name":"wp","href":"https:\/\/api.w.org\/{rel}","templated":true}]}}