{"id":8519,"date":"2023-12-16T00:33:32","date_gmt":"2023-12-16T03:33:32","guid":{"rendered":"https:\/\/ponteseditores.com.br\/loja3\/pontes-editores-home-2__trashed\/sem categoria\/o-humanismo-etico-de-paulo-freire-impactos-na-configuracao-de-estudos-sobre-linguagem-e-ensino\/"},"modified":"2023-12-16T00:33:32","modified_gmt":"2023-12-16T03:33:32","slug":"o-humanismo-etico-de-paulo-freire-impactos-na-configuracao-de-estudos-sobre-linguagem-e-ensino","status":"publish","type":"product","link":"https:\/\/ponteseditores.com.br\/loja3\/pontes-editores-home-2__trashed\/uncategorized\/o-humanismo-etico-de-paulo-freire-impactos-na-configuracao-de-estudos-sobre-linguagem-e-ensino\/","title":{"rendered":"O humanismo \u00e9tico de Paulo Freire: impactos na configura\u00e7\u00e3o de estudos sobre linguagem e ensino"},"content":{"rendered":"<p>No ano do centen\u00e1rio de Paulo Freire, propomos uma homenagem em forma de publica\u00e7\u00e3o de resultados de pesquisas e experi\u00eancias vivenciadas na Lingu\u00edstica Aplicada e na Educa\u00e7\u00e3o, cujo ponto de encontro se d\u00e1 na interpreta\u00e7\u00e3o do pensamento desse grande educador brasileiro sobre a rela\u00e7\u00e3o entre linguagem e poder. Partindo de sua concep\u00e7\u00e3o de educa\u00e7\u00e3o como ato pol\u00edtico, nosso objetivo \u00e9 promover a reflex\u00e3o acerca das contribui\u00e7\u00f5es oferecidas pelo pensamento do mais ilustre educador do Brasil \u00e0s pesquisas que focalizam o trabalho com pr\u00e1ticas de linguagem em diferentes contextos, com \u00eanfase nas quest\u00f5es de ensino e de aprendizagem. Para al\u00e9m do reconhecimento da import\u00e2ncia de sua obra, a nossa homenagem tamb\u00e9m representa uma forma de resist\u00eancia diante do descaso que a educa\u00e7\u00e3o e a ci\u00eancia vivenciam atualmente, no Brasil.<\/p>\n<p>Este livro provoca o leitor a pensar sobre a atualidade do pensamento de Paulo Freire e suas contribui\u00e7\u00f5es para a Lingu\u00edstica Aplicada e para a Educa\u00e7\u00e3o sob, pelo menos, tr\u00eas dimens\u00f5es: epistemol\u00f3gica, pol\u00edtica e te\u00f3rico-metodol\u00f3gica. O fio condutor desse entrela\u00e7ar \u00e9 a linguagem e seus usos em pr\u00e1ticas sociais. Alinhados ao pensamento freireano, em cada cap\u00edtulo, vemos a educa\u00e7\u00e3o como ato de conhecimento e liberta\u00e7\u00e3o, numa vis\u00e3o dial\u00f3gica e ideol\u00f3gica. Vislumbramos, com Freire iluminando o caminho, a humaniza\u00e7\u00e3o como voca\u00e7\u00e3o ontol\u00f3gica do ser humano e a esperan\u00e7a como seu imperativo existencial.<\/p>\n","protected":false},"excerpt":{"rendered":"<p>No ano do centen\u00e1rio de Paulo Freire, propomos uma homenagem em forma de publica\u00e7\u00e3o de resultados de pesquisas e experi\u00eancias vivenciadas na Lingu\u00edstica Aplicada e na Educa\u00e7\u00e3o, cujo ponto de encontro se d\u00e1 na interpreta\u00e7\u00e3o do pensamento desse grande educador brasileiro sobre a rela\u00e7\u00e3o entre linguagem e poder. Partindo de sua concep\u00e7\u00e3o de educa\u00e7\u00e3o como [&hellip;]<\/p>\n","protected":false},"featured_media":8518,"comment_status":"open","ping_status":"closed","template":"","meta":{"_joinchat":[]},"product_brand":[],"product_cat":[15],"product_tag":[],"class_list":{"0":"post-8519","1":"product","2":"type-product","3":"status-publish","4":"has-post-thumbnail","6":"product_cat-uncategorized","8":"first","9":"instock","10":"shipping-taxable","11":"purchasable","12":"product-type-simple"},"yoast_head":"<!-- This site is optimized with the Yoast SEO plugin v27.4 - https:\/\/yoast.com\/product\/yoast-seo-wordpress\/ -->\n<title>O humanismo \u00e9tico de Paulo Freire: impactos na configura\u00e7\u00e3o de estudos sobre linguagem e ensino - Pontes Editores<\/title>\n<meta name=\"robots\" content=\"index, follow, max-snippet:-1, max-image-preview:large, max-video-preview:-1\" \/>\n<link rel=\"canonical\" href=\"https:\/\/ponteseditores.com.br\/loja3\/pontes-editores-home-2__trashed\/uncategorized\/o-humanismo-etico-de-paulo-freire-impactos-na-configuracao-de-estudos-sobre-linguagem-e-ensino\/\" \/>\n<meta property=\"og:locale\" content=\"pt_BR\" \/>\n<meta property=\"og:type\" content=\"article\" \/>\n<meta property=\"og:title\" content=\"O humanismo \u00e9tico de Paulo Freire: impactos na configura\u00e7\u00e3o de estudos sobre linguagem e ensino - Pontes Editores\" \/>\n<meta property=\"og:description\" content=\"No ano do centen\u00e1rio de Paulo Freire, propomos uma homenagem em forma de publica\u00e7\u00e3o de resultados de pesquisas e experi\u00eancias vivenciadas na Lingu\u00edstica Aplicada e na Educa\u00e7\u00e3o, cujo ponto de encontro se d\u00e1 na interpreta\u00e7\u00e3o do pensamento desse grande educador brasileiro sobre a rela\u00e7\u00e3o entre linguagem e poder. Partindo de sua concep\u00e7\u00e3o de educa\u00e7\u00e3o como [&hellip;]\" \/>\n<meta property=\"og:url\" content=\"https:\/\/ponteseditores.com.br\/loja3\/pontes-editores-home-2__trashed\/uncategorized\/o-humanismo-etico-de-paulo-freire-impactos-na-configuracao-de-estudos-sobre-linguagem-e-ensino\/\" \/>\n<meta property=\"og:site_name\" content=\"Pontes Editores\" \/>\n<meta property=\"og:image\" content=\"https:\/\/ponteseditores.com.br\/loja3\/wp-content\/uploads\/2023\/12\/Capa_Humanismo-1.jpg\" \/>\n\t<meta property=\"og:image:width\" content=\"1728\" \/>\n\t<meta property=\"og:image:height\" content=\"2443\" \/>\n\t<meta property=\"og:image:type\" content=\"image\/jpeg\" \/>\n<meta name=\"twitter:card\" content=\"summary_large_image\" \/>\n<meta name=\"twitter:label1\" content=\"Est. tempo de leitura\" \/>\n\t<meta name=\"twitter:data1\" content=\"1 minuto\" \/>\n<script type=\"application\/ld+json\" class=\"yoast-schema-graph\">{\"@context\":\"https:\\\/\\\/schema.org\",\"@graph\":[{\"@type\":\"WebPage\",\"@id\":\"https:\\\/\\\/ponteseditores.com.br\\\/loja3\\\/pontes-editores-home-2__trashed\\\/uncategorized\\\/o-humanismo-etico-de-paulo-freire-impactos-na-configuracao-de-estudos-sobre-linguagem-e-ensino\\\/\",\"url\":\"https:\\\/\\\/ponteseditores.com.br\\\/loja3\\\/pontes-editores-home-2__trashed\\\/uncategorized\\\/o-humanismo-etico-de-paulo-freire-impactos-na-configuracao-de-estudos-sobre-linguagem-e-ensino\\\/\",\"name\":\"O humanismo \u00e9tico de Paulo Freire: impactos na configura\u00e7\u00e3o de estudos sobre linguagem e ensino - Pontes Editores\",\"isPartOf\":{\"@id\":\"https:\\\/\\\/ponteseditores.com.br\\\/loja3\\\/#website\"},\"primaryImageOfPage\":{\"@id\":\"https:\\\/\\\/ponteseditores.com.br\\\/loja3\\\/pontes-editores-home-2__trashed\\\/uncategorized\\\/o-humanismo-etico-de-paulo-freire-impactos-na-configuracao-de-estudos-sobre-linguagem-e-ensino\\\/#primaryimage\"},\"image\":{\"@id\":\"https:\\\/\\\/ponteseditores.com.br\\\/loja3\\\/pontes-editores-home-2__trashed\\\/uncategorized\\\/o-humanismo-etico-de-paulo-freire-impactos-na-configuracao-de-estudos-sobre-linguagem-e-ensino\\\/#primaryimage\"},\"thumbnailUrl\":\"https:\\\/\\\/ponteseditores.com.br\\\/loja3\\\/wp-content\\\/uploads\\\/2023\\\/12\\\/Capa_Humanismo-1.jpg\",\"datePublished\":\"2023-12-16T03:33:32+00:00\",\"breadcrumb\":{\"@id\":\"https:\\\/\\\/ponteseditores.com.br\\\/loja3\\\/pontes-editores-home-2__trashed\\\/uncategorized\\\/o-humanismo-etico-de-paulo-freire-impactos-na-configuracao-de-estudos-sobre-linguagem-e-ensino\\\/#breadcrumb\"},\"inLanguage\":\"pt-BR\",\"potentialAction\":[{\"@type\":\"ReadAction\",\"target\":[\"https:\\\/\\\/ponteseditores.com.br\\\/loja3\\\/pontes-editores-home-2__trashed\\\/uncategorized\\\/o-humanismo-etico-de-paulo-freire-impactos-na-configuracao-de-estudos-sobre-linguagem-e-ensino\\\/\"]}]},{\"@type\":\"ImageObject\",\"inLanguage\":\"pt-BR\",\"@id\":\"https:\\\/\\\/ponteseditores.com.br\\\/loja3\\\/pontes-editores-home-2__trashed\\\/uncategorized\\\/o-humanismo-etico-de-paulo-freire-impactos-na-configuracao-de-estudos-sobre-linguagem-e-ensino\\\/#primaryimage\",\"url\":\"https:\\\/\\\/ponteseditores.com.br\\\/loja3\\\/wp-content\\\/uploads\\\/2023\\\/12\\\/Capa_Humanismo-1.jpg\",\"contentUrl\":\"https:\\\/\\\/ponteseditores.com.br\\\/loja3\\\/wp-content\\\/uploads\\\/2023\\\/12\\\/Capa_Humanismo-1.jpg\",\"width\":1728,\"height\":2443},{\"@type\":\"BreadcrumbList\",\"@id\":\"https:\\\/\\\/ponteseditores.com.br\\\/loja3\\\/pontes-editores-home-2__trashed\\\/uncategorized\\\/o-humanismo-etico-de-paulo-freire-impactos-na-configuracao-de-estudos-sobre-linguagem-e-ensino\\\/#breadcrumb\",\"itemListElement\":[{\"@type\":\"ListItem\",\"position\":1,\"name\":\"Home\",\"item\":\"https:\\\/\\\/ponteseditores.com.br\\\/loja3\\\/\"},{\"@type\":\"ListItem\",\"position\":2,\"name\":\"loja\",\"item\":\"https:\\\/\\\/ponteseditores.com.br\\\/loja3\\\/loja\\\/\"},{\"@type\":\"ListItem\",\"position\":3,\"name\":\"O humanismo \u00e9tico de Paulo Freire: impactos na configura\u00e7\u00e3o de estudos sobre linguagem e ensino\"}]},{\"@type\":\"WebSite\",\"@id\":\"https:\\\/\\\/ponteseditores.com.br\\\/loja3\\\/#website\",\"url\":\"https:\\\/\\\/ponteseditores.com.br\\\/loja3\\\/\",\"name\":\"Pontes Editores\",\"description\":\"Pontes Editores\",\"publisher\":{\"@id\":\"https:\\\/\\\/ponteseditores.com.br\\\/loja3\\\/#organization\"},\"potentialAction\":[{\"@type\":\"SearchAction\",\"target\":{\"@type\":\"EntryPoint\",\"urlTemplate\":\"https:\\\/\\\/ponteseditores.com.br\\\/loja3\\\/?s={search_term_string}\"},\"query-input\":{\"@type\":\"PropertyValueSpecification\",\"valueRequired\":true,\"valueName\":\"search_term_string\"}}],\"inLanguage\":\"pt-BR\"},{\"@type\":\"Organization\",\"@id\":\"https:\\\/\\\/ponteseditores.com.br\\\/loja3\\\/#organization\",\"name\":\"Pontes Editores\",\"url\":\"https:\\\/\\\/ponteseditores.com.br\\\/loja3\\\/\",\"logo\":{\"@type\":\"ImageObject\",\"inLanguage\":\"pt-BR\",\"@id\":\"https:\\\/\\\/ponteseditores.com.br\\\/loja3\\\/#\\\/schema\\\/logo\\\/image\\\/\",\"url\":\"https:\\\/\\\/ponteseditores.com.br\\\/loja3\\\/wp-content\\\/uploads\\\/2023\\\/12\\\/logo-pontes-editores-v2.png\",\"contentUrl\":\"https:\\\/\\\/ponteseditores.com.br\\\/loja3\\\/wp-content\\\/uploads\\\/2023\\\/12\\\/logo-pontes-editores-v2.png\",\"width\":258,\"height\":100,\"caption\":\"Pontes Editores\"},\"image\":{\"@id\":\"https:\\\/\\\/ponteseditores.com.br\\\/loja3\\\/#\\\/schema\\\/logo\\\/image\\\/\"}}]}<\/script>\n<!-- \/ Yoast SEO plugin. -->","yoast_head_json":{"title":"O humanismo \u00e9tico de Paulo Freire: impactos na configura\u00e7\u00e3o de estudos sobre linguagem e ensino - Pontes Editores","robots":{"index":"index","follow":"follow","max-snippet":"max-snippet:-1","max-image-preview":"max-image-preview:large","max-video-preview":"max-video-preview:-1"},"canonical":"https:\/\/ponteseditores.com.br\/loja3\/pontes-editores-home-2__trashed\/uncategorized\/o-humanismo-etico-de-paulo-freire-impactos-na-configuracao-de-estudos-sobre-linguagem-e-ensino\/","og_locale":"pt_BR","og_type":"article","og_title":"O humanismo \u00e9tico de Paulo Freire: impactos na configura\u00e7\u00e3o de estudos sobre linguagem e ensino - Pontes Editores","og_description":"No ano do centen\u00e1rio de Paulo Freire, propomos uma homenagem em forma de publica\u00e7\u00e3o de resultados de pesquisas e experi\u00eancias vivenciadas na Lingu\u00edstica Aplicada e na Educa\u00e7\u00e3o, cujo ponto de encontro se d\u00e1 na interpreta\u00e7\u00e3o do pensamento desse grande educador brasileiro sobre a rela\u00e7\u00e3o entre linguagem e poder. Partindo de sua concep\u00e7\u00e3o de educa\u00e7\u00e3o como [&hellip;]","og_url":"https:\/\/ponteseditores.com.br\/loja3\/pontes-editores-home-2__trashed\/uncategorized\/o-humanismo-etico-de-paulo-freire-impactos-na-configuracao-de-estudos-sobre-linguagem-e-ensino\/","og_site_name":"Pontes Editores","og_image":[{"width":1728,"height":2443,"url":"https:\/\/ponteseditores.com.br\/loja3\/wp-content\/uploads\/2023\/12\/Capa_Humanismo-1.jpg","type":"image\/jpeg"}],"twitter_card":"summary_large_image","twitter_misc":{"Est. tempo de leitura":"1 minuto"},"schema":{"@context":"https:\/\/schema.org","@graph":[{"@type":"WebPage","@id":"https:\/\/ponteseditores.com.br\/loja3\/pontes-editores-home-2__trashed\/uncategorized\/o-humanismo-etico-de-paulo-freire-impactos-na-configuracao-de-estudos-sobre-linguagem-e-ensino\/","url":"https:\/\/ponteseditores.com.br\/loja3\/pontes-editores-home-2__trashed\/uncategorized\/o-humanismo-etico-de-paulo-freire-impactos-na-configuracao-de-estudos-sobre-linguagem-e-ensino\/","name":"O humanismo \u00e9tico de Paulo Freire: impactos na configura\u00e7\u00e3o de estudos sobre linguagem e ensino - Pontes Editores","isPartOf":{"@id":"https:\/\/ponteseditores.com.br\/loja3\/#website"},"primaryImageOfPage":{"@id":"https:\/\/ponteseditores.com.br\/loja3\/pontes-editores-home-2__trashed\/uncategorized\/o-humanismo-etico-de-paulo-freire-impactos-na-configuracao-de-estudos-sobre-linguagem-e-ensino\/#primaryimage"},"image":{"@id":"https:\/\/ponteseditores.com.br\/loja3\/pontes-editores-home-2__trashed\/uncategorized\/o-humanismo-etico-de-paulo-freire-impactos-na-configuracao-de-estudos-sobre-linguagem-e-ensino\/#primaryimage"},"thumbnailUrl":"https:\/\/ponteseditores.com.br\/loja3\/wp-content\/uploads\/2023\/12\/Capa_Humanismo-1.jpg","datePublished":"2023-12-16T03:33:32+00:00","breadcrumb":{"@id":"https:\/\/ponteseditores.com.br\/loja3\/pontes-editores-home-2__trashed\/uncategorized\/o-humanismo-etico-de-paulo-freire-impactos-na-configuracao-de-estudos-sobre-linguagem-e-ensino\/#breadcrumb"},"inLanguage":"pt-BR","potentialAction":[{"@type":"ReadAction","target":["https:\/\/ponteseditores.com.br\/loja3\/pontes-editores-home-2__trashed\/uncategorized\/o-humanismo-etico-de-paulo-freire-impactos-na-configuracao-de-estudos-sobre-linguagem-e-ensino\/"]}]},{"@type":"ImageObject","inLanguage":"pt-BR","@id":"https:\/\/ponteseditores.com.br\/loja3\/pontes-editores-home-2__trashed\/uncategorized\/o-humanismo-etico-de-paulo-freire-impactos-na-configuracao-de-estudos-sobre-linguagem-e-ensino\/#primaryimage","url":"https:\/\/ponteseditores.com.br\/loja3\/wp-content\/uploads\/2023\/12\/Capa_Humanismo-1.jpg","contentUrl":"https:\/\/ponteseditores.com.br\/loja3\/wp-content\/uploads\/2023\/12\/Capa_Humanismo-1.jpg","width":1728,"height":2443},{"@type":"BreadcrumbList","@id":"https:\/\/ponteseditores.com.br\/loja3\/pontes-editores-home-2__trashed\/uncategorized\/o-humanismo-etico-de-paulo-freire-impactos-na-configuracao-de-estudos-sobre-linguagem-e-ensino\/#breadcrumb","itemListElement":[{"@type":"ListItem","position":1,"name":"Home","item":"https:\/\/ponteseditores.com.br\/loja3\/"},{"@type":"ListItem","position":2,"name":"loja","item":"https:\/\/ponteseditores.com.br\/loja3\/loja\/"},{"@type":"ListItem","position":3,"name":"O humanismo \u00e9tico de Paulo Freire: impactos na configura\u00e7\u00e3o de estudos sobre linguagem e ensino"}]},{"@type":"WebSite","@id":"https:\/\/ponteseditores.com.br\/loja3\/#website","url":"https:\/\/ponteseditores.com.br\/loja3\/","name":"Pontes Editores","description":"Pontes Editores","publisher":{"@id":"https:\/\/ponteseditores.com.br\/loja3\/#organization"},"potentialAction":[{"@type":"SearchAction","target":{"@type":"EntryPoint","urlTemplate":"https:\/\/ponteseditores.com.br\/loja3\/?s={search_term_string}"},"query-input":{"@type":"PropertyValueSpecification","valueRequired":true,"valueName":"search_term_string"}}],"inLanguage":"pt-BR"},{"@type":"Organization","@id":"https:\/\/ponteseditores.com.br\/loja3\/#organization","name":"Pontes Editores","url":"https:\/\/ponteseditores.com.br\/loja3\/","logo":{"@type":"ImageObject","inLanguage":"pt-BR","@id":"https:\/\/ponteseditores.com.br\/loja3\/#\/schema\/logo\/image\/","url":"https:\/\/ponteseditores.com.br\/loja3\/wp-content\/uploads\/2023\/12\/logo-pontes-editores-v2.png","contentUrl":"https:\/\/ponteseditores.com.br\/loja3\/wp-content\/uploads\/2023\/12\/logo-pontes-editores-v2.png","width":258,"height":100,"caption":"Pontes Editores"},"image":{"@id":"https:\/\/ponteseditores.com.br\/loja3\/#\/schema\/logo\/image\/"}}]}},"_links":{"self":[{"href":"https:\/\/ponteseditores.com.br\/loja3\/wp-json\/wp\/v2\/product\/8519","targetHints":{"allow":["GET"]}}],"collection":[{"href":"https:\/\/ponteseditores.com.br\/loja3\/wp-json\/wp\/v2\/product"}],"about":[{"href":"https:\/\/ponteseditores.com.br\/loja3\/wp-json\/wp\/v2\/types\/product"}],"replies":[{"embeddable":true,"href":"https:\/\/ponteseditores.com.br\/loja3\/wp-json\/wp\/v2\/comments?post=8519"}],"version-history":[{"count":0,"href":"https:\/\/ponteseditores.com.br\/loja3\/wp-json\/wp\/v2\/product\/8519\/revisions"}],"wp:featuredmedia":[{"embeddable":true,"href":"https:\/\/ponteseditores.com.br\/loja3\/wp-json\/wp\/v2\/media\/8518"}],"wp:attachment":[{"href":"https:\/\/ponteseditores.com.br\/loja3\/wp-json\/wp\/v2\/media?parent=8519"}],"wp:term":[{"taxonomy":"product_brand","embeddable":true,"href":"https:\/\/ponteseditores.com.br\/loja3\/wp-json\/wp\/v2\/product_brand?post=8519"},{"taxonomy":"product_cat","embeddable":true,"href":"https:\/\/ponteseditores.com.br\/loja3\/wp-json\/wp\/v2\/product_cat?post=8519"},{"taxonomy":"product_tag","embeddable":true,"href":"https:\/\/ponteseditores.com.br\/loja3\/wp-json\/wp\/v2\/product_tag?post=8519"}],"curies":[{"name":"wp","href":"https:\/\/api.w.org\/{rel}","templated":true}]}}