{"id":8515,"date":"2023-12-16T00:32:21","date_gmt":"2023-12-16T03:32:21","guid":{"rendered":"https:\/\/ponteseditores.com.br\/loja3\/pontes-editores-home-2__trashed\/sem%20categoria\/texto-e-gramatica-novos-contextos-novas-praticas\/"},"modified":"2025-08-13T14:07:07","modified_gmt":"2025-08-13T17:07:07","slug":"texto-e-gramatica-novos-contextos-novas-praticas","status":"publish","type":"product","link":"https:\/\/ponteseditores.com.br\/loja3\/pontes-editores-home-2__trashed\/uncategorized\/texto-e-gramatica-novos-contextos-novas-praticas\/","title":{"rendered":"Texto e Gram\u00e1tica: novos contextos, novas pr\u00e1ticas"},"content":{"rendered":"<p>Esta colet\u00e2nea \u00e9 fruto do curso de extens\u00e3o Texto e Gram\u00e1tica: novos contextos, novas pr\u00e1ticas, sob a organiza\u00e7\u00e3o de Marcos Luiz Wiedemer (UERJ\/Faperj) e Mariangela Rios de Oliveira (UFF\/CNPq\/UERJ\/Faperj), ocorrido de forma remota, de outubro a novembro de 2020, na Universidade do Estado do Rio de Janeiro, Faculdade de Forma\u00e7\u00e3o de Professores. O curso foi promovido pelo Programa de P\u00f3s-gradua\u00e7\u00e3o em Letras e Lingu\u00edstica, em parceria com o Laborat\u00f3rio de Forma\u00e7\u00e3o Permanente em Letras: a\u00e7\u00f5es coletivas, doc\u00eancia e ensino (LABLETRAS), com o objetivo de promover a reflex\u00e3o acerca da rela\u00e7\u00e3o entre as propriedades textuais e gramaticais no ensino de L\u00edngua Portuguesa, no contexto da Educa\u00e7\u00e3o B\u00e1sica do Brasil. Essas confer\u00eancias, proferidas por especialistas brasileiros da \u00e1rea dos estudos da linguagem na interface com abordagem do ensino de l\u00edngua, deram origem \u00e0 colet\u00e2nea que agora oferecemos, com satisfa\u00e7\u00e3o, \u00e0 comunidade acad\u00eamica.<\/p>\n<p>Esperamos que o conjunto dos cap\u00edtulos aqui resumidos possa concorrer para ampliar e aprofundar o debate reflexivo acerca da rela\u00e7\u00e3o entre texto \u2194 gram\u00e1tica na sala de aula da Educa\u00e7\u00e3o B\u00e1sica, subsidiando a pr\u00e1tica docente nessa \u00e1rea.<\/p>\n","protected":false},"excerpt":{"rendered":"<p>Esta colet\u00e2nea \u00e9 fruto do curso de extens\u00e3o Texto e Gram\u00e1tica: novos contextos, novas pr\u00e1ticas, sob a organiza\u00e7\u00e3o de Marcos Luiz Wiedemer (UERJ\/Faperj) e Mariangela Rios de Oliveira (UFF\/CNPq\/UERJ\/Faperj), ocorrido de forma remota, de outubro a novembro de 2020, na Universidade do Estado do Rio de Janeiro, Faculdade de Forma\u00e7\u00e3o de Professores. O curso foi [&hellip;]<\/p>\n","protected":false},"featured_media":8514,"comment_status":"open","ping_status":"closed","template":"","meta":{"_joinchat":[]},"product_brand":[],"product_cat":[15],"product_tag":[],"class_list":{"0":"post-8515","1":"product","2":"type-product","3":"status-publish","4":"has-post-thumbnail","6":"product_cat-uncategorized","8":"first","9":"outofstock","10":"shipping-taxable","11":"purchasable","12":"product-type-simple"},"yoast_head":"<!-- This site is optimized with the Yoast SEO plugin v27.3 - https:\/\/yoast.com\/product\/yoast-seo-wordpress\/ -->\n<title>Texto e Gram\u00e1tica: novos contextos, novas pr\u00e1ticas - Pontes Editores<\/title>\n<meta name=\"robots\" content=\"index, follow, max-snippet:-1, max-image-preview:large, max-video-preview:-1\" \/>\n<link rel=\"canonical\" href=\"https:\/\/ponteseditores.com.br\/loja3\/pontes-editores-home-2__trashed\/uncategorized\/texto-e-gramatica-novos-contextos-novas-praticas\/\" \/>\n<meta property=\"og:locale\" content=\"pt_BR\" \/>\n<meta property=\"og:type\" content=\"article\" \/>\n<meta property=\"og:title\" content=\"Texto e Gram\u00e1tica: novos contextos, novas pr\u00e1ticas - Pontes Editores\" \/>\n<meta property=\"og:description\" content=\"Esta colet\u00e2nea \u00e9 fruto do curso de extens\u00e3o Texto e Gram\u00e1tica: novos contextos, novas pr\u00e1ticas, sob a organiza\u00e7\u00e3o de Marcos Luiz Wiedemer (UERJ\/Faperj) e Mariangela Rios de Oliveira (UFF\/CNPq\/UERJ\/Faperj), ocorrido de forma remota, de outubro a novembro de 2020, na Universidade do Estado do Rio de Janeiro, Faculdade de Forma\u00e7\u00e3o de Professores. O curso foi [&hellip;]\" \/>\n<meta property=\"og:url\" content=\"https:\/\/ponteseditores.com.br\/loja3\/pontes-editores-home-2__trashed\/uncategorized\/texto-e-gramatica-novos-contextos-novas-praticas\/\" \/>\n<meta property=\"og:site_name\" content=\"Pontes Editores\" \/>\n<meta property=\"article:modified_time\" content=\"2025-08-13T17:07:07+00:00\" \/>\n<meta property=\"og:image\" content=\"https:\/\/ponteseditores.com.br\/loja3\/wp-content\/uploads\/2023\/12\/Capa_Texto_Gramatica-1.jpg\" \/>\n\t<meta property=\"og:image:width\" content=\"1728\" \/>\n\t<meta property=\"og:image:height\" content=\"2443\" \/>\n\t<meta property=\"og:image:type\" content=\"image\/jpeg\" \/>\n<meta name=\"twitter:card\" content=\"summary_large_image\" \/>\n<meta name=\"twitter:label1\" content=\"Est. tempo de leitura\" \/>\n\t<meta name=\"twitter:data1\" content=\"2 minutos\" \/>\n<script type=\"application\/ld+json\" class=\"yoast-schema-graph\">{\"@context\":\"https:\\\/\\\/schema.org\",\"@graph\":[{\"@type\":\"WebPage\",\"@id\":\"https:\\\/\\\/ponteseditores.com.br\\\/loja3\\\/pontes-editores-home-2__trashed\\\/uncategorized\\\/texto-e-gramatica-novos-contextos-novas-praticas\\\/\",\"url\":\"https:\\\/\\\/ponteseditores.com.br\\\/loja3\\\/pontes-editores-home-2__trashed\\\/uncategorized\\\/texto-e-gramatica-novos-contextos-novas-praticas\\\/\",\"name\":\"Texto e Gram\u00e1tica: novos contextos, novas pr\u00e1ticas - Pontes Editores\",\"isPartOf\":{\"@id\":\"https:\\\/\\\/ponteseditores.com.br\\\/loja3\\\/#website\"},\"primaryImageOfPage\":{\"@id\":\"https:\\\/\\\/ponteseditores.com.br\\\/loja3\\\/pontes-editores-home-2__trashed\\\/uncategorized\\\/texto-e-gramatica-novos-contextos-novas-praticas\\\/#primaryimage\"},\"image\":{\"@id\":\"https:\\\/\\\/ponteseditores.com.br\\\/loja3\\\/pontes-editores-home-2__trashed\\\/uncategorized\\\/texto-e-gramatica-novos-contextos-novas-praticas\\\/#primaryimage\"},\"thumbnailUrl\":\"https:\\\/\\\/ponteseditores.com.br\\\/loja3\\\/wp-content\\\/uploads\\\/2023\\\/12\\\/Capa_Texto_Gramatica-1.jpg\",\"datePublished\":\"2023-12-16T03:32:21+00:00\",\"dateModified\":\"2025-08-13T17:07:07+00:00\",\"breadcrumb\":{\"@id\":\"https:\\\/\\\/ponteseditores.com.br\\\/loja3\\\/pontes-editores-home-2__trashed\\\/uncategorized\\\/texto-e-gramatica-novos-contextos-novas-praticas\\\/#breadcrumb\"},\"inLanguage\":\"pt-BR\",\"potentialAction\":[{\"@type\":\"ReadAction\",\"target\":[\"https:\\\/\\\/ponteseditores.com.br\\\/loja3\\\/pontes-editores-home-2__trashed\\\/uncategorized\\\/texto-e-gramatica-novos-contextos-novas-praticas\\\/\"]}]},{\"@type\":\"ImageObject\",\"inLanguage\":\"pt-BR\",\"@id\":\"https:\\\/\\\/ponteseditores.com.br\\\/loja3\\\/pontes-editores-home-2__trashed\\\/uncategorized\\\/texto-e-gramatica-novos-contextos-novas-praticas\\\/#primaryimage\",\"url\":\"https:\\\/\\\/ponteseditores.com.br\\\/loja3\\\/wp-content\\\/uploads\\\/2023\\\/12\\\/Capa_Texto_Gramatica-1.jpg\",\"contentUrl\":\"https:\\\/\\\/ponteseditores.com.br\\\/loja3\\\/wp-content\\\/uploads\\\/2023\\\/12\\\/Capa_Texto_Gramatica-1.jpg\",\"width\":1728,\"height\":2443},{\"@type\":\"BreadcrumbList\",\"@id\":\"https:\\\/\\\/ponteseditores.com.br\\\/loja3\\\/pontes-editores-home-2__trashed\\\/uncategorized\\\/texto-e-gramatica-novos-contextos-novas-praticas\\\/#breadcrumb\",\"itemListElement\":[{\"@type\":\"ListItem\",\"position\":1,\"name\":\"Home\",\"item\":\"https:\\\/\\\/ponteseditores.com.br\\\/loja3\\\/\"},{\"@type\":\"ListItem\",\"position\":2,\"name\":\"loja\",\"item\":\"https:\\\/\\\/ponteseditores.com.br\\\/loja3\\\/loja\\\/\"},{\"@type\":\"ListItem\",\"position\":3,\"name\":\"Texto e Gram\u00e1tica: novos contextos, novas pr\u00e1ticas\"}]},{\"@type\":\"WebSite\",\"@id\":\"https:\\\/\\\/ponteseditores.com.br\\\/loja3\\\/#website\",\"url\":\"https:\\\/\\\/ponteseditores.com.br\\\/loja3\\\/\",\"name\":\"Pontes Editores\",\"description\":\"Pontes Editores\",\"publisher\":{\"@id\":\"https:\\\/\\\/ponteseditores.com.br\\\/loja3\\\/#organization\"},\"potentialAction\":[{\"@type\":\"SearchAction\",\"target\":{\"@type\":\"EntryPoint\",\"urlTemplate\":\"https:\\\/\\\/ponteseditores.com.br\\\/loja3\\\/?s={search_term_string}\"},\"query-input\":{\"@type\":\"PropertyValueSpecification\",\"valueRequired\":true,\"valueName\":\"search_term_string\"}}],\"inLanguage\":\"pt-BR\"},{\"@type\":\"Organization\",\"@id\":\"https:\\\/\\\/ponteseditores.com.br\\\/loja3\\\/#organization\",\"name\":\"Pontes Editores\",\"url\":\"https:\\\/\\\/ponteseditores.com.br\\\/loja3\\\/\",\"logo\":{\"@type\":\"ImageObject\",\"inLanguage\":\"pt-BR\",\"@id\":\"https:\\\/\\\/ponteseditores.com.br\\\/loja3\\\/#\\\/schema\\\/logo\\\/image\\\/\",\"url\":\"https:\\\/\\\/ponteseditores.com.br\\\/loja3\\\/wp-content\\\/uploads\\\/2023\\\/12\\\/logo-pontes-editores-v2.png\",\"contentUrl\":\"https:\\\/\\\/ponteseditores.com.br\\\/loja3\\\/wp-content\\\/uploads\\\/2023\\\/12\\\/logo-pontes-editores-v2.png\",\"width\":258,\"height\":100,\"caption\":\"Pontes Editores\"},\"image\":{\"@id\":\"https:\\\/\\\/ponteseditores.com.br\\\/loja3\\\/#\\\/schema\\\/logo\\\/image\\\/\"}}]}<\/script>\n<!-- \/ Yoast SEO plugin. -->","yoast_head_json":{"title":"Texto e Gram\u00e1tica: novos contextos, novas pr\u00e1ticas - Pontes Editores","robots":{"index":"index","follow":"follow","max-snippet":"max-snippet:-1","max-image-preview":"max-image-preview:large","max-video-preview":"max-video-preview:-1"},"canonical":"https:\/\/ponteseditores.com.br\/loja3\/pontes-editores-home-2__trashed\/uncategorized\/texto-e-gramatica-novos-contextos-novas-praticas\/","og_locale":"pt_BR","og_type":"article","og_title":"Texto e Gram\u00e1tica: novos contextos, novas pr\u00e1ticas - Pontes Editores","og_description":"Esta colet\u00e2nea \u00e9 fruto do curso de extens\u00e3o Texto e Gram\u00e1tica: novos contextos, novas pr\u00e1ticas, sob a organiza\u00e7\u00e3o de Marcos Luiz Wiedemer (UERJ\/Faperj) e Mariangela Rios de Oliveira (UFF\/CNPq\/UERJ\/Faperj), ocorrido de forma remota, de outubro a novembro de 2020, na Universidade do Estado do Rio de Janeiro, Faculdade de Forma\u00e7\u00e3o de Professores. O curso foi [&hellip;]","og_url":"https:\/\/ponteseditores.com.br\/loja3\/pontes-editores-home-2__trashed\/uncategorized\/texto-e-gramatica-novos-contextos-novas-praticas\/","og_site_name":"Pontes Editores","article_modified_time":"2025-08-13T17:07:07+00:00","og_image":[{"width":1728,"height":2443,"url":"https:\/\/ponteseditores.com.br\/loja3\/wp-content\/uploads\/2023\/12\/Capa_Texto_Gramatica-1.jpg","type":"image\/jpeg"}],"twitter_card":"summary_large_image","twitter_misc":{"Est. tempo de leitura":"2 minutos"},"schema":{"@context":"https:\/\/schema.org","@graph":[{"@type":"WebPage","@id":"https:\/\/ponteseditores.com.br\/loja3\/pontes-editores-home-2__trashed\/uncategorized\/texto-e-gramatica-novos-contextos-novas-praticas\/","url":"https:\/\/ponteseditores.com.br\/loja3\/pontes-editores-home-2__trashed\/uncategorized\/texto-e-gramatica-novos-contextos-novas-praticas\/","name":"Texto e Gram\u00e1tica: novos contextos, novas pr\u00e1ticas - Pontes Editores","isPartOf":{"@id":"https:\/\/ponteseditores.com.br\/loja3\/#website"},"primaryImageOfPage":{"@id":"https:\/\/ponteseditores.com.br\/loja3\/pontes-editores-home-2__trashed\/uncategorized\/texto-e-gramatica-novos-contextos-novas-praticas\/#primaryimage"},"image":{"@id":"https:\/\/ponteseditores.com.br\/loja3\/pontes-editores-home-2__trashed\/uncategorized\/texto-e-gramatica-novos-contextos-novas-praticas\/#primaryimage"},"thumbnailUrl":"https:\/\/ponteseditores.com.br\/loja3\/wp-content\/uploads\/2023\/12\/Capa_Texto_Gramatica-1.jpg","datePublished":"2023-12-16T03:32:21+00:00","dateModified":"2025-08-13T17:07:07+00:00","breadcrumb":{"@id":"https:\/\/ponteseditores.com.br\/loja3\/pontes-editores-home-2__trashed\/uncategorized\/texto-e-gramatica-novos-contextos-novas-praticas\/#breadcrumb"},"inLanguage":"pt-BR","potentialAction":[{"@type":"ReadAction","target":["https:\/\/ponteseditores.com.br\/loja3\/pontes-editores-home-2__trashed\/uncategorized\/texto-e-gramatica-novos-contextos-novas-praticas\/"]}]},{"@type":"ImageObject","inLanguage":"pt-BR","@id":"https:\/\/ponteseditores.com.br\/loja3\/pontes-editores-home-2__trashed\/uncategorized\/texto-e-gramatica-novos-contextos-novas-praticas\/#primaryimage","url":"https:\/\/ponteseditores.com.br\/loja3\/wp-content\/uploads\/2023\/12\/Capa_Texto_Gramatica-1.jpg","contentUrl":"https:\/\/ponteseditores.com.br\/loja3\/wp-content\/uploads\/2023\/12\/Capa_Texto_Gramatica-1.jpg","width":1728,"height":2443},{"@type":"BreadcrumbList","@id":"https:\/\/ponteseditores.com.br\/loja3\/pontes-editores-home-2__trashed\/uncategorized\/texto-e-gramatica-novos-contextos-novas-praticas\/#breadcrumb","itemListElement":[{"@type":"ListItem","position":1,"name":"Home","item":"https:\/\/ponteseditores.com.br\/loja3\/"},{"@type":"ListItem","position":2,"name":"loja","item":"https:\/\/ponteseditores.com.br\/loja3\/loja\/"},{"@type":"ListItem","position":3,"name":"Texto e Gram\u00e1tica: novos contextos, novas pr\u00e1ticas"}]},{"@type":"WebSite","@id":"https:\/\/ponteseditores.com.br\/loja3\/#website","url":"https:\/\/ponteseditores.com.br\/loja3\/","name":"Pontes Editores","description":"Pontes Editores","publisher":{"@id":"https:\/\/ponteseditores.com.br\/loja3\/#organization"},"potentialAction":[{"@type":"SearchAction","target":{"@type":"EntryPoint","urlTemplate":"https:\/\/ponteseditores.com.br\/loja3\/?s={search_term_string}"},"query-input":{"@type":"PropertyValueSpecification","valueRequired":true,"valueName":"search_term_string"}}],"inLanguage":"pt-BR"},{"@type":"Organization","@id":"https:\/\/ponteseditores.com.br\/loja3\/#organization","name":"Pontes Editores","url":"https:\/\/ponteseditores.com.br\/loja3\/","logo":{"@type":"ImageObject","inLanguage":"pt-BR","@id":"https:\/\/ponteseditores.com.br\/loja3\/#\/schema\/logo\/image\/","url":"https:\/\/ponteseditores.com.br\/loja3\/wp-content\/uploads\/2023\/12\/logo-pontes-editores-v2.png","contentUrl":"https:\/\/ponteseditores.com.br\/loja3\/wp-content\/uploads\/2023\/12\/logo-pontes-editores-v2.png","width":258,"height":100,"caption":"Pontes Editores"},"image":{"@id":"https:\/\/ponteseditores.com.br\/loja3\/#\/schema\/logo\/image\/"}}]}},"_links":{"self":[{"href":"https:\/\/ponteseditores.com.br\/loja3\/wp-json\/wp\/v2\/product\/8515","targetHints":{"allow":["GET"]}}],"collection":[{"href":"https:\/\/ponteseditores.com.br\/loja3\/wp-json\/wp\/v2\/product"}],"about":[{"href":"https:\/\/ponteseditores.com.br\/loja3\/wp-json\/wp\/v2\/types\/product"}],"replies":[{"embeddable":true,"href":"https:\/\/ponteseditores.com.br\/loja3\/wp-json\/wp\/v2\/comments?post=8515"}],"version-history":[{"count":2,"href":"https:\/\/ponteseditores.com.br\/loja3\/wp-json\/wp\/v2\/product\/8515\/revisions"}],"predecessor-version":[{"id":28959,"href":"https:\/\/ponteseditores.com.br\/loja3\/wp-json\/wp\/v2\/product\/8515\/revisions\/28959"}],"wp:featuredmedia":[{"embeddable":true,"href":"https:\/\/ponteseditores.com.br\/loja3\/wp-json\/wp\/v2\/media\/8514"}],"wp:attachment":[{"href":"https:\/\/ponteseditores.com.br\/loja3\/wp-json\/wp\/v2\/media?parent=8515"}],"wp:term":[{"taxonomy":"product_brand","embeddable":true,"href":"https:\/\/ponteseditores.com.br\/loja3\/wp-json\/wp\/v2\/product_brand?post=8515"},{"taxonomy":"product_cat","embeddable":true,"href":"https:\/\/ponteseditores.com.br\/loja3\/wp-json\/wp\/v2\/product_cat?post=8515"},{"taxonomy":"product_tag","embeddable":true,"href":"https:\/\/ponteseditores.com.br\/loja3\/wp-json\/wp\/v2\/product_tag?post=8515"}],"curies":[{"name":"wp","href":"https:\/\/api.w.org\/{rel}","templated":true}]}}