{"id":8513,"date":"2023-12-16T00:31:48","date_gmt":"2023-12-16T03:31:48","guid":{"rendered":"https:\/\/ponteseditores.com.br\/loja3\/pontes-editores-home-2__trashed\/sem%20categoria\/por-que-somos-o-que-somos-reflexoes-cotidianas\/"},"modified":"2024-01-08T17:49:34","modified_gmt":"2024-01-08T20:49:34","slug":"por-que-somos-o-que-somos-reflexoes-cotidianas","status":"publish","type":"product","link":"https:\/\/ponteseditores.com.br\/loja3\/pontes-editores-home-2__trashed\/uncategorized\/por-que-somos-o-que-somos-reflexoes-cotidianas\/","title":{"rendered":"Por que somos o que somos? Reflex\u00f5es cotidianas"},"content":{"rendered":"<p>Por que somos o que somos? \u00c9 um livro que nos leva a conhecer melhor o nosso pr\u00f3prio eu interior, e a entender o porqu\u00ea de muitas pessoas serem do jeito que s\u00e3o. Nos desafiando a ter uma rela\u00e7\u00e3o mais sensata conosco mesmo (a), e tamb\u00e9m com elas.<\/p>\n<p>Mostrando-nos que o tempo \u00e9 o senhor de quase todas as respostas, e s\u00f3 ele pode nos proporcionar maior discernimento de muitas coisas que acontecem ao nosso redor. Cedo ou mais tarde, ele nos ensinar\u00e1, entre acertos e erros, agir e caminhar com maior prud\u00eancia.<\/p>\n<p>E melhor seria, se antes que o tempo passasse ou acabasse, tiv\u00e9ssemos a oportunidade de correr atr\u00e1s do que ainda n\u00e3o foi perdido, totalmente, e tent\u00e1ssemos reconquistar. Revendo os nossos pr\u00f3prios conceitos e modos de ser e agir, que t\u00eam efeito desestabilizante sobre n\u00f3s mesmos.<\/p>\n<p>E \u00e9 por isso, leitor (a), que o\/a convido para um feedback, com o objetivo de conectar consigo mesmo(a), atrav\u00e9s das entrelinhas do que escrevi e da sua pr\u00f3pria coautoria com os meus textos; e junto comigo poder reescrever mentalmente a sua pr\u00f3pria hist\u00f3ria.<\/p>\n<p>Venha&#8230;Tente&#8230; Voc\u00ea poder\u00e1 passar por caminhos que tamb\u00e9m andei, e poder\u00e1 se surpreender com voc\u00ea mesmo (a), como eu me surpreendi. Venha Comigo!!<\/p>\n","protected":false},"excerpt":{"rendered":"<p>Por que somos o que somos? \u00c9 um livro que nos leva a conhecer melhor o nosso pr\u00f3prio eu interior, e a entender o porqu\u00ea de muitas pessoas serem do jeito que s\u00e3o. Nos desafiando a ter uma rela\u00e7\u00e3o mais sensata conosco mesmo (a), e tamb\u00e9m com elas. Mostrando-nos que o tempo \u00e9 o senhor [&hellip;]<\/p>\n","protected":false},"featured_media":8512,"comment_status":"open","ping_status":"closed","template":"","meta":{"_joinchat":[]},"product_brand":[],"product_cat":[15],"product_tag":[],"class_list":{"0":"post-8513","1":"product","2":"type-product","3":"status-publish","4":"has-post-thumbnail","6":"product_cat-uncategorized","8":"first","9":"instock","10":"shipping-taxable","11":"purchasable","12":"product-type-simple"},"yoast_head":"<!-- This site is optimized with the Yoast SEO plugin v27.4 - https:\/\/yoast.com\/product\/yoast-seo-wordpress\/ -->\n<title>Por que somos o que somos? Reflex\u00f5es cotidianas - Pontes Editores<\/title>\n<meta name=\"robots\" content=\"index, follow, max-snippet:-1, max-image-preview:large, max-video-preview:-1\" \/>\n<link rel=\"canonical\" href=\"https:\/\/ponteseditores.com.br\/loja3\/pontes-editores-home-2__trashed\/uncategorized\/por-que-somos-o-que-somos-reflexoes-cotidianas\/\" \/>\n<meta property=\"og:locale\" content=\"pt_BR\" \/>\n<meta property=\"og:type\" content=\"article\" \/>\n<meta property=\"og:title\" content=\"Por que somos o que somos? Reflex\u00f5es cotidianas - Pontes Editores\" \/>\n<meta property=\"og:description\" content=\"Por que somos o que somos? \u00c9 um livro que nos leva a conhecer melhor o nosso pr\u00f3prio eu interior, e a entender o porqu\u00ea de muitas pessoas serem do jeito que s\u00e3o. Nos desafiando a ter uma rela\u00e7\u00e3o mais sensata conosco mesmo (a), e tamb\u00e9m com elas. Mostrando-nos que o tempo \u00e9 o senhor [&hellip;]\" \/>\n<meta property=\"og:url\" content=\"https:\/\/ponteseditores.com.br\/loja3\/pontes-editores-home-2__trashed\/uncategorized\/por-que-somos-o-que-somos-reflexoes-cotidianas\/\" \/>\n<meta property=\"og:site_name\" content=\"Pontes Editores\" \/>\n<meta property=\"article:modified_time\" content=\"2024-01-08T20:49:34+00:00\" \/>\n<meta property=\"og:image\" content=\"https:\/\/ponteseditores.com.br\/loja3\/wp-content\/uploads\/2023\/12\/CAPAPORQUESOMOSFINALRELEASE2-1.jpg\" \/>\n\t<meta property=\"og:image:width\" content=\"605\" \/>\n\t<meta property=\"og:image:height\" content=\"869\" \/>\n\t<meta property=\"og:image:type\" content=\"image\/jpeg\" \/>\n<meta name=\"twitter:card\" content=\"summary_large_image\" \/>\n<meta name=\"twitter:label1\" content=\"Est. tempo de leitura\" \/>\n\t<meta name=\"twitter:data1\" content=\"1 minuto\" \/>\n<script type=\"application\/ld+json\" class=\"yoast-schema-graph\">{\"@context\":\"https:\\\/\\\/schema.org\",\"@graph\":[{\"@type\":\"WebPage\",\"@id\":\"https:\\\/\\\/ponteseditores.com.br\\\/loja3\\\/pontes-editores-home-2__trashed\\\/uncategorized\\\/por-que-somos-o-que-somos-reflexoes-cotidianas\\\/\",\"url\":\"https:\\\/\\\/ponteseditores.com.br\\\/loja3\\\/pontes-editores-home-2__trashed\\\/uncategorized\\\/por-que-somos-o-que-somos-reflexoes-cotidianas\\\/\",\"name\":\"Por que somos o que somos? Reflex\u00f5es cotidianas - Pontes Editores\",\"isPartOf\":{\"@id\":\"https:\\\/\\\/ponteseditores.com.br\\\/loja3\\\/#website\"},\"primaryImageOfPage\":{\"@id\":\"https:\\\/\\\/ponteseditores.com.br\\\/loja3\\\/pontes-editores-home-2__trashed\\\/uncategorized\\\/por-que-somos-o-que-somos-reflexoes-cotidianas\\\/#primaryimage\"},\"image\":{\"@id\":\"https:\\\/\\\/ponteseditores.com.br\\\/loja3\\\/pontes-editores-home-2__trashed\\\/uncategorized\\\/por-que-somos-o-que-somos-reflexoes-cotidianas\\\/#primaryimage\"},\"thumbnailUrl\":\"https:\\\/\\\/ponteseditores.com.br\\\/loja3\\\/wp-content\\\/uploads\\\/2023\\\/12\\\/CAPAPORQUESOMOSFINALRELEASE2-1.jpg\",\"datePublished\":\"2023-12-16T03:31:48+00:00\",\"dateModified\":\"2024-01-08T20:49:34+00:00\",\"breadcrumb\":{\"@id\":\"https:\\\/\\\/ponteseditores.com.br\\\/loja3\\\/pontes-editores-home-2__trashed\\\/uncategorized\\\/por-que-somos-o-que-somos-reflexoes-cotidianas\\\/#breadcrumb\"},\"inLanguage\":\"pt-BR\",\"potentialAction\":[{\"@type\":\"ReadAction\",\"target\":[\"https:\\\/\\\/ponteseditores.com.br\\\/loja3\\\/pontes-editores-home-2__trashed\\\/uncategorized\\\/por-que-somos-o-que-somos-reflexoes-cotidianas\\\/\"]}]},{\"@type\":\"ImageObject\",\"inLanguage\":\"pt-BR\",\"@id\":\"https:\\\/\\\/ponteseditores.com.br\\\/loja3\\\/pontes-editores-home-2__trashed\\\/uncategorized\\\/por-que-somos-o-que-somos-reflexoes-cotidianas\\\/#primaryimage\",\"url\":\"https:\\\/\\\/ponteseditores.com.br\\\/loja3\\\/wp-content\\\/uploads\\\/2023\\\/12\\\/CAPAPORQUESOMOSFINALRELEASE2-1.jpg\",\"contentUrl\":\"https:\\\/\\\/ponteseditores.com.br\\\/loja3\\\/wp-content\\\/uploads\\\/2023\\\/12\\\/CAPAPORQUESOMOSFINALRELEASE2-1.jpg\",\"width\":605,\"height\":869},{\"@type\":\"BreadcrumbList\",\"@id\":\"https:\\\/\\\/ponteseditores.com.br\\\/loja3\\\/pontes-editores-home-2__trashed\\\/uncategorized\\\/por-que-somos-o-que-somos-reflexoes-cotidianas\\\/#breadcrumb\",\"itemListElement\":[{\"@type\":\"ListItem\",\"position\":1,\"name\":\"Home\",\"item\":\"https:\\\/\\\/ponteseditores.com.br\\\/loja3\\\/\"},{\"@type\":\"ListItem\",\"position\":2,\"name\":\"loja\",\"item\":\"https:\\\/\\\/ponteseditores.com.br\\\/loja3\\\/loja\\\/\"},{\"@type\":\"ListItem\",\"position\":3,\"name\":\"Por que somos o que somos? Reflex\u00f5es cotidianas\"}]},{\"@type\":\"WebSite\",\"@id\":\"https:\\\/\\\/ponteseditores.com.br\\\/loja3\\\/#website\",\"url\":\"https:\\\/\\\/ponteseditores.com.br\\\/loja3\\\/\",\"name\":\"Pontes Editores\",\"description\":\"Pontes Editores\",\"publisher\":{\"@id\":\"https:\\\/\\\/ponteseditores.com.br\\\/loja3\\\/#organization\"},\"potentialAction\":[{\"@type\":\"SearchAction\",\"target\":{\"@type\":\"EntryPoint\",\"urlTemplate\":\"https:\\\/\\\/ponteseditores.com.br\\\/loja3\\\/?s={search_term_string}\"},\"query-input\":{\"@type\":\"PropertyValueSpecification\",\"valueRequired\":true,\"valueName\":\"search_term_string\"}}],\"inLanguage\":\"pt-BR\"},{\"@type\":\"Organization\",\"@id\":\"https:\\\/\\\/ponteseditores.com.br\\\/loja3\\\/#organization\",\"name\":\"Pontes Editores\",\"url\":\"https:\\\/\\\/ponteseditores.com.br\\\/loja3\\\/\",\"logo\":{\"@type\":\"ImageObject\",\"inLanguage\":\"pt-BR\",\"@id\":\"https:\\\/\\\/ponteseditores.com.br\\\/loja3\\\/#\\\/schema\\\/logo\\\/image\\\/\",\"url\":\"https:\\\/\\\/ponteseditores.com.br\\\/loja3\\\/wp-content\\\/uploads\\\/2023\\\/12\\\/logo-pontes-editores-v2.png\",\"contentUrl\":\"https:\\\/\\\/ponteseditores.com.br\\\/loja3\\\/wp-content\\\/uploads\\\/2023\\\/12\\\/logo-pontes-editores-v2.png\",\"width\":258,\"height\":100,\"caption\":\"Pontes Editores\"},\"image\":{\"@id\":\"https:\\\/\\\/ponteseditores.com.br\\\/loja3\\\/#\\\/schema\\\/logo\\\/image\\\/\"}}]}<\/script>\n<!-- \/ Yoast SEO plugin. -->","yoast_head_json":{"title":"Por que somos o que somos? Reflex\u00f5es cotidianas - Pontes Editores","robots":{"index":"index","follow":"follow","max-snippet":"max-snippet:-1","max-image-preview":"max-image-preview:large","max-video-preview":"max-video-preview:-1"},"canonical":"https:\/\/ponteseditores.com.br\/loja3\/pontes-editores-home-2__trashed\/uncategorized\/por-que-somos-o-que-somos-reflexoes-cotidianas\/","og_locale":"pt_BR","og_type":"article","og_title":"Por que somos o que somos? Reflex\u00f5es cotidianas - Pontes Editores","og_description":"Por que somos o que somos? \u00c9 um livro que nos leva a conhecer melhor o nosso pr\u00f3prio eu interior, e a entender o porqu\u00ea de muitas pessoas serem do jeito que s\u00e3o. Nos desafiando a ter uma rela\u00e7\u00e3o mais sensata conosco mesmo (a), e tamb\u00e9m com elas. Mostrando-nos que o tempo \u00e9 o senhor [&hellip;]","og_url":"https:\/\/ponteseditores.com.br\/loja3\/pontes-editores-home-2__trashed\/uncategorized\/por-que-somos-o-que-somos-reflexoes-cotidianas\/","og_site_name":"Pontes Editores","article_modified_time":"2024-01-08T20:49:34+00:00","og_image":[{"width":605,"height":869,"url":"https:\/\/ponteseditores.com.br\/loja3\/wp-content\/uploads\/2023\/12\/CAPAPORQUESOMOSFINALRELEASE2-1.jpg","type":"image\/jpeg"}],"twitter_card":"summary_large_image","twitter_misc":{"Est. tempo de leitura":"1 minuto"},"schema":{"@context":"https:\/\/schema.org","@graph":[{"@type":"WebPage","@id":"https:\/\/ponteseditores.com.br\/loja3\/pontes-editores-home-2__trashed\/uncategorized\/por-que-somos-o-que-somos-reflexoes-cotidianas\/","url":"https:\/\/ponteseditores.com.br\/loja3\/pontes-editores-home-2__trashed\/uncategorized\/por-que-somos-o-que-somos-reflexoes-cotidianas\/","name":"Por que somos o que somos? Reflex\u00f5es cotidianas - Pontes Editores","isPartOf":{"@id":"https:\/\/ponteseditores.com.br\/loja3\/#website"},"primaryImageOfPage":{"@id":"https:\/\/ponteseditores.com.br\/loja3\/pontes-editores-home-2__trashed\/uncategorized\/por-que-somos-o-que-somos-reflexoes-cotidianas\/#primaryimage"},"image":{"@id":"https:\/\/ponteseditores.com.br\/loja3\/pontes-editores-home-2__trashed\/uncategorized\/por-que-somos-o-que-somos-reflexoes-cotidianas\/#primaryimage"},"thumbnailUrl":"https:\/\/ponteseditores.com.br\/loja3\/wp-content\/uploads\/2023\/12\/CAPAPORQUESOMOSFINALRELEASE2-1.jpg","datePublished":"2023-12-16T03:31:48+00:00","dateModified":"2024-01-08T20:49:34+00:00","breadcrumb":{"@id":"https:\/\/ponteseditores.com.br\/loja3\/pontes-editores-home-2__trashed\/uncategorized\/por-que-somos-o-que-somos-reflexoes-cotidianas\/#breadcrumb"},"inLanguage":"pt-BR","potentialAction":[{"@type":"ReadAction","target":["https:\/\/ponteseditores.com.br\/loja3\/pontes-editores-home-2__trashed\/uncategorized\/por-que-somos-o-que-somos-reflexoes-cotidianas\/"]}]},{"@type":"ImageObject","inLanguage":"pt-BR","@id":"https:\/\/ponteseditores.com.br\/loja3\/pontes-editores-home-2__trashed\/uncategorized\/por-que-somos-o-que-somos-reflexoes-cotidianas\/#primaryimage","url":"https:\/\/ponteseditores.com.br\/loja3\/wp-content\/uploads\/2023\/12\/CAPAPORQUESOMOSFINALRELEASE2-1.jpg","contentUrl":"https:\/\/ponteseditores.com.br\/loja3\/wp-content\/uploads\/2023\/12\/CAPAPORQUESOMOSFINALRELEASE2-1.jpg","width":605,"height":869},{"@type":"BreadcrumbList","@id":"https:\/\/ponteseditores.com.br\/loja3\/pontes-editores-home-2__trashed\/uncategorized\/por-que-somos-o-que-somos-reflexoes-cotidianas\/#breadcrumb","itemListElement":[{"@type":"ListItem","position":1,"name":"Home","item":"https:\/\/ponteseditores.com.br\/loja3\/"},{"@type":"ListItem","position":2,"name":"loja","item":"https:\/\/ponteseditores.com.br\/loja3\/loja\/"},{"@type":"ListItem","position":3,"name":"Por que somos o que somos? Reflex\u00f5es cotidianas"}]},{"@type":"WebSite","@id":"https:\/\/ponteseditores.com.br\/loja3\/#website","url":"https:\/\/ponteseditores.com.br\/loja3\/","name":"Pontes Editores","description":"Pontes Editores","publisher":{"@id":"https:\/\/ponteseditores.com.br\/loja3\/#organization"},"potentialAction":[{"@type":"SearchAction","target":{"@type":"EntryPoint","urlTemplate":"https:\/\/ponteseditores.com.br\/loja3\/?s={search_term_string}"},"query-input":{"@type":"PropertyValueSpecification","valueRequired":true,"valueName":"search_term_string"}}],"inLanguage":"pt-BR"},{"@type":"Organization","@id":"https:\/\/ponteseditores.com.br\/loja3\/#organization","name":"Pontes Editores","url":"https:\/\/ponteseditores.com.br\/loja3\/","logo":{"@type":"ImageObject","inLanguage":"pt-BR","@id":"https:\/\/ponteseditores.com.br\/loja3\/#\/schema\/logo\/image\/","url":"https:\/\/ponteseditores.com.br\/loja3\/wp-content\/uploads\/2023\/12\/logo-pontes-editores-v2.png","contentUrl":"https:\/\/ponteseditores.com.br\/loja3\/wp-content\/uploads\/2023\/12\/logo-pontes-editores-v2.png","width":258,"height":100,"caption":"Pontes Editores"},"image":{"@id":"https:\/\/ponteseditores.com.br\/loja3\/#\/schema\/logo\/image\/"}}]}},"_links":{"self":[{"href":"https:\/\/ponteseditores.com.br\/loja3\/wp-json\/wp\/v2\/product\/8513","targetHints":{"allow":["GET"]}}],"collection":[{"href":"https:\/\/ponteseditores.com.br\/loja3\/wp-json\/wp\/v2\/product"}],"about":[{"href":"https:\/\/ponteseditores.com.br\/loja3\/wp-json\/wp\/v2\/types\/product"}],"replies":[{"embeddable":true,"href":"https:\/\/ponteseditores.com.br\/loja3\/wp-json\/wp\/v2\/comments?post=8513"}],"version-history":[{"count":0,"href":"https:\/\/ponteseditores.com.br\/loja3\/wp-json\/wp\/v2\/product\/8513\/revisions"}],"wp:featuredmedia":[{"embeddable":true,"href":"https:\/\/ponteseditores.com.br\/loja3\/wp-json\/wp\/v2\/media\/8512"}],"wp:attachment":[{"href":"https:\/\/ponteseditores.com.br\/loja3\/wp-json\/wp\/v2\/media?parent=8513"}],"wp:term":[{"taxonomy":"product_brand","embeddable":true,"href":"https:\/\/ponteseditores.com.br\/loja3\/wp-json\/wp\/v2\/product_brand?post=8513"},{"taxonomy":"product_cat","embeddable":true,"href":"https:\/\/ponteseditores.com.br\/loja3\/wp-json\/wp\/v2\/product_cat?post=8513"},{"taxonomy":"product_tag","embeddable":true,"href":"https:\/\/ponteseditores.com.br\/loja3\/wp-json\/wp\/v2\/product_tag?post=8513"}],"curies":[{"name":"wp","href":"https:\/\/api.w.org\/{rel}","templated":true}]}}