{"id":8511,"date":"2023-12-16T00:31:45","date_gmt":"2023-12-16T03:31:45","guid":{"rendered":"https:\/\/ponteseditores.com.br\/loja3\/pontes-editores-home-2__trashed\/sem categoria\/avancando-no-conhecimento-em-psicologia-da-educacao-relatos-de-pesquisa-volume-4\/"},"modified":"2023-12-16T00:31:45","modified_gmt":"2023-12-16T03:31:45","slug":"avancando-no-conhecimento-em-psicologia-da-educacao-relatos-de-pesquisa-volume-4","status":"publish","type":"product","link":"https:\/\/ponteseditores.com.br\/loja3\/pontes-editores-home-2__trashed\/uncategorized\/avancando-no-conhecimento-em-psicologia-da-educacao-relatos-de-pesquisa-volume-4\/","title":{"rendered":"AVAN\u00c7ANDO NO CONHECIMENTO EM  PSICOLOGIA DA EDUCA\u00c7\u00c3O: RELATOS DE PESQUISA  Volume 4"},"content":{"rendered":"<p>O conjunto de textos apresentados nessa colet\u00e2nea indica como \u00e9 abrangente e atual a produ\u00e7\u00e3o cientifica que se d\u00e1 no Programa de Estudos P\u00f3s-Graduados em Educa\u00e7\u00e3o: Psicologia da Educa\u00e7\u00e3o (PED), da PUCSP, j\u00e1 que nele s\u00e3o investigadas desde quest\u00f5es que se dirigem a situa\u00e7\u00f5es macro at\u00e9 aquelas mais especificas, envolvendo a\u00e7\u00f5es intencionais e, portanto, educativas que se passam n\u00e3o apenas na escola, ainda que especialmente nela.<\/p>\n","protected":false},"excerpt":{"rendered":"<p>O conjunto de textos apresentados nessa colet\u00e2nea indica como \u00e9 abrangente e atual a produ\u00e7\u00e3o cientifica que se d\u00e1 no Programa de Estudos P\u00f3s-Graduados em Educa\u00e7\u00e3o: Psicologia da Educa\u00e7\u00e3o (PED), da PUCSP, j\u00e1 que nele s\u00e3o investigadas desde quest\u00f5es que se dirigem a situa\u00e7\u00f5es macro at\u00e9 aquelas mais especificas, envolvendo a\u00e7\u00f5es intencionais e, portanto, educativas [&hellip;]<\/p>\n","protected":false},"featured_media":8510,"comment_status":"open","ping_status":"closed","template":"","meta":{"_joinchat":[]},"product_brand":[],"product_cat":[15],"product_tag":[],"class_list":{"0":"post-8511","1":"product","2":"type-product","3":"status-publish","4":"has-post-thumbnail","6":"product_cat-uncategorized","8":"first","9":"instock","10":"shipping-taxable","11":"purchasable","12":"product-type-simple"},"yoast_head":"<!-- This site is optimized with the Yoast SEO plugin v27.4 - https:\/\/yoast.com\/product\/yoast-seo-wordpress\/ -->\n<title>AVAN\u00c7ANDO NO CONHECIMENTO EM PSICOLOGIA DA EDUCA\u00c7\u00c3O: RELATOS DE PESQUISA Volume 4 - Pontes Editores<\/title>\n<meta name=\"robots\" content=\"index, follow, max-snippet:-1, max-image-preview:large, max-video-preview:-1\" \/>\n<link rel=\"canonical\" href=\"https:\/\/ponteseditores.com.br\/loja3\/pontes-editores-home-2__trashed\/uncategorized\/avancando-no-conhecimento-em-psicologia-da-educacao-relatos-de-pesquisa-volume-4\/\" \/>\n<meta property=\"og:locale\" content=\"pt_BR\" \/>\n<meta property=\"og:type\" content=\"article\" \/>\n<meta property=\"og:title\" content=\"AVAN\u00c7ANDO NO CONHECIMENTO EM PSICOLOGIA DA EDUCA\u00c7\u00c3O: RELATOS DE PESQUISA Volume 4 - Pontes Editores\" \/>\n<meta property=\"og:description\" content=\"O conjunto de textos apresentados nessa colet\u00e2nea indica como \u00e9 abrangente e atual a produ\u00e7\u00e3o cientifica que se d\u00e1 no Programa de Estudos P\u00f3s-Graduados em Educa\u00e7\u00e3o: Psicologia da Educa\u00e7\u00e3o (PED), da PUCSP, j\u00e1 que nele s\u00e3o investigadas desde quest\u00f5es que se dirigem a situa\u00e7\u00f5es macro at\u00e9 aquelas mais especificas, envolvendo a\u00e7\u00f5es intencionais e, portanto, educativas [&hellip;]\" \/>\n<meta property=\"og:url\" content=\"https:\/\/ponteseditores.com.br\/loja3\/pontes-editores-home-2__trashed\/uncategorized\/avancando-no-conhecimento-em-psicologia-da-educacao-relatos-de-pesquisa-volume-4\/\" \/>\n<meta property=\"og:site_name\" content=\"Pontes Editores\" \/>\n<meta property=\"og:image\" content=\"https:\/\/ponteseditores.com.br\/loja3\/wp-content\/uploads\/2023\/12\/relatos1-1-679x1024.jpg\" \/>\n\t<meta property=\"og:image:width\" content=\"679\" \/>\n\t<meta property=\"og:image:height\" content=\"1024\" \/>\n\t<meta property=\"og:image:type\" content=\"image\/jpeg\" \/>\n<meta name=\"twitter:card\" content=\"summary_large_image\" \/>\n<script type=\"application\/ld+json\" class=\"yoast-schema-graph\">{\"@context\":\"https:\\\/\\\/schema.org\",\"@graph\":[{\"@type\":\"WebPage\",\"@id\":\"https:\\\/\\\/ponteseditores.com.br\\\/loja3\\\/pontes-editores-home-2__trashed\\\/uncategorized\\\/avancando-no-conhecimento-em-psicologia-da-educacao-relatos-de-pesquisa-volume-4\\\/\",\"url\":\"https:\\\/\\\/ponteseditores.com.br\\\/loja3\\\/pontes-editores-home-2__trashed\\\/uncategorized\\\/avancando-no-conhecimento-em-psicologia-da-educacao-relatos-de-pesquisa-volume-4\\\/\",\"name\":\"AVAN\u00c7ANDO NO CONHECIMENTO EM PSICOLOGIA DA EDUCA\u00c7\u00c3O: RELATOS DE PESQUISA Volume 4 - Pontes Editores\",\"isPartOf\":{\"@id\":\"https:\\\/\\\/ponteseditores.com.br\\\/loja3\\\/#website\"},\"primaryImageOfPage\":{\"@id\":\"https:\\\/\\\/ponteseditores.com.br\\\/loja3\\\/pontes-editores-home-2__trashed\\\/uncategorized\\\/avancando-no-conhecimento-em-psicologia-da-educacao-relatos-de-pesquisa-volume-4\\\/#primaryimage\"},\"image\":{\"@id\":\"https:\\\/\\\/ponteseditores.com.br\\\/loja3\\\/pontes-editores-home-2__trashed\\\/uncategorized\\\/avancando-no-conhecimento-em-psicologia-da-educacao-relatos-de-pesquisa-volume-4\\\/#primaryimage\"},\"thumbnailUrl\":\"https:\\\/\\\/ponteseditores.com.br\\\/loja3\\\/wp-content\\\/uploads\\\/2023\\\/12\\\/relatos1-1.jpg\",\"datePublished\":\"2023-12-16T03:31:45+00:00\",\"breadcrumb\":{\"@id\":\"https:\\\/\\\/ponteseditores.com.br\\\/loja3\\\/pontes-editores-home-2__trashed\\\/uncategorized\\\/avancando-no-conhecimento-em-psicologia-da-educacao-relatos-de-pesquisa-volume-4\\\/#breadcrumb\"},\"inLanguage\":\"pt-BR\",\"potentialAction\":[{\"@type\":\"ReadAction\",\"target\":[\"https:\\\/\\\/ponteseditores.com.br\\\/loja3\\\/pontes-editores-home-2__trashed\\\/uncategorized\\\/avancando-no-conhecimento-em-psicologia-da-educacao-relatos-de-pesquisa-volume-4\\\/\"]}]},{\"@type\":\"ImageObject\",\"inLanguage\":\"pt-BR\",\"@id\":\"https:\\\/\\\/ponteseditores.com.br\\\/loja3\\\/pontes-editores-home-2__trashed\\\/uncategorized\\\/avancando-no-conhecimento-em-psicologia-da-educacao-relatos-de-pesquisa-volume-4\\\/#primaryimage\",\"url\":\"https:\\\/\\\/ponteseditores.com.br\\\/loja3\\\/wp-content\\\/uploads\\\/2023\\\/12\\\/relatos1-1.jpg\",\"contentUrl\":\"https:\\\/\\\/ponteseditores.com.br\\\/loja3\\\/wp-content\\\/uploads\\\/2023\\\/12\\\/relatos1-1.jpg\",\"width\":1000,\"height\":1508},{\"@type\":\"BreadcrumbList\",\"@id\":\"https:\\\/\\\/ponteseditores.com.br\\\/loja3\\\/pontes-editores-home-2__trashed\\\/uncategorized\\\/avancando-no-conhecimento-em-psicologia-da-educacao-relatos-de-pesquisa-volume-4\\\/#breadcrumb\",\"itemListElement\":[{\"@type\":\"ListItem\",\"position\":1,\"name\":\"Home\",\"item\":\"https:\\\/\\\/ponteseditores.com.br\\\/loja3\\\/\"},{\"@type\":\"ListItem\",\"position\":2,\"name\":\"loja\",\"item\":\"https:\\\/\\\/ponteseditores.com.br\\\/loja3\\\/loja\\\/\"},{\"@type\":\"ListItem\",\"position\":3,\"name\":\"AVAN\u00c7ANDO NO CONHECIMENTO EM PSICOLOGIA DA EDUCA\u00c7\u00c3O: RELATOS DE PESQUISA Volume 4\"}]},{\"@type\":\"WebSite\",\"@id\":\"https:\\\/\\\/ponteseditores.com.br\\\/loja3\\\/#website\",\"url\":\"https:\\\/\\\/ponteseditores.com.br\\\/loja3\\\/\",\"name\":\"Pontes Editores\",\"description\":\"Pontes Editores\",\"publisher\":{\"@id\":\"https:\\\/\\\/ponteseditores.com.br\\\/loja3\\\/#organization\"},\"potentialAction\":[{\"@type\":\"SearchAction\",\"target\":{\"@type\":\"EntryPoint\",\"urlTemplate\":\"https:\\\/\\\/ponteseditores.com.br\\\/loja3\\\/?s={search_term_string}\"},\"query-input\":{\"@type\":\"PropertyValueSpecification\",\"valueRequired\":true,\"valueName\":\"search_term_string\"}}],\"inLanguage\":\"pt-BR\"},{\"@type\":\"Organization\",\"@id\":\"https:\\\/\\\/ponteseditores.com.br\\\/loja3\\\/#organization\",\"name\":\"Pontes Editores\",\"url\":\"https:\\\/\\\/ponteseditores.com.br\\\/loja3\\\/\",\"logo\":{\"@type\":\"ImageObject\",\"inLanguage\":\"pt-BR\",\"@id\":\"https:\\\/\\\/ponteseditores.com.br\\\/loja3\\\/#\\\/schema\\\/logo\\\/image\\\/\",\"url\":\"https:\\\/\\\/ponteseditores.com.br\\\/loja3\\\/wp-content\\\/uploads\\\/2023\\\/12\\\/logo-pontes-editores-v2.png\",\"contentUrl\":\"https:\\\/\\\/ponteseditores.com.br\\\/loja3\\\/wp-content\\\/uploads\\\/2023\\\/12\\\/logo-pontes-editores-v2.png\",\"width\":258,\"height\":100,\"caption\":\"Pontes Editores\"},\"image\":{\"@id\":\"https:\\\/\\\/ponteseditores.com.br\\\/loja3\\\/#\\\/schema\\\/logo\\\/image\\\/\"}}]}<\/script>\n<!-- \/ Yoast SEO plugin. -->","yoast_head_json":{"title":"AVAN\u00c7ANDO NO CONHECIMENTO EM PSICOLOGIA DA EDUCA\u00c7\u00c3O: RELATOS DE PESQUISA Volume 4 - Pontes Editores","robots":{"index":"index","follow":"follow","max-snippet":"max-snippet:-1","max-image-preview":"max-image-preview:large","max-video-preview":"max-video-preview:-1"},"canonical":"https:\/\/ponteseditores.com.br\/loja3\/pontes-editores-home-2__trashed\/uncategorized\/avancando-no-conhecimento-em-psicologia-da-educacao-relatos-de-pesquisa-volume-4\/","og_locale":"pt_BR","og_type":"article","og_title":"AVAN\u00c7ANDO NO CONHECIMENTO EM PSICOLOGIA DA EDUCA\u00c7\u00c3O: RELATOS DE PESQUISA Volume 4 - Pontes Editores","og_description":"O conjunto de textos apresentados nessa colet\u00e2nea indica como \u00e9 abrangente e atual a produ\u00e7\u00e3o cientifica que se d\u00e1 no Programa de Estudos P\u00f3s-Graduados em Educa\u00e7\u00e3o: Psicologia da Educa\u00e7\u00e3o (PED), da PUCSP, j\u00e1 que nele s\u00e3o investigadas desde quest\u00f5es que se dirigem a situa\u00e7\u00f5es macro at\u00e9 aquelas mais especificas, envolvendo a\u00e7\u00f5es intencionais e, portanto, educativas [&hellip;]","og_url":"https:\/\/ponteseditores.com.br\/loja3\/pontes-editores-home-2__trashed\/uncategorized\/avancando-no-conhecimento-em-psicologia-da-educacao-relatos-de-pesquisa-volume-4\/","og_site_name":"Pontes Editores","og_image":[{"width":679,"height":1024,"url":"https:\/\/ponteseditores.com.br\/loja3\/wp-content\/uploads\/2023\/12\/relatos1-1-679x1024.jpg","type":"image\/jpeg"}],"twitter_card":"summary_large_image","schema":{"@context":"https:\/\/schema.org","@graph":[{"@type":"WebPage","@id":"https:\/\/ponteseditores.com.br\/loja3\/pontes-editores-home-2__trashed\/uncategorized\/avancando-no-conhecimento-em-psicologia-da-educacao-relatos-de-pesquisa-volume-4\/","url":"https:\/\/ponteseditores.com.br\/loja3\/pontes-editores-home-2__trashed\/uncategorized\/avancando-no-conhecimento-em-psicologia-da-educacao-relatos-de-pesquisa-volume-4\/","name":"AVAN\u00c7ANDO NO CONHECIMENTO EM PSICOLOGIA DA EDUCA\u00c7\u00c3O: RELATOS DE PESQUISA Volume 4 - Pontes Editores","isPartOf":{"@id":"https:\/\/ponteseditores.com.br\/loja3\/#website"},"primaryImageOfPage":{"@id":"https:\/\/ponteseditores.com.br\/loja3\/pontes-editores-home-2__trashed\/uncategorized\/avancando-no-conhecimento-em-psicologia-da-educacao-relatos-de-pesquisa-volume-4\/#primaryimage"},"image":{"@id":"https:\/\/ponteseditores.com.br\/loja3\/pontes-editores-home-2__trashed\/uncategorized\/avancando-no-conhecimento-em-psicologia-da-educacao-relatos-de-pesquisa-volume-4\/#primaryimage"},"thumbnailUrl":"https:\/\/ponteseditores.com.br\/loja3\/wp-content\/uploads\/2023\/12\/relatos1-1.jpg","datePublished":"2023-12-16T03:31:45+00:00","breadcrumb":{"@id":"https:\/\/ponteseditores.com.br\/loja3\/pontes-editores-home-2__trashed\/uncategorized\/avancando-no-conhecimento-em-psicologia-da-educacao-relatos-de-pesquisa-volume-4\/#breadcrumb"},"inLanguage":"pt-BR","potentialAction":[{"@type":"ReadAction","target":["https:\/\/ponteseditores.com.br\/loja3\/pontes-editores-home-2__trashed\/uncategorized\/avancando-no-conhecimento-em-psicologia-da-educacao-relatos-de-pesquisa-volume-4\/"]}]},{"@type":"ImageObject","inLanguage":"pt-BR","@id":"https:\/\/ponteseditores.com.br\/loja3\/pontes-editores-home-2__trashed\/uncategorized\/avancando-no-conhecimento-em-psicologia-da-educacao-relatos-de-pesquisa-volume-4\/#primaryimage","url":"https:\/\/ponteseditores.com.br\/loja3\/wp-content\/uploads\/2023\/12\/relatos1-1.jpg","contentUrl":"https:\/\/ponteseditores.com.br\/loja3\/wp-content\/uploads\/2023\/12\/relatos1-1.jpg","width":1000,"height":1508},{"@type":"BreadcrumbList","@id":"https:\/\/ponteseditores.com.br\/loja3\/pontes-editores-home-2__trashed\/uncategorized\/avancando-no-conhecimento-em-psicologia-da-educacao-relatos-de-pesquisa-volume-4\/#breadcrumb","itemListElement":[{"@type":"ListItem","position":1,"name":"Home","item":"https:\/\/ponteseditores.com.br\/loja3\/"},{"@type":"ListItem","position":2,"name":"loja","item":"https:\/\/ponteseditores.com.br\/loja3\/loja\/"},{"@type":"ListItem","position":3,"name":"AVAN\u00c7ANDO NO CONHECIMENTO EM PSICOLOGIA DA EDUCA\u00c7\u00c3O: RELATOS DE PESQUISA Volume 4"}]},{"@type":"WebSite","@id":"https:\/\/ponteseditores.com.br\/loja3\/#website","url":"https:\/\/ponteseditores.com.br\/loja3\/","name":"Pontes Editores","description":"Pontes Editores","publisher":{"@id":"https:\/\/ponteseditores.com.br\/loja3\/#organization"},"potentialAction":[{"@type":"SearchAction","target":{"@type":"EntryPoint","urlTemplate":"https:\/\/ponteseditores.com.br\/loja3\/?s={search_term_string}"},"query-input":{"@type":"PropertyValueSpecification","valueRequired":true,"valueName":"search_term_string"}}],"inLanguage":"pt-BR"},{"@type":"Organization","@id":"https:\/\/ponteseditores.com.br\/loja3\/#organization","name":"Pontes Editores","url":"https:\/\/ponteseditores.com.br\/loja3\/","logo":{"@type":"ImageObject","inLanguage":"pt-BR","@id":"https:\/\/ponteseditores.com.br\/loja3\/#\/schema\/logo\/image\/","url":"https:\/\/ponteseditores.com.br\/loja3\/wp-content\/uploads\/2023\/12\/logo-pontes-editores-v2.png","contentUrl":"https:\/\/ponteseditores.com.br\/loja3\/wp-content\/uploads\/2023\/12\/logo-pontes-editores-v2.png","width":258,"height":100,"caption":"Pontes Editores"},"image":{"@id":"https:\/\/ponteseditores.com.br\/loja3\/#\/schema\/logo\/image\/"}}]}},"_links":{"self":[{"href":"https:\/\/ponteseditores.com.br\/loja3\/wp-json\/wp\/v2\/product\/8511","targetHints":{"allow":["GET"]}}],"collection":[{"href":"https:\/\/ponteseditores.com.br\/loja3\/wp-json\/wp\/v2\/product"}],"about":[{"href":"https:\/\/ponteseditores.com.br\/loja3\/wp-json\/wp\/v2\/types\/product"}],"replies":[{"embeddable":true,"href":"https:\/\/ponteseditores.com.br\/loja3\/wp-json\/wp\/v2\/comments?post=8511"}],"version-history":[{"count":0,"href":"https:\/\/ponteseditores.com.br\/loja3\/wp-json\/wp\/v2\/product\/8511\/revisions"}],"wp:featuredmedia":[{"embeddable":true,"href":"https:\/\/ponteseditores.com.br\/loja3\/wp-json\/wp\/v2\/media\/8510"}],"wp:attachment":[{"href":"https:\/\/ponteseditores.com.br\/loja3\/wp-json\/wp\/v2\/media?parent=8511"}],"wp:term":[{"taxonomy":"product_brand","embeddable":true,"href":"https:\/\/ponteseditores.com.br\/loja3\/wp-json\/wp\/v2\/product_brand?post=8511"},{"taxonomy":"product_cat","embeddable":true,"href":"https:\/\/ponteseditores.com.br\/loja3\/wp-json\/wp\/v2\/product_cat?post=8511"},{"taxonomy":"product_tag","embeddable":true,"href":"https:\/\/ponteseditores.com.br\/loja3\/wp-json\/wp\/v2\/product_tag?post=8511"}],"curies":[{"name":"wp","href":"https:\/\/api.w.org\/{rel}","templated":true}]}}