{"id":8492,"date":"2023-12-16T00:31:27","date_gmt":"2023-12-16T03:31:27","guid":{"rendered":"https:\/\/ponteseditores.com.br\/loja3\/pontes-editores-home-2__trashed\/sem categoria\/e-nao-havia-so-a-chuva\/"},"modified":"2023-12-16T00:31:27","modified_gmt":"2023-12-16T03:31:27","slug":"e-nao-havia-so-a-chuva","status":"publish","type":"product","link":"https:\/\/ponteseditores.com.br\/loja3\/pontes-editores-home-2__trashed\/uncategorized\/e-nao-havia-so-a-chuva\/","title":{"rendered":"e n\u00e3o havia s\u00f3 a chuva"},"content":{"rendered":"<p>J\u00e1 em seu primeiro livro (No Giro dos Ventos, 1984) os poemas de Egberto Penido nos dizem este verso: \u201cporque s\u00f3 resta a insist\u00eancia desta sede\u201d. Passadas mais de tr\u00eas d\u00e9cadas e sete livros de poesia, o oitavo, aqui presente, nos apresenta mais um desdobramento desta sede ininterrupta de compreens\u00e3o, de express\u00e3o do espanto por se encontrar vivo, de exposi\u00e7\u00e3o ao encanto dos mist\u00e9rios da exist\u00eancia, de vas\u00e3o ao transbordamento em medida precisa das imagens e sentimentos reveladores de tudo isso. Sede de di\u00e1logo, expl\u00edcita nas dezenas de dedicat\u00f3rias e men\u00e7\u00f5es a outros escritos e escritores; sede de se entregar \u201c\u00e0 esperan\u00e7a do agora\u201d (\u201cCaminhando\u201d) mesmo diante do arrebatamento em que ang\u00fastias e solid\u00e3o se instalam \u2013 mas, apesar ou para al\u00e9m delas, as palavras podem se tornar \u201cregalos da primavera\u201d, como no poema dedicado a Joaquim Cardozo. Afinal l\u00e1 se v\u00e3o oitenta, para l\u00e1 de oitenta primaveras; o que pressup\u00f5e outonos, invernos, ver\u00f5es, com todas as suas varia\u00e7\u00f5es e insinuantes interc\u00e2mbios. N\u00e3o nos enganemos pela cifra alta, nem pela \u00faltima e sugestiva palavra do livro, repousar. Aos oitenta, a vibra\u00e7\u00e3o dos versos \u00e9 de \u201cpeixe vivo\u201d em movimento e procura. N\u00e3o \u00e0 toa, \u201cConclus\u00e3o\u201d surge mais ou menos no meio: n\u00e3o se trata de conclus\u00e3o final, \u00e9 conclus\u00e3o ativa, da rela\u00e7\u00e3o com o cotidiano, com \u201co del\u00edrio do dia\u201d (\u201cBruma\u201d), com as noites e manh\u00e3s que vir\u00e3o. A sede deste peixe pratica o ato de \u201ctecer panoramas\u201d (\u201cPano de fundo\u201d). E se o postscriptum de \u201cAlma minha\u201d nos revela que \u00e9 ela, alma, quem escreve as poesias do poeta, os versos reiteram a reverbera\u00e7\u00e3o dessa voz com sua idade sempre juvenil e inquieta para l\u00e1 de muito mais que oito d\u00e9cadas.<\/p>\n<p>Eduardo Brito da Silveira<\/p>\n","protected":false},"excerpt":{"rendered":"<p>J\u00e1 em seu primeiro livro (No Giro dos Ventos, 1984) os poemas de Egberto Penido nos dizem este verso: \u201cporque s\u00f3 resta a insist\u00eancia desta sede\u201d. Passadas mais de tr\u00eas d\u00e9cadas e sete livros de poesia, o oitavo, aqui presente, nos apresenta mais um desdobramento desta sede ininterrupta de compreens\u00e3o, de express\u00e3o do espanto por [&hellip;]<\/p>\n","protected":false},"featured_media":8491,"comment_status":"open","ping_status":"closed","template":"","meta":{"_joinchat":[]},"product_brand":[],"product_cat":[15],"product_tag":[],"class_list":{"0":"post-8492","1":"product","2":"type-product","3":"status-publish","4":"has-post-thumbnail","6":"product_cat-uncategorized","8":"first","9":"instock","10":"shipping-taxable","11":"purchasable","12":"product-type-simple"},"yoast_head":"<!-- This site is optimized with the Yoast SEO plugin v27.4 - https:\/\/yoast.com\/product\/yoast-seo-wordpress\/ -->\n<title>e n\u00e3o havia s\u00f3 a chuva - Pontes Editores<\/title>\n<meta name=\"robots\" content=\"index, follow, max-snippet:-1, max-image-preview:large, max-video-preview:-1\" \/>\n<link rel=\"canonical\" href=\"https:\/\/ponteseditores.com.br\/loja3\/pontes-editores-home-2__trashed\/uncategorized\/e-nao-havia-so-a-chuva\/\" \/>\n<meta property=\"og:locale\" content=\"pt_BR\" \/>\n<meta property=\"og:type\" content=\"article\" \/>\n<meta property=\"og:title\" content=\"e n\u00e3o havia s\u00f3 a chuva - Pontes Editores\" \/>\n<meta property=\"og:description\" content=\"J\u00e1 em seu primeiro livro (No Giro dos Ventos, 1984) os poemas de Egberto Penido nos dizem este verso: \u201cporque s\u00f3 resta a insist\u00eancia desta sede\u201d. Passadas mais de tr\u00eas d\u00e9cadas e sete livros de poesia, o oitavo, aqui presente, nos apresenta mais um desdobramento desta sede ininterrupta de compreens\u00e3o, de express\u00e3o do espanto por [&hellip;]\" \/>\n<meta property=\"og:url\" content=\"https:\/\/ponteseditores.com.br\/loja3\/pontes-editores-home-2__trashed\/uncategorized\/e-nao-havia-so-a-chuva\/\" \/>\n<meta property=\"og:site_name\" content=\"Pontes Editores\" \/>\n<meta property=\"og:image\" content=\"https:\/\/ponteseditores.com.br\/loja3\/wp-content\/uploads\/2023\/12\/chuva1-1.jpg\" \/>\n\t<meta property=\"og:image:width\" content=\"500\" \/>\n\t<meta property=\"og:image:height\" content=\"768\" \/>\n\t<meta property=\"og:image:type\" content=\"image\/jpeg\" \/>\n<meta name=\"twitter:card\" content=\"summary_large_image\" \/>\n<meta name=\"twitter:label1\" content=\"Est. tempo de leitura\" \/>\n\t<meta name=\"twitter:data1\" content=\"2 minutos\" \/>\n<script type=\"application\/ld+json\" class=\"yoast-schema-graph\">{\"@context\":\"https:\\\/\\\/schema.org\",\"@graph\":[{\"@type\":\"WebPage\",\"@id\":\"https:\\\/\\\/ponteseditores.com.br\\\/loja3\\\/pontes-editores-home-2__trashed\\\/uncategorized\\\/e-nao-havia-so-a-chuva\\\/\",\"url\":\"https:\\\/\\\/ponteseditores.com.br\\\/loja3\\\/pontes-editores-home-2__trashed\\\/uncategorized\\\/e-nao-havia-so-a-chuva\\\/\",\"name\":\"e n\u00e3o havia s\u00f3 a chuva - Pontes Editores\",\"isPartOf\":{\"@id\":\"https:\\\/\\\/ponteseditores.com.br\\\/loja3\\\/#website\"},\"primaryImageOfPage\":{\"@id\":\"https:\\\/\\\/ponteseditores.com.br\\\/loja3\\\/pontes-editores-home-2__trashed\\\/uncategorized\\\/e-nao-havia-so-a-chuva\\\/#primaryimage\"},\"image\":{\"@id\":\"https:\\\/\\\/ponteseditores.com.br\\\/loja3\\\/pontes-editores-home-2__trashed\\\/uncategorized\\\/e-nao-havia-so-a-chuva\\\/#primaryimage\"},\"thumbnailUrl\":\"https:\\\/\\\/ponteseditores.com.br\\\/loja3\\\/wp-content\\\/uploads\\\/2023\\\/12\\\/chuva1-1.jpg\",\"datePublished\":\"2023-12-16T03:31:27+00:00\",\"breadcrumb\":{\"@id\":\"https:\\\/\\\/ponteseditores.com.br\\\/loja3\\\/pontes-editores-home-2__trashed\\\/uncategorized\\\/e-nao-havia-so-a-chuva\\\/#breadcrumb\"},\"inLanguage\":\"pt-BR\",\"potentialAction\":[{\"@type\":\"ReadAction\",\"target\":[\"https:\\\/\\\/ponteseditores.com.br\\\/loja3\\\/pontes-editores-home-2__trashed\\\/uncategorized\\\/e-nao-havia-so-a-chuva\\\/\"]}]},{\"@type\":\"ImageObject\",\"inLanguage\":\"pt-BR\",\"@id\":\"https:\\\/\\\/ponteseditores.com.br\\\/loja3\\\/pontes-editores-home-2__trashed\\\/uncategorized\\\/e-nao-havia-so-a-chuva\\\/#primaryimage\",\"url\":\"https:\\\/\\\/ponteseditores.com.br\\\/loja3\\\/wp-content\\\/uploads\\\/2023\\\/12\\\/chuva1-1.jpg\",\"contentUrl\":\"https:\\\/\\\/ponteseditores.com.br\\\/loja3\\\/wp-content\\\/uploads\\\/2023\\\/12\\\/chuva1-1.jpg\",\"width\":500,\"height\":768},{\"@type\":\"BreadcrumbList\",\"@id\":\"https:\\\/\\\/ponteseditores.com.br\\\/loja3\\\/pontes-editores-home-2__trashed\\\/uncategorized\\\/e-nao-havia-so-a-chuva\\\/#breadcrumb\",\"itemListElement\":[{\"@type\":\"ListItem\",\"position\":1,\"name\":\"Home\",\"item\":\"https:\\\/\\\/ponteseditores.com.br\\\/loja3\\\/\"},{\"@type\":\"ListItem\",\"position\":2,\"name\":\"loja\",\"item\":\"https:\\\/\\\/ponteseditores.com.br\\\/loja3\\\/loja\\\/\"},{\"@type\":\"ListItem\",\"position\":3,\"name\":\"e n\u00e3o havia s\u00f3 a chuva\"}]},{\"@type\":\"WebSite\",\"@id\":\"https:\\\/\\\/ponteseditores.com.br\\\/loja3\\\/#website\",\"url\":\"https:\\\/\\\/ponteseditores.com.br\\\/loja3\\\/\",\"name\":\"Pontes Editores\",\"description\":\"Pontes Editores\",\"publisher\":{\"@id\":\"https:\\\/\\\/ponteseditores.com.br\\\/loja3\\\/#organization\"},\"potentialAction\":[{\"@type\":\"SearchAction\",\"target\":{\"@type\":\"EntryPoint\",\"urlTemplate\":\"https:\\\/\\\/ponteseditores.com.br\\\/loja3\\\/?s={search_term_string}\"},\"query-input\":{\"@type\":\"PropertyValueSpecification\",\"valueRequired\":true,\"valueName\":\"search_term_string\"}}],\"inLanguage\":\"pt-BR\"},{\"@type\":\"Organization\",\"@id\":\"https:\\\/\\\/ponteseditores.com.br\\\/loja3\\\/#organization\",\"name\":\"Pontes Editores\",\"url\":\"https:\\\/\\\/ponteseditores.com.br\\\/loja3\\\/\",\"logo\":{\"@type\":\"ImageObject\",\"inLanguage\":\"pt-BR\",\"@id\":\"https:\\\/\\\/ponteseditores.com.br\\\/loja3\\\/#\\\/schema\\\/logo\\\/image\\\/\",\"url\":\"https:\\\/\\\/ponteseditores.com.br\\\/loja3\\\/wp-content\\\/uploads\\\/2023\\\/12\\\/logo-pontes-editores-v2.png\",\"contentUrl\":\"https:\\\/\\\/ponteseditores.com.br\\\/loja3\\\/wp-content\\\/uploads\\\/2023\\\/12\\\/logo-pontes-editores-v2.png\",\"width\":258,\"height\":100,\"caption\":\"Pontes Editores\"},\"image\":{\"@id\":\"https:\\\/\\\/ponteseditores.com.br\\\/loja3\\\/#\\\/schema\\\/logo\\\/image\\\/\"}}]}<\/script>\n<!-- \/ Yoast SEO plugin. -->","yoast_head_json":{"title":"e n\u00e3o havia s\u00f3 a chuva - Pontes Editores","robots":{"index":"index","follow":"follow","max-snippet":"max-snippet:-1","max-image-preview":"max-image-preview:large","max-video-preview":"max-video-preview:-1"},"canonical":"https:\/\/ponteseditores.com.br\/loja3\/pontes-editores-home-2__trashed\/uncategorized\/e-nao-havia-so-a-chuva\/","og_locale":"pt_BR","og_type":"article","og_title":"e n\u00e3o havia s\u00f3 a chuva - Pontes Editores","og_description":"J\u00e1 em seu primeiro livro (No Giro dos Ventos, 1984) os poemas de Egberto Penido nos dizem este verso: \u201cporque s\u00f3 resta a insist\u00eancia desta sede\u201d. Passadas mais de tr\u00eas d\u00e9cadas e sete livros de poesia, o oitavo, aqui presente, nos apresenta mais um desdobramento desta sede ininterrupta de compreens\u00e3o, de express\u00e3o do espanto por [&hellip;]","og_url":"https:\/\/ponteseditores.com.br\/loja3\/pontes-editores-home-2__trashed\/uncategorized\/e-nao-havia-so-a-chuva\/","og_site_name":"Pontes Editores","og_image":[{"width":500,"height":768,"url":"https:\/\/ponteseditores.com.br\/loja3\/wp-content\/uploads\/2023\/12\/chuva1-1.jpg","type":"image\/jpeg"}],"twitter_card":"summary_large_image","twitter_misc":{"Est. tempo de leitura":"2 minutos"},"schema":{"@context":"https:\/\/schema.org","@graph":[{"@type":"WebPage","@id":"https:\/\/ponteseditores.com.br\/loja3\/pontes-editores-home-2__trashed\/uncategorized\/e-nao-havia-so-a-chuva\/","url":"https:\/\/ponteseditores.com.br\/loja3\/pontes-editores-home-2__trashed\/uncategorized\/e-nao-havia-so-a-chuva\/","name":"e n\u00e3o havia s\u00f3 a chuva - Pontes Editores","isPartOf":{"@id":"https:\/\/ponteseditores.com.br\/loja3\/#website"},"primaryImageOfPage":{"@id":"https:\/\/ponteseditores.com.br\/loja3\/pontes-editores-home-2__trashed\/uncategorized\/e-nao-havia-so-a-chuva\/#primaryimage"},"image":{"@id":"https:\/\/ponteseditores.com.br\/loja3\/pontes-editores-home-2__trashed\/uncategorized\/e-nao-havia-so-a-chuva\/#primaryimage"},"thumbnailUrl":"https:\/\/ponteseditores.com.br\/loja3\/wp-content\/uploads\/2023\/12\/chuva1-1.jpg","datePublished":"2023-12-16T03:31:27+00:00","breadcrumb":{"@id":"https:\/\/ponteseditores.com.br\/loja3\/pontes-editores-home-2__trashed\/uncategorized\/e-nao-havia-so-a-chuva\/#breadcrumb"},"inLanguage":"pt-BR","potentialAction":[{"@type":"ReadAction","target":["https:\/\/ponteseditores.com.br\/loja3\/pontes-editores-home-2__trashed\/uncategorized\/e-nao-havia-so-a-chuva\/"]}]},{"@type":"ImageObject","inLanguage":"pt-BR","@id":"https:\/\/ponteseditores.com.br\/loja3\/pontes-editores-home-2__trashed\/uncategorized\/e-nao-havia-so-a-chuva\/#primaryimage","url":"https:\/\/ponteseditores.com.br\/loja3\/wp-content\/uploads\/2023\/12\/chuva1-1.jpg","contentUrl":"https:\/\/ponteseditores.com.br\/loja3\/wp-content\/uploads\/2023\/12\/chuva1-1.jpg","width":500,"height":768},{"@type":"BreadcrumbList","@id":"https:\/\/ponteseditores.com.br\/loja3\/pontes-editores-home-2__trashed\/uncategorized\/e-nao-havia-so-a-chuva\/#breadcrumb","itemListElement":[{"@type":"ListItem","position":1,"name":"Home","item":"https:\/\/ponteseditores.com.br\/loja3\/"},{"@type":"ListItem","position":2,"name":"loja","item":"https:\/\/ponteseditores.com.br\/loja3\/loja\/"},{"@type":"ListItem","position":3,"name":"e n\u00e3o havia s\u00f3 a chuva"}]},{"@type":"WebSite","@id":"https:\/\/ponteseditores.com.br\/loja3\/#website","url":"https:\/\/ponteseditores.com.br\/loja3\/","name":"Pontes Editores","description":"Pontes Editores","publisher":{"@id":"https:\/\/ponteseditores.com.br\/loja3\/#organization"},"potentialAction":[{"@type":"SearchAction","target":{"@type":"EntryPoint","urlTemplate":"https:\/\/ponteseditores.com.br\/loja3\/?s={search_term_string}"},"query-input":{"@type":"PropertyValueSpecification","valueRequired":true,"valueName":"search_term_string"}}],"inLanguage":"pt-BR"},{"@type":"Organization","@id":"https:\/\/ponteseditores.com.br\/loja3\/#organization","name":"Pontes Editores","url":"https:\/\/ponteseditores.com.br\/loja3\/","logo":{"@type":"ImageObject","inLanguage":"pt-BR","@id":"https:\/\/ponteseditores.com.br\/loja3\/#\/schema\/logo\/image\/","url":"https:\/\/ponteseditores.com.br\/loja3\/wp-content\/uploads\/2023\/12\/logo-pontes-editores-v2.png","contentUrl":"https:\/\/ponteseditores.com.br\/loja3\/wp-content\/uploads\/2023\/12\/logo-pontes-editores-v2.png","width":258,"height":100,"caption":"Pontes Editores"},"image":{"@id":"https:\/\/ponteseditores.com.br\/loja3\/#\/schema\/logo\/image\/"}}]}},"_links":{"self":[{"href":"https:\/\/ponteseditores.com.br\/loja3\/wp-json\/wp\/v2\/product\/8492","targetHints":{"allow":["GET"]}}],"collection":[{"href":"https:\/\/ponteseditores.com.br\/loja3\/wp-json\/wp\/v2\/product"}],"about":[{"href":"https:\/\/ponteseditores.com.br\/loja3\/wp-json\/wp\/v2\/types\/product"}],"replies":[{"embeddable":true,"href":"https:\/\/ponteseditores.com.br\/loja3\/wp-json\/wp\/v2\/comments?post=8492"}],"version-history":[{"count":0,"href":"https:\/\/ponteseditores.com.br\/loja3\/wp-json\/wp\/v2\/product\/8492\/revisions"}],"wp:featuredmedia":[{"embeddable":true,"href":"https:\/\/ponteseditores.com.br\/loja3\/wp-json\/wp\/v2\/media\/8491"}],"wp:attachment":[{"href":"https:\/\/ponteseditores.com.br\/loja3\/wp-json\/wp\/v2\/media?parent=8492"}],"wp:term":[{"taxonomy":"product_brand","embeddable":true,"href":"https:\/\/ponteseditores.com.br\/loja3\/wp-json\/wp\/v2\/product_brand?post=8492"},{"taxonomy":"product_cat","embeddable":true,"href":"https:\/\/ponteseditores.com.br\/loja3\/wp-json\/wp\/v2\/product_cat?post=8492"},{"taxonomy":"product_tag","embeddable":true,"href":"https:\/\/ponteseditores.com.br\/loja3\/wp-json\/wp\/v2\/product_tag?post=8492"}],"curies":[{"name":"wp","href":"https:\/\/api.w.org\/{rel}","templated":true}]}}