{"id":8484,"date":"2023-12-16T00:31:21","date_gmt":"2023-12-16T03:31:21","guid":{"rendered":"https:\/\/ponteseditores.com.br\/loja3\/pontes-editores-home-2__trashed\/sem categoria\/curriculo-e-formacao-de-professores-redes-academicas-em-desarticulacao\/"},"modified":"2023-12-16T00:31:21","modified_gmt":"2023-12-16T03:31:21","slug":"curriculo-e-formacao-de-professores-redes-academicas-em-desarticulacao","status":"publish","type":"product","link":"https:\/\/ponteseditores.com.br\/loja3\/pontes-editores-home-2__trashed\/uncategorized\/curriculo-e-formacao-de-professores-redes-academicas-em-desarticulacao\/","title":{"rendered":"CURR\u00cdCULO E FORMA\u00c7\u00c3O de PROFESSORES: redes acad\u00eamicas em (des)articula\u00e7\u00e3o"},"content":{"rendered":"<p>\u201cAo ser realizada a organiza\u00e7\u00e3o deste livro, entendo que se apresenta uma articula\u00e7\u00e3o entre as demandas relativas \u00e0 forma\u00e7\u00e3o de professores em dado contexto das rela\u00e7\u00f5es entre as duas principais Universidades envolvidas \u2013 UFBA e UNEB. Esta articula\u00e7\u00e3o por sua vez tamb\u00e9m constitui a rede no processo de se escrever o livro, envolvendo demandas por certas proposi\u00e7\u00f5es pol\u00edticas (de curr\u00edculo e de forma\u00e7\u00e3o docente), pela institui\u00e7\u00e3o de certas proposi\u00e7\u00f5es te\u00f3ricas (p\u00f3s-estruturais, p\u00f3s-fundacionais), por recursos para a forma\u00e7\u00e3o e a pesquisa nas Universidades, por atua\u00e7\u00e3o nas lutas culturais no \u00e2mbito da p\u00f3s-gradua\u00e7\u00e3o, por op\u00e7\u00f5es te\u00f3rico-estrat\u00e9gicas de pesquisa. A rede de pesquisa produz um livro que por sua vez constitui a rede de pesquisa. Contribuindo para desconstruir a ideia de uma pesquisa educacional que n\u00e3o dialoga com a Educa\u00e7\u00e3o B\u00e1sica, este livro apresenta textos potentes para pensar as rela\u00e7\u00f5es entre essas inst\u00e2ncias, por meio da forma\u00e7\u00e3o em exerc\u00edcio de professores. Questionando as tend\u00eancias prescritivas na forma\u00e7\u00e3o docente, s\u00e3o defendidas formas de pensar o curr\u00edculo na rela\u00e7\u00e3o com o outro.\u201d<\/p>\n<p>Alice Casimiro Lopes<\/p>\n<p>UERJ<\/p>\n","protected":false},"excerpt":{"rendered":"<p>\u201cAo ser realizada a organiza\u00e7\u00e3o deste livro, entendo que se apresenta uma articula\u00e7\u00e3o entre as demandas relativas \u00e0 forma\u00e7\u00e3o de professores em dado contexto das rela\u00e7\u00f5es entre as duas principais Universidades envolvidas \u2013 UFBA e UNEB. Esta articula\u00e7\u00e3o por sua vez tamb\u00e9m constitui a rede no processo de se escrever o livro, envolvendo demandas por [&hellip;]<\/p>\n","protected":false},"featured_media":8483,"comment_status":"open","ping_status":"closed","template":"","meta":{"_joinchat":[]},"product_brand":[],"product_cat":[15],"product_tag":[],"class_list":{"0":"post-8484","1":"product","2":"type-product","3":"status-publish","4":"has-post-thumbnail","6":"product_cat-uncategorized","8":"first","9":"instock","10":"shipping-taxable","11":"purchasable","12":"product-type-simple"},"yoast_head":"<!-- This site is optimized with the Yoast SEO plugin v27.4 - https:\/\/yoast.com\/product\/yoast-seo-wordpress\/ -->\n<title>CURR\u00cdCULO E FORMA\u00c7\u00c3O de PROFESSORES: redes acad\u00eamicas em (des)articula\u00e7\u00e3o - Pontes Editores<\/title>\n<meta name=\"robots\" content=\"index, follow, max-snippet:-1, max-image-preview:large, max-video-preview:-1\" \/>\n<link rel=\"canonical\" href=\"https:\/\/ponteseditores.com.br\/loja3\/pontes-editores-home-2__trashed\/uncategorized\/curriculo-e-formacao-de-professores-redes-academicas-em-desarticulacao\/\" \/>\n<meta property=\"og:locale\" content=\"pt_BR\" \/>\n<meta property=\"og:type\" content=\"article\" \/>\n<meta property=\"og:title\" content=\"CURR\u00cdCULO E FORMA\u00c7\u00c3O de PROFESSORES: redes acad\u00eamicas em (des)articula\u00e7\u00e3o - Pontes Editores\" \/>\n<meta property=\"og:description\" content=\"\u201cAo ser realizada a organiza\u00e7\u00e3o deste livro, entendo que se apresenta uma articula\u00e7\u00e3o entre as demandas relativas \u00e0 forma\u00e7\u00e3o de professores em dado contexto das rela\u00e7\u00f5es entre as duas principais Universidades envolvidas \u2013 UFBA e UNEB. Esta articula\u00e7\u00e3o por sua vez tamb\u00e9m constitui a rede no processo de se escrever o livro, envolvendo demandas por [&hellip;]\" \/>\n<meta property=\"og:url\" content=\"https:\/\/ponteseditores.com.br\/loja3\/pontes-editores-home-2__trashed\/uncategorized\/curriculo-e-formacao-de-professores-redes-academicas-em-desarticulacao\/\" \/>\n<meta property=\"og:site_name\" content=\"Pontes Editores\" \/>\n<meta property=\"og:image\" content=\"https:\/\/ponteseditores.com.br\/loja3\/wp-content\/uploads\/2023\/12\/CAPAREDES2203.jpg\" \/>\n\t<meta property=\"og:image:width\" content=\"945\" \/>\n\t<meta property=\"og:image:height\" content=\"1358\" \/>\n\t<meta property=\"og:image:type\" content=\"image\/jpeg\" \/>\n<meta name=\"twitter:card\" content=\"summary_large_image\" \/>\n<meta name=\"twitter:label1\" content=\"Est. tempo de leitura\" \/>\n\t<meta name=\"twitter:data1\" content=\"1 minuto\" \/>\n<script type=\"application\/ld+json\" class=\"yoast-schema-graph\">{\"@context\":\"https:\\\/\\\/schema.org\",\"@graph\":[{\"@type\":\"WebPage\",\"@id\":\"https:\\\/\\\/ponteseditores.com.br\\\/loja3\\\/pontes-editores-home-2__trashed\\\/uncategorized\\\/curriculo-e-formacao-de-professores-redes-academicas-em-desarticulacao\\\/\",\"url\":\"https:\\\/\\\/ponteseditores.com.br\\\/loja3\\\/pontes-editores-home-2__trashed\\\/uncategorized\\\/curriculo-e-formacao-de-professores-redes-academicas-em-desarticulacao\\\/\",\"name\":\"CURR\u00cdCULO E FORMA\u00c7\u00c3O de PROFESSORES: redes acad\u00eamicas em (des)articula\u00e7\u00e3o - Pontes Editores\",\"isPartOf\":{\"@id\":\"https:\\\/\\\/ponteseditores.com.br\\\/loja3\\\/#website\"},\"primaryImageOfPage\":{\"@id\":\"https:\\\/\\\/ponteseditores.com.br\\\/loja3\\\/pontes-editores-home-2__trashed\\\/uncategorized\\\/curriculo-e-formacao-de-professores-redes-academicas-em-desarticulacao\\\/#primaryimage\"},\"image\":{\"@id\":\"https:\\\/\\\/ponteseditores.com.br\\\/loja3\\\/pontes-editores-home-2__trashed\\\/uncategorized\\\/curriculo-e-formacao-de-professores-redes-academicas-em-desarticulacao\\\/#primaryimage\"},\"thumbnailUrl\":\"https:\\\/\\\/ponteseditores.com.br\\\/loja3\\\/wp-content\\\/uploads\\\/2023\\\/12\\\/CAPAREDES2203.jpg\",\"datePublished\":\"2023-12-16T03:31:21+00:00\",\"breadcrumb\":{\"@id\":\"https:\\\/\\\/ponteseditores.com.br\\\/loja3\\\/pontes-editores-home-2__trashed\\\/uncategorized\\\/curriculo-e-formacao-de-professores-redes-academicas-em-desarticulacao\\\/#breadcrumb\"},\"inLanguage\":\"pt-BR\",\"potentialAction\":[{\"@type\":\"ReadAction\",\"target\":[\"https:\\\/\\\/ponteseditores.com.br\\\/loja3\\\/pontes-editores-home-2__trashed\\\/uncategorized\\\/curriculo-e-formacao-de-professores-redes-academicas-em-desarticulacao\\\/\"]}]},{\"@type\":\"ImageObject\",\"inLanguage\":\"pt-BR\",\"@id\":\"https:\\\/\\\/ponteseditores.com.br\\\/loja3\\\/pontes-editores-home-2__trashed\\\/uncategorized\\\/curriculo-e-formacao-de-professores-redes-academicas-em-desarticulacao\\\/#primaryimage\",\"url\":\"https:\\\/\\\/ponteseditores.com.br\\\/loja3\\\/wp-content\\\/uploads\\\/2023\\\/12\\\/CAPAREDES2203.jpg\",\"contentUrl\":\"https:\\\/\\\/ponteseditores.com.br\\\/loja3\\\/wp-content\\\/uploads\\\/2023\\\/12\\\/CAPAREDES2203.jpg\",\"width\":945,\"height\":1358},{\"@type\":\"BreadcrumbList\",\"@id\":\"https:\\\/\\\/ponteseditores.com.br\\\/loja3\\\/pontes-editores-home-2__trashed\\\/uncategorized\\\/curriculo-e-formacao-de-professores-redes-academicas-em-desarticulacao\\\/#breadcrumb\",\"itemListElement\":[{\"@type\":\"ListItem\",\"position\":1,\"name\":\"Home\",\"item\":\"https:\\\/\\\/ponteseditores.com.br\\\/loja3\\\/\"},{\"@type\":\"ListItem\",\"position\":2,\"name\":\"loja\",\"item\":\"https:\\\/\\\/ponteseditores.com.br\\\/loja3\\\/loja\\\/\"},{\"@type\":\"ListItem\",\"position\":3,\"name\":\"CURR\u00cdCULO E FORMA\u00c7\u00c3O de PROFESSORES: redes acad\u00eamicas em (des)articula\u00e7\u00e3o\"}]},{\"@type\":\"WebSite\",\"@id\":\"https:\\\/\\\/ponteseditores.com.br\\\/loja3\\\/#website\",\"url\":\"https:\\\/\\\/ponteseditores.com.br\\\/loja3\\\/\",\"name\":\"Pontes Editores\",\"description\":\"Pontes Editores\",\"publisher\":{\"@id\":\"https:\\\/\\\/ponteseditores.com.br\\\/loja3\\\/#organization\"},\"potentialAction\":[{\"@type\":\"SearchAction\",\"target\":{\"@type\":\"EntryPoint\",\"urlTemplate\":\"https:\\\/\\\/ponteseditores.com.br\\\/loja3\\\/?s={search_term_string}\"},\"query-input\":{\"@type\":\"PropertyValueSpecification\",\"valueRequired\":true,\"valueName\":\"search_term_string\"}}],\"inLanguage\":\"pt-BR\"},{\"@type\":\"Organization\",\"@id\":\"https:\\\/\\\/ponteseditores.com.br\\\/loja3\\\/#organization\",\"name\":\"Pontes Editores\",\"url\":\"https:\\\/\\\/ponteseditores.com.br\\\/loja3\\\/\",\"logo\":{\"@type\":\"ImageObject\",\"inLanguage\":\"pt-BR\",\"@id\":\"https:\\\/\\\/ponteseditores.com.br\\\/loja3\\\/#\\\/schema\\\/logo\\\/image\\\/\",\"url\":\"https:\\\/\\\/ponteseditores.com.br\\\/loja3\\\/wp-content\\\/uploads\\\/2023\\\/12\\\/logo-pontes-editores-v2.png\",\"contentUrl\":\"https:\\\/\\\/ponteseditores.com.br\\\/loja3\\\/wp-content\\\/uploads\\\/2023\\\/12\\\/logo-pontes-editores-v2.png\",\"width\":258,\"height\":100,\"caption\":\"Pontes Editores\"},\"image\":{\"@id\":\"https:\\\/\\\/ponteseditores.com.br\\\/loja3\\\/#\\\/schema\\\/logo\\\/image\\\/\"}}]}<\/script>\n<!-- \/ Yoast SEO plugin. -->","yoast_head_json":{"title":"CURR\u00cdCULO E FORMA\u00c7\u00c3O de PROFESSORES: redes acad\u00eamicas em (des)articula\u00e7\u00e3o - Pontes Editores","robots":{"index":"index","follow":"follow","max-snippet":"max-snippet:-1","max-image-preview":"max-image-preview:large","max-video-preview":"max-video-preview:-1"},"canonical":"https:\/\/ponteseditores.com.br\/loja3\/pontes-editores-home-2__trashed\/uncategorized\/curriculo-e-formacao-de-professores-redes-academicas-em-desarticulacao\/","og_locale":"pt_BR","og_type":"article","og_title":"CURR\u00cdCULO E FORMA\u00c7\u00c3O de PROFESSORES: redes acad\u00eamicas em (des)articula\u00e7\u00e3o - Pontes Editores","og_description":"\u201cAo ser realizada a organiza\u00e7\u00e3o deste livro, entendo que se apresenta uma articula\u00e7\u00e3o entre as demandas relativas \u00e0 forma\u00e7\u00e3o de professores em dado contexto das rela\u00e7\u00f5es entre as duas principais Universidades envolvidas \u2013 UFBA e UNEB. Esta articula\u00e7\u00e3o por sua vez tamb\u00e9m constitui a rede no processo de se escrever o livro, envolvendo demandas por [&hellip;]","og_url":"https:\/\/ponteseditores.com.br\/loja3\/pontes-editores-home-2__trashed\/uncategorized\/curriculo-e-formacao-de-professores-redes-academicas-em-desarticulacao\/","og_site_name":"Pontes Editores","og_image":[{"width":945,"height":1358,"url":"https:\/\/ponteseditores.com.br\/loja3\/wp-content\/uploads\/2023\/12\/CAPAREDES2203.jpg","type":"image\/jpeg"}],"twitter_card":"summary_large_image","twitter_misc":{"Est. tempo de leitura":"1 minuto"},"schema":{"@context":"https:\/\/schema.org","@graph":[{"@type":"WebPage","@id":"https:\/\/ponteseditores.com.br\/loja3\/pontes-editores-home-2__trashed\/uncategorized\/curriculo-e-formacao-de-professores-redes-academicas-em-desarticulacao\/","url":"https:\/\/ponteseditores.com.br\/loja3\/pontes-editores-home-2__trashed\/uncategorized\/curriculo-e-formacao-de-professores-redes-academicas-em-desarticulacao\/","name":"CURR\u00cdCULO E FORMA\u00c7\u00c3O de PROFESSORES: redes acad\u00eamicas em (des)articula\u00e7\u00e3o - Pontes Editores","isPartOf":{"@id":"https:\/\/ponteseditores.com.br\/loja3\/#website"},"primaryImageOfPage":{"@id":"https:\/\/ponteseditores.com.br\/loja3\/pontes-editores-home-2__trashed\/uncategorized\/curriculo-e-formacao-de-professores-redes-academicas-em-desarticulacao\/#primaryimage"},"image":{"@id":"https:\/\/ponteseditores.com.br\/loja3\/pontes-editores-home-2__trashed\/uncategorized\/curriculo-e-formacao-de-professores-redes-academicas-em-desarticulacao\/#primaryimage"},"thumbnailUrl":"https:\/\/ponteseditores.com.br\/loja3\/wp-content\/uploads\/2023\/12\/CAPAREDES2203.jpg","datePublished":"2023-12-16T03:31:21+00:00","breadcrumb":{"@id":"https:\/\/ponteseditores.com.br\/loja3\/pontes-editores-home-2__trashed\/uncategorized\/curriculo-e-formacao-de-professores-redes-academicas-em-desarticulacao\/#breadcrumb"},"inLanguage":"pt-BR","potentialAction":[{"@type":"ReadAction","target":["https:\/\/ponteseditores.com.br\/loja3\/pontes-editores-home-2__trashed\/uncategorized\/curriculo-e-formacao-de-professores-redes-academicas-em-desarticulacao\/"]}]},{"@type":"ImageObject","inLanguage":"pt-BR","@id":"https:\/\/ponteseditores.com.br\/loja3\/pontes-editores-home-2__trashed\/uncategorized\/curriculo-e-formacao-de-professores-redes-academicas-em-desarticulacao\/#primaryimage","url":"https:\/\/ponteseditores.com.br\/loja3\/wp-content\/uploads\/2023\/12\/CAPAREDES2203.jpg","contentUrl":"https:\/\/ponteseditores.com.br\/loja3\/wp-content\/uploads\/2023\/12\/CAPAREDES2203.jpg","width":945,"height":1358},{"@type":"BreadcrumbList","@id":"https:\/\/ponteseditores.com.br\/loja3\/pontes-editores-home-2__trashed\/uncategorized\/curriculo-e-formacao-de-professores-redes-academicas-em-desarticulacao\/#breadcrumb","itemListElement":[{"@type":"ListItem","position":1,"name":"Home","item":"https:\/\/ponteseditores.com.br\/loja3\/"},{"@type":"ListItem","position":2,"name":"loja","item":"https:\/\/ponteseditores.com.br\/loja3\/loja\/"},{"@type":"ListItem","position":3,"name":"CURR\u00cdCULO E FORMA\u00c7\u00c3O de PROFESSORES: redes acad\u00eamicas em (des)articula\u00e7\u00e3o"}]},{"@type":"WebSite","@id":"https:\/\/ponteseditores.com.br\/loja3\/#website","url":"https:\/\/ponteseditores.com.br\/loja3\/","name":"Pontes Editores","description":"Pontes Editores","publisher":{"@id":"https:\/\/ponteseditores.com.br\/loja3\/#organization"},"potentialAction":[{"@type":"SearchAction","target":{"@type":"EntryPoint","urlTemplate":"https:\/\/ponteseditores.com.br\/loja3\/?s={search_term_string}"},"query-input":{"@type":"PropertyValueSpecification","valueRequired":true,"valueName":"search_term_string"}}],"inLanguage":"pt-BR"},{"@type":"Organization","@id":"https:\/\/ponteseditores.com.br\/loja3\/#organization","name":"Pontes Editores","url":"https:\/\/ponteseditores.com.br\/loja3\/","logo":{"@type":"ImageObject","inLanguage":"pt-BR","@id":"https:\/\/ponteseditores.com.br\/loja3\/#\/schema\/logo\/image\/","url":"https:\/\/ponteseditores.com.br\/loja3\/wp-content\/uploads\/2023\/12\/logo-pontes-editores-v2.png","contentUrl":"https:\/\/ponteseditores.com.br\/loja3\/wp-content\/uploads\/2023\/12\/logo-pontes-editores-v2.png","width":258,"height":100,"caption":"Pontes Editores"},"image":{"@id":"https:\/\/ponteseditores.com.br\/loja3\/#\/schema\/logo\/image\/"}}]}},"_links":{"self":[{"href":"https:\/\/ponteseditores.com.br\/loja3\/wp-json\/wp\/v2\/product\/8484","targetHints":{"allow":["GET"]}}],"collection":[{"href":"https:\/\/ponteseditores.com.br\/loja3\/wp-json\/wp\/v2\/product"}],"about":[{"href":"https:\/\/ponteseditores.com.br\/loja3\/wp-json\/wp\/v2\/types\/product"}],"replies":[{"embeddable":true,"href":"https:\/\/ponteseditores.com.br\/loja3\/wp-json\/wp\/v2\/comments?post=8484"}],"version-history":[{"count":0,"href":"https:\/\/ponteseditores.com.br\/loja3\/wp-json\/wp\/v2\/product\/8484\/revisions"}],"wp:featuredmedia":[{"embeddable":true,"href":"https:\/\/ponteseditores.com.br\/loja3\/wp-json\/wp\/v2\/media\/8483"}],"wp:attachment":[{"href":"https:\/\/ponteseditores.com.br\/loja3\/wp-json\/wp\/v2\/media?parent=8484"}],"wp:term":[{"taxonomy":"product_brand","embeddable":true,"href":"https:\/\/ponteseditores.com.br\/loja3\/wp-json\/wp\/v2\/product_brand?post=8484"},{"taxonomy":"product_cat","embeddable":true,"href":"https:\/\/ponteseditores.com.br\/loja3\/wp-json\/wp\/v2\/product_cat?post=8484"},{"taxonomy":"product_tag","embeddable":true,"href":"https:\/\/ponteseditores.com.br\/loja3\/wp-json\/wp\/v2\/product_tag?post=8484"}],"curies":[{"name":"wp","href":"https:\/\/api.w.org\/{rel}","templated":true}]}}