{"id":8476,"date":"2023-12-16T00:31:17","date_gmt":"2023-12-16T03:31:17","guid":{"rendered":"https:\/\/ponteseditores.com.br\/loja3\/pontes-editores-home-2__trashed\/sem categoria\/metodologias-ativas-perspectivas-teoricas-e-praticas-no-ensino-superior\/"},"modified":"2023-12-16T00:31:17","modified_gmt":"2023-12-16T03:31:17","slug":"metodologias-ativas-perspectivas-teoricas-e-praticas-no-ensino-superior","status":"publish","type":"product","link":"https:\/\/ponteseditores.com.br\/loja3\/pontes-editores-home-2__trashed\/uncategorized\/metodologias-ativas-perspectivas-teoricas-e-praticas-no-ensino-superior\/","title":{"rendered":"Metodologias Ativas: perspectivas  te\u00f3ricas e pr\u00e1ticas no ensino superior"},"content":{"rendered":"<p>Este livro \u00e9 fruto de um esfor\u00e7o coletivo iniciado dentro do Grupo de Estudos de Metodologias Ativas do Centro Universit\u00e1rio Presidente Tancredo de Almeida Neves (UNIPTAN). Esse esfor\u00e7o re\u00fane, por vezes, experi\u00eancias did\u00e1ticas tanto de membros do referido grupo quanto de colaboradores externos \u00e0 comunidade acad\u00eamica do UNIPTAN. Os autores, de forma clara e did\u00e1tica, tra\u00e7am em seus cap\u00edtulos um panorama atual do ensino universit\u00e1rio atrav\u00e9s das metodologias ativas de aprendizagem. Como organizadores deste livro, agradecemos a todos os autores que se dedicaram para escrever seus cap\u00edtulos. Especialmente, agradecemos ao UNIPTAN que, representado pela Professora Maria Tereza Gomes de Almeida Lima, Pr\u00f3-Reitora de Ensino e Assuntos Acad\u00eamicos, pelo Professor Heberth Paulo de Souza, Pr\u00f3-Reitor de Pesquisa e Extens\u00e3o, e pelo Reitor Ricardo Assun\u00e7\u00e3o Viegas, viabilizaram a publica\u00e7\u00e3o desta obra.<\/p>\n","protected":false},"excerpt":{"rendered":"<p>Este livro \u00e9 fruto de um esfor\u00e7o coletivo iniciado dentro do Grupo de Estudos de Metodologias Ativas do Centro Universit\u00e1rio Presidente Tancredo de Almeida Neves (UNIPTAN). Esse esfor\u00e7o re\u00fane, por vezes, experi\u00eancias did\u00e1ticas tanto de membros do referido grupo quanto de colaboradores externos \u00e0 comunidade acad\u00eamica do UNIPTAN. Os autores, de forma clara e did\u00e1tica, [&hellip;]<\/p>\n","protected":false},"featured_media":8475,"comment_status":"open","ping_status":"closed","template":"","meta":{"_joinchat":[]},"product_brand":[],"product_cat":[15],"product_tag":[],"class_list":{"0":"post-8476","1":"product","2":"type-product","3":"status-publish","4":"has-post-thumbnail","6":"product_cat-uncategorized","8":"first","9":"instock","10":"shipping-taxable","11":"purchasable","12":"product-type-simple"},"yoast_head":"<!-- This site is optimized with the Yoast SEO plugin v27.4 - https:\/\/yoast.com\/product\/yoast-seo-wordpress\/ -->\n<title>Metodologias Ativas: perspectivas te\u00f3ricas e pr\u00e1ticas no ensino superior - Pontes Editores<\/title>\n<meta name=\"robots\" content=\"index, follow, max-snippet:-1, max-image-preview:large, max-video-preview:-1\" \/>\n<link rel=\"canonical\" href=\"https:\/\/ponteseditores.com.br\/loja3\/pontes-editores-home-2__trashed\/uncategorized\/metodologias-ativas-perspectivas-teoricas-e-praticas-no-ensino-superior\/\" \/>\n<meta property=\"og:locale\" content=\"pt_BR\" \/>\n<meta property=\"og:type\" content=\"article\" \/>\n<meta property=\"og:title\" content=\"Metodologias Ativas: perspectivas te\u00f3ricas e pr\u00e1ticas no ensino superior - Pontes Editores\" \/>\n<meta property=\"og:description\" content=\"Este livro \u00e9 fruto de um esfor\u00e7o coletivo iniciado dentro do Grupo de Estudos de Metodologias Ativas do Centro Universit\u00e1rio Presidente Tancredo de Almeida Neves (UNIPTAN). Esse esfor\u00e7o re\u00fane, por vezes, experi\u00eancias did\u00e1ticas tanto de membros do referido grupo quanto de colaboradores externos \u00e0 comunidade acad\u00eamica do UNIPTAN. Os autores, de forma clara e did\u00e1tica, [&hellip;]\" \/>\n<meta property=\"og:url\" content=\"https:\/\/ponteseditores.com.br\/loja3\/pontes-editores-home-2__trashed\/uncategorized\/metodologias-ativas-perspectivas-teoricas-e-praticas-no-ensino-superior\/\" \/>\n<meta property=\"og:site_name\" content=\"Pontes Editores\" \/>\n<meta property=\"og:image\" content=\"https:\/\/ponteseditores.com.br\/loja3\/wp-content\/uploads\/2023\/12\/metodo1-1.jpg\" \/>\n\t<meta property=\"og:image:width\" content=\"503\" \/>\n\t<meta property=\"og:image:height\" content=\"768\" \/>\n\t<meta property=\"og:image:type\" content=\"image\/jpeg\" \/>\n<meta name=\"twitter:card\" content=\"summary_large_image\" \/>\n<meta name=\"twitter:label1\" content=\"Est. tempo de leitura\" \/>\n\t<meta name=\"twitter:data1\" content=\"1 minuto\" \/>\n<script type=\"application\/ld+json\" class=\"yoast-schema-graph\">{\"@context\":\"https:\\\/\\\/schema.org\",\"@graph\":[{\"@type\":\"WebPage\",\"@id\":\"https:\\\/\\\/ponteseditores.com.br\\\/loja3\\\/pontes-editores-home-2__trashed\\\/uncategorized\\\/metodologias-ativas-perspectivas-teoricas-e-praticas-no-ensino-superior\\\/\",\"url\":\"https:\\\/\\\/ponteseditores.com.br\\\/loja3\\\/pontes-editores-home-2__trashed\\\/uncategorized\\\/metodologias-ativas-perspectivas-teoricas-e-praticas-no-ensino-superior\\\/\",\"name\":\"Metodologias Ativas: perspectivas te\u00f3ricas e pr\u00e1ticas no ensino superior - Pontes Editores\",\"isPartOf\":{\"@id\":\"https:\\\/\\\/ponteseditores.com.br\\\/loja3\\\/#website\"},\"primaryImageOfPage\":{\"@id\":\"https:\\\/\\\/ponteseditores.com.br\\\/loja3\\\/pontes-editores-home-2__trashed\\\/uncategorized\\\/metodologias-ativas-perspectivas-teoricas-e-praticas-no-ensino-superior\\\/#primaryimage\"},\"image\":{\"@id\":\"https:\\\/\\\/ponteseditores.com.br\\\/loja3\\\/pontes-editores-home-2__trashed\\\/uncategorized\\\/metodologias-ativas-perspectivas-teoricas-e-praticas-no-ensino-superior\\\/#primaryimage\"},\"thumbnailUrl\":\"https:\\\/\\\/ponteseditores.com.br\\\/loja3\\\/wp-content\\\/uploads\\\/2023\\\/12\\\/metodo1-1.jpg\",\"datePublished\":\"2023-12-16T03:31:17+00:00\",\"breadcrumb\":{\"@id\":\"https:\\\/\\\/ponteseditores.com.br\\\/loja3\\\/pontes-editores-home-2__trashed\\\/uncategorized\\\/metodologias-ativas-perspectivas-teoricas-e-praticas-no-ensino-superior\\\/#breadcrumb\"},\"inLanguage\":\"pt-BR\",\"potentialAction\":[{\"@type\":\"ReadAction\",\"target\":[\"https:\\\/\\\/ponteseditores.com.br\\\/loja3\\\/pontes-editores-home-2__trashed\\\/uncategorized\\\/metodologias-ativas-perspectivas-teoricas-e-praticas-no-ensino-superior\\\/\"]}]},{\"@type\":\"ImageObject\",\"inLanguage\":\"pt-BR\",\"@id\":\"https:\\\/\\\/ponteseditores.com.br\\\/loja3\\\/pontes-editores-home-2__trashed\\\/uncategorized\\\/metodologias-ativas-perspectivas-teoricas-e-praticas-no-ensino-superior\\\/#primaryimage\",\"url\":\"https:\\\/\\\/ponteseditores.com.br\\\/loja3\\\/wp-content\\\/uploads\\\/2023\\\/12\\\/metodo1-1.jpg\",\"contentUrl\":\"https:\\\/\\\/ponteseditores.com.br\\\/loja3\\\/wp-content\\\/uploads\\\/2023\\\/12\\\/metodo1-1.jpg\",\"width\":503,\"height\":768},{\"@type\":\"BreadcrumbList\",\"@id\":\"https:\\\/\\\/ponteseditores.com.br\\\/loja3\\\/pontes-editores-home-2__trashed\\\/uncategorized\\\/metodologias-ativas-perspectivas-teoricas-e-praticas-no-ensino-superior\\\/#breadcrumb\",\"itemListElement\":[{\"@type\":\"ListItem\",\"position\":1,\"name\":\"Home\",\"item\":\"https:\\\/\\\/ponteseditores.com.br\\\/loja3\\\/\"},{\"@type\":\"ListItem\",\"position\":2,\"name\":\"loja\",\"item\":\"https:\\\/\\\/ponteseditores.com.br\\\/loja3\\\/loja\\\/\"},{\"@type\":\"ListItem\",\"position\":3,\"name\":\"Metodologias Ativas: perspectivas te\u00f3ricas e pr\u00e1ticas no ensino superior\"}]},{\"@type\":\"WebSite\",\"@id\":\"https:\\\/\\\/ponteseditores.com.br\\\/loja3\\\/#website\",\"url\":\"https:\\\/\\\/ponteseditores.com.br\\\/loja3\\\/\",\"name\":\"Pontes Editores\",\"description\":\"Pontes Editores\",\"publisher\":{\"@id\":\"https:\\\/\\\/ponteseditores.com.br\\\/loja3\\\/#organization\"},\"potentialAction\":[{\"@type\":\"SearchAction\",\"target\":{\"@type\":\"EntryPoint\",\"urlTemplate\":\"https:\\\/\\\/ponteseditores.com.br\\\/loja3\\\/?s={search_term_string}\"},\"query-input\":{\"@type\":\"PropertyValueSpecification\",\"valueRequired\":true,\"valueName\":\"search_term_string\"}}],\"inLanguage\":\"pt-BR\"},{\"@type\":\"Organization\",\"@id\":\"https:\\\/\\\/ponteseditores.com.br\\\/loja3\\\/#organization\",\"name\":\"Pontes Editores\",\"url\":\"https:\\\/\\\/ponteseditores.com.br\\\/loja3\\\/\",\"logo\":{\"@type\":\"ImageObject\",\"inLanguage\":\"pt-BR\",\"@id\":\"https:\\\/\\\/ponteseditores.com.br\\\/loja3\\\/#\\\/schema\\\/logo\\\/image\\\/\",\"url\":\"https:\\\/\\\/ponteseditores.com.br\\\/loja3\\\/wp-content\\\/uploads\\\/2023\\\/12\\\/logo-pontes-editores-v2.png\",\"contentUrl\":\"https:\\\/\\\/ponteseditores.com.br\\\/loja3\\\/wp-content\\\/uploads\\\/2023\\\/12\\\/logo-pontes-editores-v2.png\",\"width\":258,\"height\":100,\"caption\":\"Pontes Editores\"},\"image\":{\"@id\":\"https:\\\/\\\/ponteseditores.com.br\\\/loja3\\\/#\\\/schema\\\/logo\\\/image\\\/\"}}]}<\/script>\n<!-- \/ Yoast SEO plugin. -->","yoast_head_json":{"title":"Metodologias Ativas: perspectivas te\u00f3ricas e pr\u00e1ticas no ensino superior - Pontes Editores","robots":{"index":"index","follow":"follow","max-snippet":"max-snippet:-1","max-image-preview":"max-image-preview:large","max-video-preview":"max-video-preview:-1"},"canonical":"https:\/\/ponteseditores.com.br\/loja3\/pontes-editores-home-2__trashed\/uncategorized\/metodologias-ativas-perspectivas-teoricas-e-praticas-no-ensino-superior\/","og_locale":"pt_BR","og_type":"article","og_title":"Metodologias Ativas: perspectivas te\u00f3ricas e pr\u00e1ticas no ensino superior - Pontes Editores","og_description":"Este livro \u00e9 fruto de um esfor\u00e7o coletivo iniciado dentro do Grupo de Estudos de Metodologias Ativas do Centro Universit\u00e1rio Presidente Tancredo de Almeida Neves (UNIPTAN). Esse esfor\u00e7o re\u00fane, por vezes, experi\u00eancias did\u00e1ticas tanto de membros do referido grupo quanto de colaboradores externos \u00e0 comunidade acad\u00eamica do UNIPTAN. Os autores, de forma clara e did\u00e1tica, [&hellip;]","og_url":"https:\/\/ponteseditores.com.br\/loja3\/pontes-editores-home-2__trashed\/uncategorized\/metodologias-ativas-perspectivas-teoricas-e-praticas-no-ensino-superior\/","og_site_name":"Pontes Editores","og_image":[{"width":503,"height":768,"url":"https:\/\/ponteseditores.com.br\/loja3\/wp-content\/uploads\/2023\/12\/metodo1-1.jpg","type":"image\/jpeg"}],"twitter_card":"summary_large_image","twitter_misc":{"Est. tempo de leitura":"1 minuto"},"schema":{"@context":"https:\/\/schema.org","@graph":[{"@type":"WebPage","@id":"https:\/\/ponteseditores.com.br\/loja3\/pontes-editores-home-2__trashed\/uncategorized\/metodologias-ativas-perspectivas-teoricas-e-praticas-no-ensino-superior\/","url":"https:\/\/ponteseditores.com.br\/loja3\/pontes-editores-home-2__trashed\/uncategorized\/metodologias-ativas-perspectivas-teoricas-e-praticas-no-ensino-superior\/","name":"Metodologias Ativas: perspectivas te\u00f3ricas e pr\u00e1ticas no ensino superior - Pontes Editores","isPartOf":{"@id":"https:\/\/ponteseditores.com.br\/loja3\/#website"},"primaryImageOfPage":{"@id":"https:\/\/ponteseditores.com.br\/loja3\/pontes-editores-home-2__trashed\/uncategorized\/metodologias-ativas-perspectivas-teoricas-e-praticas-no-ensino-superior\/#primaryimage"},"image":{"@id":"https:\/\/ponteseditores.com.br\/loja3\/pontes-editores-home-2__trashed\/uncategorized\/metodologias-ativas-perspectivas-teoricas-e-praticas-no-ensino-superior\/#primaryimage"},"thumbnailUrl":"https:\/\/ponteseditores.com.br\/loja3\/wp-content\/uploads\/2023\/12\/metodo1-1.jpg","datePublished":"2023-12-16T03:31:17+00:00","breadcrumb":{"@id":"https:\/\/ponteseditores.com.br\/loja3\/pontes-editores-home-2__trashed\/uncategorized\/metodologias-ativas-perspectivas-teoricas-e-praticas-no-ensino-superior\/#breadcrumb"},"inLanguage":"pt-BR","potentialAction":[{"@type":"ReadAction","target":["https:\/\/ponteseditores.com.br\/loja3\/pontes-editores-home-2__trashed\/uncategorized\/metodologias-ativas-perspectivas-teoricas-e-praticas-no-ensino-superior\/"]}]},{"@type":"ImageObject","inLanguage":"pt-BR","@id":"https:\/\/ponteseditores.com.br\/loja3\/pontes-editores-home-2__trashed\/uncategorized\/metodologias-ativas-perspectivas-teoricas-e-praticas-no-ensino-superior\/#primaryimage","url":"https:\/\/ponteseditores.com.br\/loja3\/wp-content\/uploads\/2023\/12\/metodo1-1.jpg","contentUrl":"https:\/\/ponteseditores.com.br\/loja3\/wp-content\/uploads\/2023\/12\/metodo1-1.jpg","width":503,"height":768},{"@type":"BreadcrumbList","@id":"https:\/\/ponteseditores.com.br\/loja3\/pontes-editores-home-2__trashed\/uncategorized\/metodologias-ativas-perspectivas-teoricas-e-praticas-no-ensino-superior\/#breadcrumb","itemListElement":[{"@type":"ListItem","position":1,"name":"Home","item":"https:\/\/ponteseditores.com.br\/loja3\/"},{"@type":"ListItem","position":2,"name":"loja","item":"https:\/\/ponteseditores.com.br\/loja3\/loja\/"},{"@type":"ListItem","position":3,"name":"Metodologias Ativas: perspectivas te\u00f3ricas e pr\u00e1ticas no ensino superior"}]},{"@type":"WebSite","@id":"https:\/\/ponteseditores.com.br\/loja3\/#website","url":"https:\/\/ponteseditores.com.br\/loja3\/","name":"Pontes Editores","description":"Pontes Editores","publisher":{"@id":"https:\/\/ponteseditores.com.br\/loja3\/#organization"},"potentialAction":[{"@type":"SearchAction","target":{"@type":"EntryPoint","urlTemplate":"https:\/\/ponteseditores.com.br\/loja3\/?s={search_term_string}"},"query-input":{"@type":"PropertyValueSpecification","valueRequired":true,"valueName":"search_term_string"}}],"inLanguage":"pt-BR"},{"@type":"Organization","@id":"https:\/\/ponteseditores.com.br\/loja3\/#organization","name":"Pontes Editores","url":"https:\/\/ponteseditores.com.br\/loja3\/","logo":{"@type":"ImageObject","inLanguage":"pt-BR","@id":"https:\/\/ponteseditores.com.br\/loja3\/#\/schema\/logo\/image\/","url":"https:\/\/ponteseditores.com.br\/loja3\/wp-content\/uploads\/2023\/12\/logo-pontes-editores-v2.png","contentUrl":"https:\/\/ponteseditores.com.br\/loja3\/wp-content\/uploads\/2023\/12\/logo-pontes-editores-v2.png","width":258,"height":100,"caption":"Pontes Editores"},"image":{"@id":"https:\/\/ponteseditores.com.br\/loja3\/#\/schema\/logo\/image\/"}}]}},"_links":{"self":[{"href":"https:\/\/ponteseditores.com.br\/loja3\/wp-json\/wp\/v2\/product\/8476","targetHints":{"allow":["GET"]}}],"collection":[{"href":"https:\/\/ponteseditores.com.br\/loja3\/wp-json\/wp\/v2\/product"}],"about":[{"href":"https:\/\/ponteseditores.com.br\/loja3\/wp-json\/wp\/v2\/types\/product"}],"replies":[{"embeddable":true,"href":"https:\/\/ponteseditores.com.br\/loja3\/wp-json\/wp\/v2\/comments?post=8476"}],"version-history":[{"count":0,"href":"https:\/\/ponteseditores.com.br\/loja3\/wp-json\/wp\/v2\/product\/8476\/revisions"}],"wp:featuredmedia":[{"embeddable":true,"href":"https:\/\/ponteseditores.com.br\/loja3\/wp-json\/wp\/v2\/media\/8475"}],"wp:attachment":[{"href":"https:\/\/ponteseditores.com.br\/loja3\/wp-json\/wp\/v2\/media?parent=8476"}],"wp:term":[{"taxonomy":"product_brand","embeddable":true,"href":"https:\/\/ponteseditores.com.br\/loja3\/wp-json\/wp\/v2\/product_brand?post=8476"},{"taxonomy":"product_cat","embeddable":true,"href":"https:\/\/ponteseditores.com.br\/loja3\/wp-json\/wp\/v2\/product_cat?post=8476"},{"taxonomy":"product_tag","embeddable":true,"href":"https:\/\/ponteseditores.com.br\/loja3\/wp-json\/wp\/v2\/product_tag?post=8476"}],"curies":[{"name":"wp","href":"https:\/\/api.w.org\/{rel}","templated":true}]}}