{"id":8460,"date":"2023-12-16T00:31:07","date_gmt":"2023-12-16T03:31:07","guid":{"rendered":"https:\/\/ponteseditores.com.br\/loja3\/pontes-editores-home-2__trashed\/sem categoria\/megaeventos-esportivosno-brasilreflexoes-criticas-para-o-trabalho-educativo\/"},"modified":"2023-12-16T00:31:07","modified_gmt":"2023-12-16T03:31:07","slug":"megaeventos-esportivosno-brasilreflexoes-criticas-para-o-trabalho-educativo","status":"publish","type":"product","link":"https:\/\/ponteseditores.com.br\/loja3\/pontes-editores-home-2__trashed\/uncategorized\/megaeventos-esportivosno-brasilreflexoes-criticas-para-o-trabalho-educativo\/","title":{"rendered":"MEGAEVENTOS ESPORTIVOSNO BRASIL:REFLEX\u00d5ES CR\u00cdTICAS  PARA O TRABALHO EDUCATIVO"},"content":{"rendered":"<p>O rigor conceitual e a densidade te\u00f3rica d\u00e3o relev\u00e2ncia a esta obra por permitirem a indica\u00e7\u00e3o de contradi\u00e7\u00f5es e de media\u00e7\u00f5es em aspectos fundantes da pr\u00e1tica social numa sociedade capitalista dependente, mas, sobretudo, pela tarefa de subsidiar o trabalho docente em seu cotidiano escolar.<\/p>\n<p>Nesse sentido, o livro proporciona uma reflex\u00e3o do mundo tal como ele \u00e9, e n\u00e3o como se apresenta na sua imediaticidade que, atravessada pelos questionamentos da forma\u00e7\u00e3o humana, se nutre de quest\u00f5es postas por pensadores marxistas cl\u00e1ssicos (Marx, Gramsci e Poulantzas) para compreender o mundo real, em sua totalidade. Condensa as m\u00faltiplas determina\u00e7\u00f5es do sistema capitalista expressas no ato espec\u00edfico da organiza\u00e7\u00e3o de grandes eventos como mercadoria, indicando problem\u00e1ticas relacionadas \u00e0s contradi\u00e7\u00f5es postas de sediar esses megaeventos numa sociedade profundamente desigual: car\u00e1ter espec\u00edfico que o imperialismo assume na nossa forma\u00e7\u00e3o social em sua tend\u00eancia de combinar concentra\u00e7\u00e3o e centraliza\u00e7\u00e3o do capital com desenvolvimento desigual.<\/p>\n<p>A reflex\u00e3o que o coletivo desses professores pesquisadores proporciona, para al\u00e9m do ato em si da organiza\u00e7\u00e3o de megaeventos esportivos, leva-nos a compreender a tens\u00e3o pr\u00f3pria da rela\u00e7\u00e3o social capitalista, como processo e rela\u00e7\u00e3o que insere embates constitutivos da natureza de classes da sociedade capitalista, em suas especificadas estruturais e conjunturais, conforme padr\u00e3o de acumula\u00e7\u00e3o vigente e as formas que assume em cada forma\u00e7\u00e3o social e per\u00edodo hist\u00f3rico.<\/p>\n<p>                                                (Extra\u00eddo do Pref\u00e1cio de V\u00e2nia Motta)<\/p>\n","protected":false},"excerpt":{"rendered":"<p>O rigor conceitual e a densidade te\u00f3rica d\u00e3o relev\u00e2ncia a esta obra por permitirem a indica\u00e7\u00e3o de contradi\u00e7\u00f5es e de media\u00e7\u00f5es em aspectos fundantes da pr\u00e1tica social numa sociedade capitalista dependente, mas, sobretudo, pela tarefa de subsidiar o trabalho docente em seu cotidiano escolar. Nesse sentido, o livro proporciona uma reflex\u00e3o do mundo tal como [&hellip;]<\/p>\n","protected":false},"featured_media":8459,"comment_status":"open","ping_status":"closed","template":"","meta":{"_joinchat":[]},"product_brand":[],"product_cat":[15],"product_tag":[],"class_list":{"0":"post-8460","1":"product","2":"type-product","3":"status-publish","4":"has-post-thumbnail","6":"product_cat-uncategorized","8":"first","9":"instock","10":"shipping-taxable","11":"purchasable","12":"product-type-simple"},"yoast_head":"<!-- This site is optimized with the Yoast SEO plugin v27.4 - https:\/\/yoast.com\/product\/yoast-seo-wordpress\/ -->\n<title>MEGAEVENTOS ESPORTIVOSNO BRASIL:REFLEX\u00d5ES CR\u00cdTICAS PARA O TRABALHO EDUCATIVO - Pontes Editores<\/title>\n<meta name=\"robots\" content=\"index, follow, max-snippet:-1, max-image-preview:large, max-video-preview:-1\" \/>\n<link rel=\"canonical\" href=\"https:\/\/ponteseditores.com.br\/loja3\/pontes-editores-home-2__trashed\/uncategorized\/megaeventos-esportivosno-brasilreflexoes-criticas-para-o-trabalho-educativo\/\" \/>\n<meta property=\"og:locale\" content=\"pt_BR\" \/>\n<meta property=\"og:type\" content=\"article\" \/>\n<meta property=\"og:title\" content=\"MEGAEVENTOS ESPORTIVOSNO BRASIL:REFLEX\u00d5ES CR\u00cdTICAS PARA O TRABALHO EDUCATIVO - Pontes Editores\" \/>\n<meta property=\"og:description\" content=\"O rigor conceitual e a densidade te\u00f3rica d\u00e3o relev\u00e2ncia a esta obra por permitirem a indica\u00e7\u00e3o de contradi\u00e7\u00f5es e de media\u00e7\u00f5es em aspectos fundantes da pr\u00e1tica social numa sociedade capitalista dependente, mas, sobretudo, pela tarefa de subsidiar o trabalho docente em seu cotidiano escolar. Nesse sentido, o livro proporciona uma reflex\u00e3o do mundo tal como [&hellip;]\" \/>\n<meta property=\"og:url\" content=\"https:\/\/ponteseditores.com.br\/loja3\/pontes-editores-home-2__trashed\/uncategorized\/megaeventos-esportivosno-brasilreflexoes-criticas-para-o-trabalho-educativo\/\" \/>\n<meta property=\"og:site_name\" content=\"Pontes Editores\" \/>\n<meta property=\"og:image\" content=\"https:\/\/ponteseditores.com.br\/loja3\/wp-content\/uploads\/2023\/12\/mega1-1.jpg\" \/>\n\t<meta property=\"og:image:width\" content=\"517\" \/>\n\t<meta property=\"og:image:height\" content=\"768\" \/>\n\t<meta property=\"og:image:type\" content=\"image\/jpeg\" \/>\n<meta name=\"twitter:card\" content=\"summary_large_image\" \/>\n<meta name=\"twitter:label1\" content=\"Est. tempo de leitura\" \/>\n\t<meta name=\"twitter:data1\" content=\"1 minuto\" \/>\n<script type=\"application\/ld+json\" class=\"yoast-schema-graph\">{\"@context\":\"https:\\\/\\\/schema.org\",\"@graph\":[{\"@type\":\"WebPage\",\"@id\":\"https:\\\/\\\/ponteseditores.com.br\\\/loja3\\\/pontes-editores-home-2__trashed\\\/uncategorized\\\/megaeventos-esportivosno-brasilreflexoes-criticas-para-o-trabalho-educativo\\\/\",\"url\":\"https:\\\/\\\/ponteseditores.com.br\\\/loja3\\\/pontes-editores-home-2__trashed\\\/uncategorized\\\/megaeventos-esportivosno-brasilreflexoes-criticas-para-o-trabalho-educativo\\\/\",\"name\":\"MEGAEVENTOS ESPORTIVOSNO BRASIL:REFLEX\u00d5ES CR\u00cdTICAS PARA O TRABALHO EDUCATIVO - Pontes Editores\",\"isPartOf\":{\"@id\":\"https:\\\/\\\/ponteseditores.com.br\\\/loja3\\\/#website\"},\"primaryImageOfPage\":{\"@id\":\"https:\\\/\\\/ponteseditores.com.br\\\/loja3\\\/pontes-editores-home-2__trashed\\\/uncategorized\\\/megaeventos-esportivosno-brasilreflexoes-criticas-para-o-trabalho-educativo\\\/#primaryimage\"},\"image\":{\"@id\":\"https:\\\/\\\/ponteseditores.com.br\\\/loja3\\\/pontes-editores-home-2__trashed\\\/uncategorized\\\/megaeventos-esportivosno-brasilreflexoes-criticas-para-o-trabalho-educativo\\\/#primaryimage\"},\"thumbnailUrl\":\"https:\\\/\\\/ponteseditores.com.br\\\/loja3\\\/wp-content\\\/uploads\\\/2023\\\/12\\\/mega1-1.jpg\",\"datePublished\":\"2023-12-16T03:31:07+00:00\",\"breadcrumb\":{\"@id\":\"https:\\\/\\\/ponteseditores.com.br\\\/loja3\\\/pontes-editores-home-2__trashed\\\/uncategorized\\\/megaeventos-esportivosno-brasilreflexoes-criticas-para-o-trabalho-educativo\\\/#breadcrumb\"},\"inLanguage\":\"pt-BR\",\"potentialAction\":[{\"@type\":\"ReadAction\",\"target\":[\"https:\\\/\\\/ponteseditores.com.br\\\/loja3\\\/pontes-editores-home-2__trashed\\\/uncategorized\\\/megaeventos-esportivosno-brasilreflexoes-criticas-para-o-trabalho-educativo\\\/\"]}]},{\"@type\":\"ImageObject\",\"inLanguage\":\"pt-BR\",\"@id\":\"https:\\\/\\\/ponteseditores.com.br\\\/loja3\\\/pontes-editores-home-2__trashed\\\/uncategorized\\\/megaeventos-esportivosno-brasilreflexoes-criticas-para-o-trabalho-educativo\\\/#primaryimage\",\"url\":\"https:\\\/\\\/ponteseditores.com.br\\\/loja3\\\/wp-content\\\/uploads\\\/2023\\\/12\\\/mega1-1.jpg\",\"contentUrl\":\"https:\\\/\\\/ponteseditores.com.br\\\/loja3\\\/wp-content\\\/uploads\\\/2023\\\/12\\\/mega1-1.jpg\",\"width\":517,\"height\":768},{\"@type\":\"BreadcrumbList\",\"@id\":\"https:\\\/\\\/ponteseditores.com.br\\\/loja3\\\/pontes-editores-home-2__trashed\\\/uncategorized\\\/megaeventos-esportivosno-brasilreflexoes-criticas-para-o-trabalho-educativo\\\/#breadcrumb\",\"itemListElement\":[{\"@type\":\"ListItem\",\"position\":1,\"name\":\"Home\",\"item\":\"https:\\\/\\\/ponteseditores.com.br\\\/loja3\\\/\"},{\"@type\":\"ListItem\",\"position\":2,\"name\":\"loja\",\"item\":\"https:\\\/\\\/ponteseditores.com.br\\\/loja3\\\/loja\\\/\"},{\"@type\":\"ListItem\",\"position\":3,\"name\":\"MEGAEVENTOS ESPORTIVOSNO BRASIL:REFLEX\u00d5ES CR\u00cdTICAS PARA O TRABALHO EDUCATIVO\"}]},{\"@type\":\"WebSite\",\"@id\":\"https:\\\/\\\/ponteseditores.com.br\\\/loja3\\\/#website\",\"url\":\"https:\\\/\\\/ponteseditores.com.br\\\/loja3\\\/\",\"name\":\"Pontes Editores\",\"description\":\"Pontes Editores\",\"publisher\":{\"@id\":\"https:\\\/\\\/ponteseditores.com.br\\\/loja3\\\/#organization\"},\"potentialAction\":[{\"@type\":\"SearchAction\",\"target\":{\"@type\":\"EntryPoint\",\"urlTemplate\":\"https:\\\/\\\/ponteseditores.com.br\\\/loja3\\\/?s={search_term_string}\"},\"query-input\":{\"@type\":\"PropertyValueSpecification\",\"valueRequired\":true,\"valueName\":\"search_term_string\"}}],\"inLanguage\":\"pt-BR\"},{\"@type\":\"Organization\",\"@id\":\"https:\\\/\\\/ponteseditores.com.br\\\/loja3\\\/#organization\",\"name\":\"Pontes Editores\",\"url\":\"https:\\\/\\\/ponteseditores.com.br\\\/loja3\\\/\",\"logo\":{\"@type\":\"ImageObject\",\"inLanguage\":\"pt-BR\",\"@id\":\"https:\\\/\\\/ponteseditores.com.br\\\/loja3\\\/#\\\/schema\\\/logo\\\/image\\\/\",\"url\":\"https:\\\/\\\/ponteseditores.com.br\\\/loja3\\\/wp-content\\\/uploads\\\/2023\\\/12\\\/logo-pontes-editores-v2.png\",\"contentUrl\":\"https:\\\/\\\/ponteseditores.com.br\\\/loja3\\\/wp-content\\\/uploads\\\/2023\\\/12\\\/logo-pontes-editores-v2.png\",\"width\":258,\"height\":100,\"caption\":\"Pontes Editores\"},\"image\":{\"@id\":\"https:\\\/\\\/ponteseditores.com.br\\\/loja3\\\/#\\\/schema\\\/logo\\\/image\\\/\"}}]}<\/script>\n<!-- \/ Yoast SEO plugin. -->","yoast_head_json":{"title":"MEGAEVENTOS ESPORTIVOSNO BRASIL:REFLEX\u00d5ES CR\u00cdTICAS PARA O TRABALHO EDUCATIVO - Pontes Editores","robots":{"index":"index","follow":"follow","max-snippet":"max-snippet:-1","max-image-preview":"max-image-preview:large","max-video-preview":"max-video-preview:-1"},"canonical":"https:\/\/ponteseditores.com.br\/loja3\/pontes-editores-home-2__trashed\/uncategorized\/megaeventos-esportivosno-brasilreflexoes-criticas-para-o-trabalho-educativo\/","og_locale":"pt_BR","og_type":"article","og_title":"MEGAEVENTOS ESPORTIVOSNO BRASIL:REFLEX\u00d5ES CR\u00cdTICAS PARA O TRABALHO EDUCATIVO - Pontes Editores","og_description":"O rigor conceitual e a densidade te\u00f3rica d\u00e3o relev\u00e2ncia a esta obra por permitirem a indica\u00e7\u00e3o de contradi\u00e7\u00f5es e de media\u00e7\u00f5es em aspectos fundantes da pr\u00e1tica social numa sociedade capitalista dependente, mas, sobretudo, pela tarefa de subsidiar o trabalho docente em seu cotidiano escolar. Nesse sentido, o livro proporciona uma reflex\u00e3o do mundo tal como [&hellip;]","og_url":"https:\/\/ponteseditores.com.br\/loja3\/pontes-editores-home-2__trashed\/uncategorized\/megaeventos-esportivosno-brasilreflexoes-criticas-para-o-trabalho-educativo\/","og_site_name":"Pontes Editores","og_image":[{"width":517,"height":768,"url":"https:\/\/ponteseditores.com.br\/loja3\/wp-content\/uploads\/2023\/12\/mega1-1.jpg","type":"image\/jpeg"}],"twitter_card":"summary_large_image","twitter_misc":{"Est. tempo de leitura":"1 minuto"},"schema":{"@context":"https:\/\/schema.org","@graph":[{"@type":"WebPage","@id":"https:\/\/ponteseditores.com.br\/loja3\/pontes-editores-home-2__trashed\/uncategorized\/megaeventos-esportivosno-brasilreflexoes-criticas-para-o-trabalho-educativo\/","url":"https:\/\/ponteseditores.com.br\/loja3\/pontes-editores-home-2__trashed\/uncategorized\/megaeventos-esportivosno-brasilreflexoes-criticas-para-o-trabalho-educativo\/","name":"MEGAEVENTOS ESPORTIVOSNO BRASIL:REFLEX\u00d5ES CR\u00cdTICAS PARA O TRABALHO EDUCATIVO - Pontes Editores","isPartOf":{"@id":"https:\/\/ponteseditores.com.br\/loja3\/#website"},"primaryImageOfPage":{"@id":"https:\/\/ponteseditores.com.br\/loja3\/pontes-editores-home-2__trashed\/uncategorized\/megaeventos-esportivosno-brasilreflexoes-criticas-para-o-trabalho-educativo\/#primaryimage"},"image":{"@id":"https:\/\/ponteseditores.com.br\/loja3\/pontes-editores-home-2__trashed\/uncategorized\/megaeventos-esportivosno-brasilreflexoes-criticas-para-o-trabalho-educativo\/#primaryimage"},"thumbnailUrl":"https:\/\/ponteseditores.com.br\/loja3\/wp-content\/uploads\/2023\/12\/mega1-1.jpg","datePublished":"2023-12-16T03:31:07+00:00","breadcrumb":{"@id":"https:\/\/ponteseditores.com.br\/loja3\/pontes-editores-home-2__trashed\/uncategorized\/megaeventos-esportivosno-brasilreflexoes-criticas-para-o-trabalho-educativo\/#breadcrumb"},"inLanguage":"pt-BR","potentialAction":[{"@type":"ReadAction","target":["https:\/\/ponteseditores.com.br\/loja3\/pontes-editores-home-2__trashed\/uncategorized\/megaeventos-esportivosno-brasilreflexoes-criticas-para-o-trabalho-educativo\/"]}]},{"@type":"ImageObject","inLanguage":"pt-BR","@id":"https:\/\/ponteseditores.com.br\/loja3\/pontes-editores-home-2__trashed\/uncategorized\/megaeventos-esportivosno-brasilreflexoes-criticas-para-o-trabalho-educativo\/#primaryimage","url":"https:\/\/ponteseditores.com.br\/loja3\/wp-content\/uploads\/2023\/12\/mega1-1.jpg","contentUrl":"https:\/\/ponteseditores.com.br\/loja3\/wp-content\/uploads\/2023\/12\/mega1-1.jpg","width":517,"height":768},{"@type":"BreadcrumbList","@id":"https:\/\/ponteseditores.com.br\/loja3\/pontes-editores-home-2__trashed\/uncategorized\/megaeventos-esportivosno-brasilreflexoes-criticas-para-o-trabalho-educativo\/#breadcrumb","itemListElement":[{"@type":"ListItem","position":1,"name":"Home","item":"https:\/\/ponteseditores.com.br\/loja3\/"},{"@type":"ListItem","position":2,"name":"loja","item":"https:\/\/ponteseditores.com.br\/loja3\/loja\/"},{"@type":"ListItem","position":3,"name":"MEGAEVENTOS ESPORTIVOSNO BRASIL:REFLEX\u00d5ES CR\u00cdTICAS PARA O TRABALHO EDUCATIVO"}]},{"@type":"WebSite","@id":"https:\/\/ponteseditores.com.br\/loja3\/#website","url":"https:\/\/ponteseditores.com.br\/loja3\/","name":"Pontes Editores","description":"Pontes Editores","publisher":{"@id":"https:\/\/ponteseditores.com.br\/loja3\/#organization"},"potentialAction":[{"@type":"SearchAction","target":{"@type":"EntryPoint","urlTemplate":"https:\/\/ponteseditores.com.br\/loja3\/?s={search_term_string}"},"query-input":{"@type":"PropertyValueSpecification","valueRequired":true,"valueName":"search_term_string"}}],"inLanguage":"pt-BR"},{"@type":"Organization","@id":"https:\/\/ponteseditores.com.br\/loja3\/#organization","name":"Pontes Editores","url":"https:\/\/ponteseditores.com.br\/loja3\/","logo":{"@type":"ImageObject","inLanguage":"pt-BR","@id":"https:\/\/ponteseditores.com.br\/loja3\/#\/schema\/logo\/image\/","url":"https:\/\/ponteseditores.com.br\/loja3\/wp-content\/uploads\/2023\/12\/logo-pontes-editores-v2.png","contentUrl":"https:\/\/ponteseditores.com.br\/loja3\/wp-content\/uploads\/2023\/12\/logo-pontes-editores-v2.png","width":258,"height":100,"caption":"Pontes Editores"},"image":{"@id":"https:\/\/ponteseditores.com.br\/loja3\/#\/schema\/logo\/image\/"}}]}},"_links":{"self":[{"href":"https:\/\/ponteseditores.com.br\/loja3\/wp-json\/wp\/v2\/product\/8460","targetHints":{"allow":["GET"]}}],"collection":[{"href":"https:\/\/ponteseditores.com.br\/loja3\/wp-json\/wp\/v2\/product"}],"about":[{"href":"https:\/\/ponteseditores.com.br\/loja3\/wp-json\/wp\/v2\/types\/product"}],"replies":[{"embeddable":true,"href":"https:\/\/ponteseditores.com.br\/loja3\/wp-json\/wp\/v2\/comments?post=8460"}],"version-history":[{"count":0,"href":"https:\/\/ponteseditores.com.br\/loja3\/wp-json\/wp\/v2\/product\/8460\/revisions"}],"wp:featuredmedia":[{"embeddable":true,"href":"https:\/\/ponteseditores.com.br\/loja3\/wp-json\/wp\/v2\/media\/8459"}],"wp:attachment":[{"href":"https:\/\/ponteseditores.com.br\/loja3\/wp-json\/wp\/v2\/media?parent=8460"}],"wp:term":[{"taxonomy":"product_brand","embeddable":true,"href":"https:\/\/ponteseditores.com.br\/loja3\/wp-json\/wp\/v2\/product_brand?post=8460"},{"taxonomy":"product_cat","embeddable":true,"href":"https:\/\/ponteseditores.com.br\/loja3\/wp-json\/wp\/v2\/product_cat?post=8460"},{"taxonomy":"product_tag","embeddable":true,"href":"https:\/\/ponteseditores.com.br\/loja3\/wp-json\/wp\/v2\/product_tag?post=8460"}],"curies":[{"name":"wp","href":"https:\/\/api.w.org\/{rel}","templated":true}]}}