{"id":8456,"date":"2023-12-16T00:31:05","date_gmt":"2023-12-16T03:31:05","guid":{"rendered":"https:\/\/ponteseditores.com.br\/loja3\/pontes-editores-home-2__trashed\/sem categoria\/uma-cronologia-critica-da-musica-brasileira-de-1500-a-2000\/"},"modified":"2023-12-16T00:31:05","modified_gmt":"2023-12-16T03:31:05","slug":"uma-cronologia-critica-da-musica-brasileira-de-1500-a-2000","status":"publish","type":"product","link":"https:\/\/ponteseditores.com.br\/loja3\/pontes-editores-home-2__trashed\/uncategorized\/uma-cronologia-critica-da-musica-brasileira-de-1500-a-2000\/","title":{"rendered":"UMA CRONOLOGIA CR\u00cdTICA DA M\u00daSICA BRASILEIRA (DE 1500 A 2000)"},"content":{"rendered":"<p>J\u00e1 \u00e9 tempo, ap\u00f3s 500 anos de vida civilizacional, de se divulgar a m\u00fasica brasileira (e tamb\u00e9m a de outras culturas) aos brasileiros, que, quando s\u00e3o levados a ouvi-la, costumam aplaudi-la com entusiasmo, porque somos um povo musical e exuberantemente amigo da m\u00fasica, podendo e devendo encontrar nela, mais uma agrad\u00e1vel e gratificante forma de lazer emocional: basta que ela chegue at\u00e9 n\u00f3s.<\/p>\n<p>\u00c9 essa a inten\u00e7\u00e3o b\u00e1sica que nos motivou a fazer deste livro, uma esp\u00e9cie de &#8220;anu\u00e1rio penta-secular&#8221; de m\u00fasica brasileira, que assinale de maneira clara e cronologicamente sequencializados, os nossos primeiros quinhentos anos de m\u00fasica rica e espiritualmente enriquecedora, que \u00e9 um dos mais leg\u00edtimos orgulhos de nosso Fazer e de nossos Saberes culturais.<\/p>\n<p>E, como ver\u00e1 o leitor, a m\u00fasica brasileira de alto repert\u00f3rio tem hist\u00f3rias interessant\u00edssimas a serem contadas e que, conhecidas, ser\u00e3o por certo um grande est\u00edmulo a ouvirmos a nossa M\u00fasica Maior, e a nos envolvermos emocional e esteticamente com ela.<\/p>\n","protected":false},"excerpt":{"rendered":"<p>J\u00e1 \u00e9 tempo, ap\u00f3s 500 anos de vida civilizacional, de se divulgar a m\u00fasica brasileira (e tamb\u00e9m a de outras culturas) aos brasileiros, que, quando s\u00e3o levados a ouvi-la, costumam aplaudi-la com entusiasmo, porque somos um povo musical e exuberantemente amigo da m\u00fasica, podendo e devendo encontrar nela, mais uma agrad\u00e1vel e gratificante forma de [&hellip;]<\/p>\n","protected":false},"featured_media":8455,"comment_status":"open","ping_status":"closed","template":"","meta":{"_joinchat":[]},"product_brand":[],"product_cat":[15],"product_tag":[],"class_list":{"0":"post-8456","1":"product","2":"type-product","3":"status-publish","4":"has-post-thumbnail","6":"product_cat-uncategorized","8":"first","9":"instock","10":"shipping-taxable","11":"purchasable","12":"product-type-simple"},"yoast_head":"<!-- This site is optimized with the Yoast SEO plugin v27.4 - https:\/\/yoast.com\/product\/yoast-seo-wordpress\/ -->\n<title>UMA CRONOLOGIA CR\u00cdTICA DA M\u00daSICA BRASILEIRA (DE 1500 A 2000) - Pontes Editores<\/title>\n<meta name=\"robots\" content=\"index, follow, max-snippet:-1, max-image-preview:large, max-video-preview:-1\" \/>\n<link rel=\"canonical\" href=\"https:\/\/ponteseditores.com.br\/loja3\/pontes-editores-home-2__trashed\/uncategorized\/uma-cronologia-critica-da-musica-brasileira-de-1500-a-2000\/\" \/>\n<meta property=\"og:locale\" content=\"pt_BR\" \/>\n<meta property=\"og:type\" content=\"article\" \/>\n<meta property=\"og:title\" content=\"UMA CRONOLOGIA CR\u00cdTICA DA M\u00daSICA BRASILEIRA (DE 1500 A 2000) - Pontes Editores\" \/>\n<meta property=\"og:description\" content=\"J\u00e1 \u00e9 tempo, ap\u00f3s 500 anos de vida civilizacional, de se divulgar a m\u00fasica brasileira (e tamb\u00e9m a de outras culturas) aos brasileiros, que, quando s\u00e3o levados a ouvi-la, costumam aplaudi-la com entusiasmo, porque somos um povo musical e exuberantemente amigo da m\u00fasica, podendo e devendo encontrar nela, mais uma agrad\u00e1vel e gratificante forma de [&hellip;]\" \/>\n<meta property=\"og:url\" content=\"https:\/\/ponteseditores.com.br\/loja3\/pontes-editores-home-2__trashed\/uncategorized\/uma-cronologia-critica-da-musica-brasileira-de-1500-a-2000\/\" \/>\n<meta property=\"og:site_name\" content=\"Pontes Editores\" \/>\n<meta property=\"og:image\" content=\"https:\/\/ponteseditores.com.br\/loja3\/wp-content\/uploads\/2023\/12\/crono1-1.jpg\" \/>\n\t<meta property=\"og:image:width\" content=\"406\" \/>\n\t<meta property=\"og:image:height\" content=\"600\" \/>\n\t<meta property=\"og:image:type\" content=\"image\/jpeg\" \/>\n<meta name=\"twitter:card\" content=\"summary_large_image\" \/>\n<meta name=\"twitter:label1\" content=\"Est. tempo de leitura\" \/>\n\t<meta name=\"twitter:data1\" content=\"1 minuto\" \/>\n<script type=\"application\/ld+json\" class=\"yoast-schema-graph\">{\"@context\":\"https:\\\/\\\/schema.org\",\"@graph\":[{\"@type\":\"WebPage\",\"@id\":\"https:\\\/\\\/ponteseditores.com.br\\\/loja3\\\/pontes-editores-home-2__trashed\\\/uncategorized\\\/uma-cronologia-critica-da-musica-brasileira-de-1500-a-2000\\\/\",\"url\":\"https:\\\/\\\/ponteseditores.com.br\\\/loja3\\\/pontes-editores-home-2__trashed\\\/uncategorized\\\/uma-cronologia-critica-da-musica-brasileira-de-1500-a-2000\\\/\",\"name\":\"UMA CRONOLOGIA CR\u00cdTICA DA M\u00daSICA BRASILEIRA (DE 1500 A 2000) - Pontes Editores\",\"isPartOf\":{\"@id\":\"https:\\\/\\\/ponteseditores.com.br\\\/loja3\\\/#website\"},\"primaryImageOfPage\":{\"@id\":\"https:\\\/\\\/ponteseditores.com.br\\\/loja3\\\/pontes-editores-home-2__trashed\\\/uncategorized\\\/uma-cronologia-critica-da-musica-brasileira-de-1500-a-2000\\\/#primaryimage\"},\"image\":{\"@id\":\"https:\\\/\\\/ponteseditores.com.br\\\/loja3\\\/pontes-editores-home-2__trashed\\\/uncategorized\\\/uma-cronologia-critica-da-musica-brasileira-de-1500-a-2000\\\/#primaryimage\"},\"thumbnailUrl\":\"https:\\\/\\\/ponteseditores.com.br\\\/loja3\\\/wp-content\\\/uploads\\\/2023\\\/12\\\/crono1-1.jpg\",\"datePublished\":\"2023-12-16T03:31:05+00:00\",\"breadcrumb\":{\"@id\":\"https:\\\/\\\/ponteseditores.com.br\\\/loja3\\\/pontes-editores-home-2__trashed\\\/uncategorized\\\/uma-cronologia-critica-da-musica-brasileira-de-1500-a-2000\\\/#breadcrumb\"},\"inLanguage\":\"pt-BR\",\"potentialAction\":[{\"@type\":\"ReadAction\",\"target\":[\"https:\\\/\\\/ponteseditores.com.br\\\/loja3\\\/pontes-editores-home-2__trashed\\\/uncategorized\\\/uma-cronologia-critica-da-musica-brasileira-de-1500-a-2000\\\/\"]}]},{\"@type\":\"ImageObject\",\"inLanguage\":\"pt-BR\",\"@id\":\"https:\\\/\\\/ponteseditores.com.br\\\/loja3\\\/pontes-editores-home-2__trashed\\\/uncategorized\\\/uma-cronologia-critica-da-musica-brasileira-de-1500-a-2000\\\/#primaryimage\",\"url\":\"https:\\\/\\\/ponteseditores.com.br\\\/loja3\\\/wp-content\\\/uploads\\\/2023\\\/12\\\/crono1-1.jpg\",\"contentUrl\":\"https:\\\/\\\/ponteseditores.com.br\\\/loja3\\\/wp-content\\\/uploads\\\/2023\\\/12\\\/crono1-1.jpg\",\"width\":406,\"height\":600},{\"@type\":\"BreadcrumbList\",\"@id\":\"https:\\\/\\\/ponteseditores.com.br\\\/loja3\\\/pontes-editores-home-2__trashed\\\/uncategorized\\\/uma-cronologia-critica-da-musica-brasileira-de-1500-a-2000\\\/#breadcrumb\",\"itemListElement\":[{\"@type\":\"ListItem\",\"position\":1,\"name\":\"Home\",\"item\":\"https:\\\/\\\/ponteseditores.com.br\\\/loja3\\\/\"},{\"@type\":\"ListItem\",\"position\":2,\"name\":\"loja\",\"item\":\"https:\\\/\\\/ponteseditores.com.br\\\/loja3\\\/loja\\\/\"},{\"@type\":\"ListItem\",\"position\":3,\"name\":\"UMA CRONOLOGIA CR\u00cdTICA DA M\u00daSICA BRASILEIRA (DE 1500 A 2000)\"}]},{\"@type\":\"WebSite\",\"@id\":\"https:\\\/\\\/ponteseditores.com.br\\\/loja3\\\/#website\",\"url\":\"https:\\\/\\\/ponteseditores.com.br\\\/loja3\\\/\",\"name\":\"Pontes Editores\",\"description\":\"Pontes Editores\",\"publisher\":{\"@id\":\"https:\\\/\\\/ponteseditores.com.br\\\/loja3\\\/#organization\"},\"potentialAction\":[{\"@type\":\"SearchAction\",\"target\":{\"@type\":\"EntryPoint\",\"urlTemplate\":\"https:\\\/\\\/ponteseditores.com.br\\\/loja3\\\/?s={search_term_string}\"},\"query-input\":{\"@type\":\"PropertyValueSpecification\",\"valueRequired\":true,\"valueName\":\"search_term_string\"}}],\"inLanguage\":\"pt-BR\"},{\"@type\":\"Organization\",\"@id\":\"https:\\\/\\\/ponteseditores.com.br\\\/loja3\\\/#organization\",\"name\":\"Pontes Editores\",\"url\":\"https:\\\/\\\/ponteseditores.com.br\\\/loja3\\\/\",\"logo\":{\"@type\":\"ImageObject\",\"inLanguage\":\"pt-BR\",\"@id\":\"https:\\\/\\\/ponteseditores.com.br\\\/loja3\\\/#\\\/schema\\\/logo\\\/image\\\/\",\"url\":\"https:\\\/\\\/ponteseditores.com.br\\\/loja3\\\/wp-content\\\/uploads\\\/2023\\\/12\\\/logo-pontes-editores-v2.png\",\"contentUrl\":\"https:\\\/\\\/ponteseditores.com.br\\\/loja3\\\/wp-content\\\/uploads\\\/2023\\\/12\\\/logo-pontes-editores-v2.png\",\"width\":258,\"height\":100,\"caption\":\"Pontes Editores\"},\"image\":{\"@id\":\"https:\\\/\\\/ponteseditores.com.br\\\/loja3\\\/#\\\/schema\\\/logo\\\/image\\\/\"}}]}<\/script>\n<!-- \/ Yoast SEO plugin. -->","yoast_head_json":{"title":"UMA CRONOLOGIA CR\u00cdTICA DA M\u00daSICA BRASILEIRA (DE 1500 A 2000) - Pontes Editores","robots":{"index":"index","follow":"follow","max-snippet":"max-snippet:-1","max-image-preview":"max-image-preview:large","max-video-preview":"max-video-preview:-1"},"canonical":"https:\/\/ponteseditores.com.br\/loja3\/pontes-editores-home-2__trashed\/uncategorized\/uma-cronologia-critica-da-musica-brasileira-de-1500-a-2000\/","og_locale":"pt_BR","og_type":"article","og_title":"UMA CRONOLOGIA CR\u00cdTICA DA M\u00daSICA BRASILEIRA (DE 1500 A 2000) - Pontes Editores","og_description":"J\u00e1 \u00e9 tempo, ap\u00f3s 500 anos de vida civilizacional, de se divulgar a m\u00fasica brasileira (e tamb\u00e9m a de outras culturas) aos brasileiros, que, quando s\u00e3o levados a ouvi-la, costumam aplaudi-la com entusiasmo, porque somos um povo musical e exuberantemente amigo da m\u00fasica, podendo e devendo encontrar nela, mais uma agrad\u00e1vel e gratificante forma de [&hellip;]","og_url":"https:\/\/ponteseditores.com.br\/loja3\/pontes-editores-home-2__trashed\/uncategorized\/uma-cronologia-critica-da-musica-brasileira-de-1500-a-2000\/","og_site_name":"Pontes Editores","og_image":[{"width":406,"height":600,"url":"https:\/\/ponteseditores.com.br\/loja3\/wp-content\/uploads\/2023\/12\/crono1-1.jpg","type":"image\/jpeg"}],"twitter_card":"summary_large_image","twitter_misc":{"Est. tempo de leitura":"1 minuto"},"schema":{"@context":"https:\/\/schema.org","@graph":[{"@type":"WebPage","@id":"https:\/\/ponteseditores.com.br\/loja3\/pontes-editores-home-2__trashed\/uncategorized\/uma-cronologia-critica-da-musica-brasileira-de-1500-a-2000\/","url":"https:\/\/ponteseditores.com.br\/loja3\/pontes-editores-home-2__trashed\/uncategorized\/uma-cronologia-critica-da-musica-brasileira-de-1500-a-2000\/","name":"UMA CRONOLOGIA CR\u00cdTICA DA M\u00daSICA BRASILEIRA (DE 1500 A 2000) - Pontes Editores","isPartOf":{"@id":"https:\/\/ponteseditores.com.br\/loja3\/#website"},"primaryImageOfPage":{"@id":"https:\/\/ponteseditores.com.br\/loja3\/pontes-editores-home-2__trashed\/uncategorized\/uma-cronologia-critica-da-musica-brasileira-de-1500-a-2000\/#primaryimage"},"image":{"@id":"https:\/\/ponteseditores.com.br\/loja3\/pontes-editores-home-2__trashed\/uncategorized\/uma-cronologia-critica-da-musica-brasileira-de-1500-a-2000\/#primaryimage"},"thumbnailUrl":"https:\/\/ponteseditores.com.br\/loja3\/wp-content\/uploads\/2023\/12\/crono1-1.jpg","datePublished":"2023-12-16T03:31:05+00:00","breadcrumb":{"@id":"https:\/\/ponteseditores.com.br\/loja3\/pontes-editores-home-2__trashed\/uncategorized\/uma-cronologia-critica-da-musica-brasileira-de-1500-a-2000\/#breadcrumb"},"inLanguage":"pt-BR","potentialAction":[{"@type":"ReadAction","target":["https:\/\/ponteseditores.com.br\/loja3\/pontes-editores-home-2__trashed\/uncategorized\/uma-cronologia-critica-da-musica-brasileira-de-1500-a-2000\/"]}]},{"@type":"ImageObject","inLanguage":"pt-BR","@id":"https:\/\/ponteseditores.com.br\/loja3\/pontes-editores-home-2__trashed\/uncategorized\/uma-cronologia-critica-da-musica-brasileira-de-1500-a-2000\/#primaryimage","url":"https:\/\/ponteseditores.com.br\/loja3\/wp-content\/uploads\/2023\/12\/crono1-1.jpg","contentUrl":"https:\/\/ponteseditores.com.br\/loja3\/wp-content\/uploads\/2023\/12\/crono1-1.jpg","width":406,"height":600},{"@type":"BreadcrumbList","@id":"https:\/\/ponteseditores.com.br\/loja3\/pontes-editores-home-2__trashed\/uncategorized\/uma-cronologia-critica-da-musica-brasileira-de-1500-a-2000\/#breadcrumb","itemListElement":[{"@type":"ListItem","position":1,"name":"Home","item":"https:\/\/ponteseditores.com.br\/loja3\/"},{"@type":"ListItem","position":2,"name":"loja","item":"https:\/\/ponteseditores.com.br\/loja3\/loja\/"},{"@type":"ListItem","position":3,"name":"UMA CRONOLOGIA CR\u00cdTICA DA M\u00daSICA BRASILEIRA (DE 1500 A 2000)"}]},{"@type":"WebSite","@id":"https:\/\/ponteseditores.com.br\/loja3\/#website","url":"https:\/\/ponteseditores.com.br\/loja3\/","name":"Pontes Editores","description":"Pontes Editores","publisher":{"@id":"https:\/\/ponteseditores.com.br\/loja3\/#organization"},"potentialAction":[{"@type":"SearchAction","target":{"@type":"EntryPoint","urlTemplate":"https:\/\/ponteseditores.com.br\/loja3\/?s={search_term_string}"},"query-input":{"@type":"PropertyValueSpecification","valueRequired":true,"valueName":"search_term_string"}}],"inLanguage":"pt-BR"},{"@type":"Organization","@id":"https:\/\/ponteseditores.com.br\/loja3\/#organization","name":"Pontes Editores","url":"https:\/\/ponteseditores.com.br\/loja3\/","logo":{"@type":"ImageObject","inLanguage":"pt-BR","@id":"https:\/\/ponteseditores.com.br\/loja3\/#\/schema\/logo\/image\/","url":"https:\/\/ponteseditores.com.br\/loja3\/wp-content\/uploads\/2023\/12\/logo-pontes-editores-v2.png","contentUrl":"https:\/\/ponteseditores.com.br\/loja3\/wp-content\/uploads\/2023\/12\/logo-pontes-editores-v2.png","width":258,"height":100,"caption":"Pontes Editores"},"image":{"@id":"https:\/\/ponteseditores.com.br\/loja3\/#\/schema\/logo\/image\/"}}]}},"_links":{"self":[{"href":"https:\/\/ponteseditores.com.br\/loja3\/wp-json\/wp\/v2\/product\/8456","targetHints":{"allow":["GET"]}}],"collection":[{"href":"https:\/\/ponteseditores.com.br\/loja3\/wp-json\/wp\/v2\/product"}],"about":[{"href":"https:\/\/ponteseditores.com.br\/loja3\/wp-json\/wp\/v2\/types\/product"}],"replies":[{"embeddable":true,"href":"https:\/\/ponteseditores.com.br\/loja3\/wp-json\/wp\/v2\/comments?post=8456"}],"version-history":[{"count":0,"href":"https:\/\/ponteseditores.com.br\/loja3\/wp-json\/wp\/v2\/product\/8456\/revisions"}],"wp:featuredmedia":[{"embeddable":true,"href":"https:\/\/ponteseditores.com.br\/loja3\/wp-json\/wp\/v2\/media\/8455"}],"wp:attachment":[{"href":"https:\/\/ponteseditores.com.br\/loja3\/wp-json\/wp\/v2\/media?parent=8456"}],"wp:term":[{"taxonomy":"product_brand","embeddable":true,"href":"https:\/\/ponteseditores.com.br\/loja3\/wp-json\/wp\/v2\/product_brand?post=8456"},{"taxonomy":"product_cat","embeddable":true,"href":"https:\/\/ponteseditores.com.br\/loja3\/wp-json\/wp\/v2\/product_cat?post=8456"},{"taxonomy":"product_tag","embeddable":true,"href":"https:\/\/ponteseditores.com.br\/loja3\/wp-json\/wp\/v2\/product_tag?post=8456"}],"curies":[{"name":"wp","href":"https:\/\/api.w.org\/{rel}","templated":true}]}}