{"id":8428,"date":"2023-12-16T00:30:50","date_gmt":"2023-12-16T03:30:50","guid":{"rendered":"https:\/\/ponteseditores.com.br\/loja3\/pontes-editores-home-2__trashed\/sem categoria\/dimensoes-comunicativas-no-ensino-de-linguas-edicao-comemorativa-20-anos\/"},"modified":"2026-03-23T20:31:30","modified_gmt":"2026-03-23T23:31:30","slug":"dimensoes-comunicativas-no-ensino-de-linguas-edicao-comemorativa-20-anos","status":"publish","type":"product","link":"https:\/\/ponteseditores.com.br\/loja3\/pontes-editores-home-2__trashed\/uncategorized\/dimensoes-comunicativas-no-ensino-de-linguas-edicao-comemorativa-20-anos\/","title":{"rendered":"Dimens\u00f5es Comunicativas no Ensino de L\u00ednguas &#8211; edi\u00e7\u00e3o comemorativa 20 anos"},"content":{"rendered":"<p>Acima dos m\u00e9todos, a filosofia ou abordagem de ensinar \u00e9 uma vis\u00e3o de trabalho combinada com um sentido de aprender os conte\u00fados importantes da l\u00edngua que estamos ensinando ou que vamos ensinar. Ela serve para orientar o trabalho do professor caracterizando-o na qualidade obtida por sua natureza. Das duas grandes abordagens hoje frequentemente reconhecidas, a saber,a GRAMATICAL ou formal\/construcional, a segunda \u00e9 a que tem merecido mais aten\u00e7\u00e3o no ensino e na pesquisa aplicada. \u00c9 para mostr\u00e1-la como op\u00e7\u00e3o orientadora do trabalho de professores e aprendentes de idiomas que o livro &#8220;Dimens\u00f5es Comunicativas no Ensino de L\u00ednguas&#8221; foi composto.<\/p>\n","protected":false},"excerpt":{"rendered":"<p>Acima dos m\u00e9todos, a filosofia ou abordagem de ensinar \u00e9 uma vis\u00e3o de trabalho combinada com um sentido de aprender os conte\u00fados importantes da l\u00edngua que estamos ensinando ou que vamos ensinar. Ela serve para orientar o trabalho do professor caracterizando-o na qualidade obtida por sua natureza. Das duas grandes abordagens hoje frequentemente reconhecidas, a [&hellip;]<\/p>\n","protected":false},"featured_media":8427,"comment_status":"open","ping_status":"closed","template":"","meta":{"_joinchat":[]},"product_brand":[],"product_cat":[15],"product_tag":[],"class_list":{"0":"post-8428","1":"product","2":"type-product","3":"status-publish","4":"has-post-thumbnail","6":"product_cat-uncategorized","8":"first","9":"instock","10":"shipping-taxable","11":"purchasable","12":"product-type-simple"},"yoast_head":"<!-- This site is optimized with the Yoast SEO plugin v27.4 - https:\/\/yoast.com\/product\/yoast-seo-wordpress\/ -->\n<title>Dimens\u00f5es Comunicativas no Ensino de L\u00ednguas - edi\u00e7\u00e3o comemorativa 20 anos - Pontes Editores<\/title>\n<meta name=\"robots\" content=\"index, follow, max-snippet:-1, max-image-preview:large, max-video-preview:-1\" \/>\n<link rel=\"canonical\" href=\"https:\/\/ponteseditores.com.br\/loja3\/pontes-editores-home-2__trashed\/uncategorized\/dimensoes-comunicativas-no-ensino-de-linguas-edicao-comemorativa-20-anos\/\" \/>\n<meta property=\"og:locale\" content=\"pt_BR\" \/>\n<meta property=\"og:type\" content=\"article\" \/>\n<meta property=\"og:title\" content=\"Dimens\u00f5es Comunicativas no Ensino de L\u00ednguas - edi\u00e7\u00e3o comemorativa 20 anos - Pontes Editores\" \/>\n<meta property=\"og:description\" content=\"Acima dos m\u00e9todos, a filosofia ou abordagem de ensinar \u00e9 uma vis\u00e3o de trabalho combinada com um sentido de aprender os conte\u00fados importantes da l\u00edngua que estamos ensinando ou que vamos ensinar. Ela serve para orientar o trabalho do professor caracterizando-o na qualidade obtida por sua natureza. Das duas grandes abordagens hoje frequentemente reconhecidas, a [&hellip;]\" \/>\n<meta property=\"og:url\" content=\"https:\/\/ponteseditores.com.br\/loja3\/pontes-editores-home-2__trashed\/uncategorized\/dimensoes-comunicativas-no-ensino-de-linguas-edicao-comemorativa-20-anos\/\" \/>\n<meta property=\"og:site_name\" content=\"Pontes Editores\" \/>\n<meta property=\"article:modified_time\" content=\"2026-03-23T23:31:30+00:00\" \/>\n<meta property=\"og:image\" content=\"https:\/\/ponteseditores.com.br\/loja3\/wp-content\/uploads\/2023\/12\/imgG565-1.jpg\" \/>\n\t<meta property=\"og:image:width\" content=\"192\" \/>\n\t<meta property=\"og:image:height\" content=\"300\" \/>\n\t<meta property=\"og:image:type\" content=\"image\/jpeg\" \/>\n<meta name=\"twitter:card\" content=\"summary_large_image\" \/>\n<meta name=\"twitter:label1\" content=\"Est. tempo de leitura\" \/>\n\t<meta name=\"twitter:data1\" content=\"1 minuto\" \/>\n<script type=\"application\/ld+json\" class=\"yoast-schema-graph\">{\"@context\":\"https:\\\/\\\/schema.org\",\"@graph\":[{\"@type\":\"WebPage\",\"@id\":\"https:\\\/\\\/ponteseditores.com.br\\\/loja3\\\/pontes-editores-home-2__trashed\\\/uncategorized\\\/dimensoes-comunicativas-no-ensino-de-linguas-edicao-comemorativa-20-anos\\\/\",\"url\":\"https:\\\/\\\/ponteseditores.com.br\\\/loja3\\\/pontes-editores-home-2__trashed\\\/uncategorized\\\/dimensoes-comunicativas-no-ensino-de-linguas-edicao-comemorativa-20-anos\\\/\",\"name\":\"Dimens\u00f5es Comunicativas no Ensino de L\u00ednguas - edi\u00e7\u00e3o comemorativa 20 anos - Pontes Editores\",\"isPartOf\":{\"@id\":\"https:\\\/\\\/ponteseditores.com.br\\\/loja3\\\/#website\"},\"primaryImageOfPage\":{\"@id\":\"https:\\\/\\\/ponteseditores.com.br\\\/loja3\\\/pontes-editores-home-2__trashed\\\/uncategorized\\\/dimensoes-comunicativas-no-ensino-de-linguas-edicao-comemorativa-20-anos\\\/#primaryimage\"},\"image\":{\"@id\":\"https:\\\/\\\/ponteseditores.com.br\\\/loja3\\\/pontes-editores-home-2__trashed\\\/uncategorized\\\/dimensoes-comunicativas-no-ensino-de-linguas-edicao-comemorativa-20-anos\\\/#primaryimage\"},\"thumbnailUrl\":\"https:\\\/\\\/ponteseditores.com.br\\\/loja3\\\/wp-content\\\/uploads\\\/2023\\\/12\\\/imgG565-1.jpg\",\"datePublished\":\"2023-12-16T03:30:50+00:00\",\"dateModified\":\"2026-03-23T23:31:30+00:00\",\"breadcrumb\":{\"@id\":\"https:\\\/\\\/ponteseditores.com.br\\\/loja3\\\/pontes-editores-home-2__trashed\\\/uncategorized\\\/dimensoes-comunicativas-no-ensino-de-linguas-edicao-comemorativa-20-anos\\\/#breadcrumb\"},\"inLanguage\":\"pt-BR\",\"potentialAction\":[{\"@type\":\"ReadAction\",\"target\":[\"https:\\\/\\\/ponteseditores.com.br\\\/loja3\\\/pontes-editores-home-2__trashed\\\/uncategorized\\\/dimensoes-comunicativas-no-ensino-de-linguas-edicao-comemorativa-20-anos\\\/\"]}]},{\"@type\":\"ImageObject\",\"inLanguage\":\"pt-BR\",\"@id\":\"https:\\\/\\\/ponteseditores.com.br\\\/loja3\\\/pontes-editores-home-2__trashed\\\/uncategorized\\\/dimensoes-comunicativas-no-ensino-de-linguas-edicao-comemorativa-20-anos\\\/#primaryimage\",\"url\":\"https:\\\/\\\/ponteseditores.com.br\\\/loja3\\\/wp-content\\\/uploads\\\/2023\\\/12\\\/imgG565-1.jpg\",\"contentUrl\":\"https:\\\/\\\/ponteseditores.com.br\\\/loja3\\\/wp-content\\\/uploads\\\/2023\\\/12\\\/imgG565-1.jpg\",\"width\":192,\"height\":300},{\"@type\":\"BreadcrumbList\",\"@id\":\"https:\\\/\\\/ponteseditores.com.br\\\/loja3\\\/pontes-editores-home-2__trashed\\\/uncategorized\\\/dimensoes-comunicativas-no-ensino-de-linguas-edicao-comemorativa-20-anos\\\/#breadcrumb\",\"itemListElement\":[{\"@type\":\"ListItem\",\"position\":1,\"name\":\"Home\",\"item\":\"https:\\\/\\\/ponteseditores.com.br\\\/loja3\\\/\"},{\"@type\":\"ListItem\",\"position\":2,\"name\":\"loja\",\"item\":\"https:\\\/\\\/ponteseditores.com.br\\\/loja3\\\/loja\\\/\"},{\"@type\":\"ListItem\",\"position\":3,\"name\":\"Dimens\u00f5es Comunicativas no Ensino de L\u00ednguas &#8211; edi\u00e7\u00e3o comemorativa 20 anos\"}]},{\"@type\":\"WebSite\",\"@id\":\"https:\\\/\\\/ponteseditores.com.br\\\/loja3\\\/#website\",\"url\":\"https:\\\/\\\/ponteseditores.com.br\\\/loja3\\\/\",\"name\":\"Pontes Editores\",\"description\":\"Pontes Editores\",\"publisher\":{\"@id\":\"https:\\\/\\\/ponteseditores.com.br\\\/loja3\\\/#organization\"},\"potentialAction\":[{\"@type\":\"SearchAction\",\"target\":{\"@type\":\"EntryPoint\",\"urlTemplate\":\"https:\\\/\\\/ponteseditores.com.br\\\/loja3\\\/?s={search_term_string}\"},\"query-input\":{\"@type\":\"PropertyValueSpecification\",\"valueRequired\":true,\"valueName\":\"search_term_string\"}}],\"inLanguage\":\"pt-BR\"},{\"@type\":\"Organization\",\"@id\":\"https:\\\/\\\/ponteseditores.com.br\\\/loja3\\\/#organization\",\"name\":\"Pontes Editores\",\"url\":\"https:\\\/\\\/ponteseditores.com.br\\\/loja3\\\/\",\"logo\":{\"@type\":\"ImageObject\",\"inLanguage\":\"pt-BR\",\"@id\":\"https:\\\/\\\/ponteseditores.com.br\\\/loja3\\\/#\\\/schema\\\/logo\\\/image\\\/\",\"url\":\"https:\\\/\\\/ponteseditores.com.br\\\/loja3\\\/wp-content\\\/uploads\\\/2023\\\/12\\\/logo-pontes-editores-v2.png\",\"contentUrl\":\"https:\\\/\\\/ponteseditores.com.br\\\/loja3\\\/wp-content\\\/uploads\\\/2023\\\/12\\\/logo-pontes-editores-v2.png\",\"width\":258,\"height\":100,\"caption\":\"Pontes Editores\"},\"image\":{\"@id\":\"https:\\\/\\\/ponteseditores.com.br\\\/loja3\\\/#\\\/schema\\\/logo\\\/image\\\/\"}}]}<\/script>\n<!-- \/ Yoast SEO plugin. -->","yoast_head_json":{"title":"Dimens\u00f5es Comunicativas no Ensino de L\u00ednguas - edi\u00e7\u00e3o comemorativa 20 anos - Pontes Editores","robots":{"index":"index","follow":"follow","max-snippet":"max-snippet:-1","max-image-preview":"max-image-preview:large","max-video-preview":"max-video-preview:-1"},"canonical":"https:\/\/ponteseditores.com.br\/loja3\/pontes-editores-home-2__trashed\/uncategorized\/dimensoes-comunicativas-no-ensino-de-linguas-edicao-comemorativa-20-anos\/","og_locale":"pt_BR","og_type":"article","og_title":"Dimens\u00f5es Comunicativas no Ensino de L\u00ednguas - edi\u00e7\u00e3o comemorativa 20 anos - Pontes Editores","og_description":"Acima dos m\u00e9todos, a filosofia ou abordagem de ensinar \u00e9 uma vis\u00e3o de trabalho combinada com um sentido de aprender os conte\u00fados importantes da l\u00edngua que estamos ensinando ou que vamos ensinar. Ela serve para orientar o trabalho do professor caracterizando-o na qualidade obtida por sua natureza. Das duas grandes abordagens hoje frequentemente reconhecidas, a [&hellip;]","og_url":"https:\/\/ponteseditores.com.br\/loja3\/pontes-editores-home-2__trashed\/uncategorized\/dimensoes-comunicativas-no-ensino-de-linguas-edicao-comemorativa-20-anos\/","og_site_name":"Pontes Editores","article_modified_time":"2026-03-23T23:31:30+00:00","og_image":[{"width":192,"height":300,"url":"https:\/\/ponteseditores.com.br\/loja3\/wp-content\/uploads\/2023\/12\/imgG565-1.jpg","type":"image\/jpeg"}],"twitter_card":"summary_large_image","twitter_misc":{"Est. tempo de leitura":"1 minuto"},"schema":{"@context":"https:\/\/schema.org","@graph":[{"@type":"WebPage","@id":"https:\/\/ponteseditores.com.br\/loja3\/pontes-editores-home-2__trashed\/uncategorized\/dimensoes-comunicativas-no-ensino-de-linguas-edicao-comemorativa-20-anos\/","url":"https:\/\/ponteseditores.com.br\/loja3\/pontes-editores-home-2__trashed\/uncategorized\/dimensoes-comunicativas-no-ensino-de-linguas-edicao-comemorativa-20-anos\/","name":"Dimens\u00f5es Comunicativas no Ensino de L\u00ednguas - edi\u00e7\u00e3o comemorativa 20 anos - Pontes Editores","isPartOf":{"@id":"https:\/\/ponteseditores.com.br\/loja3\/#website"},"primaryImageOfPage":{"@id":"https:\/\/ponteseditores.com.br\/loja3\/pontes-editores-home-2__trashed\/uncategorized\/dimensoes-comunicativas-no-ensino-de-linguas-edicao-comemorativa-20-anos\/#primaryimage"},"image":{"@id":"https:\/\/ponteseditores.com.br\/loja3\/pontes-editores-home-2__trashed\/uncategorized\/dimensoes-comunicativas-no-ensino-de-linguas-edicao-comemorativa-20-anos\/#primaryimage"},"thumbnailUrl":"https:\/\/ponteseditores.com.br\/loja3\/wp-content\/uploads\/2023\/12\/imgG565-1.jpg","datePublished":"2023-12-16T03:30:50+00:00","dateModified":"2026-03-23T23:31:30+00:00","breadcrumb":{"@id":"https:\/\/ponteseditores.com.br\/loja3\/pontes-editores-home-2__trashed\/uncategorized\/dimensoes-comunicativas-no-ensino-de-linguas-edicao-comemorativa-20-anos\/#breadcrumb"},"inLanguage":"pt-BR","potentialAction":[{"@type":"ReadAction","target":["https:\/\/ponteseditores.com.br\/loja3\/pontes-editores-home-2__trashed\/uncategorized\/dimensoes-comunicativas-no-ensino-de-linguas-edicao-comemorativa-20-anos\/"]}]},{"@type":"ImageObject","inLanguage":"pt-BR","@id":"https:\/\/ponteseditores.com.br\/loja3\/pontes-editores-home-2__trashed\/uncategorized\/dimensoes-comunicativas-no-ensino-de-linguas-edicao-comemorativa-20-anos\/#primaryimage","url":"https:\/\/ponteseditores.com.br\/loja3\/wp-content\/uploads\/2023\/12\/imgG565-1.jpg","contentUrl":"https:\/\/ponteseditores.com.br\/loja3\/wp-content\/uploads\/2023\/12\/imgG565-1.jpg","width":192,"height":300},{"@type":"BreadcrumbList","@id":"https:\/\/ponteseditores.com.br\/loja3\/pontes-editores-home-2__trashed\/uncategorized\/dimensoes-comunicativas-no-ensino-de-linguas-edicao-comemorativa-20-anos\/#breadcrumb","itemListElement":[{"@type":"ListItem","position":1,"name":"Home","item":"https:\/\/ponteseditores.com.br\/loja3\/"},{"@type":"ListItem","position":2,"name":"loja","item":"https:\/\/ponteseditores.com.br\/loja3\/loja\/"},{"@type":"ListItem","position":3,"name":"Dimens\u00f5es Comunicativas no Ensino de L\u00ednguas &#8211; edi\u00e7\u00e3o comemorativa 20 anos"}]},{"@type":"WebSite","@id":"https:\/\/ponteseditores.com.br\/loja3\/#website","url":"https:\/\/ponteseditores.com.br\/loja3\/","name":"Pontes Editores","description":"Pontes Editores","publisher":{"@id":"https:\/\/ponteseditores.com.br\/loja3\/#organization"},"potentialAction":[{"@type":"SearchAction","target":{"@type":"EntryPoint","urlTemplate":"https:\/\/ponteseditores.com.br\/loja3\/?s={search_term_string}"},"query-input":{"@type":"PropertyValueSpecification","valueRequired":true,"valueName":"search_term_string"}}],"inLanguage":"pt-BR"},{"@type":"Organization","@id":"https:\/\/ponteseditores.com.br\/loja3\/#organization","name":"Pontes Editores","url":"https:\/\/ponteseditores.com.br\/loja3\/","logo":{"@type":"ImageObject","inLanguage":"pt-BR","@id":"https:\/\/ponteseditores.com.br\/loja3\/#\/schema\/logo\/image\/","url":"https:\/\/ponteseditores.com.br\/loja3\/wp-content\/uploads\/2023\/12\/logo-pontes-editores-v2.png","contentUrl":"https:\/\/ponteseditores.com.br\/loja3\/wp-content\/uploads\/2023\/12\/logo-pontes-editores-v2.png","width":258,"height":100,"caption":"Pontes Editores"},"image":{"@id":"https:\/\/ponteseditores.com.br\/loja3\/#\/schema\/logo\/image\/"}}]}},"_links":{"self":[{"href":"https:\/\/ponteseditores.com.br\/loja3\/wp-json\/wp\/v2\/product\/8428","targetHints":{"allow":["GET"]}}],"collection":[{"href":"https:\/\/ponteseditores.com.br\/loja3\/wp-json\/wp\/v2\/product"}],"about":[{"href":"https:\/\/ponteseditores.com.br\/loja3\/wp-json\/wp\/v2\/types\/product"}],"replies":[{"embeddable":true,"href":"https:\/\/ponteseditores.com.br\/loja3\/wp-json\/wp\/v2\/comments?post=8428"}],"version-history":[{"count":0,"href":"https:\/\/ponteseditores.com.br\/loja3\/wp-json\/wp\/v2\/product\/8428\/revisions"}],"wp:featuredmedia":[{"embeddable":true,"href":"https:\/\/ponteseditores.com.br\/loja3\/wp-json\/wp\/v2\/media\/8427"}],"wp:attachment":[{"href":"https:\/\/ponteseditores.com.br\/loja3\/wp-json\/wp\/v2\/media?parent=8428"}],"wp:term":[{"taxonomy":"product_brand","embeddable":true,"href":"https:\/\/ponteseditores.com.br\/loja3\/wp-json\/wp\/v2\/product_brand?post=8428"},{"taxonomy":"product_cat","embeddable":true,"href":"https:\/\/ponteseditores.com.br\/loja3\/wp-json\/wp\/v2\/product_cat?post=8428"},{"taxonomy":"product_tag","embeddable":true,"href":"https:\/\/ponteseditores.com.br\/loja3\/wp-json\/wp\/v2\/product_tag?post=8428"}],"curies":[{"name":"wp","href":"https:\/\/api.w.org\/{rel}","templated":true}]}}