{"id":8426,"date":"2023-12-16T00:30:50","date_gmt":"2023-12-16T03:30:50","guid":{"rendered":"https:\/\/ponteseditores.com.br\/loja3\/pontes-editores-home-2__trashed\/sem categoria\/diversidade-cultural-e-ensino-de-lingua-estrangeira\/"},"modified":"2023-12-16T00:30:50","modified_gmt":"2023-12-16T03:30:50","slug":"diversidade-cultural-e-ensino-de-lingua-estrangeira","status":"publish","type":"product","link":"https:\/\/ponteseditores.com.br\/loja3\/pontes-editores-home-2__trashed\/uncategorized\/diversidade-cultural-e-ensino-de-lingua-estrangeira\/","title":{"rendered":"DIVERSIDADE CULTURAL E ENSINO DE L\u00cdNGUA ESTRANGEIRA"},"content":{"rendered":"<p>Os textos que comp\u00f5em este livro tratam de temas relevantes no dom\u00ednio da Lingu\u00edstica Aplicada e Estudos Liter\u00e1rios. Neles, dimens\u00f5es de car\u00e1ter te\u00f3rico s\u00e3o associadas a experi\u00eancias proporcionadas pelo Programa de Assistente de Ensino de L\u00edngua Inglesa para Projetos Institucionais em parceria entre a Comiss\u00e3o Fulbright, a CAPES e institui\u00e7\u00f5es de ensino superior em v\u00e1rias partes do Brasil. O livro pretende estabelecer um espa\u00e7o de debates, provoca\u00e7\u00f5es e reflex\u00f5es sobre as possibilidades abertas pela articula\u00e7\u00e3o entre o dom\u00ednio da cultura e o processo de ensino e aprendizagem de uma l\u00edngua estrangeira. As incertezas vivenciadas por estudantes e professores de l\u00edngua estrangeira no pa\u00eds nos motivaram a organizar este livro. Esperamos que ele seja \u00fatil, promovendo a reflex\u00e3o sobre conceitos te\u00f3ricos referentes \u00e0 rela\u00e7\u00e3o entre ensino de l\u00edngua e cultura e fornecendo sugest\u00f5es pr\u00e1ticas que possam servir como subs\u00eddios para os desafios di\u00e1rios encontrados em suas institui\u00e7\u00f5es &#8211; de acordo com suas necessidades e realidades, com ou sem ajuda de professores nativos.<\/p>\n","protected":false},"excerpt":{"rendered":"<p>Os textos que comp\u00f5em este livro tratam de temas relevantes no dom\u00ednio da Lingu\u00edstica Aplicada e Estudos Liter\u00e1rios. Neles, dimens\u00f5es de car\u00e1ter te\u00f3rico s\u00e3o associadas a experi\u00eancias proporcionadas pelo Programa de Assistente de Ensino de L\u00edngua Inglesa para Projetos Institucionais em parceria entre a Comiss\u00e3o Fulbright, a CAPES e institui\u00e7\u00f5es de ensino superior em v\u00e1rias [&hellip;]<\/p>\n","protected":false},"featured_media":8425,"comment_status":"open","ping_status":"closed","template":"","meta":{"_joinchat":[]},"product_brand":[],"product_cat":[15],"product_tag":[],"class_list":{"0":"post-8426","1":"product","2":"type-product","3":"status-publish","4":"has-post-thumbnail","6":"product_cat-uncategorized","8":"first","9":"instock","10":"shipping-taxable","11":"purchasable","12":"product-type-simple"},"yoast_head":"<!-- This site is optimized with the Yoast SEO plugin v27.4 - https:\/\/yoast.com\/product\/yoast-seo-wordpress\/ -->\n<title>DIVERSIDADE CULTURAL E ENSINO DE L\u00cdNGUA ESTRANGEIRA - Pontes Editores<\/title>\n<meta name=\"robots\" content=\"index, follow, max-snippet:-1, max-image-preview:large, max-video-preview:-1\" \/>\n<link rel=\"canonical\" href=\"https:\/\/ponteseditores.com.br\/loja3\/pontes-editores-home-2__trashed\/uncategorized\/diversidade-cultural-e-ensino-de-lingua-estrangeira\/\" \/>\n<meta property=\"og:locale\" content=\"pt_BR\" \/>\n<meta property=\"og:type\" content=\"article\" \/>\n<meta property=\"og:title\" content=\"DIVERSIDADE CULTURAL E ENSINO DE L\u00cdNGUA ESTRANGEIRA - Pontes Editores\" \/>\n<meta property=\"og:description\" content=\"Os textos que comp\u00f5em este livro tratam de temas relevantes no dom\u00ednio da Lingu\u00edstica Aplicada e Estudos Liter\u00e1rios. Neles, dimens\u00f5es de car\u00e1ter te\u00f3rico s\u00e3o associadas a experi\u00eancias proporcionadas pelo Programa de Assistente de Ensino de L\u00edngua Inglesa para Projetos Institucionais em parceria entre a Comiss\u00e3o Fulbright, a CAPES e institui\u00e7\u00f5es de ensino superior em v\u00e1rias [&hellip;]\" \/>\n<meta property=\"og:url\" content=\"https:\/\/ponteseditores.com.br\/loja3\/pontes-editores-home-2__trashed\/uncategorized\/diversidade-cultural-e-ensino-de-lingua-estrangeira\/\" \/>\n<meta property=\"og:site_name\" content=\"Pontes Editores\" \/>\n<meta property=\"og:image\" content=\"https:\/\/ponteseditores.com.br\/loja3\/wp-content\/uploads\/2023\/12\/imgG555-1.jpg\" \/>\n\t<meta property=\"og:image:width\" content=\"203\" \/>\n\t<meta property=\"og:image:height\" content=\"300\" \/>\n\t<meta property=\"og:image:type\" content=\"image\/jpeg\" \/>\n<meta name=\"twitter:card\" content=\"summary_large_image\" \/>\n<meta name=\"twitter:label1\" content=\"Est. tempo de leitura\" \/>\n\t<meta name=\"twitter:data1\" content=\"1 minuto\" \/>\n<script type=\"application\/ld+json\" class=\"yoast-schema-graph\">{\"@context\":\"https:\\\/\\\/schema.org\",\"@graph\":[{\"@type\":\"WebPage\",\"@id\":\"https:\\\/\\\/ponteseditores.com.br\\\/loja3\\\/pontes-editores-home-2__trashed\\\/uncategorized\\\/diversidade-cultural-e-ensino-de-lingua-estrangeira\\\/\",\"url\":\"https:\\\/\\\/ponteseditores.com.br\\\/loja3\\\/pontes-editores-home-2__trashed\\\/uncategorized\\\/diversidade-cultural-e-ensino-de-lingua-estrangeira\\\/\",\"name\":\"DIVERSIDADE CULTURAL E ENSINO DE L\u00cdNGUA ESTRANGEIRA - Pontes Editores\",\"isPartOf\":{\"@id\":\"https:\\\/\\\/ponteseditores.com.br\\\/loja3\\\/#website\"},\"primaryImageOfPage\":{\"@id\":\"https:\\\/\\\/ponteseditores.com.br\\\/loja3\\\/pontes-editores-home-2__trashed\\\/uncategorized\\\/diversidade-cultural-e-ensino-de-lingua-estrangeira\\\/#primaryimage\"},\"image\":{\"@id\":\"https:\\\/\\\/ponteseditores.com.br\\\/loja3\\\/pontes-editores-home-2__trashed\\\/uncategorized\\\/diversidade-cultural-e-ensino-de-lingua-estrangeira\\\/#primaryimage\"},\"thumbnailUrl\":\"https:\\\/\\\/ponteseditores.com.br\\\/loja3\\\/wp-content\\\/uploads\\\/2023\\\/12\\\/imgG555-1.jpg\",\"datePublished\":\"2023-12-16T03:30:50+00:00\",\"breadcrumb\":{\"@id\":\"https:\\\/\\\/ponteseditores.com.br\\\/loja3\\\/pontes-editores-home-2__trashed\\\/uncategorized\\\/diversidade-cultural-e-ensino-de-lingua-estrangeira\\\/#breadcrumb\"},\"inLanguage\":\"pt-BR\",\"potentialAction\":[{\"@type\":\"ReadAction\",\"target\":[\"https:\\\/\\\/ponteseditores.com.br\\\/loja3\\\/pontes-editores-home-2__trashed\\\/uncategorized\\\/diversidade-cultural-e-ensino-de-lingua-estrangeira\\\/\"]}]},{\"@type\":\"ImageObject\",\"inLanguage\":\"pt-BR\",\"@id\":\"https:\\\/\\\/ponteseditores.com.br\\\/loja3\\\/pontes-editores-home-2__trashed\\\/uncategorized\\\/diversidade-cultural-e-ensino-de-lingua-estrangeira\\\/#primaryimage\",\"url\":\"https:\\\/\\\/ponteseditores.com.br\\\/loja3\\\/wp-content\\\/uploads\\\/2023\\\/12\\\/imgG555-1.jpg\",\"contentUrl\":\"https:\\\/\\\/ponteseditores.com.br\\\/loja3\\\/wp-content\\\/uploads\\\/2023\\\/12\\\/imgG555-1.jpg\",\"width\":203,\"height\":300},{\"@type\":\"BreadcrumbList\",\"@id\":\"https:\\\/\\\/ponteseditores.com.br\\\/loja3\\\/pontes-editores-home-2__trashed\\\/uncategorized\\\/diversidade-cultural-e-ensino-de-lingua-estrangeira\\\/#breadcrumb\",\"itemListElement\":[{\"@type\":\"ListItem\",\"position\":1,\"name\":\"Home\",\"item\":\"https:\\\/\\\/ponteseditores.com.br\\\/loja3\\\/\"},{\"@type\":\"ListItem\",\"position\":2,\"name\":\"loja\",\"item\":\"https:\\\/\\\/ponteseditores.com.br\\\/loja3\\\/loja\\\/\"},{\"@type\":\"ListItem\",\"position\":3,\"name\":\"DIVERSIDADE CULTURAL E ENSINO DE L\u00cdNGUA ESTRANGEIRA\"}]},{\"@type\":\"WebSite\",\"@id\":\"https:\\\/\\\/ponteseditores.com.br\\\/loja3\\\/#website\",\"url\":\"https:\\\/\\\/ponteseditores.com.br\\\/loja3\\\/\",\"name\":\"Pontes Editores\",\"description\":\"Pontes Editores\",\"publisher\":{\"@id\":\"https:\\\/\\\/ponteseditores.com.br\\\/loja3\\\/#organization\"},\"potentialAction\":[{\"@type\":\"SearchAction\",\"target\":{\"@type\":\"EntryPoint\",\"urlTemplate\":\"https:\\\/\\\/ponteseditores.com.br\\\/loja3\\\/?s={search_term_string}\"},\"query-input\":{\"@type\":\"PropertyValueSpecification\",\"valueRequired\":true,\"valueName\":\"search_term_string\"}}],\"inLanguage\":\"pt-BR\"},{\"@type\":\"Organization\",\"@id\":\"https:\\\/\\\/ponteseditores.com.br\\\/loja3\\\/#organization\",\"name\":\"Pontes Editores\",\"url\":\"https:\\\/\\\/ponteseditores.com.br\\\/loja3\\\/\",\"logo\":{\"@type\":\"ImageObject\",\"inLanguage\":\"pt-BR\",\"@id\":\"https:\\\/\\\/ponteseditores.com.br\\\/loja3\\\/#\\\/schema\\\/logo\\\/image\\\/\",\"url\":\"https:\\\/\\\/ponteseditores.com.br\\\/loja3\\\/wp-content\\\/uploads\\\/2023\\\/12\\\/logo-pontes-editores-v2.png\",\"contentUrl\":\"https:\\\/\\\/ponteseditores.com.br\\\/loja3\\\/wp-content\\\/uploads\\\/2023\\\/12\\\/logo-pontes-editores-v2.png\",\"width\":258,\"height\":100,\"caption\":\"Pontes Editores\"},\"image\":{\"@id\":\"https:\\\/\\\/ponteseditores.com.br\\\/loja3\\\/#\\\/schema\\\/logo\\\/image\\\/\"}}]}<\/script>\n<!-- \/ Yoast SEO plugin. -->","yoast_head_json":{"title":"DIVERSIDADE CULTURAL E ENSINO DE L\u00cdNGUA ESTRANGEIRA - Pontes Editores","robots":{"index":"index","follow":"follow","max-snippet":"max-snippet:-1","max-image-preview":"max-image-preview:large","max-video-preview":"max-video-preview:-1"},"canonical":"https:\/\/ponteseditores.com.br\/loja3\/pontes-editores-home-2__trashed\/uncategorized\/diversidade-cultural-e-ensino-de-lingua-estrangeira\/","og_locale":"pt_BR","og_type":"article","og_title":"DIVERSIDADE CULTURAL E ENSINO DE L\u00cdNGUA ESTRANGEIRA - Pontes Editores","og_description":"Os textos que comp\u00f5em este livro tratam de temas relevantes no dom\u00ednio da Lingu\u00edstica Aplicada e Estudos Liter\u00e1rios. Neles, dimens\u00f5es de car\u00e1ter te\u00f3rico s\u00e3o associadas a experi\u00eancias proporcionadas pelo Programa de Assistente de Ensino de L\u00edngua Inglesa para Projetos Institucionais em parceria entre a Comiss\u00e3o Fulbright, a CAPES e institui\u00e7\u00f5es de ensino superior em v\u00e1rias [&hellip;]","og_url":"https:\/\/ponteseditores.com.br\/loja3\/pontes-editores-home-2__trashed\/uncategorized\/diversidade-cultural-e-ensino-de-lingua-estrangeira\/","og_site_name":"Pontes Editores","og_image":[{"width":203,"height":300,"url":"https:\/\/ponteseditores.com.br\/loja3\/wp-content\/uploads\/2023\/12\/imgG555-1.jpg","type":"image\/jpeg"}],"twitter_card":"summary_large_image","twitter_misc":{"Est. tempo de leitura":"1 minuto"},"schema":{"@context":"https:\/\/schema.org","@graph":[{"@type":"WebPage","@id":"https:\/\/ponteseditores.com.br\/loja3\/pontes-editores-home-2__trashed\/uncategorized\/diversidade-cultural-e-ensino-de-lingua-estrangeira\/","url":"https:\/\/ponteseditores.com.br\/loja3\/pontes-editores-home-2__trashed\/uncategorized\/diversidade-cultural-e-ensino-de-lingua-estrangeira\/","name":"DIVERSIDADE CULTURAL E ENSINO DE L\u00cdNGUA ESTRANGEIRA - Pontes Editores","isPartOf":{"@id":"https:\/\/ponteseditores.com.br\/loja3\/#website"},"primaryImageOfPage":{"@id":"https:\/\/ponteseditores.com.br\/loja3\/pontes-editores-home-2__trashed\/uncategorized\/diversidade-cultural-e-ensino-de-lingua-estrangeira\/#primaryimage"},"image":{"@id":"https:\/\/ponteseditores.com.br\/loja3\/pontes-editores-home-2__trashed\/uncategorized\/diversidade-cultural-e-ensino-de-lingua-estrangeira\/#primaryimage"},"thumbnailUrl":"https:\/\/ponteseditores.com.br\/loja3\/wp-content\/uploads\/2023\/12\/imgG555-1.jpg","datePublished":"2023-12-16T03:30:50+00:00","breadcrumb":{"@id":"https:\/\/ponteseditores.com.br\/loja3\/pontes-editores-home-2__trashed\/uncategorized\/diversidade-cultural-e-ensino-de-lingua-estrangeira\/#breadcrumb"},"inLanguage":"pt-BR","potentialAction":[{"@type":"ReadAction","target":["https:\/\/ponteseditores.com.br\/loja3\/pontes-editores-home-2__trashed\/uncategorized\/diversidade-cultural-e-ensino-de-lingua-estrangeira\/"]}]},{"@type":"ImageObject","inLanguage":"pt-BR","@id":"https:\/\/ponteseditores.com.br\/loja3\/pontes-editores-home-2__trashed\/uncategorized\/diversidade-cultural-e-ensino-de-lingua-estrangeira\/#primaryimage","url":"https:\/\/ponteseditores.com.br\/loja3\/wp-content\/uploads\/2023\/12\/imgG555-1.jpg","contentUrl":"https:\/\/ponteseditores.com.br\/loja3\/wp-content\/uploads\/2023\/12\/imgG555-1.jpg","width":203,"height":300},{"@type":"BreadcrumbList","@id":"https:\/\/ponteseditores.com.br\/loja3\/pontes-editores-home-2__trashed\/uncategorized\/diversidade-cultural-e-ensino-de-lingua-estrangeira\/#breadcrumb","itemListElement":[{"@type":"ListItem","position":1,"name":"Home","item":"https:\/\/ponteseditores.com.br\/loja3\/"},{"@type":"ListItem","position":2,"name":"loja","item":"https:\/\/ponteseditores.com.br\/loja3\/loja\/"},{"@type":"ListItem","position":3,"name":"DIVERSIDADE CULTURAL E ENSINO DE L\u00cdNGUA ESTRANGEIRA"}]},{"@type":"WebSite","@id":"https:\/\/ponteseditores.com.br\/loja3\/#website","url":"https:\/\/ponteseditores.com.br\/loja3\/","name":"Pontes Editores","description":"Pontes Editores","publisher":{"@id":"https:\/\/ponteseditores.com.br\/loja3\/#organization"},"potentialAction":[{"@type":"SearchAction","target":{"@type":"EntryPoint","urlTemplate":"https:\/\/ponteseditores.com.br\/loja3\/?s={search_term_string}"},"query-input":{"@type":"PropertyValueSpecification","valueRequired":true,"valueName":"search_term_string"}}],"inLanguage":"pt-BR"},{"@type":"Organization","@id":"https:\/\/ponteseditores.com.br\/loja3\/#organization","name":"Pontes Editores","url":"https:\/\/ponteseditores.com.br\/loja3\/","logo":{"@type":"ImageObject","inLanguage":"pt-BR","@id":"https:\/\/ponteseditores.com.br\/loja3\/#\/schema\/logo\/image\/","url":"https:\/\/ponteseditores.com.br\/loja3\/wp-content\/uploads\/2023\/12\/logo-pontes-editores-v2.png","contentUrl":"https:\/\/ponteseditores.com.br\/loja3\/wp-content\/uploads\/2023\/12\/logo-pontes-editores-v2.png","width":258,"height":100,"caption":"Pontes Editores"},"image":{"@id":"https:\/\/ponteseditores.com.br\/loja3\/#\/schema\/logo\/image\/"}}]}},"_links":{"self":[{"href":"https:\/\/ponteseditores.com.br\/loja3\/wp-json\/wp\/v2\/product\/8426","targetHints":{"allow":["GET"]}}],"collection":[{"href":"https:\/\/ponteseditores.com.br\/loja3\/wp-json\/wp\/v2\/product"}],"about":[{"href":"https:\/\/ponteseditores.com.br\/loja3\/wp-json\/wp\/v2\/types\/product"}],"replies":[{"embeddable":true,"href":"https:\/\/ponteseditores.com.br\/loja3\/wp-json\/wp\/v2\/comments?post=8426"}],"version-history":[{"count":0,"href":"https:\/\/ponteseditores.com.br\/loja3\/wp-json\/wp\/v2\/product\/8426\/revisions"}],"wp:featuredmedia":[{"embeddable":true,"href":"https:\/\/ponteseditores.com.br\/loja3\/wp-json\/wp\/v2\/media\/8425"}],"wp:attachment":[{"href":"https:\/\/ponteseditores.com.br\/loja3\/wp-json\/wp\/v2\/media?parent=8426"}],"wp:term":[{"taxonomy":"product_brand","embeddable":true,"href":"https:\/\/ponteseditores.com.br\/loja3\/wp-json\/wp\/v2\/product_brand?post=8426"},{"taxonomy":"product_cat","embeddable":true,"href":"https:\/\/ponteseditores.com.br\/loja3\/wp-json\/wp\/v2\/product_cat?post=8426"},{"taxonomy":"product_tag","embeddable":true,"href":"https:\/\/ponteseditores.com.br\/loja3\/wp-json\/wp\/v2\/product_tag?post=8426"}],"curies":[{"name":"wp","href":"https:\/\/api.w.org\/{rel}","templated":true}]}}