{"id":8414,"date":"2023-12-16T00:30:46","date_gmt":"2023-12-16T03:30:46","guid":{"rendered":"https:\/\/ponteseditores.com.br\/loja3\/pontes-editores-home-2__trashed\/sem%20categoria\/cenas-cenarios-geograficos-e-historicos-no-processo-de-ensino-e-aprendizagem\/"},"modified":"2024-01-08T17:49:36","modified_gmt":"2024-01-08T20:49:36","slug":"cenas-cenarios-geograficos-e-historicos-no-processo-de-ensino-e-aprendizagem","status":"publish","type":"product","link":"https:\/\/ponteseditores.com.br\/loja3\/pontes-editores-home-2__trashed\/uncategorized\/cenas-cenarios-geograficos-e-historicos-no-processo-de-ensino-e-aprendizagem\/","title":{"rendered":"CENAS &#038; CEN\u00c1RIOS Geogr\u00e1ficos e hist\u00f3ricos no processo de ensino e aprendizagem"},"content":{"rendered":"<p>Educadores e pesquisadores das ci\u00eancias humanas no Brasil v\u00eam intensificando os estudos, pesquisas e produzindo trabalhos visando contribuir com a atua\u00e7\u00e3o docente nos diferentes n\u00edveis de ensino da educa\u00e7\u00e3o b\u00e1sica e tamb\u00e9m do ensino superior. Acreditamos que este processo se d\u00e1 em decorr\u00eancia do processo de expans\u00e3o e democratiza\u00e7\u00e3o do ensino em nosso pa\u00eds. Esperamos que os cap\u00edtulos reunidos neste livro possam subsidiar e contribuir com os educadores dos diferentes n\u00edveis do processo educativo, al\u00e9m de possibilitar a reflex\u00e3o sobre a pr\u00e1tica docente dos mesmos, com vistas \u00e0 melhoria da qualidade da educa\u00e7\u00e3o.<\/p>\n","protected":false},"excerpt":{"rendered":"<p>Educadores e pesquisadores das ci\u00eancias humanas no Brasil v\u00eam intensificando os estudos, pesquisas e produzindo trabalhos visando contribuir com a atua\u00e7\u00e3o docente nos diferentes n\u00edveis de ensino da educa\u00e7\u00e3o b\u00e1sica e tamb\u00e9m do ensino superior. Acreditamos que este processo se d\u00e1 em decorr\u00eancia do processo de expans\u00e3o e democratiza\u00e7\u00e3o do ensino em nosso pa\u00eds. Esperamos [&hellip;]<\/p>\n","protected":false},"featured_media":8413,"comment_status":"open","ping_status":"closed","template":"","meta":{"_joinchat":[]},"product_brand":[],"product_cat":[15],"product_tag":[],"class_list":{"0":"post-8414","1":"product","2":"type-product","3":"status-publish","4":"has-post-thumbnail","6":"product_cat-uncategorized","8":"first","9":"instock","10":"shipping-taxable","11":"purchasable","12":"product-type-simple"},"yoast_head":"<!-- This site is optimized with the Yoast SEO plugin v27.4 - https:\/\/yoast.com\/product\/yoast-seo-wordpress\/ -->\n<title>CENAS &amp; CEN\u00c1RIOS Geogr\u00e1ficos e hist\u00f3ricos no processo de ensino e aprendizagem - Pontes Editores<\/title>\n<meta name=\"robots\" content=\"index, follow, max-snippet:-1, max-image-preview:large, max-video-preview:-1\" \/>\n<link rel=\"canonical\" href=\"https:\/\/ponteseditores.com.br\/loja3\/pontes-editores-home-2__trashed\/uncategorized\/cenas-cenarios-geograficos-e-historicos-no-processo-de-ensino-e-aprendizagem\/\" \/>\n<meta property=\"og:locale\" content=\"pt_BR\" \/>\n<meta property=\"og:type\" content=\"article\" \/>\n<meta property=\"og:title\" content=\"CENAS &amp; CEN\u00c1RIOS Geogr\u00e1ficos e hist\u00f3ricos no processo de ensino e aprendizagem - Pontes Editores\" \/>\n<meta property=\"og:description\" content=\"Educadores e pesquisadores das ci\u00eancias humanas no Brasil v\u00eam intensificando os estudos, pesquisas e produzindo trabalhos visando contribuir com a atua\u00e7\u00e3o docente nos diferentes n\u00edveis de ensino da educa\u00e7\u00e3o b\u00e1sica e tamb\u00e9m do ensino superior. Acreditamos que este processo se d\u00e1 em decorr\u00eancia do processo de expans\u00e3o e democratiza\u00e7\u00e3o do ensino em nosso pa\u00eds. Esperamos [&hellip;]\" \/>\n<meta property=\"og:url\" content=\"https:\/\/ponteseditores.com.br\/loja3\/pontes-editores-home-2__trashed\/uncategorized\/cenas-cenarios-geograficos-e-historicos-no-processo-de-ensino-e-aprendizagem\/\" \/>\n<meta property=\"og:site_name\" content=\"Pontes Editores\" \/>\n<meta property=\"article:modified_time\" content=\"2024-01-08T20:49:36+00:00\" \/>\n<meta property=\"og:image\" content=\"https:\/\/ponteseditores.com.br\/loja3\/wp-content\/uploads\/2023\/12\/imgG541-1.jpg\" \/>\n\t<meta property=\"og:image:width\" content=\"200\" \/>\n\t<meta property=\"og:image:height\" content=\"300\" \/>\n\t<meta property=\"og:image:type\" content=\"image\/jpeg\" \/>\n<meta name=\"twitter:card\" content=\"summary_large_image\" \/>\n<meta name=\"twitter:label1\" content=\"Est. tempo de leitura\" \/>\n\t<meta name=\"twitter:data1\" content=\"1 minuto\" \/>\n<script type=\"application\/ld+json\" class=\"yoast-schema-graph\">{\"@context\":\"https:\\\/\\\/schema.org\",\"@graph\":[{\"@type\":\"WebPage\",\"@id\":\"https:\\\/\\\/ponteseditores.com.br\\\/loja3\\\/pontes-editores-home-2__trashed\\\/uncategorized\\\/cenas-cenarios-geograficos-e-historicos-no-processo-de-ensino-e-aprendizagem\\\/\",\"url\":\"https:\\\/\\\/ponteseditores.com.br\\\/loja3\\\/pontes-editores-home-2__trashed\\\/uncategorized\\\/cenas-cenarios-geograficos-e-historicos-no-processo-de-ensino-e-aprendizagem\\\/\",\"name\":\"CENAS & CEN\u00c1RIOS Geogr\u00e1ficos e hist\u00f3ricos no processo de ensino e aprendizagem - Pontes Editores\",\"isPartOf\":{\"@id\":\"https:\\\/\\\/ponteseditores.com.br\\\/loja3\\\/#website\"},\"primaryImageOfPage\":{\"@id\":\"https:\\\/\\\/ponteseditores.com.br\\\/loja3\\\/pontes-editores-home-2__trashed\\\/uncategorized\\\/cenas-cenarios-geograficos-e-historicos-no-processo-de-ensino-e-aprendizagem\\\/#primaryimage\"},\"image\":{\"@id\":\"https:\\\/\\\/ponteseditores.com.br\\\/loja3\\\/pontes-editores-home-2__trashed\\\/uncategorized\\\/cenas-cenarios-geograficos-e-historicos-no-processo-de-ensino-e-aprendizagem\\\/#primaryimage\"},\"thumbnailUrl\":\"https:\\\/\\\/ponteseditores.com.br\\\/loja3\\\/wp-content\\\/uploads\\\/2023\\\/12\\\/imgG541-1.jpg\",\"datePublished\":\"2023-12-16T03:30:46+00:00\",\"dateModified\":\"2024-01-08T20:49:36+00:00\",\"breadcrumb\":{\"@id\":\"https:\\\/\\\/ponteseditores.com.br\\\/loja3\\\/pontes-editores-home-2__trashed\\\/uncategorized\\\/cenas-cenarios-geograficos-e-historicos-no-processo-de-ensino-e-aprendizagem\\\/#breadcrumb\"},\"inLanguage\":\"pt-BR\",\"potentialAction\":[{\"@type\":\"ReadAction\",\"target\":[\"https:\\\/\\\/ponteseditores.com.br\\\/loja3\\\/pontes-editores-home-2__trashed\\\/uncategorized\\\/cenas-cenarios-geograficos-e-historicos-no-processo-de-ensino-e-aprendizagem\\\/\"]}]},{\"@type\":\"ImageObject\",\"inLanguage\":\"pt-BR\",\"@id\":\"https:\\\/\\\/ponteseditores.com.br\\\/loja3\\\/pontes-editores-home-2__trashed\\\/uncategorized\\\/cenas-cenarios-geograficos-e-historicos-no-processo-de-ensino-e-aprendizagem\\\/#primaryimage\",\"url\":\"https:\\\/\\\/ponteseditores.com.br\\\/loja3\\\/wp-content\\\/uploads\\\/2023\\\/12\\\/imgG541-1.jpg\",\"contentUrl\":\"https:\\\/\\\/ponteseditores.com.br\\\/loja3\\\/wp-content\\\/uploads\\\/2023\\\/12\\\/imgG541-1.jpg\",\"width\":200,\"height\":300},{\"@type\":\"BreadcrumbList\",\"@id\":\"https:\\\/\\\/ponteseditores.com.br\\\/loja3\\\/pontes-editores-home-2__trashed\\\/uncategorized\\\/cenas-cenarios-geograficos-e-historicos-no-processo-de-ensino-e-aprendizagem\\\/#breadcrumb\",\"itemListElement\":[{\"@type\":\"ListItem\",\"position\":1,\"name\":\"Home\",\"item\":\"https:\\\/\\\/ponteseditores.com.br\\\/loja3\\\/\"},{\"@type\":\"ListItem\",\"position\":2,\"name\":\"loja\",\"item\":\"https:\\\/\\\/ponteseditores.com.br\\\/loja3\\\/loja\\\/\"},{\"@type\":\"ListItem\",\"position\":3,\"name\":\"CENAS &#038; CEN\u00c1RIOS Geogr\u00e1ficos e hist\u00f3ricos no processo de ensino e aprendizagem\"}]},{\"@type\":\"WebSite\",\"@id\":\"https:\\\/\\\/ponteseditores.com.br\\\/loja3\\\/#website\",\"url\":\"https:\\\/\\\/ponteseditores.com.br\\\/loja3\\\/\",\"name\":\"Pontes Editores\",\"description\":\"Pontes Editores\",\"publisher\":{\"@id\":\"https:\\\/\\\/ponteseditores.com.br\\\/loja3\\\/#organization\"},\"potentialAction\":[{\"@type\":\"SearchAction\",\"target\":{\"@type\":\"EntryPoint\",\"urlTemplate\":\"https:\\\/\\\/ponteseditores.com.br\\\/loja3\\\/?s={search_term_string}\"},\"query-input\":{\"@type\":\"PropertyValueSpecification\",\"valueRequired\":true,\"valueName\":\"search_term_string\"}}],\"inLanguage\":\"pt-BR\"},{\"@type\":\"Organization\",\"@id\":\"https:\\\/\\\/ponteseditores.com.br\\\/loja3\\\/#organization\",\"name\":\"Pontes Editores\",\"url\":\"https:\\\/\\\/ponteseditores.com.br\\\/loja3\\\/\",\"logo\":{\"@type\":\"ImageObject\",\"inLanguage\":\"pt-BR\",\"@id\":\"https:\\\/\\\/ponteseditores.com.br\\\/loja3\\\/#\\\/schema\\\/logo\\\/image\\\/\",\"url\":\"https:\\\/\\\/ponteseditores.com.br\\\/loja3\\\/wp-content\\\/uploads\\\/2023\\\/12\\\/logo-pontes-editores-v2.png\",\"contentUrl\":\"https:\\\/\\\/ponteseditores.com.br\\\/loja3\\\/wp-content\\\/uploads\\\/2023\\\/12\\\/logo-pontes-editores-v2.png\",\"width\":258,\"height\":100,\"caption\":\"Pontes Editores\"},\"image\":{\"@id\":\"https:\\\/\\\/ponteseditores.com.br\\\/loja3\\\/#\\\/schema\\\/logo\\\/image\\\/\"}}]}<\/script>\n<!-- \/ Yoast SEO plugin. -->","yoast_head_json":{"title":"CENAS & CEN\u00c1RIOS Geogr\u00e1ficos e hist\u00f3ricos no processo de ensino e aprendizagem - Pontes Editores","robots":{"index":"index","follow":"follow","max-snippet":"max-snippet:-1","max-image-preview":"max-image-preview:large","max-video-preview":"max-video-preview:-1"},"canonical":"https:\/\/ponteseditores.com.br\/loja3\/pontes-editores-home-2__trashed\/uncategorized\/cenas-cenarios-geograficos-e-historicos-no-processo-de-ensino-e-aprendizagem\/","og_locale":"pt_BR","og_type":"article","og_title":"CENAS & CEN\u00c1RIOS Geogr\u00e1ficos e hist\u00f3ricos no processo de ensino e aprendizagem - Pontes Editores","og_description":"Educadores e pesquisadores das ci\u00eancias humanas no Brasil v\u00eam intensificando os estudos, pesquisas e produzindo trabalhos visando contribuir com a atua\u00e7\u00e3o docente nos diferentes n\u00edveis de ensino da educa\u00e7\u00e3o b\u00e1sica e tamb\u00e9m do ensino superior. Acreditamos que este processo se d\u00e1 em decorr\u00eancia do processo de expans\u00e3o e democratiza\u00e7\u00e3o do ensino em nosso pa\u00eds. Esperamos [&hellip;]","og_url":"https:\/\/ponteseditores.com.br\/loja3\/pontes-editores-home-2__trashed\/uncategorized\/cenas-cenarios-geograficos-e-historicos-no-processo-de-ensino-e-aprendizagem\/","og_site_name":"Pontes Editores","article_modified_time":"2024-01-08T20:49:36+00:00","og_image":[{"width":200,"height":300,"url":"https:\/\/ponteseditores.com.br\/loja3\/wp-content\/uploads\/2023\/12\/imgG541-1.jpg","type":"image\/jpeg"}],"twitter_card":"summary_large_image","twitter_misc":{"Est. tempo de leitura":"1 minuto"},"schema":{"@context":"https:\/\/schema.org","@graph":[{"@type":"WebPage","@id":"https:\/\/ponteseditores.com.br\/loja3\/pontes-editores-home-2__trashed\/uncategorized\/cenas-cenarios-geograficos-e-historicos-no-processo-de-ensino-e-aprendizagem\/","url":"https:\/\/ponteseditores.com.br\/loja3\/pontes-editores-home-2__trashed\/uncategorized\/cenas-cenarios-geograficos-e-historicos-no-processo-de-ensino-e-aprendizagem\/","name":"CENAS & CEN\u00c1RIOS Geogr\u00e1ficos e hist\u00f3ricos no processo de ensino e aprendizagem - Pontes Editores","isPartOf":{"@id":"https:\/\/ponteseditores.com.br\/loja3\/#website"},"primaryImageOfPage":{"@id":"https:\/\/ponteseditores.com.br\/loja3\/pontes-editores-home-2__trashed\/uncategorized\/cenas-cenarios-geograficos-e-historicos-no-processo-de-ensino-e-aprendizagem\/#primaryimage"},"image":{"@id":"https:\/\/ponteseditores.com.br\/loja3\/pontes-editores-home-2__trashed\/uncategorized\/cenas-cenarios-geograficos-e-historicos-no-processo-de-ensino-e-aprendizagem\/#primaryimage"},"thumbnailUrl":"https:\/\/ponteseditores.com.br\/loja3\/wp-content\/uploads\/2023\/12\/imgG541-1.jpg","datePublished":"2023-12-16T03:30:46+00:00","dateModified":"2024-01-08T20:49:36+00:00","breadcrumb":{"@id":"https:\/\/ponteseditores.com.br\/loja3\/pontes-editores-home-2__trashed\/uncategorized\/cenas-cenarios-geograficos-e-historicos-no-processo-de-ensino-e-aprendizagem\/#breadcrumb"},"inLanguage":"pt-BR","potentialAction":[{"@type":"ReadAction","target":["https:\/\/ponteseditores.com.br\/loja3\/pontes-editores-home-2__trashed\/uncategorized\/cenas-cenarios-geograficos-e-historicos-no-processo-de-ensino-e-aprendizagem\/"]}]},{"@type":"ImageObject","inLanguage":"pt-BR","@id":"https:\/\/ponteseditores.com.br\/loja3\/pontes-editores-home-2__trashed\/uncategorized\/cenas-cenarios-geograficos-e-historicos-no-processo-de-ensino-e-aprendizagem\/#primaryimage","url":"https:\/\/ponteseditores.com.br\/loja3\/wp-content\/uploads\/2023\/12\/imgG541-1.jpg","contentUrl":"https:\/\/ponteseditores.com.br\/loja3\/wp-content\/uploads\/2023\/12\/imgG541-1.jpg","width":200,"height":300},{"@type":"BreadcrumbList","@id":"https:\/\/ponteseditores.com.br\/loja3\/pontes-editores-home-2__trashed\/uncategorized\/cenas-cenarios-geograficos-e-historicos-no-processo-de-ensino-e-aprendizagem\/#breadcrumb","itemListElement":[{"@type":"ListItem","position":1,"name":"Home","item":"https:\/\/ponteseditores.com.br\/loja3\/"},{"@type":"ListItem","position":2,"name":"loja","item":"https:\/\/ponteseditores.com.br\/loja3\/loja\/"},{"@type":"ListItem","position":3,"name":"CENAS &#038; CEN\u00c1RIOS Geogr\u00e1ficos e hist\u00f3ricos no processo de ensino e aprendizagem"}]},{"@type":"WebSite","@id":"https:\/\/ponteseditores.com.br\/loja3\/#website","url":"https:\/\/ponteseditores.com.br\/loja3\/","name":"Pontes Editores","description":"Pontes Editores","publisher":{"@id":"https:\/\/ponteseditores.com.br\/loja3\/#organization"},"potentialAction":[{"@type":"SearchAction","target":{"@type":"EntryPoint","urlTemplate":"https:\/\/ponteseditores.com.br\/loja3\/?s={search_term_string}"},"query-input":{"@type":"PropertyValueSpecification","valueRequired":true,"valueName":"search_term_string"}}],"inLanguage":"pt-BR"},{"@type":"Organization","@id":"https:\/\/ponteseditores.com.br\/loja3\/#organization","name":"Pontes Editores","url":"https:\/\/ponteseditores.com.br\/loja3\/","logo":{"@type":"ImageObject","inLanguage":"pt-BR","@id":"https:\/\/ponteseditores.com.br\/loja3\/#\/schema\/logo\/image\/","url":"https:\/\/ponteseditores.com.br\/loja3\/wp-content\/uploads\/2023\/12\/logo-pontes-editores-v2.png","contentUrl":"https:\/\/ponteseditores.com.br\/loja3\/wp-content\/uploads\/2023\/12\/logo-pontes-editores-v2.png","width":258,"height":100,"caption":"Pontes Editores"},"image":{"@id":"https:\/\/ponteseditores.com.br\/loja3\/#\/schema\/logo\/image\/"}}]}},"_links":{"self":[{"href":"https:\/\/ponteseditores.com.br\/loja3\/wp-json\/wp\/v2\/product\/8414","targetHints":{"allow":["GET"]}}],"collection":[{"href":"https:\/\/ponteseditores.com.br\/loja3\/wp-json\/wp\/v2\/product"}],"about":[{"href":"https:\/\/ponteseditores.com.br\/loja3\/wp-json\/wp\/v2\/types\/product"}],"replies":[{"embeddable":true,"href":"https:\/\/ponteseditores.com.br\/loja3\/wp-json\/wp\/v2\/comments?post=8414"}],"version-history":[{"count":0,"href":"https:\/\/ponteseditores.com.br\/loja3\/wp-json\/wp\/v2\/product\/8414\/revisions"}],"wp:featuredmedia":[{"embeddable":true,"href":"https:\/\/ponteseditores.com.br\/loja3\/wp-json\/wp\/v2\/media\/8413"}],"wp:attachment":[{"href":"https:\/\/ponteseditores.com.br\/loja3\/wp-json\/wp\/v2\/media?parent=8414"}],"wp:term":[{"taxonomy":"product_brand","embeddable":true,"href":"https:\/\/ponteseditores.com.br\/loja3\/wp-json\/wp\/v2\/product_brand?post=8414"},{"taxonomy":"product_cat","embeddable":true,"href":"https:\/\/ponteseditores.com.br\/loja3\/wp-json\/wp\/v2\/product_cat?post=8414"},{"taxonomy":"product_tag","embeddable":true,"href":"https:\/\/ponteseditores.com.br\/loja3\/wp-json\/wp\/v2\/product_tag?post=8414"}],"curies":[{"name":"wp","href":"https:\/\/api.w.org\/{rel}","templated":true}]}}