{"id":8410,"date":"2023-12-16T00:30:43","date_gmt":"2023-12-16T03:30:43","guid":{"rendered":"https:\/\/ponteseditores.com.br\/loja3\/pontes-editores-home-2__trashed\/sem categoria\/conversas-com-formadores-de-professores-de-linguas-avancos-e-desafios\/"},"modified":"2025-05-10T23:08:48","modified_gmt":"2025-05-11T02:08:48","slug":"conversas-com-formadores-de-professores-de-linguas-avancos-e-desafios","status":"publish","type":"product","link":"https:\/\/ponteseditores.com.br\/loja3\/pontes-editores-home-2__trashed\/uncategorized\/conversas-com-formadores-de-professores-de-linguas-avancos-e-desafios\/","title":{"rendered":"CONVERSAS COM FORMADORES DE PROFESSORES DE L\u00cdNGUAS: AVAN\u00c7OS E DESAFIOS"},"content":{"rendered":"<p>O livro re\u00fane tr\u00eas dezenas de formadores de professores que discorrem sobre esses temas a partir de perguntas propostas pelos organizadores da obra. Os entrevistados, guiados por suas identidades de pesquisadores filiados a correntes te\u00f3ricas e institui\u00e7\u00f5es diversas, n\u00e3o s\u00f3 respondem \u00e0s quest\u00f5es como tamb\u00e9m trazem para seus textos as v\u00e1rias vozes com as quais dialogam em seus pr\u00f3rpios trabalhos. O formato do livro permite que ele seja lido de v\u00e1rias formas. Pode ser um percurso linear, um entrevistado ap\u00f3s o outro, ou um percurso tem\u00e1tico onde o leitor l\u00ea cada pergunta e as respectivas respostas de cada entrevistado, podendo assim comparar e tirar suas pr\u00f3prias constru\u00e7\u00f5es a partir de uma diversidade de pontos de vista. O leitor pode ainda montar sequ\u00eancias diferentes de autores ou de quest\u00f5es. Conversas com Formadores \u00e9 leitura obrigat\u00f3ria para professores, para formadores de professores e para formadores de formadores de professores. A multiplicidade de vozes dos entrevistados e seus &#8220;convidados te\u00f3ricos&#8221; constituem uma contribui\u00e7\u00e3o inestim\u00e1vel ao ensino de l\u00ednguas. Espero que este livro seduza tamb\u00e9m nossos colegas da \u00e1rea da literatura, pois eles tamb\u00e9m precisam se unir a todos n\u00f3s na tarefa nobre de formar professores de l\u00ednguas.<\/p>\n","protected":false},"excerpt":{"rendered":"<p>O livro re\u00fane tr\u00eas dezenas de formadores de professores que discorrem sobre esses temas a partir de perguntas propostas pelos organizadores da obra. Os entrevistados, guiados por suas identidades de pesquisadores filiados a correntes te\u00f3ricas e institui\u00e7\u00f5es diversas, n\u00e3o s\u00f3 respondem \u00e0s quest\u00f5es como tamb\u00e9m trazem para seus textos as v\u00e1rias vozes com as quais [&hellip;]<\/p>\n","protected":false},"featured_media":8409,"comment_status":"open","ping_status":"closed","template":"","meta":{"_joinchat":[]},"product_brand":[],"product_cat":[15],"product_tag":[],"class_list":{"0":"post-8410","1":"product","2":"type-product","3":"status-publish","4":"has-post-thumbnail","6":"product_cat-uncategorized","8":"first","9":"instock","10":"shipping-taxable","11":"purchasable","12":"product-type-simple"},"yoast_head":"<!-- This site is optimized with the Yoast SEO plugin v27.4 - https:\/\/yoast.com\/product\/yoast-seo-wordpress\/ -->\n<title>CONVERSAS COM FORMADORES DE PROFESSORES DE L\u00cdNGUAS: AVAN\u00c7OS E DESAFIOS - Pontes Editores<\/title>\n<meta name=\"robots\" content=\"index, follow, max-snippet:-1, max-image-preview:large, max-video-preview:-1\" \/>\n<link rel=\"canonical\" href=\"https:\/\/ponteseditores.com.br\/loja3\/pontes-editores-home-2__trashed\/uncategorized\/conversas-com-formadores-de-professores-de-linguas-avancos-e-desafios\/\" \/>\n<meta property=\"og:locale\" content=\"pt_BR\" \/>\n<meta property=\"og:type\" content=\"article\" \/>\n<meta property=\"og:title\" content=\"CONVERSAS COM FORMADORES DE PROFESSORES DE L\u00cdNGUAS: AVAN\u00c7OS E DESAFIOS - Pontes Editores\" \/>\n<meta property=\"og:description\" content=\"O livro re\u00fane tr\u00eas dezenas de formadores de professores que discorrem sobre esses temas a partir de perguntas propostas pelos organizadores da obra. Os entrevistados, guiados por suas identidades de pesquisadores filiados a correntes te\u00f3ricas e institui\u00e7\u00f5es diversas, n\u00e3o s\u00f3 respondem \u00e0s quest\u00f5es como tamb\u00e9m trazem para seus textos as v\u00e1rias vozes com as quais [&hellip;]\" \/>\n<meta property=\"og:url\" content=\"https:\/\/ponteseditores.com.br\/loja3\/pontes-editores-home-2__trashed\/uncategorized\/conversas-com-formadores-de-professores-de-linguas-avancos-e-desafios\/\" \/>\n<meta property=\"og:site_name\" content=\"Pontes Editores\" \/>\n<meta property=\"article:modified_time\" content=\"2025-05-11T02:08:48+00:00\" \/>\n<meta property=\"og:image\" content=\"https:\/\/ponteseditores.com.br\/loja3\/wp-content\/uploads\/2023\/12\/imgG532-1.jpg\" \/>\n\t<meta property=\"og:image:width\" content=\"198\" \/>\n\t<meta property=\"og:image:height\" content=\"300\" \/>\n\t<meta property=\"og:image:type\" content=\"image\/jpeg\" \/>\n<meta name=\"twitter:card\" content=\"summary_large_image\" \/>\n<meta name=\"twitter:label1\" content=\"Est. tempo de leitura\" \/>\n\t<meta name=\"twitter:data1\" content=\"1 minuto\" \/>\n<script type=\"application\/ld+json\" class=\"yoast-schema-graph\">{\"@context\":\"https:\\\/\\\/schema.org\",\"@graph\":[{\"@type\":\"WebPage\",\"@id\":\"https:\\\/\\\/ponteseditores.com.br\\\/loja3\\\/pontes-editores-home-2__trashed\\\/uncategorized\\\/conversas-com-formadores-de-professores-de-linguas-avancos-e-desafios\\\/\",\"url\":\"https:\\\/\\\/ponteseditores.com.br\\\/loja3\\\/pontes-editores-home-2__trashed\\\/uncategorized\\\/conversas-com-formadores-de-professores-de-linguas-avancos-e-desafios\\\/\",\"name\":\"CONVERSAS COM FORMADORES DE PROFESSORES DE L\u00cdNGUAS: AVAN\u00c7OS E DESAFIOS - Pontes Editores\",\"isPartOf\":{\"@id\":\"https:\\\/\\\/ponteseditores.com.br\\\/loja3\\\/#website\"},\"primaryImageOfPage\":{\"@id\":\"https:\\\/\\\/ponteseditores.com.br\\\/loja3\\\/pontes-editores-home-2__trashed\\\/uncategorized\\\/conversas-com-formadores-de-professores-de-linguas-avancos-e-desafios\\\/#primaryimage\"},\"image\":{\"@id\":\"https:\\\/\\\/ponteseditores.com.br\\\/loja3\\\/pontes-editores-home-2__trashed\\\/uncategorized\\\/conversas-com-formadores-de-professores-de-linguas-avancos-e-desafios\\\/#primaryimage\"},\"thumbnailUrl\":\"https:\\\/\\\/ponteseditores.com.br\\\/loja3\\\/wp-content\\\/uploads\\\/2023\\\/12\\\/imgG532-1.jpg\",\"datePublished\":\"2023-12-16T03:30:43+00:00\",\"dateModified\":\"2025-05-11T02:08:48+00:00\",\"breadcrumb\":{\"@id\":\"https:\\\/\\\/ponteseditores.com.br\\\/loja3\\\/pontes-editores-home-2__trashed\\\/uncategorized\\\/conversas-com-formadores-de-professores-de-linguas-avancos-e-desafios\\\/#breadcrumb\"},\"inLanguage\":\"pt-BR\",\"potentialAction\":[{\"@type\":\"ReadAction\",\"target\":[\"https:\\\/\\\/ponteseditores.com.br\\\/loja3\\\/pontes-editores-home-2__trashed\\\/uncategorized\\\/conversas-com-formadores-de-professores-de-linguas-avancos-e-desafios\\\/\"]}]},{\"@type\":\"ImageObject\",\"inLanguage\":\"pt-BR\",\"@id\":\"https:\\\/\\\/ponteseditores.com.br\\\/loja3\\\/pontes-editores-home-2__trashed\\\/uncategorized\\\/conversas-com-formadores-de-professores-de-linguas-avancos-e-desafios\\\/#primaryimage\",\"url\":\"https:\\\/\\\/ponteseditores.com.br\\\/loja3\\\/wp-content\\\/uploads\\\/2023\\\/12\\\/imgG532-1.jpg\",\"contentUrl\":\"https:\\\/\\\/ponteseditores.com.br\\\/loja3\\\/wp-content\\\/uploads\\\/2023\\\/12\\\/imgG532-1.jpg\",\"width\":198,\"height\":300},{\"@type\":\"BreadcrumbList\",\"@id\":\"https:\\\/\\\/ponteseditores.com.br\\\/loja3\\\/pontes-editores-home-2__trashed\\\/uncategorized\\\/conversas-com-formadores-de-professores-de-linguas-avancos-e-desafios\\\/#breadcrumb\",\"itemListElement\":[{\"@type\":\"ListItem\",\"position\":1,\"name\":\"Home\",\"item\":\"https:\\\/\\\/ponteseditores.com.br\\\/loja3\\\/\"},{\"@type\":\"ListItem\",\"position\":2,\"name\":\"loja\",\"item\":\"https:\\\/\\\/ponteseditores.com.br\\\/loja3\\\/loja\\\/\"},{\"@type\":\"ListItem\",\"position\":3,\"name\":\"CONVERSAS COM FORMADORES DE PROFESSORES DE L\u00cdNGUAS: AVAN\u00c7OS E DESAFIOS\"}]},{\"@type\":\"WebSite\",\"@id\":\"https:\\\/\\\/ponteseditores.com.br\\\/loja3\\\/#website\",\"url\":\"https:\\\/\\\/ponteseditores.com.br\\\/loja3\\\/\",\"name\":\"Pontes Editores\",\"description\":\"Pontes Editores\",\"publisher\":{\"@id\":\"https:\\\/\\\/ponteseditores.com.br\\\/loja3\\\/#organization\"},\"potentialAction\":[{\"@type\":\"SearchAction\",\"target\":{\"@type\":\"EntryPoint\",\"urlTemplate\":\"https:\\\/\\\/ponteseditores.com.br\\\/loja3\\\/?s={search_term_string}\"},\"query-input\":{\"@type\":\"PropertyValueSpecification\",\"valueRequired\":true,\"valueName\":\"search_term_string\"}}],\"inLanguage\":\"pt-BR\"},{\"@type\":\"Organization\",\"@id\":\"https:\\\/\\\/ponteseditores.com.br\\\/loja3\\\/#organization\",\"name\":\"Pontes Editores\",\"url\":\"https:\\\/\\\/ponteseditores.com.br\\\/loja3\\\/\",\"logo\":{\"@type\":\"ImageObject\",\"inLanguage\":\"pt-BR\",\"@id\":\"https:\\\/\\\/ponteseditores.com.br\\\/loja3\\\/#\\\/schema\\\/logo\\\/image\\\/\",\"url\":\"https:\\\/\\\/ponteseditores.com.br\\\/loja3\\\/wp-content\\\/uploads\\\/2023\\\/12\\\/logo-pontes-editores-v2.png\",\"contentUrl\":\"https:\\\/\\\/ponteseditores.com.br\\\/loja3\\\/wp-content\\\/uploads\\\/2023\\\/12\\\/logo-pontes-editores-v2.png\",\"width\":258,\"height\":100,\"caption\":\"Pontes Editores\"},\"image\":{\"@id\":\"https:\\\/\\\/ponteseditores.com.br\\\/loja3\\\/#\\\/schema\\\/logo\\\/image\\\/\"}}]}<\/script>\n<!-- \/ Yoast SEO plugin. -->","yoast_head_json":{"title":"CONVERSAS COM FORMADORES DE PROFESSORES DE L\u00cdNGUAS: AVAN\u00c7OS E DESAFIOS - Pontes Editores","robots":{"index":"index","follow":"follow","max-snippet":"max-snippet:-1","max-image-preview":"max-image-preview:large","max-video-preview":"max-video-preview:-1"},"canonical":"https:\/\/ponteseditores.com.br\/loja3\/pontes-editores-home-2__trashed\/uncategorized\/conversas-com-formadores-de-professores-de-linguas-avancos-e-desafios\/","og_locale":"pt_BR","og_type":"article","og_title":"CONVERSAS COM FORMADORES DE PROFESSORES DE L\u00cdNGUAS: AVAN\u00c7OS E DESAFIOS - Pontes Editores","og_description":"O livro re\u00fane tr\u00eas dezenas de formadores de professores que discorrem sobre esses temas a partir de perguntas propostas pelos organizadores da obra. Os entrevistados, guiados por suas identidades de pesquisadores filiados a correntes te\u00f3ricas e institui\u00e7\u00f5es diversas, n\u00e3o s\u00f3 respondem \u00e0s quest\u00f5es como tamb\u00e9m trazem para seus textos as v\u00e1rias vozes com as quais [&hellip;]","og_url":"https:\/\/ponteseditores.com.br\/loja3\/pontes-editores-home-2__trashed\/uncategorized\/conversas-com-formadores-de-professores-de-linguas-avancos-e-desafios\/","og_site_name":"Pontes Editores","article_modified_time":"2025-05-11T02:08:48+00:00","og_image":[{"width":198,"height":300,"url":"https:\/\/ponteseditores.com.br\/loja3\/wp-content\/uploads\/2023\/12\/imgG532-1.jpg","type":"image\/jpeg"}],"twitter_card":"summary_large_image","twitter_misc":{"Est. tempo de leitura":"1 minuto"},"schema":{"@context":"https:\/\/schema.org","@graph":[{"@type":"WebPage","@id":"https:\/\/ponteseditores.com.br\/loja3\/pontes-editores-home-2__trashed\/uncategorized\/conversas-com-formadores-de-professores-de-linguas-avancos-e-desafios\/","url":"https:\/\/ponteseditores.com.br\/loja3\/pontes-editores-home-2__trashed\/uncategorized\/conversas-com-formadores-de-professores-de-linguas-avancos-e-desafios\/","name":"CONVERSAS COM FORMADORES DE PROFESSORES DE L\u00cdNGUAS: AVAN\u00c7OS E DESAFIOS - Pontes Editores","isPartOf":{"@id":"https:\/\/ponteseditores.com.br\/loja3\/#website"},"primaryImageOfPage":{"@id":"https:\/\/ponteseditores.com.br\/loja3\/pontes-editores-home-2__trashed\/uncategorized\/conversas-com-formadores-de-professores-de-linguas-avancos-e-desafios\/#primaryimage"},"image":{"@id":"https:\/\/ponteseditores.com.br\/loja3\/pontes-editores-home-2__trashed\/uncategorized\/conversas-com-formadores-de-professores-de-linguas-avancos-e-desafios\/#primaryimage"},"thumbnailUrl":"https:\/\/ponteseditores.com.br\/loja3\/wp-content\/uploads\/2023\/12\/imgG532-1.jpg","datePublished":"2023-12-16T03:30:43+00:00","dateModified":"2025-05-11T02:08:48+00:00","breadcrumb":{"@id":"https:\/\/ponteseditores.com.br\/loja3\/pontes-editores-home-2__trashed\/uncategorized\/conversas-com-formadores-de-professores-de-linguas-avancos-e-desafios\/#breadcrumb"},"inLanguage":"pt-BR","potentialAction":[{"@type":"ReadAction","target":["https:\/\/ponteseditores.com.br\/loja3\/pontes-editores-home-2__trashed\/uncategorized\/conversas-com-formadores-de-professores-de-linguas-avancos-e-desafios\/"]}]},{"@type":"ImageObject","inLanguage":"pt-BR","@id":"https:\/\/ponteseditores.com.br\/loja3\/pontes-editores-home-2__trashed\/uncategorized\/conversas-com-formadores-de-professores-de-linguas-avancos-e-desafios\/#primaryimage","url":"https:\/\/ponteseditores.com.br\/loja3\/wp-content\/uploads\/2023\/12\/imgG532-1.jpg","contentUrl":"https:\/\/ponteseditores.com.br\/loja3\/wp-content\/uploads\/2023\/12\/imgG532-1.jpg","width":198,"height":300},{"@type":"BreadcrumbList","@id":"https:\/\/ponteseditores.com.br\/loja3\/pontes-editores-home-2__trashed\/uncategorized\/conversas-com-formadores-de-professores-de-linguas-avancos-e-desafios\/#breadcrumb","itemListElement":[{"@type":"ListItem","position":1,"name":"Home","item":"https:\/\/ponteseditores.com.br\/loja3\/"},{"@type":"ListItem","position":2,"name":"loja","item":"https:\/\/ponteseditores.com.br\/loja3\/loja\/"},{"@type":"ListItem","position":3,"name":"CONVERSAS COM FORMADORES DE PROFESSORES DE L\u00cdNGUAS: AVAN\u00c7OS E DESAFIOS"}]},{"@type":"WebSite","@id":"https:\/\/ponteseditores.com.br\/loja3\/#website","url":"https:\/\/ponteseditores.com.br\/loja3\/","name":"Pontes Editores","description":"Pontes Editores","publisher":{"@id":"https:\/\/ponteseditores.com.br\/loja3\/#organization"},"potentialAction":[{"@type":"SearchAction","target":{"@type":"EntryPoint","urlTemplate":"https:\/\/ponteseditores.com.br\/loja3\/?s={search_term_string}"},"query-input":{"@type":"PropertyValueSpecification","valueRequired":true,"valueName":"search_term_string"}}],"inLanguage":"pt-BR"},{"@type":"Organization","@id":"https:\/\/ponteseditores.com.br\/loja3\/#organization","name":"Pontes Editores","url":"https:\/\/ponteseditores.com.br\/loja3\/","logo":{"@type":"ImageObject","inLanguage":"pt-BR","@id":"https:\/\/ponteseditores.com.br\/loja3\/#\/schema\/logo\/image\/","url":"https:\/\/ponteseditores.com.br\/loja3\/wp-content\/uploads\/2023\/12\/logo-pontes-editores-v2.png","contentUrl":"https:\/\/ponteseditores.com.br\/loja3\/wp-content\/uploads\/2023\/12\/logo-pontes-editores-v2.png","width":258,"height":100,"caption":"Pontes Editores"},"image":{"@id":"https:\/\/ponteseditores.com.br\/loja3\/#\/schema\/logo\/image\/"}}]}},"_links":{"self":[{"href":"https:\/\/ponteseditores.com.br\/loja3\/wp-json\/wp\/v2\/product\/8410","targetHints":{"allow":["GET"]}}],"collection":[{"href":"https:\/\/ponteseditores.com.br\/loja3\/wp-json\/wp\/v2\/product"}],"about":[{"href":"https:\/\/ponteseditores.com.br\/loja3\/wp-json\/wp\/v2\/types\/product"}],"replies":[{"embeddable":true,"href":"https:\/\/ponteseditores.com.br\/loja3\/wp-json\/wp\/v2\/comments?post=8410"}],"version-history":[{"count":0,"href":"https:\/\/ponteseditores.com.br\/loja3\/wp-json\/wp\/v2\/product\/8410\/revisions"}],"wp:featuredmedia":[{"embeddable":true,"href":"https:\/\/ponteseditores.com.br\/loja3\/wp-json\/wp\/v2\/media\/8409"}],"wp:attachment":[{"href":"https:\/\/ponteseditores.com.br\/loja3\/wp-json\/wp\/v2\/media?parent=8410"}],"wp:term":[{"taxonomy":"product_brand","embeddable":true,"href":"https:\/\/ponteseditores.com.br\/loja3\/wp-json\/wp\/v2\/product_brand?post=8410"},{"taxonomy":"product_cat","embeddable":true,"href":"https:\/\/ponteseditores.com.br\/loja3\/wp-json\/wp\/v2\/product_cat?post=8410"},{"taxonomy":"product_tag","embeddable":true,"href":"https:\/\/ponteseditores.com.br\/loja3\/wp-json\/wp\/v2\/product_tag?post=8410"}],"curies":[{"name":"wp","href":"https:\/\/api.w.org\/{rel}","templated":true}]}}